{"id":2329,"date":"2020-11-06T03:20:56","date_gmt":"2020-11-06T03:20:56","guid":{"rendered":"https:\/\/glassbottlewholesale.com\/?post_type=product&#038;p=2329"},"modified":"2024-11-02T06:32:04","modified_gmt":"2024-11-02T06:32:04","slug":"personalized-tequila-bottle","status":"publish","type":"product","link":"https:\/\/glassbottlewholesale.com\/tr\/personalized-tequila-bottle\/","title":{"rendered":"RS035: Ki\u015fiselle\u015ftirilmi\u015f Tekila \u015ei\u015fesi"},"content":{"rendered":"","protected":false},"excerpt":{"rendered":"<ul>\n<li>Item: Personalized Tequila BOTTLE<\/li>\n<li>Marka RUISHENG<\/li>\n<li>Malzeme Kristal beyaz malzeme, son derece beyaz malzeme<\/li>\n<li>S\u0131zd\u0131rmazl\u0131k tipi: Mantar: Sentetik mantar, Polimer mantar, Ah\u015fap mantar, Do\u011fal mantar<\/li>\n<li>Metal Kapak: Al\u00fcminyum Vidal\u0131 kapak, Al\u00fcminyum Oksit kapak<\/li>\n<li>Plastik Kapak: Kurcalamaya dayan\u0131kl\u0131 kapaklar<\/li>\n<li>\u00d6zellik: Y\u00fcksek kaliteli, daha \u015feffaf, k\u0131r\u0131lmaz, geri d\u00f6n\u00fc\u015ft\u00fcr\u00fclebilir<\/li>\n<li>Numune: Mevcut kal\u0131b\u0131m\u0131z\u0131 kullan\u0131rsan\u0131z \u00fccretsiz.<\/li>\n<li><span style=\"color: #ff0000;\"><strong><span class=\"mceItemHidden\"><span class=\"hiddenSpellError\">ADEDI<\/span>: 10000 ADET<\/span><\/strong><\/span><\/li>\n<li>K\u00f6ken: \u00c7in<\/li>\n<li>Standart ISO9001: 2008, ISO14001: 2004, SGS, TUV ve istedi\u011finiz di\u011fer<\/li>\n<li>Paketleme Y\u00f6ntemi: Standart \u0130hracat Ambalaj\u0131 veya \u00d6zel Ambalaj<\/li>\n<li>\u00d6deme S\u00fcresi: T \/ T, L \/ C, Western Union, Paypal.<\/li>\n<li>Teslim S\u00fcresi: \u0130stedi\u011finiz boyut ve miktara g\u00f6re 20-30 g\u00fcn i\u00e7inde.<\/li>\n<\/ul>","protected":false},"featured_media":2330,"comment_status":"open","ping_status":"closed","template":"","meta":[],"product_brand":[],"product_cat":[55,66],"product_tag":[],"class_list":{"0":"post-2329","1":"product","2":"type-product","3":"status-publish","4":"has-post-thumbnail","6":"product_cat-custom-glass-bottle","7":"product_cat-tequila-bottle","8":"entry","9":"has-media","11":"first","12":"instock","13":"shipping-taxable","14":"product-type-simple"},"yoast_head":"<!-- This site is optimized with the Yoast SEO plugin v27.3 - https:\/\/yoast.com\/product\/yoast-seo-wordpress\/ -->\n<title>RS035: Personalized Tequila Bottle - Glass Bottle Wholesale<\/title>\n<meta name=\"robots\" content=\"index, follow, max-snippet:-1, max-image-preview:large, max-video-preview:-1\" \/>\n<link rel=\"canonical\" href=\"https:\/\/ruishengglassco.com\/product\/rs035-personalized-tequila-bottle\" \/>\n<meta property=\"og:locale\" content=\"tr_TR\" \/>\n<meta property=\"og:type\" content=\"article\" \/>\n<meta property=\"og:title\" content=\"RS035: Personalized Tequila Bottle - Glass Bottle Wholesale\" \/>\n<meta property=\"og:description\" content=\"Item: Personalized Tequila BOTTLE  Brand: RUISHENG  Material: Crystal white material, extremely white material  Sealing type: Cork: Synthetic cork, Polymer cork, Wooden cork, Natural cork  Metal Cap: Aluminum Screw cap, Aluminum Oxide cap  Plastic Cap: Tamper proof caps  Feature: High quality, more transparent, unbreakable, recyclable  Sample: Free if use our existing mold.  MOQ: 10000 PCS  Origin: China  Standard: ISO9001:2008, ISO14001:2004, SGS, TUV and other you want  Packing Method: Standard Export Packing or Customized Packing  Payment Term: T\/T, L\/C, Western Union, Paypal.  Delivery Time: Within 20-30 days according to your required size &amp; quantity.\" \/>\n<meta property=\"og:url\" content=\"https:\/\/ruishengglassco.com\/product\/rs035-personalized-tequila-bottle\" \/>\n<meta property=\"og:site_name\" content=\"Glass Bottle Wholesale\" \/>\n<meta property=\"article:modified_time\" content=\"2024-11-02T06:32:04+00:00\" \/>\n<meta property=\"og:image\" content=\"https:\/\/glassbottlewholesale.com\/wp-content\/uploads\/2020\/11\/custom-glass-bottle-1.jpg\" \/>\n\t<meta property=\"og:image:width\" content=\"1000\" \/>\n\t<meta property=\"og:image:height\" content=\"1000\" \/>\n\t<meta property=\"og:image:type\" content=\"image\/jpeg\" \/>\n<meta name=\"twitter:card\" content=\"summary_large_image\" \/>\n<script type=\"application\/ld+json\" class=\"yoast-schema-graph\">{\"@context\":\"https:\\\/\\\/schema.org\",\"@graph\":[{\"@type\":\"WebPage\",\"@id\":\"https:\\\/\\\/glassbottlewholesale.com\\\/personalized-tequila-bottle\\\/\",\"url\":\"https:\\\/\\\/ruishengglassco.com\\\/product\\\/rs035-personalized-tequila-bottle\",\"name\":\"RS035: Personalized Tequila Bottle - Glass Bottle Wholesale\",\"isPartOf\":{\"@id\":\"https:\\\/\\\/glassbottlewholesale.com\\\/#website\"},\"primaryImageOfPage\":{\"@id\":\"https:\\\/\\\/ruishengglassco.com\\\/product\\\/rs035-personalized-tequila-bottle#primaryimage\"},\"image\":{\"@id\":\"https:\\\/\\\/ruishengglassco.com\\\/product\\\/rs035-personalized-tequila-bottle#primaryimage\"},\"thumbnailUrl\":\"https:\\\/\\\/glassbottlewholesale.com\\\/wp-content\\\/uploads\\\/2020\\\/11\\\/custom-glass-bottle-1.jpg\",\"datePublished\":\"2020-11-06T03:20:56+00:00\",\"dateModified\":\"2024-11-02T06:32:04+00:00\",\"breadcrumb\":{\"@id\":\"https:\\\/\\\/ruishengglassco.com\\\/product\\\/rs035-personalized-tequila-bottle#breadcrumb\"},\"inLanguage\":\"tr\",\"potentialAction\":[{\"@type\":\"ReadAction\",\"target\":[\"https:\\\/\\\/ruishengglassco.com\\\/product\\\/rs035-personalized-tequila-bottle\"]}]},{\"@type\":\"ImageObject\",\"inLanguage\":\"tr\",\"@id\":\"https:\\\/\\\/ruishengglassco.com\\\/product\\\/rs035-personalized-tequila-bottle#primaryimage\",\"url\":\"https:\\\/\\\/glassbottlewholesale.com\\\/wp-content\\\/uploads\\\/2020\\\/11\\\/custom-glass-bottle-1.jpg\",\"contentUrl\":\"https:\\\/\\\/glassbottlewholesale.com\\\/wp-content\\\/uploads\\\/2020\\\/11\\\/custom-glass-bottle-1.jpg\",\"width\":1000,\"height\":1000,\"caption\":\"Personalized Tequila Bottle\"},{\"@type\":\"BreadcrumbList\",\"@id\":\"https:\\\/\\\/ruishengglassco.com\\\/product\\\/rs035-personalized-tequila-bottle#breadcrumb\",\"itemListElement\":[{\"@type\":\"ListItem\",\"position\":1,\"name\":\"Home\",\"item\":\"https:\\\/\\\/glassbottlewholesale.com\\\/\"},{\"@type\":\"ListItem\",\"position\":2,\"name\":\"Products\",\"item\":\"https:\\\/\\\/glassbottlewholesale.com\\\/shop\\\/\"},{\"@type\":\"ListItem\",\"position\":3,\"name\":\"RS035: Personalized Tequila Bottle\"}]},{\"@type\":\"WebSite\",\"@id\":\"https:\\\/\\\/glassbottlewholesale.com\\\/#website\",\"url\":\"https:\\\/\\\/glassbottlewholesale.com\\\/\",\"name\":\"Glass Bottle Wholesale\",\"description\":\"\",\"publisher\":{\"@id\":\"https:\\\/\\\/glassbottlewholesale.com\\\/#organization\"},\"potentialAction\":[{\"@type\":\"SearchAction\",\"target\":{\"@type\":\"EntryPoint\",\"urlTemplate\":\"https:\\\/\\\/glassbottlewholesale.com\\\/?s={search_term_string}\"},\"query-input\":{\"@type\":\"PropertyValueSpecification\",\"valueRequired\":true,\"valueName\":\"search_term_string\"}}],\"inLanguage\":\"tr\"},{\"@type\":\"Organization\",\"@id\":\"https:\\\/\\\/glassbottlewholesale.com\\\/#organization\",\"name\":\"Glass Bottle Wholesale\",\"url\":\"https:\\\/\\\/glassbottlewholesale.com\\\/\",\"logo\":{\"@type\":\"ImageObject\",\"inLanguage\":\"tr\",\"@id\":\"https:\\\/\\\/glassbottlewholesale.com\\\/#\\\/schema\\\/logo\\\/image\\\/\",\"url\":\"https:\\\/\\\/glassbottlewholesale.com\\\/wp-content\\\/uploads\\\/2023\\\/12\\\/ruisheng-logo.webp\",\"contentUrl\":\"https:\\\/\\\/glassbottlewholesale.com\\\/wp-content\\\/uploads\\\/2023\\\/12\\\/ruisheng-logo.webp\",\"width\":400,\"height\":233,\"caption\":\"Glass Bottle Wholesale\"},\"image\":{\"@id\":\"https:\\\/\\\/glassbottlewholesale.com\\\/#\\\/schema\\\/logo\\\/image\\\/\"}}]}<\/script>\n<!-- \/ Yoast SEO plugin. -->","yoast_head_json":{"title":"RS035: Personalized Tequila Bottle - Glass Bottle Wholesale","robots":{"index":"index","follow":"follow","max-snippet":"max-snippet:-1","max-image-preview":"max-image-preview:large","max-video-preview":"max-video-preview:-1"},"canonical":"https:\/\/ruishengglassco.com\/product\/rs035-personalized-tequila-bottle","og_locale":"tr_TR","og_type":"article","og_title":"RS035: Personalized Tequila Bottle - Glass Bottle Wholesale","og_description":"Item: Personalized Tequila BOTTLE  Brand: RUISHENG  Material: Crystal white material, extremely white material  Sealing type: Cork: Synthetic cork, Polymer cork, Wooden cork, Natural cork  Metal Cap: Aluminum Screw cap, Aluminum Oxide cap  Plastic Cap: Tamper proof caps  Feature: High quality, more transparent, unbreakable, recyclable  Sample: Free if use our existing mold.  MOQ: 10000 PCS  Origin: China  Standard: ISO9001:2008, ISO14001:2004, SGS, TUV and other you want  Packing Method: Standard Export Packing or Customized Packing  Payment Term: T\/T, L\/C, Western Union, Paypal.  Delivery Time: Within 20-30 days according to your required size &amp; quantity.","og_url":"https:\/\/ruishengglassco.com\/product\/rs035-personalized-tequila-bottle","og_site_name":"Glass Bottle Wholesale","article_modified_time":"2024-11-02T06:32:04+00:00","og_image":[{"width":1000,"height":1000,"url":"https:\/\/glassbottlewholesale.com\/wp-content\/uploads\/2020\/11\/custom-glass-bottle-1.jpg","type":"image\/jpeg"}],"twitter_card":"summary_large_image","schema":{"@context":"https:\/\/schema.org","@graph":[{"@type":"WebPage","@id":"https:\/\/glassbottlewholesale.com\/personalized-tequila-bottle\/","url":"https:\/\/ruishengglassco.com\/product\/rs035-personalized-tequila-bottle","name":"RS035: Personalized Tequila Bottle - Glass Bottle Wholesale","isPartOf":{"@id":"https:\/\/glassbottlewholesale.com\/#website"},"primaryImageOfPage":{"@id":"https:\/\/ruishengglassco.com\/product\/rs035-personalized-tequila-bottle#primaryimage"},"image":{"@id":"https:\/\/ruishengglassco.com\/product\/rs035-personalized-tequila-bottle#primaryimage"},"thumbnailUrl":"https:\/\/glassbottlewholesale.com\/wp-content\/uploads\/2020\/11\/custom-glass-bottle-1.jpg","datePublished":"2020-11-06T03:20:56+00:00","dateModified":"2024-11-02T06:32:04+00:00","breadcrumb":{"@id":"https:\/\/ruishengglassco.com\/product\/rs035-personalized-tequila-bottle#breadcrumb"},"inLanguage":"tr","potentialAction":[{"@type":"ReadAction","target":["https:\/\/ruishengglassco.com\/product\/rs035-personalized-tequila-bottle"]}]},{"@type":"ImageObject","inLanguage":"tr","@id":"https:\/\/ruishengglassco.com\/product\/rs035-personalized-tequila-bottle#primaryimage","url":"https:\/\/glassbottlewholesale.com\/wp-content\/uploads\/2020\/11\/custom-glass-bottle-1.jpg","contentUrl":"https:\/\/glassbottlewholesale.com\/wp-content\/uploads\/2020\/11\/custom-glass-bottle-1.jpg","width":1000,"height":1000,"caption":"Personalized Tequila Bottle"},{"@type":"BreadcrumbList","@id":"https:\/\/ruishengglassco.com\/product\/rs035-personalized-tequila-bottle#breadcrumb","itemListElement":[{"@type":"ListItem","position":1,"name":"Home","item":"https:\/\/glassbottlewholesale.com\/"},{"@type":"ListItem","position":2,"name":"Products","item":"https:\/\/glassbottlewholesale.com\/shop\/"},{"@type":"ListItem","position":3,"name":"RS035: Personalized Tequila Bottle"}]},{"@type":"WebSite","@id":"https:\/\/glassbottlewholesale.com\/#website","url":"https:\/\/glassbottlewholesale.com\/","name":"Glass Bottle Wholesale","description":"","publisher":{"@id":"https:\/\/glassbottlewholesale.com\/#organization"},"potentialAction":[{"@type":"SearchAction","target":{"@type":"EntryPoint","urlTemplate":"https:\/\/glassbottlewholesale.com\/?s={search_term_string}"},"query-input":{"@type":"PropertyValueSpecification","valueRequired":true,"valueName":"search_term_string"}}],"inLanguage":"tr"},{"@type":"Organization","@id":"https:\/\/glassbottlewholesale.com\/#organization","name":"Glass Bottle Wholesale","url":"https:\/\/glassbottlewholesale.com\/","logo":{"@type":"ImageObject","inLanguage":"tr","@id":"https:\/\/glassbottlewholesale.com\/#\/schema\/logo\/image\/","url":"https:\/\/glassbottlewholesale.com\/wp-content\/uploads\/2023\/12\/ruisheng-logo.webp","contentUrl":"https:\/\/glassbottlewholesale.com\/wp-content\/uploads\/2023\/12\/ruisheng-logo.webp","width":400,"height":233,"caption":"Glass Bottle Wholesale"},"image":{"@id":"https:\/\/glassbottlewholesale.com\/#\/schema\/logo\/image\/"}}]}},"_links":{"self":[{"href":"https:\/\/glassbottlewholesale.com\/tr\/wp-json\/wp\/v2\/product\/2329","targetHints":{"allow":["GET"]}}],"collection":[{"href":"https:\/\/glassbottlewholesale.com\/tr\/wp-json\/wp\/v2\/product"}],"about":[{"href":"https:\/\/glassbottlewholesale.com\/tr\/wp-json\/wp\/v2\/types\/product"}],"replies":[{"embeddable":true,"href":"https:\/\/glassbottlewholesale.com\/tr\/wp-json\/wp\/v2\/comments?post=2329"}],"wp:featuredmedia":[{"embeddable":true,"href":"https:\/\/glassbottlewholesale.com\/tr\/wp-json\/wp\/v2\/media\/2330"}],"wp:attachment":[{"href":"https:\/\/glassbottlewholesale.com\/tr\/wp-json\/wp\/v2\/media?parent=2329"}],"wp:term":[{"taxonomy":"product_brand","embeddable":true,"href":"https:\/\/glassbottlewholesale.com\/tr\/wp-json\/wp\/v2\/product_brand?post=2329"},{"taxonomy":"product_cat","embeddable":true,"href":"https:\/\/glassbottlewholesale.com\/tr\/wp-json\/wp\/v2\/product_cat?post=2329"},{"taxonomy":"product_tag","embeddable":true,"href":"https:\/\/glassbottlewholesale.com\/tr\/wp-json\/wp\/v2\/product_tag?post=2329"}],"curies":[{"name":"wp","href":"https:\/\/api.w.org\/{rel}","templated":true}]}}