{"id":2386,"date":"2020-12-04T01:35:01","date_gmt":"2020-12-04T01:35:01","guid":{"rendered":"https:\/\/glassbottlewholesale.com\/?post_type=product&#038;p=2386"},"modified":"2023-12-19T03:43:08","modified_gmt":"2023-12-19T03:43:08","slug":"skirt-shape-fancy-vodka-bottle-wholesale-price","status":"publish","type":"product","link":"https:\/\/glassbottlewholesale.com\/tr\/skirt-shape-fancy-vodka-bottle-wholesale-price\/","title":{"rendered":"RS030: Etek \u015eekli Fantezi Votka \u015ei\u015fesi Toptan Sat\u0131\u015f Fiyat\u0131"},"content":{"rendered":"","protected":false},"excerpt":{"rendered":"<h4>Etek \u015eekli Fantezi Votka \u015ei\u015fesi Toptan Sat\u0131\u015f Fiyat\u0131 Hakk\u0131nda Sipari\u015f Bilgileri<\/h4>\n<ul>\n<li>Model Numaras\u0131: RS030<\/li>\n<li>Marka ad\u0131: RUISHENG<\/li>\n<li><strong>Adedi: 6000 adet<\/strong><\/li>\n<li>Capacity: 500ml\/700ml\/750ml\/1000ml\/customized<\/li>\n<li>Y\u00fczey \u0130\u015fleme: Serigrafi Bask\u0131<\/li>\n<li>Malzeme S\u00fcper Flint Cam<\/li>\n<li>Yaka Malzemesi: \u015eeffaf Cam \u015ei\u015fe<\/li>\n<li>S\u0131zd\u0131rmazl\u0131k Tipi: Vidal\u0131 Kapak<\/li>\n<li>Kullan\u0131n: VODKA<\/li>\n<li>Men\u015fe Yeri: Shandong, \u00c7in<\/li>\n<li>paket: Standart ihracat kartonlar\u0131 ve paletleri<\/li>\n<li>Hizmet OEM\/ODM Hizmeti<\/li>\n<\/ul>","protected":false},"featured_media":4359,"comment_status":"open","ping_status":"closed","template":"","meta":[],"product_brand":[],"product_cat":[50,51,52,67],"product_tag":[],"class_list":{"0":"post-2386","1":"product","2":"type-product","3":"status-publish","4":"has-post-thumbnail","6":"product_cat-500ml-glass-bottle","7":"product_cat-700ml-glass-bottle","8":"product_cat-750ml-glass-bottle","9":"product_cat-vodka-bottle","10":"entry","11":"has-media","13":"first","14":"instock","15":"shipping-taxable","16":"product-type-simple"},"yoast_head":"<!-- This site is optimized with the Yoast SEO plugin v27.3 - https:\/\/yoast.com\/product\/yoast-seo-wordpress\/ -->\n<title>RS030: Skirt Shape Fancy Vodka Bottle Wholesale Price - Glass Bottle Wholesale<\/title>\n<meta name=\"robots\" content=\"index, follow, max-snippet:-1, max-image-preview:large, max-video-preview:-1\" \/>\n<link rel=\"canonical\" href=\"https:\/\/ruishengglassco.com\/product\/rs030-skirt-shape-fancy-vodka-bottle-supplier-price\" \/>\n<meta property=\"og:locale\" content=\"tr_TR\" \/>\n<meta property=\"og:type\" content=\"article\" \/>\n<meta property=\"og:title\" content=\"RS030: Skirt Shape Fancy Vodka Bottle Wholesale Price - Glass Bottle Wholesale\" \/>\n<meta property=\"og:description\" content=\"Order Information About Skirt Shape Fancy Vodka Bottle Wholesale Price   Model Number: RS030  Brand Name: RUISHENG  MOQ: 6000pcs  Capacity: 500ml\/700ml\/750ml\/1000ml\/customized  Surface Handling: Screen Printing  Material: Super Flint Glass  Collar Material: Clear Glass Bottle  Sealing Type: Screw Cap  Use: VODKA  Place of Origin: Shandong, China  package: Standard export cartons and pallets  Service: OEM\/ODM Service\" \/>\n<meta property=\"og:url\" content=\"https:\/\/ruishengglassco.com\/product\/rs030-skirt-shape-fancy-vodka-bottle-supplier-price\" \/>\n<meta property=\"og:site_name\" content=\"Glass Bottle Wholesale\" \/>\n<meta property=\"article:modified_time\" content=\"2023-12-19T03:43:08+00:00\" \/>\n<meta property=\"og:image\" content=\"https:\/\/glassbottlewholesale.com\/wp-content\/uploads\/2020\/12\/Skirt-Shape-Fancy-Vodka-Bottle.png\" \/>\n\t<meta property=\"og:image:width\" content=\"500\" \/>\n\t<meta property=\"og:image:height\" content=\"500\" \/>\n\t<meta property=\"og:image:type\" content=\"image\/png\" \/>\n<meta name=\"twitter:card\" content=\"summary_large_image\" \/>\n<script type=\"application\/ld+json\" class=\"yoast-schema-graph\">{\"@context\":\"https:\\\/\\\/schema.org\",\"@graph\":[{\"@type\":\"WebPage\",\"@id\":\"https:\\\/\\\/glassbottlewholesale.com\\\/skirt-shape-fancy-vodka-bottle-wholesale-price\\\/\",\"url\":\"https:\\\/\\\/ruishengglassco.com\\\/product\\\/rs030-skirt-shape-fancy-vodka-bottle-supplier-price\",\"name\":\"RS030: Skirt Shape Fancy Vodka Bottle Wholesale Price - Glass Bottle Wholesale\",\"isPartOf\":{\"@id\":\"https:\\\/\\\/glassbottlewholesale.com\\\/#website\"},\"primaryImageOfPage\":{\"@id\":\"https:\\\/\\\/ruishengglassco.com\\\/product\\\/rs030-skirt-shape-fancy-vodka-bottle-supplier-price#primaryimage\"},\"image\":{\"@id\":\"https:\\\/\\\/ruishengglassco.com\\\/product\\\/rs030-skirt-shape-fancy-vodka-bottle-supplier-price#primaryimage\"},\"thumbnailUrl\":\"https:\\\/\\\/glassbottlewholesale.com\\\/wp-content\\\/uploads\\\/2020\\\/12\\\/Skirt-Shape-Fancy-Vodka-Bottle.png\",\"datePublished\":\"2020-12-04T01:35:01+00:00\",\"dateModified\":\"2023-12-19T03:43:08+00:00\",\"breadcrumb\":{\"@id\":\"https:\\\/\\\/ruishengglassco.com\\\/product\\\/rs030-skirt-shape-fancy-vodka-bottle-supplier-price#breadcrumb\"},\"inLanguage\":\"tr\",\"potentialAction\":[{\"@type\":\"ReadAction\",\"target\":[\"https:\\\/\\\/ruishengglassco.com\\\/product\\\/rs030-skirt-shape-fancy-vodka-bottle-supplier-price\"]}]},{\"@type\":\"ImageObject\",\"inLanguage\":\"tr\",\"@id\":\"https:\\\/\\\/ruishengglassco.com\\\/product\\\/rs030-skirt-shape-fancy-vodka-bottle-supplier-price#primaryimage\",\"url\":\"https:\\\/\\\/glassbottlewholesale.com\\\/wp-content\\\/uploads\\\/2020\\\/12\\\/Skirt-Shape-Fancy-Vodka-Bottle.png\",\"contentUrl\":\"https:\\\/\\\/glassbottlewholesale.com\\\/wp-content\\\/uploads\\\/2020\\\/12\\\/Skirt-Shape-Fancy-Vodka-Bottle.png\",\"width\":500,\"height\":500,\"caption\":\"Skirt Shape Fancy Vodka Bottle\"},{\"@type\":\"BreadcrumbList\",\"@id\":\"https:\\\/\\\/ruishengglassco.com\\\/product\\\/rs030-skirt-shape-fancy-vodka-bottle-supplier-price#breadcrumb\",\"itemListElement\":[{\"@type\":\"ListItem\",\"position\":1,\"name\":\"Home\",\"item\":\"https:\\\/\\\/glassbottlewholesale.com\\\/\"},{\"@type\":\"ListItem\",\"position\":2,\"name\":\"Products\",\"item\":\"https:\\\/\\\/glassbottlewholesale.com\\\/shop\\\/\"},{\"@type\":\"ListItem\",\"position\":3,\"name\":\"RS030: Skirt Shape Fancy Vodka Bottle Wholesale Price\"}]},{\"@type\":\"WebSite\",\"@id\":\"https:\\\/\\\/glassbottlewholesale.com\\\/#website\",\"url\":\"https:\\\/\\\/glassbottlewholesale.com\\\/\",\"name\":\"Glass Bottle Wholesale\",\"description\":\"\",\"publisher\":{\"@id\":\"https:\\\/\\\/glassbottlewholesale.com\\\/#organization\"},\"potentialAction\":[{\"@type\":\"SearchAction\",\"target\":{\"@type\":\"EntryPoint\",\"urlTemplate\":\"https:\\\/\\\/glassbottlewholesale.com\\\/?s={search_term_string}\"},\"query-input\":{\"@type\":\"PropertyValueSpecification\",\"valueRequired\":true,\"valueName\":\"search_term_string\"}}],\"inLanguage\":\"tr\"},{\"@type\":\"Organization\",\"@id\":\"https:\\\/\\\/glassbottlewholesale.com\\\/#organization\",\"name\":\"Glass Bottle Wholesale\",\"url\":\"https:\\\/\\\/glassbottlewholesale.com\\\/\",\"logo\":{\"@type\":\"ImageObject\",\"inLanguage\":\"tr\",\"@id\":\"https:\\\/\\\/glassbottlewholesale.com\\\/#\\\/schema\\\/logo\\\/image\\\/\",\"url\":\"https:\\\/\\\/glassbottlewholesale.com\\\/wp-content\\\/uploads\\\/2023\\\/12\\\/ruisheng-logo.webp\",\"contentUrl\":\"https:\\\/\\\/glassbottlewholesale.com\\\/wp-content\\\/uploads\\\/2023\\\/12\\\/ruisheng-logo.webp\",\"width\":400,\"height\":233,\"caption\":\"Glass Bottle Wholesale\"},\"image\":{\"@id\":\"https:\\\/\\\/glassbottlewholesale.com\\\/#\\\/schema\\\/logo\\\/image\\\/\"}}]}<\/script>\n<!-- \/ Yoast SEO plugin. -->","yoast_head_json":{"title":"RS030: Skirt Shape Fancy Vodka Bottle Wholesale Price - Glass Bottle Wholesale","robots":{"index":"index","follow":"follow","max-snippet":"max-snippet:-1","max-image-preview":"max-image-preview:large","max-video-preview":"max-video-preview:-1"},"canonical":"https:\/\/ruishengglassco.com\/product\/rs030-skirt-shape-fancy-vodka-bottle-supplier-price","og_locale":"tr_TR","og_type":"article","og_title":"RS030: Skirt Shape Fancy Vodka Bottle Wholesale Price - Glass Bottle Wholesale","og_description":"Order Information About Skirt Shape Fancy Vodka Bottle Wholesale Price   Model Number: RS030  Brand Name: RUISHENG  MOQ: 6000pcs  Capacity: 500ml\/700ml\/750ml\/1000ml\/customized  Surface Handling: Screen Printing  Material: Super Flint Glass  Collar Material: Clear Glass Bottle  Sealing Type: Screw Cap  Use: VODKA  Place of Origin: Shandong, China  package: Standard export cartons and pallets  Service: OEM\/ODM Service","og_url":"https:\/\/ruishengglassco.com\/product\/rs030-skirt-shape-fancy-vodka-bottle-supplier-price","og_site_name":"Glass Bottle Wholesale","article_modified_time":"2023-12-19T03:43:08+00:00","og_image":[{"width":500,"height":500,"url":"https:\/\/glassbottlewholesale.com\/wp-content\/uploads\/2020\/12\/Skirt-Shape-Fancy-Vodka-Bottle.png","type":"image\/png"}],"twitter_card":"summary_large_image","schema":{"@context":"https:\/\/schema.org","@graph":[{"@type":"WebPage","@id":"https:\/\/glassbottlewholesale.com\/skirt-shape-fancy-vodka-bottle-wholesale-price\/","url":"https:\/\/ruishengglassco.com\/product\/rs030-skirt-shape-fancy-vodka-bottle-supplier-price","name":"RS030: Skirt Shape Fancy Vodka Bottle Wholesale Price - Glass Bottle Wholesale","isPartOf":{"@id":"https:\/\/glassbottlewholesale.com\/#website"},"primaryImageOfPage":{"@id":"https:\/\/ruishengglassco.com\/product\/rs030-skirt-shape-fancy-vodka-bottle-supplier-price#primaryimage"},"image":{"@id":"https:\/\/ruishengglassco.com\/product\/rs030-skirt-shape-fancy-vodka-bottle-supplier-price#primaryimage"},"thumbnailUrl":"https:\/\/glassbottlewholesale.com\/wp-content\/uploads\/2020\/12\/Skirt-Shape-Fancy-Vodka-Bottle.png","datePublished":"2020-12-04T01:35:01+00:00","dateModified":"2023-12-19T03:43:08+00:00","breadcrumb":{"@id":"https:\/\/ruishengglassco.com\/product\/rs030-skirt-shape-fancy-vodka-bottle-supplier-price#breadcrumb"},"inLanguage":"tr","potentialAction":[{"@type":"ReadAction","target":["https:\/\/ruishengglassco.com\/product\/rs030-skirt-shape-fancy-vodka-bottle-supplier-price"]}]},{"@type":"ImageObject","inLanguage":"tr","@id":"https:\/\/ruishengglassco.com\/product\/rs030-skirt-shape-fancy-vodka-bottle-supplier-price#primaryimage","url":"https:\/\/glassbottlewholesale.com\/wp-content\/uploads\/2020\/12\/Skirt-Shape-Fancy-Vodka-Bottle.png","contentUrl":"https:\/\/glassbottlewholesale.com\/wp-content\/uploads\/2020\/12\/Skirt-Shape-Fancy-Vodka-Bottle.png","width":500,"height":500,"caption":"Skirt Shape Fancy Vodka Bottle"},{"@type":"BreadcrumbList","@id":"https:\/\/ruishengglassco.com\/product\/rs030-skirt-shape-fancy-vodka-bottle-supplier-price#breadcrumb","itemListElement":[{"@type":"ListItem","position":1,"name":"Home","item":"https:\/\/glassbottlewholesale.com\/"},{"@type":"ListItem","position":2,"name":"Products","item":"https:\/\/glassbottlewholesale.com\/shop\/"},{"@type":"ListItem","position":3,"name":"RS030: Skirt Shape Fancy Vodka Bottle Wholesale Price"}]},{"@type":"WebSite","@id":"https:\/\/glassbottlewholesale.com\/#website","url":"https:\/\/glassbottlewholesale.com\/","name":"Glass Bottle Wholesale","description":"","publisher":{"@id":"https:\/\/glassbottlewholesale.com\/#organization"},"potentialAction":[{"@type":"SearchAction","target":{"@type":"EntryPoint","urlTemplate":"https:\/\/glassbottlewholesale.com\/?s={search_term_string}"},"query-input":{"@type":"PropertyValueSpecification","valueRequired":true,"valueName":"search_term_string"}}],"inLanguage":"tr"},{"@type":"Organization","@id":"https:\/\/glassbottlewholesale.com\/#organization","name":"Glass Bottle Wholesale","url":"https:\/\/glassbottlewholesale.com\/","logo":{"@type":"ImageObject","inLanguage":"tr","@id":"https:\/\/glassbottlewholesale.com\/#\/schema\/logo\/image\/","url":"https:\/\/glassbottlewholesale.com\/wp-content\/uploads\/2023\/12\/ruisheng-logo.webp","contentUrl":"https:\/\/glassbottlewholesale.com\/wp-content\/uploads\/2023\/12\/ruisheng-logo.webp","width":400,"height":233,"caption":"Glass Bottle Wholesale"},"image":{"@id":"https:\/\/glassbottlewholesale.com\/#\/schema\/logo\/image\/"}}]}},"_links":{"self":[{"href":"https:\/\/glassbottlewholesale.com\/tr\/wp-json\/wp\/v2\/product\/2386","targetHints":{"allow":["GET"]}}],"collection":[{"href":"https:\/\/glassbottlewholesale.com\/tr\/wp-json\/wp\/v2\/product"}],"about":[{"href":"https:\/\/glassbottlewholesale.com\/tr\/wp-json\/wp\/v2\/types\/product"}],"replies":[{"embeddable":true,"href":"https:\/\/glassbottlewholesale.com\/tr\/wp-json\/wp\/v2\/comments?post=2386"}],"wp:featuredmedia":[{"embeddable":true,"href":"https:\/\/glassbottlewholesale.com\/tr\/wp-json\/wp\/v2\/media\/4359"}],"wp:attachment":[{"href":"https:\/\/glassbottlewholesale.com\/tr\/wp-json\/wp\/v2\/media?parent=2386"}],"wp:term":[{"taxonomy":"product_brand","embeddable":true,"href":"https:\/\/glassbottlewholesale.com\/tr\/wp-json\/wp\/v2\/product_brand?post=2386"},{"taxonomy":"product_cat","embeddable":true,"href":"https:\/\/glassbottlewholesale.com\/tr\/wp-json\/wp\/v2\/product_cat?post=2386"},{"taxonomy":"product_tag","embeddable":true,"href":"https:\/\/glassbottlewholesale.com\/tr\/wp-json\/wp\/v2\/product_tag?post=2386"}],"curies":[{"name":"wp","href":"https:\/\/api.w.org\/{rel}","templated":true}]}}