{"id":2451,"date":"2021-01-26T03:27:47","date_gmt":"2021-01-26T03:27:47","guid":{"rendered":"https:\/\/glassbottlewholesale.com\/?post_type=product&#038;p=2451"},"modified":"2026-01-26T05:20:09","modified_gmt":"2026-01-26T05:20:09","slug":"500ml-700ml-750ml-eski-tasarim-viski-siseleri-toptan-satisi","status":"publish","type":"product","link":"https:\/\/glassbottlewholesale.com\/tr\/500ml-700ml-750ml-eski-tasarim-viski-siseleri-toptan-satisi\/","title":{"rendered":"RE024 500ml\/700ml\/750ml Eski Tasar\u0131m Viski \u015ei\u015feleri Toptan Sat\u0131\u015f"},"content":{"rendered":"<div class=\"wpb-content-wrapper\"><div class=\"vc_row wpb_row vc_row-fluid\"><div class=\"wpb_column vc_column_container vc_col-sm-12\"><div class=\"vc_column-inner\"><div class=\"wpb_wrapper\">\n\t<div class=\"wpb_text_column wpb_content_element\" >\n\t\t<div class=\"wpb_wrapper\">\n\t\t\t<h3>500ml\/700ml\/750ml Eski Viski \u015ei\u015feleri Toptan Sat\u0131\u015f Hakk\u0131nda Detayl\u0131 Bilgi<\/h3>\n<p><a href=\"https:\/\/ruishengglassco.com\/about\">Ruisheng,<\/a> profesyonel bir viski \u015fi\u015fesi \u00fcreticisi ve tedarik\u00e7isi, 10 y\u0131l\u0131 a\u015fk\u0131n s\u00fcredir viski \u015fi\u015feleri toptan sat\u0131\u015f\u0131 ve \u00fcretimi yapmaktad\u0131r. D\u00fcnyan\u0131n en geli\u015fmi\u015f tam otomatik viski \u015fi\u015fesi \u00fcretim hatt\u0131na sahibiz. \u00dcretilen \u00fcr\u00fcnler y\u00fcksek \u00e7\u00f6z\u00fcn\u00fcrl\u00fc\u011fe sahiptir ve zarar g\u00f6rmesi kolay de\u011fildir. G\u00fcnl\u00fck \u00e7\u0131kt\u0131 200.000 PCS'ye ula\u015fabilir ve bu da m\u00fc\u015fterilerin ihtiya\u00e7 duydu\u011fu viski \u015fi\u015felerini en k\u0131sa s\u00fcrede \u00fcretebilir. Bir \u015fi\u015fe \u00fcretim fabrikas\u0131 olarak, OEM \/ ODM \u00f6zelle\u015ftirme hizmeti veriyoruz, sadece tasar\u0131m \u00f6rne\u011fini ve marka logosunu sa\u011flaman\u0131z gerekiyor, gereksinimleri kar\u015f\u0131lamak i\u00e7in viski \u015fi\u015fesini \u00fcretmenize yard\u0131mc\u0131 olabiliriz.<\/p>\n<h4>M\u00fc\u015fteri Endi\u015feleri<\/h4>\n<ol>\n<li><strong>Viski \u015ei\u015fesinin Adedi<\/strong><\/li>\n<\/ol>\n<p>Profesyonel bir viski \u015fi\u015fesi \u00fcreticisi olarak, perakende olarak de\u011fil, sadece viski \u015fi\u015fesi toptan sat\u0131\u015f hizmeti veriyoruz. M\u00fc\u015fteri taban\u0131m\u0131z, paketleme, nakliye ve di\u011fer fakt\u00f6rler g\u00f6z \u00f6n\u00fcne al\u0131nd\u0131\u011f\u0131nda, bizim <strong>Adedi <span class=\"mceItemHidden\">10000 ADET \uff08Yakla\u015f\u0131k 20000 adet)<\/span><\/strong><\/p>\n<p><strong>2. Ambalaj Hakk\u0131nda<\/strong><\/p>\n<p>Hepimizin bildi\u011fi gibi, \u015farap \u015fi\u015feleri k\u0131r\u0131lgan \u00fcr\u00fcnlerdir, bu nedenle ambalaja dikkat etmemiz gerekir. M\u00fc\u015fterinin iste\u011fi \u00fczerine i\u00e7 kutu toplu ambalaj \/ renkli kutu \/ beyaz kutu \/ ekran kutusu \/ standart ihracat paleti gibi g\u00fcvenli ambalajlar kullan\u0131yoruz.<\/p>\n<p><strong>3. Teslimat S\u00fcresi Hakk\u0131nda<\/strong><\/p>\n<ul>\n<li>Haz\u0131r stok i\u00e7in: \u00d6deme al\u0131nd\u0131ktan 7 g\u00fcn sonra.<\/li>\n<li>Stokta olmayan \u00fcr\u00fcnler i\u00e7in: \u00d6deme ald\u0131ktan sonra 25 ~ 40 g\u00fcn.<\/li>\n<\/ul>\n<p>&nbsp;<\/p>\n\n\t\t<\/div>\n\t<\/div>\n<\/div><\/div><\/div><\/div>\n<\/div>","protected":false},"excerpt":{"rendered":"<p>\u00c7in'deki en iyi viski \u015fi\u015feleri \u00fcreticilerinden biri olan Ruisheng, \u00c7in'den toptan eski viski \u015fi\u015feleri sa\u011fl\u0131yor. Profesyonel viski \u015fi\u015fesi \u00fcreticisi 10 y\u0131l\u0131 a\u015fk\u0131n \u00fcretim tecr\u00fcbesi ile. Marka, \u015firketler, cam \u015fi\u015fe toptanc\u0131lar\u0131 ve distrib\u00fct\u00f6rleri i\u00e7in y\u00fcksek kaliteli viski \u015fi\u015feleri sunar.<\/p>\n<ul>\n<li>\u00dcr\u00fcn: Eski Tasar\u0131m Viski \u015ei\u015fesi Toptan Sat\u0131\u015f<\/li>\n<li>No.:RS024<\/li>\n<li><strong>ADEDI: 10000 ADET<\/strong><\/li>\n<li>Malzeme S\u00fcper \u00e7akmakta\u015f\u0131 cam<\/li>\n<li>OEM\/ODM Hizmeti Sunulmaktad\u0131r<\/li>\n<li>S\u0131zd\u0131rmazl\u0131k tipi: Mantar \u00fcst \/ vidal\u0131 \u00fcst<\/li>\n<li>\u00d6zellikler: 50ml-1500ml<\/li>\n<li>Paketleme Y\u00f6ntemi: Standart \u0130hracat Ambalaj\u0131 veya \u00d6zel Ambalaj<\/li>\n<li>Teslim S\u00fcresi: \u0130stedi\u011finiz boyut ve miktara g\u00f6re 20-30 g\u00fcn i\u00e7inde.<\/li>\n<\/ul>\n<p>Toptan eski viski \u015fi\u015felerimizle ilgileniyorsan\u0131z, <a href=\"https:\/\/glassbottlewholesale.com\/tr\/contact\/\">buraya t\u0131klay\u0131n<\/a> teklif almak i\u00e7in.<\/p>","protected":false},"featured_media":4781,"comment_status":"open","ping_status":"closed","template":"","meta":[],"product_brand":[],"product_cat":[50,51,52,63,68],"product_tag":[],"class_list":{"0":"post-2451","1":"product","2":"type-product","3":"status-publish","4":"has-post-thumbnail","6":"product_cat-500ml-glass-bottle","7":"product_cat-700ml-glass-bottle","8":"product_cat-750ml-glass-bottle","9":"product_cat-liquor-bottle","10":"product_cat-whiskey-bottle","11":"entry","12":"has-media","14":"first","15":"instock","16":"shipping-taxable","17":"product-type-simple"},"yoast_head":"<!-- This site is optimized with the Yoast SEO plugin v27.3 - https:\/\/yoast.com\/product\/yoast-seo-wordpress\/ -->\n<title>Old Whisky Bottles Wholesale | Best Whiskey Bottles Manufacturer<\/title>\n<meta name=\"description\" content=\"Want to buy Old Whisky Bottles Wholesale? Click here to get whisky bottle from best whiskey bottles manufacturer China.\" \/>\n<meta name=\"robots\" content=\"index, follow, max-snippet:-1, max-image-preview:large, max-video-preview:-1\" \/>\n<link rel=\"canonical\" href=\"https:\/\/ruishengglassco.com\/re024-500ml-700ml-750ml-old-design-whisky-bottles-manufacturers\" \/>\n<meta property=\"og:locale\" content=\"tr_TR\" \/>\n<meta property=\"og:type\" content=\"article\" \/>\n<meta property=\"og:title\" content=\"Old Whisky Bottles Wholesale | Best Whiskey Bottles Manufacturer\" \/>\n<meta property=\"og:description\" content=\"Want to buy Old Whisky Bottles Wholesale? Click here to get whisky bottle from best whiskey bottles manufacturer China.\" \/>\n<meta property=\"og:url\" content=\"https:\/\/ruishengglassco.com\/re024-500ml-700ml-750ml-old-design-whisky-bottles-manufacturers\" \/>\n<meta property=\"og:site_name\" content=\"Glass Bottle Wholesale\" \/>\n<meta property=\"article:modified_time\" content=\"2026-01-26T05:20:09+00:00\" \/>\n<meta property=\"og:image\" content=\"https:\/\/glassbottlewholesale.com\/wp-content\/uploads\/2024\/04\/glass-bottle-manufacturing-31-2.png\" \/>\n\t<meta property=\"og:image:width\" content=\"800\" \/>\n\t<meta property=\"og:image:height\" content=\"800\" \/>\n\t<meta property=\"og:image:type\" content=\"image\/png\" \/>\n<meta name=\"twitter:card\" content=\"summary_large_image\" \/>\n<meta name=\"twitter:label1\" content=\"Tahmini okuma s\u00fcresi\" \/>\n\t<meta name=\"twitter:data1\" content=\"2 dakika\" \/>\n<script type=\"application\/ld+json\" class=\"yoast-schema-graph\">{\"@context\":\"https:\\\/\\\/schema.org\",\"@graph\":[{\"@type\":\"WebPage\",\"@id\":\"https:\\\/\\\/glassbottlewholesale.com\\\/500ml-700ml-750ml-old-design-whisky-bottles-wholesale\\\/\",\"url\":\"https:\\\/\\\/ruishengglassco.com\\\/re024-500ml-700ml-750ml-old-design-whisky-bottles-manufacturers\",\"name\":\"Old Whisky Bottles Wholesale | Best Whiskey Bottles Manufacturer\",\"isPartOf\":{\"@id\":\"https:\\\/\\\/glassbottlewholesale.com\\\/#website\"},\"primaryImageOfPage\":{\"@id\":\"https:\\\/\\\/ruishengglassco.com\\\/re024-500ml-700ml-750ml-old-design-whisky-bottles-manufacturers#primaryimage\"},\"image\":{\"@id\":\"https:\\\/\\\/ruishengglassco.com\\\/re024-500ml-700ml-750ml-old-design-whisky-bottles-manufacturers#primaryimage\"},\"thumbnailUrl\":\"https:\\\/\\\/glassbottlewholesale.com\\\/wp-content\\\/uploads\\\/2024\\\/04\\\/glass-bottle-manufacturing-31-2.png\",\"datePublished\":\"2021-01-26T03:27:47+00:00\",\"dateModified\":\"2026-01-26T05:20:09+00:00\",\"description\":\"Want to buy Old Whisky Bottles Wholesale? Click here to get whisky bottle from best whiskey bottles manufacturer China.\",\"breadcrumb\":{\"@id\":\"https:\\\/\\\/ruishengglassco.com\\\/re024-500ml-700ml-750ml-old-design-whisky-bottles-manufacturers#breadcrumb\"},\"inLanguage\":\"tr\",\"potentialAction\":[{\"@type\":\"ReadAction\",\"target\":[\"https:\\\/\\\/ruishengglassco.com\\\/re024-500ml-700ml-750ml-old-design-whisky-bottles-manufacturers\"]}]},{\"@type\":\"ImageObject\",\"inLanguage\":\"tr\",\"@id\":\"https:\\\/\\\/ruishengglassco.com\\\/re024-500ml-700ml-750ml-old-design-whisky-bottles-manufacturers#primaryimage\",\"url\":\"https:\\\/\\\/glassbottlewholesale.com\\\/wp-content\\\/uploads\\\/2024\\\/04\\\/glass-bottle-manufacturing-31-2.png\",\"contentUrl\":\"https:\\\/\\\/glassbottlewholesale.com\\\/wp-content\\\/uploads\\\/2024\\\/04\\\/glass-bottle-manufacturing-31-2.png\",\"width\":800,\"height\":800,\"caption\":\"RE024 500ml\\\/700ml\\\/750ml Old Design Whisky Bottles Wholesale\"},{\"@type\":\"BreadcrumbList\",\"@id\":\"https:\\\/\\\/ruishengglassco.com\\\/re024-500ml-700ml-750ml-old-design-whisky-bottles-manufacturers#breadcrumb\",\"itemListElement\":[{\"@type\":\"ListItem\",\"position\":1,\"name\":\"Home\",\"item\":\"https:\\\/\\\/glassbottlewholesale.com\\\/\"},{\"@type\":\"ListItem\",\"position\":2,\"name\":\"Products\",\"item\":\"https:\\\/\\\/glassbottlewholesale.com\\\/shop\\\/\"},{\"@type\":\"ListItem\",\"position\":3,\"name\":\"RE024 500ml\\\/700ml\\\/750ml Old Design Whisky Bottles Wholesale\"}]},{\"@type\":\"WebSite\",\"@id\":\"https:\\\/\\\/glassbottlewholesale.com\\\/#website\",\"url\":\"https:\\\/\\\/glassbottlewholesale.com\\\/\",\"name\":\"Glass Bottle Wholesale\",\"description\":\"\",\"publisher\":{\"@id\":\"https:\\\/\\\/glassbottlewholesale.com\\\/#organization\"},\"potentialAction\":[{\"@type\":\"SearchAction\",\"target\":{\"@type\":\"EntryPoint\",\"urlTemplate\":\"https:\\\/\\\/glassbottlewholesale.com\\\/?s={search_term_string}\"},\"query-input\":{\"@type\":\"PropertyValueSpecification\",\"valueRequired\":true,\"valueName\":\"search_term_string\"}}],\"inLanguage\":\"tr\"},{\"@type\":\"Organization\",\"@id\":\"https:\\\/\\\/glassbottlewholesale.com\\\/#organization\",\"name\":\"Glass Bottle Wholesale\",\"url\":\"https:\\\/\\\/glassbottlewholesale.com\\\/\",\"logo\":{\"@type\":\"ImageObject\",\"inLanguage\":\"tr\",\"@id\":\"https:\\\/\\\/glassbottlewholesale.com\\\/#\\\/schema\\\/logo\\\/image\\\/\",\"url\":\"https:\\\/\\\/glassbottlewholesale.com\\\/wp-content\\\/uploads\\\/2023\\\/12\\\/ruisheng-logo.webp\",\"contentUrl\":\"https:\\\/\\\/glassbottlewholesale.com\\\/wp-content\\\/uploads\\\/2023\\\/12\\\/ruisheng-logo.webp\",\"width\":400,\"height\":233,\"caption\":\"Glass Bottle Wholesale\"},\"image\":{\"@id\":\"https:\\\/\\\/glassbottlewholesale.com\\\/#\\\/schema\\\/logo\\\/image\\\/\"}}]}<\/script>\n<!-- \/ Yoast SEO plugin. -->","yoast_head_json":{"title":"Eski Viski \u015ei\u015feleri Toptan Sat\u0131\u015f | En \u0130yi Viski \u015ei\u015feleri \u00dcreticisi","description":"Toptan Eski Viski \u015ei\u015feleri sat\u0131n almak ister misiniz? En iyi viski \u015fi\u015feleri \u00fcreticisi \u00c7in'den viski \u015fi\u015fesi almak i\u00e7in buraya t\u0131klay\u0131n.","robots":{"index":"index","follow":"follow","max-snippet":"max-snippet:-1","max-image-preview":"max-image-preview:large","max-video-preview":"max-video-preview:-1"},"canonical":"https:\/\/ruishengglassco.com\/re024-500ml-700ml-750ml-old-design-whisky-bottles-manufacturers","og_locale":"tr_TR","og_type":"article","og_title":"Old Whisky Bottles Wholesale | Best Whiskey Bottles Manufacturer","og_description":"Want to buy Old Whisky Bottles Wholesale? Click here to get whisky bottle from best whiskey bottles manufacturer China.","og_url":"https:\/\/ruishengglassco.com\/re024-500ml-700ml-750ml-old-design-whisky-bottles-manufacturers","og_site_name":"Glass Bottle Wholesale","article_modified_time":"2026-01-26T05:20:09+00:00","og_image":[{"width":800,"height":800,"url":"https:\/\/glassbottlewholesale.com\/wp-content\/uploads\/2024\/04\/glass-bottle-manufacturing-31-2.png","type":"image\/png"}],"twitter_card":"summary_large_image","twitter_misc":{"Tahmini okuma s\u00fcresi":"2 dakika"},"schema":{"@context":"https:\/\/schema.org","@graph":[{"@type":"WebPage","@id":"https:\/\/glassbottlewholesale.com\/500ml-700ml-750ml-old-design-whisky-bottles-wholesale\/","url":"https:\/\/ruishengglassco.com\/re024-500ml-700ml-750ml-old-design-whisky-bottles-manufacturers","name":"Eski Viski \u015ei\u015feleri Toptan Sat\u0131\u015f | En \u0130yi Viski \u015ei\u015feleri \u00dcreticisi","isPartOf":{"@id":"https:\/\/glassbottlewholesale.com\/#website"},"primaryImageOfPage":{"@id":"https:\/\/ruishengglassco.com\/re024-500ml-700ml-750ml-old-design-whisky-bottles-manufacturers#primaryimage"},"image":{"@id":"https:\/\/ruishengglassco.com\/re024-500ml-700ml-750ml-old-design-whisky-bottles-manufacturers#primaryimage"},"thumbnailUrl":"https:\/\/glassbottlewholesale.com\/wp-content\/uploads\/2024\/04\/glass-bottle-manufacturing-31-2.png","datePublished":"2021-01-26T03:27:47+00:00","dateModified":"2026-01-26T05:20:09+00:00","description":"Toptan Eski Viski \u015ei\u015feleri sat\u0131n almak ister misiniz? En iyi viski \u015fi\u015feleri \u00fcreticisi \u00c7in'den viski \u015fi\u015fesi almak i\u00e7in buraya t\u0131klay\u0131n.","breadcrumb":{"@id":"https:\/\/ruishengglassco.com\/re024-500ml-700ml-750ml-old-design-whisky-bottles-manufacturers#breadcrumb"},"inLanguage":"tr","potentialAction":[{"@type":"ReadAction","target":["https:\/\/ruishengglassco.com\/re024-500ml-700ml-750ml-old-design-whisky-bottles-manufacturers"]}]},{"@type":"ImageObject","inLanguage":"tr","@id":"https:\/\/ruishengglassco.com\/re024-500ml-700ml-750ml-old-design-whisky-bottles-manufacturers#primaryimage","url":"https:\/\/glassbottlewholesale.com\/wp-content\/uploads\/2024\/04\/glass-bottle-manufacturing-31-2.png","contentUrl":"https:\/\/glassbottlewholesale.com\/wp-content\/uploads\/2024\/04\/glass-bottle-manufacturing-31-2.png","width":800,"height":800,"caption":"RE024 500ml\/700ml\/750ml Old Design Whisky Bottles Wholesale"},{"@type":"BreadcrumbList","@id":"https:\/\/ruishengglassco.com\/re024-500ml-700ml-750ml-old-design-whisky-bottles-manufacturers#breadcrumb","itemListElement":[{"@type":"ListItem","position":1,"name":"Home","item":"https:\/\/glassbottlewholesale.com\/"},{"@type":"ListItem","position":2,"name":"Products","item":"https:\/\/glassbottlewholesale.com\/shop\/"},{"@type":"ListItem","position":3,"name":"RE024 500ml\/700ml\/750ml Old Design Whisky Bottles Wholesale"}]},{"@type":"WebSite","@id":"https:\/\/glassbottlewholesale.com\/#website","url":"https:\/\/glassbottlewholesale.com\/","name":"Glass Bottle Wholesale","description":"","publisher":{"@id":"https:\/\/glassbottlewholesale.com\/#organization"},"potentialAction":[{"@type":"SearchAction","target":{"@type":"EntryPoint","urlTemplate":"https:\/\/glassbottlewholesale.com\/?s={search_term_string}"},"query-input":{"@type":"PropertyValueSpecification","valueRequired":true,"valueName":"search_term_string"}}],"inLanguage":"tr"},{"@type":"Organization","@id":"https:\/\/glassbottlewholesale.com\/#organization","name":"Glass Bottle Wholesale","url":"https:\/\/glassbottlewholesale.com\/","logo":{"@type":"ImageObject","inLanguage":"tr","@id":"https:\/\/glassbottlewholesale.com\/#\/schema\/logo\/image\/","url":"https:\/\/glassbottlewholesale.com\/wp-content\/uploads\/2023\/12\/ruisheng-logo.webp","contentUrl":"https:\/\/glassbottlewholesale.com\/wp-content\/uploads\/2023\/12\/ruisheng-logo.webp","width":400,"height":233,"caption":"Glass Bottle Wholesale"},"image":{"@id":"https:\/\/glassbottlewholesale.com\/#\/schema\/logo\/image\/"}}]}},"_links":{"self":[{"href":"https:\/\/glassbottlewholesale.com\/tr\/wp-json\/wp\/v2\/product\/2451","targetHints":{"allow":["GET"]}}],"collection":[{"href":"https:\/\/glassbottlewholesale.com\/tr\/wp-json\/wp\/v2\/product"}],"about":[{"href":"https:\/\/glassbottlewholesale.com\/tr\/wp-json\/wp\/v2\/types\/product"}],"replies":[{"embeddable":true,"href":"https:\/\/glassbottlewholesale.com\/tr\/wp-json\/wp\/v2\/comments?post=2451"}],"wp:featuredmedia":[{"embeddable":true,"href":"https:\/\/glassbottlewholesale.com\/tr\/wp-json\/wp\/v2\/media\/4781"}],"wp:attachment":[{"href":"https:\/\/glassbottlewholesale.com\/tr\/wp-json\/wp\/v2\/media?parent=2451"}],"wp:term":[{"taxonomy":"product_brand","embeddable":true,"href":"https:\/\/glassbottlewholesale.com\/tr\/wp-json\/wp\/v2\/product_brand?post=2451"},{"taxonomy":"product_cat","embeddable":true,"href":"https:\/\/glassbottlewholesale.com\/tr\/wp-json\/wp\/v2\/product_cat?post=2451"},{"taxonomy":"product_tag","embeddable":true,"href":"https:\/\/glassbottlewholesale.com\/tr\/wp-json\/wp\/v2\/product_tag?post=2451"}],"curies":[{"name":"wp","href":"https:\/\/api.w.org\/{rel}","templated":true}]}}