{"id":2467,"date":"2021-02-20T09:23:16","date_gmt":"2021-02-20T09:23:16","guid":{"rendered":"https:\/\/glassbottlewholesale.com\/?post_type=product&#038;p=2467"},"modified":"2025-06-23T09:24:32","modified_gmt":"2025-06-23T09:24:32","slug":"xo-brandy-viski-icin-ozel-750ml-cam-sise","status":"publish","type":"product","link":"https:\/\/glassbottlewholesale.com\/tr\/xo-brandy-viski-icin-ozel-750ml-cam-sise\/","title":{"rendered":"RS022 XO\/Brandy\/Whisky \u0130\u00e7in \u00d6zel 750ml Cam \u015ei\u015fe"},"content":{"rendered":"<h2>XO\/Brandy\/Whisky \u0130\u00e7in \u00d6zel 750ml Cam \u015ei\u015fe Hakk\u0131nda Detayl\u0131 Bilgi<\/h2>\n<p>Bu seri \u00f6zel 750ml cam \u015fi\u015fe esas olarak XO\/Brandy\/Whisky i\u00e7indir. Bel\u00e7ika Kraliyet Akademisi'nden ba\u015f tasar\u0131mc\u0131 Giugiaro taraf\u0131ndan tasarlanan ki\u015fiselle\u015ftirilmi\u015f cam \u015fi\u015fe. Benzersiz tasar\u0131m\u0131, onu g\u00f6renlerin ilk seferde etkilenmesini sa\u011flar.<\/p>\n<p>\u00d6zel 750ml cam \u015fi\u015fe, d\u00fcnyan\u0131n en geli\u015fmi\u015f otomatik cam \u015fi\u015fe \u00fcretim s\u00fcreci kullan\u0131larak \u00fcretilmi\u015ftir. Markan\u0131n asil mizac\u0131n\u0131 g\u00f6stermek i\u00e7in y\u00fcksek flint cam malzemeden yap\u0131lm\u0131\u015ft\u0131r.<\/p>\n<p>Profesyonel bir lik\u00f6r \u015fi\u015fesi \u00fcreticisi ve fabrikas\u0131 olarak firmam\u0131z ayr\u0131ca lik\u00f6r markas\u0131 ve \u015firketi i\u00e7in OEM \/ ODM hizmeti vermektedir. M\u00fc\u015fterilerimize aralar\u0131ndan se\u00e7im yapabilecekleri \u00fccretsiz cam \u015fi\u015fe kal\u0131plar\u0131 sunuyoruz. Kullan\u0131c\u0131 taraf\u0131ndan sa\u011flanan \u00e7izimlere g\u00f6re de \u00fcretilebilir.<\/p>\n<h4>M\u00fc\u015fteri Endi\u015feleri<\/h4>\n<ol>\n<li><strong>\u00d6zel 750ml Cam \u015ei\u015fenin Adedi\u00a0<\/strong><\/li>\n<\/ol>\n<p>Profesyonel bir viski \u015fi\u015fesi \u00fcreticisi olarak, perakende olarak de\u011fil, sadece \u00d6zel 750ml Cam \u015ei\u015fe toptan sat\u0131\u015f hizmeti veriyoruz. M\u00fc\u015fteri taban\u0131m\u0131z, paketleme, nakliye ve di\u011fer fakt\u00f6rler g\u00f6z \u00f6n\u00fcne al\u0131nd\u0131\u011f\u0131nda, bizim <strong>Adedi\u00a0<span class=\"mceItemHidden\">10000 ADET \uff08Yakla\u015f\u0131k 20000 adet)<\/span><\/strong><\/p>\n<p><strong>2. Ambalaj Hakk\u0131nda<\/strong><\/p>\n<p>Hepimizin bildi\u011fi gibi, cam \u015fi\u015feler k\u0131r\u0131lgan \u00fcr\u00fcnlerdir, bu nedenle ambalaja dikkat etmemiz gerekir. M\u00fc\u015fterinin iste\u011fi \u00fczerine i\u00e7 kutu toplu ambalaj \/ renkli kutu \/ beyaz kutu \/ ekran kutusu \/ standart ihracat paleti gibi g\u00fcvenli ambalajlar kullan\u0131yoruz.<\/p>\n<p><strong>3. Teslimat S\u00fcresi Hakk\u0131nda<\/strong><\/p>\n<ul>\n<li>Haz\u0131r stok i\u00e7in: \u00d6deme al\u0131nd\u0131ktan 7 g\u00fcn sonra.<\/li>\n<li>Stokta olmayan \u00fcr\u00fcnler i\u00e7in: \u00d6deme ald\u0131ktan sonra 25 ~ 40 g\u00fcn.<\/li>\n<\/ul>","protected":false},"excerpt":{"rendered":"<p>\u00c7in'in En \u0130yi Lik\u00f6r \u015ei\u015fesi \u00dcreticisinden XO, Brendi, Viski \u0130\u00e7in \u00d6zel 750ml Cam \u015ei\u015fe - Ruisheng. Ruisheng, cam \u015fi\u015fe tasar\u0131m\u0131 ve \u00fcretiminde 10 y\u0131l\u0131 a\u015fk\u0131n deneyime sahip profesyonel bir cam \u015fi\u015fe \u00fcreticisidir. 750ml cam \u015fi\u015fe toptan sat\u0131\u015f\u0131m\u0131z a\u011f\u0131rl\u0131kl\u0131 olarak lik\u00f6r, viski, Brendi, XO, Konyak, Tekila ambalajlar\u0131 i\u00e7in tasarlanm\u0131\u015ft\u0131r.<\/p>\n<p>XO, Brendi, Viski \u0130\u00e7in \u00d6zel 750ml Cam \u015ei\u015fe Hakk\u0131nda Sipari\u015f Bilgileri<\/p>\n<ul>\n<li><strong>Adedi: 10000 Adet (Yakla\u015f\u0131k 20000 adet)<\/strong><\/li>\n<li>Kapasite: 750ml (\u00f6zelle\u015ftirilmi\u015f servis mevcuttur)<\/li>\n<li>Renk: \u015eeffaf<\/li>\n<li>\u00d6zel Hizmet Sunulmaktad\u0131r: Boyut, Kapasite, Desen, Renk, T\u0131pa, Logo, Bask\u0131 vb.<\/li>\n<\/ul>\n<p>Markan\u0131z i\u00e7in \u00f6zel cam \u015fi\u015fe istiyorsan\u0131z, l\u00fctfen bizimle ileti\u015fime ge\u00e7mekten \u00e7ekinmeyin. <a href=\"https:\/\/ruishengglassco.com\/contact\" target=\"_blank\" rel=\"noopener\">Bize ula\u015f\u0131n.<\/a><\/p>","protected":false},"featured_media":0,"comment_status":"open","ping_status":"closed","template":"","meta":[],"product_brand":[],"product_cat":[52,68,61],"product_tag":[],"class_list":{"0":"post-2467","1":"product","2":"type-product","3":"status-publish","5":"product_cat-750ml-glass-bottle","6":"product_cat-whiskey-bottle","7":"product_cat-xo-brandy-bottle","8":"entry","9":"no-media","11":"first","12":"instock","13":"shipping-taxable","14":"product-type-simple"},"yoast_head":"<!-- This site is optimized with the Yoast SEO plugin v27.3 - https:\/\/yoast.com\/product\/yoast-seo-wordpress\/ -->\n<title>RS022 Custom 750ml Glass Bottle For XO\/Brandy\/Whisky - Glass Bottle Wholesale<\/title>\n<meta name=\"description\" content=\"Custom 750ml Glass Bottle For XO\/Brandy\/Whisky From China Top Glass Bottle Manufacturer. Factory Outlet&amp;Free Sample Offered.\" \/>\n<meta name=\"robots\" content=\"index, follow, max-snippet:-1, max-image-preview:large, max-video-preview:-1\" \/>\n<link rel=\"canonical\" href=\"https:\/\/ruishengglassco.com\/product\/rs022-custom-750ml-glass-bottle-for-xo-brandy-whisky\" \/>\n<meta property=\"og:locale\" content=\"tr_TR\" \/>\n<meta property=\"og:type\" content=\"article\" \/>\n<meta property=\"og:title\" content=\"RS022 Custom 750ml Glass Bottle For XO\/Brandy\/Whisky - Glass Bottle Wholesale\" \/>\n<meta property=\"og:description\" content=\"Custom 750ml Glass Bottle For XO\/Brandy\/Whisky From China Top Glass Bottle Manufacturer. Factory Outlet&amp;Free Sample Offered.\" \/>\n<meta property=\"og:url\" content=\"https:\/\/ruishengglassco.com\/product\/rs022-custom-750ml-glass-bottle-for-xo-brandy-whisky\" \/>\n<meta property=\"og:site_name\" content=\"Glass Bottle Wholesale\" \/>\n<meta property=\"article:modified_time\" content=\"2025-06-23T09:24:32+00:00\" \/>\n<meta name=\"twitter:card\" content=\"summary_large_image\" \/>\n<meta name=\"twitter:label1\" content=\"Tahmini okuma s\u00fcresi\" \/>\n\t<meta name=\"twitter:data1\" content=\"2 dakika\" \/>\n<script type=\"application\/ld+json\" class=\"yoast-schema-graph\">{\"@context\":\"https:\\\/\\\/schema.org\",\"@graph\":[{\"@type\":\"WebPage\",\"@id\":\"https:\\\/\\\/glassbottlewholesale.com\\\/custom-750ml-glass-bottle-for-xo-brandy-whisky\\\/\",\"url\":\"https:\\\/\\\/ruishengglassco.com\\\/product\\\/rs022-custom-750ml-glass-bottle-for-xo-brandy-whisky\",\"name\":\"RS022 Custom 750ml Glass Bottle For XO\\\/Brandy\\\/Whisky - Glass Bottle Wholesale\",\"isPartOf\":{\"@id\":\"https:\\\/\\\/glassbottlewholesale.com\\\/#website\"},\"datePublished\":\"2021-02-20T09:23:16+00:00\",\"dateModified\":\"2025-06-23T09:24:32+00:00\",\"description\":\"Custom 750ml Glass Bottle For XO\\\/Brandy\\\/Whisky From China Top Glass Bottle Manufacturer. Factory Outlet&Free Sample Offered.\",\"breadcrumb\":{\"@id\":\"https:\\\/\\\/ruishengglassco.com\\\/product\\\/rs022-custom-750ml-glass-bottle-for-xo-brandy-whisky#breadcrumb\"},\"inLanguage\":\"tr\",\"potentialAction\":[{\"@type\":\"ReadAction\",\"target\":[\"https:\\\/\\\/ruishengglassco.com\\\/product\\\/rs022-custom-750ml-glass-bottle-for-xo-brandy-whisky\"]}]},{\"@type\":\"BreadcrumbList\",\"@id\":\"https:\\\/\\\/ruishengglassco.com\\\/product\\\/rs022-custom-750ml-glass-bottle-for-xo-brandy-whisky#breadcrumb\",\"itemListElement\":[{\"@type\":\"ListItem\",\"position\":1,\"name\":\"Home\",\"item\":\"https:\\\/\\\/glassbottlewholesale.com\\\/\"},{\"@type\":\"ListItem\",\"position\":2,\"name\":\"Products\",\"item\":\"https:\\\/\\\/glassbottlewholesale.com\\\/shop\\\/\"},{\"@type\":\"ListItem\",\"position\":3,\"name\":\"RS022 Custom 750ml Glass Bottle For XO\\\/Brandy\\\/Whisky\"}]},{\"@type\":\"WebSite\",\"@id\":\"https:\\\/\\\/glassbottlewholesale.com\\\/#website\",\"url\":\"https:\\\/\\\/glassbottlewholesale.com\\\/\",\"name\":\"Glass Bottle Wholesale\",\"description\":\"\",\"publisher\":{\"@id\":\"https:\\\/\\\/glassbottlewholesale.com\\\/#organization\"},\"potentialAction\":[{\"@type\":\"SearchAction\",\"target\":{\"@type\":\"EntryPoint\",\"urlTemplate\":\"https:\\\/\\\/glassbottlewholesale.com\\\/?s={search_term_string}\"},\"query-input\":{\"@type\":\"PropertyValueSpecification\",\"valueRequired\":true,\"valueName\":\"search_term_string\"}}],\"inLanguage\":\"tr\"},{\"@type\":\"Organization\",\"@id\":\"https:\\\/\\\/glassbottlewholesale.com\\\/#organization\",\"name\":\"Glass Bottle Wholesale\",\"url\":\"https:\\\/\\\/glassbottlewholesale.com\\\/\",\"logo\":{\"@type\":\"ImageObject\",\"inLanguage\":\"tr\",\"@id\":\"https:\\\/\\\/glassbottlewholesale.com\\\/#\\\/schema\\\/logo\\\/image\\\/\",\"url\":\"https:\\\/\\\/glassbottlewholesale.com\\\/wp-content\\\/uploads\\\/2023\\\/12\\\/ruisheng-logo.webp\",\"contentUrl\":\"https:\\\/\\\/glassbottlewholesale.com\\\/wp-content\\\/uploads\\\/2023\\\/12\\\/ruisheng-logo.webp\",\"width\":400,\"height\":233,\"caption\":\"Glass Bottle Wholesale\"},\"image\":{\"@id\":\"https:\\\/\\\/glassbottlewholesale.com\\\/#\\\/schema\\\/logo\\\/image\\\/\"}}]}<\/script>\n<!-- \/ Yoast SEO plugin. -->","yoast_head_json":{"title":"RS022 Custom 750ml Glass Bottle For XO\/Brandy\/Whisky - Glass Bottle Wholesale","description":"Custom 750ml Glass Bottle For XO\/Brandy\/Whisky From China Top Glass Bottle Manufacturer. Factory Outlet&Free Sample Offered.","robots":{"index":"index","follow":"follow","max-snippet":"max-snippet:-1","max-image-preview":"max-image-preview:large","max-video-preview":"max-video-preview:-1"},"canonical":"https:\/\/ruishengglassco.com\/product\/rs022-custom-750ml-glass-bottle-for-xo-brandy-whisky","og_locale":"tr_TR","og_type":"article","og_title":"RS022 Custom 750ml Glass Bottle For XO\/Brandy\/Whisky - Glass Bottle Wholesale","og_description":"Custom 750ml Glass Bottle For XO\/Brandy\/Whisky From China Top Glass Bottle Manufacturer. Factory Outlet&Free Sample Offered.","og_url":"https:\/\/ruishengglassco.com\/product\/rs022-custom-750ml-glass-bottle-for-xo-brandy-whisky","og_site_name":"Glass Bottle Wholesale","article_modified_time":"2025-06-23T09:24:32+00:00","twitter_card":"summary_large_image","twitter_misc":{"Tahmini okuma s\u00fcresi":"2 dakika"},"schema":{"@context":"https:\/\/schema.org","@graph":[{"@type":"WebPage","@id":"https:\/\/glassbottlewholesale.com\/custom-750ml-glass-bottle-for-xo-brandy-whisky\/","url":"https:\/\/ruishengglassco.com\/product\/rs022-custom-750ml-glass-bottle-for-xo-brandy-whisky","name":"RS022 Custom 750ml Glass Bottle For XO\/Brandy\/Whisky - Glass Bottle Wholesale","isPartOf":{"@id":"https:\/\/glassbottlewholesale.com\/#website"},"datePublished":"2021-02-20T09:23:16+00:00","dateModified":"2025-06-23T09:24:32+00:00","description":"Custom 750ml Glass Bottle For XO\/Brandy\/Whisky From China Top Glass Bottle Manufacturer. Factory Outlet&Free Sample Offered.","breadcrumb":{"@id":"https:\/\/ruishengglassco.com\/product\/rs022-custom-750ml-glass-bottle-for-xo-brandy-whisky#breadcrumb"},"inLanguage":"tr","potentialAction":[{"@type":"ReadAction","target":["https:\/\/ruishengglassco.com\/product\/rs022-custom-750ml-glass-bottle-for-xo-brandy-whisky"]}]},{"@type":"BreadcrumbList","@id":"https:\/\/ruishengglassco.com\/product\/rs022-custom-750ml-glass-bottle-for-xo-brandy-whisky#breadcrumb","itemListElement":[{"@type":"ListItem","position":1,"name":"Home","item":"https:\/\/glassbottlewholesale.com\/"},{"@type":"ListItem","position":2,"name":"Products","item":"https:\/\/glassbottlewholesale.com\/shop\/"},{"@type":"ListItem","position":3,"name":"RS022 Custom 750ml Glass Bottle For XO\/Brandy\/Whisky"}]},{"@type":"WebSite","@id":"https:\/\/glassbottlewholesale.com\/#website","url":"https:\/\/glassbottlewholesale.com\/","name":"Glass Bottle Wholesale","description":"","publisher":{"@id":"https:\/\/glassbottlewholesale.com\/#organization"},"potentialAction":[{"@type":"SearchAction","target":{"@type":"EntryPoint","urlTemplate":"https:\/\/glassbottlewholesale.com\/?s={search_term_string}"},"query-input":{"@type":"PropertyValueSpecification","valueRequired":true,"valueName":"search_term_string"}}],"inLanguage":"tr"},{"@type":"Organization","@id":"https:\/\/glassbottlewholesale.com\/#organization","name":"Glass Bottle Wholesale","url":"https:\/\/glassbottlewholesale.com\/","logo":{"@type":"ImageObject","inLanguage":"tr","@id":"https:\/\/glassbottlewholesale.com\/#\/schema\/logo\/image\/","url":"https:\/\/glassbottlewholesale.com\/wp-content\/uploads\/2023\/12\/ruisheng-logo.webp","contentUrl":"https:\/\/glassbottlewholesale.com\/wp-content\/uploads\/2023\/12\/ruisheng-logo.webp","width":400,"height":233,"caption":"Glass Bottle Wholesale"},"image":{"@id":"https:\/\/glassbottlewholesale.com\/#\/schema\/logo\/image\/"}}]}},"_links":{"self":[{"href":"https:\/\/glassbottlewholesale.com\/tr\/wp-json\/wp\/v2\/product\/2467","targetHints":{"allow":["GET"]}}],"collection":[{"href":"https:\/\/glassbottlewholesale.com\/tr\/wp-json\/wp\/v2\/product"}],"about":[{"href":"https:\/\/glassbottlewholesale.com\/tr\/wp-json\/wp\/v2\/types\/product"}],"replies":[{"embeddable":true,"href":"https:\/\/glassbottlewholesale.com\/tr\/wp-json\/wp\/v2\/comments?post=2467"}],"wp:attachment":[{"href":"https:\/\/glassbottlewholesale.com\/tr\/wp-json\/wp\/v2\/media?parent=2467"}],"wp:term":[{"taxonomy":"product_brand","embeddable":true,"href":"https:\/\/glassbottlewholesale.com\/tr\/wp-json\/wp\/v2\/product_brand?post=2467"},{"taxonomy":"product_cat","embeddable":true,"href":"https:\/\/glassbottlewholesale.com\/tr\/wp-json\/wp\/v2\/product_cat?post=2467"},{"taxonomy":"product_tag","embeddable":true,"href":"https:\/\/glassbottlewholesale.com\/tr\/wp-json\/wp\/v2\/product_tag?post=2467"}],"curies":[{"name":"wp","href":"https:\/\/api.w.org\/{rel}","templated":true}]}}