{"id":2481,"date":"2021-03-01T08:50:51","date_gmt":"2021-03-01T08:50:51","guid":{"rendered":"https:\/\/glassbottlewholesale.com\/?post_type=product&#038;p=2481"},"modified":"2025-06-23T09:22:16","modified_gmt":"2025-06-23T09:22:16","slug":"rom-ci%cc%87n-vi%cc%87ski%cc%87-i%cc%87ci%cc%87n-toptan-i%cc%87cki%cc%87-si%cc%87seleri%cc%87-750ml-700ml","status":"publish","type":"product","link":"https:\/\/glassbottlewholesale.com\/tr\/rom-ci%cc%87n-vi%cc%87ski%cc%87-i%cc%87ci%cc%87n-toptan-i%cc%87cki%cc%87-si%cc%87seleri%cc%87-750ml-700ml\/","title":{"rendered":"RS021: Rom \/ Cin \/ Viski \u0130\u00e7in Toptan Lik\u00f6r \u015ei\u015feleri 750ml \/ 700ml"},"content":{"rendered":"<h2>Rom \/ Cin \/ Viski \u0130\u00e7in Toptan Lik\u00f6r \u015ei\u015feleri 750ml \/ 700ml Hakk\u0131nda detayl\u0131 bilgi<\/h2>\n<p>Bu toptan lik\u00f6r \u015fi\u015feleri serisi 750ml, Lik\u00f6r, Viski, Brendi, Rom, Cin ve di\u011fer lik\u00f6r ambalajlar\u0131 i\u00e7in uygun olan y\u00fcksek \u00e7akmakta\u015f\u0131 cam malzemeyi benimser.<\/p>\n<p>Profesyonel bir cam \u015fi\u015fe \u00fcretim \u015firketi olarak Ruisheng, m\u00fc\u015fterilerimiz i\u00e7in OEM ve ODM hizmetleri sunmaktad\u0131r. Markan\u0131z i\u00e7in \u00f6zel lik\u00f6r \u015fi\u015feleri Logolar\u0131 ve Etiketleri yapabilirsiniz.<\/p>\n<p>Ruisheng'de, b\u00fcy\u00fck \u00f6l\u00e7ekli \u00fcretim ihtiya\u00e7lar\u0131n\u0131za uyacak en zarif cam \u015fi\u015fe stillerini ve \u015fekillerini bulabilece\u011finizi umuyoruz. Sat\u0131\u015f departman\u0131m\u0131za do\u011frudan \u015fu adresten ula\u015fabilirsiniz <a href=\"https:\/\/ruishengglassco.com\/contact\" target=\"_blank\" rel=\"noopener\">buraya t\u0131klayarak <\/a>ve sat\u0131\u015flar\u0131m\u0131za ne arad\u0131\u011f\u0131n\u0131z\u0131 bildirin.<\/p>\n<ul>\n<li>Model Ad\u0131: Toptan Lik\u00f6r \u015ei\u015fesi 750ml<\/li>\n<li>Model Numaras\u0131: Ruisheng021<\/li>\n<li>Marka ad\u0131: RUISHENG<\/li>\n<li><strong>Adedi: 10000 adet<\/strong><\/li>\n<li>Kapasite: 500ml\/700ml\/750ml\/\u00f6zelle\u015ftirilmi\u015f<\/li>\n<li>Y\u00fczey \u0130\u015fleme: S\u0131cak Bask\u0131, Frost, \u00c7\u0131kartma, Kabartma, Serigrafi<\/li>\n<li>Malzeme S\u00fcper Flint Cam<\/li>\n<li>Yaka Malzemesi: \u015eeffaf Cam \u015ei\u015fe<\/li>\n<li>S\u0131zd\u0131rmazl\u0131k Tipi: Vidal\u0131 Kapak, Mantar, Cam Kapak, \u00c7evirmeli Kapak<\/li>\n<li>Kullan\u0131m i\u00e7in: Rom\/Cin\/Viski \u015ei\u015fesi<\/li>\n<li>Men\u015fe Yeri: Shandong, \u00c7in<\/li>\n<li>paket: Standart ihracat kartonlar\u0131 ve paletleri<\/li>\n<li>Hizmet OEM\/ODM Hizmeti<\/li>\n<\/ul>\n<p>&nbsp;<\/p>","protected":false},"excerpt":{"rendered":"<p>\u00c7in'in \u00f6nde gelen cam \u015fi\u015fe \u00fcretim \u015firketlerinden biri olan Ruisheng, \u015fato, lik\u00f6r markas\u0131 ve \u015firketler i\u00e7in 750 ml'lik toptan lik\u00f6r \u015fi\u015feleri sunmaktad\u0131r.  10 y\u0131l\u0131 a\u015fk\u0131n cam lik\u00f6r \u015fi\u015fesi \u00fcretim tecr\u00fcbesiyle, cam lik\u00f6r \u015fi\u015femiz pazar\u0131n takdirini kazanmakta ve ABD, Kanada, Fransa, \u0130ngiltere, Japonya, G\u00fcney Kore ve 20'den fazla \u00fclke ve b\u00f6lgeye ihracat yapmaktad\u0131r.<\/p>\n<h4>\u0130\u015fte Toptan Lik\u00f6r \u015ei\u015feleri 750ml Hakk\u0131nda Sipari\u015f Bilgileri<\/h4>\n<ul>\n<li>No.:Ruisheng-1008<\/li>\n<li><strong>ADEDI: 10000 ADET<\/strong><\/li>\n<li>Malzeme S\u00fcper \u00e7akmakta\u015f\u0131 cam<\/li>\n<li><strong>OEM\/ODM Hizmeti Sunulmaktad\u0131r<\/strong><\/li>\n<li>S\u0131zd\u0131rmazl\u0131k tipi: Mantar \u00fcst \/ vidal\u0131 \u00fcst<\/li>\n<li>\u00d6zellikler: 50ml-1500ml<\/li>\n<li>Paketleme Y\u00f6ntemi: Standart \u0130hracat Ambalaj\u0131 veya \u00d6zel Ambalaj<\/li>\n<li>Teslim S\u00fcresi: \u0130stedi\u011finiz boyut ve miktara g\u00f6re 20-30 g\u00fcn i\u00e7inde.<\/li>\n<\/ul>\n<p>Toptan lik\u00f6r \u015fi\u015fesi fiyat\u0131 almak istiyorsan\u0131z, l\u00fctfen buraya t\u0131klay\u0131n <a href=\"https:\/\/ruishengglassco.com\/contact\" target=\"_blank\" rel=\"noopener\">Bize ula\u015f\u0131n.<\/a><\/p>","protected":false},"featured_media":4490,"comment_status":"open","ping_status":"closed","template":"","meta":[],"product_brand":[],"product_cat":[51,52,64,63,65],"product_tag":[],"class_list":{"0":"post-2481","1":"product","2":"type-product","3":"status-publish","4":"has-post-thumbnail","6":"product_cat-700ml-glass-bottle","7":"product_cat-750ml-glass-bottle","8":"product_cat-gin-bottle","9":"product_cat-liquor-bottle","10":"product_cat-rum-bottle","11":"entry","12":"has-media","14":"first","15":"instock","16":"shipping-taxable","17":"product-type-simple"},"yoast_head":"<!-- This site is optimized with the Yoast SEO plugin v27.3 - https:\/\/yoast.com\/product\/yoast-seo-wordpress\/ -->\n<title>Wholesale Liquor Bottles 750ml | Glass Bottle Manufacturing Companies<\/title>\n<meta name=\"description\" content=\"Ruisheng, One of the leading glass bottle manufacturing companies in China, provide wholesale liquor bottles 750ml in cheap price.\" \/>\n<meta name=\"robots\" content=\"index, follow, max-snippet:-1, max-image-preview:large, max-video-preview:-1\" \/>\n<link rel=\"canonical\" href=\"https:\/\/ruishengglassco.com\/product\/rs021-wholesale-liquor-bottles-750ml-700ml-for-rum-gin-whiskey\" \/>\n<meta property=\"og:locale\" content=\"tr_TR\" \/>\n<meta property=\"og:type\" content=\"article\" \/>\n<meta property=\"og:title\" content=\"Wholesale Liquor Bottles 750ml | Glass Bottle Manufacturing Companies\" \/>\n<meta property=\"og:description\" content=\"Ruisheng, One of the leading glass bottle manufacturing companies in China, provide wholesale liquor bottles 750ml in cheap price.\" \/>\n<meta property=\"og:url\" content=\"https:\/\/ruishengglassco.com\/product\/rs021-wholesale-liquor-bottles-750ml-700ml-for-rum-gin-whiskey\" \/>\n<meta property=\"og:site_name\" content=\"Glass Bottle Wholesale\" \/>\n<meta property=\"article:modified_time\" content=\"2025-06-23T09:22:16+00:00\" \/>\n<meta property=\"og:image\" content=\"https:\/\/glassbottlewholesale.com\/wp-content\/uploads\/2024\/01\/rs021-1.jpg\" \/>\n\t<meta property=\"og:image:width\" content=\"800\" \/>\n\t<meta property=\"og:image:height\" content=\"800\" \/>\n\t<meta property=\"og:image:type\" content=\"image\/jpeg\" \/>\n<meta name=\"twitter:card\" content=\"summary_large_image\" \/>\n<meta name=\"twitter:label1\" content=\"Tahmini okuma s\u00fcresi\" \/>\n\t<meta name=\"twitter:data1\" content=\"1 dakika\" \/>\n<script type=\"application\/ld+json\" class=\"yoast-schema-graph\">{\"@context\":\"https:\\\/\\\/schema.org\",\"@graph\":[{\"@type\":\"WebPage\",\"@id\":\"https:\\\/\\\/glassbottlewholesale.com\\\/wholesale-liquor-bottles-750ml-700ml-for-rum-gin-whiskey\\\/\",\"url\":\"https:\\\/\\\/ruishengglassco.com\\\/product\\\/rs021-wholesale-liquor-bottles-750ml-700ml-for-rum-gin-whiskey\",\"name\":\"Wholesale Liquor Bottles 750ml | Glass Bottle Manufacturing Companies\",\"isPartOf\":{\"@id\":\"https:\\\/\\\/glassbottlewholesale.com\\\/#website\"},\"primaryImageOfPage\":{\"@id\":\"https:\\\/\\\/ruishengglassco.com\\\/product\\\/rs021-wholesale-liquor-bottles-750ml-700ml-for-rum-gin-whiskey#primaryimage\"},\"image\":{\"@id\":\"https:\\\/\\\/ruishengglassco.com\\\/product\\\/rs021-wholesale-liquor-bottles-750ml-700ml-for-rum-gin-whiskey#primaryimage\"},\"thumbnailUrl\":\"https:\\\/\\\/glassbottlewholesale.com\\\/wp-content\\\/uploads\\\/2024\\\/01\\\/rs021-1.jpg\",\"datePublished\":\"2021-03-01T08:50:51+00:00\",\"dateModified\":\"2025-06-23T09:22:16+00:00\",\"description\":\"Ruisheng, One of the leading glass bottle manufacturing companies in China, provide wholesale liquor bottles 750ml in cheap price.\",\"breadcrumb\":{\"@id\":\"https:\\\/\\\/ruishengglassco.com\\\/product\\\/rs021-wholesale-liquor-bottles-750ml-700ml-for-rum-gin-whiskey#breadcrumb\"},\"inLanguage\":\"tr\",\"potentialAction\":[{\"@type\":\"ReadAction\",\"target\":[\"https:\\\/\\\/ruishengglassco.com\\\/product\\\/rs021-wholesale-liquor-bottles-750ml-700ml-for-rum-gin-whiskey\"]}]},{\"@type\":\"ImageObject\",\"inLanguage\":\"tr\",\"@id\":\"https:\\\/\\\/ruishengglassco.com\\\/product\\\/rs021-wholesale-liquor-bottles-750ml-700ml-for-rum-gin-whiskey#primaryimage\",\"url\":\"https:\\\/\\\/glassbottlewholesale.com\\\/wp-content\\\/uploads\\\/2024\\\/01\\\/rs021-1.jpg\",\"contentUrl\":\"https:\\\/\\\/glassbottlewholesale.com\\\/wp-content\\\/uploads\\\/2024\\\/01\\\/rs021-1.jpg\",\"width\":800,\"height\":800,\"caption\":\"Wholesale Liquor Bottles 750ml\\\/700ml For Rum\\\/Gin\\\/ Whiskey\"},{\"@type\":\"BreadcrumbList\",\"@id\":\"https:\\\/\\\/ruishengglassco.com\\\/product\\\/rs021-wholesale-liquor-bottles-750ml-700ml-for-rum-gin-whiskey#breadcrumb\",\"itemListElement\":[{\"@type\":\"ListItem\",\"position\":1,\"name\":\"Home\",\"item\":\"https:\\\/\\\/glassbottlewholesale.com\\\/\"},{\"@type\":\"ListItem\",\"position\":2,\"name\":\"Products\",\"item\":\"https:\\\/\\\/glassbottlewholesale.com\\\/shop\\\/\"},{\"@type\":\"ListItem\",\"position\":3,\"name\":\"RS021: Wholesale Liquor Bottles 750ml\\\/700ml For Rum\\\/Gin\\\/ Whiskey\"}]},{\"@type\":\"WebSite\",\"@id\":\"https:\\\/\\\/glassbottlewholesale.com\\\/#website\",\"url\":\"https:\\\/\\\/glassbottlewholesale.com\\\/\",\"name\":\"Glass Bottle Wholesale\",\"description\":\"\",\"publisher\":{\"@id\":\"https:\\\/\\\/glassbottlewholesale.com\\\/#organization\"},\"potentialAction\":[{\"@type\":\"SearchAction\",\"target\":{\"@type\":\"EntryPoint\",\"urlTemplate\":\"https:\\\/\\\/glassbottlewholesale.com\\\/?s={search_term_string}\"},\"query-input\":{\"@type\":\"PropertyValueSpecification\",\"valueRequired\":true,\"valueName\":\"search_term_string\"}}],\"inLanguage\":\"tr\"},{\"@type\":\"Organization\",\"@id\":\"https:\\\/\\\/glassbottlewholesale.com\\\/#organization\",\"name\":\"Glass Bottle Wholesale\",\"url\":\"https:\\\/\\\/glassbottlewholesale.com\\\/\",\"logo\":{\"@type\":\"ImageObject\",\"inLanguage\":\"tr\",\"@id\":\"https:\\\/\\\/glassbottlewholesale.com\\\/#\\\/schema\\\/logo\\\/image\\\/\",\"url\":\"https:\\\/\\\/glassbottlewholesale.com\\\/wp-content\\\/uploads\\\/2023\\\/12\\\/ruisheng-logo.webp\",\"contentUrl\":\"https:\\\/\\\/glassbottlewholesale.com\\\/wp-content\\\/uploads\\\/2023\\\/12\\\/ruisheng-logo.webp\",\"width\":400,\"height\":233,\"caption\":\"Glass Bottle Wholesale\"},\"image\":{\"@id\":\"https:\\\/\\\/glassbottlewholesale.com\\\/#\\\/schema\\\/logo\\\/image\\\/\"}}]}<\/script>\n<!-- \/ Yoast SEO plugin. -->","yoast_head_json":{"title":"Toptan Lik\u00f6r \u015ei\u015feleri 750ml | Cam \u015ei\u015fe \u0130malat Firmalar\u0131","description":"Ruisheng, \u00c7in'in \u00f6nde gelen cam \u015fi\u015fe \u00fcretim \u015firketlerinden biri, ucuz fiyata toptan lik\u00f6r \u015fi\u015feleri 750ml sa\u011flar.","robots":{"index":"index","follow":"follow","max-snippet":"max-snippet:-1","max-image-preview":"max-image-preview:large","max-video-preview":"max-video-preview:-1"},"canonical":"https:\/\/ruishengglassco.com\/product\/rs021-wholesale-liquor-bottles-750ml-700ml-for-rum-gin-whiskey","og_locale":"tr_TR","og_type":"article","og_title":"Wholesale Liquor Bottles 750ml | Glass Bottle Manufacturing Companies","og_description":"Ruisheng, One of the leading glass bottle manufacturing companies in China, provide wholesale liquor bottles 750ml in cheap price.","og_url":"https:\/\/ruishengglassco.com\/product\/rs021-wholesale-liquor-bottles-750ml-700ml-for-rum-gin-whiskey","og_site_name":"Glass Bottle Wholesale","article_modified_time":"2025-06-23T09:22:16+00:00","og_image":[{"width":800,"height":800,"url":"https:\/\/glassbottlewholesale.com\/wp-content\/uploads\/2024\/01\/rs021-1.jpg","type":"image\/jpeg"}],"twitter_card":"summary_large_image","twitter_misc":{"Tahmini okuma s\u00fcresi":"1 dakika"},"schema":{"@context":"https:\/\/schema.org","@graph":[{"@type":"WebPage","@id":"https:\/\/glassbottlewholesale.com\/wholesale-liquor-bottles-750ml-700ml-for-rum-gin-whiskey\/","url":"https:\/\/ruishengglassco.com\/product\/rs021-wholesale-liquor-bottles-750ml-700ml-for-rum-gin-whiskey","name":"Toptan Lik\u00f6r \u015ei\u015feleri 750ml | Cam \u015ei\u015fe \u0130malat Firmalar\u0131","isPartOf":{"@id":"https:\/\/glassbottlewholesale.com\/#website"},"primaryImageOfPage":{"@id":"https:\/\/ruishengglassco.com\/product\/rs021-wholesale-liquor-bottles-750ml-700ml-for-rum-gin-whiskey#primaryimage"},"image":{"@id":"https:\/\/ruishengglassco.com\/product\/rs021-wholesale-liquor-bottles-750ml-700ml-for-rum-gin-whiskey#primaryimage"},"thumbnailUrl":"https:\/\/glassbottlewholesale.com\/wp-content\/uploads\/2024\/01\/rs021-1.jpg","datePublished":"2021-03-01T08:50:51+00:00","dateModified":"2025-06-23T09:22:16+00:00","description":"Ruisheng, \u00c7in'in \u00f6nde gelen cam \u015fi\u015fe \u00fcretim \u015firketlerinden biri, ucuz fiyata toptan lik\u00f6r \u015fi\u015feleri 750ml sa\u011flar.","breadcrumb":{"@id":"https:\/\/ruishengglassco.com\/product\/rs021-wholesale-liquor-bottles-750ml-700ml-for-rum-gin-whiskey#breadcrumb"},"inLanguage":"tr","potentialAction":[{"@type":"ReadAction","target":["https:\/\/ruishengglassco.com\/product\/rs021-wholesale-liquor-bottles-750ml-700ml-for-rum-gin-whiskey"]}]},{"@type":"ImageObject","inLanguage":"tr","@id":"https:\/\/ruishengglassco.com\/product\/rs021-wholesale-liquor-bottles-750ml-700ml-for-rum-gin-whiskey#primaryimage","url":"https:\/\/glassbottlewholesale.com\/wp-content\/uploads\/2024\/01\/rs021-1.jpg","contentUrl":"https:\/\/glassbottlewholesale.com\/wp-content\/uploads\/2024\/01\/rs021-1.jpg","width":800,"height":800,"caption":"Wholesale Liquor Bottles 750ml\/700ml For Rum\/Gin\/ Whiskey"},{"@type":"BreadcrumbList","@id":"https:\/\/ruishengglassco.com\/product\/rs021-wholesale-liquor-bottles-750ml-700ml-for-rum-gin-whiskey#breadcrumb","itemListElement":[{"@type":"ListItem","position":1,"name":"Home","item":"https:\/\/glassbottlewholesale.com\/"},{"@type":"ListItem","position":2,"name":"Products","item":"https:\/\/glassbottlewholesale.com\/shop\/"},{"@type":"ListItem","position":3,"name":"RS021: Wholesale Liquor Bottles 750ml\/700ml For Rum\/Gin\/ Whiskey"}]},{"@type":"WebSite","@id":"https:\/\/glassbottlewholesale.com\/#website","url":"https:\/\/glassbottlewholesale.com\/","name":"Glass Bottle Wholesale","description":"","publisher":{"@id":"https:\/\/glassbottlewholesale.com\/#organization"},"potentialAction":[{"@type":"SearchAction","target":{"@type":"EntryPoint","urlTemplate":"https:\/\/glassbottlewholesale.com\/?s={search_term_string}"},"query-input":{"@type":"PropertyValueSpecification","valueRequired":true,"valueName":"search_term_string"}}],"inLanguage":"tr"},{"@type":"Organization","@id":"https:\/\/glassbottlewholesale.com\/#organization","name":"Glass Bottle Wholesale","url":"https:\/\/glassbottlewholesale.com\/","logo":{"@type":"ImageObject","inLanguage":"tr","@id":"https:\/\/glassbottlewholesale.com\/#\/schema\/logo\/image\/","url":"https:\/\/glassbottlewholesale.com\/wp-content\/uploads\/2023\/12\/ruisheng-logo.webp","contentUrl":"https:\/\/glassbottlewholesale.com\/wp-content\/uploads\/2023\/12\/ruisheng-logo.webp","width":400,"height":233,"caption":"Glass Bottle Wholesale"},"image":{"@id":"https:\/\/glassbottlewholesale.com\/#\/schema\/logo\/image\/"}}]}},"_links":{"self":[{"href":"https:\/\/glassbottlewholesale.com\/tr\/wp-json\/wp\/v2\/product\/2481","targetHints":{"allow":["GET"]}}],"collection":[{"href":"https:\/\/glassbottlewholesale.com\/tr\/wp-json\/wp\/v2\/product"}],"about":[{"href":"https:\/\/glassbottlewholesale.com\/tr\/wp-json\/wp\/v2\/types\/product"}],"replies":[{"embeddable":true,"href":"https:\/\/glassbottlewholesale.com\/tr\/wp-json\/wp\/v2\/comments?post=2481"}],"wp:featuredmedia":[{"embeddable":true,"href":"https:\/\/glassbottlewholesale.com\/tr\/wp-json\/wp\/v2\/media\/4490"}],"wp:attachment":[{"href":"https:\/\/glassbottlewholesale.com\/tr\/wp-json\/wp\/v2\/media?parent=2481"}],"wp:term":[{"taxonomy":"product_brand","embeddable":true,"href":"https:\/\/glassbottlewholesale.com\/tr\/wp-json\/wp\/v2\/product_brand?post=2481"},{"taxonomy":"product_cat","embeddable":true,"href":"https:\/\/glassbottlewholesale.com\/tr\/wp-json\/wp\/v2\/product_cat?post=2481"},{"taxonomy":"product_tag","embeddable":true,"href":"https:\/\/glassbottlewholesale.com\/tr\/wp-json\/wp\/v2\/product_tag?post=2481"}],"curies":[{"name":"wp","href":"https:\/\/api.w.org\/{rel}","templated":true}]}}