{"id":2495,"date":"2021-03-10T03:54:10","date_gmt":"2021-03-10T03:54:10","guid":{"rendered":"https:\/\/glassbottlewholesale.com\/?post_type=product&#038;p=2495"},"modified":"2025-06-23T09:20:15","modified_gmt":"2025-06-23T09:20:15","slug":"toptan-750ml-ci%cc%87n-mavi%cc%87-si%cc%87se-fi%cc%87yati-i%cc%87ngi%cc%87ltereye-gonderi%cc%87m","status":"publish","type":"product","link":"https:\/\/glassbottlewholesale.com\/tr\/toptan-750ml-ci%cc%87n-mavi%cc%87-si%cc%87se-fi%cc%87yati-i%cc%87ngi%cc%87ltereye-gonderi%cc%87m\/","title":{"rendered":"RS020: Toptan 750ml Cin Mavi \u015ei\u015fe Fiyat\u0131 \u0130ngiltere'ye Nakliye"},"content":{"rendered":"<h3>\u0130ngiltere'ye Toptan 750ml Cin Mavi \u015ei\u015fe Fiyat\u0131 G\u00f6nderimi Hakk\u0131nda Detayl\u0131 Bilgi<\/h3>\n<p>Bu seri cam lik\u00f6r \u015fi\u015fesi esas olarak kuru cin ambalaj\u0131 i\u00e7in tasarlanm\u0131\u015ft\u0131r, ancak ayn\u0131 zamanda ispirto \u015fi\u015fesi, viski \u015fi\u015fesi, votka \u015fi\u015fesi, tekila \u015fi\u015fesi ve di\u011fer i\u00e7ecek ambalajlar\u0131 olarak da kullan\u0131labilir. Toptan 750ml cin mavisi \u015fi\u015femiz, \u00e7evremize dost, berrak, g\u00fczel ve k\u0131r\u0131lmas\u0131 kolay olmayan y\u00fcksek \u00e7akmakta\u015f\u0131 kur\u015funsuz cam malzemeyi benimser.<\/p>\n<p>Profesyonel bir cam \u015fi\u015fe \u00fcreticisi olarak, OEM \/ ODM ve \u00f6zel cam \u015fi\u015fe hizmetini kabul ediyoruz. Toptan cin \u015fi\u015felerimiz hakk\u0131nda herhangi bir gereksiniminiz varsa, l\u00fctfen sat\u0131\u015flar\u0131m\u0131zla sohbet edin.<\/p>\n<p>&nbsp;<\/p>\n<ul>\n<li>\u00dcr\u00fcn ad\u0131: toptan 750ml cin mavi \u015fi\u015fe fiyat\u0131<\/li>\n<li>Model Numaras\u0131: RS020<\/li>\n<li>Marka ad\u0131: RUISHENG<\/li>\n<li>Y\u00fczey \u0130\u015fleme: Serigrafi Bask\u0131<\/li>\n<li>End\u00fcstriyel Kullan\u0131m: \u0130\u00e7ecek<\/li>\n<li>Taban Malzemesi: borosilikat \u00e7akmakta\u015f\u0131 cam<\/li>\n<li>G\u00f6vde Malzemesi: borosilikat \u00e7akmakta\u015f\u0131 cam<\/li>\n<li>Yaka Malzemesi: borosilikat \u00e7akmakta\u015f\u0131 cam<\/li>\n<li>S\u0131zd\u0131rmazl\u0131k Tipi: Mantar, Vidal\u0131 Kapak<\/li>\n<li>Men\u015fe Yeri: Shandong, \u00c7in<\/li>\n<li>\u015ei\u015fe Malzemesi: Kristal beyaz malzeme malzemesi Son derece beyaz malzeme<\/li>\n<li>Kullan\u0131m: Cin, ya\u011f, Viski, tekila, votka, brendi, su, i\u00e7ecek vb.<\/li>\n<li>\u015ei\u015fe Rengi: Mavi veya \u00d6zel Renk<\/li>\n<li>Adedi: 10000 adet<\/li>\n<li>\u00d6zellik: \u00c7evre dostu Geri D\u00f6n\u00fc\u015ft\u00fcr\u00fclebilir, OEM\/ODM Mevcut<\/li>\n<li>Nakliye yolu: Deniz Yoluyla, Hava Yoluyla, Vb<\/li>\n<li>Servis: 12 Saat \u0130\u00e7inde Cevap Verin<\/li>\n<li>Tedarik Yetene\u011fi: G\u00fcnde 500000 Adet \/ Adet<\/li>\n<li>Paketleme Detaylar\u0131: \u00d6zel tasar\u0131m sprey votka mavi cam \u015fi\u015fe 500ml 700ml 750ml buzlu lik\u00f6r \/ alkol \/ alkoll\u00fc i\u00e7ki cam \u015fi\u015fe kapakl\u0131<\/li>\n<\/ul>\n<ol>\n<li>Karton ay\u0131r\u0131c\u0131l\u0131 standart ihracat kartonu<\/li>\n<li>Standart ihracat palet ambalaj\u0131<\/li>\n<li>Standart ihracat kartonu + palet ambalaj\u0131<\/li>\n<li>FCG kutu ambalaj\u0131 (Kutu, m\u00fc\u015fterinin fabrikas\u0131nda lik\u00f6r paketlemek i\u00e7in yeniden kullan\u0131lacakt\u0131r)<\/li>\n<\/ol>","protected":false},"excerpt":{"rendered":"<p>Ruisheng, profesyonel bir cam \u015fi\u015fe \u00fcreticisi, fabrika, tedarik\u00e7i ve ihracat\u00e7\u0131, \u0130ngiltere'ye toptan 750ml cin mavi \u015fi\u015fe fiyat nakliye sa\u011flar.<\/p>\n<p>Genever\uff0cDry Gin\uff0cLondon olarak da adland\u0131r\u0131lan cin, Avrupa'da, \u00f6zellikle G\u00fcney Fransa, Flanders ve Hollanda'da ortaya \u00e7\u0131km\u0131\u015ft\u0131r. Cinin k\u00f6keni olan bu b\u00f6lgeler, \u00f6zellikle \u0130ngiltere cam \u015fi\u015femiz i\u00e7in \u00f6nemli pazarlar haline gelmi\u015ftir.<\/p>\n<h2>\u0130\u015fte Toptan 750ml Cin Mavi \u015ei\u015fe Hakk\u0131nda Sipari\u015f Bilgileri<\/h2>\n<div><strong><span class=\"mceItemHidden\"><span class=\"hiddenSpellError\">-<\/span><span class=\"hiddenSpellError\">ADEDI<\/span>: 10000 ADET (Yakla\u015f\u0131k 10000 <span class=\"hiddenSpellError\">adet<\/span>)<\/span><\/strong><\/div>\n<div><span class=\"mceItemHidden\"><span class=\"hiddenSpellError\">-\u00dccretsiz<\/span> Sunulan \u00d6rnek. OEM\/ODM Mevcuttur<\/span><\/div>\n<div><span class=\"mceItemHidden\"><span class=\"hiddenSpellError\">-Global<\/span>\u00a030 G\u00fcn \u0130\u00e7inde Teslimat.<\/span><\/div>\n<div>Toptan 750ml cin mavi \u015fi\u015fe hakk\u0131nda daha fazla bilgi almak istiyorsan\u0131z, l\u00fctfen <a href=\"https:\/\/ruishengglassco.com\/contact\" target=\"_blank\" rel=\"noopener\">mesaj b\u0131rak\u0131n<\/a> sat\u0131\u015f ekibimiz i\u00e7in.<\/div>","protected":false},"featured_media":4496,"comment_status":"open","ping_status":"closed","template":"","meta":[],"product_brand":[],"product_cat":[52,64,62],"product_tag":[],"class_list":{"0":"post-2495","1":"product","2":"type-product","3":"status-publish","4":"has-post-thumbnail","6":"product_cat-750ml-glass-bottle","7":"product_cat-gin-bottle","8":"product_cat-liqueur-bottle","9":"entry","10":"has-media","12":"first","13":"instock","14":"shipping-taxable","15":"product-type-simple"},"yoast_head":"<!-- This site is optimized with the Yoast SEO plugin v27.3 - https:\/\/yoast.com\/product\/yoast-seo-wordpress\/ -->\n<title>Wholesale 750ml Gin Blue Bottle Price Shipping To The UK<\/title>\n<meta name=\"description\" content=\"Do you want to get Wholesale 750ml Gin Blue Bottle Price Shipping To The UK? Click here to get price from Glass Bottle Manufacturer China.\" \/>\n<meta name=\"robots\" content=\"index, follow, max-snippet:-1, max-image-preview:large, max-video-preview:-1\" \/>\n<link rel=\"canonical\" href=\"https:\/\/ruishengglassco.com\/product\/rs020-wholesale-750ml-gin-blue-bottle-price-shipping-to-the-uk\" \/>\n<meta property=\"og:locale\" content=\"tr_TR\" \/>\n<meta property=\"og:type\" content=\"article\" \/>\n<meta property=\"og:title\" content=\"Wholesale 750ml Gin Blue Bottle Price Shipping To The UK\" \/>\n<meta property=\"og:description\" content=\"Do you want to get Wholesale 750ml Gin Blue Bottle Price Shipping To The UK? Click here to get price from Glass Bottle Manufacturer China.\" \/>\n<meta property=\"og:url\" content=\"https:\/\/ruishengglassco.com\/product\/rs020-wholesale-750ml-gin-blue-bottle-price-shipping-to-the-uk\" \/>\n<meta property=\"og:site_name\" content=\"Glass Bottle Wholesale\" \/>\n<meta property=\"article:modified_time\" content=\"2025-06-23T09:20:15+00:00\" \/>\n<meta property=\"og:image\" content=\"https:\/\/glassbottlewholesale.com\/wp-content\/uploads\/2024\/01\/rs0201.jpg\" \/>\n\t<meta property=\"og:image:width\" content=\"800\" \/>\n\t<meta property=\"og:image:height\" content=\"800\" \/>\n\t<meta property=\"og:image:type\" content=\"image\/jpeg\" \/>\n<meta name=\"twitter:card\" content=\"summary_large_image\" \/>\n<meta name=\"twitter:label1\" content=\"Tahmini okuma s\u00fcresi\" \/>\n\t<meta name=\"twitter:data1\" content=\"2 dakika\" \/>\n<script type=\"application\/ld+json\" class=\"yoast-schema-graph\">{\"@context\":\"https:\\\/\\\/schema.org\",\"@graph\":[{\"@type\":\"WebPage\",\"@id\":\"https:\\\/\\\/glassbottlewholesale.com\\\/wholesale-750ml-gin-blue-bottle-price-shipping-to-the-uk\\\/\",\"url\":\"https:\\\/\\\/ruishengglassco.com\\\/product\\\/rs020-wholesale-750ml-gin-blue-bottle-price-shipping-to-the-uk\",\"name\":\"Wholesale 750ml Gin Blue Bottle Price Shipping To The UK\",\"isPartOf\":{\"@id\":\"https:\\\/\\\/glassbottlewholesale.com\\\/#website\"},\"primaryImageOfPage\":{\"@id\":\"https:\\\/\\\/ruishengglassco.com\\\/product\\\/rs020-wholesale-750ml-gin-blue-bottle-price-shipping-to-the-uk#primaryimage\"},\"image\":{\"@id\":\"https:\\\/\\\/ruishengglassco.com\\\/product\\\/rs020-wholesale-750ml-gin-blue-bottle-price-shipping-to-the-uk#primaryimage\"},\"thumbnailUrl\":\"https:\\\/\\\/glassbottlewholesale.com\\\/wp-content\\\/uploads\\\/2024\\\/01\\\/rs0201.jpg\",\"datePublished\":\"2021-03-10T03:54:10+00:00\",\"dateModified\":\"2025-06-23T09:20:15+00:00\",\"description\":\"Do you want to get Wholesale 750ml Gin Blue Bottle Price Shipping To The UK? Click here to get price from Glass Bottle Manufacturer China.\",\"breadcrumb\":{\"@id\":\"https:\\\/\\\/ruishengglassco.com\\\/product\\\/rs020-wholesale-750ml-gin-blue-bottle-price-shipping-to-the-uk#breadcrumb\"},\"inLanguage\":\"tr\",\"potentialAction\":[{\"@type\":\"ReadAction\",\"target\":[\"https:\\\/\\\/ruishengglassco.com\\\/product\\\/rs020-wholesale-750ml-gin-blue-bottle-price-shipping-to-the-uk\"]}]},{\"@type\":\"ImageObject\",\"inLanguage\":\"tr\",\"@id\":\"https:\\\/\\\/ruishengglassco.com\\\/product\\\/rs020-wholesale-750ml-gin-blue-bottle-price-shipping-to-the-uk#primaryimage\",\"url\":\"https:\\\/\\\/glassbottlewholesale.com\\\/wp-content\\\/uploads\\\/2024\\\/01\\\/rs0201.jpg\",\"contentUrl\":\"https:\\\/\\\/glassbottlewholesale.com\\\/wp-content\\\/uploads\\\/2024\\\/01\\\/rs0201.jpg\",\"width\":800,\"height\":800,\"caption\":\"RS020: Wholesale 750ml Gin Blue Bottle Price Shipping To The UK\"},{\"@type\":\"BreadcrumbList\",\"@id\":\"https:\\\/\\\/ruishengglassco.com\\\/product\\\/rs020-wholesale-750ml-gin-blue-bottle-price-shipping-to-the-uk#breadcrumb\",\"itemListElement\":[{\"@type\":\"ListItem\",\"position\":1,\"name\":\"Home\",\"item\":\"https:\\\/\\\/glassbottlewholesale.com\\\/\"},{\"@type\":\"ListItem\",\"position\":2,\"name\":\"Products\",\"item\":\"https:\\\/\\\/glassbottlewholesale.com\\\/shop\\\/\"},{\"@type\":\"ListItem\",\"position\":3,\"name\":\"RS020: Wholesale 750ml Gin Blue Bottle Price Shipping To The UK\"}]},{\"@type\":\"WebSite\",\"@id\":\"https:\\\/\\\/glassbottlewholesale.com\\\/#website\",\"url\":\"https:\\\/\\\/glassbottlewholesale.com\\\/\",\"name\":\"Glass Bottle Wholesale\",\"description\":\"\",\"publisher\":{\"@id\":\"https:\\\/\\\/glassbottlewholesale.com\\\/#organization\"},\"potentialAction\":[{\"@type\":\"SearchAction\",\"target\":{\"@type\":\"EntryPoint\",\"urlTemplate\":\"https:\\\/\\\/glassbottlewholesale.com\\\/?s={search_term_string}\"},\"query-input\":{\"@type\":\"PropertyValueSpecification\",\"valueRequired\":true,\"valueName\":\"search_term_string\"}}],\"inLanguage\":\"tr\"},{\"@type\":\"Organization\",\"@id\":\"https:\\\/\\\/glassbottlewholesale.com\\\/#organization\",\"name\":\"Glass Bottle Wholesale\",\"url\":\"https:\\\/\\\/glassbottlewholesale.com\\\/\",\"logo\":{\"@type\":\"ImageObject\",\"inLanguage\":\"tr\",\"@id\":\"https:\\\/\\\/glassbottlewholesale.com\\\/#\\\/schema\\\/logo\\\/image\\\/\",\"url\":\"https:\\\/\\\/glassbottlewholesale.com\\\/wp-content\\\/uploads\\\/2023\\\/12\\\/ruisheng-logo.webp\",\"contentUrl\":\"https:\\\/\\\/glassbottlewholesale.com\\\/wp-content\\\/uploads\\\/2023\\\/12\\\/ruisheng-logo.webp\",\"width\":400,\"height\":233,\"caption\":\"Glass Bottle Wholesale\"},\"image\":{\"@id\":\"https:\\\/\\\/glassbottlewholesale.com\\\/#\\\/schema\\\/logo\\\/image\\\/\"}}]}<\/script>\n<!-- \/ Yoast SEO plugin. -->","yoast_head_json":{"title":"Wholesale 750ml Gin Blue Bottle Price Shipping To The UK","description":"Do you want to get Wholesale 750ml Gin Blue Bottle Price Shipping To The UK? Click here to get price from Glass Bottle Manufacturer China.","robots":{"index":"index","follow":"follow","max-snippet":"max-snippet:-1","max-image-preview":"max-image-preview:large","max-video-preview":"max-video-preview:-1"},"canonical":"https:\/\/ruishengglassco.com\/product\/rs020-wholesale-750ml-gin-blue-bottle-price-shipping-to-the-uk","og_locale":"tr_TR","og_type":"article","og_title":"Wholesale 750ml Gin Blue Bottle Price Shipping To The UK","og_description":"Do you want to get Wholesale 750ml Gin Blue Bottle Price Shipping To The UK? Click here to get price from Glass Bottle Manufacturer China.","og_url":"https:\/\/ruishengglassco.com\/product\/rs020-wholesale-750ml-gin-blue-bottle-price-shipping-to-the-uk","og_site_name":"Glass Bottle Wholesale","article_modified_time":"2025-06-23T09:20:15+00:00","og_image":[{"width":800,"height":800,"url":"https:\/\/glassbottlewholesale.com\/wp-content\/uploads\/2024\/01\/rs0201.jpg","type":"image\/jpeg"}],"twitter_card":"summary_large_image","twitter_misc":{"Tahmini okuma s\u00fcresi":"2 dakika"},"schema":{"@context":"https:\/\/schema.org","@graph":[{"@type":"WebPage","@id":"https:\/\/glassbottlewholesale.com\/wholesale-750ml-gin-blue-bottle-price-shipping-to-the-uk\/","url":"https:\/\/ruishengglassco.com\/product\/rs020-wholesale-750ml-gin-blue-bottle-price-shipping-to-the-uk","name":"Wholesale 750ml Gin Blue Bottle Price Shipping To The UK","isPartOf":{"@id":"https:\/\/glassbottlewholesale.com\/#website"},"primaryImageOfPage":{"@id":"https:\/\/ruishengglassco.com\/product\/rs020-wholesale-750ml-gin-blue-bottle-price-shipping-to-the-uk#primaryimage"},"image":{"@id":"https:\/\/ruishengglassco.com\/product\/rs020-wholesale-750ml-gin-blue-bottle-price-shipping-to-the-uk#primaryimage"},"thumbnailUrl":"https:\/\/glassbottlewholesale.com\/wp-content\/uploads\/2024\/01\/rs0201.jpg","datePublished":"2021-03-10T03:54:10+00:00","dateModified":"2025-06-23T09:20:15+00:00","description":"Do you want to get Wholesale 750ml Gin Blue Bottle Price Shipping To The UK? Click here to get price from Glass Bottle Manufacturer China.","breadcrumb":{"@id":"https:\/\/ruishengglassco.com\/product\/rs020-wholesale-750ml-gin-blue-bottle-price-shipping-to-the-uk#breadcrumb"},"inLanguage":"tr","potentialAction":[{"@type":"ReadAction","target":["https:\/\/ruishengglassco.com\/product\/rs020-wholesale-750ml-gin-blue-bottle-price-shipping-to-the-uk"]}]},{"@type":"ImageObject","inLanguage":"tr","@id":"https:\/\/ruishengglassco.com\/product\/rs020-wholesale-750ml-gin-blue-bottle-price-shipping-to-the-uk#primaryimage","url":"https:\/\/glassbottlewholesale.com\/wp-content\/uploads\/2024\/01\/rs0201.jpg","contentUrl":"https:\/\/glassbottlewholesale.com\/wp-content\/uploads\/2024\/01\/rs0201.jpg","width":800,"height":800,"caption":"RS020: Wholesale 750ml Gin Blue Bottle Price Shipping To The UK"},{"@type":"BreadcrumbList","@id":"https:\/\/ruishengglassco.com\/product\/rs020-wholesale-750ml-gin-blue-bottle-price-shipping-to-the-uk#breadcrumb","itemListElement":[{"@type":"ListItem","position":1,"name":"Home","item":"https:\/\/glassbottlewholesale.com\/"},{"@type":"ListItem","position":2,"name":"Products","item":"https:\/\/glassbottlewholesale.com\/shop\/"},{"@type":"ListItem","position":3,"name":"RS020: Wholesale 750ml Gin Blue Bottle Price Shipping To The UK"}]},{"@type":"WebSite","@id":"https:\/\/glassbottlewholesale.com\/#website","url":"https:\/\/glassbottlewholesale.com\/","name":"Glass Bottle Wholesale","description":"","publisher":{"@id":"https:\/\/glassbottlewholesale.com\/#organization"},"potentialAction":[{"@type":"SearchAction","target":{"@type":"EntryPoint","urlTemplate":"https:\/\/glassbottlewholesale.com\/?s={search_term_string}"},"query-input":{"@type":"PropertyValueSpecification","valueRequired":true,"valueName":"search_term_string"}}],"inLanguage":"tr"},{"@type":"Organization","@id":"https:\/\/glassbottlewholesale.com\/#organization","name":"Glass Bottle Wholesale","url":"https:\/\/glassbottlewholesale.com\/","logo":{"@type":"ImageObject","inLanguage":"tr","@id":"https:\/\/glassbottlewholesale.com\/#\/schema\/logo\/image\/","url":"https:\/\/glassbottlewholesale.com\/wp-content\/uploads\/2023\/12\/ruisheng-logo.webp","contentUrl":"https:\/\/glassbottlewholesale.com\/wp-content\/uploads\/2023\/12\/ruisheng-logo.webp","width":400,"height":233,"caption":"Glass Bottle Wholesale"},"image":{"@id":"https:\/\/glassbottlewholesale.com\/#\/schema\/logo\/image\/"}}]}},"_links":{"self":[{"href":"https:\/\/glassbottlewholesale.com\/tr\/wp-json\/wp\/v2\/product\/2495","targetHints":{"allow":["GET"]}}],"collection":[{"href":"https:\/\/glassbottlewholesale.com\/tr\/wp-json\/wp\/v2\/product"}],"about":[{"href":"https:\/\/glassbottlewholesale.com\/tr\/wp-json\/wp\/v2\/types\/product"}],"replies":[{"embeddable":true,"href":"https:\/\/glassbottlewholesale.com\/tr\/wp-json\/wp\/v2\/comments?post=2495"}],"wp:featuredmedia":[{"embeddable":true,"href":"https:\/\/glassbottlewholesale.com\/tr\/wp-json\/wp\/v2\/media\/4496"}],"wp:attachment":[{"href":"https:\/\/glassbottlewholesale.com\/tr\/wp-json\/wp\/v2\/media?parent=2495"}],"wp:term":[{"taxonomy":"product_brand","embeddable":true,"href":"https:\/\/glassbottlewholesale.com\/tr\/wp-json\/wp\/v2\/product_brand?post=2495"},{"taxonomy":"product_cat","embeddable":true,"href":"https:\/\/glassbottlewholesale.com\/tr\/wp-json\/wp\/v2\/product_cat?post=2495"},{"taxonomy":"product_tag","embeddable":true,"href":"https:\/\/glassbottlewholesale.com\/tr\/wp-json\/wp\/v2\/product_tag?post=2495"}],"curies":[{"name":"wp","href":"https:\/\/api.w.org\/{rel}","templated":true}]}}