{"id":2509,"date":"2021-03-10T09:14:33","date_gmt":"2021-03-10T09:14:33","guid":{"rendered":"https:\/\/glassbottlewholesale.com\/?post_type=product&#038;p=2509"},"modified":"2025-06-23T09:18:05","modified_gmt":"2025-06-23T09:18:05","slug":"ki%cc%87si%cc%87sellesti%cc%87ri%cc%87lmi%cc%87s-ci%cc%87n-si%cc%87sesi%cc%87-500ml-700ml-750ml-mali%cc%87yet","status":"publish","type":"product","link":"https:\/\/glassbottlewholesale.com\/tr\/ki%cc%87si%cc%87sellesti%cc%87ri%cc%87lmi%cc%87s-ci%cc%87n-si%cc%87sesi%cc%87-500ml-700ml-750ml-mali%cc%87yet\/","title":{"rendered":"RS019: Ki\u015fiye \u00d6zel Cin \u015ei\u015fesi 500ML\/700ML\/750ML Maliyet"},"content":{"rendered":"<h2>Ki\u015fiye \u00d6zel Cin \u015ei\u015fesi 500ML\/700ML\/750ML Maliyeti Hakk\u0131nda Detayl\u0131 Bilgi<\/h2>\n<p>&nbsp;<\/p>\n<ul>\n<li>\u00dcr\u00fcn: Ki\u015fiselle\u015ftirilmi\u015f Cin \u015ei\u015fesi 500ML\/700ML\/750ML<\/li>\n<li>Model Numaras\u0131: RS019<\/li>\n<li>Kullan\u0131m \u015eekli: Cin, ya\u011f, viski, tekila, votka, brendi, su, i\u00e7ecek cam \u015fi\u015fesi<\/li>\n<li>Kapasite: 100ml, 200ml, 250ml, 500ml, 600ml, 700ml, 750ml, 1000ml, 2L<\/li>\n<li>Malzeme: S\u00fcper \u00e7akmakta\u015f\u0131 cam\/ekstra \u00e7akmakta\u015f\u0131 cam<\/li>\n<li>Y\u00fczey \u0130\u015fleme: Kabartmal\u0131, \u00c7\u0131kartma, Boyama, Buzlu, S\u0131cak damgalama, Elektrokaplama<\/li>\n<li>Logo: \u00d6zel logo mevcuttur<\/li>\n<li>\u00d6rnek: Mevcut kal\u0131b\u0131m\u0131z\u0131 kullan\u0131rsan\u0131z \u00fccretsiz olarak sa\u011flan\u0131r.<\/li>\n<li>Paket: Karton b\u00f6l\u00fcc\u00fcl\u00fc kartonlar, palet, palet + karton, \u00f6zelle\u015ftirilmi\u015f logo renkli kutu<\/li>\n<li>Teslimat: Deniz yoluyla, hava yoluyla, ekspres ile<\/li>\n<li>\u00d6deme s\u00fcresi: T \/ T L \/ C Western union<\/li>\n<li>Avantajlar:<\/li>\n<\/ul>\n<p>I). Cam \u015fi\u015fe \u00fcretiminde 10 y\u0131ll\u0131k deneyim ile<\/p>\n<p>II). Y\u00fcksek dereceli \u015feffafl\u0131k, d\u00fc\u015f\u00fck k\u0131r\u0131lma oran\u0131. P\u00fcr\u00fczs\u00fcz y\u00fczey, kabarc\u0131k yok, k\u0131r\u0131\u015f\u0131kl\u0131k yok<\/p>\n<p>III). Kal\u0131n tabanl\u0131 olsa bile renk de \u00e7ok saft\u0131r.<\/p>\n<p>IV). D\u00fc\u015f\u00fck fiyat ama makul.<\/p>\n<p>V). Kal\u0131p maliyeti 50.000 adet sipari\u015f i\u00e7in iade edilebilir<\/p>\n<p>VI). \u00d6zel bir sipari\u015f i\u00e7in h\u0131zl\u0131 numuneler, numune 15 g\u00fcn i\u00e7inde tamamlanabilir.<\/p>\n<p>VII). Nakliye s\u0131ras\u0131nda herhangi bir k\u0131r\u0131k \u015fi\u015fe olursa, bir sonraki sipari\u015f i\u00e7in tazminat \u00f6denecektir.<\/p>\n<p>VIII). SGS, TUV, ISO9001, ISO14001 ve di\u011fer testleri ge\u00e7tik.<\/p>\n<p>VX). M\u00fc\u015fteri Ruisheng'den tek elden hizmet alabilir<\/p>","protected":false},"excerpt":{"rendered":"<p>Bu seri ki\u015fiselle\u015ftirilmi\u015f cin \u015fi\u015fesi, kuru cin ambalaj\u0131nda kullan\u0131lan \u0130ngiltere'den m\u00fc\u015fterilerimiz i\u00e7in tasarlanm\u0131\u015ft\u0131r. Benzersiz tasar\u0131m\u0131 ve \u00e7ekici g\u00f6r\u00fcn\u00fcm\u00fc m\u00fc\u015fterilerin be\u011fenisini kazanmaktad\u0131r.<\/p>\n<p>Ruisheng, \u00c7in'in \u00f6nde gelen profesyonel lik\u00f6r \u015fi\u015fesi \u00fcreticilerinden biri olarak, lik\u00f6r markas\u0131, \u015firketler, cam \u015fi\u015fe toptanc\u0131lar\u0131 ve distrib\u00fct\u00f6rleri i\u00e7in OEM, ODM ve \u00f6zel lik\u00f6r \u015fi\u015fesi hizmetleri sunmaktad\u0131r.<\/p>\n<h2>Ki\u015fiye \u00d6zel Cin \u015ei\u015fesi Hakk\u0131nda Sipari\u015f Bilgileri<\/h2>\n<div><strong><span class=\"mceItemHidden\"><span class=\"hiddenSpellError\">-<\/span><span class=\"hiddenSpellError\">ADEDI<\/span>: 10000 ADET (Yakla\u015f\u0131k 10000\u00a0<span class=\"hiddenSpellError\">adet<\/span>)<\/span><\/strong><\/div>\n<div><span class=\"mceItemHidden\"><span class=\"hiddenSpellError\">-\u00dccretsiz<\/span>\u00a0Sunulan \u00d6rnek. OEM\/ODM Mevcuttur<\/span><\/div>\n<div><span class=\"mceItemHidden\"><span class=\"hiddenSpellError\">-Global<\/span>\u00a030 G\u00fcn \u0130\u00e7inde Teslimat.<\/span><\/div>\n<p>Ki\u015fiselle\u015ftirilmi\u015f cin \u015fi\u015fesi istiyorsan\u0131z, l\u00fctfen \u00e7ekinmeyin <a href=\"https:\/\/ruishengglassco.com\/contact\" target=\"_blank\" rel=\"noopener\">Bize ula\u015f\u0131n<\/a>.<\/p>\n<p>&nbsp;<\/p>","protected":false},"featured_media":4352,"comment_status":"open","ping_status":"closed","template":"","meta":[],"product_brand":[],"product_cat":[50,51,52,64,63],"product_tag":[],"class_list":{"0":"post-2509","1":"product","2":"type-product","3":"status-publish","4":"has-post-thumbnail","6":"product_cat-500ml-glass-bottle","7":"product_cat-700ml-glass-bottle","8":"product_cat-750ml-glass-bottle","9":"product_cat-gin-bottle","10":"product_cat-liquor-bottle","11":"entry","12":"has-media","14":"first","15":"instock","16":"shipping-taxable","17":"product-type-simple"},"yoast_head":"<!-- This site is optimized with the Yoast SEO plugin v27.3 - https:\/\/yoast.com\/product\/yoast-seo-wordpress\/ -->\n<title>Personalised Gin Bottle 500ML\/700ML\/750ML Cost<\/title>\n<meta name=\"description\" content=\"Want to get personalised gin bottle? Click here to get custom gin bottle 500ML\/700ML\/750ML cost from China Glass Bottle Manufacturer.\" \/>\n<meta name=\"robots\" content=\"index, follow, max-snippet:-1, max-image-preview:large, max-video-preview:-1\" \/>\n<link rel=\"canonical\" href=\"https:\/\/ruishengglassco.com\/product\/rs019-personalised-gin-bottle-500ml-700ml-750ml-cost\" \/>\n<meta property=\"og:locale\" content=\"tr_TR\" \/>\n<meta property=\"og:type\" content=\"article\" \/>\n<meta property=\"og:title\" content=\"Personalised Gin Bottle 500ML\/700ML\/750ML Cost\" \/>\n<meta property=\"og:description\" content=\"Want to get personalised gin bottle? Click here to get custom gin bottle 500ML\/700ML\/750ML cost from China Glass Bottle Manufacturer.\" \/>\n<meta property=\"og:url\" content=\"https:\/\/ruishengglassco.com\/product\/rs019-personalised-gin-bottle-500ml-700ml-750ml-cost\" \/>\n<meta property=\"og:site_name\" content=\"Glass Bottle Wholesale\" \/>\n<meta property=\"article:modified_time\" content=\"2025-06-23T09:18:05+00:00\" \/>\n<meta property=\"og:image\" content=\"https:\/\/glassbottlewholesale.com\/wp-content\/uploads\/2023\/12\/700ml-clear-empty-glass-bottle-1.jpg\" \/>\n\t<meta property=\"og:image:width\" content=\"800\" \/>\n\t<meta property=\"og:image:height\" content=\"800\" \/>\n\t<meta property=\"og:image:type\" content=\"image\/jpeg\" \/>\n<meta name=\"twitter:card\" content=\"summary_large_image\" \/>\n<meta name=\"twitter:label1\" content=\"Tahmini okuma s\u00fcresi\" \/>\n\t<meta name=\"twitter:data1\" content=\"2 dakika\" \/>\n<script type=\"application\/ld+json\" class=\"yoast-schema-graph\">{\"@context\":\"https:\\\/\\\/schema.org\",\"@graph\":[{\"@type\":\"WebPage\",\"@id\":\"https:\\\/\\\/glassbottlewholesale.com\\\/personalised-gin-bottle-500ml-700ml-750ml-cost\\\/\",\"url\":\"https:\\\/\\\/ruishengglassco.com\\\/product\\\/rs019-personalised-gin-bottle-500ml-700ml-750ml-cost\",\"name\":\"Personalised Gin Bottle 500ML\\\/700ML\\\/750ML Cost\",\"isPartOf\":{\"@id\":\"https:\\\/\\\/glassbottlewholesale.com\\\/#website\"},\"primaryImageOfPage\":{\"@id\":\"https:\\\/\\\/ruishengglassco.com\\\/product\\\/rs019-personalised-gin-bottle-500ml-700ml-750ml-cost#primaryimage\"},\"image\":{\"@id\":\"https:\\\/\\\/ruishengglassco.com\\\/product\\\/rs019-personalised-gin-bottle-500ml-700ml-750ml-cost#primaryimage\"},\"thumbnailUrl\":\"https:\\\/\\\/glassbottlewholesale.com\\\/wp-content\\\/uploads\\\/2023\\\/12\\\/700ml-clear-empty-glass-bottle-1.jpg\",\"datePublished\":\"2021-03-10T09:14:33+00:00\",\"dateModified\":\"2025-06-23T09:18:05+00:00\",\"description\":\"Want to get personalised gin bottle? Click here to get custom gin bottle 500ML\\\/700ML\\\/750ML cost from China Glass Bottle Manufacturer.\",\"breadcrumb\":{\"@id\":\"https:\\\/\\\/ruishengglassco.com\\\/product\\\/rs019-personalised-gin-bottle-500ml-700ml-750ml-cost#breadcrumb\"},\"inLanguage\":\"tr\",\"potentialAction\":[{\"@type\":\"ReadAction\",\"target\":[\"https:\\\/\\\/ruishengglassco.com\\\/product\\\/rs019-personalised-gin-bottle-500ml-700ml-750ml-cost\"]}]},{\"@type\":\"ImageObject\",\"inLanguage\":\"tr\",\"@id\":\"https:\\\/\\\/ruishengglassco.com\\\/product\\\/rs019-personalised-gin-bottle-500ml-700ml-750ml-cost#primaryimage\",\"url\":\"https:\\\/\\\/glassbottlewholesale.com\\\/wp-content\\\/uploads\\\/2023\\\/12\\\/700ml-clear-empty-glass-bottle-1.jpg\",\"contentUrl\":\"https:\\\/\\\/glassbottlewholesale.com\\\/wp-content\\\/uploads\\\/2023\\\/12\\\/700ml-clear-empty-glass-bottle-1.jpg\",\"width\":800,\"height\":800,\"caption\":\"700ml clear empty glass bottle\"},{\"@type\":\"BreadcrumbList\",\"@id\":\"https:\\\/\\\/ruishengglassco.com\\\/product\\\/rs019-personalised-gin-bottle-500ml-700ml-750ml-cost#breadcrumb\",\"itemListElement\":[{\"@type\":\"ListItem\",\"position\":1,\"name\":\"Home\",\"item\":\"https:\\\/\\\/glassbottlewholesale.com\\\/\"},{\"@type\":\"ListItem\",\"position\":2,\"name\":\"Products\",\"item\":\"https:\\\/\\\/glassbottlewholesale.com\\\/shop\\\/\"},{\"@type\":\"ListItem\",\"position\":3,\"name\":\"RS019: Personalised Gin Bottle 500ML\\\/700ML\\\/750ML Cost\"}]},{\"@type\":\"WebSite\",\"@id\":\"https:\\\/\\\/glassbottlewholesale.com\\\/#website\",\"url\":\"https:\\\/\\\/glassbottlewholesale.com\\\/\",\"name\":\"Glass Bottle Wholesale\",\"description\":\"\",\"publisher\":{\"@id\":\"https:\\\/\\\/glassbottlewholesale.com\\\/#organization\"},\"potentialAction\":[{\"@type\":\"SearchAction\",\"target\":{\"@type\":\"EntryPoint\",\"urlTemplate\":\"https:\\\/\\\/glassbottlewholesale.com\\\/?s={search_term_string}\"},\"query-input\":{\"@type\":\"PropertyValueSpecification\",\"valueRequired\":true,\"valueName\":\"search_term_string\"}}],\"inLanguage\":\"tr\"},{\"@type\":\"Organization\",\"@id\":\"https:\\\/\\\/glassbottlewholesale.com\\\/#organization\",\"name\":\"Glass Bottle Wholesale\",\"url\":\"https:\\\/\\\/glassbottlewholesale.com\\\/\",\"logo\":{\"@type\":\"ImageObject\",\"inLanguage\":\"tr\",\"@id\":\"https:\\\/\\\/glassbottlewholesale.com\\\/#\\\/schema\\\/logo\\\/image\\\/\",\"url\":\"https:\\\/\\\/glassbottlewholesale.com\\\/wp-content\\\/uploads\\\/2023\\\/12\\\/ruisheng-logo.webp\",\"contentUrl\":\"https:\\\/\\\/glassbottlewholesale.com\\\/wp-content\\\/uploads\\\/2023\\\/12\\\/ruisheng-logo.webp\",\"width\":400,\"height\":233,\"caption\":\"Glass Bottle Wholesale\"},\"image\":{\"@id\":\"https:\\\/\\\/glassbottlewholesale.com\\\/#\\\/schema\\\/logo\\\/image\\\/\"}}]}<\/script>\n<!-- \/ Yoast SEO plugin. -->","yoast_head_json":{"title":"Ki\u015fiselle\u015ftirilmi\u015f Cin \u015ei\u015fesi 500ML\/700ML\/750ML Maliyet","description":"Ki\u015fiselle\u015ftirilmi\u015f cin \u015fi\u015fesi almak ister misiniz? \u00c7in Cam \u015ei\u015fe \u00dcreticisinden \u00f6zel cin \u015fi\u015fesi 500ML\/700ML\/750ML maliyeti almak i\u00e7in buraya t\u0131klay\u0131n.","robots":{"index":"index","follow":"follow","max-snippet":"max-snippet:-1","max-image-preview":"max-image-preview:large","max-video-preview":"max-video-preview:-1"},"canonical":"https:\/\/ruishengglassco.com\/product\/rs019-personalised-gin-bottle-500ml-700ml-750ml-cost","og_locale":"tr_TR","og_type":"article","og_title":"Personalised Gin Bottle 500ML\/700ML\/750ML Cost","og_description":"Want to get personalised gin bottle? Click here to get custom gin bottle 500ML\/700ML\/750ML cost from China Glass Bottle Manufacturer.","og_url":"https:\/\/ruishengglassco.com\/product\/rs019-personalised-gin-bottle-500ml-700ml-750ml-cost","og_site_name":"Glass Bottle Wholesale","article_modified_time":"2025-06-23T09:18:05+00:00","og_image":[{"width":800,"height":800,"url":"https:\/\/glassbottlewholesale.com\/wp-content\/uploads\/2023\/12\/700ml-clear-empty-glass-bottle-1.jpg","type":"image\/jpeg"}],"twitter_card":"summary_large_image","twitter_misc":{"Tahmini okuma s\u00fcresi":"2 dakika"},"schema":{"@context":"https:\/\/schema.org","@graph":[{"@type":"WebPage","@id":"https:\/\/glassbottlewholesale.com\/personalised-gin-bottle-500ml-700ml-750ml-cost\/","url":"https:\/\/ruishengglassco.com\/product\/rs019-personalised-gin-bottle-500ml-700ml-750ml-cost","name":"Ki\u015fiselle\u015ftirilmi\u015f Cin \u015ei\u015fesi 500ML\/700ML\/750ML Maliyet","isPartOf":{"@id":"https:\/\/glassbottlewholesale.com\/#website"},"primaryImageOfPage":{"@id":"https:\/\/ruishengglassco.com\/product\/rs019-personalised-gin-bottle-500ml-700ml-750ml-cost#primaryimage"},"image":{"@id":"https:\/\/ruishengglassco.com\/product\/rs019-personalised-gin-bottle-500ml-700ml-750ml-cost#primaryimage"},"thumbnailUrl":"https:\/\/glassbottlewholesale.com\/wp-content\/uploads\/2023\/12\/700ml-clear-empty-glass-bottle-1.jpg","datePublished":"2021-03-10T09:14:33+00:00","dateModified":"2025-06-23T09:18:05+00:00","description":"Ki\u015fiselle\u015ftirilmi\u015f cin \u015fi\u015fesi almak ister misiniz? \u00c7in Cam \u015ei\u015fe \u00dcreticisinden \u00f6zel cin \u015fi\u015fesi 500ML\/700ML\/750ML maliyeti almak i\u00e7in buraya t\u0131klay\u0131n.","breadcrumb":{"@id":"https:\/\/ruishengglassco.com\/product\/rs019-personalised-gin-bottle-500ml-700ml-750ml-cost#breadcrumb"},"inLanguage":"tr","potentialAction":[{"@type":"ReadAction","target":["https:\/\/ruishengglassco.com\/product\/rs019-personalised-gin-bottle-500ml-700ml-750ml-cost"]}]},{"@type":"ImageObject","inLanguage":"tr","@id":"https:\/\/ruishengglassco.com\/product\/rs019-personalised-gin-bottle-500ml-700ml-750ml-cost#primaryimage","url":"https:\/\/glassbottlewholesale.com\/wp-content\/uploads\/2023\/12\/700ml-clear-empty-glass-bottle-1.jpg","contentUrl":"https:\/\/glassbottlewholesale.com\/wp-content\/uploads\/2023\/12\/700ml-clear-empty-glass-bottle-1.jpg","width":800,"height":800,"caption":"700ml clear empty glass bottle"},{"@type":"BreadcrumbList","@id":"https:\/\/ruishengglassco.com\/product\/rs019-personalised-gin-bottle-500ml-700ml-750ml-cost#breadcrumb","itemListElement":[{"@type":"ListItem","position":1,"name":"Home","item":"https:\/\/glassbottlewholesale.com\/"},{"@type":"ListItem","position":2,"name":"Products","item":"https:\/\/glassbottlewholesale.com\/shop\/"},{"@type":"ListItem","position":3,"name":"RS019: Personalised Gin Bottle 500ML\/700ML\/750ML Cost"}]},{"@type":"WebSite","@id":"https:\/\/glassbottlewholesale.com\/#website","url":"https:\/\/glassbottlewholesale.com\/","name":"Glass Bottle Wholesale","description":"","publisher":{"@id":"https:\/\/glassbottlewholesale.com\/#organization"},"potentialAction":[{"@type":"SearchAction","target":{"@type":"EntryPoint","urlTemplate":"https:\/\/glassbottlewholesale.com\/?s={search_term_string}"},"query-input":{"@type":"PropertyValueSpecification","valueRequired":true,"valueName":"search_term_string"}}],"inLanguage":"tr"},{"@type":"Organization","@id":"https:\/\/glassbottlewholesale.com\/#organization","name":"Glass Bottle Wholesale","url":"https:\/\/glassbottlewholesale.com\/","logo":{"@type":"ImageObject","inLanguage":"tr","@id":"https:\/\/glassbottlewholesale.com\/#\/schema\/logo\/image\/","url":"https:\/\/glassbottlewholesale.com\/wp-content\/uploads\/2023\/12\/ruisheng-logo.webp","contentUrl":"https:\/\/glassbottlewholesale.com\/wp-content\/uploads\/2023\/12\/ruisheng-logo.webp","width":400,"height":233,"caption":"Glass Bottle Wholesale"},"image":{"@id":"https:\/\/glassbottlewholesale.com\/#\/schema\/logo\/image\/"}}]}},"_links":{"self":[{"href":"https:\/\/glassbottlewholesale.com\/tr\/wp-json\/wp\/v2\/product\/2509","targetHints":{"allow":["GET"]}}],"collection":[{"href":"https:\/\/glassbottlewholesale.com\/tr\/wp-json\/wp\/v2\/product"}],"about":[{"href":"https:\/\/glassbottlewholesale.com\/tr\/wp-json\/wp\/v2\/types\/product"}],"replies":[{"embeddable":true,"href":"https:\/\/glassbottlewholesale.com\/tr\/wp-json\/wp\/v2\/comments?post=2509"}],"wp:featuredmedia":[{"embeddable":true,"href":"https:\/\/glassbottlewholesale.com\/tr\/wp-json\/wp\/v2\/media\/4352"}],"wp:attachment":[{"href":"https:\/\/glassbottlewholesale.com\/tr\/wp-json\/wp\/v2\/media?parent=2509"}],"wp:term":[{"taxonomy":"product_brand","embeddable":true,"href":"https:\/\/glassbottlewholesale.com\/tr\/wp-json\/wp\/v2\/product_brand?post=2509"},{"taxonomy":"product_cat","embeddable":true,"href":"https:\/\/glassbottlewholesale.com\/tr\/wp-json\/wp\/v2\/product_cat?post=2509"},{"taxonomy":"product_tag","embeddable":true,"href":"https:\/\/glassbottlewholesale.com\/tr\/wp-json\/wp\/v2\/product_tag?post=2509"}],"curies":[{"name":"wp","href":"https:\/\/api.w.org\/{rel}","templated":true}]}}