{"id":2548,"date":"2021-03-17T03:06:57","date_gmt":"2021-03-17T03:06:57","guid":{"rendered":"https:\/\/glassbottlewholesale.com\/?post_type=product&#038;p=2548"},"modified":"2025-06-23T09:10:08","modified_gmt":"2025-06-23T09:10:08","slug":"toptan-yuvarlak-350ml-mantarli-cam-sise","status":"publish","type":"product","link":"https:\/\/glassbottlewholesale.com\/tr\/toptan-yuvarlak-350ml-mantarli-cam-sise\/","title":{"rendered":"RS015: Mantarl\u0131 Toptan Yuvarlak 350ml Cam Meyve Suyu \u015ei\u015fesi"},"content":{"rendered":"<h2>Cam Meyve Suyu \u015ei\u015fesi Toptan Sat\u0131\u015f Hakk\u0131nda Detayl\u0131 Bilgi<\/h2>\n<p>Bu cam meyve suyu \u015fi\u015fesi toptan sat\u0131\u015f serisi standart tasar\u0131m cam \u015fi\u015felerdir. Kendi cam kal\u0131b\u0131m\u0131z taraf\u0131ndan yap\u0131lm\u0131\u015ft\u0131r. \u00dcr\u00fcn, cam \u015fi\u015femizi net, \u015feffaf ve zarif k\u0131lan \u00fcst d\u00fczey el yap\u0131m\u0131 kristal cam beyaz malzemeyi benimser.<\/p>\n<ul>\n<li>\u00dcr\u00fcn: Cam meyve suyu \u015fi\u015fesi toptan sat\u0131\u015f\u0131<\/li>\n<li>Model Numaras\u0131: RS015<\/li>\n<li>Kapasite: =1000ml<\/li>\n<li>Malzeme: S\u00fcper \u00e7akmakta\u015f\u0131 cam malzeme, Kristal beyaz cam malzeme, Pahal\u0131 beyaz cam malzeme.<\/li>\n<li>S\u0131zd\u0131rmazl\u0131k Tipi: Mantar, guala kapak, vidal\u0131 kapak, plastik kapak, ah\u015fap kapak<\/li>\n<li>Y\u00fczey: Don, \u00e7\u0131kartma, boyama, s\u0131cak damgalama, kabartmal\u0131, bask\u0131, alt\u0131n, serigrafi<\/li>\n<li>Numune: Mevcut kal\u0131p taraf\u0131ndan \u00fccretsiz<\/li>\n<li>Teslim s\u00fcresi: Toplu \u00fcr\u00fcnler i\u00e7in 20-30 g\u00fcn<\/li>\n<li>Liman: Qingdao, \u015eangay, Guangzhou<\/li>\n<li>\u00d6deme: T \/ T, Paypal, Ticaret g\u00fcvencesi, DP, LC, BATI B\u0130RL\u0130\u011e\u0130<\/li>\n<li>Hammadde: Silis kumu, sodyum karbonat, kire\u00e7ta\u015f\u0131, dolomit, feldispat, boraks, baryum vb.<\/li>\n<\/ul>\n<h4>\u00d6zellikler:<\/h4>\n<ul>\n<li>Profesyonel prod\u00fcksiyon deneyimi ile.<\/li>\n<li>OEM ve ODM hizmeti: numuneniz veya tasar\u0131m \u00e7iziminiz olarak.<\/li>\n<li>Mevcut numune \u00fccretsizdir.<\/li>\n<li>Uygun Fiyat, M\u00fckemmel Kalite ve \u00d6zenli Hizmet<\/li>\n<li>Nakliye s\u0131ras\u0131nda k\u0131r\u0131lan \u015fi\u015feler, bir sonraki sipari\u015f i\u00e7in telafi edilir.<\/li>\n<li>An\u0131nda cevap: Sorunuza ve e-postan\u0131za 12 saat i\u00e7inde cevap vermek.<\/li>\n<li>Teslimat: Depozitoyu ald\u0131ktan yakla\u015f\u0131k 20-25 g\u00fcn sonra.<\/li>\n<li>ISO9001 ve ISO14001 ve di\u011fer testleri ge\u00e7tik.<\/li>\n<li>Sadece m\u00fckemmel \u00fcr\u00fcnler de\u011fil, ayn\u0131 zamanda hizmet ve pazar \u00e7\u00f6z\u00fcmleri de sunuyoruz.<\/li>\n<li>Alt k\u0131sm\u0131 kal\u0131n olsa bile rengi de \u00e7ok saft\u0131r.<\/li>\n<\/ul>","protected":false},"excerpt":{"rendered":"<p>Ruisheng Glass Co, Ltd, a\u011f\u0131rl\u0131kl\u0131 olarak deniza\u015f\u0131r\u0131 cam lik\u00f6r \u015fi\u015fesi ve cam meyve suyu \u015fi\u015fesi toptan sat\u0131\u015f i\u015fiyle u\u011fra\u015fan bir cam i\u00e7ecek \u015fi\u015fesi \u00fcreticisi, bir\u00e7ok uluslararas\u0131 pazar i\u00e7in hizmet vermi\u015ftir.  Firmam\u0131z cam \u015fi\u015fe tasar\u0131m ve \u00fcretim hizmeti vermektedir. OEM \/ ODM \/ \u00d6zel hizmet sunulmaktad\u0131r. \u00dcr\u00fcnlerimiz yayg\u0131n olarak ruh, \u015farap, votka, viski, pirin\u00e7 \u015farab\u0131, meyve \u015farab\u0131, rom, cin, votka, tekila, t\u0131bbi lik\u00f6r, parf\u00fcm, kozmetik, zeytinya\u011f\u0131 vb.<\/p>\n<h4>Cam Meyve Suyu \u015ei\u015fesi Toptan Sat\u0131\u015f Hakk\u0131nda Endi\u015feli Bilgiler<\/h4>\n<div><strong>-M\u0130KTAR: 10000 ADET (Yakla\u015f\u0131k 10000-35000 adet)<\/strong><\/div>\n<div>-Mantar \u00d6rnekli \u00dccretsiz \u00d6zel \u0130spirto \u015ei\u015feleri Sa\u011flay\u0131n<\/div>\n<div>-\u00d6zel Hizmet Sunulmaktad\u0131r<\/div>\n<div>Cam meyve suyu \u015fi\u015fesi toptan sat\u0131\u015f\u0131m\u0131z hakk\u0131nda daha fazla bilgi edinmek istiyorsan\u0131z, l\u00fctfen \u00e7ekinmeyin <a href=\"https:\/\/ruishengglassco.com\/contact\" target=\"_blank\" rel=\"noopener\">sat\u0131\u015flar\u0131m\u0131zla ileti\u015fime ge\u00e7in<\/a>.<\/div>","protected":false},"featured_media":2671,"comment_status":"open","ping_status":"closed","template":"","meta":[],"product_brand":[],"product_cat":[49,63,65,67,61],"product_tag":[],"class_list":{"0":"post-2548","1":"product","2":"type-product","3":"status-publish","4":"has-post-thumbnail","6":"product_cat-375ml-glass-bottle","7":"product_cat-liquor-bottle","8":"product_cat-rum-bottle","9":"product_cat-vodka-bottle","10":"product_cat-xo-brandy-bottle","11":"entry","12":"has-media","14":"first","15":"instock","16":"shipping-taxable","17":"product-type-simple"},"yoast_head":"<!-- This site is optimized with the Yoast SEO plugin v27.3 - https:\/\/yoast.com\/product\/yoast-seo-wordpress\/ -->\n<title>Glass Juice Bottles Wholesale | Beverage Bottle Manufacturers<\/title>\n<meta name=\"description\" content=\"Ruisheng Glass Co, Ltd, a professional beverage bottle manufacturer, provide glass juice bottles wholesale with cork. Custom Bottle Design Offered.\" \/>\n<meta name=\"robots\" content=\"index, follow, max-snippet:-1, max-image-preview:large, max-video-preview:-1\" \/>\n<link rel=\"canonical\" href=\"https:\/\/ruishengglassco.com\/product\/rs015-wholesale-round-350ml-glass-juice-bottle-wholesale-with-cork\" \/>\n<meta property=\"og:locale\" content=\"tr_TR\" \/>\n<meta property=\"og:type\" content=\"article\" \/>\n<meta property=\"og:title\" content=\"Glass Juice Bottles Wholesale | Beverage Bottle Manufacturers\" \/>\n<meta property=\"og:description\" content=\"Ruisheng Glass Co, Ltd, a professional beverage bottle manufacturer, provide glass juice bottles wholesale with cork. Custom Bottle Design Offered.\" \/>\n<meta property=\"og:url\" content=\"https:\/\/ruishengglassco.com\/product\/rs015-wholesale-round-350ml-glass-juice-bottle-wholesale-with-cork\" \/>\n<meta property=\"og:site_name\" content=\"Glass Bottle Wholesale\" \/>\n<meta property=\"article:modified_time\" content=\"2025-06-23T09:10:08+00:00\" \/>\n<meta property=\"og:image\" content=\"https:\/\/glassbottlewholesale.com\/wp-content\/uploads\/2019\/10\/16.jpg\" \/>\n\t<meta property=\"og:image:width\" content=\"800\" \/>\n\t<meta property=\"og:image:height\" content=\"800\" \/>\n\t<meta property=\"og:image:type\" content=\"image\/jpeg\" \/>\n<meta name=\"twitter:card\" content=\"summary_large_image\" \/>\n<meta name=\"twitter:label1\" content=\"Tahmini okuma s\u00fcresi\" \/>\n\t<meta name=\"twitter:data1\" content=\"2 dakika\" \/>\n<script type=\"application\/ld+json\" class=\"yoast-schema-graph\">{\"@context\":\"https:\\\/\\\/schema.org\",\"@graph\":[{\"@type\":\"WebPage\",\"@id\":\"https:\\\/\\\/glassbottlewholesale.com\\\/wholesale-round-350ml-glass-bottle-with-cork\\\/\",\"url\":\"https:\\\/\\\/ruishengglassco.com\\\/product\\\/rs015-wholesale-round-350ml-glass-juice-bottle-wholesale-with-cork\",\"name\":\"Glass Juice Bottles Wholesale | Beverage Bottle Manufacturers\",\"isPartOf\":{\"@id\":\"https:\\\/\\\/glassbottlewholesale.com\\\/#website\"},\"primaryImageOfPage\":{\"@id\":\"https:\\\/\\\/ruishengglassco.com\\\/product\\\/rs015-wholesale-round-350ml-glass-juice-bottle-wholesale-with-cork#primaryimage\"},\"image\":{\"@id\":\"https:\\\/\\\/ruishengglassco.com\\\/product\\\/rs015-wholesale-round-350ml-glass-juice-bottle-wholesale-with-cork#primaryimage\"},\"thumbnailUrl\":\"https:\\\/\\\/glassbottlewholesale.com\\\/wp-content\\\/uploads\\\/2019\\\/10\\\/16.jpg\",\"datePublished\":\"2021-03-17T03:06:57+00:00\",\"dateModified\":\"2025-06-23T09:10:08+00:00\",\"description\":\"Ruisheng Glass Co, Ltd, a professional beverage bottle manufacturer, provide glass juice bottles wholesale with cork. Custom Bottle Design Offered.\",\"breadcrumb\":{\"@id\":\"https:\\\/\\\/ruishengglassco.com\\\/product\\\/rs015-wholesale-round-350ml-glass-juice-bottle-wholesale-with-cork#breadcrumb\"},\"inLanguage\":\"tr\",\"potentialAction\":[{\"@type\":\"ReadAction\",\"target\":[\"https:\\\/\\\/ruishengglassco.com\\\/product\\\/rs015-wholesale-round-350ml-glass-juice-bottle-wholesale-with-cork\"]}]},{\"@type\":\"ImageObject\",\"inLanguage\":\"tr\",\"@id\":\"https:\\\/\\\/ruishengglassco.com\\\/product\\\/rs015-wholesale-round-350ml-glass-juice-bottle-wholesale-with-cork#primaryimage\",\"url\":\"https:\\\/\\\/glassbottlewholesale.com\\\/wp-content\\\/uploads\\\/2019\\\/10\\\/16.jpg\",\"contentUrl\":\"https:\\\/\\\/glassbottlewholesale.com\\\/wp-content\\\/uploads\\\/2019\\\/10\\\/16.jpg\",\"width\":800,\"height\":800,\"caption\":\"Glass Juice Bottles Wholesale\"},{\"@type\":\"BreadcrumbList\",\"@id\":\"https:\\\/\\\/ruishengglassco.com\\\/product\\\/rs015-wholesale-round-350ml-glass-juice-bottle-wholesale-with-cork#breadcrumb\",\"itemListElement\":[{\"@type\":\"ListItem\",\"position\":1,\"name\":\"Home\",\"item\":\"https:\\\/\\\/glassbottlewholesale.com\\\/\"},{\"@type\":\"ListItem\",\"position\":2,\"name\":\"Products\",\"item\":\"https:\\\/\\\/glassbottlewholesale.com\\\/shop\\\/\"},{\"@type\":\"ListItem\",\"position\":3,\"name\":\"RS015: Wholesale Round 350ml Glass Juice Bottle Wholesale With Cork\"}]},{\"@type\":\"WebSite\",\"@id\":\"https:\\\/\\\/glassbottlewholesale.com\\\/#website\",\"url\":\"https:\\\/\\\/glassbottlewholesale.com\\\/\",\"name\":\"Glass Bottle Wholesale\",\"description\":\"\",\"publisher\":{\"@id\":\"https:\\\/\\\/glassbottlewholesale.com\\\/#organization\"},\"potentialAction\":[{\"@type\":\"SearchAction\",\"target\":{\"@type\":\"EntryPoint\",\"urlTemplate\":\"https:\\\/\\\/glassbottlewholesale.com\\\/?s={search_term_string}\"},\"query-input\":{\"@type\":\"PropertyValueSpecification\",\"valueRequired\":true,\"valueName\":\"search_term_string\"}}],\"inLanguage\":\"tr\"},{\"@type\":\"Organization\",\"@id\":\"https:\\\/\\\/glassbottlewholesale.com\\\/#organization\",\"name\":\"Glass Bottle Wholesale\",\"url\":\"https:\\\/\\\/glassbottlewholesale.com\\\/\",\"logo\":{\"@type\":\"ImageObject\",\"inLanguage\":\"tr\",\"@id\":\"https:\\\/\\\/glassbottlewholesale.com\\\/#\\\/schema\\\/logo\\\/image\\\/\",\"url\":\"https:\\\/\\\/glassbottlewholesale.com\\\/wp-content\\\/uploads\\\/2023\\\/12\\\/ruisheng-logo.webp\",\"contentUrl\":\"https:\\\/\\\/glassbottlewholesale.com\\\/wp-content\\\/uploads\\\/2023\\\/12\\\/ruisheng-logo.webp\",\"width\":400,\"height\":233,\"caption\":\"Glass Bottle Wholesale\"},\"image\":{\"@id\":\"https:\\\/\\\/glassbottlewholesale.com\\\/#\\\/schema\\\/logo\\\/image\\\/\"}}]}<\/script>\n<!-- \/ Yoast SEO plugin. -->","yoast_head_json":{"title":"Glass Juice Bottles Wholesale | Beverage Bottle Manufacturers","description":"Ruisheng Glass Co, Ltd, a professional beverage bottle manufacturer, provide glass juice bottles wholesale with cork. Custom Bottle Design Offered.","robots":{"index":"index","follow":"follow","max-snippet":"max-snippet:-1","max-image-preview":"max-image-preview:large","max-video-preview":"max-video-preview:-1"},"canonical":"https:\/\/ruishengglassco.com\/product\/rs015-wholesale-round-350ml-glass-juice-bottle-wholesale-with-cork","og_locale":"tr_TR","og_type":"article","og_title":"Glass Juice Bottles Wholesale | Beverage Bottle Manufacturers","og_description":"Ruisheng Glass Co, Ltd, a professional beverage bottle manufacturer, provide glass juice bottles wholesale with cork. Custom Bottle Design Offered.","og_url":"https:\/\/ruishengglassco.com\/product\/rs015-wholesale-round-350ml-glass-juice-bottle-wholesale-with-cork","og_site_name":"Glass Bottle Wholesale","article_modified_time":"2025-06-23T09:10:08+00:00","og_image":[{"width":800,"height":800,"url":"https:\/\/glassbottlewholesale.com\/wp-content\/uploads\/2019\/10\/16.jpg","type":"image\/jpeg"}],"twitter_card":"summary_large_image","twitter_misc":{"Tahmini okuma s\u00fcresi":"2 dakika"},"schema":{"@context":"https:\/\/schema.org","@graph":[{"@type":"WebPage","@id":"https:\/\/glassbottlewholesale.com\/wholesale-round-350ml-glass-bottle-with-cork\/","url":"https:\/\/ruishengglassco.com\/product\/rs015-wholesale-round-350ml-glass-juice-bottle-wholesale-with-cork","name":"Glass Juice Bottles Wholesale | Beverage Bottle Manufacturers","isPartOf":{"@id":"https:\/\/glassbottlewholesale.com\/#website"},"primaryImageOfPage":{"@id":"https:\/\/ruishengglassco.com\/product\/rs015-wholesale-round-350ml-glass-juice-bottle-wholesale-with-cork#primaryimage"},"image":{"@id":"https:\/\/ruishengglassco.com\/product\/rs015-wholesale-round-350ml-glass-juice-bottle-wholesale-with-cork#primaryimage"},"thumbnailUrl":"https:\/\/glassbottlewholesale.com\/wp-content\/uploads\/2019\/10\/16.jpg","datePublished":"2021-03-17T03:06:57+00:00","dateModified":"2025-06-23T09:10:08+00:00","description":"Ruisheng Glass Co, Ltd, a professional beverage bottle manufacturer, provide glass juice bottles wholesale with cork. Custom Bottle Design Offered.","breadcrumb":{"@id":"https:\/\/ruishengglassco.com\/product\/rs015-wholesale-round-350ml-glass-juice-bottle-wholesale-with-cork#breadcrumb"},"inLanguage":"tr","potentialAction":[{"@type":"ReadAction","target":["https:\/\/ruishengglassco.com\/product\/rs015-wholesale-round-350ml-glass-juice-bottle-wholesale-with-cork"]}]},{"@type":"ImageObject","inLanguage":"tr","@id":"https:\/\/ruishengglassco.com\/product\/rs015-wholesale-round-350ml-glass-juice-bottle-wholesale-with-cork#primaryimage","url":"https:\/\/glassbottlewholesale.com\/wp-content\/uploads\/2019\/10\/16.jpg","contentUrl":"https:\/\/glassbottlewholesale.com\/wp-content\/uploads\/2019\/10\/16.jpg","width":800,"height":800,"caption":"Glass Juice Bottles Wholesale"},{"@type":"BreadcrumbList","@id":"https:\/\/ruishengglassco.com\/product\/rs015-wholesale-round-350ml-glass-juice-bottle-wholesale-with-cork#breadcrumb","itemListElement":[{"@type":"ListItem","position":1,"name":"Home","item":"https:\/\/glassbottlewholesale.com\/"},{"@type":"ListItem","position":2,"name":"Products","item":"https:\/\/glassbottlewholesale.com\/shop\/"},{"@type":"ListItem","position":3,"name":"RS015: Wholesale Round 350ml Glass Juice Bottle Wholesale With Cork"}]},{"@type":"WebSite","@id":"https:\/\/glassbottlewholesale.com\/#website","url":"https:\/\/glassbottlewholesale.com\/","name":"Glass Bottle Wholesale","description":"","publisher":{"@id":"https:\/\/glassbottlewholesale.com\/#organization"},"potentialAction":[{"@type":"SearchAction","target":{"@type":"EntryPoint","urlTemplate":"https:\/\/glassbottlewholesale.com\/?s={search_term_string}"},"query-input":{"@type":"PropertyValueSpecification","valueRequired":true,"valueName":"search_term_string"}}],"inLanguage":"tr"},{"@type":"Organization","@id":"https:\/\/glassbottlewholesale.com\/#organization","name":"Glass Bottle Wholesale","url":"https:\/\/glassbottlewholesale.com\/","logo":{"@type":"ImageObject","inLanguage":"tr","@id":"https:\/\/glassbottlewholesale.com\/#\/schema\/logo\/image\/","url":"https:\/\/glassbottlewholesale.com\/wp-content\/uploads\/2023\/12\/ruisheng-logo.webp","contentUrl":"https:\/\/glassbottlewholesale.com\/wp-content\/uploads\/2023\/12\/ruisheng-logo.webp","width":400,"height":233,"caption":"Glass Bottle Wholesale"},"image":{"@id":"https:\/\/glassbottlewholesale.com\/#\/schema\/logo\/image\/"}}]}},"_links":{"self":[{"href":"https:\/\/glassbottlewholesale.com\/tr\/wp-json\/wp\/v2\/product\/2548","targetHints":{"allow":["GET"]}}],"collection":[{"href":"https:\/\/glassbottlewholesale.com\/tr\/wp-json\/wp\/v2\/product"}],"about":[{"href":"https:\/\/glassbottlewholesale.com\/tr\/wp-json\/wp\/v2\/types\/product"}],"replies":[{"embeddable":true,"href":"https:\/\/glassbottlewholesale.com\/tr\/wp-json\/wp\/v2\/comments?post=2548"}],"wp:featuredmedia":[{"embeddable":true,"href":"https:\/\/glassbottlewholesale.com\/tr\/wp-json\/wp\/v2\/media\/2671"}],"wp:attachment":[{"href":"https:\/\/glassbottlewholesale.com\/tr\/wp-json\/wp\/v2\/media?parent=2548"}],"wp:term":[{"taxonomy":"product_brand","embeddable":true,"href":"https:\/\/glassbottlewholesale.com\/tr\/wp-json\/wp\/v2\/product_brand?post=2548"},{"taxonomy":"product_cat","embeddable":true,"href":"https:\/\/glassbottlewholesale.com\/tr\/wp-json\/wp\/v2\/product_cat?post=2548"},{"taxonomy":"product_tag","embeddable":true,"href":"https:\/\/glassbottlewholesale.com\/tr\/wp-json\/wp\/v2\/product_tag?post=2548"}],"curies":[{"name":"wp","href":"https:\/\/api.w.org\/{rel}","templated":true}]}}