{"id":2572,"date":"2021-03-17T03:24:56","date_gmt":"2021-03-17T03:24:56","guid":{"rendered":"https:\/\/glassbottlewholesale.com\/?post_type=product&#038;p=2572"},"modified":"2025-06-23T08:59:59","modified_gmt":"2025-06-23T08:59:59","slug":"375ml-cam-icecek-siseleri-toptan-satisi","status":"publish","type":"product","link":"https:\/\/glassbottlewholesale.com\/tr\/375ml-cam-icecek-siseleri-toptan-satisi\/","title":{"rendered":"RS011: 375ml Cam \u0130\u00e7ecek \u015ei\u015feleri Toptan Sat\u0131\u015f"},"content":{"rendered":"<h4>375ml Cam \u0130\u00e7ecek \u015ei\u015feleri Toptan Sat\u0131\u015f hakk\u0131nda detayl\u0131 bilgi<\/h4>\n<p>Bu seri 375ml cam i\u00e7ecek \u015fi\u015fesi toptan sat\u0131\u015f\u0131 esas olarak lik\u00f6r, meyve suyu, s\u00fct, \u015fampanya ve di\u011fer i\u00e7eceklerin ambalajlanmas\u0131 i\u00e7in tasarlanm\u0131\u015ft\u0131r. Toptan bo\u015f i\u00e7ecek \u015fi\u015feleri, insan v\u00fccuduna zararl\u0131 olmayan ve \u00e7evreyi korumak i\u00e7in tekrar geri d\u00f6n\u00fc\u015ft\u00fcr\u00fclebilen y\u00fcksek \u00e7akmakta\u015f\u0131 cam malzemeyi benimser.<\/p>\n<ul>\n<li>Model Ad\u0131: 375ml cam i\u00e7ecek \u015fi\u015feleri toptan sat\u0131\u015f\u0131<\/li>\n<li>Model Numaras\u0131: RS011<\/li>\n<li>Marka ad\u0131: RUISHENG<\/li>\n<li><strong>Adedi: 10000 adet<\/strong><\/li>\n<li>Kapasite: 375ml\/500ml\/700ml\/750ml\/\u00f6zelle\u015ftirilmi\u015f<\/li>\n<li>Y\u00fczey \u0130\u015fleme: S\u0131cak Bask\u0131, Frost, \u00c7\u0131kartma, Kabartma, Serigrafi<\/li>\n<li>Malzeme S\u00fcper Flint Cam<\/li>\n<li>Yaka Malzemesi: \u015eeffaf Cam \u015ei\u015fe<\/li>\n<li>S\u0131zd\u0131rmazl\u0131k Tipi: Vidal\u0131 Kapak, Mantar, Cam Kapak, \u00c7evirmeli Kapak<\/li>\n<li>Kullan\u0131m i\u00e7in: Rom\/Cin\/Viski \u015ei\u015fesi<\/li>\n<li>Men\u015fe Yeri: Shandong, \u00c7in<\/li>\n<li>paket: Standart ihracat kartonlar\u0131 ve paletleri<\/li>\n<li>Hizmet OEM\/ODM Hizmeti<\/li>\n<\/ul>\n<p>Resimde g\u00f6r\u00fclen i\u00e7ecek \u015fi\u015fesi toptan sat\u0131\u015f\u0131 kendi cam \u015fi\u015fe kal\u0131b\u0131m\u0131z taraf\u0131ndan \u00fcretilmektedir. \u0130htiyac\u0131n\u0131z olursa, \u00fcretim i\u00e7in firmam\u0131zda \u00fccretsiz kal\u0131plar se\u00e7ebilirsiniz. Tabii ki, \u00e7izimler veya resimler sa\u011flayabilirsiniz ve bunlar\u0131 gereksinimlerinize g\u00f6re \u00fcretece\u011fiz.<\/p>\n<p>M\u00fc\u015fterilerin se\u00e7mesi i\u00e7in a\u015fa\u011f\u0131daki \u015fi\u015fe kapaklar\u0131n\u0131 sunuyoruz. \u00dcr\u00fcn\u00fcn ihtiya\u00e7lar\u0131na g\u00f6re kapa\u011f\u0131 se\u00e7ebilirsiniz.<\/p>\n<p><img decoding=\"async\" class=\"aligncenter wp-image-2420 size-full\" src=\"https:\/\/glassbottlewholesale.com\/wp-content\/uploads\/2020\/12\/WX20201229-154422.png\" alt=\"\u015ei\u015fe kapaklar\u0131\" width=\"752\" height=\"452\" srcset=\"https:\/\/glassbottlewholesale.com\/wp-content\/uploads\/2020\/12\/WX20201229-154422.png 752w, https:\/\/glassbottlewholesale.com\/wp-content\/uploads\/2020\/12\/WX20201229-154422-300x180.png 300w, https:\/\/glassbottlewholesale.com\/wp-content\/uploads\/2020\/12\/WX20201229-154422-600x361.png 600w\" sizes=\"(max-width: 752px) 100vw, 752px\" \/><\/p>\n<p>&nbsp;<\/p>","protected":false},"excerpt":{"rendered":"<p>\u00c7in'in \u00f6nde gelen lik\u00f6r \u015fi\u015feleme tesisi \u00fcreticilerinden biri olan Ruisheng <strong>375ml Cam \u0130\u00e7ecek \u015ei\u015feleri Toptan Sat\u0131\u015f <\/strong>lik\u00f6r, meyve suyu, s\u00fct, \u015fampanya ve di\u011fer i\u00e7ecekler i\u00e7in. Profesyonel bir cam \u015fi\u015fe \u00fcreticisi ve tedarik\u00e7isi olarak firmam\u0131z, m\u00fc\u015fterilerimizin ihtiya\u00e7lar\u0131na g\u00f6re OEM \/ ODM \/ \u00d6zel cam \u015fi\u015fe hizmeti vermektedir.<\/p>\n<h4>Endi\u015feli Detay hakk\u0131nda <strong>375ml Cam \u0130\u00e7ecek \u015ei\u015feleri Toptan Sat\u0131\u015f<\/strong><\/h4>\n<div><strong><span class=\"mceItemHidden\"><span class=\"hiddenSpellError\">-<\/span><span class=\"hiddenSpellError\">ADEDI<\/span>: 10000 ADET (Yakla\u015f\u0131k 10000<span class=\"hiddenSpellError\">adet<\/span>)<\/span><\/strong><\/div>\n<div><span class=\"mceItemHidden\"><span class=\"hiddenSpellError\">-\u00dccretsiz<\/span>\u00a0Sunulan \u00d6rnek.<\/span><\/div>\n<div><span class=\"mceItemHidden\"><span class=\"hiddenSpellError\">-7 G\u00fcn i\u00e7inde \u00dccretsiz Numune teslimat\u0131. Toplu sipari\u015f<\/span> 30 G\u00fcn \u0130\u00e7inde Teslimat.<\/span><\/div>\n<div>Toptan cam i\u00e7ecek \u015fi\u015feleri hakk\u0131nda daha fazla bilgi almak istiyorsan\u0131z, l\u00fctfen<a href=\"https:\/\/ruishengglassco.com\/contact\" target=\"_blank\" rel=\"noopener\"> Bize ula\u015f\u0131n<\/a> Daha fazlas\u0131n\u0131 \u00f6\u011frenmek i\u00e7in.<\/div>","protected":false},"featured_media":4766,"comment_status":"open","ping_status":"closed","template":"","meta":[],"product_brand":[],"product_cat":[49,52,55,63],"product_tag":[],"class_list":{"0":"post-2572","1":"product","2":"type-product","3":"status-publish","4":"has-post-thumbnail","6":"product_cat-375ml-glass-bottle","7":"product_cat-750ml-glass-bottle","8":"product_cat-custom-glass-bottle","9":"product_cat-liquor-bottle","10":"entry","11":"has-media","13":"first","14":"instock","15":"shipping-taxable","16":"product-type-simple"},"yoast_head":"<!-- This site is optimized with the Yoast SEO plugin v27.3 - https:\/\/yoast.com\/product\/yoast-seo-wordpress\/ -->\n<title>Glass Beverage Bottles Wholesale | Liquor Bottling Plant Manufacturers<\/title>\n<meta name=\"description\" content=\"Ruisheng, one of the leading liquor bottling plant manufacturers in China, provides 375ml Glass Beverage Bottles Wholesale for liquor, juice, milk, champagne, and other drinks.\" \/>\n<meta name=\"robots\" content=\"index, follow, max-snippet:-1, max-image-preview:large, max-video-preview:-1\" \/>\n<link rel=\"canonical\" href=\"https:\/\/ruishengglassco.com\/product\/rs011-375ml-glass-beverage-bottles-wholesale\" \/>\n<meta property=\"og:locale\" content=\"tr_TR\" \/>\n<meta property=\"og:type\" content=\"article\" \/>\n<meta property=\"og:title\" content=\"Glass Beverage Bottles Wholesale | Liquor Bottling Plant Manufacturers\" \/>\n<meta property=\"og:description\" content=\"Ruisheng, one of the leading liquor bottling plant manufacturers in China, provides 375ml Glass Beverage Bottles Wholesale for liquor, juice, milk, champagne, and other drinks.\" \/>\n<meta property=\"og:url\" content=\"https:\/\/ruishengglassco.com\/product\/rs011-375ml-glass-beverage-bottles-wholesale\" \/>\n<meta property=\"og:site_name\" content=\"Glass Bottle Wholesale\" \/>\n<meta property=\"article:modified_time\" content=\"2025-06-23T08:59:59+00:00\" \/>\n<meta property=\"og:image\" content=\"https:\/\/glassbottlewholesale.com\/wp-content\/uploads\/2024\/04\/glass-bottle-manufacturing19.png\" \/>\n\t<meta property=\"og:image:width\" content=\"800\" \/>\n\t<meta property=\"og:image:height\" content=\"800\" \/>\n\t<meta property=\"og:image:type\" content=\"image\/png\" \/>\n<meta name=\"twitter:card\" content=\"summary_large_image\" \/>\n<meta name=\"twitter:label1\" content=\"Tahmini okuma s\u00fcresi\" \/>\n\t<meta name=\"twitter:data1\" content=\"2 dakika\" \/>\n<script type=\"application\/ld+json\" class=\"yoast-schema-graph\">{\"@context\":\"https:\\\/\\\/schema.org\",\"@graph\":[{\"@type\":\"WebPage\",\"@id\":\"https:\\\/\\\/glassbottlewholesale.com\\\/375ml-glass-beverage-bottles-wholesale\\\/\",\"url\":\"https:\\\/\\\/ruishengglassco.com\\\/product\\\/rs011-375ml-glass-beverage-bottles-wholesale\",\"name\":\"Glass Beverage Bottles Wholesale | Liquor Bottling Plant Manufacturers\",\"isPartOf\":{\"@id\":\"https:\\\/\\\/glassbottlewholesale.com\\\/#website\"},\"primaryImageOfPage\":{\"@id\":\"https:\\\/\\\/ruishengglassco.com\\\/product\\\/rs011-375ml-glass-beverage-bottles-wholesale#primaryimage\"},\"image\":{\"@id\":\"https:\\\/\\\/ruishengglassco.com\\\/product\\\/rs011-375ml-glass-beverage-bottles-wholesale#primaryimage\"},\"thumbnailUrl\":\"https:\\\/\\\/glassbottlewholesale.com\\\/wp-content\\\/uploads\\\/2024\\\/04\\\/glass-bottle-manufacturing19.png\",\"datePublished\":\"2021-03-17T03:24:56+00:00\",\"dateModified\":\"2025-06-23T08:59:59+00:00\",\"description\":\"Ruisheng, one of the leading liquor bottling plant manufacturers in China, provides 375ml Glass Beverage Bottles Wholesale for liquor, juice, milk, champagne, and other drinks.\",\"breadcrumb\":{\"@id\":\"https:\\\/\\\/ruishengglassco.com\\\/product\\\/rs011-375ml-glass-beverage-bottles-wholesale#breadcrumb\"},\"inLanguage\":\"tr\",\"potentialAction\":[{\"@type\":\"ReadAction\",\"target\":[\"https:\\\/\\\/ruishengglassco.com\\\/product\\\/rs011-375ml-glass-beverage-bottles-wholesale\"]}]},{\"@type\":\"ImageObject\",\"inLanguage\":\"tr\",\"@id\":\"https:\\\/\\\/ruishengglassco.com\\\/product\\\/rs011-375ml-glass-beverage-bottles-wholesale#primaryimage\",\"url\":\"https:\\\/\\\/glassbottlewholesale.com\\\/wp-content\\\/uploads\\\/2024\\\/04\\\/glass-bottle-manufacturing19.png\",\"contentUrl\":\"https:\\\/\\\/glassbottlewholesale.com\\\/wp-content\\\/uploads\\\/2024\\\/04\\\/glass-bottle-manufacturing19.png\",\"width\":800,\"height\":800,\"caption\":\"RS011: 375ml Glass Beverage Bottles Wholesale\"},{\"@type\":\"BreadcrumbList\",\"@id\":\"https:\\\/\\\/ruishengglassco.com\\\/product\\\/rs011-375ml-glass-beverage-bottles-wholesale#breadcrumb\",\"itemListElement\":[{\"@type\":\"ListItem\",\"position\":1,\"name\":\"Home\",\"item\":\"https:\\\/\\\/glassbottlewholesale.com\\\/\"},{\"@type\":\"ListItem\",\"position\":2,\"name\":\"Products\",\"item\":\"https:\\\/\\\/glassbottlewholesale.com\\\/shop\\\/\"},{\"@type\":\"ListItem\",\"position\":3,\"name\":\"RS011: 375ml Glass Beverage Bottles Wholesale\"}]},{\"@type\":\"WebSite\",\"@id\":\"https:\\\/\\\/glassbottlewholesale.com\\\/#website\",\"url\":\"https:\\\/\\\/glassbottlewholesale.com\\\/\",\"name\":\"Glass Bottle Wholesale\",\"description\":\"\",\"publisher\":{\"@id\":\"https:\\\/\\\/glassbottlewholesale.com\\\/#organization\"},\"potentialAction\":[{\"@type\":\"SearchAction\",\"target\":{\"@type\":\"EntryPoint\",\"urlTemplate\":\"https:\\\/\\\/glassbottlewholesale.com\\\/?s={search_term_string}\"},\"query-input\":{\"@type\":\"PropertyValueSpecification\",\"valueRequired\":true,\"valueName\":\"search_term_string\"}}],\"inLanguage\":\"tr\"},{\"@type\":\"Organization\",\"@id\":\"https:\\\/\\\/glassbottlewholesale.com\\\/#organization\",\"name\":\"Glass Bottle Wholesale\",\"url\":\"https:\\\/\\\/glassbottlewholesale.com\\\/\",\"logo\":{\"@type\":\"ImageObject\",\"inLanguage\":\"tr\",\"@id\":\"https:\\\/\\\/glassbottlewholesale.com\\\/#\\\/schema\\\/logo\\\/image\\\/\",\"url\":\"https:\\\/\\\/glassbottlewholesale.com\\\/wp-content\\\/uploads\\\/2023\\\/12\\\/ruisheng-logo.webp\",\"contentUrl\":\"https:\\\/\\\/glassbottlewholesale.com\\\/wp-content\\\/uploads\\\/2023\\\/12\\\/ruisheng-logo.webp\",\"width\":400,\"height\":233,\"caption\":\"Glass Bottle Wholesale\"},\"image\":{\"@id\":\"https:\\\/\\\/glassbottlewholesale.com\\\/#\\\/schema\\\/logo\\\/image\\\/\"}}]}<\/script>\n<!-- \/ Yoast SEO plugin. -->","yoast_head_json":{"title":"Glass Beverage Bottles Wholesale | Liquor Bottling Plant Manufacturers","description":"Ruisheng, one of the leading liquor bottling plant manufacturers in China, provides 375ml Glass Beverage Bottles Wholesale for liquor, juice, milk, champagne, and other drinks.","robots":{"index":"index","follow":"follow","max-snippet":"max-snippet:-1","max-image-preview":"max-image-preview:large","max-video-preview":"max-video-preview:-1"},"canonical":"https:\/\/ruishengglassco.com\/product\/rs011-375ml-glass-beverage-bottles-wholesale","og_locale":"tr_TR","og_type":"article","og_title":"Glass Beverage Bottles Wholesale | Liquor Bottling Plant Manufacturers","og_description":"Ruisheng, one of the leading liquor bottling plant manufacturers in China, provides 375ml Glass Beverage Bottles Wholesale for liquor, juice, milk, champagne, and other drinks.","og_url":"https:\/\/ruishengglassco.com\/product\/rs011-375ml-glass-beverage-bottles-wholesale","og_site_name":"Glass Bottle Wholesale","article_modified_time":"2025-06-23T08:59:59+00:00","og_image":[{"width":800,"height":800,"url":"https:\/\/glassbottlewholesale.com\/wp-content\/uploads\/2024\/04\/glass-bottle-manufacturing19.png","type":"image\/png"}],"twitter_card":"summary_large_image","twitter_misc":{"Tahmini okuma s\u00fcresi":"2 dakika"},"schema":{"@context":"https:\/\/schema.org","@graph":[{"@type":"WebPage","@id":"https:\/\/glassbottlewholesale.com\/375ml-glass-beverage-bottles-wholesale\/","url":"https:\/\/ruishengglassco.com\/product\/rs011-375ml-glass-beverage-bottles-wholesale","name":"Glass Beverage Bottles Wholesale | Liquor Bottling Plant Manufacturers","isPartOf":{"@id":"https:\/\/glassbottlewholesale.com\/#website"},"primaryImageOfPage":{"@id":"https:\/\/ruishengglassco.com\/product\/rs011-375ml-glass-beverage-bottles-wholesale#primaryimage"},"image":{"@id":"https:\/\/ruishengglassco.com\/product\/rs011-375ml-glass-beverage-bottles-wholesale#primaryimage"},"thumbnailUrl":"https:\/\/glassbottlewholesale.com\/wp-content\/uploads\/2024\/04\/glass-bottle-manufacturing19.png","datePublished":"2021-03-17T03:24:56+00:00","dateModified":"2025-06-23T08:59:59+00:00","description":"Ruisheng, one of the leading liquor bottling plant manufacturers in China, provides 375ml Glass Beverage Bottles Wholesale for liquor, juice, milk, champagne, and other drinks.","breadcrumb":{"@id":"https:\/\/ruishengglassco.com\/product\/rs011-375ml-glass-beverage-bottles-wholesale#breadcrumb"},"inLanguage":"tr","potentialAction":[{"@type":"ReadAction","target":["https:\/\/ruishengglassco.com\/product\/rs011-375ml-glass-beverage-bottles-wholesale"]}]},{"@type":"ImageObject","inLanguage":"tr","@id":"https:\/\/ruishengglassco.com\/product\/rs011-375ml-glass-beverage-bottles-wholesale#primaryimage","url":"https:\/\/glassbottlewholesale.com\/wp-content\/uploads\/2024\/04\/glass-bottle-manufacturing19.png","contentUrl":"https:\/\/glassbottlewholesale.com\/wp-content\/uploads\/2024\/04\/glass-bottle-manufacturing19.png","width":800,"height":800,"caption":"RS011: 375ml Glass Beverage Bottles Wholesale"},{"@type":"BreadcrumbList","@id":"https:\/\/ruishengglassco.com\/product\/rs011-375ml-glass-beverage-bottles-wholesale#breadcrumb","itemListElement":[{"@type":"ListItem","position":1,"name":"Home","item":"https:\/\/glassbottlewholesale.com\/"},{"@type":"ListItem","position":2,"name":"Products","item":"https:\/\/glassbottlewholesale.com\/shop\/"},{"@type":"ListItem","position":3,"name":"RS011: 375ml Glass Beverage Bottles Wholesale"}]},{"@type":"WebSite","@id":"https:\/\/glassbottlewholesale.com\/#website","url":"https:\/\/glassbottlewholesale.com\/","name":"Glass Bottle Wholesale","description":"","publisher":{"@id":"https:\/\/glassbottlewholesale.com\/#organization"},"potentialAction":[{"@type":"SearchAction","target":{"@type":"EntryPoint","urlTemplate":"https:\/\/glassbottlewholesale.com\/?s={search_term_string}"},"query-input":{"@type":"PropertyValueSpecification","valueRequired":true,"valueName":"search_term_string"}}],"inLanguage":"tr"},{"@type":"Organization","@id":"https:\/\/glassbottlewholesale.com\/#organization","name":"Glass Bottle Wholesale","url":"https:\/\/glassbottlewholesale.com\/","logo":{"@type":"ImageObject","inLanguage":"tr","@id":"https:\/\/glassbottlewholesale.com\/#\/schema\/logo\/image\/","url":"https:\/\/glassbottlewholesale.com\/wp-content\/uploads\/2023\/12\/ruisheng-logo.webp","contentUrl":"https:\/\/glassbottlewholesale.com\/wp-content\/uploads\/2023\/12\/ruisheng-logo.webp","width":400,"height":233,"caption":"Glass Bottle Wholesale"},"image":{"@id":"https:\/\/glassbottlewholesale.com\/#\/schema\/logo\/image\/"}}]}},"_links":{"self":[{"href":"https:\/\/glassbottlewholesale.com\/tr\/wp-json\/wp\/v2\/product\/2572","targetHints":{"allow":["GET"]}}],"collection":[{"href":"https:\/\/glassbottlewholesale.com\/tr\/wp-json\/wp\/v2\/product"}],"about":[{"href":"https:\/\/glassbottlewholesale.com\/tr\/wp-json\/wp\/v2\/types\/product"}],"replies":[{"embeddable":true,"href":"https:\/\/glassbottlewholesale.com\/tr\/wp-json\/wp\/v2\/comments?post=2572"}],"wp:featuredmedia":[{"embeddable":true,"href":"https:\/\/glassbottlewholesale.com\/tr\/wp-json\/wp\/v2\/media\/4766"}],"wp:attachment":[{"href":"https:\/\/glassbottlewholesale.com\/tr\/wp-json\/wp\/v2\/media?parent=2572"}],"wp:term":[{"taxonomy":"product_brand","embeddable":true,"href":"https:\/\/glassbottlewholesale.com\/tr\/wp-json\/wp\/v2\/product_brand?post=2572"},{"taxonomy":"product_cat","embeddable":true,"href":"https:\/\/glassbottlewholesale.com\/tr\/wp-json\/wp\/v2\/product_cat?post=2572"},{"taxonomy":"product_tag","embeddable":true,"href":"https:\/\/glassbottlewholesale.com\/tr\/wp-json\/wp\/v2\/product_tag?post=2572"}],"curies":[{"name":"wp","href":"https:\/\/api.w.org\/{rel}","templated":true}]}}