{"id":2604,"date":"2021-03-23T02:45:34","date_gmt":"2021-03-23T02:45:34","guid":{"rendered":"https:\/\/glassbottlewholesale.com\/?post_type=product&#038;p=2604"},"modified":"2023-12-28T09:53:35","modified_gmt":"2023-12-28T09:53:35","slug":"750ml-alsace-bottle-wine-bottle-wholesale-supplier","status":"publish","type":"product","link":"https:\/\/glassbottlewholesale.com\/tr\/750ml-alsace-bottle-wine-bottle-wholesale-supplier\/","title":{"rendered":"RS008: 750ml Alsace \u015ei\u015fe \u015earap \u015ei\u015fesi Toptan Sat\u0131\u015f Tedarik\u00e7isi"},"content":{"rendered":"<h4>750ml \u015earap \u015ei\u015fesi Toptan Sat\u0131\u015f-Alsace \u015ei\u015fesi Hakk\u0131nda Detayl\u0131 Bilgi<\/h4>\n<ul>\n<li>\u00dcr\u00fcn: 750ml Alsace \u015ei\u015fe \u015earap \u015ei\u015fesi Toptan Sat\u0131\u015f<\/li>\n<li>\u00dcretici firma: Ruisheng Cam \u015ei\u015fe<\/li>\n<li>Numara: RS-008<\/li>\n<li>Kapasite: 700ml, 750ml, 1000ml, 2L<\/li>\n<li>Malzeme: S\u00fcper \u00e7akmakta\u015f\u0131 cam malzeme, Kristal beyaz cam malzeme, Pahal\u0131 beyaz cam malzeme<\/li>\n<li>Kullan\u0131m \u015eekli Cam \u015earap \u015ei\u015fesi<\/li>\n<li>Y\u00fczey: Don, \u00e7\u0131kartma, boyama, s\u0131cak damgalama, kabartmal\u0131, bask\u0131, alt\u0131n, serigrafi<\/li>\n<li>Logo: Kabul Edilebilir M\u00fc\u015fteri Logosu<\/li>\n<li>\u00d6rnek:\n<ul>\n<li>Kal\u0131p yap\u0131m\u0131<\/li>\n<li>Mevcut kal\u0131p taraf\u0131ndan serbest<\/li>\n<li>Kelimeler veya tasar\u0131m\u0131n\u0131z olarak<\/li>\n<\/ul>\n<\/li>\n<li>Paket: Standart ihracat kartonu; veya palet ambalaj\u0131; FGC kutu ambalaj\u0131<\/li>\n<li>Teslim s\u00fcresi: Sipari\u015fin onaylanmas\u0131ndan sonra 20-30 g\u00fcn<\/li>\n<\/ul>\n<p>&nbsp;<\/p>","protected":false},"excerpt":{"rendered":"<p>Ruisheng, a professional Alsace Bottle Manufacturer, provides 750ml wine bottle wholesale for Wineries, wine companies, food packaging companies, glass bottle wholesalers, and retailers. This empty wine bottle is also known as the Germanic bottle, specially designed for wine bottle packaging.<\/p>\n<p>As a professional glass bottle manufacturer and supplier, we provide custom wine bottle service for our customers. OEM\/ODM Service offered.<\/p>\n<div><strong><span class=\"mceItemHidden\"><span class=\"hiddenSpellError\">-<\/span><span class=\"hiddenSpellError\">ADEDI<\/span>: 10000 ADET (Yakla\u015f\u0131k 10000\u00a0<span class=\"hiddenSpellError\">adet<\/span>)<\/span><\/strong><\/div>\n<div><span class=\"mceItemHidden\"><span class=\"hiddenSpellError\">-\u00dccretsiz<\/span>\u00a0Sunulan \u00d6rnek. OEM\/ODM Mevcuttur<\/span><\/div>\n<div><span class=\"mceItemHidden\"><span class=\"hiddenSpellError\">-7 g\u00fcn i\u00e7inde \u00fccretsiz numune teslimat\u0131; sipari\u015f onay\u0131ndan sonra 30 g\u00fcn i\u00e7inde toplu sipari\u015f teslimat\u0131.<\/span><\/span><\/div>\n<div><\/div>\n<p>&nbsp;<\/p>","protected":false},"featured_media":4457,"comment_status":"open","ping_status":"closed","template":"","meta":[],"product_brand":[],"product_cat":[52,74],"product_tag":[],"class_list":{"0":"post-2604","1":"product","2":"type-product","3":"status-publish","4":"has-post-thumbnail","6":"product_cat-750ml-glass-bottle","7":"product_cat-wine-bottle","8":"entry","9":"has-media","11":"first","12":"instock","13":"shipping-taxable","14":"product-type-simple"},"yoast_head":"<!-- This site is optimized with the Yoast SEO plugin v27.3 - https:\/\/yoast.com\/product\/yoast-seo-wordpress\/ -->\n<title>750ml Wine Bottle Wholesale Suppliers | Alsace Bottle Manufacturer<\/title>\n<meta name=\"description\" content=\"Ruisheng, a professional Alsace Bottle Manufacturer and supplier, provide 750ml wine bottle wholesale at factory outlet price.\" \/>\n<meta name=\"robots\" content=\"index, follow, max-snippet:-1, max-image-preview:large, max-video-preview:-1\" \/>\n<link rel=\"canonical\" href=\"https:\/\/ruishengglassco.com\/product\/rs008-750ml-alsace-bottle-wine-bottle-wholesale-supplier\" \/>\n<meta property=\"og:locale\" content=\"tr_TR\" \/>\n<meta property=\"og:type\" content=\"article\" \/>\n<meta property=\"og:title\" content=\"750ml Wine Bottle Wholesale Suppliers | Alsace Bottle Manufacturer\" \/>\n<meta property=\"og:description\" content=\"Ruisheng, a professional Alsace Bottle Manufacturer and supplier, provide 750ml wine bottle wholesale at factory outlet price.\" \/>\n<meta property=\"og:url\" content=\"https:\/\/ruishengglassco.com\/product\/rs008-750ml-alsace-bottle-wine-bottle-wholesale-supplier\" \/>\n<meta property=\"og:site_name\" content=\"Glass Bottle Wholesale\" \/>\n<meta property=\"article:modified_time\" content=\"2023-12-28T09:53:35+00:00\" \/>\n<meta property=\"og:image\" content=\"https:\/\/glassbottlewholesale.com\/wp-content\/uploads\/2023\/12\/750ml-Alsace-Bottle-Wine-Bottle.png\" \/>\n\t<meta property=\"og:image:width\" content=\"500\" \/>\n\t<meta property=\"og:image:height\" content=\"500\" \/>\n\t<meta property=\"og:image:type\" content=\"image\/png\" \/>\n<meta name=\"twitter:card\" content=\"summary_large_image\" \/>\n<meta name=\"twitter:label1\" content=\"Tahmini okuma s\u00fcresi\" \/>\n\t<meta name=\"twitter:data1\" content=\"1 dakika\" \/>\n<script type=\"application\/ld+json\" class=\"yoast-schema-graph\">{\"@context\":\"https:\\\/\\\/schema.org\",\"@graph\":[{\"@type\":\"WebPage\",\"@id\":\"https:\\\/\\\/glassbottlewholesale.com\\\/750ml-alsace-bottle-wine-bottle-wholesale-supplier\\\/\",\"url\":\"https:\\\/\\\/ruishengglassco.com\\\/product\\\/rs008-750ml-alsace-bottle-wine-bottle-wholesale-supplier\",\"name\":\"750ml Wine Bottle Wholesale Suppliers | Alsace Bottle Manufacturer\",\"isPartOf\":{\"@id\":\"https:\\\/\\\/glassbottlewholesale.com\\\/#website\"},\"primaryImageOfPage\":{\"@id\":\"https:\\\/\\\/ruishengglassco.com\\\/product\\\/rs008-750ml-alsace-bottle-wine-bottle-wholesale-supplier#primaryimage\"},\"image\":{\"@id\":\"https:\\\/\\\/ruishengglassco.com\\\/product\\\/rs008-750ml-alsace-bottle-wine-bottle-wholesale-supplier#primaryimage\"},\"thumbnailUrl\":\"https:\\\/\\\/glassbottlewholesale.com\\\/wp-content\\\/uploads\\\/2023\\\/12\\\/750ml-Alsace-Bottle-Wine-Bottle.png\",\"datePublished\":\"2021-03-23T02:45:34+00:00\",\"dateModified\":\"2023-12-28T09:53:35+00:00\",\"description\":\"Ruisheng, a professional Alsace Bottle Manufacturer and supplier, provide 750ml wine bottle wholesale at factory outlet price.\",\"breadcrumb\":{\"@id\":\"https:\\\/\\\/ruishengglassco.com\\\/product\\\/rs008-750ml-alsace-bottle-wine-bottle-wholesale-supplier#breadcrumb\"},\"inLanguage\":\"tr\",\"potentialAction\":[{\"@type\":\"ReadAction\",\"target\":[\"https:\\\/\\\/ruishengglassco.com\\\/product\\\/rs008-750ml-alsace-bottle-wine-bottle-wholesale-supplier\"]}]},{\"@type\":\"ImageObject\",\"inLanguage\":\"tr\",\"@id\":\"https:\\\/\\\/ruishengglassco.com\\\/product\\\/rs008-750ml-alsace-bottle-wine-bottle-wholesale-supplier#primaryimage\",\"url\":\"https:\\\/\\\/glassbottlewholesale.com\\\/wp-content\\\/uploads\\\/2023\\\/12\\\/750ml-Alsace-Bottle-Wine-Bottle.png\",\"contentUrl\":\"https:\\\/\\\/glassbottlewholesale.com\\\/wp-content\\\/uploads\\\/2023\\\/12\\\/750ml-Alsace-Bottle-Wine-Bottle.png\",\"width\":500,\"height\":500,\"caption\":\"750ml Alsace Bottle Wine Bottle Wholesale Supplier\"},{\"@type\":\"BreadcrumbList\",\"@id\":\"https:\\\/\\\/ruishengglassco.com\\\/product\\\/rs008-750ml-alsace-bottle-wine-bottle-wholesale-supplier#breadcrumb\",\"itemListElement\":[{\"@type\":\"ListItem\",\"position\":1,\"name\":\"Home\",\"item\":\"https:\\\/\\\/glassbottlewholesale.com\\\/\"},{\"@type\":\"ListItem\",\"position\":2,\"name\":\"Products\",\"item\":\"https:\\\/\\\/glassbottlewholesale.com\\\/shop\\\/\"},{\"@type\":\"ListItem\",\"position\":3,\"name\":\"RS008: 750ml Alsace Bottle Wine Bottle Wholesale Supplier\"}]},{\"@type\":\"WebSite\",\"@id\":\"https:\\\/\\\/glassbottlewholesale.com\\\/#website\",\"url\":\"https:\\\/\\\/glassbottlewholesale.com\\\/\",\"name\":\"Glass Bottle Wholesale\",\"description\":\"\",\"publisher\":{\"@id\":\"https:\\\/\\\/glassbottlewholesale.com\\\/#organization\"},\"potentialAction\":[{\"@type\":\"SearchAction\",\"target\":{\"@type\":\"EntryPoint\",\"urlTemplate\":\"https:\\\/\\\/glassbottlewholesale.com\\\/?s={search_term_string}\"},\"query-input\":{\"@type\":\"PropertyValueSpecification\",\"valueRequired\":true,\"valueName\":\"search_term_string\"}}],\"inLanguage\":\"tr\"},{\"@type\":\"Organization\",\"@id\":\"https:\\\/\\\/glassbottlewholesale.com\\\/#organization\",\"name\":\"Glass Bottle Wholesale\",\"url\":\"https:\\\/\\\/glassbottlewholesale.com\\\/\",\"logo\":{\"@type\":\"ImageObject\",\"inLanguage\":\"tr\",\"@id\":\"https:\\\/\\\/glassbottlewholesale.com\\\/#\\\/schema\\\/logo\\\/image\\\/\",\"url\":\"https:\\\/\\\/glassbottlewholesale.com\\\/wp-content\\\/uploads\\\/2023\\\/12\\\/ruisheng-logo.webp\",\"contentUrl\":\"https:\\\/\\\/glassbottlewholesale.com\\\/wp-content\\\/uploads\\\/2023\\\/12\\\/ruisheng-logo.webp\",\"width\":400,\"height\":233,\"caption\":\"Glass Bottle Wholesale\"},\"image\":{\"@id\":\"https:\\\/\\\/glassbottlewholesale.com\\\/#\\\/schema\\\/logo\\\/image\\\/\"}}]}<\/script>\n<!-- \/ Yoast SEO plugin. -->","yoast_head_json":{"title":"750ml Wine Bottle Wholesale Suppliers | Alsace Bottle Manufacturer","description":"Ruisheng, a professional Alsace Bottle Manufacturer and supplier, provide 750ml wine bottle wholesale at factory outlet price.","robots":{"index":"index","follow":"follow","max-snippet":"max-snippet:-1","max-image-preview":"max-image-preview:large","max-video-preview":"max-video-preview:-1"},"canonical":"https:\/\/ruishengglassco.com\/product\/rs008-750ml-alsace-bottle-wine-bottle-wholesale-supplier","og_locale":"tr_TR","og_type":"article","og_title":"750ml Wine Bottle Wholesale Suppliers | Alsace Bottle Manufacturer","og_description":"Ruisheng, a professional Alsace Bottle Manufacturer and supplier, provide 750ml wine bottle wholesale at factory outlet price.","og_url":"https:\/\/ruishengglassco.com\/product\/rs008-750ml-alsace-bottle-wine-bottle-wholesale-supplier","og_site_name":"Glass Bottle Wholesale","article_modified_time":"2023-12-28T09:53:35+00:00","og_image":[{"width":500,"height":500,"url":"https:\/\/glassbottlewholesale.com\/wp-content\/uploads\/2023\/12\/750ml-Alsace-Bottle-Wine-Bottle.png","type":"image\/png"}],"twitter_card":"summary_large_image","twitter_misc":{"Tahmini okuma s\u00fcresi":"1 dakika"},"schema":{"@context":"https:\/\/schema.org","@graph":[{"@type":"WebPage","@id":"https:\/\/glassbottlewholesale.com\/750ml-alsace-bottle-wine-bottle-wholesale-supplier\/","url":"https:\/\/ruishengglassco.com\/product\/rs008-750ml-alsace-bottle-wine-bottle-wholesale-supplier","name":"750ml Wine Bottle Wholesale Suppliers | Alsace Bottle Manufacturer","isPartOf":{"@id":"https:\/\/glassbottlewholesale.com\/#website"},"primaryImageOfPage":{"@id":"https:\/\/ruishengglassco.com\/product\/rs008-750ml-alsace-bottle-wine-bottle-wholesale-supplier#primaryimage"},"image":{"@id":"https:\/\/ruishengglassco.com\/product\/rs008-750ml-alsace-bottle-wine-bottle-wholesale-supplier#primaryimage"},"thumbnailUrl":"https:\/\/glassbottlewholesale.com\/wp-content\/uploads\/2023\/12\/750ml-Alsace-Bottle-Wine-Bottle.png","datePublished":"2021-03-23T02:45:34+00:00","dateModified":"2023-12-28T09:53:35+00:00","description":"Ruisheng, a professional Alsace Bottle Manufacturer and supplier, provide 750ml wine bottle wholesale at factory outlet price.","breadcrumb":{"@id":"https:\/\/ruishengglassco.com\/product\/rs008-750ml-alsace-bottle-wine-bottle-wholesale-supplier#breadcrumb"},"inLanguage":"tr","potentialAction":[{"@type":"ReadAction","target":["https:\/\/ruishengglassco.com\/product\/rs008-750ml-alsace-bottle-wine-bottle-wholesale-supplier"]}]},{"@type":"ImageObject","inLanguage":"tr","@id":"https:\/\/ruishengglassco.com\/product\/rs008-750ml-alsace-bottle-wine-bottle-wholesale-supplier#primaryimage","url":"https:\/\/glassbottlewholesale.com\/wp-content\/uploads\/2023\/12\/750ml-Alsace-Bottle-Wine-Bottle.png","contentUrl":"https:\/\/glassbottlewholesale.com\/wp-content\/uploads\/2023\/12\/750ml-Alsace-Bottle-Wine-Bottle.png","width":500,"height":500,"caption":"750ml Alsace Bottle Wine Bottle Wholesale Supplier"},{"@type":"BreadcrumbList","@id":"https:\/\/ruishengglassco.com\/product\/rs008-750ml-alsace-bottle-wine-bottle-wholesale-supplier#breadcrumb","itemListElement":[{"@type":"ListItem","position":1,"name":"Home","item":"https:\/\/glassbottlewholesale.com\/"},{"@type":"ListItem","position":2,"name":"Products","item":"https:\/\/glassbottlewholesale.com\/shop\/"},{"@type":"ListItem","position":3,"name":"RS008: 750ml Alsace Bottle Wine Bottle Wholesale Supplier"}]},{"@type":"WebSite","@id":"https:\/\/glassbottlewholesale.com\/#website","url":"https:\/\/glassbottlewholesale.com\/","name":"Glass Bottle Wholesale","description":"","publisher":{"@id":"https:\/\/glassbottlewholesale.com\/#organization"},"potentialAction":[{"@type":"SearchAction","target":{"@type":"EntryPoint","urlTemplate":"https:\/\/glassbottlewholesale.com\/?s={search_term_string}"},"query-input":{"@type":"PropertyValueSpecification","valueRequired":true,"valueName":"search_term_string"}}],"inLanguage":"tr"},{"@type":"Organization","@id":"https:\/\/glassbottlewholesale.com\/#organization","name":"Glass Bottle Wholesale","url":"https:\/\/glassbottlewholesale.com\/","logo":{"@type":"ImageObject","inLanguage":"tr","@id":"https:\/\/glassbottlewholesale.com\/#\/schema\/logo\/image\/","url":"https:\/\/glassbottlewholesale.com\/wp-content\/uploads\/2023\/12\/ruisheng-logo.webp","contentUrl":"https:\/\/glassbottlewholesale.com\/wp-content\/uploads\/2023\/12\/ruisheng-logo.webp","width":400,"height":233,"caption":"Glass Bottle Wholesale"},"image":{"@id":"https:\/\/glassbottlewholesale.com\/#\/schema\/logo\/image\/"}}]}},"_links":{"self":[{"href":"https:\/\/glassbottlewholesale.com\/tr\/wp-json\/wp\/v2\/product\/2604","targetHints":{"allow":["GET"]}}],"collection":[{"href":"https:\/\/glassbottlewholesale.com\/tr\/wp-json\/wp\/v2\/product"}],"about":[{"href":"https:\/\/glassbottlewholesale.com\/tr\/wp-json\/wp\/v2\/types\/product"}],"replies":[{"embeddable":true,"href":"https:\/\/glassbottlewholesale.com\/tr\/wp-json\/wp\/v2\/comments?post=2604"}],"wp:featuredmedia":[{"embeddable":true,"href":"https:\/\/glassbottlewholesale.com\/tr\/wp-json\/wp\/v2\/media\/4457"}],"wp:attachment":[{"href":"https:\/\/glassbottlewholesale.com\/tr\/wp-json\/wp\/v2\/media?parent=2604"}],"wp:term":[{"taxonomy":"product_brand","embeddable":true,"href":"https:\/\/glassbottlewholesale.com\/tr\/wp-json\/wp\/v2\/product_brand?post=2604"},{"taxonomy":"product_cat","embeddable":true,"href":"https:\/\/glassbottlewholesale.com\/tr\/wp-json\/wp\/v2\/product_cat?post=2604"},{"taxonomy":"product_tag","embeddable":true,"href":"https:\/\/glassbottlewholesale.com\/tr\/wp-json\/wp\/v2\/product_tag?post=2604"}],"curies":[{"name":"wp","href":"https:\/\/api.w.org\/{rel}","templated":true}]}}