{"id":2605,"date":"2021-03-23T02:47:12","date_gmt":"2021-03-23T02:47:12","guid":{"rendered":"https:\/\/glassbottlewholesale.com\/?post_type=product&#038;p=2605"},"modified":"2025-06-23T08:37:22","modified_gmt":"2025-06-23T08:37:22","slug":"750ml-bordo-sise-sarap-sisesi-tedarikcisi","status":"publish","type":"product","link":"https:\/\/glassbottlewholesale.com\/tr\/750ml-bordo-sise-sarap-sisesi-tedarikcisi\/","title":{"rendered":"RS007: 750ml Bordo \u015ei\u015fe \u015earap \u015ei\u015fesi Tedarik\u00e7isi"},"content":{"rendered":"<p>750ml Bo\u015f \u015earap \u015ei\u015feleri Toptan Sat\u0131\u015f Hakk\u0131nda Detayl\u0131 Bilgi<\/p>\n<p>Bu seri 750ml bordo \u015fi\u015fenin uzun boynu ve kendine \u00f6zg\u00fc e\u011fimli omuzlar\u0131 sayesinde cam yap\u0131mc\u0131lar\u0131 i\u00e7in \u00fcretimi \u00e7ok kolay olmu\u015ftur. Bu \u015fi\u015fenin standart hacmi, insan akci\u011ferlerinin ortalama nefes verme hacmi olan 750ml'dir.<\/p>\n<p>750ml bo\u015f \u015farap \u015fi\u015feleri toptan sat\u0131\u015f\u0131m\u0131z, cam \u015fi\u015femizin net, g\u00fczel ve \u00e7evre dostu olmas\u0131n\u0131 sa\u011flayan kur\u015funsuz s\u00fcper \u00e7akmakta\u015f\u0131 cam malzemeden yap\u0131lm\u0131\u015ft\u0131r. Profesyonel bir \u015farap \u015fi\u015fesi \u00fcreticisi ve tedarik\u00e7isi olarak, m\u00fc\u015fterimiz i\u00e7in OEM \/ ODM \/ \u00d6zelle\u015ftirilmi\u015f cam \u015fi\u015fe hizmeti sunuyoruz.<\/p>\n<ul>\n<li>\u00dcr\u00fcn: 750ml Bordo \u015ei\u015fe \u015earap \u015ei\u015fesi<\/li>\n<li>\u00dcretici firma: Ruisheng Cam \u015ei\u015fe<\/li>\n<li>Numara: RS007<\/li>\n<li>Kapasite: 500ml, 700ml, 750ml, 1000ml, 2L veya \u00f6zelle\u015ftirilmi\u015f hizmet<\/li>\n<li>Malzeme: S\u00fcper \u00e7akmakta\u015f\u0131 cam malzeme, Kristal beyaz cam malzeme, Pahal\u0131 beyaz cam malzeme<\/li>\n<li>Kullan\u0131m \u015eekli Cam \u015earap \u015ei\u015fesi<\/li>\n<li>Y\u00fczey: Don, \u00e7\u0131kartma, boyama, s\u0131cak damgalama, kabartmal\u0131, bask\u0131, alt\u0131n, serigrafi<\/li>\n<li>Logo: Kabul Edilebilir M\u00fc\u015fteri Logosu<\/li>\n<li>\u00d6rnek:\n<ul>\n<li>Kal\u0131p yap\u0131m\u0131<\/li>\n<li>Mevcut kal\u0131p taraf\u0131ndan serbest<\/li>\n<li>Kelimeler veya tasar\u0131m\u0131n\u0131z olarak<\/li>\n<\/ul>\n<\/li>\n<li>Paket: Standart ihracat kartonu; veya palet ambalaj\u0131; FGC kutu ambalaj\u0131<\/li>\n<li>Teslim s\u00fcresi: Sipari\u015fin onaylanmas\u0131ndan 20-30 g\u00fcn sonra<\/li>\n<\/ul>","protected":false},"excerpt":{"rendered":"<p>\u00d6nde gelen \u015farap \u015fi\u015fesi \u00fcreticilerinden biri olan Ruisheng, \u015farap imalathaneleri, \u015farap \u015firketleri, i\u00e7ecek paketleme \u015firketleri, cam \u015fi\u015fe toptanc\u0131lar\u0131 ve di\u011fer i\u015fletmeler i\u00e7in y\u00fcksek kaliteli bo\u015f \u015farap \u015fi\u015feleri toptan sat\u0131\u015f\u0131 sa\u011flamaktad\u0131r.<\/p>\n<p>Foto\u011frafta g\u00f6sterilen \u015farap \u015fi\u015fesi, k\u0131rm\u0131z\u0131 \u015farap i\u00e7in klasik cam \u015fi\u015felerden biri olan Burgundy \u015ei\u015fesidir. Ve \u00e7o\u011funlukla Chardonnay, Sauvignon Blanc ve Pinot Noir i\u00e7in kullan\u0131l\u0131r.  \u0130\u015fte bo\u015f \u015farap \u015fi\u015feleri toptan sat\u0131\u015f\u0131 hakk\u0131nda baz\u0131 sipari\u015f bilgileri:<\/p>\n<div class=\"\" data-block=\"true\" data-editor=\"59obe\" data-offset-key=\"fdife-0-0\">\n<div class=\"public-DraftStyleDefault-block public-DraftStyleDefault-ltr\" data-offset-key=\"fdife-0-0\"><strong>-M\u0130KTAR: 10000 ADET (Yakla\u015f\u0131k 10000-20000 adet)<\/strong><\/div>\n<\/div>\n<div class=\"\" data-block=\"true\" data-editor=\"59obe\" data-offset-key=\"18ibb-0-0\">\n<div class=\"public-DraftStyleDefault-block public-DraftStyleDefault-ltr\" data-offset-key=\"18ibb-0-0\">-\u00dccretsiz Numune Sunulan \u00d6zel Hizmet<\/div>\n<\/div>\n<div class=\"\" data-block=\"true\" data-editor=\"59obe\" data-offset-key=\"c6ce0-0-0\">\n<div class=\"public-DraftStyleDefault-block public-DraftStyleDefault-ltr\" data-offset-key=\"c6ce0-0-0\">-K\u00fcresel Nakliye+30 G\u00fcn \u0130\u00e7inde Teslimat<\/div>\n<div data-offset-key=\"c6ce0-0-0\">750ml bo\u015f \u015farap \u015fi\u015feleri toptan sat\u0131\u015f\u0131 i\u00e7in i\u015finizi ba\u015flatmak istiyorsan\u0131z, l\u00fctfen<a href=\"https:\/\/ruishengglassco.com\/contact\" target=\"_blank\" rel=\"noopener\"> Bize ula\u015f\u0131n<\/a> \u015eimdi.<\/div>\n<\/div>","protected":false},"featured_media":2606,"comment_status":"open","ping_status":"closed","template":"","meta":[],"product_brand":[],"product_cat":[52,74],"product_tag":[],"class_list":{"0":"post-2605","1":"product","2":"type-product","3":"status-publish","4":"has-post-thumbnail","6":"product_cat-750ml-glass-bottle","7":"product_cat-wine-bottle","8":"entry","9":"has-media","11":"first","12":"instock","13":"shipping-taxable","14":"product-type-simple"},"yoast_head":"<!-- This site is optimized with the Yoast SEO plugin v27.3 - https:\/\/yoast.com\/product\/yoast-seo-wordpress\/ -->\n<title>Empty Wine Bottles Wholesale | Burgundy Bottle Supplier China<\/title>\n<meta name=\"description\" content=\"Ruisheng, one of the leading Burgundy Bottle manufacturers and suppliers in China, provide empty wine bottles wholesale at cheap price.\" \/>\n<meta name=\"robots\" content=\"index, follow, max-snippet:-1, max-image-preview:large, max-video-preview:-1\" \/>\n<link rel=\"canonical\" href=\"https:\/\/ruishengglassco.com\/product\/rs007-750ml-burgundy-bottle-wine-bottle-supplier\" \/>\n<meta property=\"og:locale\" content=\"tr_TR\" \/>\n<meta property=\"og:type\" content=\"article\" \/>\n<meta property=\"og:title\" content=\"Empty Wine Bottles Wholesale | Burgundy Bottle Supplier China\" \/>\n<meta property=\"og:description\" content=\"Ruisheng, one of the leading Burgundy Bottle manufacturers and suppliers in China, provide empty wine bottles wholesale at cheap price.\" \/>\n<meta property=\"og:url\" content=\"https:\/\/ruishengglassco.com\/product\/rs007-750ml-burgundy-bottle-wine-bottle-supplier\" \/>\n<meta property=\"og:site_name\" content=\"Glass Bottle Wholesale\" \/>\n<meta property=\"article:modified_time\" content=\"2025-06-23T08:37:22+00:00\" \/>\n<meta property=\"og:image\" content=\"https:\/\/glassbottlewholesale.com\/wp-content\/uploads\/2021\/03\/brgbttl_1-1.jpeg\" \/>\n\t<meta property=\"og:image:width\" content=\"400\" \/>\n\t<meta property=\"og:image:height\" content=\"400\" \/>\n\t<meta property=\"og:image:type\" content=\"image\/jpeg\" \/>\n<meta name=\"twitter:card\" content=\"summary_large_image\" \/>\n<meta name=\"twitter:label1\" content=\"Tahmini okuma s\u00fcresi\" \/>\n\t<meta name=\"twitter:data1\" content=\"1 dakika\" \/>\n<script type=\"application\/ld+json\" class=\"yoast-schema-graph\">{\"@context\":\"https:\\\/\\\/schema.org\",\"@graph\":[{\"@type\":\"WebPage\",\"@id\":\"https:\\\/\\\/glassbottlewholesale.com\\\/750ml-burgundy-bottle-wine-bottle-supplier\\\/\",\"url\":\"https:\\\/\\\/ruishengglassco.com\\\/product\\\/rs007-750ml-burgundy-bottle-wine-bottle-supplier\",\"name\":\"Empty Wine Bottles Wholesale | Burgundy Bottle Supplier China\",\"isPartOf\":{\"@id\":\"https:\\\/\\\/glassbottlewholesale.com\\\/#website\"},\"primaryImageOfPage\":{\"@id\":\"https:\\\/\\\/ruishengglassco.com\\\/product\\\/rs007-750ml-burgundy-bottle-wine-bottle-supplier#primaryimage\"},\"image\":{\"@id\":\"https:\\\/\\\/ruishengglassco.com\\\/product\\\/rs007-750ml-burgundy-bottle-wine-bottle-supplier#primaryimage\"},\"thumbnailUrl\":\"https:\\\/\\\/glassbottlewholesale.com\\\/wp-content\\\/uploads\\\/2021\\\/03\\\/brgbttl_1-1.jpeg\",\"datePublished\":\"2021-03-23T02:47:12+00:00\",\"dateModified\":\"2025-06-23T08:37:22+00:00\",\"description\":\"Ruisheng, one of the leading Burgundy Bottle manufacturers and suppliers in China, provide empty wine bottles wholesale at cheap price.\",\"breadcrumb\":{\"@id\":\"https:\\\/\\\/ruishengglassco.com\\\/product\\\/rs007-750ml-burgundy-bottle-wine-bottle-supplier#breadcrumb\"},\"inLanguage\":\"tr\",\"potentialAction\":[{\"@type\":\"ReadAction\",\"target\":[\"https:\\\/\\\/ruishengglassco.com\\\/product\\\/rs007-750ml-burgundy-bottle-wine-bottle-supplier\"]}]},{\"@type\":\"ImageObject\",\"inLanguage\":\"tr\",\"@id\":\"https:\\\/\\\/ruishengglassco.com\\\/product\\\/rs007-750ml-burgundy-bottle-wine-bottle-supplier#primaryimage\",\"url\":\"https:\\\/\\\/glassbottlewholesale.com\\\/wp-content\\\/uploads\\\/2021\\\/03\\\/brgbttl_1-1.jpeg\",\"contentUrl\":\"https:\\\/\\\/glassbottlewholesale.com\\\/wp-content\\\/uploads\\\/2021\\\/03\\\/brgbttl_1-1.jpeg\",\"width\":400,\"height\":400,\"caption\":\"750ml Burgundy Bottle Wine Bottle Supplier\"},{\"@type\":\"BreadcrumbList\",\"@id\":\"https:\\\/\\\/ruishengglassco.com\\\/product\\\/rs007-750ml-burgundy-bottle-wine-bottle-supplier#breadcrumb\",\"itemListElement\":[{\"@type\":\"ListItem\",\"position\":1,\"name\":\"Home\",\"item\":\"https:\\\/\\\/glassbottlewholesale.com\\\/\"},{\"@type\":\"ListItem\",\"position\":2,\"name\":\"Products\",\"item\":\"https:\\\/\\\/glassbottlewholesale.com\\\/shop\\\/\"},{\"@type\":\"ListItem\",\"position\":3,\"name\":\"RS007: 750ml Burgundy Bottle Wine Bottle Supplier\"}]},{\"@type\":\"WebSite\",\"@id\":\"https:\\\/\\\/glassbottlewholesale.com\\\/#website\",\"url\":\"https:\\\/\\\/glassbottlewholesale.com\\\/\",\"name\":\"Glass Bottle Wholesale\",\"description\":\"\",\"publisher\":{\"@id\":\"https:\\\/\\\/glassbottlewholesale.com\\\/#organization\"},\"potentialAction\":[{\"@type\":\"SearchAction\",\"target\":{\"@type\":\"EntryPoint\",\"urlTemplate\":\"https:\\\/\\\/glassbottlewholesale.com\\\/?s={search_term_string}\"},\"query-input\":{\"@type\":\"PropertyValueSpecification\",\"valueRequired\":true,\"valueName\":\"search_term_string\"}}],\"inLanguage\":\"tr\"},{\"@type\":\"Organization\",\"@id\":\"https:\\\/\\\/glassbottlewholesale.com\\\/#organization\",\"name\":\"Glass Bottle Wholesale\",\"url\":\"https:\\\/\\\/glassbottlewholesale.com\\\/\",\"logo\":{\"@type\":\"ImageObject\",\"inLanguage\":\"tr\",\"@id\":\"https:\\\/\\\/glassbottlewholesale.com\\\/#\\\/schema\\\/logo\\\/image\\\/\",\"url\":\"https:\\\/\\\/glassbottlewholesale.com\\\/wp-content\\\/uploads\\\/2023\\\/12\\\/ruisheng-logo.webp\",\"contentUrl\":\"https:\\\/\\\/glassbottlewholesale.com\\\/wp-content\\\/uploads\\\/2023\\\/12\\\/ruisheng-logo.webp\",\"width\":400,\"height\":233,\"caption\":\"Glass Bottle Wholesale\"},\"image\":{\"@id\":\"https:\\\/\\\/glassbottlewholesale.com\\\/#\\\/schema\\\/logo\\\/image\\\/\"}}]}<\/script>\n<!-- \/ Yoast SEO plugin. -->","yoast_head_json":{"title":"Empty Wine Bottles Wholesale | Burgundy Bottle Supplier China","description":"Ruisheng, one of the leading Burgundy Bottle manufacturers and suppliers in China, provide empty wine bottles wholesale at cheap price.","robots":{"index":"index","follow":"follow","max-snippet":"max-snippet:-1","max-image-preview":"max-image-preview:large","max-video-preview":"max-video-preview:-1"},"canonical":"https:\/\/ruishengglassco.com\/product\/rs007-750ml-burgundy-bottle-wine-bottle-supplier","og_locale":"tr_TR","og_type":"article","og_title":"Empty Wine Bottles Wholesale | Burgundy Bottle Supplier China","og_description":"Ruisheng, one of the leading Burgundy Bottle manufacturers and suppliers in China, provide empty wine bottles wholesale at cheap price.","og_url":"https:\/\/ruishengglassco.com\/product\/rs007-750ml-burgundy-bottle-wine-bottle-supplier","og_site_name":"Glass Bottle Wholesale","article_modified_time":"2025-06-23T08:37:22+00:00","og_image":[{"width":400,"height":400,"url":"https:\/\/glassbottlewholesale.com\/wp-content\/uploads\/2021\/03\/brgbttl_1-1.jpeg","type":"image\/jpeg"}],"twitter_card":"summary_large_image","twitter_misc":{"Tahmini okuma s\u00fcresi":"1 dakika"},"schema":{"@context":"https:\/\/schema.org","@graph":[{"@type":"WebPage","@id":"https:\/\/glassbottlewholesale.com\/750ml-burgundy-bottle-wine-bottle-supplier\/","url":"https:\/\/ruishengglassco.com\/product\/rs007-750ml-burgundy-bottle-wine-bottle-supplier","name":"Empty Wine Bottles Wholesale | Burgundy Bottle Supplier China","isPartOf":{"@id":"https:\/\/glassbottlewholesale.com\/#website"},"primaryImageOfPage":{"@id":"https:\/\/ruishengglassco.com\/product\/rs007-750ml-burgundy-bottle-wine-bottle-supplier#primaryimage"},"image":{"@id":"https:\/\/ruishengglassco.com\/product\/rs007-750ml-burgundy-bottle-wine-bottle-supplier#primaryimage"},"thumbnailUrl":"https:\/\/glassbottlewholesale.com\/wp-content\/uploads\/2021\/03\/brgbttl_1-1.jpeg","datePublished":"2021-03-23T02:47:12+00:00","dateModified":"2025-06-23T08:37:22+00:00","description":"Ruisheng, one of the leading Burgundy Bottle manufacturers and suppliers in China, provide empty wine bottles wholesale at cheap price.","breadcrumb":{"@id":"https:\/\/ruishengglassco.com\/product\/rs007-750ml-burgundy-bottle-wine-bottle-supplier#breadcrumb"},"inLanguage":"tr","potentialAction":[{"@type":"ReadAction","target":["https:\/\/ruishengglassco.com\/product\/rs007-750ml-burgundy-bottle-wine-bottle-supplier"]}]},{"@type":"ImageObject","inLanguage":"tr","@id":"https:\/\/ruishengglassco.com\/product\/rs007-750ml-burgundy-bottle-wine-bottle-supplier#primaryimage","url":"https:\/\/glassbottlewholesale.com\/wp-content\/uploads\/2021\/03\/brgbttl_1-1.jpeg","contentUrl":"https:\/\/glassbottlewholesale.com\/wp-content\/uploads\/2021\/03\/brgbttl_1-1.jpeg","width":400,"height":400,"caption":"750ml Burgundy Bottle Wine Bottle Supplier"},{"@type":"BreadcrumbList","@id":"https:\/\/ruishengglassco.com\/product\/rs007-750ml-burgundy-bottle-wine-bottle-supplier#breadcrumb","itemListElement":[{"@type":"ListItem","position":1,"name":"Home","item":"https:\/\/glassbottlewholesale.com\/"},{"@type":"ListItem","position":2,"name":"Products","item":"https:\/\/glassbottlewholesale.com\/shop\/"},{"@type":"ListItem","position":3,"name":"RS007: 750ml Burgundy Bottle Wine Bottle Supplier"}]},{"@type":"WebSite","@id":"https:\/\/glassbottlewholesale.com\/#website","url":"https:\/\/glassbottlewholesale.com\/","name":"Glass Bottle Wholesale","description":"","publisher":{"@id":"https:\/\/glassbottlewholesale.com\/#organization"},"potentialAction":[{"@type":"SearchAction","target":{"@type":"EntryPoint","urlTemplate":"https:\/\/glassbottlewholesale.com\/?s={search_term_string}"},"query-input":{"@type":"PropertyValueSpecification","valueRequired":true,"valueName":"search_term_string"}}],"inLanguage":"tr"},{"@type":"Organization","@id":"https:\/\/glassbottlewholesale.com\/#organization","name":"Glass Bottle Wholesale","url":"https:\/\/glassbottlewholesale.com\/","logo":{"@type":"ImageObject","inLanguage":"tr","@id":"https:\/\/glassbottlewholesale.com\/#\/schema\/logo\/image\/","url":"https:\/\/glassbottlewholesale.com\/wp-content\/uploads\/2023\/12\/ruisheng-logo.webp","contentUrl":"https:\/\/glassbottlewholesale.com\/wp-content\/uploads\/2023\/12\/ruisheng-logo.webp","width":400,"height":233,"caption":"Glass Bottle Wholesale"},"image":{"@id":"https:\/\/glassbottlewholesale.com\/#\/schema\/logo\/image\/"}}]}},"_links":{"self":[{"href":"https:\/\/glassbottlewholesale.com\/tr\/wp-json\/wp\/v2\/product\/2605","targetHints":{"allow":["GET"]}}],"collection":[{"href":"https:\/\/glassbottlewholesale.com\/tr\/wp-json\/wp\/v2\/product"}],"about":[{"href":"https:\/\/glassbottlewholesale.com\/tr\/wp-json\/wp\/v2\/types\/product"}],"replies":[{"embeddable":true,"href":"https:\/\/glassbottlewholesale.com\/tr\/wp-json\/wp\/v2\/comments?post=2605"}],"wp:featuredmedia":[{"embeddable":true,"href":"https:\/\/glassbottlewholesale.com\/tr\/wp-json\/wp\/v2\/media\/2606"}],"wp:attachment":[{"href":"https:\/\/glassbottlewholesale.com\/tr\/wp-json\/wp\/v2\/media?parent=2605"}],"wp:term":[{"taxonomy":"product_brand","embeddable":true,"href":"https:\/\/glassbottlewholesale.com\/tr\/wp-json\/wp\/v2\/product_brand?post=2605"},{"taxonomy":"product_cat","embeddable":true,"href":"https:\/\/glassbottlewholesale.com\/tr\/wp-json\/wp\/v2\/product_cat?post=2605"},{"taxonomy":"product_tag","embeddable":true,"href":"https:\/\/glassbottlewholesale.com\/tr\/wp-json\/wp\/v2\/product_tag?post=2605"}],"curies":[{"name":"wp","href":"https:\/\/api.w.org\/{rel}","templated":true}]}}