{"id":2612,"date":"2021-03-23T03:16:09","date_gmt":"2021-03-23T03:16:09","guid":{"rendered":"https:\/\/glassbottlewholesale.com\/?post_type=product&#038;p=2612"},"modified":"2023-12-19T03:39:50","modified_gmt":"2023-12-19T03:39:50","slug":"bos-sarap-siseleri-toptan-satisi","status":"publish","type":"product","link":"https:\/\/glassbottlewholesale.com\/tr\/bos-sarap-siseleri-toptan-satisi\/","title":{"rendered":"RS004 Bo\u015f \u015earap \u015ei\u015feleri Toptan Sat\u0131\u015f"},"content":{"rendered":"<h2>Daha fazla detay hakk\u0131nda Bo\u015f \u015earap \u015ei\u015feleri Toptan Sat\u0131\u015f<\/h2>\n<p>\u00c7in'de profesyonel bir \u015farap \u015fi\u015fesi \u00fcreticisi olarak, esas olarak \u015earaphaneler, \u015farap \u015firketleri, \u015farap \u015fi\u015fesi toptanc\u0131lar\u0131, \u015farap \u015fi\u015fesi perakendecileri vb. Gibi sadece \u0130\u015f i\u00e7in bo\u015f \u015farap \u015fi\u015feleri toptan sat\u0131\u015f\u0131 sa\u011fl\u0131yoruz, ancak perakende sat\u0131\u015flar i\u00e7in de\u011fil.<\/p>\n<p>Profesyonel bir cam \u015fi\u015fe \u00fcretim fabrikas\u0131 olarak, cam \u015fi\u015fe tasar\u0131m ve \u00fcretim hizmetleri veriyoruz. \u015earap \u015fi\u015felerini toptan almak istiyorsan\u0131z, firmam\u0131zda bulunan kal\u0131b\u0131 se\u00e7ebilirsiniz. Ayr\u0131ca tasar\u0131m tasla\u011f\u0131n\u0131 da sa\u011flayabilirsiniz ve ihtiya\u00e7lar\u0131n\u0131za g\u00f6re \u00fcretece\u011fiz. OEM \/ ODM \/ \u00d6zelle\u015ftirilmi\u015f \u015farap \u015fi\u015fesi hizmeti sundu.<\/p>\n<ul>\n<li>\u00dcr\u00fcn: 750ml \u015earap \u015ei\u015feleri Toptan Sat\u0131\u015f<\/li>\n<li>\u00dcretici firma: Ruisheng Cam \u015ei\u015fe<\/li>\n<li>Numara: RS004<\/li>\n<li>Kapasite: 50ml, 200ml, 300ml, 700ml, 750ml, 1000ml, 2L ve \u00f6zel \u015farap \u015fi\u015fesi servisi<\/li>\n<li>S\u0131zd\u0131rmazl\u0131k tipi: Vidal\u0131 \u00dcst<\/li>\n<li>Malzeme: S\u00fcper \u00e7akmakta\u015f\u0131 cam malzeme, Kristal beyaz cam malzeme, Pahal\u0131 beyaz cam malzeme<\/li>\n<li>Kullan\u0131m \u015eekli Cam \u015earap \u015ei\u015fesi<\/li>\n<li>Y\u00fczey: Don, \u00e7\u0131kartma, boyama, s\u0131cak damgalama, kabartmal\u0131, bask\u0131, alt\u0131n, serigrafi<\/li>\n<li>Logo: Kabul Edilebilir M\u00fc\u015fteri Logosu<\/li>\n<li>\u00d6rnek:\n<ul>\n<li>Kal\u0131p yap\u0131m\u0131<\/li>\n<li>Mevcut kal\u0131p taraf\u0131ndan serbest<\/li>\n<li>Kelimeler veya tasar\u0131m\u0131n\u0131z olarak<\/li>\n<\/ul>\n<\/li>\n<li>Paket: Standart ihracat kartonu; veya palet ambalaj\u0131; FGC kutu ambalaj\u0131<\/li>\n<li>Teslim s\u00fcresi: Sipari\u015fin onaylanmas\u0131ndan sonra 20-30 g\u00fcn<\/li>\n<\/ul>\n<p>Toptan 750ml \u015farap \u015fi\u015felerimiz hakk\u0131nda daha fazla bilgi almak istiyorsan\u0131z, l\u00fctfen <a href=\"https:\/\/glassbottlewholesale.com\/tr\/contact\/\">Bize ula\u015f\u0131n<\/a> Burada.<\/p>","protected":false},"excerpt":{"rendered":"<p>Ruisheng Glass Co, Ltd, profesyonel bir cam \u015farap \u015fi\u015fesi \u00fcreticisi ve \u00c7in'de fabrika, fabrika \u00e7\u0131k\u0131\u015f fiyat\u0131na bo\u015f \u015farap \u015fi\u015feleri toptan sa\u011flar.<\/p>\n<p>Bu seri bo\u015f \u015farap \u015fi\u015feleri toptan y\u00fcksek \u00e7akmakta\u015f\u0131 cam malzemeden yap\u0131lm\u0131\u015ft\u0131r. Klasik bir Bordo \u015ei\u015fe \u015fekli olan bu \u015fi\u015fenin berrakl\u0131\u011f\u0131, \u015farab\u0131n\u0131z\u0131 saklamak i\u00e7in m\u00fckemmel olmas\u0131n\u0131 sa\u011flar. D\u00fcz kenarlara ve belirgin, y\u00fcksek omuzlara sahiptir ve bir \u00e7ubuk \u00fcst kapak kullan\u0131lmas\u0131n\u0131 gerektirir, 10'dan fazla cam \u015fi\u015fe t\u0131pas\u0131 sunulmaktad\u0131r.<\/p>\n<div><span style=\"color: #ff6600;\"><strong><span class=\"mceItemHidden\"><span class=\"hiddenSpellError\">-<\/span><span class=\"hiddenSpellError\">ADEDI<\/span>: 10000 ADET (Yakla\u015f\u0131k 30000 <span class=\"hiddenSpellError\">adet<\/span>)<\/span><\/strong><\/span><\/div>\n<div><span class=\"mceItemHidden\"><span class=\"hiddenSpellError\">-\u00dccretsiz<\/span>\u00a0Sunulan \u00d6rnek. OEM\/ODM Mevcuttur<\/span><\/div>\n<div><span class=\"mceItemHidden\"><span class=\"hiddenSpellError\">-7 g\u00fcn i\u00e7inde \u00fccretsiz numune teslimat\u0131; sipari\u015f onay\u0131ndan sonra 30 g\u00fcn i\u00e7inde toplu sipari\u015f teslimat\u0131.<\/span><\/span><\/div>","protected":false},"featured_media":4358,"comment_status":"open","ping_status":"closed","template":"","meta":[],"product_brand":[],"product_cat":[51,52,74],"product_tag":[],"class_list":{"0":"post-2612","1":"product","2":"type-product","3":"status-publish","4":"has-post-thumbnail","6":"product_cat-700ml-glass-bottle","7":"product_cat-750ml-glass-bottle","8":"product_cat-wine-bottle","9":"entry","10":"has-media","12":"first","13":"instock","14":"shipping-taxable","15":"product-type-simple"},"yoast_head":"<!-- This site is optimized with the Yoast SEO plugin v27.3 - https:\/\/yoast.com\/product\/yoast-seo-wordpress\/ -->\n<title>Empty Wine Bottles Wholesale | China Wine Bottle Manufacturer<\/title>\n<meta name=\"description\" content=\"Ruisheng glass, top China Wine Bottle Manufacturer, provide Empty Wine Bottles Wholesale at factory outlet price. Quality Asurance&amp;Save Cost.\" \/>\n<meta name=\"robots\" content=\"index, follow, max-snippet:-1, max-image-preview:large, max-video-preview:-1\" \/>\n<link rel=\"canonical\" href=\"https:\/\/ruishengglassco.com\/product\/rs004-empty-wine-bottles-wholesale\" \/>\n<meta property=\"og:locale\" content=\"tr_TR\" \/>\n<meta property=\"og:type\" content=\"article\" \/>\n<meta property=\"og:title\" content=\"Empty Wine Bottles Wholesale | China Wine Bottle Manufacturer\" \/>\n<meta property=\"og:description\" content=\"Ruisheng glass, top China Wine Bottle Manufacturer, provide Empty Wine Bottles Wholesale at factory outlet price. Quality Asurance&amp;Save Cost.\" \/>\n<meta property=\"og:url\" content=\"https:\/\/ruishengglassco.com\/product\/rs004-empty-wine-bottles-wholesale\" \/>\n<meta property=\"og:site_name\" content=\"Glass Bottle Wholesale\" \/>\n<meta property=\"article:modified_time\" content=\"2023-12-19T03:39:50+00:00\" \/>\n<meta property=\"og:image\" content=\"https:\/\/glassbottlewholesale.com\/wp-content\/uploads\/2021\/03\/black-glass-bottle-wholesale-1-1.png\" \/>\n\t<meta property=\"og:image:width\" content=\"500\" \/>\n\t<meta property=\"og:image:height\" content=\"500\" \/>\n\t<meta property=\"og:image:type\" content=\"image\/png\" \/>\n<meta name=\"twitter:card\" content=\"summary_large_image\" \/>\n<meta name=\"twitter:label1\" content=\"Tahmini okuma s\u00fcresi\" \/>\n\t<meta name=\"twitter:data1\" content=\"2 dakika\" \/>\n<script type=\"application\/ld+json\" class=\"yoast-schema-graph\">{\"@context\":\"https:\\\/\\\/schema.org\",\"@graph\":[{\"@type\":\"WebPage\",\"@id\":\"https:\\\/\\\/glassbottlewholesale.com\\\/empty-wine-bottles-wholesale\\\/\",\"url\":\"https:\\\/\\\/ruishengglassco.com\\\/product\\\/rs004-empty-wine-bottles-wholesale\",\"name\":\"Empty Wine Bottles Wholesale | China Wine Bottle Manufacturer\",\"isPartOf\":{\"@id\":\"https:\\\/\\\/glassbottlewholesale.com\\\/#website\"},\"primaryImageOfPage\":{\"@id\":\"https:\\\/\\\/ruishengglassco.com\\\/product\\\/rs004-empty-wine-bottles-wholesale#primaryimage\"},\"image\":{\"@id\":\"https:\\\/\\\/ruishengglassco.com\\\/product\\\/rs004-empty-wine-bottles-wholesale#primaryimage\"},\"thumbnailUrl\":\"https:\\\/\\\/glassbottlewholesale.com\\\/wp-content\\\/uploads\\\/2021\\\/03\\\/black-glass-bottle-wholesale-1-1.png\",\"datePublished\":\"2021-03-23T03:16:09+00:00\",\"dateModified\":\"2023-12-19T03:39:50+00:00\",\"description\":\"Ruisheng glass, top China Wine Bottle Manufacturer, provide Empty Wine Bottles Wholesale at factory outlet price. Quality Asurance&Save Cost.\",\"breadcrumb\":{\"@id\":\"https:\\\/\\\/ruishengglassco.com\\\/product\\\/rs004-empty-wine-bottles-wholesale#breadcrumb\"},\"inLanguage\":\"tr\",\"potentialAction\":[{\"@type\":\"ReadAction\",\"target\":[\"https:\\\/\\\/ruishengglassco.com\\\/product\\\/rs004-empty-wine-bottles-wholesale\"]}]},{\"@type\":\"ImageObject\",\"inLanguage\":\"tr\",\"@id\":\"https:\\\/\\\/ruishengglassco.com\\\/product\\\/rs004-empty-wine-bottles-wholesale#primaryimage\",\"url\":\"https:\\\/\\\/glassbottlewholesale.com\\\/wp-content\\\/uploads\\\/2021\\\/03\\\/black-glass-bottle-wholesale-1-1.png\",\"contentUrl\":\"https:\\\/\\\/glassbottlewholesale.com\\\/wp-content\\\/uploads\\\/2021\\\/03\\\/black-glass-bottle-wholesale-1-1.png\",\"width\":500,\"height\":500,\"caption\":\"black glass bottle wholesale (1) (1)\"},{\"@type\":\"BreadcrumbList\",\"@id\":\"https:\\\/\\\/ruishengglassco.com\\\/product\\\/rs004-empty-wine-bottles-wholesale#breadcrumb\",\"itemListElement\":[{\"@type\":\"ListItem\",\"position\":1,\"name\":\"Home\",\"item\":\"https:\\\/\\\/glassbottlewholesale.com\\\/\"},{\"@type\":\"ListItem\",\"position\":2,\"name\":\"Products\",\"item\":\"https:\\\/\\\/glassbottlewholesale.com\\\/shop\\\/\"},{\"@type\":\"ListItem\",\"position\":3,\"name\":\"RS004 Empty Wine Bottles Wholesale\"}]},{\"@type\":\"WebSite\",\"@id\":\"https:\\\/\\\/glassbottlewholesale.com\\\/#website\",\"url\":\"https:\\\/\\\/glassbottlewholesale.com\\\/\",\"name\":\"Glass Bottle Wholesale\",\"description\":\"\",\"publisher\":{\"@id\":\"https:\\\/\\\/glassbottlewholesale.com\\\/#organization\"},\"potentialAction\":[{\"@type\":\"SearchAction\",\"target\":{\"@type\":\"EntryPoint\",\"urlTemplate\":\"https:\\\/\\\/glassbottlewholesale.com\\\/?s={search_term_string}\"},\"query-input\":{\"@type\":\"PropertyValueSpecification\",\"valueRequired\":true,\"valueName\":\"search_term_string\"}}],\"inLanguage\":\"tr\"},{\"@type\":\"Organization\",\"@id\":\"https:\\\/\\\/glassbottlewholesale.com\\\/#organization\",\"name\":\"Glass Bottle Wholesale\",\"url\":\"https:\\\/\\\/glassbottlewholesale.com\\\/\",\"logo\":{\"@type\":\"ImageObject\",\"inLanguage\":\"tr\",\"@id\":\"https:\\\/\\\/glassbottlewholesale.com\\\/#\\\/schema\\\/logo\\\/image\\\/\",\"url\":\"https:\\\/\\\/glassbottlewholesale.com\\\/wp-content\\\/uploads\\\/2023\\\/12\\\/ruisheng-logo.webp\",\"contentUrl\":\"https:\\\/\\\/glassbottlewholesale.com\\\/wp-content\\\/uploads\\\/2023\\\/12\\\/ruisheng-logo.webp\",\"width\":400,\"height\":233,\"caption\":\"Glass Bottle Wholesale\"},\"image\":{\"@id\":\"https:\\\/\\\/glassbottlewholesale.com\\\/#\\\/schema\\\/logo\\\/image\\\/\"}}]}<\/script>\n<!-- \/ Yoast SEO plugin. -->","yoast_head_json":{"title":"Bo\u015f \u015earap \u015ei\u015feleri Toptan Sat\u0131\u015f | \u00c7in \u015earap \u015ei\u015fesi \u00dcreticisi","description":"Ruisheng cam, en iyi \u00c7in \u015earap \u015ei\u015fesi \u00dcreticisi, fabrika \u00e7\u0131k\u0131\u015f fiyat\u0131nda Bo\u015f \u015earap \u015ei\u015feleri Toptan Sat\u0131\u015f sa\u011flar. Kalite G\u00fcvencesi ve Maliyetten Tasarruf.","robots":{"index":"index","follow":"follow","max-snippet":"max-snippet:-1","max-image-preview":"max-image-preview:large","max-video-preview":"max-video-preview:-1"},"canonical":"https:\/\/ruishengglassco.com\/product\/rs004-empty-wine-bottles-wholesale","og_locale":"tr_TR","og_type":"article","og_title":"Empty Wine Bottles Wholesale | China Wine Bottle Manufacturer","og_description":"Ruisheng glass, top China Wine Bottle Manufacturer, provide Empty Wine Bottles Wholesale at factory outlet price. Quality Asurance&Save Cost.","og_url":"https:\/\/ruishengglassco.com\/product\/rs004-empty-wine-bottles-wholesale","og_site_name":"Glass Bottle Wholesale","article_modified_time":"2023-12-19T03:39:50+00:00","og_image":[{"width":500,"height":500,"url":"https:\/\/glassbottlewholesale.com\/wp-content\/uploads\/2021\/03\/black-glass-bottle-wholesale-1-1.png","type":"image\/png"}],"twitter_card":"summary_large_image","twitter_misc":{"Tahmini okuma s\u00fcresi":"2 dakika"},"schema":{"@context":"https:\/\/schema.org","@graph":[{"@type":"WebPage","@id":"https:\/\/glassbottlewholesale.com\/empty-wine-bottles-wholesale\/","url":"https:\/\/ruishengglassco.com\/product\/rs004-empty-wine-bottles-wholesale","name":"Bo\u015f \u015earap \u015ei\u015feleri Toptan Sat\u0131\u015f | \u00c7in \u015earap \u015ei\u015fesi \u00dcreticisi","isPartOf":{"@id":"https:\/\/glassbottlewholesale.com\/#website"},"primaryImageOfPage":{"@id":"https:\/\/ruishengglassco.com\/product\/rs004-empty-wine-bottles-wholesale#primaryimage"},"image":{"@id":"https:\/\/ruishengglassco.com\/product\/rs004-empty-wine-bottles-wholesale#primaryimage"},"thumbnailUrl":"https:\/\/glassbottlewholesale.com\/wp-content\/uploads\/2021\/03\/black-glass-bottle-wholesale-1-1.png","datePublished":"2021-03-23T03:16:09+00:00","dateModified":"2023-12-19T03:39:50+00:00","description":"Ruisheng cam, en iyi \u00c7in \u015earap \u015ei\u015fesi \u00dcreticisi, fabrika \u00e7\u0131k\u0131\u015f fiyat\u0131nda Bo\u015f \u015earap \u015ei\u015feleri Toptan Sat\u0131\u015f sa\u011flar. Kalite G\u00fcvencesi ve Maliyetten Tasarruf.","breadcrumb":{"@id":"https:\/\/ruishengglassco.com\/product\/rs004-empty-wine-bottles-wholesale#breadcrumb"},"inLanguage":"tr","potentialAction":[{"@type":"ReadAction","target":["https:\/\/ruishengglassco.com\/product\/rs004-empty-wine-bottles-wholesale"]}]},{"@type":"ImageObject","inLanguage":"tr","@id":"https:\/\/ruishengglassco.com\/product\/rs004-empty-wine-bottles-wholesale#primaryimage","url":"https:\/\/glassbottlewholesale.com\/wp-content\/uploads\/2021\/03\/black-glass-bottle-wholesale-1-1.png","contentUrl":"https:\/\/glassbottlewholesale.com\/wp-content\/uploads\/2021\/03\/black-glass-bottle-wholesale-1-1.png","width":500,"height":500,"caption":"black glass bottle wholesale (1) (1)"},{"@type":"BreadcrumbList","@id":"https:\/\/ruishengglassco.com\/product\/rs004-empty-wine-bottles-wholesale#breadcrumb","itemListElement":[{"@type":"ListItem","position":1,"name":"Home","item":"https:\/\/glassbottlewholesale.com\/"},{"@type":"ListItem","position":2,"name":"Products","item":"https:\/\/glassbottlewholesale.com\/shop\/"},{"@type":"ListItem","position":3,"name":"RS004 Empty Wine Bottles Wholesale"}]},{"@type":"WebSite","@id":"https:\/\/glassbottlewholesale.com\/#website","url":"https:\/\/glassbottlewholesale.com\/","name":"Glass Bottle Wholesale","description":"","publisher":{"@id":"https:\/\/glassbottlewholesale.com\/#organization"},"potentialAction":[{"@type":"SearchAction","target":{"@type":"EntryPoint","urlTemplate":"https:\/\/glassbottlewholesale.com\/?s={search_term_string}"},"query-input":{"@type":"PropertyValueSpecification","valueRequired":true,"valueName":"search_term_string"}}],"inLanguage":"tr"},{"@type":"Organization","@id":"https:\/\/glassbottlewholesale.com\/#organization","name":"Glass Bottle Wholesale","url":"https:\/\/glassbottlewholesale.com\/","logo":{"@type":"ImageObject","inLanguage":"tr","@id":"https:\/\/glassbottlewholesale.com\/#\/schema\/logo\/image\/","url":"https:\/\/glassbottlewholesale.com\/wp-content\/uploads\/2023\/12\/ruisheng-logo.webp","contentUrl":"https:\/\/glassbottlewholesale.com\/wp-content\/uploads\/2023\/12\/ruisheng-logo.webp","width":400,"height":233,"caption":"Glass Bottle Wholesale"},"image":{"@id":"https:\/\/glassbottlewholesale.com\/#\/schema\/logo\/image\/"}}]}},"_links":{"self":[{"href":"https:\/\/glassbottlewholesale.com\/tr\/wp-json\/wp\/v2\/product\/2612","targetHints":{"allow":["GET"]}}],"collection":[{"href":"https:\/\/glassbottlewholesale.com\/tr\/wp-json\/wp\/v2\/product"}],"about":[{"href":"https:\/\/glassbottlewholesale.com\/tr\/wp-json\/wp\/v2\/types\/product"}],"replies":[{"embeddable":true,"href":"https:\/\/glassbottlewholesale.com\/tr\/wp-json\/wp\/v2\/comments?post=2612"}],"wp:featuredmedia":[{"embeddable":true,"href":"https:\/\/glassbottlewholesale.com\/tr\/wp-json\/wp\/v2\/media\/4358"}],"wp:attachment":[{"href":"https:\/\/glassbottlewholesale.com\/tr\/wp-json\/wp\/v2\/media?parent=2612"}],"wp:term":[{"taxonomy":"product_brand","embeddable":true,"href":"https:\/\/glassbottlewholesale.com\/tr\/wp-json\/wp\/v2\/product_brand?post=2612"},{"taxonomy":"product_cat","embeddable":true,"href":"https:\/\/glassbottlewholesale.com\/tr\/wp-json\/wp\/v2\/product_cat?post=2612"},{"taxonomy":"product_tag","embeddable":true,"href":"https:\/\/glassbottlewholesale.com\/tr\/wp-json\/wp\/v2\/product_tag?post=2612"}],"curies":[{"name":"wp","href":"https:\/\/api.w.org\/{rel}","templated":true}]}}