{"id":2792,"date":"2021-05-28T09:17:33","date_gmt":"2021-05-28T09:17:33","guid":{"rendered":"https:\/\/glassbottlewholesale.com\/?post_type=product&#038;p=2792"},"modified":"2025-06-23T07:02:30","modified_gmt":"2025-06-23T07:02:30","slug":"250ml-mantarli-cam-sise-toptan-satisi","status":"publish","type":"product","link":"https:\/\/glassbottlewholesale.com\/tr\/250ml-mantarli-cam-sise-toptan-satisi\/","title":{"rendered":"RS003:250ml Mantarl\u0131 Cam \u015ei\u015feler Toptan Sat\u0131\u015f"},"content":{"rendered":"<h2 style=\"text-align: left\">Mantar Toptan Sat\u0131\u015fl\u0131 250ml Cam \u015ei\u015feler Hakk\u0131nda Detayl\u0131 Bilgi<\/h2>\n<p>Bu seri<strong> 250ml mantarl\u0131 cam \u015fi\u015fe toptan sat\u0131\u015f\u0131<\/strong> Cam \u015fi\u015femizi iyi \u015feffafl\u0131k ve parlakl\u0131kta yapmak i\u00e7in kristal \u00e7akmakta\u015f\u0131 cam malzemeyi benimseyin. Yuvarlak g\u00f6vde engebeli dokularla yuvarlat\u0131lm\u0131\u015ft\u0131r. \u00dcr\u00fcn\u00fcn y\u00fczeyi \u00e7e\u015fitli i\u015fleme tekniklerini benimser: kabartmal\u0131, \u00e7\u0131kartma, boyama, buzlu, s\u0131cak damgalama, elektrokaplama vb.<\/p>\n<p>Bu yuvarlak lik\u00f6r \u015fi\u015feleri serisi lik\u00f6r, votka, brendi, tekila ve di\u011fer alkoll\u00fc i\u00e7eceklerin ambalajlanmas\u0131 i\u00e7in kullan\u0131labilir. Lik\u00f6r \u015fi\u015feleri \u00fcretiminde 20 y\u0131l\u0131 a\u015fk\u0131n deneyime sahip bir \u00fcretici olarak, m\u00fc\u015fterilerimize \u00f6zelle\u015ftirilmi\u015f hizmetler sunuyoruz. Cam \u015fi\u015felerin \u015fekli, rengi, boyutu, d\u0131\u015f ambalaj\u0131 ve Logosu i\u00e7in gereksinimleriniz varsa, bunlar\u0131 gereksinimlerinize g\u00f6re \u00fcretebiliriz.<\/p>\n<ul>\n<li>Y\u00fczey \u0130\u015fleme: \u00c7\u0131kartma<\/li>\n<li>End\u00fcstriyel Kullan\u0131m: \u0130\u00e7ecek<\/li>\n<li>Taban Malzemesi: \u00c7akmakta\u015f\u0131 cam<\/li>\n<li>G\u00f6vde Malzemesi: \u00c7akmakta\u015f\u0131 cam<\/li>\n<li>Yaka Malzemesi: \u00c7akmakta\u015f\u0131 cam<\/li>\n<li>S\u0131zd\u0131rmazl\u0131k Tipi: Mantar, Mantar, Cam Kapak, \u00c7evirmeli Kapak, Vidal\u0131 Kapak<\/li>\n<li>Kullan\u0131n: Lik\u00f6r, Brendi, Votka, Tekila<\/li>\n<li>Men\u015fe Yeri: \u00c7in<\/li>\n<li>Model Numaras\u0131: RS003<\/li>\n<li>Marka ad\u0131: Ruisheng cam<\/li>\n<li>\u015ei\u015fe Malzemesi: Bardak<\/li>\n<li>Kullan\u0131m alan\u0131: Ya\u011f\/spirit\/lik\u00f6r\/\u015farap\/i\u00e7ecek<\/li>\n<li>Kapasite: 50ml~2L<\/li>\n<li>OEM\/ODM: Mevcut<\/li>\n<li>Sertifika: SGS, TUV, ISO9001, ISO14001<\/li>\n<li>Renk: \u015eeffaf, Boyal\u0131, Frost<\/li>\n<li>Y\u00fczey \u0130\u015fleme: Serigrafi, Bask\u0131, \u00c7\u0131kartma, Sprey, Don<\/li>\n<\/ul>\n<p>\u00dcr\u00fcn\u00fc nas\u0131l paketledi\u011fimizi ve \u00fclkenize nas\u0131l g\u00f6nderdi\u011fimizi \u00f6\u011frenmek istiyorsan\u0131z, g\u00f6rmek i\u00e7in buraya t\u0131klay\u0131n: <a href=\"https:\/\/glassbottlewholesale.com\/tr\/cam-si%cc%87seler-nasil-paketleni%cc%87r-ve-gonderi%cc%87li%cc%87r\/\">Cam \u015fi\u015feler nas\u0131l paketlenir ve g\u00f6nderilir?<\/a><\/p>\n<p>Mantar Toptan Sat\u0131\u015fl\u0131 250ml Cam \u015ei\u015felerimiz ve di\u011fer bilgiler hakk\u0131nda daha fazla bilgi edinmek isterseniz, l\u00fctfen bizimle ileti\u015fime ge\u00e7mekten \u00e7ekinmeyin.<a href=\"https:\/\/glassbottlewholesale.com\/tr\/contact\/\"> buradan bi\u0307ze ula\u015fin<\/a>.<\/p>","protected":false},"excerpt":{"rendered":"<p>Ruisheng, 10 y\u0131l\u0131 a\u015fk\u0131n uzun bir ge\u00e7mi\u015fe sahip bir cam \u015fi\u015fe \u00fcretim tesisi, \u00f6zellikle Viski, Brendi, Votka ve Rom i\u00e7in lik\u00f6r ambalaj\u0131 i\u00e7in toptan mantar ile 250ml cam \u015fi\u015feler sa\u011flar. \u015eeffaf cam \u015fi\u015felerimiz sadece iyi bir depolama i\u015flevine sahip olmakla kalmaz, ayn\u0131 zamanda \u00fcr\u00fcnlerinizin daha l\u00fcks g\u00f6r\u00fcnmesini sa\u011flar.<\/p>\n<p>Burada belki ilginizi \u00e7ekebilecek bir soru listelenmi\u015ftir:<\/p>\n<div class=\"\" data-block=\"true\" data-editor=\"59obe\" data-offset-key=\"fdife-0-0\">\n<div class=\"public-DraftStyleDefault-block public-DraftStyleDefault-ltr\" data-offset-key=\"fdife-0-0\"><strong>-MIKTAR: 10000 ADET\u00a0<\/strong><\/div>\n<\/div>\n<div class=\"\" data-block=\"true\" data-editor=\"59obe\" data-offset-key=\"18ibb-0-0\">\n<div class=\"public-DraftStyleDefault-block public-DraftStyleDefault-ltr\" data-offset-key=\"18ibb-0-0\">-\u00dccretsiz Numune Sunulan \u00d6zel Hizmet<\/div>\n<\/div>\n<div class=\"\" data-block=\"true\" data-editor=\"59obe\" data-offset-key=\"c6ce0-0-0\">\n<div class=\"public-DraftStyleDefault-block public-DraftStyleDefault-ltr\" data-offset-key=\"c6ce0-0-0\">-K\u00fcresel Nakliye+30 G\u00fcn \u0130\u00e7inde Teslimat<\/div>\n<div data-offset-key=\"c6ce0-0-0\"><\/div>\n<div data-offset-key=\"c6ce0-0-0\">Toptan mantarl\u0131 250ml cam \u015fi\u015feler i\u00e7in i\u015finizi ba\u015flatmak istiyorsan\u0131z, l\u00fctfen<a href=\"https:\/\/ruishengglassco.com\/contact\" target=\"_blank\" rel=\"noopener\">\u00a0Bize ula\u015f\u0131n<\/a> \u015eimdi.<\/div>\n<\/div>\n<p>&nbsp;<\/p>","protected":false},"featured_media":2795,"comment_status":"open","ping_status":"closed","template":"","meta":[],"product_brand":[],"product_cat":[48,63],"product_tag":[],"class_list":{"0":"post-2792","1":"product","2":"type-product","3":"status-publish","4":"has-post-thumbnail","6":"product_cat-250ml-glass-bottle","7":"product_cat-liquor-bottle","8":"entry","9":"has-media","11":"first","12":"instock","13":"shipping-taxable","14":"product-type-simple"},"yoast_head":"<!-- This site is optimized with the Yoast SEO plugin v27.3 - https:\/\/yoast.com\/product\/yoast-seo-wordpress\/ -->\n<title>250ml Glass Bottles With Cork Wholesale | Ruisheng Glass Co., Ltd<\/title>\n<meta name=\"description\" content=\"Find 250ml Glass Bottles With Cork Wholesale in Ruisheng Glass Co., Ltd. Liquor Bottle Manufacturer and Factory. Global Shipping Service.\" \/>\n<meta name=\"robots\" content=\"index, follow, max-snippet:-1, max-image-preview:large, max-video-preview:-1\" \/>\n<link rel=\"canonical\" href=\"https:\/\/ruishengglassco.com\/product\/rs003250ml-glass-bottles-with-cork-wholesale\" \/>\n<meta property=\"og:locale\" content=\"tr_TR\" \/>\n<meta property=\"og:type\" content=\"article\" \/>\n<meta property=\"og:title\" content=\"250ml Glass Bottles With Cork Wholesale | Ruisheng Glass Co., Ltd\" \/>\n<meta property=\"og:description\" content=\"Find 250ml Glass Bottles With Cork Wholesale in Ruisheng Glass Co., Ltd. Liquor Bottle Manufacturer and Factory. Global Shipping Service.\" \/>\n<meta property=\"og:url\" content=\"https:\/\/ruishengglassco.com\/product\/rs003250ml-glass-bottles-with-cork-wholesale\" \/>\n<meta property=\"og:site_name\" content=\"Glass Bottle Wholesale\" \/>\n<meta property=\"article:modified_time\" content=\"2025-06-23T07:02:30+00:00\" \/>\n<meta property=\"og:image\" content=\"https:\/\/glassbottlewholesale.com\/wp-content\/uploads\/2021\/05\/3-1.jpg\" \/>\n\t<meta property=\"og:image:width\" content=\"800\" \/>\n\t<meta property=\"og:image:height\" content=\"800\" \/>\n\t<meta property=\"og:image:type\" content=\"image\/jpeg\" \/>\n<meta name=\"twitter:card\" content=\"summary_large_image\" \/>\n<meta name=\"twitter:label1\" content=\"Tahmini okuma s\u00fcresi\" \/>\n\t<meta name=\"twitter:data1\" content=\"2 dakika\" \/>\n<script type=\"application\/ld+json\" class=\"yoast-schema-graph\">{\"@context\":\"https:\\\/\\\/schema.org\",\"@graph\":[{\"@type\":\"WebPage\",\"@id\":\"https:\\\/\\\/glassbottlewholesale.com\\\/250ml-glass-bottles-with-cork-wholesale\\\/\",\"url\":\"https:\\\/\\\/ruishengglassco.com\\\/product\\\/rs003250ml-glass-bottles-with-cork-wholesale\",\"name\":\"250ml Glass Bottles With Cork Wholesale | Ruisheng Glass Co., Ltd\",\"isPartOf\":{\"@id\":\"https:\\\/\\\/glassbottlewholesale.com\\\/#website\"},\"primaryImageOfPage\":{\"@id\":\"https:\\\/\\\/ruishengglassco.com\\\/product\\\/rs003250ml-glass-bottles-with-cork-wholesale#primaryimage\"},\"image\":{\"@id\":\"https:\\\/\\\/ruishengglassco.com\\\/product\\\/rs003250ml-glass-bottles-with-cork-wholesale#primaryimage\"},\"thumbnailUrl\":\"https:\\\/\\\/glassbottlewholesale.com\\\/wp-content\\\/uploads\\\/2021\\\/05\\\/3-1.jpg\",\"datePublished\":\"2021-05-28T09:17:33+00:00\",\"dateModified\":\"2025-06-23T07:02:30+00:00\",\"description\":\"Find 250ml Glass Bottles With Cork Wholesale in Ruisheng Glass Co., Ltd. Liquor Bottle Manufacturer and Factory. Global Shipping Service.\",\"breadcrumb\":{\"@id\":\"https:\\\/\\\/ruishengglassco.com\\\/product\\\/rs003250ml-glass-bottles-with-cork-wholesale#breadcrumb\"},\"inLanguage\":\"tr\",\"potentialAction\":[{\"@type\":\"ReadAction\",\"target\":[\"https:\\\/\\\/ruishengglassco.com\\\/product\\\/rs003250ml-glass-bottles-with-cork-wholesale\"]}]},{\"@type\":\"ImageObject\",\"inLanguage\":\"tr\",\"@id\":\"https:\\\/\\\/ruishengglassco.com\\\/product\\\/rs003250ml-glass-bottles-with-cork-wholesale#primaryimage\",\"url\":\"https:\\\/\\\/glassbottlewholesale.com\\\/wp-content\\\/uploads\\\/2021\\\/05\\\/3-1.jpg\",\"contentUrl\":\"https:\\\/\\\/glassbottlewholesale.com\\\/wp-content\\\/uploads\\\/2021\\\/05\\\/3-1.jpg\",\"width\":800,\"height\":800,\"caption\":\"250ml glass bottles with cork wholesale\"},{\"@type\":\"BreadcrumbList\",\"@id\":\"https:\\\/\\\/ruishengglassco.com\\\/product\\\/rs003250ml-glass-bottles-with-cork-wholesale#breadcrumb\",\"itemListElement\":[{\"@type\":\"ListItem\",\"position\":1,\"name\":\"Home\",\"item\":\"https:\\\/\\\/glassbottlewholesale.com\\\/\"},{\"@type\":\"ListItem\",\"position\":2,\"name\":\"Products\",\"item\":\"https:\\\/\\\/glassbottlewholesale.com\\\/shop\\\/\"},{\"@type\":\"ListItem\",\"position\":3,\"name\":\"RS003:250ml Glass Bottles With Cork Wholesale\"}]},{\"@type\":\"WebSite\",\"@id\":\"https:\\\/\\\/glassbottlewholesale.com\\\/#website\",\"url\":\"https:\\\/\\\/glassbottlewholesale.com\\\/\",\"name\":\"Glass Bottle Wholesale\",\"description\":\"\",\"publisher\":{\"@id\":\"https:\\\/\\\/glassbottlewholesale.com\\\/#organization\"},\"potentialAction\":[{\"@type\":\"SearchAction\",\"target\":{\"@type\":\"EntryPoint\",\"urlTemplate\":\"https:\\\/\\\/glassbottlewholesale.com\\\/?s={search_term_string}\"},\"query-input\":{\"@type\":\"PropertyValueSpecification\",\"valueRequired\":true,\"valueName\":\"search_term_string\"}}],\"inLanguage\":\"tr\"},{\"@type\":\"Organization\",\"@id\":\"https:\\\/\\\/glassbottlewholesale.com\\\/#organization\",\"name\":\"Glass Bottle Wholesale\",\"url\":\"https:\\\/\\\/glassbottlewholesale.com\\\/\",\"logo\":{\"@type\":\"ImageObject\",\"inLanguage\":\"tr\",\"@id\":\"https:\\\/\\\/glassbottlewholesale.com\\\/#\\\/schema\\\/logo\\\/image\\\/\",\"url\":\"https:\\\/\\\/glassbottlewholesale.com\\\/wp-content\\\/uploads\\\/2023\\\/12\\\/ruisheng-logo.webp\",\"contentUrl\":\"https:\\\/\\\/glassbottlewholesale.com\\\/wp-content\\\/uploads\\\/2023\\\/12\\\/ruisheng-logo.webp\",\"width\":400,\"height\":233,\"caption\":\"Glass Bottle Wholesale\"},\"image\":{\"@id\":\"https:\\\/\\\/glassbottlewholesale.com\\\/#\\\/schema\\\/logo\\\/image\\\/\"}}]}<\/script>\n<!-- \/ Yoast SEO plugin. -->","yoast_head_json":{"title":"Mantarl\u0131 250ml Cam \u015ei\u015feler Toptan Sat\u0131\u015f | Ruisheng Glass Co, Ltd","description":"Ruisheng Glass Co, Ltd'de Mantar Toptan Sat\u0131\u015fl\u0131 250ml Cam \u015ei\u015feler bulun. Lik\u00f6r \u015ei\u015fesi \u00dcreticisi ve Fabrikas\u0131. K\u00fcresel Nakliye Hizmeti.","robots":{"index":"index","follow":"follow","max-snippet":"max-snippet:-1","max-image-preview":"max-image-preview:large","max-video-preview":"max-video-preview:-1"},"canonical":"https:\/\/ruishengglassco.com\/product\/rs003250ml-glass-bottles-with-cork-wholesale","og_locale":"tr_TR","og_type":"article","og_title":"250ml Glass Bottles With Cork Wholesale | Ruisheng Glass Co., Ltd","og_description":"Find 250ml Glass Bottles With Cork Wholesale in Ruisheng Glass Co., Ltd. Liquor Bottle Manufacturer and Factory. Global Shipping Service.","og_url":"https:\/\/ruishengglassco.com\/product\/rs003250ml-glass-bottles-with-cork-wholesale","og_site_name":"Glass Bottle Wholesale","article_modified_time":"2025-06-23T07:02:30+00:00","og_image":[{"width":800,"height":800,"url":"https:\/\/glassbottlewholesale.com\/wp-content\/uploads\/2021\/05\/3-1.jpg","type":"image\/jpeg"}],"twitter_card":"summary_large_image","twitter_misc":{"Tahmini okuma s\u00fcresi":"2 dakika"},"schema":{"@context":"https:\/\/schema.org","@graph":[{"@type":"WebPage","@id":"https:\/\/glassbottlewholesale.com\/250ml-glass-bottles-with-cork-wholesale\/","url":"https:\/\/ruishengglassco.com\/product\/rs003250ml-glass-bottles-with-cork-wholesale","name":"Mantarl\u0131 250ml Cam \u015ei\u015feler Toptan Sat\u0131\u015f | Ruisheng Glass Co, Ltd","isPartOf":{"@id":"https:\/\/glassbottlewholesale.com\/#website"},"primaryImageOfPage":{"@id":"https:\/\/ruishengglassco.com\/product\/rs003250ml-glass-bottles-with-cork-wholesale#primaryimage"},"image":{"@id":"https:\/\/ruishengglassco.com\/product\/rs003250ml-glass-bottles-with-cork-wholesale#primaryimage"},"thumbnailUrl":"https:\/\/glassbottlewholesale.com\/wp-content\/uploads\/2021\/05\/3-1.jpg","datePublished":"2021-05-28T09:17:33+00:00","dateModified":"2025-06-23T07:02:30+00:00","description":"Ruisheng Glass Co, Ltd'de Mantar Toptan Sat\u0131\u015fl\u0131 250ml Cam \u015ei\u015feler bulun. Lik\u00f6r \u015ei\u015fesi \u00dcreticisi ve Fabrikas\u0131. K\u00fcresel Nakliye Hizmeti.","breadcrumb":{"@id":"https:\/\/ruishengglassco.com\/product\/rs003250ml-glass-bottles-with-cork-wholesale#breadcrumb"},"inLanguage":"tr","potentialAction":[{"@type":"ReadAction","target":["https:\/\/ruishengglassco.com\/product\/rs003250ml-glass-bottles-with-cork-wholesale"]}]},{"@type":"ImageObject","inLanguage":"tr","@id":"https:\/\/ruishengglassco.com\/product\/rs003250ml-glass-bottles-with-cork-wholesale#primaryimage","url":"https:\/\/glassbottlewholesale.com\/wp-content\/uploads\/2021\/05\/3-1.jpg","contentUrl":"https:\/\/glassbottlewholesale.com\/wp-content\/uploads\/2021\/05\/3-1.jpg","width":800,"height":800,"caption":"250ml glass bottles with cork wholesale"},{"@type":"BreadcrumbList","@id":"https:\/\/ruishengglassco.com\/product\/rs003250ml-glass-bottles-with-cork-wholesale#breadcrumb","itemListElement":[{"@type":"ListItem","position":1,"name":"Home","item":"https:\/\/glassbottlewholesale.com\/"},{"@type":"ListItem","position":2,"name":"Products","item":"https:\/\/glassbottlewholesale.com\/shop\/"},{"@type":"ListItem","position":3,"name":"RS003:250ml Glass Bottles With Cork Wholesale"}]},{"@type":"WebSite","@id":"https:\/\/glassbottlewholesale.com\/#website","url":"https:\/\/glassbottlewholesale.com\/","name":"Glass Bottle Wholesale","description":"","publisher":{"@id":"https:\/\/glassbottlewholesale.com\/#organization"},"potentialAction":[{"@type":"SearchAction","target":{"@type":"EntryPoint","urlTemplate":"https:\/\/glassbottlewholesale.com\/?s={search_term_string}"},"query-input":{"@type":"PropertyValueSpecification","valueRequired":true,"valueName":"search_term_string"}}],"inLanguage":"tr"},{"@type":"Organization","@id":"https:\/\/glassbottlewholesale.com\/#organization","name":"Glass Bottle Wholesale","url":"https:\/\/glassbottlewholesale.com\/","logo":{"@type":"ImageObject","inLanguage":"tr","@id":"https:\/\/glassbottlewholesale.com\/#\/schema\/logo\/image\/","url":"https:\/\/glassbottlewholesale.com\/wp-content\/uploads\/2023\/12\/ruisheng-logo.webp","contentUrl":"https:\/\/glassbottlewholesale.com\/wp-content\/uploads\/2023\/12\/ruisheng-logo.webp","width":400,"height":233,"caption":"Glass Bottle Wholesale"},"image":{"@id":"https:\/\/glassbottlewholesale.com\/#\/schema\/logo\/image\/"}}]}},"_links":{"self":[{"href":"https:\/\/glassbottlewholesale.com\/tr\/wp-json\/wp\/v2\/product\/2792","targetHints":{"allow":["GET"]}}],"collection":[{"href":"https:\/\/glassbottlewholesale.com\/tr\/wp-json\/wp\/v2\/product"}],"about":[{"href":"https:\/\/glassbottlewholesale.com\/tr\/wp-json\/wp\/v2\/types\/product"}],"replies":[{"embeddable":true,"href":"https:\/\/glassbottlewholesale.com\/tr\/wp-json\/wp\/v2\/comments?post=2792"}],"wp:featuredmedia":[{"embeddable":true,"href":"https:\/\/glassbottlewholesale.com\/tr\/wp-json\/wp\/v2\/media\/2795"}],"wp:attachment":[{"href":"https:\/\/glassbottlewholesale.com\/tr\/wp-json\/wp\/v2\/media?parent=2792"}],"wp:term":[{"taxonomy":"product_brand","embeddable":true,"href":"https:\/\/glassbottlewholesale.com\/tr\/wp-json\/wp\/v2\/product_brand?post=2792"},{"taxonomy":"product_cat","embeddable":true,"href":"https:\/\/glassbottlewholesale.com\/tr\/wp-json\/wp\/v2\/product_cat?post=2792"},{"taxonomy":"product_tag","embeddable":true,"href":"https:\/\/glassbottlewholesale.com\/tr\/wp-json\/wp\/v2\/product_tag?post=2792"}],"curies":[{"name":"wp","href":"https:\/\/api.w.org\/{rel}","templated":true}]}}