{"id":395,"date":"2019-12-10T14:35:29","date_gmt":"2019-12-10T14:35:29","guid":{"rendered":"https:\/\/queenchingglass.com\/?post_type=product&#038;p=395"},"modified":"2025-07-10T03:38:52","modified_gmt":"2025-07-10T03:38:52","slug":"kapakli-700ml-750ml-cam-ispirto-siseleri-toptan-satisi","status":"publish","type":"product","link":"https:\/\/glassbottlewholesale.com\/tr\/kapakli-700ml-750ml-cam-ispirto-siseleri-toptan-satisi\/","title":{"rendered":"RS054: Kapakl\u0131 700ml 750ml Cam \u0130spirto \u015ei\u015feleri Toptan Sat\u0131\u015f"},"content":{"rendered":"<div class=\"wpb-content-wrapper\"><div class=\"vc_row wpb_row vc_row-fluid\"><div class=\"wpb_column vc_column_container vc_col-sm-12\"><div class=\"vc_column-inner\"><div class=\"wpb_wrapper\">\n\t<div class=\"wpb_text_column wpb_content_element\" >\n\t\t<div class=\"wpb_wrapper\">\n\t\t\t<p>Bu\u00a0<em><strong>Lik\u00f6r i\u00e7in 700ml y\u00fcksek \u00e7akmakta\u015f\u0131 cam \u015fi\u015feler<\/strong><\/em> Shandong Yuncheng Ruisheng Glass Co, Ltd'de \u00fcretilmi\u015ftir. Firmam\u0131z \u00c7in'deki en b\u00fcy\u00fck s\u00fcper \u00e7akmakta\u015f\u0131 lik\u00f6r \u015fi\u015fesi tedarik\u00e7ilerinden biridir.<\/p>\n<p>700ml y\u00fcksek \u00e7akmakta\u015f\u0131\u00a0<a href=\"https:\/\/ruishengglassco.com\/glass-liquor-spirit-bottles\">lik\u00f6r i\u00e7in cam \u015fi\u015feler<\/a> cam \u015fi\u015feyi daha net, daha dayan\u0131kl\u0131 ve daha p\u00fcr\u00fczs\u00fcz hale getiren y\u00fcksek \u00e7akmakta\u015f\u0131 cam malzemeden yap\u0131lm\u0131\u015ft\u0131r.<\/p>\n<p>\u015eirketimizin 500'den fazla \u00e7al\u0131\u015fan\u0131 ve bir grup yetenekli m\u00fchendisi vard\u0131r. Zengin deneyimimizle, t\u00fcm d\u00fcnyada iyi bir \u00fcne sahibiz.<\/p>\n<p>Ba\u015fl\u0131ca \u00fcr\u00fcnlerimiz<a href=\"https:\/\/ruishengglassco.com\/about\">\u00a0\u00fcst s\u0131n\u0131f cam \u015fi\u015fe<\/a> Votka \u015fi\u015feleri, brendi \u015fi\u015feleri, viski \u015fi\u015feleri, lik\u00f6r \u015fi\u015feleri, re\u00e7el \u015fi\u015feleri vb. Ayr\u0131ca kehribar cam \u015fi\u015feler, ye\u015fil \u015fi\u015feler ve su \u015fi\u015feleri de sunabiliriz. Ana pazar\u0131m\u0131z Avrupa, ABD, Avustralya, Amerika vb. Ve t\u00fcm \u00fcr\u00fcnler yenilik ve i\u015flevsellik a\u00e7\u0131s\u0131ndan y\u00fcksek bir \u00fcne sahiptir.<\/p>\n<h4>Lik\u00f6r i\u00e7in 700ml y\u00fcksek \u00e7akmakta\u015f\u0131 cam \u015fi\u015feler hakk\u0131ndaki bilgiler a\u015fa\u011f\u0131daki gibidir:<\/h4>\n<ul>\n<li>Ana malzeme: y\u00fcksek \u00e7akmakta\u015f\u0131 cam<\/li>\n<li>Kapak: vidal\u0131 kapak<\/li>\n<li>Referans: RS054<\/li>\n<li>ADEDI: 10000 ADET<\/li>\n<li>Kapasite: 700ml<\/li>\n<li>Adet\/Ctn: 24 adet<\/li>\n<li>Yerin k\u00f6keni: Shandong, \u00c7in<\/li>\n<li>\u00d6zellik: \u00c7evre dostu<\/li>\n<\/ul>\n<p>Ve e likit cam \u015fi\u015feler nas\u0131l se\u00e7ilir? Do\u011fru ruh 500ml cam \u015fi\u015feyi se\u00e7in, ilki s\u0131v\u0131 \u015fi\u015felerin kalitesidir, y\u00fcksek kaliteli cam \u015fi\u015fe lik\u00f6r kalitesini sa\u011flayabilir ve valflerini iyile\u015ftirebilir. Ayr\u0131ca m\u00fc\u015fterilerin e likit cam \u015fi\u015fe se\u00e7mek i\u00e7in lik\u00f6r \u00fcr\u00fcnlerinin kalitesine, lik\u00f6r aromas\u0131na ve k\u00fclt\u00fcrel propagandaya da dikkat etmesi gerekir. Ek olarak, alkol \u015fi\u015felerinin kalitesini ve fiyat\u0131n\u0131 sa\u011flamak i\u00e7in lik\u00f6r \u015fi\u015fesi \u00fcr\u00fcn\u00fcn\u00fc se\u00e7ip sat\u0131n almak i\u00e7in d\u00fczenli bir lik\u00f6r \u015fi\u015fesi \u00fcreticisi se\u00e7meniz gerekir.<\/p>\n<p>E\u011fer bu \u00fcr\u00fcn\u00fcm\u00fczle ilgileniyorsan\u0131z\u00a0<em><strong>Lik\u00f6r i\u00e7in 700ml y\u00fcksek \u00e7akmakta\u015f\u0131 cam \u015fi\u015feler<\/strong><\/em>l\u00fctfen bizimle ileti\u015fime ge\u00e7in. Size 24 saat i\u00e7inde cevap verece\u011fiz.<\/p>\n\n\t\t<\/div>\n\t<\/div>\n<\/div><\/div><\/div><\/div>\n<\/div>","protected":false},"excerpt":{"rendered":"<table class=\"tg\" style=\"height: 328px\" width=\"704\">\n<tbody>\n<tr>\n<th class=\"tg-24i8\" colspan=\"2\">Lik\u00f6r i\u00e7in 700ml Y\u00fcksek Flint Cam \u015ei\u015feler<\/th>\n<\/tr>\n<tr>\n<td class=\"tg-b7b8\">Referans:<\/td>\n<td class=\"tg-b7b8\">RS054<\/td>\n<\/tr>\n<tr>\n<td class=\"tg-yw4l\">Ana malzeme:<\/td>\n<td class=\"tg-yw4l\">Y\u00fcksek \u00e7akmakta\u015f\u0131 cam (bu malzeme kristal beyaz cam olarak da adland\u0131r\u0131l\u0131r)<\/td>\n<\/tr>\n<tr>\n<td class=\"tg-b7b8\">Kaptan:<\/td>\n<td class=\"tg-b7b8\">Scrow \u015eapka<\/td>\n<\/tr>\n<tr>\n<td class=\"tg-yw4l\">Kapasite:<\/td>\n<td class=\"tg-yw4l\">700ml<\/td>\n<\/tr>\n<tr>\n<td class=\"tg-b7b8\">\u00d6zellik:<\/td>\n<td class=\"tg-b7b8\">\u00c7evre dostu<\/td>\n<\/tr>\n<tr>\n<td class=\"tg-yw4l\">ADEDI:<\/td>\n<td class=\"tg-yw4l\">10000 ADET<\/td>\n<\/tr>\n<tr>\n<td class=\"tg-b7b8\">Paketleme \u015eekli:<\/td>\n<td class=\"tg-b7b8\">\u0130hracat standart karton \/ Palet \/ ihracat standart karton ve palet<\/td>\n<\/tr>\n<tr>\n<td class=\"tg-yw4l\">OEM\/ODM:<\/td>\n<td class=\"tg-yw4l\">Ho\u015f geldiniz<\/td>\n<\/tr>\n<tr>\n<td class=\"tg-b7b8\">Yerin k\u00f6keni:<\/td>\n<td class=\"tg-b7b8\">Shandong, \u00c7in<\/td>\n<\/tr>\n<tr>\n<td class=\"tg-yw4l\">Adet\/Ktn:<\/td>\n<td class=\"tg-yw4l\">24 adet veya m\u00fc\u015fteri taleplerine g\u00f6re<\/td>\n<\/tr>\n<\/tbody>\n<\/table>","protected":false},"featured_media":4350,"comment_status":"open","ping_status":"closed","template":"","meta":[],"product_brand":[],"product_cat":[51,52,59,63],"product_tag":[],"class_list":{"0":"post-395","1":"product","2":"type-product","3":"status-publish","4":"has-post-thumbnail","6":"product_cat-700ml-glass-bottle","7":"product_cat-750ml-glass-bottle","8":"product_cat-absinthe-bottle","9":"product_cat-liquor-bottle","10":"entry","11":"has-media","13":"first","14":"instock","15":"shipping-taxable","16":"product-type-simple"},"yoast_head":"<!-- This site is optimized with the Yoast SEO plugin v27.3 - https:\/\/yoast.com\/product\/yoast-seo-wordpress\/ -->\n<title>700 750ml Glass Spirit Bottles Wholesale | Alcohol Bottle Manufacturers<\/title>\n<meta name=\"description\" content=\"Ruisheng, a primary alcohol bottle manufacturer, sales 700\/ 750ml glass spirit bottles wholesale at factory outlet price. Global Shipping&amp;Free Sample.\" \/>\n<meta name=\"robots\" content=\"index, follow, max-snippet:-1, max-image-preview:large, max-video-preview:-1\" \/>\n<link rel=\"canonical\" href=\"https:\/\/ruishengglassco.com\/product\/rs054-700ml-750ml-glass-spirit-bottles-wholesale-with-caps\" \/>\n<meta property=\"og:locale\" content=\"tr_TR\" \/>\n<meta property=\"og:type\" content=\"article\" \/>\n<meta property=\"og:title\" content=\"700 750ml Glass Spirit Bottles Wholesale | Alcohol Bottle Manufacturers\" \/>\n<meta property=\"og:description\" content=\"Ruisheng, a primary alcohol bottle manufacturer, sales 700\/ 750ml glass spirit bottles wholesale at factory outlet price. Global Shipping&amp;Free Sample.\" \/>\n<meta property=\"og:url\" content=\"https:\/\/ruishengglassco.com\/product\/rs054-700ml-750ml-glass-spirit-bottles-wholesale-with-caps\" \/>\n<meta property=\"og:site_name\" content=\"Glass Bottle Wholesale\" \/>\n<meta property=\"article:modified_time\" content=\"2025-07-10T03:38:52+00:00\" \/>\n<meta property=\"og:image\" content=\"https:\/\/glassbottlewholesale.com\/wp-content\/uploads\/2023\/12\/long-glass-bottleIMG_7112-1.jpg\" \/>\n\t<meta property=\"og:image:width\" content=\"800\" \/>\n\t<meta property=\"og:image:height\" content=\"800\" \/>\n\t<meta property=\"og:image:type\" content=\"image\/jpeg\" \/>\n<meta name=\"twitter:card\" content=\"summary_large_image\" \/>\n<meta name=\"twitter:label1\" content=\"Tahmini okuma s\u00fcresi\" \/>\n\t<meta name=\"twitter:data1\" content=\"2 dakika\" \/>\n<script type=\"application\/ld+json\" class=\"yoast-schema-graph\">{\"@context\":\"https:\\\/\\\/schema.org\",\"@graph\":[{\"@type\":\"WebPage\",\"@id\":\"https:\\\/\\\/glassbottlewholesale.com\\\/700ml-750ml-glass-spirit-bottles-wholesale-with-caps\\\/\",\"url\":\"https:\\\/\\\/ruishengglassco.com\\\/product\\\/rs054-700ml-750ml-glass-spirit-bottles-wholesale-with-caps\",\"name\":\"700 750ml Glass Spirit Bottles Wholesale | Alcohol Bottle Manufacturers\",\"isPartOf\":{\"@id\":\"https:\\\/\\\/glassbottlewholesale.com\\\/#website\"},\"primaryImageOfPage\":{\"@id\":\"https:\\\/\\\/ruishengglassco.com\\\/product\\\/rs054-700ml-750ml-glass-spirit-bottles-wholesale-with-caps#primaryimage\"},\"image\":{\"@id\":\"https:\\\/\\\/ruishengglassco.com\\\/product\\\/rs054-700ml-750ml-glass-spirit-bottles-wholesale-with-caps#primaryimage\"},\"thumbnailUrl\":\"https:\\\/\\\/glassbottlewholesale.com\\\/wp-content\\\/uploads\\\/2023\\\/12\\\/long-glass-bottleIMG_7112-1.jpg\",\"datePublished\":\"2019-12-10T14:35:29+00:00\",\"dateModified\":\"2025-07-10T03:38:52+00:00\",\"description\":\"Ruisheng, a primary alcohol bottle manufacturer, sales 700\\\/ 750ml glass spirit bottles wholesale at factory outlet price. Global Shipping&Free Sample.\",\"breadcrumb\":{\"@id\":\"https:\\\/\\\/ruishengglassco.com\\\/product\\\/rs054-700ml-750ml-glass-spirit-bottles-wholesale-with-caps#breadcrumb\"},\"inLanguage\":\"tr\",\"potentialAction\":[{\"@type\":\"ReadAction\",\"target\":[\"https:\\\/\\\/ruishengglassco.com\\\/product\\\/rs054-700ml-750ml-glass-spirit-bottles-wholesale-with-caps\"]}]},{\"@type\":\"ImageObject\",\"inLanguage\":\"tr\",\"@id\":\"https:\\\/\\\/ruishengglassco.com\\\/product\\\/rs054-700ml-750ml-glass-spirit-bottles-wholesale-with-caps#primaryimage\",\"url\":\"https:\\\/\\\/glassbottlewholesale.com\\\/wp-content\\\/uploads\\\/2023\\\/12\\\/long-glass-bottleIMG_7112-1.jpg\",\"contentUrl\":\"https:\\\/\\\/glassbottlewholesale.com\\\/wp-content\\\/uploads\\\/2023\\\/12\\\/long-glass-bottleIMG_7112-1.jpg\",\"width\":800,\"height\":800,\"caption\":\"RS054: 700ml 750ml Glass Spirit Bottles Wholesale With Caps\"},{\"@type\":\"BreadcrumbList\",\"@id\":\"https:\\\/\\\/ruishengglassco.com\\\/product\\\/rs054-700ml-750ml-glass-spirit-bottles-wholesale-with-caps#breadcrumb\",\"itemListElement\":[{\"@type\":\"ListItem\",\"position\":1,\"name\":\"Home\",\"item\":\"https:\\\/\\\/glassbottlewholesale.com\\\/\"},{\"@type\":\"ListItem\",\"position\":2,\"name\":\"Products\",\"item\":\"https:\\\/\\\/glassbottlewholesale.com\\\/shop\\\/\"},{\"@type\":\"ListItem\",\"position\":3,\"name\":\"RS054: 700ml 750ml Glass Spirit Bottles Wholesale With Caps\"}]},{\"@type\":\"WebSite\",\"@id\":\"https:\\\/\\\/glassbottlewholesale.com\\\/#website\",\"url\":\"https:\\\/\\\/glassbottlewholesale.com\\\/\",\"name\":\"Glass Bottle Wholesale\",\"description\":\"\",\"publisher\":{\"@id\":\"https:\\\/\\\/glassbottlewholesale.com\\\/#organization\"},\"potentialAction\":[{\"@type\":\"SearchAction\",\"target\":{\"@type\":\"EntryPoint\",\"urlTemplate\":\"https:\\\/\\\/glassbottlewholesale.com\\\/?s={search_term_string}\"},\"query-input\":{\"@type\":\"PropertyValueSpecification\",\"valueRequired\":true,\"valueName\":\"search_term_string\"}}],\"inLanguage\":\"tr\"},{\"@type\":\"Organization\",\"@id\":\"https:\\\/\\\/glassbottlewholesale.com\\\/#organization\",\"name\":\"Glass Bottle Wholesale\",\"url\":\"https:\\\/\\\/glassbottlewholesale.com\\\/\",\"logo\":{\"@type\":\"ImageObject\",\"inLanguage\":\"tr\",\"@id\":\"https:\\\/\\\/glassbottlewholesale.com\\\/#\\\/schema\\\/logo\\\/image\\\/\",\"url\":\"https:\\\/\\\/glassbottlewholesale.com\\\/wp-content\\\/uploads\\\/2023\\\/12\\\/ruisheng-logo.webp\",\"contentUrl\":\"https:\\\/\\\/glassbottlewholesale.com\\\/wp-content\\\/uploads\\\/2023\\\/12\\\/ruisheng-logo.webp\",\"width\":400,\"height\":233,\"caption\":\"Glass Bottle Wholesale\"},\"image\":{\"@id\":\"https:\\\/\\\/glassbottlewholesale.com\\\/#\\\/schema\\\/logo\\\/image\\\/\"}}]}<\/script>\n<!-- \/ Yoast SEO plugin. -->","yoast_head_json":{"title":"700 750ml Cam \u0130spirto \u015ei\u015feleri Toptan Sat\u0131\u015f | Alkol \u015ei\u015fesi \u00dcreticileri","description":"Birincil alkol \u015fi\u015fesi \u00fcreticisi olan Ruisheng, fabrika \u00e7\u0131k\u0131\u015f fiyat\u0131na toptan 700 \/ 750ml cam ispirto \u015fi\u015feleri satmaktad\u0131r. K\u00fcresel Nakliye ve \u00dccretsiz \u00d6rnek.","robots":{"index":"index","follow":"follow","max-snippet":"max-snippet:-1","max-image-preview":"max-image-preview:large","max-video-preview":"max-video-preview:-1"},"canonical":"https:\/\/ruishengglassco.com\/product\/rs054-700ml-750ml-glass-spirit-bottles-wholesale-with-caps","og_locale":"tr_TR","og_type":"article","og_title":"700 750ml Glass Spirit Bottles Wholesale | Alcohol Bottle Manufacturers","og_description":"Ruisheng, a primary alcohol bottle manufacturer, sales 700\/ 750ml glass spirit bottles wholesale at factory outlet price. Global Shipping&Free Sample.","og_url":"https:\/\/ruishengglassco.com\/product\/rs054-700ml-750ml-glass-spirit-bottles-wholesale-with-caps","og_site_name":"Glass Bottle Wholesale","article_modified_time":"2025-07-10T03:38:52+00:00","og_image":[{"width":800,"height":800,"url":"https:\/\/glassbottlewholesale.com\/wp-content\/uploads\/2023\/12\/long-glass-bottleIMG_7112-1.jpg","type":"image\/jpeg"}],"twitter_card":"summary_large_image","twitter_misc":{"Tahmini okuma s\u00fcresi":"2 dakika"},"schema":{"@context":"https:\/\/schema.org","@graph":[{"@type":"WebPage","@id":"https:\/\/glassbottlewholesale.com\/700ml-750ml-glass-spirit-bottles-wholesale-with-caps\/","url":"https:\/\/ruishengglassco.com\/product\/rs054-700ml-750ml-glass-spirit-bottles-wholesale-with-caps","name":"700 750ml Cam \u0130spirto \u015ei\u015feleri Toptan Sat\u0131\u015f | Alkol \u015ei\u015fesi \u00dcreticileri","isPartOf":{"@id":"https:\/\/glassbottlewholesale.com\/#website"},"primaryImageOfPage":{"@id":"https:\/\/ruishengglassco.com\/product\/rs054-700ml-750ml-glass-spirit-bottles-wholesale-with-caps#primaryimage"},"image":{"@id":"https:\/\/ruishengglassco.com\/product\/rs054-700ml-750ml-glass-spirit-bottles-wholesale-with-caps#primaryimage"},"thumbnailUrl":"https:\/\/glassbottlewholesale.com\/wp-content\/uploads\/2023\/12\/long-glass-bottleIMG_7112-1.jpg","datePublished":"2019-12-10T14:35:29+00:00","dateModified":"2025-07-10T03:38:52+00:00","description":"Birincil alkol \u015fi\u015fesi \u00fcreticisi olan Ruisheng, fabrika \u00e7\u0131k\u0131\u015f fiyat\u0131na toptan 700 \/ 750ml cam ispirto \u015fi\u015feleri satmaktad\u0131r. K\u00fcresel Nakliye ve \u00dccretsiz \u00d6rnek.","breadcrumb":{"@id":"https:\/\/ruishengglassco.com\/product\/rs054-700ml-750ml-glass-spirit-bottles-wholesale-with-caps#breadcrumb"},"inLanguage":"tr","potentialAction":[{"@type":"ReadAction","target":["https:\/\/ruishengglassco.com\/product\/rs054-700ml-750ml-glass-spirit-bottles-wholesale-with-caps"]}]},{"@type":"ImageObject","inLanguage":"tr","@id":"https:\/\/ruishengglassco.com\/product\/rs054-700ml-750ml-glass-spirit-bottles-wholesale-with-caps#primaryimage","url":"https:\/\/glassbottlewholesale.com\/wp-content\/uploads\/2023\/12\/long-glass-bottleIMG_7112-1.jpg","contentUrl":"https:\/\/glassbottlewholesale.com\/wp-content\/uploads\/2023\/12\/long-glass-bottleIMG_7112-1.jpg","width":800,"height":800,"caption":"RS054: 700ml 750ml Glass Spirit Bottles Wholesale With Caps"},{"@type":"BreadcrumbList","@id":"https:\/\/ruishengglassco.com\/product\/rs054-700ml-750ml-glass-spirit-bottles-wholesale-with-caps#breadcrumb","itemListElement":[{"@type":"ListItem","position":1,"name":"Home","item":"https:\/\/glassbottlewholesale.com\/"},{"@type":"ListItem","position":2,"name":"Products","item":"https:\/\/glassbottlewholesale.com\/shop\/"},{"@type":"ListItem","position":3,"name":"RS054: 700ml 750ml Glass Spirit Bottles Wholesale With Caps"}]},{"@type":"WebSite","@id":"https:\/\/glassbottlewholesale.com\/#website","url":"https:\/\/glassbottlewholesale.com\/","name":"Glass Bottle Wholesale","description":"","publisher":{"@id":"https:\/\/glassbottlewholesale.com\/#organization"},"potentialAction":[{"@type":"SearchAction","target":{"@type":"EntryPoint","urlTemplate":"https:\/\/glassbottlewholesale.com\/?s={search_term_string}"},"query-input":{"@type":"PropertyValueSpecification","valueRequired":true,"valueName":"search_term_string"}}],"inLanguage":"tr"},{"@type":"Organization","@id":"https:\/\/glassbottlewholesale.com\/#organization","name":"Glass Bottle Wholesale","url":"https:\/\/glassbottlewholesale.com\/","logo":{"@type":"ImageObject","inLanguage":"tr","@id":"https:\/\/glassbottlewholesale.com\/#\/schema\/logo\/image\/","url":"https:\/\/glassbottlewholesale.com\/wp-content\/uploads\/2023\/12\/ruisheng-logo.webp","contentUrl":"https:\/\/glassbottlewholesale.com\/wp-content\/uploads\/2023\/12\/ruisheng-logo.webp","width":400,"height":233,"caption":"Glass Bottle Wholesale"},"image":{"@id":"https:\/\/glassbottlewholesale.com\/#\/schema\/logo\/image\/"}}]}},"_links":{"self":[{"href":"https:\/\/glassbottlewholesale.com\/tr\/wp-json\/wp\/v2\/product\/395","targetHints":{"allow":["GET"]}}],"collection":[{"href":"https:\/\/glassbottlewholesale.com\/tr\/wp-json\/wp\/v2\/product"}],"about":[{"href":"https:\/\/glassbottlewholesale.com\/tr\/wp-json\/wp\/v2\/types\/product"}],"replies":[{"embeddable":true,"href":"https:\/\/glassbottlewholesale.com\/tr\/wp-json\/wp\/v2\/comments?post=395"}],"wp:featuredmedia":[{"embeddable":true,"href":"https:\/\/glassbottlewholesale.com\/tr\/wp-json\/wp\/v2\/media\/4350"}],"wp:attachment":[{"href":"https:\/\/glassbottlewholesale.com\/tr\/wp-json\/wp\/v2\/media?parent=395"}],"wp:term":[{"taxonomy":"product_brand","embeddable":true,"href":"https:\/\/glassbottlewholesale.com\/tr\/wp-json\/wp\/v2\/product_brand?post=395"},{"taxonomy":"product_cat","embeddable":true,"href":"https:\/\/glassbottlewholesale.com\/tr\/wp-json\/wp\/v2\/product_cat?post=395"},{"taxonomy":"product_tag","embeddable":true,"href":"https:\/\/glassbottlewholesale.com\/tr\/wp-json\/wp\/v2\/product_tag?post=395"}],"curies":[{"name":"wp","href":"https:\/\/api.w.org\/{rel}","templated":true}]}}