{"id":398,"date":"2019-10-10T14:45:45","date_gmt":"2019-10-10T14:45:45","guid":{"rendered":"https:\/\/queenchingglass.com\/?post_type=product&#038;p=398"},"modified":"2025-07-10T03:00:50","modified_gmt":"2025-07-10T03:00:50","slug":"750ml-cam-likor-sisesi-toptan-satisi","status":"publish","type":"product","link":"https:\/\/glassbottlewholesale.com\/tr\/750ml-cam-likor-sisesi-toptan-satisi\/","title":{"rendered":"RS141: \u00c7in 750ml Cam Lik\u00f6r \u015ei\u015fesi Toptan Sat\u0131\u015f"},"content":{"rendered":"<div class=\"wpb-content-wrapper\"><div class=\"vc_row wpb_row vc_row-fluid\"><div class=\"wpb_column vc_column_container vc_col-sm-12\"><div class=\"vc_column-inner\"><div class=\"wpb_wrapper\">\n\t<div class=\"wpb_text_column wpb_content_element\" >\n\t\t<div class=\"wpb_wrapper\">\n\t\t\t<p>\u00dcnl\u00fc bir 750ml \u015farap \u015fi\u015fesi \u00c7in \u00fcreticisi olan Ruisheng, fabrika fiyat\u0131nda toptan k\u0131rm\u0131z\u0131 \u015farap \u015fi\u015feleri sunmaktad\u0131r. Sat\u0131l\u0131k bu bo\u015f \u015farap \u015fi\u015feleri s\u0131radan \u015fekildedir, ancak daha fazla s\u0131v\u0131y\u0131 garanti edebilir. Bu y\u00fczden bu \u015farap cam \u015fi\u015fe 750ml t\u00fcketiciler aras\u0131nda \u00e7ok pop\u00fcler.<\/p>\n<p>Bu k\u0131rm\u0131z\u0131 \u015farap \u015fi\u015felerinin toptan rengi \u015feffaft\u0131r, renk gereksiniminiz varsa iste\u011finize g\u00f6re de\u011fi\u015ftirebiliriz. Logonuzu \u015fi\u015fenin kapa\u011f\u0131na ve g\u00f6vdesine de yazd\u0131rabiliriz. Ayr\u0131ca firmam\u0131z bir\u00e7ok sertifika alm\u0131\u015ft\u0131r, bu nedenle \u015fi\u015felerimize \u00e7ok g\u00fcveniyoruz.<\/p>\n<p class=\"tran\">\u015earap cam\u0131 \u015fi\u015feleri yapmadan \u00f6nce hammaddeler konusunda kat\u0131 \u015fartlar\u0131m\u0131z var, patronumuz fabrikadaki \u015fi\u015felerin \u00fcretimini \u015fahsen denetleyecek.<\/p>\n<p>\u0130hracat\u0131m\u0131z\u00a0<a href=\"https:\/\/ruishengglassco.com\/750ml-liquor-glass-bottle-manufacturer\">\u015farap cam \u015fi\u015feleri 750ml<\/a>\u00a0ulusal standartta paketlenmi\u015ftir ve miktar da s\u0131k\u0131 bir hesaplamad\u0131r. Mallar\u0131n \u00fclkenize g\u00fcvenli bir \u015fekilde ula\u015fmas\u0131n\u0131 sa\u011flayaca\u011f\u0131z.<\/p>\n<p>En \u00f6nemlisi, birinci s\u0131n\u0131f sat\u0131\u015f sonras\u0131 hizmetimiz var, sipari\u015finizden sevkiyata kadar sorular\u0131n\u0131z\u0131 sab\u0131rla cevaplayaca\u011f\u0131z, \u00fcr\u00fcnlerimize a\u015fina olaca\u011f\u0131n\u0131z\u0131 garanti ediyoruz.<\/p>\n<p>\u015eirketimizi teyit etmek isterseniz, sizin i\u00e7in video \u00e7ekebiliriz veya \u015firketimizi ziyaret edebilirsiniz. Sizi almas\u0131 i\u00e7in \u00f6zel birini ayarlayaca\u011f\u0131z ve biri size fabrikay\u0131 gezdirecek.<\/p>\n<p>Ba\u015fl\u0131ca \u00fcr\u00fcnlerimiz\u00a0<a href=\"https:\/\/ruishengglassco.com\/\">\u00fcst sinif cam \u015fi\u0307\u015feler<\/a> Votka \u015fi\u015feleri, brendi \u015fi\u015feleri, viski \u015fi\u015feleri, lik\u00f6r \u015fi\u015feleri, re\u00e7el \u015fi\u015feleri vb. Ayr\u0131ca kehribar cam \u015fi\u015feler, ye\u015fil \u015fi\u015feler ve su \u015fi\u015feleri de sunabiliriz. Ana pazar\u0131m\u0131z Avrupa, ABD, Avustralya, Amerika vb. Ve t\u00fcm \u00fcr\u00fcnler yenilik ve i\u015flevsellik a\u00e7\u0131s\u0131ndan y\u00fcksek bir \u00fcne sahiptir.<\/p>\n<h4>750ml \u015earap \u015ei\u015feleri \u00c7in \u00fcretici<\/h4>\n<p>Cam \u015fi\u015fe ile ilgili bilgiler a\u015fa\u011f\u0131daki gibidir:<\/p>\n<ul>\n<li>Ana malzeme: y\u00fcksek \u00e7akmakta\u015f\u0131 cam<\/li>\n<li>Kapak: vidal\u0131 kapak<\/li>\n<li>Referans: RS141<\/li>\n<li>ADEDI: 10000 ADET<\/li>\n<li>Kapasite: 750ml<\/li>\n<li>Adet\/Ctn: 24 adet<\/li>\n<li>Yerin k\u00f6keni: Shandong, \u00c7in<\/li>\n<li>\u00d6zellik: \u00c7evre dostu<\/li>\n<\/ul>\n<p>750ml \u015farap \u015fi\u015feleri \u00e7in \u00fcreticisinden toptan bu k\u0131rm\u0131z\u0131 \u015farap cam \u015fi\u015felerini be\u011fendiyseniz, l\u00fctfen bizimle ileti\u015fime ge\u00e7mekten \u00e7ekinmeyin.<\/p>\n<p>Be\u011fenmezseniz size katalo\u011fumuzu g\u00f6nderebiliriz, be\u011fendi\u011finiz birini se\u00e7ebilirsiniz.<\/p>\n<p>Toptan \u015farap \u015fi\u015felerimizle ilgileniyorsan\u0131z, l\u00fctfen bizimle ileti\u015fime ge\u00e7in. Size 24 saat i\u00e7inde cevap verece\u011fiz.<\/p>\n\n\t\t<\/div>\n\t<\/div>\n<\/div><\/div><\/div><\/div>\n<\/div>","protected":false},"excerpt":{"rendered":"<div class=\"col col-sm-6 col-xs-12\">\n<div id=\"slider-3137-product-image-carosel\" class=\"rt-carousel carousel-holder clearfix product-image-carosel rt-image-carousel\" data-item-width=\"1\" data-nav=\"true\" data-dots=\"false\" data-margin=\"15\" data-autoplay=\"true\" data-timeout=\"7500\" data-loop=\"false\" data-tablet-item-width=\"\" data-mobile-item-width=\"1\">\n<div class=\"owl-carousel owl-loaded owl-drag\">\n<div class=\"owl-nav\">\n<div class=\"owl-next disabled\"><\/div>\n<\/div>\n<\/div>\n<\/div>\n<\/div>\n<div class=\"col col-sm-6 col-xs-12\">\n<p>Bu seri 750ml yuvarlak \u015fekilli cam \u015fi\u015fe esas olarak K\u0131rm\u0131z\u0131 \u015earap ambalaj\u0131 i\u00e7in tasarlanm\u0131\u015ft\u0131r. \u015eeffaf y\u00fcksek \u00e7akmakta\u015f\u0131 cam, k\u0131rm\u0131z\u0131 \u015farab\u0131n g\u00fczel rengini yans\u0131t\u0131r. \u00d6zellikle \u015earaphane ve \u015earap \u015eirketi i\u00e7in tedarik<\/p>\n<p>K\u0131rm\u0131z\u0131 \u015farap i\u00e7in \u00f6zel 750ml cam \u015fi\u015fe:<\/p>\n<ul>\n<li>Referans: RS141<\/li>\n<li><strong>\u00dccretsiz \u00d6rnek ile OEM \/ ODM Hizmeti. Adedi: 10000 adet (10000 ADET)<\/strong><\/li>\n<li>Kapak:Mantar, Vidal\u0131 kapak veya \u00f6zel<\/li>\n<li>Malzeme Y\u00fcksek Flint Cam<\/li>\n<li>\u015ei\u015fe Y\u00fcksekli\u011fi: 228MM\u00b12MMmm<\/li>\n<li>\u015ei\u015fe \u00c7ap\u0131: 92,4MM\u00b12MM<\/li>\n<\/ul>\n<\/div>","protected":false},"featured_media":4748,"comment_status":"open","ping_status":"closed","template":"","meta":[],"product_brand":[],"product_cat":[52,59],"product_tag":[],"class_list":{"0":"post-398","1":"product","2":"type-product","3":"status-publish","4":"has-post-thumbnail","6":"product_cat-750ml-glass-bottle","7":"product_cat-absinthe-bottle","8":"entry","9":"has-media","11":"first","12":"instock","13":"shipping-taxable","14":"product-type-simple"},"yoast_head":"<!-- This site is optimized with the Yoast SEO plugin v27.3 - https:\/\/yoast.com\/product\/yoast-seo-wordpress\/ -->\n<title>RS141: China 750ml Glass Liquor Bottle Wholesale - Glass Bottle Wholesale<\/title>\n<meta name=\"robots\" content=\"index, follow, max-snippet:-1, max-image-preview:large, max-video-preview:-1\" \/>\n<link rel=\"canonical\" href=\"https:\/\/ruishengglassco.com\/product\/rs141-china-750ml-glass-liquor-bottle\" \/>\n<meta property=\"og:locale\" content=\"tr_TR\" \/>\n<meta property=\"og:type\" content=\"article\" \/>\n<meta property=\"og:title\" content=\"RS141: China 750ml Glass Liquor Bottle Wholesale - Glass Bottle Wholesale\" \/>\n<meta property=\"og:description\" content=\"This series 750ml round shape glass bottle is mainly designed for Red Wine packaging. Transparent high flint glass reflects the beautiful color of red wine. Especially supplying for Winery&amp;Wine Company  Custom 750ml glass bottle for red wine:   Reference: RS141  OEM\/ODM Service With Free Sample. MOQ:10000pcs(10000 PCS)  Cap:Cork, Screw cap or custom  Material: High Flint Glass  Bottle Height:228MM\u00b12MMmm  Bottle Diameter: 92.4MM\u00b12MM\" \/>\n<meta property=\"og:url\" content=\"https:\/\/ruishengglassco.com\/product\/rs141-china-750ml-glass-liquor-bottle\" \/>\n<meta property=\"og:site_name\" content=\"Glass Bottle Wholesale\" \/>\n<meta property=\"article:modified_time\" content=\"2025-07-10T03:00:50+00:00\" \/>\n<meta property=\"og:image\" content=\"https:\/\/glassbottlewholesale.com\/wp-content\/uploads\/2024\/04\/glass-bottle-manufacturing15-1.png\" \/>\n\t<meta property=\"og:image:width\" content=\"800\" \/>\n\t<meta property=\"og:image:height\" content=\"800\" \/>\n\t<meta property=\"og:image:type\" content=\"image\/png\" \/>\n<meta name=\"twitter:card\" content=\"summary_large_image\" \/>\n<meta name=\"twitter:label1\" content=\"Tahmini okuma s\u00fcresi\" \/>\n\t<meta name=\"twitter:data1\" content=\"2 dakika\" \/>\n<script type=\"application\/ld+json\" class=\"yoast-schema-graph\">{\"@context\":\"https:\\\/\\\/schema.org\",\"@graph\":[{\"@type\":\"WebPage\",\"@id\":\"https:\\\/\\\/glassbottlewholesale.com\\\/750ml-glass-liquor-bottle-wholesale\\\/\",\"url\":\"https:\\\/\\\/ruishengglassco.com\\\/product\\\/rs141-china-750ml-glass-liquor-bottle\",\"name\":\"RS141: China 750ml Glass Liquor Bottle Wholesale - Glass Bottle Wholesale\",\"isPartOf\":{\"@id\":\"https:\\\/\\\/glassbottlewholesale.com\\\/#website\"},\"primaryImageOfPage\":{\"@id\":\"https:\\\/\\\/ruishengglassco.com\\\/product\\\/rs141-china-750ml-glass-liquor-bottle#primaryimage\"},\"image\":{\"@id\":\"https:\\\/\\\/ruishengglassco.com\\\/product\\\/rs141-china-750ml-glass-liquor-bottle#primaryimage\"},\"thumbnailUrl\":\"https:\\\/\\\/glassbottlewholesale.com\\\/wp-content\\\/uploads\\\/2024\\\/04\\\/glass-bottle-manufacturing15-1.png\",\"datePublished\":\"2019-10-10T14:45:45+00:00\",\"dateModified\":\"2025-07-10T03:00:50+00:00\",\"breadcrumb\":{\"@id\":\"https:\\\/\\\/ruishengglassco.com\\\/product\\\/rs141-china-750ml-glass-liquor-bottle#breadcrumb\"},\"inLanguage\":\"tr\",\"potentialAction\":[{\"@type\":\"ReadAction\",\"target\":[\"https:\\\/\\\/ruishengglassco.com\\\/product\\\/rs141-china-750ml-glass-liquor-bottle\"]}]},{\"@type\":\"ImageObject\",\"inLanguage\":\"tr\",\"@id\":\"https:\\\/\\\/ruishengglassco.com\\\/product\\\/rs141-china-750ml-glass-liquor-bottle#primaryimage\",\"url\":\"https:\\\/\\\/glassbottlewholesale.com\\\/wp-content\\\/uploads\\\/2024\\\/04\\\/glass-bottle-manufacturing15-1.png\",\"contentUrl\":\"https:\\\/\\\/glassbottlewholesale.com\\\/wp-content\\\/uploads\\\/2024\\\/04\\\/glass-bottle-manufacturing15-1.png\",\"width\":800,\"height\":800,\"caption\":\"RS141: China 750ml Glass Liquor Bottle Wholesale\"},{\"@type\":\"BreadcrumbList\",\"@id\":\"https:\\\/\\\/ruishengglassco.com\\\/product\\\/rs141-china-750ml-glass-liquor-bottle#breadcrumb\",\"itemListElement\":[{\"@type\":\"ListItem\",\"position\":1,\"name\":\"Home\",\"item\":\"https:\\\/\\\/glassbottlewholesale.com\\\/\"},{\"@type\":\"ListItem\",\"position\":2,\"name\":\"Products\",\"item\":\"https:\\\/\\\/glassbottlewholesale.com\\\/shop\\\/\"},{\"@type\":\"ListItem\",\"position\":3,\"name\":\"RS141: China 750ml Glass Liquor Bottle Wholesale\"}]},{\"@type\":\"WebSite\",\"@id\":\"https:\\\/\\\/glassbottlewholesale.com\\\/#website\",\"url\":\"https:\\\/\\\/glassbottlewholesale.com\\\/\",\"name\":\"Glass Bottle Wholesale\",\"description\":\"\",\"publisher\":{\"@id\":\"https:\\\/\\\/glassbottlewholesale.com\\\/#organization\"},\"potentialAction\":[{\"@type\":\"SearchAction\",\"target\":{\"@type\":\"EntryPoint\",\"urlTemplate\":\"https:\\\/\\\/glassbottlewholesale.com\\\/?s={search_term_string}\"},\"query-input\":{\"@type\":\"PropertyValueSpecification\",\"valueRequired\":true,\"valueName\":\"search_term_string\"}}],\"inLanguage\":\"tr\"},{\"@type\":\"Organization\",\"@id\":\"https:\\\/\\\/glassbottlewholesale.com\\\/#organization\",\"name\":\"Glass Bottle Wholesale\",\"url\":\"https:\\\/\\\/glassbottlewholesale.com\\\/\",\"logo\":{\"@type\":\"ImageObject\",\"inLanguage\":\"tr\",\"@id\":\"https:\\\/\\\/glassbottlewholesale.com\\\/#\\\/schema\\\/logo\\\/image\\\/\",\"url\":\"https:\\\/\\\/glassbottlewholesale.com\\\/wp-content\\\/uploads\\\/2023\\\/12\\\/ruisheng-logo.webp\",\"contentUrl\":\"https:\\\/\\\/glassbottlewholesale.com\\\/wp-content\\\/uploads\\\/2023\\\/12\\\/ruisheng-logo.webp\",\"width\":400,\"height\":233,\"caption\":\"Glass Bottle Wholesale\"},\"image\":{\"@id\":\"https:\\\/\\\/glassbottlewholesale.com\\\/#\\\/schema\\\/logo\\\/image\\\/\"}}]}<\/script>\n<!-- \/ Yoast SEO plugin. -->","yoast_head_json":{"title":"RS141: China 750ml Glass Liquor Bottle Wholesale - Glass Bottle Wholesale","robots":{"index":"index","follow":"follow","max-snippet":"max-snippet:-1","max-image-preview":"max-image-preview:large","max-video-preview":"max-video-preview:-1"},"canonical":"https:\/\/ruishengglassco.com\/product\/rs141-china-750ml-glass-liquor-bottle","og_locale":"tr_TR","og_type":"article","og_title":"RS141: China 750ml Glass Liquor Bottle Wholesale - Glass Bottle Wholesale","og_description":"This series 750ml round shape glass bottle is mainly designed for Red Wine packaging. Transparent high flint glass reflects the beautiful color of red wine. Especially supplying for Winery&amp;Wine Company  Custom 750ml glass bottle for red wine:   Reference: RS141  OEM\/ODM Service With Free Sample. MOQ:10000pcs(10000 PCS)  Cap:Cork, Screw cap or custom  Material: High Flint Glass  Bottle Height:228MM\u00b12MMmm  Bottle Diameter: 92.4MM\u00b12MM","og_url":"https:\/\/ruishengglassco.com\/product\/rs141-china-750ml-glass-liquor-bottle","og_site_name":"Glass Bottle Wholesale","article_modified_time":"2025-07-10T03:00:50+00:00","og_image":[{"width":800,"height":800,"url":"https:\/\/glassbottlewholesale.com\/wp-content\/uploads\/2024\/04\/glass-bottle-manufacturing15-1.png","type":"image\/png"}],"twitter_card":"summary_large_image","twitter_misc":{"Tahmini okuma s\u00fcresi":"2 dakika"},"schema":{"@context":"https:\/\/schema.org","@graph":[{"@type":"WebPage","@id":"https:\/\/glassbottlewholesale.com\/750ml-glass-liquor-bottle-wholesale\/","url":"https:\/\/ruishengglassco.com\/product\/rs141-china-750ml-glass-liquor-bottle","name":"RS141: China 750ml Glass Liquor Bottle Wholesale - Glass Bottle Wholesale","isPartOf":{"@id":"https:\/\/glassbottlewholesale.com\/#website"},"primaryImageOfPage":{"@id":"https:\/\/ruishengglassco.com\/product\/rs141-china-750ml-glass-liquor-bottle#primaryimage"},"image":{"@id":"https:\/\/ruishengglassco.com\/product\/rs141-china-750ml-glass-liquor-bottle#primaryimage"},"thumbnailUrl":"https:\/\/glassbottlewholesale.com\/wp-content\/uploads\/2024\/04\/glass-bottle-manufacturing15-1.png","datePublished":"2019-10-10T14:45:45+00:00","dateModified":"2025-07-10T03:00:50+00:00","breadcrumb":{"@id":"https:\/\/ruishengglassco.com\/product\/rs141-china-750ml-glass-liquor-bottle#breadcrumb"},"inLanguage":"tr","potentialAction":[{"@type":"ReadAction","target":["https:\/\/ruishengglassco.com\/product\/rs141-china-750ml-glass-liquor-bottle"]}]},{"@type":"ImageObject","inLanguage":"tr","@id":"https:\/\/ruishengglassco.com\/product\/rs141-china-750ml-glass-liquor-bottle#primaryimage","url":"https:\/\/glassbottlewholesale.com\/wp-content\/uploads\/2024\/04\/glass-bottle-manufacturing15-1.png","contentUrl":"https:\/\/glassbottlewholesale.com\/wp-content\/uploads\/2024\/04\/glass-bottle-manufacturing15-1.png","width":800,"height":800,"caption":"RS141: China 750ml Glass Liquor Bottle Wholesale"},{"@type":"BreadcrumbList","@id":"https:\/\/ruishengglassco.com\/product\/rs141-china-750ml-glass-liquor-bottle#breadcrumb","itemListElement":[{"@type":"ListItem","position":1,"name":"Home","item":"https:\/\/glassbottlewholesale.com\/"},{"@type":"ListItem","position":2,"name":"Products","item":"https:\/\/glassbottlewholesale.com\/shop\/"},{"@type":"ListItem","position":3,"name":"RS141: China 750ml Glass Liquor Bottle Wholesale"}]},{"@type":"WebSite","@id":"https:\/\/glassbottlewholesale.com\/#website","url":"https:\/\/glassbottlewholesale.com\/","name":"Glass Bottle Wholesale","description":"","publisher":{"@id":"https:\/\/glassbottlewholesale.com\/#organization"},"potentialAction":[{"@type":"SearchAction","target":{"@type":"EntryPoint","urlTemplate":"https:\/\/glassbottlewholesale.com\/?s={search_term_string}"},"query-input":{"@type":"PropertyValueSpecification","valueRequired":true,"valueName":"search_term_string"}}],"inLanguage":"tr"},{"@type":"Organization","@id":"https:\/\/glassbottlewholesale.com\/#organization","name":"Glass Bottle Wholesale","url":"https:\/\/glassbottlewholesale.com\/","logo":{"@type":"ImageObject","inLanguage":"tr","@id":"https:\/\/glassbottlewholesale.com\/#\/schema\/logo\/image\/","url":"https:\/\/glassbottlewholesale.com\/wp-content\/uploads\/2023\/12\/ruisheng-logo.webp","contentUrl":"https:\/\/glassbottlewholesale.com\/wp-content\/uploads\/2023\/12\/ruisheng-logo.webp","width":400,"height":233,"caption":"Glass Bottle Wholesale"},"image":{"@id":"https:\/\/glassbottlewholesale.com\/#\/schema\/logo\/image\/"}}]}},"_links":{"self":[{"href":"https:\/\/glassbottlewholesale.com\/tr\/wp-json\/wp\/v2\/product\/398","targetHints":{"allow":["GET"]}}],"collection":[{"href":"https:\/\/glassbottlewholesale.com\/tr\/wp-json\/wp\/v2\/product"}],"about":[{"href":"https:\/\/glassbottlewholesale.com\/tr\/wp-json\/wp\/v2\/types\/product"}],"replies":[{"embeddable":true,"href":"https:\/\/glassbottlewholesale.com\/tr\/wp-json\/wp\/v2\/comments?post=398"}],"wp:featuredmedia":[{"embeddable":true,"href":"https:\/\/glassbottlewholesale.com\/tr\/wp-json\/wp\/v2\/media\/4748"}],"wp:attachment":[{"href":"https:\/\/glassbottlewholesale.com\/tr\/wp-json\/wp\/v2\/media?parent=398"}],"wp:term":[{"taxonomy":"product_brand","embeddable":true,"href":"https:\/\/glassbottlewholesale.com\/tr\/wp-json\/wp\/v2\/product_brand?post=398"},{"taxonomy":"product_cat","embeddable":true,"href":"https:\/\/glassbottlewholesale.com\/tr\/wp-json\/wp\/v2\/product_cat?post=398"},{"taxonomy":"product_tag","embeddable":true,"href":"https:\/\/glassbottlewholesale.com\/tr\/wp-json\/wp\/v2\/product_tag?post=398"}],"curies":[{"name":"wp","href":"https:\/\/api.w.org\/{rel}","templated":true}]}}