{"id":405,"date":"2019-10-10T15:02:11","date_gmt":"2019-10-10T15:02:11","guid":{"rendered":"https:\/\/queenchingglass.com\/?post_type=product&#038;p=405"},"modified":"2025-07-10T00:33:38","modified_gmt":"2025-07-10T00:33:38","slug":"ozel-50ml-absinthe-mini-sise-toptan","status":"publish","type":"product","link":"https:\/\/glassbottlewholesale.com\/tr\/ozel-50ml-absinthe-mini-sise-toptan\/","title":{"rendered":"RS140: \u00d6zel 50ml Absinthe Mini \u015ei\u015fe Toptan Sat\u0131\u015f"},"content":{"rendered":"<div class=\"wpb-content-wrapper\"><div class=\"vc_row wpb_row vc_row-fluid\"><div class=\"wpb_column vc_column_container vc_col-sm-12\"><div class=\"vc_column-inner\"><div class=\"wpb_wrapper\">\n\t<div class=\"wpb_text_column wpb_content_element\" >\n\t\t<div class=\"wpb_wrapper\">\n\t\t\t<p>Absinthe mini \u015fi\u015fe toptan sat\u0131\u015f\u0131m\u0131z <a href=\"https:\/\/ruishengglassco.com\/\">Shandong Yuncheng Ruisheng Glass Co, Ltd.<\/a> Firmam\u0131z \u00c7in'deki en b\u00fcy\u00fck lik\u00f6r \u015fi\u015fesi \u00fcreticilerinden biridir. Biz sa\u011fl\u0131yoruz\u00a0<a href=\"https:\/\/glassbottlewholesale.com\/tr\/urun-detaylari\/50ml-mini-vodka-bottle-manufacturer\/\">50ml Mini Alkol \u015ei\u015feleri D\u00f6kme<\/a>B\u00f6ylece cam \u015fi\u015feleri toptan fiyat\u0131na alabilirsiniz.<\/p>\n<p>Bu absent minyat\u00fcr cam \u015fi\u015fe, cam \u015fi\u015feyi daha net, dayan\u0131kl\u0131 ve p\u00fcr\u00fczs\u00fcz hale getiren kristal beyaz camdan yap\u0131lm\u0131\u015ft\u0131r.<\/p>\n<p>\u015eirketimizin 500'den fazla \u00e7al\u0131\u015fan\u0131 ve bir grup yetenekli m\u00fchendisi vard\u0131r. Zengin deneyimimizle, t\u00fcm d\u00fcnyada iyi bir \u00fcne sahibiz.<\/p>\n<p>Ba\u015fl\u0131ca \u00fcr\u00fcnlerimiz votka \u015fi\u015feleri, brendi \u015fi\u015feleri, viski \u015fi\u015feleri, lik\u00f6r \u015fi\u015feleri, re\u00e7el \u015fi\u015fesi ve benzeri gibi \u00fcst s\u0131n\u0131f alkol cam \u015fi\u015feleridir. Ayr\u0131ca kehribar cam \u015fi\u015feler, ye\u015fil \u015fi\u015feler ve \u015fi\u015felenmi\u015f su sunabiliriz. Ana pazar\u0131m\u0131z Avrupa, ABD, Avustralya, Amerika vb. Ve t\u00fcm \u00fcr\u00fcnler yenilik ve i\u015flevsellik a\u00e7\u0131s\u0131ndan y\u00fcksek bir \u00fcne sahiptir.<\/p>\n<h4>Absinthe mini \u015fi\u015fe toptan sat\u0131\u015f\u0131na ili\u015fkin bilgiler a\u015fa\u011f\u0131daki gibidir:<\/h4>\n<ul>\n<li>Ana malzeme: Kristal Beyaz Cam, Cam<\/li>\n<li>Kapak: Vidal\u0131 kapak<\/li>\n<li>Referans: RS140<\/li>\n<li>ADEDI: 10000 ADET<\/li>\n<li><span class=\"attr-name J-attr-name\" title=\"Kapasite\">Kapasite<\/span>: 100ml\/375ml\/500ml\/700ml\/750ml\/Custom<\/li>\n<li>Adet\/Ctn: 24 adet<\/li>\n<li>Yerin k\u00f6keni: Shandong, \u00c7in<\/li>\n<li>\u00d6zellik: \u00c7evre dostu<\/li>\n<\/ul>\n<p>Absinthe min cam \u015fi\u015fe fiyat\u0131n\u0131 \u00f6\u011frenmek veya absinthe i\u00e7in \u00f6zel cam \u015fi\u015fe istiyorsan\u0131z, l\u00fctfen bizimle ileti\u015fime ge\u00e7in. Size 24 saat i\u00e7inde cevap verece\u011fiz.<\/p>\n\n\t\t<\/div>\n\t<\/div>\n<\/div><\/div><\/div><\/div>\n<\/div>","protected":false},"excerpt":{"rendered":"<p>Orijinal bir cam \u015fi\u015fe \u00fcreticisi olan Ruisheng, absinthe markalar\u0131, \u015firketler, cam \u015fi\u015fe tedarik\u00e7ileri, toptanc\u0131lar, distrib\u00fct\u00f6rler vb. i\u00e7in absinthe mini \u015fi\u015fe toptan sat\u0131\u015f hizmeti sunmaktad\u0131r. \u015eeffaf \u015feffaf cam \u015fi\u015fe, cam \u015fi\u015femizin m\u00fckemmel absinthe kalitesini sergilemek i\u00e7in daha iyi olmas\u0131n\u0131 sa\u011flayan y\u00fcksek \u00e7akmakta\u015f\u0131 cam malzemeyi benimser. Benzersiz \u015fekil tasar\u0131m\u0131, m\u00fc\u015fterilerin dikkatini bir anda \u00e7ekebilir. Birincil cam \u015fi\u015fe \u00fcreticisi olarak, ihtiya\u00e7lar\u0131n\u0131za ba\u011fl\u0131 olarak ODM \/ OEM Hizmeti sa\u011flayabiliriz.<\/p>","protected":false},"featured_media":2719,"comment_status":"open","ping_status":"closed","template":"","meta":[],"product_brand":[],"product_cat":[58,59],"product_tag":[],"class_list":{"0":"post-405","1":"product","2":"type-product","3":"status-publish","4":"has-post-thumbnail","6":"product_cat-50ml-glass-bottle","7":"product_cat-absinthe-bottle","8":"entry","9":"has-media","11":"first","12":"instock","13":"shipping-taxable","14":"product-type-simple"},"yoast_head":"<!-- This site is optimized with the Yoast SEO plugin v27.3 - https:\/\/yoast.com\/product\/yoast-seo-wordpress\/ -->\n<title>Absinthe Mini Bottle Wholesale | Custom Glass Bottle For Absinthe<\/title>\n<meta name=\"description\" content=\"Ruisheng, a professional glass bottle manufacturer, sales absinthe mini bottle wholesale at factory outlet price. Accept custom glass bottles for absinthe.\" \/>\n<meta name=\"robots\" content=\"index, follow, max-snippet:-1, max-image-preview:large, max-video-preview:-1\" \/>\n<link rel=\"canonical\" href=\"https:\/\/ruishengglassco.com\/product\/rs140-custom-50ml-absinthe-mini-bottle\" \/>\n<meta property=\"og:locale\" content=\"tr_TR\" \/>\n<meta property=\"og:type\" content=\"article\" \/>\n<meta property=\"og:title\" content=\"Absinthe Mini Bottle Wholesale | Custom Glass Bottle For Absinthe\" \/>\n<meta property=\"og:description\" content=\"Ruisheng, a professional glass bottle manufacturer, sales absinthe mini bottle wholesale at factory outlet price. Accept custom glass bottles for absinthe.\" \/>\n<meta property=\"og:url\" content=\"https:\/\/ruishengglassco.com\/product\/rs140-custom-50ml-absinthe-mini-bottle\" \/>\n<meta property=\"og:site_name\" content=\"Glass Bottle Wholesale\" \/>\n<meta property=\"article:modified_time\" content=\"2025-07-10T00:33:38+00:00\" \/>\n<meta property=\"og:image\" content=\"https:\/\/glassbottlewholesale.com\/wp-content\/uploads\/2019\/10\/R25-glassbottle.jpg\" \/>\n\t<meta property=\"og:image:width\" content=\"800\" \/>\n\t<meta property=\"og:image:height\" content=\"800\" \/>\n\t<meta property=\"og:image:type\" content=\"image\/jpeg\" \/>\n<meta name=\"twitter:card\" content=\"summary_large_image\" \/>\n<meta name=\"twitter:label1\" content=\"Tahmini okuma s\u00fcresi\" \/>\n\t<meta name=\"twitter:data1\" content=\"1 dakika\" \/>\n<script type=\"application\/ld+json\" class=\"yoast-schema-graph\">{\"@context\":\"https:\\\/\\\/schema.org\",\"@graph\":[{\"@type\":\"WebPage\",\"@id\":\"https:\\\/\\\/glassbottlewholesale.com\\\/custom-50ml-absinthe-mini-bottle-wholesale\\\/\",\"url\":\"https:\\\/\\\/ruishengglassco.com\\\/product\\\/rs140-custom-50ml-absinthe-mini-bottle\",\"name\":\"Absinthe Mini Bottle Wholesale | Custom Glass Bottle For Absinthe\",\"isPartOf\":{\"@id\":\"https:\\\/\\\/glassbottlewholesale.com\\\/#website\"},\"primaryImageOfPage\":{\"@id\":\"https:\\\/\\\/ruishengglassco.com\\\/product\\\/rs140-custom-50ml-absinthe-mini-bottle#primaryimage\"},\"image\":{\"@id\":\"https:\\\/\\\/ruishengglassco.com\\\/product\\\/rs140-custom-50ml-absinthe-mini-bottle#primaryimage\"},\"thumbnailUrl\":\"https:\\\/\\\/glassbottlewholesale.com\\\/wp-content\\\/uploads\\\/2019\\\/10\\\/R25-glassbottle.jpg\",\"datePublished\":\"2019-10-10T15:02:11+00:00\",\"dateModified\":\"2025-07-10T00:33:38+00:00\",\"description\":\"Ruisheng, a professional glass bottle manufacturer, sales absinthe mini bottle wholesale at factory outlet price. Accept custom glass bottles for absinthe.\",\"breadcrumb\":{\"@id\":\"https:\\\/\\\/ruishengglassco.com\\\/product\\\/rs140-custom-50ml-absinthe-mini-bottle#breadcrumb\"},\"inLanguage\":\"tr\",\"potentialAction\":[{\"@type\":\"ReadAction\",\"target\":[\"https:\\\/\\\/ruishengglassco.com\\\/product\\\/rs140-custom-50ml-absinthe-mini-bottle\"]}]},{\"@type\":\"ImageObject\",\"inLanguage\":\"tr\",\"@id\":\"https:\\\/\\\/ruishengglassco.com\\\/product\\\/rs140-custom-50ml-absinthe-mini-bottle#primaryimage\",\"url\":\"https:\\\/\\\/glassbottlewholesale.com\\\/wp-content\\\/uploads\\\/2019\\\/10\\\/R25-glassbottle.jpg\",\"contentUrl\":\"https:\\\/\\\/glassbottlewholesale.com\\\/wp-content\\\/uploads\\\/2019\\\/10\\\/R25-glassbottle.jpg\",\"width\":800,\"height\":800,\"caption\":\"Custom 50ml Absinthe Mini Bottle Wholesale\"},{\"@type\":\"BreadcrumbList\",\"@id\":\"https:\\\/\\\/ruishengglassco.com\\\/product\\\/rs140-custom-50ml-absinthe-mini-bottle#breadcrumb\",\"itemListElement\":[{\"@type\":\"ListItem\",\"position\":1,\"name\":\"Home\",\"item\":\"https:\\\/\\\/glassbottlewholesale.com\\\/\"},{\"@type\":\"ListItem\",\"position\":2,\"name\":\"Products\",\"item\":\"https:\\\/\\\/glassbottlewholesale.com\\\/shop\\\/\"},{\"@type\":\"ListItem\",\"position\":3,\"name\":\"RS140: Custom 50ml Absinthe Mini Bottle Wholesale\"}]},{\"@type\":\"WebSite\",\"@id\":\"https:\\\/\\\/glassbottlewholesale.com\\\/#website\",\"url\":\"https:\\\/\\\/glassbottlewholesale.com\\\/\",\"name\":\"Glass Bottle Wholesale\",\"description\":\"\",\"publisher\":{\"@id\":\"https:\\\/\\\/glassbottlewholesale.com\\\/#organization\"},\"potentialAction\":[{\"@type\":\"SearchAction\",\"target\":{\"@type\":\"EntryPoint\",\"urlTemplate\":\"https:\\\/\\\/glassbottlewholesale.com\\\/?s={search_term_string}\"},\"query-input\":{\"@type\":\"PropertyValueSpecification\",\"valueRequired\":true,\"valueName\":\"search_term_string\"}}],\"inLanguage\":\"tr\"},{\"@type\":\"Organization\",\"@id\":\"https:\\\/\\\/glassbottlewholesale.com\\\/#organization\",\"name\":\"Glass Bottle Wholesale\",\"url\":\"https:\\\/\\\/glassbottlewholesale.com\\\/\",\"logo\":{\"@type\":\"ImageObject\",\"inLanguage\":\"tr\",\"@id\":\"https:\\\/\\\/glassbottlewholesale.com\\\/#\\\/schema\\\/logo\\\/image\\\/\",\"url\":\"https:\\\/\\\/glassbottlewholesale.com\\\/wp-content\\\/uploads\\\/2023\\\/12\\\/ruisheng-logo.webp\",\"contentUrl\":\"https:\\\/\\\/glassbottlewholesale.com\\\/wp-content\\\/uploads\\\/2023\\\/12\\\/ruisheng-logo.webp\",\"width\":400,\"height\":233,\"caption\":\"Glass Bottle Wholesale\"},\"image\":{\"@id\":\"https:\\\/\\\/glassbottlewholesale.com\\\/#\\\/schema\\\/logo\\\/image\\\/\"}}]}<\/script>\n<!-- \/ Yoast SEO plugin. -->","yoast_head_json":{"title":"Absinthe Mini \u015ei\u015fe Toptan Sat\u0131\u015f | Absinthe \u0130\u00e7in \u00d6zel Cam \u015ei\u015fe","description":"Ruisheng, profesyonel bir cam \u015fi\u015fe \u00fcreticisi, fabrika \u00e7\u0131k\u0131\u015f fiyat\u0131na toptan absinthe mini \u015fi\u015fe sat\u0131\u015f\u0131. Absinthe i\u00e7in \u00f6zel cam \u015fi\u015feleri kabul edin.","robots":{"index":"index","follow":"follow","max-snippet":"max-snippet:-1","max-image-preview":"max-image-preview:large","max-video-preview":"max-video-preview:-1"},"canonical":"https:\/\/ruishengglassco.com\/product\/rs140-custom-50ml-absinthe-mini-bottle","og_locale":"tr_TR","og_type":"article","og_title":"Absinthe Mini Bottle Wholesale | Custom Glass Bottle For Absinthe","og_description":"Ruisheng, a professional glass bottle manufacturer, sales absinthe mini bottle wholesale at factory outlet price. Accept custom glass bottles for absinthe.","og_url":"https:\/\/ruishengglassco.com\/product\/rs140-custom-50ml-absinthe-mini-bottle","og_site_name":"Glass Bottle Wholesale","article_modified_time":"2025-07-10T00:33:38+00:00","og_image":[{"width":800,"height":800,"url":"https:\/\/glassbottlewholesale.com\/wp-content\/uploads\/2019\/10\/R25-glassbottle.jpg","type":"image\/jpeg"}],"twitter_card":"summary_large_image","twitter_misc":{"Tahmini okuma s\u00fcresi":"1 dakika"},"schema":{"@context":"https:\/\/schema.org","@graph":[{"@type":"WebPage","@id":"https:\/\/glassbottlewholesale.com\/custom-50ml-absinthe-mini-bottle-wholesale\/","url":"https:\/\/ruishengglassco.com\/product\/rs140-custom-50ml-absinthe-mini-bottle","name":"Absinthe Mini \u015ei\u015fe Toptan Sat\u0131\u015f | Absinthe \u0130\u00e7in \u00d6zel Cam \u015ei\u015fe","isPartOf":{"@id":"https:\/\/glassbottlewholesale.com\/#website"},"primaryImageOfPage":{"@id":"https:\/\/ruishengglassco.com\/product\/rs140-custom-50ml-absinthe-mini-bottle#primaryimage"},"image":{"@id":"https:\/\/ruishengglassco.com\/product\/rs140-custom-50ml-absinthe-mini-bottle#primaryimage"},"thumbnailUrl":"https:\/\/glassbottlewholesale.com\/wp-content\/uploads\/2019\/10\/R25-glassbottle.jpg","datePublished":"2019-10-10T15:02:11+00:00","dateModified":"2025-07-10T00:33:38+00:00","description":"Ruisheng, profesyonel bir cam \u015fi\u015fe \u00fcreticisi, fabrika \u00e7\u0131k\u0131\u015f fiyat\u0131na toptan absinthe mini \u015fi\u015fe sat\u0131\u015f\u0131. Absinthe i\u00e7in \u00f6zel cam \u015fi\u015feleri kabul edin.","breadcrumb":{"@id":"https:\/\/ruishengglassco.com\/product\/rs140-custom-50ml-absinthe-mini-bottle#breadcrumb"},"inLanguage":"tr","potentialAction":[{"@type":"ReadAction","target":["https:\/\/ruishengglassco.com\/product\/rs140-custom-50ml-absinthe-mini-bottle"]}]},{"@type":"ImageObject","inLanguage":"tr","@id":"https:\/\/ruishengglassco.com\/product\/rs140-custom-50ml-absinthe-mini-bottle#primaryimage","url":"https:\/\/glassbottlewholesale.com\/wp-content\/uploads\/2019\/10\/R25-glassbottle.jpg","contentUrl":"https:\/\/glassbottlewholesale.com\/wp-content\/uploads\/2019\/10\/R25-glassbottle.jpg","width":800,"height":800,"caption":"Custom 50ml Absinthe Mini Bottle Wholesale"},{"@type":"BreadcrumbList","@id":"https:\/\/ruishengglassco.com\/product\/rs140-custom-50ml-absinthe-mini-bottle#breadcrumb","itemListElement":[{"@type":"ListItem","position":1,"name":"Home","item":"https:\/\/glassbottlewholesale.com\/"},{"@type":"ListItem","position":2,"name":"Products","item":"https:\/\/glassbottlewholesale.com\/shop\/"},{"@type":"ListItem","position":3,"name":"RS140: Custom 50ml Absinthe Mini Bottle Wholesale"}]},{"@type":"WebSite","@id":"https:\/\/glassbottlewholesale.com\/#website","url":"https:\/\/glassbottlewholesale.com\/","name":"Glass Bottle Wholesale","description":"","publisher":{"@id":"https:\/\/glassbottlewholesale.com\/#organization"},"potentialAction":[{"@type":"SearchAction","target":{"@type":"EntryPoint","urlTemplate":"https:\/\/glassbottlewholesale.com\/?s={search_term_string}"},"query-input":{"@type":"PropertyValueSpecification","valueRequired":true,"valueName":"search_term_string"}}],"inLanguage":"tr"},{"@type":"Organization","@id":"https:\/\/glassbottlewholesale.com\/#organization","name":"Glass Bottle Wholesale","url":"https:\/\/glassbottlewholesale.com\/","logo":{"@type":"ImageObject","inLanguage":"tr","@id":"https:\/\/glassbottlewholesale.com\/#\/schema\/logo\/image\/","url":"https:\/\/glassbottlewholesale.com\/wp-content\/uploads\/2023\/12\/ruisheng-logo.webp","contentUrl":"https:\/\/glassbottlewholesale.com\/wp-content\/uploads\/2023\/12\/ruisheng-logo.webp","width":400,"height":233,"caption":"Glass Bottle Wholesale"},"image":{"@id":"https:\/\/glassbottlewholesale.com\/#\/schema\/logo\/image\/"}}]}},"_links":{"self":[{"href":"https:\/\/glassbottlewholesale.com\/tr\/wp-json\/wp\/v2\/product\/405","targetHints":{"allow":["GET"]}}],"collection":[{"href":"https:\/\/glassbottlewholesale.com\/tr\/wp-json\/wp\/v2\/product"}],"about":[{"href":"https:\/\/glassbottlewholesale.com\/tr\/wp-json\/wp\/v2\/types\/product"}],"replies":[{"embeddable":true,"href":"https:\/\/glassbottlewholesale.com\/tr\/wp-json\/wp\/v2\/comments?post=405"}],"wp:featuredmedia":[{"embeddable":true,"href":"https:\/\/glassbottlewholesale.com\/tr\/wp-json\/wp\/v2\/media\/2719"}],"wp:attachment":[{"href":"https:\/\/glassbottlewholesale.com\/tr\/wp-json\/wp\/v2\/media?parent=405"}],"wp:term":[{"taxonomy":"product_brand","embeddable":true,"href":"https:\/\/glassbottlewholesale.com\/tr\/wp-json\/wp\/v2\/product_brand?post=405"},{"taxonomy":"product_cat","embeddable":true,"href":"https:\/\/glassbottlewholesale.com\/tr\/wp-json\/wp\/v2\/product_cat?post=405"},{"taxonomy":"product_tag","embeddable":true,"href":"https:\/\/glassbottlewholesale.com\/tr\/wp-json\/wp\/v2\/product_tag?post=405"}],"curies":[{"name":"wp","href":"https:\/\/api.w.org\/{rel}","templated":true}]}}