{"id":409,"date":"2019-10-11T13:39:26","date_gmt":"2019-10-11T13:39:26","guid":{"rendered":"https:\/\/queenchingglass.com\/?post_type=product&#038;p=409"},"modified":"2023-07-21T02:11:49","modified_gmt":"2023-07-21T02:11:49","slug":"vintage-renkli-500ml-bos-cam-siseler","status":"publish","type":"product","link":"https:\/\/glassbottlewholesale.com\/tr\/vintage-renkli-500ml-bos-cam-siseler\/","title":{"rendered":"RS139: 500ml Mantarl\u0131 Vintage Cam \u015ei\u015feler Toptan Sat\u0131\u015f"},"content":{"rendered":"<p>Bu toptan vintage cam \u015fi\u015fe serisi votka, brendi, xo ve di\u011ferlerinde kullan\u0131labilir. Ve \u015fekli d\u00fczd\u00fcr, tutmak i\u00e7in uygundur.<\/p>\n<p>Bu 500ml bo\u015f cam \u015fi\u015fenin malzemesi y\u00fcksek \u00e7akmakta\u015f\u0131d\u0131r, bu da kolayca k\u0131r\u0131lmamas\u0131n\u0131 sa\u011flar. Ayr\u0131ca \u00e7ok \u015feffaft\u0131r. Vidal\u0131 kapak i\u00e7in uygundur ve al\u00fcminyum kapa\u011f\u0131m\u0131z ve gala kapa\u011f\u0131m\u0131z vard\u0131r.<\/p>\n<p>Kapa\u011f\u0131 da de\u011fi\u015ftirebiliriz, mantar kullanmak istiyorsan\u0131z, bunu yapabiliriz. Ayr\u0131ca, cam \u015fi\u015fenin rengini mavi, ye\u015fil, k\u0131rm\u0131z\u0131 ve benzeri gibi de\u011fi\u015ftirebiliriz.<\/p>\n<p>\u00c7al\u0131\u015fanlar\u0131m\u0131z her g\u00fcn g\u00f6revlerini yap\u0131yor, \u00e7ok \u00e7al\u0131\u015f\u0131yor ve \u015fi\u015fe kalitesini s\u0131k\u0131 bir \u015fekilde kontrol ediyorlar. Cam \u015fi\u015fede bir kalite sorunu oldu\u011fu tespit edildi\u011finde, bunu derhal d\u00fczeltirler.<\/p>\n<p>Logonuzu \u00fczerine basmak isterseniz, bunu da yapabiliriz. Cam \u015fi\u015fe \u00fczerinde \u00e7\u0131kartma, buzlanma, kumlama ve boyama gibi derin i\u015flemler yapabiliriz.<\/p>\n<h4>Details About Vintage Cam \u015ei\u015fe Toptan Sat\u0131\u015f<\/h4>\n<p>Cam \u015fi\u015fe ile ilgili bilgiler a\u015fa\u011f\u0131daki gibidir:<\/p>\n<ul>\n<li>Ana malzeme: y\u00fcksek \u00e7akmakta\u015f\u0131 cam<\/li>\n<li>Kapak: vidal\u0131 kapak<\/li>\n<li>Referans: RS139<\/li>\n<li>ADEDI: 10000 ADET<\/li>\n<li>Kapasite: \u00f6zel<\/li>\n<li>Adet\/Ctn:24 adet<\/li>\n<li>Yerin k\u00f6keni: Shandong, \u00c7in<\/li>\n<li>\u00d6zellik: \u00c7evre dostu<\/li>\n<\/ul>\n<p>\u00dcr\u00fcnlerimiz s\u0131k\u0131 ambalajlarda ambalajlanmaktad\u0131r, \u00fcr\u00fcn\u00fcn iyi durumda oldu\u011funu garanti edebiliriz.<\/p>\n<p>En \u00f6nemlisi, birinci s\u0131n\u0131f sat\u0131\u015f sonras\u0131 hizmetimiz var, sorular\u0131n\u0131z\u0131 cevaplayaca\u011f\u0131z, \u00fcr\u00fcnlerimizin \u00fcretim s\u00fcrecine a\u015fina olman\u0131za izin verece\u011fiz.<\/p>\n<p>Tabii ki gelip fabrikam\u0131z\u0131 ziyaret edebilirsiniz, size fabrikay\u0131 gezdiririz. Ayr\u0131ca, \u00fcretim s\u00fcrecimiz \u00e7ok resmidir. Umar\u0131m cam \u015fi\u015femize g\u00fcvenebilirsiniz, sizinle uzun vadeli i\u015fbirli\u011fi yapmay\u0131 umuyoruz.<\/p>\n<p>\u00d6zel cam \u015fi\u015feleri de kabul ediyoruz, bana \u00f6rnekler veya \u00e7izimler verebilirsiniz, ayn\u0131 cam \u015fi\u015feyi yapabiliriz.<\/p>\n<p>Umar\u0131m bu cam \u015fi\u015feyi be\u011fenir ve sipari\u015f verirsiniz.<\/p>\n<p>Bu vintage cam \u015fi\u015fe toptan sat\u0131\u015f\u0131n\u0131 be\u011fendiyseniz, l\u00fctfen bizimle ileti\u015fime ge\u00e7mekten \u00e7ekinmeyin. <a href=\"https:\/\/glassbottlewholesale.com\/tr\/contact\/\">Bize ula\u015f\u0131n<\/a>G\u00fcn\u00fcn 24 saati \u00e7evrimi\u00e7i olaca\u011f\u0131z.<\/p>","protected":false},"excerpt":{"rendered":"<p>\u00c7in'in Shandong \u015fehrinde bulunan eski bir lik\u00f6r \u015fi\u015fesi yap\u0131m \u015firketi olan Ruisheng Glass Bottle, 10 y\u0131l\u0131 a\u015fk\u0131n s\u00fcredir cam \u015fi\u015fe \u00fcretimi ve sat\u0131\u015f\u0131na odaklanm\u0131\u015ft\u0131r. Vintage cam \u015fi\u015fe toptan sat\u0131\u015f\u0131m\u0131z, cam \u015fi\u015feyi daha net, dayan\u0131kl\u0131 ve p\u00fcr\u00fczs\u00fcz hale getiren y\u00fcksek \u00e7akmakta\u015f\u0131 cam malzemeden yap\u0131lm\u0131\u015ft\u0131r. Her zaman lik\u00f6r \u015fi\u015feleri, brendi \u015fi\u015feleri, viski \u015fi\u015feleri ve votka \u015fi\u015feleri olarak kullan\u0131l\u0131r.<\/p>\n<p>Lik\u00f6r\u00fcn\u00fcz i\u00e7in cam \u015fi\u015fe sat\u0131n almak istiyorsan\u0131z, l\u00fctfen bizimle ileti\u015fime ge\u00e7mekten \u00e7ekinmeyin.<\/p>","protected":false},"featured_media":410,"comment_status":"open","ping_status":"closed","template":"","meta":[],"product_brand":[],"product_cat":[50,60],"product_tag":[],"class_list":{"0":"post-409","1":"product","2":"type-product","3":"status-publish","4":"has-post-thumbnail","6":"product_cat-500ml-glass-bottle","7":"product_cat-brandy-bottle","8":"entry","9":"has-media","11":"first","12":"instock","13":"shipping-taxable","14":"product-type-simple"},"yoast_head":"<!-- This site is optimized with the Yoast SEO plugin v27.3 - https:\/\/yoast.com\/product\/yoast-seo-wordpress\/ -->\n<title>500ml Vintage Glass Bottles Wholesale | Liquor Bottle Making Company<\/title>\n<meta name=\"description\" content=\"Ruisheng, an old liquor bottle making company, provide 500ml Vintage Glass Bottles Wholesale. Factory Outlet&amp;Save Cost. Free Sample here.\" \/>\n<meta name=\"robots\" content=\"index, follow, max-snippet:-1, max-image-preview:large, max-video-preview:-1\" \/>\n<link rel=\"canonical\" href=\"https:\/\/ruishengglassco.com\/product\/rs139-500ml-vintage-glass-bottles-with-corks\" \/>\n<meta property=\"og:locale\" content=\"tr_TR\" \/>\n<meta property=\"og:type\" content=\"article\" \/>\n<meta property=\"og:title\" content=\"500ml Vintage Glass Bottles Wholesale | Liquor Bottle Making Company\" \/>\n<meta property=\"og:description\" content=\"Ruisheng, an old liquor bottle making company, provide 500ml Vintage Glass Bottles Wholesale. Factory Outlet&amp;Save Cost. Free Sample here.\" \/>\n<meta property=\"og:url\" content=\"https:\/\/ruishengglassco.com\/product\/rs139-500ml-vintage-glass-bottles-with-corks\" \/>\n<meta property=\"og:site_name\" content=\"Glass Bottle Wholesale\" \/>\n<meta property=\"article:modified_time\" content=\"2023-07-21T02:11:49+00:00\" \/>\n<meta property=\"og:image\" content=\"https:\/\/glassbottlewholesale.com\/wp-content\/uploads\/2019\/10\/tupian8.jpg\" \/>\n\t<meta property=\"og:image:width\" content=\"350\" \/>\n\t<meta property=\"og:image:height\" content=\"350\" \/>\n\t<meta property=\"og:image:type\" content=\"image\/jpeg\" \/>\n<meta name=\"twitter:card\" content=\"summary_large_image\" \/>\n<meta name=\"twitter:label1\" content=\"Tahmini okuma s\u00fcresi\" \/>\n\t<meta name=\"twitter:data1\" content=\"2 dakika\" \/>\n<script type=\"application\/ld+json\" class=\"yoast-schema-graph\">{\"@context\":\"https:\\\/\\\/schema.org\",\"@graph\":[{\"@type\":\"WebPage\",\"@id\":\"https:\\\/\\\/glassbottlewholesale.com\\\/vintage-colored-500ml-empty-glass-bottles\\\/\",\"url\":\"https:\\\/\\\/ruishengglassco.com\\\/product\\\/rs139-500ml-vintage-glass-bottles-with-corks\",\"name\":\"500ml Vintage Glass Bottles Wholesale | Liquor Bottle Making Company\",\"isPartOf\":{\"@id\":\"https:\\\/\\\/glassbottlewholesale.com\\\/#website\"},\"primaryImageOfPage\":{\"@id\":\"https:\\\/\\\/ruishengglassco.com\\\/product\\\/rs139-500ml-vintage-glass-bottles-with-corks#primaryimage\"},\"image\":{\"@id\":\"https:\\\/\\\/ruishengglassco.com\\\/product\\\/rs139-500ml-vintage-glass-bottles-with-corks#primaryimage\"},\"thumbnailUrl\":\"https:\\\/\\\/glassbottlewholesale.com\\\/wp-content\\\/uploads\\\/2019\\\/10\\\/tupian8.jpg\",\"datePublished\":\"2019-10-11T13:39:26+00:00\",\"dateModified\":\"2023-07-21T02:11:49+00:00\",\"description\":\"Ruisheng, an old liquor bottle making company, provide 500ml Vintage Glass Bottles Wholesale. Factory Outlet&Save Cost. Free Sample here.\",\"breadcrumb\":{\"@id\":\"https:\\\/\\\/ruishengglassco.com\\\/product\\\/rs139-500ml-vintage-glass-bottles-with-corks#breadcrumb\"},\"inLanguage\":\"tr\",\"potentialAction\":[{\"@type\":\"ReadAction\",\"target\":[\"https:\\\/\\\/ruishengglassco.com\\\/product\\\/rs139-500ml-vintage-glass-bottles-with-corks\"]}]},{\"@type\":\"ImageObject\",\"inLanguage\":\"tr\",\"@id\":\"https:\\\/\\\/ruishengglassco.com\\\/product\\\/rs139-500ml-vintage-glass-bottles-with-corks#primaryimage\",\"url\":\"https:\\\/\\\/glassbottlewholesale.com\\\/wp-content\\\/uploads\\\/2019\\\/10\\\/tupian8.jpg\",\"contentUrl\":\"https:\\\/\\\/glassbottlewholesale.com\\\/wp-content\\\/uploads\\\/2019\\\/10\\\/tupian8.jpg\",\"width\":350,\"height\":350,\"caption\":\"Vintage Glass Bottles Wholesale\"},{\"@type\":\"BreadcrumbList\",\"@id\":\"https:\\\/\\\/ruishengglassco.com\\\/product\\\/rs139-500ml-vintage-glass-bottles-with-corks#breadcrumb\",\"itemListElement\":[{\"@type\":\"ListItem\",\"position\":1,\"name\":\"Home\",\"item\":\"https:\\\/\\\/glassbottlewholesale.com\\\/\"},{\"@type\":\"ListItem\",\"position\":2,\"name\":\"Products\",\"item\":\"https:\\\/\\\/glassbottlewholesale.com\\\/shop\\\/\"},{\"@type\":\"ListItem\",\"position\":3,\"name\":\"RS139: 500ml Vintage Glass Bottles With Corks Wholesale\"}]},{\"@type\":\"WebSite\",\"@id\":\"https:\\\/\\\/glassbottlewholesale.com\\\/#website\",\"url\":\"https:\\\/\\\/glassbottlewholesale.com\\\/\",\"name\":\"Glass Bottle Wholesale\",\"description\":\"\",\"publisher\":{\"@id\":\"https:\\\/\\\/glassbottlewholesale.com\\\/#organization\"},\"potentialAction\":[{\"@type\":\"SearchAction\",\"target\":{\"@type\":\"EntryPoint\",\"urlTemplate\":\"https:\\\/\\\/glassbottlewholesale.com\\\/?s={search_term_string}\"},\"query-input\":{\"@type\":\"PropertyValueSpecification\",\"valueRequired\":true,\"valueName\":\"search_term_string\"}}],\"inLanguage\":\"tr\"},{\"@type\":\"Organization\",\"@id\":\"https:\\\/\\\/glassbottlewholesale.com\\\/#organization\",\"name\":\"Glass Bottle Wholesale\",\"url\":\"https:\\\/\\\/glassbottlewholesale.com\\\/\",\"logo\":{\"@type\":\"ImageObject\",\"inLanguage\":\"tr\",\"@id\":\"https:\\\/\\\/glassbottlewholesale.com\\\/#\\\/schema\\\/logo\\\/image\\\/\",\"url\":\"https:\\\/\\\/glassbottlewholesale.com\\\/wp-content\\\/uploads\\\/2023\\\/12\\\/ruisheng-logo.webp\",\"contentUrl\":\"https:\\\/\\\/glassbottlewholesale.com\\\/wp-content\\\/uploads\\\/2023\\\/12\\\/ruisheng-logo.webp\",\"width\":400,\"height\":233,\"caption\":\"Glass Bottle Wholesale\"},\"image\":{\"@id\":\"https:\\\/\\\/glassbottlewholesale.com\\\/#\\\/schema\\\/logo\\\/image\\\/\"}}]}<\/script>\n<!-- \/ Yoast SEO plugin. -->","yoast_head_json":{"title":"500ml Vintage Cam \u015ei\u015feler Toptan Sat\u0131\u015f | Lik\u00f6r \u015ei\u015fesi Yap\u0131m\u0131 \u015eirketi","description":"Eski bir lik\u00f6r \u015fi\u015fesi yap\u0131m \u015firketi olan Ruisheng, 500ml Vintage Cam \u015ei\u015feler Toptan Sat\u0131\u015f sa\u011fl\u0131yor. Fabrika Sat\u0131\u015f Ma\u011fazas\u0131 ve Maliyetten Tasarruf Edin. Burada \u00dccretsiz \u00d6rnek.","robots":{"index":"index","follow":"follow","max-snippet":"max-snippet:-1","max-image-preview":"max-image-preview:large","max-video-preview":"max-video-preview:-1"},"canonical":"https:\/\/ruishengglassco.com\/product\/rs139-500ml-vintage-glass-bottles-with-corks","og_locale":"tr_TR","og_type":"article","og_title":"500ml Vintage Glass Bottles Wholesale | Liquor Bottle Making Company","og_description":"Ruisheng, an old liquor bottle making company, provide 500ml Vintage Glass Bottles Wholesale. Factory Outlet&Save Cost. Free Sample here.","og_url":"https:\/\/ruishengglassco.com\/product\/rs139-500ml-vintage-glass-bottles-with-corks","og_site_name":"Glass Bottle Wholesale","article_modified_time":"2023-07-21T02:11:49+00:00","og_image":[{"width":350,"height":350,"url":"https:\/\/glassbottlewholesale.com\/wp-content\/uploads\/2019\/10\/tupian8.jpg","type":"image\/jpeg"}],"twitter_card":"summary_large_image","twitter_misc":{"Tahmini okuma s\u00fcresi":"2 dakika"},"schema":{"@context":"https:\/\/schema.org","@graph":[{"@type":"WebPage","@id":"https:\/\/glassbottlewholesale.com\/vintage-colored-500ml-empty-glass-bottles\/","url":"https:\/\/ruishengglassco.com\/product\/rs139-500ml-vintage-glass-bottles-with-corks","name":"500ml Vintage Cam \u015ei\u015feler Toptan Sat\u0131\u015f | Lik\u00f6r \u015ei\u015fesi Yap\u0131m\u0131 \u015eirketi","isPartOf":{"@id":"https:\/\/glassbottlewholesale.com\/#website"},"primaryImageOfPage":{"@id":"https:\/\/ruishengglassco.com\/product\/rs139-500ml-vintage-glass-bottles-with-corks#primaryimage"},"image":{"@id":"https:\/\/ruishengglassco.com\/product\/rs139-500ml-vintage-glass-bottles-with-corks#primaryimage"},"thumbnailUrl":"https:\/\/glassbottlewholesale.com\/wp-content\/uploads\/2019\/10\/tupian8.jpg","datePublished":"2019-10-11T13:39:26+00:00","dateModified":"2023-07-21T02:11:49+00:00","description":"Eski bir lik\u00f6r \u015fi\u015fesi yap\u0131m \u015firketi olan Ruisheng, 500ml Vintage Cam \u015ei\u015feler Toptan Sat\u0131\u015f sa\u011fl\u0131yor. Fabrika Sat\u0131\u015f Ma\u011fazas\u0131 ve Maliyetten Tasarruf Edin. Burada \u00dccretsiz \u00d6rnek.","breadcrumb":{"@id":"https:\/\/ruishengglassco.com\/product\/rs139-500ml-vintage-glass-bottles-with-corks#breadcrumb"},"inLanguage":"tr","potentialAction":[{"@type":"ReadAction","target":["https:\/\/ruishengglassco.com\/product\/rs139-500ml-vintage-glass-bottles-with-corks"]}]},{"@type":"ImageObject","inLanguage":"tr","@id":"https:\/\/ruishengglassco.com\/product\/rs139-500ml-vintage-glass-bottles-with-corks#primaryimage","url":"https:\/\/glassbottlewholesale.com\/wp-content\/uploads\/2019\/10\/tupian8.jpg","contentUrl":"https:\/\/glassbottlewholesale.com\/wp-content\/uploads\/2019\/10\/tupian8.jpg","width":350,"height":350,"caption":"Vintage Glass Bottles Wholesale"},{"@type":"BreadcrumbList","@id":"https:\/\/ruishengglassco.com\/product\/rs139-500ml-vintage-glass-bottles-with-corks#breadcrumb","itemListElement":[{"@type":"ListItem","position":1,"name":"Home","item":"https:\/\/glassbottlewholesale.com\/"},{"@type":"ListItem","position":2,"name":"Products","item":"https:\/\/glassbottlewholesale.com\/shop\/"},{"@type":"ListItem","position":3,"name":"RS139: 500ml Vintage Glass Bottles With Corks Wholesale"}]},{"@type":"WebSite","@id":"https:\/\/glassbottlewholesale.com\/#website","url":"https:\/\/glassbottlewholesale.com\/","name":"Glass Bottle Wholesale","description":"","publisher":{"@id":"https:\/\/glassbottlewholesale.com\/#organization"},"potentialAction":[{"@type":"SearchAction","target":{"@type":"EntryPoint","urlTemplate":"https:\/\/glassbottlewholesale.com\/?s={search_term_string}"},"query-input":{"@type":"PropertyValueSpecification","valueRequired":true,"valueName":"search_term_string"}}],"inLanguage":"tr"},{"@type":"Organization","@id":"https:\/\/glassbottlewholesale.com\/#organization","name":"Glass Bottle Wholesale","url":"https:\/\/glassbottlewholesale.com\/","logo":{"@type":"ImageObject","inLanguage":"tr","@id":"https:\/\/glassbottlewholesale.com\/#\/schema\/logo\/image\/","url":"https:\/\/glassbottlewholesale.com\/wp-content\/uploads\/2023\/12\/ruisheng-logo.webp","contentUrl":"https:\/\/glassbottlewholesale.com\/wp-content\/uploads\/2023\/12\/ruisheng-logo.webp","width":400,"height":233,"caption":"Glass Bottle Wholesale"},"image":{"@id":"https:\/\/glassbottlewholesale.com\/#\/schema\/logo\/image\/"}}]}},"_links":{"self":[{"href":"https:\/\/glassbottlewholesale.com\/tr\/wp-json\/wp\/v2\/product\/409","targetHints":{"allow":["GET"]}}],"collection":[{"href":"https:\/\/glassbottlewholesale.com\/tr\/wp-json\/wp\/v2\/product"}],"about":[{"href":"https:\/\/glassbottlewholesale.com\/tr\/wp-json\/wp\/v2\/types\/product"}],"replies":[{"embeddable":true,"href":"https:\/\/glassbottlewholesale.com\/tr\/wp-json\/wp\/v2\/comments?post=409"}],"wp:featuredmedia":[{"embeddable":true,"href":"https:\/\/glassbottlewholesale.com\/tr\/wp-json\/wp\/v2\/media\/410"}],"wp:attachment":[{"href":"https:\/\/glassbottlewholesale.com\/tr\/wp-json\/wp\/v2\/media?parent=409"}],"wp:term":[{"taxonomy":"product_brand","embeddable":true,"href":"https:\/\/glassbottlewholesale.com\/tr\/wp-json\/wp\/v2\/product_brand?post=409"},{"taxonomy":"product_cat","embeddable":true,"href":"https:\/\/glassbottlewholesale.com\/tr\/wp-json\/wp\/v2\/product_cat?post=409"},{"taxonomy":"product_tag","embeddable":true,"href":"https:\/\/glassbottlewholesale.com\/tr\/wp-json\/wp\/v2\/product_tag?post=409"}],"curies":[{"name":"wp","href":"https:\/\/api.w.org\/{rel}","templated":true}]}}