{"id":432,"date":"2019-10-12T13:44:04","date_gmt":"2019-10-12T13:44:04","guid":{"rendered":"https:\/\/queenchingglass.com\/?post_type=product&#038;p=432"},"modified":"2025-07-10T00:43:06","modified_gmt":"2025-07-10T00:43:06","slug":"geri-donusturulmus-50cl-cam-siseler-toptan-ureticisi","status":"publish","type":"product","link":"https:\/\/glassbottlewholesale.com\/tr\/geri-donusturulmus-50cl-cam-siseler-toptan-ureticisi\/","title":{"rendered":"RS134: Geri D\u00f6n\u00fc\u015f\u00fcml\u00fc 50cl Cam \u015ei\u015feler Toptan \u00dcreticisi"},"content":{"rendered":"<div class=\"wpb-content-wrapper\"><div class=\"vc_row wpb_row vc_row-fluid\"><div class=\"wpb_column vc_column_container vc_col-sm-12\"><div class=\"vc_column-inner\"><div class=\"wpb_wrapper\">\n\t<div class=\"wpb_text_column wpb_content_element\" >\n\t\t<div class=\"wpb_wrapper\">\n\t\t\t<p>Geri d\u00f6n\u00fc\u015ft\u00fcr\u00fclm\u00fc\u015f i\u00e7ki \u015fi\u015feleri, s\u0131cak sat\u0131\u015f \u00fcr\u00fcnlerimizden biridir. Bu sat\u0131l\u0131k cam \u015fi\u015feler yayg\u0131n bir \u015fekle sahiptir, ancak kullan\u0131m\u0131 \u00e7ok geni\u015ftir. Bu bo\u015f lik\u00f6r \u015fi\u015fesi votka, viski, brendi, zeytinya\u011f\u0131, su ve di\u011fer s\u0131v\u0131lar\u0131 tutmak i\u00e7in kullan\u0131labilir.<\/p>\n<p>Bu geri d\u00f6n\u00fc\u015ft\u00fcr\u00fclm\u00fc\u015f cam \u015fi\u015fe kristal beyaz cam malzemeden \u00fcretilmi\u015ftir. Cam \u015fi\u015fe y\u00fczeyinde \u00e7ok net ve p\u00fcr\u00fczs\u00fczd\u00fcr. Ve bu 50cl cam \u015fi\u015fe toptan sat\u0131\u015f\u0131 \u00e7ok dayan\u0131kl\u0131d\u0131r. Ta\u015f\u0131ma s\u0131ras\u0131nda di\u011fer cam \u015fi\u015felere k\u0131yasla k\u0131r\u0131lma oran\u0131 en d\u00fc\u015f\u00fckt\u00fcr.<\/p>\n<h4>Bu 50cl Geri D\u00f6n\u00fc\u015ft\u00fcr\u00fclm\u00fc\u015f Lik\u00f6r \u015ei\u015felerinin Detaylar\u0131<\/h4>\n<p>Bu geri d\u00f6n\u00fc\u015ft\u00fcr\u00fclm\u00fc\u015f bo\u015f i\u00e7ki \u015fi\u015feleri toptan 580 gr a\u011f\u0131rl\u0131\u011f\u0131ndad\u0131r. A\u011f\u0131r taban\u0131 ile cam \u015fi\u015feler \u00fcst s\u0131n\u0131f bir g\u00f6r\u00fcn\u00fcme sahiptir ve \u00fcr\u00fcn\u00fcn\u00fcz\u00fcn de y\u00fcksek kalitede g\u00f6r\u00fcnmesini sa\u011flayacakt\u0131r.<\/p>\n<p>Geri kazan\u0131labilir cam \u015fi\u015fenin boyutu 71,2x 250 mm'dir. Kapak \u00e7ap\u0131 19,2 mm'dir. Bu geri d\u00f6n\u00fc\u015ft\u00fcr\u00fclm\u00fc\u015f cam \u015fi\u015fe a\u011fz\u0131 18,5 mm T-mantar i\u00e7in uygundur.<\/p>\n<p>Bu lik\u00f6r cam \u015fi\u015fesi i\u00e7in ortak paketleme yolu standart ihracat kartonudur. Genellikle karton ba\u015f\u0131na 24 adet, karton ba\u015f\u0131na 20 adet, karton ba\u015f\u0131na 12 adet veya m\u00fc\u015fteri \u00f6zel renkli kutu yapmak isterse karton ba\u015f\u0131na 6 adet vard\u0131r.<\/p>\n<p>Zamandan ve insan g\u00fcc\u00fcnden tasarruf etmek istiyorsan\u0131z, cam \u015fi\u015feleri paketlemek i\u00e7in paleti kullanabiliriz. Paletimiz f\u00fcmigasyonsuzdur ve boyutu yakla\u015f\u0131k 100 x 120 cm'dir.  Paletin y\u00fcksekli\u011fi cam \u015fi\u015fenin y\u00fcksekli\u011fine ve konteynere g\u00f6re belirlenir.<\/p>\n<p>\u015eeffaf cam \u015fi\u015feyi sadece paletle paketleyebildi\u011fimiz gibi, karton ve paletle de paketleyebiliriz. Bu m\u00fc\u015fteri talebine g\u00f6redir.<\/p>\n<p>Fabrikam\u0131zda bir\u00e7ok tasar\u0131mc\u0131 oldu\u011fu i\u00e7in OEM sipari\u015fini de kabul edebiliriz. Geri d\u00f6n\u00fc\u015ft\u00fcr\u00fclm\u00fc\u015f 50 cl cam \u015fi\u015feler hakk\u0131ndaki fikrinizi veya \u00e7iziminizi bize s\u00f6yleyebilirsiniz, sizin i\u00e7in tasarlayabilir ve yapabiliriz.<\/p>\n<p>Bu 50cl'lik geri d\u00f6n\u00fc\u015ft\u00fcr\u00fclm\u00fc\u015f lik\u00f6r \u015fi\u015fesi fiyat\u0131m\u0131zla ilgileniyorsan\u0131z veya <a href=\"https:\/\/ruishengglassco.com\/about\">\u00f6zel cam \u015fi\u0307\u015fe<\/a>l\u00fctfen bizimle ileti\u015fime ge\u00e7in.<\/p>\n\n\t\t<\/div>\n\t<\/div>\n<\/div><\/div><\/div><\/div>\n<\/div>","protected":false},"excerpt":{"rendered":"<table class=\"tg\">\n<tbody>\n<tr>\n<th class=\"tg-yw4l\" colspan=\"2\">Geri D\u00f6n\u00fc\u015f\u00fcml\u00fc 50cl Cam \u015ei\u015feler Toptan Sat\u0131\u015f<\/th>\n<\/tr>\n<tr>\n<td class=\"tg-b7b8\">Referans:<\/td>\n<td class=\"tg-b7b8\">RS134<\/td>\n<\/tr>\n<tr>\n<td class=\"tg-yw4l\">Ana malzeme:<\/td>\n<td class=\"tg-yw4l\">Y\u00fcksek \u00e7akmakta\u015f\u0131 cam (bu malzeme kristal beyaz cam olarak da adland\u0131r\u0131l\u0131r)<\/td>\n<\/tr>\n<tr>\n<td class=\"tg-b7b8\">Kaptan:<\/td>\n<td class=\"tg-b7b8\">Mantar\/Karga kapa\u011f\u0131<\/td>\n<\/tr>\n<tr>\n<td class=\"tg-yw4l\">Kapasite:<\/td>\n<td class=\"tg-yw4l\">700ml<\/td>\n<\/tr>\n<tr>\n<td class=\"tg-b7b8\">\u00d6zellik:<\/td>\n<td class=\"tg-b7b8\">\u00c7evre dostu<\/td>\n<\/tr>\n<tr>\n<td class=\"tg-yw4l\">ADEDI:<\/td>\n<td class=\"tg-yw4l\">10000 ADET<\/td>\n<\/tr>\n<tr>\n<td class=\"tg-b7b8\">Paketleme \u015eekli:<\/td>\n<td class=\"tg-b7b8\">\u0130hracat standart karton \/ Palet \/ ihracat standart karton ve palet<\/td>\n<\/tr>\n<tr>\n<td class=\"tg-yw4l\">OEM\/ODM:<\/td>\n<td class=\"tg-yw4l\">Ho\u015f geldiniz<\/td>\n<\/tr>\n<tr>\n<td class=\"tg-b7b8\">Yerin k\u00f6keni:<\/td>\n<td class=\"tg-b7b8\">Shandong, \u00c7in<\/td>\n<\/tr>\n<tr>\n<td class=\"tg-yw4l\">Adet\/Ktn:<\/td>\n<td class=\"tg-yw4l\">24 adet veya m\u00fc\u015fteri taleplerine g\u00f6re<\/td>\n<\/tr>\n<\/tbody>\n<\/table>","protected":false},"featured_media":433,"comment_status":"open","ping_status":"closed","template":"","meta":[],"product_brand":[],"product_cat":[50,60],"product_tag":[],"class_list":{"0":"post-432","1":"product","2":"type-product","3":"status-publish","4":"has-post-thumbnail","6":"product_cat-500ml-glass-bottle","7":"product_cat-brandy-bottle","8":"entry","9":"has-media","11":"first","12":"instock","13":"shipping-taxable","14":"product-type-simple"},"yoast_head":"<!-- This site is optimized with the Yoast SEO plugin v27.3 - https:\/\/yoast.com\/product\/yoast-seo-wordpress\/ -->\n<title>50cl Recycled Liquor Bottles Bulk | Empty Glass Bottles Manufacturer<\/title>\n<meta name=\"description\" content=\"Do you want to buy 50cl Recycled Liquor Bottles Bulk from China Empty Glass Bottles Manufacturer? Factory Outlet&amp;Wholesale Price. Get Quote Now.\" \/>\n<meta name=\"robots\" content=\"index, follow, max-snippet:-1, max-image-preview:large, max-video-preview:-1\" \/>\n<link rel=\"canonical\" href=\"https:\/\/ruishengglassco.com\/product\/rs134-recycled-50cl-glass-bottles-manufacturer\" \/>\n<meta property=\"og:locale\" content=\"tr_TR\" \/>\n<meta property=\"og:type\" content=\"article\" \/>\n<meta property=\"og:title\" content=\"50cl Recycled Liquor Bottles Bulk | Empty Glass Bottles Manufacturer\" \/>\n<meta property=\"og:description\" content=\"Do you want to buy 50cl Recycled Liquor Bottles Bulk from China Empty Glass Bottles Manufacturer? Factory Outlet&amp;Wholesale Price. Get Quote Now.\" \/>\n<meta property=\"og:url\" content=\"https:\/\/ruishengglassco.com\/product\/rs134-recycled-50cl-glass-bottles-manufacturer\" \/>\n<meta property=\"og:site_name\" content=\"Glass Bottle Wholesale\" \/>\n<meta property=\"article:modified_time\" content=\"2025-07-10T00:43:06+00:00\" \/>\n<meta property=\"og:image\" content=\"https:\/\/glassbottlewholesale.com\/wp-content\/uploads\/2019\/10\/\u767d\u5170\u57308.jpg\" \/>\n\t<meta property=\"og:image:width\" content=\"400\" \/>\n\t<meta property=\"og:image:height\" content=\"400\" \/>\n\t<meta property=\"og:image:type\" content=\"image\/jpeg\" \/>\n<meta name=\"twitter:card\" content=\"summary_large_image\" \/>\n<meta name=\"twitter:label1\" content=\"Tahmini okuma s\u00fcresi\" \/>\n\t<meta name=\"twitter:data1\" content=\"2 dakika\" \/>\n<script type=\"application\/ld+json\" class=\"yoast-schema-graph\">{\"@context\":\"https:\\\/\\\/schema.org\",\"@graph\":[{\"@type\":\"WebPage\",\"@id\":\"https:\\\/\\\/glassbottlewholesale.com\\\/recycled-50cl-glass-bottles-wholesale-manufacturer\\\/\",\"url\":\"https:\\\/\\\/ruishengglassco.com\\\/product\\\/rs134-recycled-50cl-glass-bottles-manufacturer\",\"name\":\"50cl Recycled Liquor Bottles Bulk | Empty Glass Bottles Manufacturer\",\"isPartOf\":{\"@id\":\"https:\\\/\\\/glassbottlewholesale.com\\\/#website\"},\"primaryImageOfPage\":{\"@id\":\"https:\\\/\\\/ruishengglassco.com\\\/product\\\/rs134-recycled-50cl-glass-bottles-manufacturer#primaryimage\"},\"image\":{\"@id\":\"https:\\\/\\\/ruishengglassco.com\\\/product\\\/rs134-recycled-50cl-glass-bottles-manufacturer#primaryimage\"},\"thumbnailUrl\":\"https:\\\/\\\/glassbottlewholesale.com\\\/wp-content\\\/uploads\\\/2019\\\/10\\\/\u767d\u5170\u57308.jpg\",\"datePublished\":\"2019-10-12T13:44:04+00:00\",\"dateModified\":\"2025-07-10T00:43:06+00:00\",\"description\":\"Do you want to buy 50cl Recycled Liquor Bottles Bulk from China Empty Glass Bottles Manufacturer? Factory Outlet&Wholesale Price. Get Quote Now.\",\"breadcrumb\":{\"@id\":\"https:\\\/\\\/ruishengglassco.com\\\/product\\\/rs134-recycled-50cl-glass-bottles-manufacturer#breadcrumb\"},\"inLanguage\":\"tr\",\"potentialAction\":[{\"@type\":\"ReadAction\",\"target\":[\"https:\\\/\\\/ruishengglassco.com\\\/product\\\/rs134-recycled-50cl-glass-bottles-manufacturer\"]}]},{\"@type\":\"ImageObject\",\"inLanguage\":\"tr\",\"@id\":\"https:\\\/\\\/ruishengglassco.com\\\/product\\\/rs134-recycled-50cl-glass-bottles-manufacturer#primaryimage\",\"url\":\"https:\\\/\\\/glassbottlewholesale.com\\\/wp-content\\\/uploads\\\/2019\\\/10\\\/\u767d\u5170\u57308.jpg\",\"contentUrl\":\"https:\\\/\\\/glassbottlewholesale.com\\\/wp-content\\\/uploads\\\/2019\\\/10\\\/\u767d\u5170\u57308.jpg\",\"width\":400,\"height\":400,\"caption\":\"Recycled Liquor Bottles\"},{\"@type\":\"BreadcrumbList\",\"@id\":\"https:\\\/\\\/ruishengglassco.com\\\/product\\\/rs134-recycled-50cl-glass-bottles-manufacturer#breadcrumb\",\"itemListElement\":[{\"@type\":\"ListItem\",\"position\":1,\"name\":\"Home\",\"item\":\"https:\\\/\\\/glassbottlewholesale.com\\\/\"},{\"@type\":\"ListItem\",\"position\":2,\"name\":\"Products\",\"item\":\"https:\\\/\\\/glassbottlewholesale.com\\\/shop\\\/\"},{\"@type\":\"ListItem\",\"position\":3,\"name\":\"RS134: Recycled 50cl Glass Bottles Wholesale Manufacturer\"}]},{\"@type\":\"WebSite\",\"@id\":\"https:\\\/\\\/glassbottlewholesale.com\\\/#website\",\"url\":\"https:\\\/\\\/glassbottlewholesale.com\\\/\",\"name\":\"Glass Bottle Wholesale\",\"description\":\"\",\"publisher\":{\"@id\":\"https:\\\/\\\/glassbottlewholesale.com\\\/#organization\"},\"potentialAction\":[{\"@type\":\"SearchAction\",\"target\":{\"@type\":\"EntryPoint\",\"urlTemplate\":\"https:\\\/\\\/glassbottlewholesale.com\\\/?s={search_term_string}\"},\"query-input\":{\"@type\":\"PropertyValueSpecification\",\"valueRequired\":true,\"valueName\":\"search_term_string\"}}],\"inLanguage\":\"tr\"},{\"@type\":\"Organization\",\"@id\":\"https:\\\/\\\/glassbottlewholesale.com\\\/#organization\",\"name\":\"Glass Bottle Wholesale\",\"url\":\"https:\\\/\\\/glassbottlewholesale.com\\\/\",\"logo\":{\"@type\":\"ImageObject\",\"inLanguage\":\"tr\",\"@id\":\"https:\\\/\\\/glassbottlewholesale.com\\\/#\\\/schema\\\/logo\\\/image\\\/\",\"url\":\"https:\\\/\\\/glassbottlewholesale.com\\\/wp-content\\\/uploads\\\/2023\\\/12\\\/ruisheng-logo.webp\",\"contentUrl\":\"https:\\\/\\\/glassbottlewholesale.com\\\/wp-content\\\/uploads\\\/2023\\\/12\\\/ruisheng-logo.webp\",\"width\":400,\"height\":233,\"caption\":\"Glass Bottle Wholesale\"},\"image\":{\"@id\":\"https:\\\/\\\/glassbottlewholesale.com\\\/#\\\/schema\\\/logo\\\/image\\\/\"}}]}<\/script>\n<!-- \/ Yoast SEO plugin. -->","yoast_head_json":{"title":"50cl Geri D\u00f6n\u00fc\u015f\u00fcml\u00fc Lik\u00f6r \u015ei\u015feleri Toplu | Bo\u015f Cam \u015ei\u015feler \u00dcreticisi","description":"\u00c7in Bo\u015f Cam \u015ei\u015feler \u00dcreticisinden 50cl Geri D\u00f6n\u00fc\u015f\u00fcml\u00fc Lik\u00f6r \u015ei\u015feleri Toplu sat\u0131n almak ister misiniz? Fabrika Sat\u0131\u015f Ma\u011fazas\u0131 ve Toptan Sat\u0131\u015f Fiyat\u0131. \u015eimdi Teklif Al\u0131n.","robots":{"index":"index","follow":"follow","max-snippet":"max-snippet:-1","max-image-preview":"max-image-preview:large","max-video-preview":"max-video-preview:-1"},"canonical":"https:\/\/ruishengglassco.com\/product\/rs134-recycled-50cl-glass-bottles-manufacturer","og_locale":"tr_TR","og_type":"article","og_title":"50cl Recycled Liquor Bottles Bulk | Empty Glass Bottles Manufacturer","og_description":"Do you want to buy 50cl Recycled Liquor Bottles Bulk from China Empty Glass Bottles Manufacturer? Factory Outlet&Wholesale Price. Get Quote Now.","og_url":"https:\/\/ruishengglassco.com\/product\/rs134-recycled-50cl-glass-bottles-manufacturer","og_site_name":"Glass Bottle Wholesale","article_modified_time":"2025-07-10T00:43:06+00:00","og_image":[{"width":400,"height":400,"url":"https:\/\/glassbottlewholesale.com\/wp-content\/uploads\/2019\/10\/\u767d\u5170\u57308.jpg","type":"image\/jpeg"}],"twitter_card":"summary_large_image","twitter_misc":{"Tahmini okuma s\u00fcresi":"2 dakika"},"schema":{"@context":"https:\/\/schema.org","@graph":[{"@type":"WebPage","@id":"https:\/\/glassbottlewholesale.com\/recycled-50cl-glass-bottles-wholesale-manufacturer\/","url":"https:\/\/ruishengglassco.com\/product\/rs134-recycled-50cl-glass-bottles-manufacturer","name":"50cl Geri D\u00f6n\u00fc\u015f\u00fcml\u00fc Lik\u00f6r \u015ei\u015feleri Toplu | Bo\u015f Cam \u015ei\u015feler \u00dcreticisi","isPartOf":{"@id":"https:\/\/glassbottlewholesale.com\/#website"},"primaryImageOfPage":{"@id":"https:\/\/ruishengglassco.com\/product\/rs134-recycled-50cl-glass-bottles-manufacturer#primaryimage"},"image":{"@id":"https:\/\/ruishengglassco.com\/product\/rs134-recycled-50cl-glass-bottles-manufacturer#primaryimage"},"thumbnailUrl":"https:\/\/glassbottlewholesale.com\/wp-content\/uploads\/2019\/10\/\u767d\u5170\u57308.jpg","datePublished":"2019-10-12T13:44:04+00:00","dateModified":"2025-07-10T00:43:06+00:00","description":"\u00c7in Bo\u015f Cam \u015ei\u015feler \u00dcreticisinden 50cl Geri D\u00f6n\u00fc\u015f\u00fcml\u00fc Lik\u00f6r \u015ei\u015feleri Toplu sat\u0131n almak ister misiniz? Fabrika Sat\u0131\u015f Ma\u011fazas\u0131 ve Toptan Sat\u0131\u015f Fiyat\u0131. \u015eimdi Teklif Al\u0131n.","breadcrumb":{"@id":"https:\/\/ruishengglassco.com\/product\/rs134-recycled-50cl-glass-bottles-manufacturer#breadcrumb"},"inLanguage":"tr","potentialAction":[{"@type":"ReadAction","target":["https:\/\/ruishengglassco.com\/product\/rs134-recycled-50cl-glass-bottles-manufacturer"]}]},{"@type":"ImageObject","inLanguage":"tr","@id":"https:\/\/ruishengglassco.com\/product\/rs134-recycled-50cl-glass-bottles-manufacturer#primaryimage","url":"https:\/\/glassbottlewholesale.com\/wp-content\/uploads\/2019\/10\/\u767d\u5170\u57308.jpg","contentUrl":"https:\/\/glassbottlewholesale.com\/wp-content\/uploads\/2019\/10\/\u767d\u5170\u57308.jpg","width":400,"height":400,"caption":"Recycled Liquor Bottles"},{"@type":"BreadcrumbList","@id":"https:\/\/ruishengglassco.com\/product\/rs134-recycled-50cl-glass-bottles-manufacturer#breadcrumb","itemListElement":[{"@type":"ListItem","position":1,"name":"Home","item":"https:\/\/glassbottlewholesale.com\/"},{"@type":"ListItem","position":2,"name":"Products","item":"https:\/\/glassbottlewholesale.com\/shop\/"},{"@type":"ListItem","position":3,"name":"RS134: Recycled 50cl Glass Bottles Wholesale Manufacturer"}]},{"@type":"WebSite","@id":"https:\/\/glassbottlewholesale.com\/#website","url":"https:\/\/glassbottlewholesale.com\/","name":"Glass Bottle Wholesale","description":"","publisher":{"@id":"https:\/\/glassbottlewholesale.com\/#organization"},"potentialAction":[{"@type":"SearchAction","target":{"@type":"EntryPoint","urlTemplate":"https:\/\/glassbottlewholesale.com\/?s={search_term_string}"},"query-input":{"@type":"PropertyValueSpecification","valueRequired":true,"valueName":"search_term_string"}}],"inLanguage":"tr"},{"@type":"Organization","@id":"https:\/\/glassbottlewholesale.com\/#organization","name":"Glass Bottle Wholesale","url":"https:\/\/glassbottlewholesale.com\/","logo":{"@type":"ImageObject","inLanguage":"tr","@id":"https:\/\/glassbottlewholesale.com\/#\/schema\/logo\/image\/","url":"https:\/\/glassbottlewholesale.com\/wp-content\/uploads\/2023\/12\/ruisheng-logo.webp","contentUrl":"https:\/\/glassbottlewholesale.com\/wp-content\/uploads\/2023\/12\/ruisheng-logo.webp","width":400,"height":233,"caption":"Glass Bottle Wholesale"},"image":{"@id":"https:\/\/glassbottlewholesale.com\/#\/schema\/logo\/image\/"}}]}},"_links":{"self":[{"href":"https:\/\/glassbottlewholesale.com\/tr\/wp-json\/wp\/v2\/product\/432","targetHints":{"allow":["GET"]}}],"collection":[{"href":"https:\/\/glassbottlewholesale.com\/tr\/wp-json\/wp\/v2\/product"}],"about":[{"href":"https:\/\/glassbottlewholesale.com\/tr\/wp-json\/wp\/v2\/types\/product"}],"replies":[{"embeddable":true,"href":"https:\/\/glassbottlewholesale.com\/tr\/wp-json\/wp\/v2\/comments?post=432"}],"wp:featuredmedia":[{"embeddable":true,"href":"https:\/\/glassbottlewholesale.com\/tr\/wp-json\/wp\/v2\/media\/433"}],"wp:attachment":[{"href":"https:\/\/glassbottlewholesale.com\/tr\/wp-json\/wp\/v2\/media?parent=432"}],"wp:term":[{"taxonomy":"product_brand","embeddable":true,"href":"https:\/\/glassbottlewholesale.com\/tr\/wp-json\/wp\/v2\/product_brand?post=432"},{"taxonomy":"product_cat","embeddable":true,"href":"https:\/\/glassbottlewholesale.com\/tr\/wp-json\/wp\/v2\/product_cat?post=432"},{"taxonomy":"product_tag","embeddable":true,"href":"https:\/\/glassbottlewholesale.com\/tr\/wp-json\/wp\/v2\/product_tag?post=432"}],"curies":[{"name":"wp","href":"https:\/\/api.w.org\/{rel}","templated":true}]}}