{"id":440,"date":"2019-10-12T13:54:37","date_gmt":"2019-10-12T13:54:37","guid":{"rendered":"https:\/\/queenchingglass.com\/?post_type=product&#038;p=440"},"modified":"2025-07-10T00:45:11","modified_gmt":"2025-07-10T00:45:11","slug":"cam-sise-imalatinda-700ml-xo-cam-siseler","status":"publish","type":"product","link":"https:\/\/glassbottlewholesale.com\/tr\/cam-sise-imalatinda-700ml-xo-cam-siseler\/","title":{"rendered":"RS130: Cam \u015ei\u015fe \u0130malatlar\u0131nda 700ml XO Cam \u015ei\u015feler"},"content":{"rendered":"<div class=\"wpb-content-wrapper\"><div class=\"vc_row wpb_row vc_row-fluid\"><div class=\"wpb_column vc_column_container vc_col-sm-12\"><div class=\"vc_column-inner\"><div class=\"wpb_wrapper\">\n\t<div class=\"wpb_text_column wpb_content_element\" >\n\t\t<div class=\"wpb_wrapper\">\n\t\t\t<div class=\"\" data-block=\"true\" data-editor=\"fi8h\" data-offset-key=\"3a0tk-0-0\">\n<div class=\"public-DraftStyleDefault-block public-DraftStyleDefault-ltr\" data-offset-key=\"3a0tk-0-0\"><span class=\"hardreadability\"><span data-offset-key=\"3a0tk-0-0\">700ml XO \u015fi\u015fe fiyat\u0131n\u0131, \u00f6zellikle sat\u0131l\u0131k toptan Brendi \u015fi\u015felerini alaca\u011f\u0131m\u0131z zaman, uygun xo \u015fi\u015fe \u00fcreticisini se\u00e7meliyiz<\/span><\/span><span data-offset-key=\"3a0tk-1-0\">. <\/span><span class=\"veryhardreadability\"><span data-offset-key=\"3a0tk-2-0\">\u00dcst\u00fcn Brendi \u015fi\u015fesi tedarik\u00e7isi uygun \u00fcr\u00fcnler sa\u011flayabilir ve Brendi \u015fi\u015felerinin kalitesini garanti edebilir<\/span><\/span><span data-offset-key=\"3a0tk-3-0\">. Hepimiz uygun \u015fi\u015fenin ve \u015fi\u015fenin kalitesinin Konya\u011f\u0131m\u0131z i\u00e7in ne kadar \u00f6nemli oldu\u011funu biliyoruz.<\/span><\/div>\n<\/div>\n<h4 class=\"public-DraftStyleDefault-block public-DraftStyleDefault-ltr\" data-offset-key=\"45kie-0-0\"><span data-offset-key=\"45kie-0-0\">Ruisheng Hakk\u0131nda<\/span><\/h4>\n<div class=\"\" data-block=\"true\" data-editor=\"fi8h\" data-offset-key=\"b9mnb-0-0\">\n<div class=\"public-DraftStyleDefault-block public-DraftStyleDefault-ltr\" data-offset-key=\"b9mnb-0-0\"><span data-offset-key=\"b9mnb-0-0\">\u00a0<\/span><\/div>\n<\/div>\n<div class=\"\" data-block=\"true\" data-editor=\"fi8h\" data-offset-key=\"7fkcp-0-0\">\n<div class=\"public-DraftStyleDefault-block public-DraftStyleDefault-ltr\" data-offset-key=\"7fkcp-0-0\"><span class=\"hardreadability\"><span data-offset-key=\"7fkcp-0-0\">\u00c7in'in \u00fcnl\u00fc ispirto \u015fi\u015fesi \u00fcreticisi Ruisheng, brendi \u015fi\u015feleri yapmak i\u00e7in y\u00fcksek flintli cam malzeme kullan\u0131yor<\/span><\/span><span data-offset-key=\"7fkcp-1-0\">. Bu, cam \u015fi\u015feler i\u00e7in en \u00fcst s\u0131n\u0131f malzemedir. Y\u00fcksek \u00e7akmak ta\u015f\u0131ndan yap\u0131lm\u0131\u015f 700ml XO \u015fi\u015fesi daha berrak, daha dayan\u0131kl\u0131 ve daha p\u00fcr\u00fczs\u00fczd\u00fcr.<\/span><\/div>\n<\/div>\n<div class=\"\" data-block=\"true\" data-editor=\"fi8h\" data-offset-key=\"b1ld8-0-0\">\n<div class=\"public-DraftStyleDefault-block public-DraftStyleDefault-ltr\" data-offset-key=\"b1ld8-0-0\"><span data-offset-key=\"b1ld8-0-0\">\u00a0<\/span><\/div>\n<\/div>\n<div class=\"\" data-block=\"true\" data-editor=\"fi8h\" data-offset-key=\"7j509-0-0\">\n<div class=\"public-DraftStyleDefault-block public-DraftStyleDefault-ltr\" data-offset-key=\"7j509-0-0\"><span class=\"hardreadability\"><span data-offset-key=\"7j509-0-0\">En b\u00fcy\u00fck 700ML xo \u015fi\u015fe \u00fcreticilerinden biri olan Ruisheng, 500'den fazla \u00e7al\u0131\u015fana ve bir grup yetenekli m\u00fchendise sahiptir<\/span><\/span><span data-offset-key=\"7j509-1-0\">. Zengin deneyimimizle, t\u00fcm d\u00fcnyada iyi bir \u00fcne sahibiz.<\/span><\/div>\n<\/div>\n<div class=\"\" data-block=\"true\" data-editor=\"fi8h\" data-offset-key=\"4o25d-0-0\">\n<div class=\"public-DraftStyleDefault-block public-DraftStyleDefault-ltr\" data-offset-key=\"4o25d-0-0\"><span data-offset-key=\"4o25d-0-0\">\u00a0<\/span><\/div>\n<\/div>\n<h4 class=\"public-DraftStyleDefault-block public-DraftStyleDefault-ltr\" data-offset-key=\"62v7i-0-0\"><span data-offset-key=\"62v7i-0-0\">700ML XO \u015ei\u015fe Fiyat\u0131 Hakk\u0131nda<\/span><\/h4>\n<div class=\"\" data-block=\"true\" data-editor=\"fi8h\" data-offset-key=\"b94dj-0-0\">\n<div class=\"public-DraftStyleDefault-block public-DraftStyleDefault-ltr\" data-offset-key=\"b94dj-0-0\"><span data-offset-key=\"b94dj-0-0\">\u00a0<\/span><\/div>\n<\/div>\n<div class=\"\" data-block=\"true\" data-editor=\"fi8h\" data-offset-key=\"6jfhr-0-0\">\n<div class=\"public-DraftStyleDefault-block public-DraftStyleDefault-ltr\" data-offset-key=\"6jfhr-0-0\"><span class=\"veryhardreadability\"><span data-offset-key=\"6jfhr-0-0\">Ba\u015fl\u0131ca \u00fcr\u00fcnlerimiz brendi \u015fi\u015fesi, votka cam \u015fi\u015fesi, viski \u015fi\u015fesi, lik\u00f6r \u015fi\u015fesi, rom \u015fi\u015fesi ve benzeri gibi \u00fcst s\u0131n\u0131f lik\u00f6r cam \u015fi\u015feleridir.<\/span><\/span><span data-offset-key=\"6jfhr-1-0\">. <\/span><span class=\"hardreadability\"><span data-offset-key=\"6jfhr-2-0\">Ayr\u0131ca ye\u015fil cam \u015fi\u015feler, koyu ye\u015fil \u015fi\u015feler ve di\u011fer boyal\u0131 cam \u015fi\u015feler gibi di\u011fer renkli cam \u015fi\u015feler de sunabiliriz<\/span><\/span><span data-offset-key=\"6jfhr-3-0\">. <\/span><span class=\"veryhardreadability\"><span data-offset-key=\"6jfhr-4-0\">700ml XO \u015fi\u015fesinin ana pazar\u0131m\u0131z Avrupa, ABD, Avustralya, Amerika vb. Ve t\u00fcm \u00fcr\u00fcnler yenilik ve i\u015flevsellik a\u00e7\u0131s\u0131ndan y\u00fcksek bir \u00fcne sahiptir<\/span><\/span><span data-offset-key=\"6jfhr-5-0\">. 700ml xo \u015fi\u015fe fiyat\u0131n\u0131 almak istiyorsan\u0131z, l\u00fctfen <a href=\"https:\/\/ruishengglassco.com\/contact\">mesaj b\u0131rak\u0131n<\/a> bizim i\u00e7in.<\/span><\/div>\n<\/div>\n<div class=\"\" data-block=\"true\" data-editor=\"fi8h\" data-offset-key=\"d41bq-0-0\">\n<div class=\"public-DraftStyleDefault-block public-DraftStyleDefault-ltr\" data-offset-key=\"d41bq-0-0\"><span data-offset-key=\"d41bq-0-0\">\u00a0<\/span><\/div>\n<\/div>\n<h4 class=\"public-DraftStyleDefault-block public-DraftStyleDefault-ltr\" data-offset-key=\"d5v0s-0-0\"><span data-offset-key=\"d5v0s-0-0\">Sat\u0131l\u0131k Bu Konyak \u015ei\u015fesinin Detaylar\u0131<\/span><\/h4>\n<div class=\"\" data-block=\"true\" data-editor=\"fi8h\" data-offset-key=\"5ffko-0-0\">\n<div class=\"public-DraftStyleDefault-block public-DraftStyleDefault-ltr\" data-offset-key=\"5ffko-0-0\"><span data-offset-key=\"5ffko-0-0\">\u00a0<\/span><\/div>\n<\/div>\n<ul class=\"public-DraftStyleDefault-ul\" data-offset-key=\"43ngp-0-0\">\n<li class=\"public-DraftStyleDefault-unorderedListItem public-DraftStyleDefault-reset public-DraftStyleDefault-depth0 public-DraftStyleDefault-listLTR\" data-block=\"true\" data-editor=\"fi8h\" data-offset-key=\"43ngp-0-0\">\n<div class=\"public-DraftStyleDefault-block public-DraftStyleDefault-ltr\" data-offset-key=\"43ngp-0-0\"><span data-offset-key=\"43ngp-0-0\">Ana malzeme: y\u00fcksek \u00e7akmakta\u015f\u0131 cam<\/span><\/div>\n<\/li>\n<\/ul>\n<div class=\"\" data-block=\"true\" data-editor=\"fi8h\" data-offset-key=\"cgnt9-0-0\">\n<div class=\"public-DraftStyleDefault-block public-DraftStyleDefault-ltr\" data-offset-key=\"cgnt9-0-0\"><span data-offset-key=\"cgnt9-0-0\">\u00a0<\/span><\/div>\n<\/div>\n<ul class=\"public-DraftStyleDefault-ul\" data-offset-key=\"fjugc-0-0\">\n<li class=\"public-DraftStyleDefault-unorderedListItem public-DraftStyleDefault-reset public-DraftStyleDefault-depth0 public-DraftStyleDefault-listLTR\" data-block=\"true\" data-editor=\"fi8h\" data-offset-key=\"fjugc-0-0\">\n<div class=\"public-DraftStyleDefault-block public-DraftStyleDefault-ltr\" data-offset-key=\"fjugc-0-0\"><span data-offset-key=\"fjugc-0-0\">Referans: RS130<\/span><\/div>\n<\/li>\n<\/ul>\n<div class=\"\" data-block=\"true\" data-editor=\"fi8h\" data-offset-key=\"epk0b-0-0\">\n<div class=\"public-DraftStyleDefault-block public-DraftStyleDefault-ltr\" data-offset-key=\"epk0b-0-0\"><span data-offset-key=\"epk0b-0-0\">\u00a0<\/span><\/div>\n<\/div>\n<ul class=\"public-DraftStyleDefault-ul\" data-offset-key=\"cf45v-0-0\">\n<li class=\"public-DraftStyleDefault-unorderedListItem public-DraftStyleDefault-reset public-DraftStyleDefault-depth0 public-DraftStyleDefault-listLTR\" data-block=\"true\" data-editor=\"fi8h\" data-offset-key=\"cf45v-0-0\">\n<div class=\"public-DraftStyleDefault-block public-DraftStyleDefault-ltr\" data-offset-key=\"cf45v-0-0\"><span data-offset-key=\"cf45v-0-0\">ADEDI: 10000 ADET<\/span><\/div>\n<\/li>\n<\/ul>\n<div class=\"\" data-block=\"true\" data-editor=\"fi8h\" data-offset-key=\"ft4ih-0-0\">\n<div class=\"public-DraftStyleDefault-block public-DraftStyleDefault-ltr\" data-offset-key=\"ft4ih-0-0\"><span data-offset-key=\"ft4ih-0-0\">\u00a0<\/span><\/div>\n<\/div>\n<ul class=\"public-DraftStyleDefault-ul\" data-offset-key=\"40v8m-0-0\">\n<li class=\"public-DraftStyleDefault-unorderedListItem public-DraftStyleDefault-reset public-DraftStyleDefault-depth0 public-DraftStyleDefault-listLTR\" data-block=\"true\" data-editor=\"fi8h\" data-offset-key=\"40v8m-0-0\">\n<div class=\"public-DraftStyleDefault-block public-DraftStyleDefault-ltr\" data-offset-key=\"40v8m-0-0\"><span data-offset-key=\"40v8m-0-0\">Kapasite: 700ml<\/span><\/div>\n<\/li>\n<\/ul>\n<div class=\"\" data-block=\"true\" data-editor=\"fi8h\" data-offset-key=\"28d71-0-0\">\n<div class=\"public-DraftStyleDefault-block public-DraftStyleDefault-ltr\" data-offset-key=\"28d71-0-0\"><span data-offset-key=\"28d71-0-0\">\u00a0<\/span><\/div>\n<\/div>\n<ul class=\"public-DraftStyleDefault-ul\" data-offset-key=\"74udu-0-0\">\n<li class=\"public-DraftStyleDefault-unorderedListItem public-DraftStyleDefault-reset public-DraftStyleDefault-depth0 public-DraftStyleDefault-listLTR\" data-block=\"true\" data-editor=\"fi8h\" data-offset-key=\"74udu-0-0\">\n<div class=\"public-DraftStyleDefault-block public-DraftStyleDefault-ltr\" data-offset-key=\"74udu-0-0\"><span data-offset-key=\"74udu-0-0\">Adet\/Ctn: 24 adet<\/span><\/div>\n<\/li>\n<\/ul>\n<div class=\"\" data-block=\"true\" data-editor=\"fi8h\" data-offset-key=\"brga9-0-0\">\n<div class=\"public-DraftStyleDefault-block public-DraftStyleDefault-ltr\" data-offset-key=\"brga9-0-0\"><span data-offset-key=\"brga9-0-0\">\u00a0<\/span><\/div>\n<\/div>\n<ul class=\"public-DraftStyleDefault-ul\" data-offset-key=\"4fp1t-0-0\">\n<li class=\"public-DraftStyleDefault-unorderedListItem public-DraftStyleDefault-reset public-DraftStyleDefault-depth0 public-DraftStyleDefault-listLTR\" data-block=\"true\" data-editor=\"fi8h\" data-offset-key=\"4fp1t-0-0\">\n<div class=\"public-DraftStyleDefault-block public-DraftStyleDefault-ltr\" data-offset-key=\"4fp1t-0-0\"><span data-offset-key=\"4fp1t-0-0\">Yerin k\u00f6keni: Shandong, \u00c7in<\/span><\/div>\n<\/li>\n<\/ul>\n<div class=\"\" data-block=\"true\" data-editor=\"fi8h\" data-offset-key=\"29k1f-0-0\">\n<div class=\"public-DraftStyleDefault-block public-DraftStyleDefault-ltr\" data-offset-key=\"29k1f-0-0\"><span data-offset-key=\"29k1f-0-0\">\u00a0<\/span><\/div>\n<\/div>\n<ul class=\"public-DraftStyleDefault-ul\" data-offset-key=\"7jph2-0-0\">\n<li class=\"public-DraftStyleDefault-unorderedListItem public-DraftStyleDefault-reset public-DraftStyleDefault-depth0 public-DraftStyleDefault-listLTR\" data-block=\"true\" data-editor=\"fi8h\" data-offset-key=\"7jph2-0-0\">\n<div class=\"public-DraftStyleDefault-block public-DraftStyleDefault-ltr\" data-offset-key=\"7jph2-0-0\"><span data-offset-key=\"7jph2-0-0\">\u00d6zellik: <\/span><span class=\"adverb\"><span data-offset-key=\"7jph2-1-0\">\u00c7evre dostu<\/span><\/span><\/div>\n<\/li>\n<\/ul>\n<div class=\"\" data-block=\"true\" data-editor=\"fi8h\" data-offset-key=\"eaha3-0-0\">\n<div class=\"public-DraftStyleDefault-block public-DraftStyleDefault-ltr\" data-offset-key=\"eaha3-0-0\"><span data-offset-key=\"eaha3-0-0\">\u00a0<\/span><\/div>\n<\/div>\n<div class=\"\" data-block=\"true\" data-editor=\"fi8h\" data-offset-key=\"3dpnd-0-0\">\n<div class=\"public-DraftStyleDefault-block public-DraftStyleDefault-ltr\" data-offset-key=\"3dpnd-0-0\"><span class=\"hardreadability\"><span data-offset-key=\"3dpnd-0-0\">B\u00fcy\u00fck bir \u015fi\u015fe \u00fcreticisi olarak, ki\u015fiselle\u015ftirilmi\u015f Brendi \u015fi\u015fesi hizmeti ve OEM hizmeti de sa\u011fl\u0131yoruz<\/span><\/span><span data-offset-key=\"3dpnd-1-0\">. <\/span><span class=\"hardreadability\"><span data-offset-key=\"3dpnd-2-0\">M\u00fc\u015fterilerimiz \u015fi\u015fe, Louis 13 Brandy \u015fi\u015fesi, Remy martin Brandy \u015fi\u015feleri vb. sipari\u015f edebilirler.<\/span><\/span><span data-offset-key=\"3dpnd-3-0\">.<\/span><\/div>\n<\/div>\n<div class=\"\" data-block=\"true\" data-editor=\"fi8h\" data-offset-key=\"fsto6-0-0\">\n<div class=\"public-DraftStyleDefault-block public-DraftStyleDefault-ltr\" data-offset-key=\"fsto6-0-0\"><span data-offset-key=\"fsto6-0-0\">\u00a0<\/span><\/div>\n<\/div>\n<div class=\"\" data-block=\"true\" data-editor=\"fi8h\" data-offset-key=\"f6k7i-0-0\">\n<div class=\"public-DraftStyleDefault-block public-DraftStyleDefault-ltr\" data-offset-key=\"f6k7i-0-0\"><span class=\"veryhardreadability\"><span data-offset-key=\"f6k7i-0-0\">E\u011fer sen <\/span><\/span><span class=\"passivevoice\"><span data-offset-key=\"f6k7i-1-0\">ilgileniyor<\/span><\/span><span class=\"veryhardreadability\"><span data-offset-key=\"f6k7i-2-0\"> XO \u015fi\u015fe fiyat\u0131m\u0131zda veya Ruishneg-700ml XO \u015fi\u015fe \u00fcreticisinden toptan Brendi \u015fi\u015fesi, l\u00fctfen bizimle ileti\u015fime ge\u00e7in<\/span><\/span><span data-offset-key=\"f6k7i-3-0\">. Size en h\u0131zl\u0131 s\u00fcrede cevap verece\u011fiz ve sizin i\u00e7in elimizden gelenin en iyisini yapaca\u011f\u0131z.<\/span><\/div>\n<\/div>\n\n\t\t<\/div>\n\t<\/div>\n<\/div><\/div><\/div><\/div>\n<\/div>","protected":false},"excerpt":{"rendered":"<table class=\"tg\">\n<tbody>\n<tr>\n<th class=\"tg-24i8\" colspan=\"2\">Cam \u015ei\u015fe \u0130malat\u0131nda 700ml XO Cam \u015ei\u015feler<\/th>\n<\/tr>\n<tr>\n<td class=\"tg-b7b8\">Referans:<\/td>\n<td class=\"tg-b7b8\">RS130<\/td>\n<\/tr>\n<tr>\n<td class=\"tg-yw4l\">Ana malzeme:<\/td>\n<td class=\"tg-yw4l\">Y\u00fcksek \u00e7akmakta\u015f\u0131 cam<\/td>\n<\/tr>\n<tr>\n<td class=\"tg-b7b8\">Kaptan:<\/td>\n<td class=\"tg-b7b8\">Mantar<\/td>\n<\/tr>\n<tr>\n<td class=\"tg-yw4l\">Kapasite:<\/td>\n<td class=\"tg-yw4l\">250ml 500ml 750ml 1000ml<\/td>\n<\/tr>\n<tr>\n<td class=\"tg-b7b8\">\u00d6zellik:<\/td>\n<td class=\"tg-b7b8\">\u00c7evre dostu<\/td>\n<\/tr>\n<tr>\n<td class=\"tg-yw4l\">ADEDI:<\/td>\n<td class=\"tg-yw4l\">10000 ADET<\/td>\n<\/tr>\n<tr>\n<td class=\"tg-b7b8\">Nakliye yolu:<\/td>\n<td class=\"tg-b7b8\">Gemi, Ekspres<\/td>\n<\/tr>\n<tr>\n<td class=\"tg-yw4l\">OEM\/ODM:<\/td>\n<td class=\"tg-yw4l\">Ho\u015f geldiniz<\/td>\n<\/tr>\n<tr>\n<td class=\"tg-b7b8\">Yerin k\u00f6keni:<\/td>\n<td class=\"tg-b7b8\">Shandong, \u00c7in<\/td>\n<\/tr>\n<tr>\n<td class=\"tg-yw4l\">Adet\/Ktn:<\/td>\n<td class=\"tg-yw4l\">24 adet<\/td>\n<\/tr>\n<\/tbody>\n<\/table>","protected":false},"featured_media":4349,"comment_status":"open","ping_status":"closed","template":"","meta":[],"product_brand":[],"product_cat":[51,61],"product_tag":[],"class_list":{"0":"post-440","1":"product","2":"type-product","3":"status-publish","4":"has-post-thumbnail","6":"product_cat-700ml-glass-bottle","7":"product_cat-xo-brandy-bottle","8":"entry","9":"has-media","11":"first","12":"instock","13":"shipping-taxable","14":"product-type-simple"},"yoast_head":"<!-- This site is optimized with the Yoast SEO plugin v27.3 - https:\/\/yoast.com\/product\/yoast-seo-wordpress\/ -->\n<title>700ml XO Bottle Price | Wholesale Brandy Bottle For Sale<\/title>\n<meta name=\"description\" content=\"Do you want to get 700ml XO Bottle Price From China Liquor Bottle Manufacturer? Ruisheng, wholesale Brandy bottle for sale with factory outlet price.\" \/>\n<meta name=\"robots\" content=\"index, follow, max-snippet:-1, max-image-preview:large, max-video-preview:-1\" \/>\n<link rel=\"canonical\" href=\"https:\/\/ruishengglassco.com\/product\/rs130-700ml-xo-glass-bottles-in-glass-bottle-manufactures\" \/>\n<meta property=\"og:locale\" content=\"tr_TR\" \/>\n<meta property=\"og:type\" content=\"article\" \/>\n<meta property=\"og:title\" content=\"700ml XO Bottle Price | Wholesale Brandy Bottle For Sale\" \/>\n<meta property=\"og:description\" content=\"Do you want to get 700ml XO Bottle Price From China Liquor Bottle Manufacturer? Ruisheng, wholesale Brandy bottle for sale with factory outlet price.\" \/>\n<meta property=\"og:url\" content=\"https:\/\/ruishengglassco.com\/product\/rs130-700ml-xo-glass-bottles-in-glass-bottle-manufactures\" \/>\n<meta property=\"og:site_name\" content=\"Glass Bottle Wholesale\" \/>\n<meta property=\"article:modified_time\" content=\"2025-07-10T00:45:11+00:00\" \/>\n<meta property=\"og:image\" content=\"https:\/\/glassbottlewholesale.com\/wp-content\/uploads\/2023\/12\/long-glass-bottleIMG_7116-1.jpg\" \/>\n\t<meta property=\"og:image:width\" content=\"800\" \/>\n\t<meta property=\"og:image:height\" content=\"800\" \/>\n\t<meta property=\"og:image:type\" content=\"image\/jpeg\" \/>\n<meta name=\"twitter:card\" content=\"summary_large_image\" \/>\n<meta name=\"twitter:label1\" content=\"Tahmini okuma s\u00fcresi\" \/>\n\t<meta name=\"twitter:data1\" content=\"2 dakika\" \/>\n<script type=\"application\/ld+json\" class=\"yoast-schema-graph\">{\"@context\":\"https:\\\/\\\/schema.org\",\"@graph\":[{\"@type\":\"WebPage\",\"@id\":\"https:\\\/\\\/glassbottlewholesale.com\\\/700ml-xo-glass-bottles-in-glass-bottle-manufactures\\\/\",\"url\":\"https:\\\/\\\/ruishengglassco.com\\\/product\\\/rs130-700ml-xo-glass-bottles-in-glass-bottle-manufactures\",\"name\":\"700ml XO Bottle Price | Wholesale Brandy Bottle For Sale\",\"isPartOf\":{\"@id\":\"https:\\\/\\\/glassbottlewholesale.com\\\/#website\"},\"primaryImageOfPage\":{\"@id\":\"https:\\\/\\\/ruishengglassco.com\\\/product\\\/rs130-700ml-xo-glass-bottles-in-glass-bottle-manufactures#primaryimage\"},\"image\":{\"@id\":\"https:\\\/\\\/ruishengglassco.com\\\/product\\\/rs130-700ml-xo-glass-bottles-in-glass-bottle-manufactures#primaryimage\"},\"thumbnailUrl\":\"https:\\\/\\\/glassbottlewholesale.com\\\/wp-content\\\/uploads\\\/2023\\\/12\\\/long-glass-bottleIMG_7116-1.jpg\",\"datePublished\":\"2019-10-12T13:54:37+00:00\",\"dateModified\":\"2025-07-10T00:45:11+00:00\",\"description\":\"Do you want to get 700ml XO Bottle Price From China Liquor Bottle Manufacturer? Ruisheng, wholesale Brandy bottle for sale with factory outlet price.\",\"breadcrumb\":{\"@id\":\"https:\\\/\\\/ruishengglassco.com\\\/product\\\/rs130-700ml-xo-glass-bottles-in-glass-bottle-manufactures#breadcrumb\"},\"inLanguage\":\"tr\",\"potentialAction\":[{\"@type\":\"ReadAction\",\"target\":[\"https:\\\/\\\/ruishengglassco.com\\\/product\\\/rs130-700ml-xo-glass-bottles-in-glass-bottle-manufactures\"]}]},{\"@type\":\"ImageObject\",\"inLanguage\":\"tr\",\"@id\":\"https:\\\/\\\/ruishengglassco.com\\\/product\\\/rs130-700ml-xo-glass-bottles-in-glass-bottle-manufactures#primaryimage\",\"url\":\"https:\\\/\\\/glassbottlewholesale.com\\\/wp-content\\\/uploads\\\/2023\\\/12\\\/long-glass-bottleIMG_7116-1.jpg\",\"contentUrl\":\"https:\\\/\\\/glassbottlewholesale.com\\\/wp-content\\\/uploads\\\/2023\\\/12\\\/long-glass-bottleIMG_7116-1.jpg\",\"width\":800,\"height\":800,\"caption\":\"RS130: 700ml XO Glass Bottles in Glass Bottle Manufactures\"},{\"@type\":\"BreadcrumbList\",\"@id\":\"https:\\\/\\\/ruishengglassco.com\\\/product\\\/rs130-700ml-xo-glass-bottles-in-glass-bottle-manufactures#breadcrumb\",\"itemListElement\":[{\"@type\":\"ListItem\",\"position\":1,\"name\":\"Home\",\"item\":\"https:\\\/\\\/glassbottlewholesale.com\\\/\"},{\"@type\":\"ListItem\",\"position\":2,\"name\":\"Products\",\"item\":\"https:\\\/\\\/glassbottlewholesale.com\\\/shop\\\/\"},{\"@type\":\"ListItem\",\"position\":3,\"name\":\"RS130: 700ml XO Glass Bottles in Glass Bottle Manufactures\"}]},{\"@type\":\"WebSite\",\"@id\":\"https:\\\/\\\/glassbottlewholesale.com\\\/#website\",\"url\":\"https:\\\/\\\/glassbottlewholesale.com\\\/\",\"name\":\"Glass Bottle Wholesale\",\"description\":\"\",\"publisher\":{\"@id\":\"https:\\\/\\\/glassbottlewholesale.com\\\/#organization\"},\"potentialAction\":[{\"@type\":\"SearchAction\",\"target\":{\"@type\":\"EntryPoint\",\"urlTemplate\":\"https:\\\/\\\/glassbottlewholesale.com\\\/?s={search_term_string}\"},\"query-input\":{\"@type\":\"PropertyValueSpecification\",\"valueRequired\":true,\"valueName\":\"search_term_string\"}}],\"inLanguage\":\"tr\"},{\"@type\":\"Organization\",\"@id\":\"https:\\\/\\\/glassbottlewholesale.com\\\/#organization\",\"name\":\"Glass Bottle Wholesale\",\"url\":\"https:\\\/\\\/glassbottlewholesale.com\\\/\",\"logo\":{\"@type\":\"ImageObject\",\"inLanguage\":\"tr\",\"@id\":\"https:\\\/\\\/glassbottlewholesale.com\\\/#\\\/schema\\\/logo\\\/image\\\/\",\"url\":\"https:\\\/\\\/glassbottlewholesale.com\\\/wp-content\\\/uploads\\\/2023\\\/12\\\/ruisheng-logo.webp\",\"contentUrl\":\"https:\\\/\\\/glassbottlewholesale.com\\\/wp-content\\\/uploads\\\/2023\\\/12\\\/ruisheng-logo.webp\",\"width\":400,\"height\":233,\"caption\":\"Glass Bottle Wholesale\"},\"image\":{\"@id\":\"https:\\\/\\\/glassbottlewholesale.com\\\/#\\\/schema\\\/logo\\\/image\\\/\"}}]}<\/script>\n<!-- \/ Yoast SEO plugin. -->","yoast_head_json":{"title":"700ml XO \u015ei\u015fe Fiyat\u0131 | Sat\u0131l\u0131k Toptan Brendi \u015ei\u015fesi","description":"\u00c7in Lik\u00f6r \u015ei\u015fesi \u00dcreticisinden 700ml XO \u015ei\u015fe Fiyat\u0131 almak ister misiniz? Ruisheng, fabrika \u00e7\u0131k\u0131\u015f fiyat\u0131 ile sat\u0131l\u0131k toptan Brendi \u015fi\u015fesi.","robots":{"index":"index","follow":"follow","max-snippet":"max-snippet:-1","max-image-preview":"max-image-preview:large","max-video-preview":"max-video-preview:-1"},"canonical":"https:\/\/ruishengglassco.com\/product\/rs130-700ml-xo-glass-bottles-in-glass-bottle-manufactures","og_locale":"tr_TR","og_type":"article","og_title":"700ml XO Bottle Price | Wholesale Brandy Bottle For Sale","og_description":"Do you want to get 700ml XO Bottle Price From China Liquor Bottle Manufacturer? Ruisheng, wholesale Brandy bottle for sale with factory outlet price.","og_url":"https:\/\/ruishengglassco.com\/product\/rs130-700ml-xo-glass-bottles-in-glass-bottle-manufactures","og_site_name":"Glass Bottle Wholesale","article_modified_time":"2025-07-10T00:45:11+00:00","og_image":[{"width":800,"height":800,"url":"https:\/\/glassbottlewholesale.com\/wp-content\/uploads\/2023\/12\/long-glass-bottleIMG_7116-1.jpg","type":"image\/jpeg"}],"twitter_card":"summary_large_image","twitter_misc":{"Tahmini okuma s\u00fcresi":"2 dakika"},"schema":{"@context":"https:\/\/schema.org","@graph":[{"@type":"WebPage","@id":"https:\/\/glassbottlewholesale.com\/700ml-xo-glass-bottles-in-glass-bottle-manufactures\/","url":"https:\/\/ruishengglassco.com\/product\/rs130-700ml-xo-glass-bottles-in-glass-bottle-manufactures","name":"700ml XO \u015ei\u015fe Fiyat\u0131 | Sat\u0131l\u0131k Toptan Brendi \u015ei\u015fesi","isPartOf":{"@id":"https:\/\/glassbottlewholesale.com\/#website"},"primaryImageOfPage":{"@id":"https:\/\/ruishengglassco.com\/product\/rs130-700ml-xo-glass-bottles-in-glass-bottle-manufactures#primaryimage"},"image":{"@id":"https:\/\/ruishengglassco.com\/product\/rs130-700ml-xo-glass-bottles-in-glass-bottle-manufactures#primaryimage"},"thumbnailUrl":"https:\/\/glassbottlewholesale.com\/wp-content\/uploads\/2023\/12\/long-glass-bottleIMG_7116-1.jpg","datePublished":"2019-10-12T13:54:37+00:00","dateModified":"2025-07-10T00:45:11+00:00","description":"\u00c7in Lik\u00f6r \u015ei\u015fesi \u00dcreticisinden 700ml XO \u015ei\u015fe Fiyat\u0131 almak ister misiniz? Ruisheng, fabrika \u00e7\u0131k\u0131\u015f fiyat\u0131 ile sat\u0131l\u0131k toptan Brendi \u015fi\u015fesi.","breadcrumb":{"@id":"https:\/\/ruishengglassco.com\/product\/rs130-700ml-xo-glass-bottles-in-glass-bottle-manufactures#breadcrumb"},"inLanguage":"tr","potentialAction":[{"@type":"ReadAction","target":["https:\/\/ruishengglassco.com\/product\/rs130-700ml-xo-glass-bottles-in-glass-bottle-manufactures"]}]},{"@type":"ImageObject","inLanguage":"tr","@id":"https:\/\/ruishengglassco.com\/product\/rs130-700ml-xo-glass-bottles-in-glass-bottle-manufactures#primaryimage","url":"https:\/\/glassbottlewholesale.com\/wp-content\/uploads\/2023\/12\/long-glass-bottleIMG_7116-1.jpg","contentUrl":"https:\/\/glassbottlewholesale.com\/wp-content\/uploads\/2023\/12\/long-glass-bottleIMG_7116-1.jpg","width":800,"height":800,"caption":"RS130: 700ml XO Glass Bottles in Glass Bottle Manufactures"},{"@type":"BreadcrumbList","@id":"https:\/\/ruishengglassco.com\/product\/rs130-700ml-xo-glass-bottles-in-glass-bottle-manufactures#breadcrumb","itemListElement":[{"@type":"ListItem","position":1,"name":"Home","item":"https:\/\/glassbottlewholesale.com\/"},{"@type":"ListItem","position":2,"name":"Products","item":"https:\/\/glassbottlewholesale.com\/shop\/"},{"@type":"ListItem","position":3,"name":"RS130: 700ml XO Glass Bottles in Glass Bottle Manufactures"}]},{"@type":"WebSite","@id":"https:\/\/glassbottlewholesale.com\/#website","url":"https:\/\/glassbottlewholesale.com\/","name":"Glass Bottle Wholesale","description":"","publisher":{"@id":"https:\/\/glassbottlewholesale.com\/#organization"},"potentialAction":[{"@type":"SearchAction","target":{"@type":"EntryPoint","urlTemplate":"https:\/\/glassbottlewholesale.com\/?s={search_term_string}"},"query-input":{"@type":"PropertyValueSpecification","valueRequired":true,"valueName":"search_term_string"}}],"inLanguage":"tr"},{"@type":"Organization","@id":"https:\/\/glassbottlewholesale.com\/#organization","name":"Glass Bottle Wholesale","url":"https:\/\/glassbottlewholesale.com\/","logo":{"@type":"ImageObject","inLanguage":"tr","@id":"https:\/\/glassbottlewholesale.com\/#\/schema\/logo\/image\/","url":"https:\/\/glassbottlewholesale.com\/wp-content\/uploads\/2023\/12\/ruisheng-logo.webp","contentUrl":"https:\/\/glassbottlewholesale.com\/wp-content\/uploads\/2023\/12\/ruisheng-logo.webp","width":400,"height":233,"caption":"Glass Bottle Wholesale"},"image":{"@id":"https:\/\/glassbottlewholesale.com\/#\/schema\/logo\/image\/"}}]}},"_links":{"self":[{"href":"https:\/\/glassbottlewholesale.com\/tr\/wp-json\/wp\/v2\/product\/440","targetHints":{"allow":["GET"]}}],"collection":[{"href":"https:\/\/glassbottlewholesale.com\/tr\/wp-json\/wp\/v2\/product"}],"about":[{"href":"https:\/\/glassbottlewholesale.com\/tr\/wp-json\/wp\/v2\/types\/product"}],"replies":[{"embeddable":true,"href":"https:\/\/glassbottlewholesale.com\/tr\/wp-json\/wp\/v2\/comments?post=440"}],"wp:featuredmedia":[{"embeddable":true,"href":"https:\/\/glassbottlewholesale.com\/tr\/wp-json\/wp\/v2\/media\/4349"}],"wp:attachment":[{"href":"https:\/\/glassbottlewholesale.com\/tr\/wp-json\/wp\/v2\/media?parent=440"}],"wp:term":[{"taxonomy":"product_brand","embeddable":true,"href":"https:\/\/glassbottlewholesale.com\/tr\/wp-json\/wp\/v2\/product_brand?post=440"},{"taxonomy":"product_cat","embeddable":true,"href":"https:\/\/glassbottlewholesale.com\/tr\/wp-json\/wp\/v2\/product_cat?post=440"},{"taxonomy":"product_tag","embeddable":true,"href":"https:\/\/glassbottlewholesale.com\/tr\/wp-json\/wp\/v2\/product_tag?post=440"}],"curies":[{"name":"wp","href":"https:\/\/api.w.org\/{rel}","templated":true}]}}