{"id":443,"date":"2019-10-12T13:56:19","date_gmt":"2019-10-12T13:56:19","guid":{"rendered":"https:\/\/queenchingglass.com\/?post_type=product&#038;p=443"},"modified":"2025-07-10T00:44:40","modified_gmt":"2025-07-10T00:44:40","slug":"700ml-eski-xo-konyak-sisesi-fiyati","status":"publish","type":"product","link":"https:\/\/glassbottlewholesale.com\/tr\/700ml-eski-xo-konyak-sisesi-fiyati\/","title":{"rendered":"RS129: 700ml Eski XO Konyak \u015ei\u015fesi Fiyat\u0131"},"content":{"rendered":"<div class=\"wpb-content-wrapper\"><div class=\"vc_row wpb_row vc_row-fluid\"><div class=\"wpb_column vc_column_container vc_col-sm-12\"><div class=\"vc_column-inner\"><div class=\"wpb_wrapper\">\n\t<div class=\"wpb_text_column wpb_content_element\" >\n\t\t<div class=\"wpb_wrapper\">\n\t\t\t<p>Profesyonel bir brendi \u015fi\u015fesi \u00fcreticisinden 10 y\u0131l\u0131 a\u015fk\u0131n deneyime sahip toptan 700ml Brendi \u015ei\u015fesi Fiyat\u0131 almak ister misiniz? Ruisheng, en iyi \u00c7in brendi \u015fi\u015fesi \u00fcreticisi ve tedarik\u00e7isi, her zaman markalar ve \u015firketler i\u00e7in \u00e7e\u015fitli lik\u00f6r \u015fi\u015felerinin \u00fcretim ve sat\u0131\u015f\u0131n\u0131 taahh\u00fct eder.<\/p>\n<p>Bu lik\u00f6r cam \u015fi\u015fesinin rengi \u015feffaft\u0131r, ba\u015fka renkler istiyorsan\u0131z, bunlar\u0131 sizin i\u00e7in kar\u0131\u015ft\u0131rabiliriz. Bu \u015fi\u015fenin tasar\u0131m\u0131n\u0131 be\u011fendiyseniz, ancak kapasitesinden memnun de\u011filseniz, kapasiteyi de\u011fi\u015ftirebiliriz.<\/p>\n<p>Ba\u015fl\u0131ca \u00fcr\u00fcnlerimiz votka \u015fi\u015feleri, brendi \u015fi\u015feleri, viski \u015fi\u015feleri, lik\u00f6r \u015fi\u015feleri, re\u00e7el \u015fi\u015feleri ve benzeri gibi mantarl\u0131 \u00fcst s\u0131n\u0131f cam \u015fi\u015felerdir. Ayr\u0131ca kehribar cam \u015fi\u015feler, ye\u015fil \u015fi\u015feler ve su \u015fi\u015feleri de sunabiliriz. Ana pazar\u0131m\u0131z Avrupa, ABD, Avustralya, Amerika vb. Ve t\u00fcm \u00fcr\u00fcnler yenilik ve i\u015flevsellik a\u00e7\u0131s\u0131ndan y\u00fcksek bir \u00fcne sahiptir.<\/p>\n<p>Bu seri XO Brandy \u015fi\u015fesinin \u00fcretimi kesinlikle malzemelerden se\u00e7ilmi\u015ftir, malzemeleri men\u015fe \u00fclkeden getiriyoruz, ayr\u0131ca bir cam \u015fi\u015feyi i\u015flemek ve yapmak i\u00e7in geli\u015fmi\u015f makineler kullan\u0131yoruz.<\/p>\n<h4>700ml Old XO Brandy \u015ei\u015fe Fiyat bilgisi a\u015fa\u011f\u0131daki gibidir:<\/h4>\n<ul>\n<li>Ana malzeme: y\u00fcksek \u00e7akmakta\u015f\u0131 cam<\/li>\n<li>Kapak: mantar<\/li>\n<li>Referans: RS129<\/li>\n<li>ADEDI: 10000 ADET<\/li>\n<li>Kapasite: 700ml<\/li>\n<li>Adet\/Ctn: 24 adet<\/li>\n<li>Yerin k\u00f6keni: Shandong, \u00c7in<\/li>\n<li>\u00d6zellik: \u00c7evre dostu<\/li>\n<\/ul>\n<p>Bu e\u015fsiz kapakl\u0131 cam \u015fi\u015fenin a\u011fz\u0131n\u0131 de\u011fi\u015ftirebilir, ba\u015fka bir \u015feye d\u00f6n\u00fc\u015ft\u00fcrebiliriz.<\/p>\n<p>Logonuzu bu \u015fi\u015feye yap\u0131\u015ft\u0131rabiliriz. Bu \u015fi\u015fede bask\u0131, buzlanma, boyama ve di\u011ferleri gibi i\u015flemler yapabiliriz, <span class=\"tran\" data-group=\"0_0\">ho\u015f geldiniz diyoruz<\/span>\u00a0ve\u00a0<span class=\"tran\" data-group=\"2_1\">arkada\u015flar<\/span>\u00a0her yerinden\u00a0<span class=\"tran\" data-group=\"1_2\">D\u00fcnya<\/span>\u00a0<span class=\"tran\" data-group=\"3_3\">i\u00e7in<\/span>\u00a0<span class=\"tran\" data-group=\"5_4\">ziyaret<\/span>\u00a0<span class=\"tran\" data-group=\"4_5\">Biz<\/span>! Sizin i\u00e7in bir resepsiyon ayarlayaca\u011f\u0131z.<\/p>\n<p>Bu 700ml Old XO Brandy \u015fi\u015fesinden memnun kald\u0131ysan\u0131z, l\u00fctfen zaman\u0131nda benimle ileti\u015fime ge\u00e7in. E\u011fer be\u011fenmediyseniz, di\u011fer \u015fi\u015felerimize bakabilirsiniz. Ya da size katalo\u011fu verece\u011fim, istedi\u011finizi se\u00e7ebilirsiniz. Brendi \u015fi\u015fesi fiyat\u0131n\u0131 almak istiyorsan\u0131z, l\u00fctfen<a href=\"https:\/\/ruishengglassco.com\/contact\"> Bize ula\u015f\u0131n<\/a>. Size 24 saat i\u00e7inde cevap verece\u011fiz.<\/p>\n\n\t\t<\/div>\n\t<\/div>\n<\/div><\/div><\/div><\/div>\n<\/div>","protected":false},"excerpt":{"rendered":"<div class=\"col col-sm-6 col-xs-12\">\n<div id=\"slider-4593-product-image-carosel\" class=\"rt-carousel carousel-holder clearfix product-image-carosel rt-image-carousel\" data-item-width=\"1\" data-nav=\"true\" data-dots=\"false\" data-margin=\"15\" data-autoplay=\"true\" data-timeout=\"7500\" data-loop=\"false\" data-tablet-item-width=\"\" data-mobile-item-width=\"1\">\n<div class=\"owl-carousel owl-loaded owl-drag\">\n<div class=\"owl-nav\">\n<div class=\"owl-next disabled\"><\/div>\n<\/div>\n<\/div>\n<\/div>\n<\/div>\n<div class=\"col col-sm-6 col-xs-12\">\n<p>Bu e\u015fsiz kapakl\u0131 cam \u015fi\u015fenin a\u011fz\u0131n\u0131 de\u011fi\u015ftirebiliriz, ba\u015fka bir \u015feye d\u00f6n\u00fc\u015ft\u00fcrebiliriz. Logonuzu bu \u015fi\u015feye yap\u0131\u015ft\u0131rabiliriz. Bask\u0131, buzlanma, boyama ve di\u011ferleri gibi bu \u015fi\u015fede i\u015flem yapabiliriz, d\u00fcnyan\u0131n her yerinden arkada\u015flar\u0131m\u0131z\u0131 bizi ziyaret etmeye davet ediyoruz! Sizin i\u00e7in bir resepsiyon ayarlayaca\u011f\u0131z.<\/p>\n<\/div>","protected":false},"featured_media":4784,"comment_status":"open","ping_status":"closed","template":"","meta":[],"product_brand":[],"product_cat":[51,61],"product_tag":[],"class_list":{"0":"post-443","1":"product","2":"type-product","3":"status-publish","4":"has-post-thumbnail","6":"product_cat-700ml-glass-bottle","7":"product_cat-xo-brandy-bottle","8":"entry","9":"has-media","11":"first","12":"instock","13":"shipping-taxable","14":"product-type-simple"},"yoast_head":"<!-- This site is optimized with the Yoast SEO plugin v27.3 - https:\/\/yoast.com\/product\/yoast-seo-wordpress\/ -->\n<title>Wholesale 700ml Brandy Bottle Price | Brandy Bottle Manufacturer<\/title>\n<meta name=\"description\" content=\"Ruisheng, a professional brandy bottle manufacturer, provide wholesale 700ml Brandy bottle price for brandy, XO, Brandy. Factory Outlet&amp;Bulk Price.\" \/>\n<meta name=\"robots\" content=\"index, follow, max-snippet:-1, max-image-preview:large, max-video-preview:-1\" \/>\n<link rel=\"canonical\" href=\"https:\/\/ruishengglassco.com\/product\/rs129-700ml-old-xo-brandy-bottle-price\" \/>\n<meta property=\"og:locale\" content=\"tr_TR\" \/>\n<meta property=\"og:type\" content=\"article\" \/>\n<meta property=\"og:title\" content=\"Wholesale 700ml Brandy Bottle Price | Brandy Bottle Manufacturer\" \/>\n<meta property=\"og:description\" content=\"Ruisheng, a professional brandy bottle manufacturer, provide wholesale 700ml Brandy bottle price for brandy, XO, Brandy. Factory Outlet&amp;Bulk Price.\" \/>\n<meta property=\"og:url\" content=\"https:\/\/ruishengglassco.com\/product\/rs129-700ml-old-xo-brandy-bottle-price\" \/>\n<meta property=\"og:site_name\" content=\"Glass Bottle Wholesale\" \/>\n<meta property=\"article:modified_time\" content=\"2025-07-10T00:44:40+00:00\" \/>\n<meta property=\"og:image\" content=\"https:\/\/glassbottlewholesale.com\/wp-content\/uploads\/2024\/04\/glass-bottle-manufacturing-35.png\" \/>\n\t<meta property=\"og:image:width\" content=\"800\" \/>\n\t<meta property=\"og:image:height\" content=\"800\" \/>\n\t<meta property=\"og:image:type\" content=\"image\/png\" \/>\n<meta name=\"twitter:card\" content=\"summary_large_image\" \/>\n<meta name=\"twitter:label1\" content=\"Tahmini okuma s\u00fcresi\" \/>\n\t<meta name=\"twitter:data1\" content=\"2 dakika\" \/>\n<script type=\"application\/ld+json\" class=\"yoast-schema-graph\">{\"@context\":\"https:\\\/\\\/schema.org\",\"@graph\":[{\"@type\":\"WebPage\",\"@id\":\"https:\\\/\\\/glassbottlewholesale.com\\\/700ml-old-xo-brandy-bottle-price\\\/\",\"url\":\"https:\\\/\\\/ruishengglassco.com\\\/product\\\/rs129-700ml-old-xo-brandy-bottle-price\",\"name\":\"Wholesale 700ml Brandy Bottle Price | Brandy Bottle Manufacturer\",\"isPartOf\":{\"@id\":\"https:\\\/\\\/glassbottlewholesale.com\\\/#website\"},\"primaryImageOfPage\":{\"@id\":\"https:\\\/\\\/ruishengglassco.com\\\/product\\\/rs129-700ml-old-xo-brandy-bottle-price#primaryimage\"},\"image\":{\"@id\":\"https:\\\/\\\/ruishengglassco.com\\\/product\\\/rs129-700ml-old-xo-brandy-bottle-price#primaryimage\"},\"thumbnailUrl\":\"https:\\\/\\\/glassbottlewholesale.com\\\/wp-content\\\/uploads\\\/2024\\\/04\\\/glass-bottle-manufacturing-35.png\",\"datePublished\":\"2019-10-12T13:56:19+00:00\",\"dateModified\":\"2025-07-10T00:44:40+00:00\",\"description\":\"Ruisheng, a professional brandy bottle manufacturer, provide wholesale 700ml Brandy bottle price for brandy, XO, Brandy. Factory Outlet&Bulk Price.\",\"breadcrumb\":{\"@id\":\"https:\\\/\\\/ruishengglassco.com\\\/product\\\/rs129-700ml-old-xo-brandy-bottle-price#breadcrumb\"},\"inLanguage\":\"tr\",\"potentialAction\":[{\"@type\":\"ReadAction\",\"target\":[\"https:\\\/\\\/ruishengglassco.com\\\/product\\\/rs129-700ml-old-xo-brandy-bottle-price\"]}]},{\"@type\":\"ImageObject\",\"inLanguage\":\"tr\",\"@id\":\"https:\\\/\\\/ruishengglassco.com\\\/product\\\/rs129-700ml-old-xo-brandy-bottle-price#primaryimage\",\"url\":\"https:\\\/\\\/glassbottlewholesale.com\\\/wp-content\\\/uploads\\\/2024\\\/04\\\/glass-bottle-manufacturing-35.png\",\"contentUrl\":\"https:\\\/\\\/glassbottlewholesale.com\\\/wp-content\\\/uploads\\\/2024\\\/04\\\/glass-bottle-manufacturing-35.png\",\"width\":800,\"height\":800,\"caption\":\"RS129: 700ml Old XO Brandy Bottle Price\"},{\"@type\":\"BreadcrumbList\",\"@id\":\"https:\\\/\\\/ruishengglassco.com\\\/product\\\/rs129-700ml-old-xo-brandy-bottle-price#breadcrumb\",\"itemListElement\":[{\"@type\":\"ListItem\",\"position\":1,\"name\":\"Home\",\"item\":\"https:\\\/\\\/glassbottlewholesale.com\\\/\"},{\"@type\":\"ListItem\",\"position\":2,\"name\":\"Products\",\"item\":\"https:\\\/\\\/glassbottlewholesale.com\\\/shop\\\/\"},{\"@type\":\"ListItem\",\"position\":3,\"name\":\"RS129: 700ml Old XO Brandy Bottle Price\"}]},{\"@type\":\"WebSite\",\"@id\":\"https:\\\/\\\/glassbottlewholesale.com\\\/#website\",\"url\":\"https:\\\/\\\/glassbottlewholesale.com\\\/\",\"name\":\"Glass Bottle Wholesale\",\"description\":\"\",\"publisher\":{\"@id\":\"https:\\\/\\\/glassbottlewholesale.com\\\/#organization\"},\"potentialAction\":[{\"@type\":\"SearchAction\",\"target\":{\"@type\":\"EntryPoint\",\"urlTemplate\":\"https:\\\/\\\/glassbottlewholesale.com\\\/?s={search_term_string}\"},\"query-input\":{\"@type\":\"PropertyValueSpecification\",\"valueRequired\":true,\"valueName\":\"search_term_string\"}}],\"inLanguage\":\"tr\"},{\"@type\":\"Organization\",\"@id\":\"https:\\\/\\\/glassbottlewholesale.com\\\/#organization\",\"name\":\"Glass Bottle Wholesale\",\"url\":\"https:\\\/\\\/glassbottlewholesale.com\\\/\",\"logo\":{\"@type\":\"ImageObject\",\"inLanguage\":\"tr\",\"@id\":\"https:\\\/\\\/glassbottlewholesale.com\\\/#\\\/schema\\\/logo\\\/image\\\/\",\"url\":\"https:\\\/\\\/glassbottlewholesale.com\\\/wp-content\\\/uploads\\\/2023\\\/12\\\/ruisheng-logo.webp\",\"contentUrl\":\"https:\\\/\\\/glassbottlewholesale.com\\\/wp-content\\\/uploads\\\/2023\\\/12\\\/ruisheng-logo.webp\",\"width\":400,\"height\":233,\"caption\":\"Glass Bottle Wholesale\"},\"image\":{\"@id\":\"https:\\\/\\\/glassbottlewholesale.com\\\/#\\\/schema\\\/logo\\\/image\\\/\"}}]}<\/script>\n<!-- \/ Yoast SEO plugin. -->","yoast_head_json":{"title":"Toptan 700ml Konyak \u015ei\u015fesi Fiyat\u0131 | Konyak \u015ei\u015fesi \u00dcreticisi","description":"Profesyonel bir brendi \u015fi\u015fesi \u00fcreticisi olan Ruisheng, brendi, XO, Brendi i\u00e7in toptan 700ml Brendi \u015fi\u015fesi fiyat\u0131 sa\u011flar. Fabrika \u00c7\u0131k\u0131\u015f\u0131 ve Toplu Fiyat.","robots":{"index":"index","follow":"follow","max-snippet":"max-snippet:-1","max-image-preview":"max-image-preview:large","max-video-preview":"max-video-preview:-1"},"canonical":"https:\/\/ruishengglassco.com\/product\/rs129-700ml-old-xo-brandy-bottle-price","og_locale":"tr_TR","og_type":"article","og_title":"Wholesale 700ml Brandy Bottle Price | Brandy Bottle Manufacturer","og_description":"Ruisheng, a professional brandy bottle manufacturer, provide wholesale 700ml Brandy bottle price for brandy, XO, Brandy. Factory Outlet&Bulk Price.","og_url":"https:\/\/ruishengglassco.com\/product\/rs129-700ml-old-xo-brandy-bottle-price","og_site_name":"Glass Bottle Wholesale","article_modified_time":"2025-07-10T00:44:40+00:00","og_image":[{"width":800,"height":800,"url":"https:\/\/glassbottlewholesale.com\/wp-content\/uploads\/2024\/04\/glass-bottle-manufacturing-35.png","type":"image\/png"}],"twitter_card":"summary_large_image","twitter_misc":{"Tahmini okuma s\u00fcresi":"2 dakika"},"schema":{"@context":"https:\/\/schema.org","@graph":[{"@type":"WebPage","@id":"https:\/\/glassbottlewholesale.com\/700ml-old-xo-brandy-bottle-price\/","url":"https:\/\/ruishengglassco.com\/product\/rs129-700ml-old-xo-brandy-bottle-price","name":"Toptan 700ml Konyak \u015ei\u015fesi Fiyat\u0131 | Konyak \u015ei\u015fesi \u00dcreticisi","isPartOf":{"@id":"https:\/\/glassbottlewholesale.com\/#website"},"primaryImageOfPage":{"@id":"https:\/\/ruishengglassco.com\/product\/rs129-700ml-old-xo-brandy-bottle-price#primaryimage"},"image":{"@id":"https:\/\/ruishengglassco.com\/product\/rs129-700ml-old-xo-brandy-bottle-price#primaryimage"},"thumbnailUrl":"https:\/\/glassbottlewholesale.com\/wp-content\/uploads\/2024\/04\/glass-bottle-manufacturing-35.png","datePublished":"2019-10-12T13:56:19+00:00","dateModified":"2025-07-10T00:44:40+00:00","description":"Profesyonel bir brendi \u015fi\u015fesi \u00fcreticisi olan Ruisheng, brendi, XO, Brendi i\u00e7in toptan 700ml Brendi \u015fi\u015fesi fiyat\u0131 sa\u011flar. Fabrika \u00c7\u0131k\u0131\u015f\u0131 ve Toplu Fiyat.","breadcrumb":{"@id":"https:\/\/ruishengglassco.com\/product\/rs129-700ml-old-xo-brandy-bottle-price#breadcrumb"},"inLanguage":"tr","potentialAction":[{"@type":"ReadAction","target":["https:\/\/ruishengglassco.com\/product\/rs129-700ml-old-xo-brandy-bottle-price"]}]},{"@type":"ImageObject","inLanguage":"tr","@id":"https:\/\/ruishengglassco.com\/product\/rs129-700ml-old-xo-brandy-bottle-price#primaryimage","url":"https:\/\/glassbottlewholesale.com\/wp-content\/uploads\/2024\/04\/glass-bottle-manufacturing-35.png","contentUrl":"https:\/\/glassbottlewholesale.com\/wp-content\/uploads\/2024\/04\/glass-bottle-manufacturing-35.png","width":800,"height":800,"caption":"RS129: 700ml Old XO Brandy Bottle Price"},{"@type":"BreadcrumbList","@id":"https:\/\/ruishengglassco.com\/product\/rs129-700ml-old-xo-brandy-bottle-price#breadcrumb","itemListElement":[{"@type":"ListItem","position":1,"name":"Home","item":"https:\/\/glassbottlewholesale.com\/"},{"@type":"ListItem","position":2,"name":"Products","item":"https:\/\/glassbottlewholesale.com\/shop\/"},{"@type":"ListItem","position":3,"name":"RS129: 700ml Old XO Brandy Bottle Price"}]},{"@type":"WebSite","@id":"https:\/\/glassbottlewholesale.com\/#website","url":"https:\/\/glassbottlewholesale.com\/","name":"Glass Bottle Wholesale","description":"","publisher":{"@id":"https:\/\/glassbottlewholesale.com\/#organization"},"potentialAction":[{"@type":"SearchAction","target":{"@type":"EntryPoint","urlTemplate":"https:\/\/glassbottlewholesale.com\/?s={search_term_string}"},"query-input":{"@type":"PropertyValueSpecification","valueRequired":true,"valueName":"search_term_string"}}],"inLanguage":"tr"},{"@type":"Organization","@id":"https:\/\/glassbottlewholesale.com\/#organization","name":"Glass Bottle Wholesale","url":"https:\/\/glassbottlewholesale.com\/","logo":{"@type":"ImageObject","inLanguage":"tr","@id":"https:\/\/glassbottlewholesale.com\/#\/schema\/logo\/image\/","url":"https:\/\/glassbottlewholesale.com\/wp-content\/uploads\/2023\/12\/ruisheng-logo.webp","contentUrl":"https:\/\/glassbottlewholesale.com\/wp-content\/uploads\/2023\/12\/ruisheng-logo.webp","width":400,"height":233,"caption":"Glass Bottle Wholesale"},"image":{"@id":"https:\/\/glassbottlewholesale.com\/#\/schema\/logo\/image\/"}}]}},"_links":{"self":[{"href":"https:\/\/glassbottlewholesale.com\/tr\/wp-json\/wp\/v2\/product\/443","targetHints":{"allow":["GET"]}}],"collection":[{"href":"https:\/\/glassbottlewholesale.com\/tr\/wp-json\/wp\/v2\/product"}],"about":[{"href":"https:\/\/glassbottlewholesale.com\/tr\/wp-json\/wp\/v2\/types\/product"}],"replies":[{"embeddable":true,"href":"https:\/\/glassbottlewholesale.com\/tr\/wp-json\/wp\/v2\/comments?post=443"}],"wp:featuredmedia":[{"embeddable":true,"href":"https:\/\/glassbottlewholesale.com\/tr\/wp-json\/wp\/v2\/media\/4784"}],"wp:attachment":[{"href":"https:\/\/glassbottlewholesale.com\/tr\/wp-json\/wp\/v2\/media?parent=443"}],"wp:term":[{"taxonomy":"product_brand","embeddable":true,"href":"https:\/\/glassbottlewholesale.com\/tr\/wp-json\/wp\/v2\/product_brand?post=443"},{"taxonomy":"product_cat","embeddable":true,"href":"https:\/\/glassbottlewholesale.com\/tr\/wp-json\/wp\/v2\/product_cat?post=443"},{"taxonomy":"product_tag","embeddable":true,"href":"https:\/\/glassbottlewholesale.com\/tr\/wp-json\/wp\/v2\/product_tag?post=443"}],"curies":[{"name":"wp","href":"https:\/\/api.w.org\/{rel}","templated":true}]}}