{"id":456,"date":"2019-10-14T13:03:10","date_gmt":"2019-10-14T13:03:10","guid":{"rendered":"https:\/\/queenchingglass.com\/?post_type=product&#038;p=456"},"modified":"2025-07-10T01:02:15","modified_gmt":"2025-07-10T01:02:15","slug":"500ml-750ml-seffaf-silindir-cam-siseler","status":"publish","type":"product","link":"https:\/\/glassbottlewholesale.com\/tr\/500ml-750ml-seffaf-silindir-cam-siseler\/","title":{"rendered":"RS124: 500ml 750ml \u015eeffaf Silindir Cam \u015ei\u015feler"},"content":{"rendered":"<div class=\"wpb-content-wrapper\"><div class=\"vc_row wpb_row vc_row-fluid\"><div class=\"wpb_column vc_column_container vc_col-sm-12\"><div class=\"vc_column-inner\"><div class=\"wpb_wrapper\">\n\t<div class=\"wpb_text_column wpb_content_element\" >\n\t\t<div class=\"wpb_wrapper\">\n\t\t\t<p>\u015eeffaf cam \u015fi\u015fe d\u00f6kme Shandong Yuncheng Ruisheng Glass Co, Ltd.  Ruisheng, d\u00fcnyan\u0131n en b\u00fcy\u00fck <a href=\"https:\/\/ruishengglassco.com\/about\">y\u00fcksek \u00e7akmakta\u015fi cam \u015fi\u0307\u015fe \u00fcreti\u0307ci\u0307si\u0307<\/a> \u00c7in'de. Sadece toptan \u00fcst s\u0131n\u0131f \u015feffaf cam \u015fi\u015feler sunmakla kalmaz, ayn\u0131 zamanda geni\u015f uygulamalar i\u00e7in orta s\u0131n\u0131f \u015feffaf cam \u015fi\u015feler de sunar.<\/p>\n<p>Bu silindir cam \u015fi\u015fe yayg\u0131n cam \u015fi\u015fedir. Bu 500ml 750ml \u015feffaf cam \u015fi\u015fe d\u00f6kme \u015farap, votka, viski, rom, cin ve di\u011fer s\u0131v\u0131lar i\u00e7in kullan\u0131labilir. Bu cam \u015fi\u015feler Avrupa, ABD, Avustralya, Amerika ve di\u011ferleri gibi bir\u00e7ok \u00fclke ve b\u00f6lgeye sat\u0131labilir.<\/p>\n<p>Bu \u015feffaf silindir cam \u015fi\u015felerde y\u00fcksek flintli cam kullan\u0131lmaktad\u0131r. Bu y\u00fcksek \u00e7akmakta\u015f\u0131 cam kristal beyaz cam olarak da adland\u0131r\u0131l\u0131r. Bu cam \u015fi\u015fe malzemesi, cam \u015fi\u015fe i\u00e7in en \u00fcst s\u0131n\u0131f malzemedir. Bu malzeme kullan\u0131larak yap\u0131lan cam \u015fi\u015fe \u00e7ok berrak, p\u00fcr\u00fczs\u00fcz ve \u00e7ok dayan\u0131kl\u0131d\u0131r.<\/p>\n<p>\u0130htiyac\u0131n\u0131z olursa bu \u015feffaf silindir cam \u015fi\u015feleri bir\u00e7ok boyutta yapabiliriz. 375ml, 500ml, 700ml, 750ml, 1000ml ve di\u011ferleri gibi. \u015eu anda mevcut cam \u015fi\u015felerimiz 500ml ve 750ml'dir.  \u0130htiyac\u0131n\u0131z olursa, cam \u015fi\u015feleri yapmak i\u00e7in yeni kal\u0131p yapabiliriz.<\/p>\n<h4>Bu \u015feffaf cam \u015fi\u015fenin detaylar\u0131<\/h4>\n<p>Bu \u015fekildeki cam \u015fi\u015felerimiz 500ml ve 750ml'dir.<br \/>\n750ml silindir cam \u015fi\u015fenin a\u011f\u0131rl\u0131\u011f\u0131 750g'd\u0131r. Bu \u015fi\u015fenin \u00e7ap\u0131 75,6 \u00b1 1,5 mm'dir. \u015ei\u015fe y\u00fcksekli\u011fi 330 \u00b1 2 mm'dir. Kapatma y\u00fczeyi T - mantard\u0131r. Bu cam \u015fi\u015fe 19.5mm T-mantar i\u00e7in uygundur.<\/p>\n<p>500ml silindir cam \u015fi\u015felerin a\u011f\u0131rl\u0131\u011f\u0131 580g'd\u0131r. Bu cam \u015fi\u015fenin \u00e7ap\u0131 66,5 \u00b1 1,5 mm'dir. Y\u00fcksekli\u011fi ise 300 \u00b1 1,5 mm'dir. Bu \u015fi\u015fe ayr\u0131ca bitirmek i\u00e7in 19,5 mm T-mantar kullan\u0131lm\u0131\u015ft\u0131r.<\/p>\n<p>Bu cam \u015fi\u015felerin her ikisi de kapak kaplamas\u0131n\u0131 vidal\u0131 kapak olarak de\u011fi\u015ftirebilir. M\u00fc\u015fterinin taleplerine g\u00f6redir.<\/p>\n<p>500ml 750ml \u015feffaf silindir cam \u015fi\u015fe sat\u0131n almak veya toptan cam \u015fi\u015fe sat\u0131n almak istiyorsan\u0131z, l\u00fctfen <a href=\"https:\/\/ruishengglassco.com\/contact\">Bize ula\u015f\u0131n<\/a> e-posta veya telefon arac\u0131l\u0131\u011f\u0131yla bize ula\u015fabilirsiniz. Size m\u00fcmk\u00fcn olan en k\u0131sa s\u00fcrede yan\u0131t verece\u011fiz.<\/p>\n\n\t\t<\/div>\n\t<\/div>\n<\/div><\/div><\/div><\/div>\n<\/div>","protected":false},"excerpt":{"rendered":"<table class=\"tg\">\n<tbody>\n<tr>\n<th class=\"tg-24i8\" colspan=\"2\">500ml 750ml \u015eeffaf Silindir Cam \u015ei\u015feler<\/th>\n<\/tr>\n<tr>\n<td class=\"tg-b7b8\">Ana malzeme:<\/td>\n<td class=\"tg-b7b8\">Y\u00fcksek \u00e7akmakta\u015f\u0131 cam<\/td>\n<\/tr>\n<tr>\n<td class=\"tg-yw4l\">Kaptan:<\/td>\n<td class=\"tg-yw4l\">Vidal\u0131 kapak<\/td>\n<\/tr>\n<tr>\n<td class=\"tg-b7b8\">Kapasite:<\/td>\n<td class=\"tg-b7b8\">500ml 750ml<\/td>\n<\/tr>\n<tr>\n<td class=\"tg-yw4l\">\u00d6zellik:<\/td>\n<td class=\"tg-yw4l\">\u00c7evre dostu<\/td>\n<\/tr>\n<tr>\n<td class=\"tg-b7b8\">ADEDI:<\/td>\n<td class=\"tg-b7b8\">10000 ADET<\/td>\n<\/tr>\n<tr>\n<td class=\"tg-yw4l\">Yerin k\u00f6keni:<\/td>\n<td class=\"tg-yw4l\">Shandong, \u00c7in<\/td>\n<\/tr>\n<tr>\n<td class=\"tg-b7b8\">Adet\/Ktn:<\/td>\n<td class=\"tg-b7b8\">24 adet<\/td>\n<\/tr>\n<tr>\n<td class=\"tg-yw4l\">Referans:<\/td>\n<td class=\"tg-yw4l\">RS124<\/td>\n<\/tr>\n<tr>\n<td class=\"tg-b7b8\">Nakliye yolu:<\/td>\n<td class=\"tg-b7b8\">Gemi, Ekspres<\/td>\n<\/tr>\n<tr>\n<td class=\"tg-yw4l\">OEM\/ODM:<\/td>\n<td class=\"tg-yw4l\">Ho\u015f geldiniz<\/td>\n<\/tr>\n<\/tbody>\n<\/table>","protected":false},"featured_media":4487,"comment_status":"open","ping_status":"closed","template":"","meta":[],"product_brand":[],"product_cat":[50,52,62],"product_tag":[],"class_list":{"0":"post-456","1":"product","2":"type-product","3":"status-publish","4":"has-post-thumbnail","6":"product_cat-500ml-glass-bottle","7":"product_cat-750ml-glass-bottle","8":"product_cat-liqueur-bottle","9":"entry","10":"has-media","12":"first","13":"instock","14":"shipping-taxable","15":"product-type-simple"},"yoast_head":"<!-- This site is optimized with the Yoast SEO plugin v27.3 - https:\/\/yoast.com\/product\/yoast-seo-wordpress\/ -->\n<title>750ml Clear Glass Bottle Bulk|Wholesale Cylinder Glass Bottle With T-cork<\/title>\n<meta name=\"description\" content=\"Buy 750ml Clear Glass Bottles Bulk From China Liquor Bottle Manufacturer. Factory Outlet Wholesale Cylinder Glass Bottle With T-cork\" \/>\n<meta name=\"robots\" content=\"index, follow, max-snippet:-1, max-image-preview:large, max-video-preview:-1\" \/>\n<link rel=\"canonical\" href=\"https:\/\/ruishengglassco.com\/product\/rs124-500ml-750ml-clear-cylinder-glass-bottles\" \/>\n<meta property=\"og:locale\" content=\"tr_TR\" \/>\n<meta property=\"og:type\" content=\"article\" \/>\n<meta property=\"og:title\" content=\"750ml Clear Glass Bottle Bulk|Wholesale Cylinder Glass Bottle With T-cork\" \/>\n<meta property=\"og:description\" content=\"Buy 750ml Clear Glass Bottles Bulk From China Liquor Bottle Manufacturer. Factory Outlet Wholesale Cylinder Glass Bottle With T-cork\" \/>\n<meta property=\"og:url\" content=\"https:\/\/ruishengglassco.com\/product\/rs124-500ml-750ml-clear-cylinder-glass-bottles\" \/>\n<meta property=\"og:site_name\" content=\"Glass Bottle Wholesale\" \/>\n<meta property=\"article:modified_time\" content=\"2025-07-10T01:02:15+00:00\" \/>\n<meta property=\"og:image\" content=\"https:\/\/glassbottlewholesale.com\/wp-content\/uploads\/2024\/01\/rs124-1.jpg\" \/>\n\t<meta property=\"og:image:width\" content=\"800\" \/>\n\t<meta property=\"og:image:height\" content=\"800\" \/>\n\t<meta property=\"og:image:type\" content=\"image\/jpeg\" \/>\n<meta name=\"twitter:card\" content=\"summary_large_image\" \/>\n<meta name=\"twitter:label1\" content=\"Tahmini okuma s\u00fcresi\" \/>\n\t<meta name=\"twitter:data1\" content=\"2 dakika\" \/>\n<script type=\"application\/ld+json\" class=\"yoast-schema-graph\">{\"@context\":\"https:\\\/\\\/schema.org\",\"@graph\":[{\"@type\":\"WebPage\",\"@id\":\"https:\\\/\\\/glassbottlewholesale.com\\\/500ml-750ml-clear-cylinder-glass-bottles\\\/\",\"url\":\"https:\\\/\\\/ruishengglassco.com\\\/product\\\/rs124-500ml-750ml-clear-cylinder-glass-bottles\",\"name\":\"750ml Clear Glass Bottle Bulk|Wholesale Cylinder Glass Bottle With T-cork\",\"isPartOf\":{\"@id\":\"https:\\\/\\\/glassbottlewholesale.com\\\/#website\"},\"primaryImageOfPage\":{\"@id\":\"https:\\\/\\\/ruishengglassco.com\\\/product\\\/rs124-500ml-750ml-clear-cylinder-glass-bottles#primaryimage\"},\"image\":{\"@id\":\"https:\\\/\\\/ruishengglassco.com\\\/product\\\/rs124-500ml-750ml-clear-cylinder-glass-bottles#primaryimage\"},\"thumbnailUrl\":\"https:\\\/\\\/glassbottlewholesale.com\\\/wp-content\\\/uploads\\\/2024\\\/01\\\/rs124-1.jpg\",\"datePublished\":\"2019-10-14T13:03:10+00:00\",\"dateModified\":\"2025-07-10T01:02:15+00:00\",\"description\":\"Buy 750ml Clear Glass Bottles Bulk From China Liquor Bottle Manufacturer. Factory Outlet Wholesale Cylinder Glass Bottle With T-cork\",\"breadcrumb\":{\"@id\":\"https:\\\/\\\/ruishengglassco.com\\\/product\\\/rs124-500ml-750ml-clear-cylinder-glass-bottles#breadcrumb\"},\"inLanguage\":\"tr\",\"potentialAction\":[{\"@type\":\"ReadAction\",\"target\":[\"https:\\\/\\\/ruishengglassco.com\\\/product\\\/rs124-500ml-750ml-clear-cylinder-glass-bottles\"]}]},{\"@type\":\"ImageObject\",\"inLanguage\":\"tr\",\"@id\":\"https:\\\/\\\/ruishengglassco.com\\\/product\\\/rs124-500ml-750ml-clear-cylinder-glass-bottles#primaryimage\",\"url\":\"https:\\\/\\\/glassbottlewholesale.com\\\/wp-content\\\/uploads\\\/2024\\\/01\\\/rs124-1.jpg\",\"contentUrl\":\"https:\\\/\\\/glassbottlewholesale.com\\\/wp-content\\\/uploads\\\/2024\\\/01\\\/rs124-1.jpg\",\"width\":800,\"height\":800,\"caption\":\"RS124: 500ml 750ml Clear Cylinder Glass Bottles\"},{\"@type\":\"BreadcrumbList\",\"@id\":\"https:\\\/\\\/ruishengglassco.com\\\/product\\\/rs124-500ml-750ml-clear-cylinder-glass-bottles#breadcrumb\",\"itemListElement\":[{\"@type\":\"ListItem\",\"position\":1,\"name\":\"Home\",\"item\":\"https:\\\/\\\/glassbottlewholesale.com\\\/\"},{\"@type\":\"ListItem\",\"position\":2,\"name\":\"Products\",\"item\":\"https:\\\/\\\/glassbottlewholesale.com\\\/shop\\\/\"},{\"@type\":\"ListItem\",\"position\":3,\"name\":\"RS124: 500ml 750ml Clear Cylinder Glass Bottles\"}]},{\"@type\":\"WebSite\",\"@id\":\"https:\\\/\\\/glassbottlewholesale.com\\\/#website\",\"url\":\"https:\\\/\\\/glassbottlewholesale.com\\\/\",\"name\":\"Glass Bottle Wholesale\",\"description\":\"\",\"publisher\":{\"@id\":\"https:\\\/\\\/glassbottlewholesale.com\\\/#organization\"},\"potentialAction\":[{\"@type\":\"SearchAction\",\"target\":{\"@type\":\"EntryPoint\",\"urlTemplate\":\"https:\\\/\\\/glassbottlewholesale.com\\\/?s={search_term_string}\"},\"query-input\":{\"@type\":\"PropertyValueSpecification\",\"valueRequired\":true,\"valueName\":\"search_term_string\"}}],\"inLanguage\":\"tr\"},{\"@type\":\"Organization\",\"@id\":\"https:\\\/\\\/glassbottlewholesale.com\\\/#organization\",\"name\":\"Glass Bottle Wholesale\",\"url\":\"https:\\\/\\\/glassbottlewholesale.com\\\/\",\"logo\":{\"@type\":\"ImageObject\",\"inLanguage\":\"tr\",\"@id\":\"https:\\\/\\\/glassbottlewholesale.com\\\/#\\\/schema\\\/logo\\\/image\\\/\",\"url\":\"https:\\\/\\\/glassbottlewholesale.com\\\/wp-content\\\/uploads\\\/2023\\\/12\\\/ruisheng-logo.webp\",\"contentUrl\":\"https:\\\/\\\/glassbottlewholesale.com\\\/wp-content\\\/uploads\\\/2023\\\/12\\\/ruisheng-logo.webp\",\"width\":400,\"height\":233,\"caption\":\"Glass Bottle Wholesale\"},\"image\":{\"@id\":\"https:\\\/\\\/glassbottlewholesale.com\\\/#\\\/schema\\\/logo\\\/image\\\/\"}}]}<\/script>\n<!-- \/ Yoast SEO plugin. -->","yoast_head_json":{"title":"750ml \u015eeffaf Cam \u015ei\u015fe D\u00f6kme|Toptan Silindir Cam \u015ei\u015fe, T-mantarl\u0131","description":"\u00c7in Lik\u00f6r \u015ei\u015fesi \u00dcreticisinden 750ml \u015eeffaf Cam \u015ei\u015feleri Toplu Sat\u0131n Al\u0131n. T-mantar ile Fabrika Outlet Toptan Silindir Cam \u015ei\u015fe","robots":{"index":"index","follow":"follow","max-snippet":"max-snippet:-1","max-image-preview":"max-image-preview:large","max-video-preview":"max-video-preview:-1"},"canonical":"https:\/\/ruishengglassco.com\/product\/rs124-500ml-750ml-clear-cylinder-glass-bottles","og_locale":"tr_TR","og_type":"article","og_title":"750ml Clear Glass Bottle Bulk|Wholesale Cylinder Glass Bottle With T-cork","og_description":"Buy 750ml Clear Glass Bottles Bulk From China Liquor Bottle Manufacturer. Factory Outlet Wholesale Cylinder Glass Bottle With T-cork","og_url":"https:\/\/ruishengglassco.com\/product\/rs124-500ml-750ml-clear-cylinder-glass-bottles","og_site_name":"Glass Bottle Wholesale","article_modified_time":"2025-07-10T01:02:15+00:00","og_image":[{"width":800,"height":800,"url":"https:\/\/glassbottlewholesale.com\/wp-content\/uploads\/2024\/01\/rs124-1.jpg","type":"image\/jpeg"}],"twitter_card":"summary_large_image","twitter_misc":{"Tahmini okuma s\u00fcresi":"2 dakika"},"schema":{"@context":"https:\/\/schema.org","@graph":[{"@type":"WebPage","@id":"https:\/\/glassbottlewholesale.com\/500ml-750ml-clear-cylinder-glass-bottles\/","url":"https:\/\/ruishengglassco.com\/product\/rs124-500ml-750ml-clear-cylinder-glass-bottles","name":"750ml \u015eeffaf Cam \u015ei\u015fe D\u00f6kme|Toptan Silindir Cam \u015ei\u015fe, T-mantarl\u0131","isPartOf":{"@id":"https:\/\/glassbottlewholesale.com\/#website"},"primaryImageOfPage":{"@id":"https:\/\/ruishengglassco.com\/product\/rs124-500ml-750ml-clear-cylinder-glass-bottles#primaryimage"},"image":{"@id":"https:\/\/ruishengglassco.com\/product\/rs124-500ml-750ml-clear-cylinder-glass-bottles#primaryimage"},"thumbnailUrl":"https:\/\/glassbottlewholesale.com\/wp-content\/uploads\/2024\/01\/rs124-1.jpg","datePublished":"2019-10-14T13:03:10+00:00","dateModified":"2025-07-10T01:02:15+00:00","description":"\u00c7in Lik\u00f6r \u015ei\u015fesi \u00dcreticisinden 750ml \u015eeffaf Cam \u015ei\u015feleri Toplu Sat\u0131n Al\u0131n. T-mantar ile Fabrika Outlet Toptan Silindir Cam \u015ei\u015fe","breadcrumb":{"@id":"https:\/\/ruishengglassco.com\/product\/rs124-500ml-750ml-clear-cylinder-glass-bottles#breadcrumb"},"inLanguage":"tr","potentialAction":[{"@type":"ReadAction","target":["https:\/\/ruishengglassco.com\/product\/rs124-500ml-750ml-clear-cylinder-glass-bottles"]}]},{"@type":"ImageObject","inLanguage":"tr","@id":"https:\/\/ruishengglassco.com\/product\/rs124-500ml-750ml-clear-cylinder-glass-bottles#primaryimage","url":"https:\/\/glassbottlewholesale.com\/wp-content\/uploads\/2024\/01\/rs124-1.jpg","contentUrl":"https:\/\/glassbottlewholesale.com\/wp-content\/uploads\/2024\/01\/rs124-1.jpg","width":800,"height":800,"caption":"RS124: 500ml 750ml Clear Cylinder Glass Bottles"},{"@type":"BreadcrumbList","@id":"https:\/\/ruishengglassco.com\/product\/rs124-500ml-750ml-clear-cylinder-glass-bottles#breadcrumb","itemListElement":[{"@type":"ListItem","position":1,"name":"Home","item":"https:\/\/glassbottlewholesale.com\/"},{"@type":"ListItem","position":2,"name":"Products","item":"https:\/\/glassbottlewholesale.com\/shop\/"},{"@type":"ListItem","position":3,"name":"RS124: 500ml 750ml Clear Cylinder Glass Bottles"}]},{"@type":"WebSite","@id":"https:\/\/glassbottlewholesale.com\/#website","url":"https:\/\/glassbottlewholesale.com\/","name":"Glass Bottle Wholesale","description":"","publisher":{"@id":"https:\/\/glassbottlewholesale.com\/#organization"},"potentialAction":[{"@type":"SearchAction","target":{"@type":"EntryPoint","urlTemplate":"https:\/\/glassbottlewholesale.com\/?s={search_term_string}"},"query-input":{"@type":"PropertyValueSpecification","valueRequired":true,"valueName":"search_term_string"}}],"inLanguage":"tr"},{"@type":"Organization","@id":"https:\/\/glassbottlewholesale.com\/#organization","name":"Glass Bottle Wholesale","url":"https:\/\/glassbottlewholesale.com\/","logo":{"@type":"ImageObject","inLanguage":"tr","@id":"https:\/\/glassbottlewholesale.com\/#\/schema\/logo\/image\/","url":"https:\/\/glassbottlewholesale.com\/wp-content\/uploads\/2023\/12\/ruisheng-logo.webp","contentUrl":"https:\/\/glassbottlewholesale.com\/wp-content\/uploads\/2023\/12\/ruisheng-logo.webp","width":400,"height":233,"caption":"Glass Bottle Wholesale"},"image":{"@id":"https:\/\/glassbottlewholesale.com\/#\/schema\/logo\/image\/"}}]}},"_links":{"self":[{"href":"https:\/\/glassbottlewholesale.com\/tr\/wp-json\/wp\/v2\/product\/456","targetHints":{"allow":["GET"]}}],"collection":[{"href":"https:\/\/glassbottlewholesale.com\/tr\/wp-json\/wp\/v2\/product"}],"about":[{"href":"https:\/\/glassbottlewholesale.com\/tr\/wp-json\/wp\/v2\/types\/product"}],"replies":[{"embeddable":true,"href":"https:\/\/glassbottlewholesale.com\/tr\/wp-json\/wp\/v2\/comments?post=456"}],"wp:featuredmedia":[{"embeddable":true,"href":"https:\/\/glassbottlewholesale.com\/tr\/wp-json\/wp\/v2\/media\/4487"}],"wp:attachment":[{"href":"https:\/\/glassbottlewholesale.com\/tr\/wp-json\/wp\/v2\/media?parent=456"}],"wp:term":[{"taxonomy":"product_brand","embeddable":true,"href":"https:\/\/glassbottlewholesale.com\/tr\/wp-json\/wp\/v2\/product_brand?post=456"},{"taxonomy":"product_cat","embeddable":true,"href":"https:\/\/glassbottlewholesale.com\/tr\/wp-json\/wp\/v2\/product_cat?post=456"},{"taxonomy":"product_tag","embeddable":true,"href":"https:\/\/glassbottlewholesale.com\/tr\/wp-json\/wp\/v2\/product_tag?post=456"}],"curies":[{"name":"wp","href":"https:\/\/api.w.org\/{rel}","templated":true}]}}