{"id":458,"date":"2019-10-14T13:05:26","date_gmt":"2019-10-14T13:05:26","guid":{"rendered":"https:\/\/queenchingglass.com\/?post_type=product&#038;p=458"},"modified":"2024-01-08T02:49:39","modified_gmt":"2024-01-08T02:49:39","slug":"1-liter-glass-beverage-bottles-sales-in-bulk","status":"publish","type":"product","link":"https:\/\/glassbottlewholesale.com\/tr\/1-liter-glass-beverage-bottles-sales-in-bulk\/","title":{"rendered":"RS123: 1 Litre Cam \u0130\u00e7ecek Mantarl\u0131 \u015ei\u015feler Toptan Sat\u0131\u015f"},"content":{"rendered":"<p>The 1 Liter Glass Beverage Bottles Sales in Bulk is one of our hot sales glass products. There\u00a0 are a set of this kind of beverage glass bottles in our factory, such as 550ml, 700ml and 1000ml glass bottles.<\/p>\n<p>The sealing type of the glass beverage bottles is cork finish. We can\u00a0 different material glass bottles cork, such as high polymer cork, complex cork, wooden cork. If you don\u2019t like this sealing type, we can change it to other type such as guala cap, and can offer the guala cap. About the guala cap, there are plastic cap and aluminum cap.<\/p>\n<h4>The Details of This 1 Liter Glass Beverage Bottles\u00a0Sales in Bulk<\/h4>\n<p>The information of the glass bottle as belowing:<\/p>\n<ul>\n<li>Ana malzeme: y\u00fcksek \u00e7akmakta\u015f\u0131 cam<\/li>\n<li>Kapak: Mantar<\/li>\n<li>Reference: RS123<\/li>\n<li>ADEDI: 10000 ADET<\/li>\n<li>Capacity: 1000ml 700ml<\/li>\n<li>Adet\/Ctn: 24 adet<\/li>\n<li>Yerin k\u00f6keni: Shandong, \u00c7in<\/li>\n<li>\u00d6zellik: \u00c7evre dostu<\/li>\n<\/ul>\n<p>There is a circle place on the liquid glass bottle, you can put your label on there if you need. You also can put your logo on the body of the beverage glass bottles. We can make decal, silk printing logo, and hot stamping logo on the glass bottles sales in bulk. If you want the bottle with different color, we also can painting any color you need. The glass bottles also can make frosted glass bottles.<\/p>\n<p>There are three kind packaging way for glass bottles wholesale. The first way is Carton. The drink glass bottles was wrapped by paper, then put on the carton. There is paperboard as division in the carton. The second way is Pallet. In this packaging way, we usually wrap the 1 liter glass beverage bottle with paper, then put them on the pallet, then the pallet will wrapped by plastic paper. The last way is carton and pallet. The wine glass bottle will put on the carton, then put the carton on the pallet, and then wrapped them with plastic paper.<\/p>\n<p>If you want to buy 1 liter glass beverage bottles, please contact with us. We also can accept OEM or ODM order.<\/p>","protected":false},"excerpt":{"rendered":"<table class=\"tg\">\n<tbody>\n<tr>\n<td class=\"tg-b7b8\">Referans:<\/td>\n<td class=\"tg-b7b8\">RS123<\/td>\n<\/tr>\n<tr>\n<td class=\"tg-yw4l\">Ana malzeme:<\/td>\n<td class=\"tg-yw4l\">Y\u00fcksek Flint Cam<\/td>\n<\/tr>\n<tr>\n<td class=\"tg-b7b8\">Kaptan:<\/td>\n<td class=\"tg-b7b8\">Mantar<\/td>\n<\/tr>\n<tr>\n<td class=\"tg-yw4l\">Kapasite:<\/td>\n<td class=\"tg-yw4l\">700ml 1000ml<\/td>\n<\/tr>\n<tr>\n<td class=\"tg-b7b8\">\u00d6zellik:<\/td>\n<td class=\"tg-b7b8\">\u00c7evre dostu<\/td>\n<\/tr>\n<tr>\n<td class=\"tg-yw4l\">ADEDI:<\/td>\n<td class=\"tg-yw4l\">10000 ADET<\/td>\n<\/tr>\n<tr>\n<td class=\"tg-b7b8\">Paketleme \u015eekli:<\/td>\n<td class=\"tg-b7b8\">\u0130hracat standart karton \/ Palet \/ ihracat standart karton ve palet<\/td>\n<\/tr>\n<tr>\n<td class=\"tg-yw4l\">OEM\/ODM:<\/td>\n<td class=\"tg-yw4l\">Ho\u015f geldiniz<\/td>\n<\/tr>\n<tr>\n<td class=\"tg-b7b8\">Yerin k\u00f6keni:<\/td>\n<td class=\"tg-b7b8\">Shandong, \u00c7in<\/td>\n<\/tr>\n<tr>\n<td class=\"tg-yw4l\">Adet\/Ktn:<\/td>\n<td class=\"tg-yw4l\">24 adet \/ 20 adet \/ 15 adet<\/td>\n<\/tr>\n<\/tbody>\n<\/table>","protected":false},"featured_media":4484,"comment_status":"open","ping_status":"closed","template":"","meta":[],"product_brand":[],"product_cat":[53,62],"product_tag":[],"class_list":{"0":"post-458","1":"product","2":"type-product","3":"status-publish","4":"has-post-thumbnail","6":"product_cat-1000ml-glass-bottle","7":"product_cat-liqueur-bottle","8":"entry","9":"has-media","11":"first","12":"instock","13":"shipping-taxable","14":"product-type-simple"},"yoast_head":"<!-- This site is optimized with the Yoast SEO plugin v27.3 - https:\/\/yoast.com\/product\/yoast-seo-wordpress\/ -->\n<title>1 Liter Glass Beverage Bottles | Glass Bottles Sales in Bulk<\/title>\n<meta name=\"description\" content=\"he 1 Liter Glass Beverage Bottles Sales in Bulk is one of our hot sales glass products. High Quality&amp;Factory Outlet Price.\" \/>\n<meta name=\"robots\" content=\"index, follow, max-snippet:-1, max-image-preview:large, max-video-preview:-1\" \/>\n<link rel=\"canonical\" href=\"https:\/\/ruishengglassco.com\/product\/rs123-1-liter-glass-beverage-corked-bottles-wholesale\" \/>\n<meta property=\"og:locale\" content=\"tr_TR\" \/>\n<meta property=\"og:type\" content=\"article\" \/>\n<meta property=\"og:title\" content=\"1 Liter Glass Beverage Bottles | Glass Bottles Sales in Bulk\" \/>\n<meta property=\"og:description\" content=\"he 1 Liter Glass Beverage Bottles Sales in Bulk is one of our hot sales glass products. High Quality&amp;Factory Outlet Price.\" \/>\n<meta property=\"og:url\" content=\"https:\/\/ruishengglassco.com\/product\/rs123-1-liter-glass-beverage-corked-bottles-wholesale\" \/>\n<meta property=\"og:site_name\" content=\"Glass Bottle Wholesale\" \/>\n<meta property=\"article:modified_time\" content=\"2024-01-08T02:49:39+00:00\" \/>\n<meta property=\"og:image\" content=\"https:\/\/glassbottlewholesale.com\/wp-content\/uploads\/2024\/01\/1000ml-glass-bottle-wholesale4.jpg\" \/>\n\t<meta property=\"og:image:width\" content=\"800\" \/>\n\t<meta property=\"og:image:height\" content=\"800\" \/>\n\t<meta property=\"og:image:type\" content=\"image\/jpeg\" \/>\n<meta name=\"twitter:card\" content=\"summary_large_image\" \/>\n<meta name=\"twitter:label1\" content=\"Tahmini okuma s\u00fcresi\" \/>\n\t<meta name=\"twitter:data1\" content=\"2 dakika\" \/>\n<script type=\"application\/ld+json\" class=\"yoast-schema-graph\">{\"@context\":\"https:\\\/\\\/schema.org\",\"@graph\":[{\"@type\":\"WebPage\",\"@id\":\"https:\\\/\\\/glassbottlewholesale.com\\\/1-liter-glass-beverage-bottles-sales-in-bulk\\\/\",\"url\":\"https:\\\/\\\/ruishengglassco.com\\\/product\\\/rs123-1-liter-glass-beverage-corked-bottles-wholesale\",\"name\":\"1 Liter Glass Beverage Bottles | Glass Bottles Sales in Bulk\",\"isPartOf\":{\"@id\":\"https:\\\/\\\/glassbottlewholesale.com\\\/#website\"},\"primaryImageOfPage\":{\"@id\":\"https:\\\/\\\/ruishengglassco.com\\\/product\\\/rs123-1-liter-glass-beverage-corked-bottles-wholesale#primaryimage\"},\"image\":{\"@id\":\"https:\\\/\\\/ruishengglassco.com\\\/product\\\/rs123-1-liter-glass-beverage-corked-bottles-wholesale#primaryimage\"},\"thumbnailUrl\":\"https:\\\/\\\/glassbottlewholesale.com\\\/wp-content\\\/uploads\\\/2024\\\/01\\\/1000ml-glass-bottle-wholesale4.jpg\",\"datePublished\":\"2019-10-14T13:05:26+00:00\",\"dateModified\":\"2024-01-08T02:49:39+00:00\",\"description\":\"he 1 Liter Glass Beverage Bottles Sales in Bulk is one of our hot sales glass products. High Quality&Factory Outlet Price.\",\"breadcrumb\":{\"@id\":\"https:\\\/\\\/ruishengglassco.com\\\/product\\\/rs123-1-liter-glass-beverage-corked-bottles-wholesale#breadcrumb\"},\"inLanguage\":\"tr\",\"potentialAction\":[{\"@type\":\"ReadAction\",\"target\":[\"https:\\\/\\\/ruishengglassco.com\\\/product\\\/rs123-1-liter-glass-beverage-corked-bottles-wholesale\"]}]},{\"@type\":\"ImageObject\",\"inLanguage\":\"tr\",\"@id\":\"https:\\\/\\\/ruishengglassco.com\\\/product\\\/rs123-1-liter-glass-beverage-corked-bottles-wholesale#primaryimage\",\"url\":\"https:\\\/\\\/glassbottlewholesale.com\\\/wp-content\\\/uploads\\\/2024\\\/01\\\/1000ml-glass-bottle-wholesale4.jpg\",\"contentUrl\":\"https:\\\/\\\/glassbottlewholesale.com\\\/wp-content\\\/uploads\\\/2024\\\/01\\\/1000ml-glass-bottle-wholesale4.jpg\",\"width\":800,\"height\":800,\"caption\":\"1000ml Clear Spirit Wholesale Glass Bottles For Sale\"},{\"@type\":\"BreadcrumbList\",\"@id\":\"https:\\\/\\\/ruishengglassco.com\\\/product\\\/rs123-1-liter-glass-beverage-corked-bottles-wholesale#breadcrumb\",\"itemListElement\":[{\"@type\":\"ListItem\",\"position\":1,\"name\":\"Home\",\"item\":\"https:\\\/\\\/glassbottlewholesale.com\\\/\"},{\"@type\":\"ListItem\",\"position\":2,\"name\":\"Products\",\"item\":\"https:\\\/\\\/glassbottlewholesale.com\\\/shop\\\/\"},{\"@type\":\"ListItem\",\"position\":3,\"name\":\"RS123: 1 Liter Glass Beverage Corked Bottles Wholesale\"}]},{\"@type\":\"WebSite\",\"@id\":\"https:\\\/\\\/glassbottlewholesale.com\\\/#website\",\"url\":\"https:\\\/\\\/glassbottlewholesale.com\\\/\",\"name\":\"Glass Bottle Wholesale\",\"description\":\"\",\"publisher\":{\"@id\":\"https:\\\/\\\/glassbottlewholesale.com\\\/#organization\"},\"potentialAction\":[{\"@type\":\"SearchAction\",\"target\":{\"@type\":\"EntryPoint\",\"urlTemplate\":\"https:\\\/\\\/glassbottlewholesale.com\\\/?s={search_term_string}\"},\"query-input\":{\"@type\":\"PropertyValueSpecification\",\"valueRequired\":true,\"valueName\":\"search_term_string\"}}],\"inLanguage\":\"tr\"},{\"@type\":\"Organization\",\"@id\":\"https:\\\/\\\/glassbottlewholesale.com\\\/#organization\",\"name\":\"Glass Bottle Wholesale\",\"url\":\"https:\\\/\\\/glassbottlewholesale.com\\\/\",\"logo\":{\"@type\":\"ImageObject\",\"inLanguage\":\"tr\",\"@id\":\"https:\\\/\\\/glassbottlewholesale.com\\\/#\\\/schema\\\/logo\\\/image\\\/\",\"url\":\"https:\\\/\\\/glassbottlewholesale.com\\\/wp-content\\\/uploads\\\/2023\\\/12\\\/ruisheng-logo.webp\",\"contentUrl\":\"https:\\\/\\\/glassbottlewholesale.com\\\/wp-content\\\/uploads\\\/2023\\\/12\\\/ruisheng-logo.webp\",\"width\":400,\"height\":233,\"caption\":\"Glass Bottle Wholesale\"},\"image\":{\"@id\":\"https:\\\/\\\/glassbottlewholesale.com\\\/#\\\/schema\\\/logo\\\/image\\\/\"}}]}<\/script>\n<!-- \/ Yoast SEO plugin. -->","yoast_head_json":{"title":"1 Liter Glass Beverage Bottles | Glass Bottles Sales in Bulk","description":"he 1 Liter Glass Beverage Bottles Sales in Bulk is one of our hot sales glass products. High Quality&Factory Outlet Price.","robots":{"index":"index","follow":"follow","max-snippet":"max-snippet:-1","max-image-preview":"max-image-preview:large","max-video-preview":"max-video-preview:-1"},"canonical":"https:\/\/ruishengglassco.com\/product\/rs123-1-liter-glass-beverage-corked-bottles-wholesale","og_locale":"tr_TR","og_type":"article","og_title":"1 Liter Glass Beverage Bottles | Glass Bottles Sales in Bulk","og_description":"he 1 Liter Glass Beverage Bottles Sales in Bulk is one of our hot sales glass products. High Quality&Factory Outlet Price.","og_url":"https:\/\/ruishengglassco.com\/product\/rs123-1-liter-glass-beverage-corked-bottles-wholesale","og_site_name":"Glass Bottle Wholesale","article_modified_time":"2024-01-08T02:49:39+00:00","og_image":[{"width":800,"height":800,"url":"https:\/\/glassbottlewholesale.com\/wp-content\/uploads\/2024\/01\/1000ml-glass-bottle-wholesale4.jpg","type":"image\/jpeg"}],"twitter_card":"summary_large_image","twitter_misc":{"Tahmini okuma s\u00fcresi":"2 dakika"},"schema":{"@context":"https:\/\/schema.org","@graph":[{"@type":"WebPage","@id":"https:\/\/glassbottlewholesale.com\/1-liter-glass-beverage-bottles-sales-in-bulk\/","url":"https:\/\/ruishengglassco.com\/product\/rs123-1-liter-glass-beverage-corked-bottles-wholesale","name":"1 Liter Glass Beverage Bottles | Glass Bottles Sales in Bulk","isPartOf":{"@id":"https:\/\/glassbottlewholesale.com\/#website"},"primaryImageOfPage":{"@id":"https:\/\/ruishengglassco.com\/product\/rs123-1-liter-glass-beverage-corked-bottles-wholesale#primaryimage"},"image":{"@id":"https:\/\/ruishengglassco.com\/product\/rs123-1-liter-glass-beverage-corked-bottles-wholesale#primaryimage"},"thumbnailUrl":"https:\/\/glassbottlewholesale.com\/wp-content\/uploads\/2024\/01\/1000ml-glass-bottle-wholesale4.jpg","datePublished":"2019-10-14T13:05:26+00:00","dateModified":"2024-01-08T02:49:39+00:00","description":"he 1 Liter Glass Beverage Bottles Sales in Bulk is one of our hot sales glass products. High Quality&Factory Outlet Price.","breadcrumb":{"@id":"https:\/\/ruishengglassco.com\/product\/rs123-1-liter-glass-beverage-corked-bottles-wholesale#breadcrumb"},"inLanguage":"tr","potentialAction":[{"@type":"ReadAction","target":["https:\/\/ruishengglassco.com\/product\/rs123-1-liter-glass-beverage-corked-bottles-wholesale"]}]},{"@type":"ImageObject","inLanguage":"tr","@id":"https:\/\/ruishengglassco.com\/product\/rs123-1-liter-glass-beverage-corked-bottles-wholesale#primaryimage","url":"https:\/\/glassbottlewholesale.com\/wp-content\/uploads\/2024\/01\/1000ml-glass-bottle-wholesale4.jpg","contentUrl":"https:\/\/glassbottlewholesale.com\/wp-content\/uploads\/2024\/01\/1000ml-glass-bottle-wholesale4.jpg","width":800,"height":800,"caption":"1000ml Clear Spirit Wholesale Glass Bottles For Sale"},{"@type":"BreadcrumbList","@id":"https:\/\/ruishengglassco.com\/product\/rs123-1-liter-glass-beverage-corked-bottles-wholesale#breadcrumb","itemListElement":[{"@type":"ListItem","position":1,"name":"Home","item":"https:\/\/glassbottlewholesale.com\/"},{"@type":"ListItem","position":2,"name":"Products","item":"https:\/\/glassbottlewholesale.com\/shop\/"},{"@type":"ListItem","position":3,"name":"RS123: 1 Liter Glass Beverage Corked Bottles Wholesale"}]},{"@type":"WebSite","@id":"https:\/\/glassbottlewholesale.com\/#website","url":"https:\/\/glassbottlewholesale.com\/","name":"Glass Bottle Wholesale","description":"","publisher":{"@id":"https:\/\/glassbottlewholesale.com\/#organization"},"potentialAction":[{"@type":"SearchAction","target":{"@type":"EntryPoint","urlTemplate":"https:\/\/glassbottlewholesale.com\/?s={search_term_string}"},"query-input":{"@type":"PropertyValueSpecification","valueRequired":true,"valueName":"search_term_string"}}],"inLanguage":"tr"},{"@type":"Organization","@id":"https:\/\/glassbottlewholesale.com\/#organization","name":"Glass Bottle Wholesale","url":"https:\/\/glassbottlewholesale.com\/","logo":{"@type":"ImageObject","inLanguage":"tr","@id":"https:\/\/glassbottlewholesale.com\/#\/schema\/logo\/image\/","url":"https:\/\/glassbottlewholesale.com\/wp-content\/uploads\/2023\/12\/ruisheng-logo.webp","contentUrl":"https:\/\/glassbottlewholesale.com\/wp-content\/uploads\/2023\/12\/ruisheng-logo.webp","width":400,"height":233,"caption":"Glass Bottle Wholesale"},"image":{"@id":"https:\/\/glassbottlewholesale.com\/#\/schema\/logo\/image\/"}}]}},"_links":{"self":[{"href":"https:\/\/glassbottlewholesale.com\/tr\/wp-json\/wp\/v2\/product\/458","targetHints":{"allow":["GET"]}}],"collection":[{"href":"https:\/\/glassbottlewholesale.com\/tr\/wp-json\/wp\/v2\/product"}],"about":[{"href":"https:\/\/glassbottlewholesale.com\/tr\/wp-json\/wp\/v2\/types\/product"}],"replies":[{"embeddable":true,"href":"https:\/\/glassbottlewholesale.com\/tr\/wp-json\/wp\/v2\/comments?post=458"}],"wp:featuredmedia":[{"embeddable":true,"href":"https:\/\/glassbottlewholesale.com\/tr\/wp-json\/wp\/v2\/media\/4484"}],"wp:attachment":[{"href":"https:\/\/glassbottlewholesale.com\/tr\/wp-json\/wp\/v2\/media?parent=458"}],"wp:term":[{"taxonomy":"product_brand","embeddable":true,"href":"https:\/\/glassbottlewholesale.com\/tr\/wp-json\/wp\/v2\/product_brand?post=458"},{"taxonomy":"product_cat","embeddable":true,"href":"https:\/\/glassbottlewholesale.com\/tr\/wp-json\/wp\/v2\/product_cat?post=458"},{"taxonomy":"product_tag","embeddable":true,"href":"https:\/\/glassbottlewholesale.com\/tr\/wp-json\/wp\/v2\/product_tag?post=458"}],"curies":[{"name":"wp","href":"https:\/\/api.w.org\/{rel}","templated":true}]}}