{"id":4584,"date":"2024-03-12T08:45:14","date_gmt":"2024-03-12T08:45:14","guid":{"rendered":"https:\/\/glassbottlewholesale.com\/?post_type=product&#038;p=4584"},"modified":"2026-01-26T05:16:44","modified_gmt":"2026-01-26T05:16:44","slug":"rs154-wholesale-700ml-crystal-whiskey-bottle-production","status":"publish","type":"product","link":"https:\/\/glassbottlewholesale.com\/tr\/rs154-wholesale-700ml-crystal-whiskey-bottle-production\/","title":{"rendered":"RS155 Toptan 700ml Kristal Viski \u015ei\u015fesi \u00dcretimi"},"content":{"rendered":"<div class=\"wpb-content-wrapper\"><h4 data-spm-anchor-id=\"a2700.details.0.i82.67a53c122iOfKz\">Teknik \u00d6zellikler<\/h4>\n<div class=\"attribute-list\">\n<div class=\"attribute-item\">\n<ul>\n<li class=\"left\">Y\u00fczey \u0130\u015fleme: <span style=\"color: var(--wpex-text-2);\">\u0130\u00e7 Grav\u00fcr<\/span><\/li>\n<li class=\"left\">End\u00fcstriyel Kullan\u0131m: <span style=\"color: var(--wpex-text-2);\">\u0130\u00e7ecek<\/span><\/li>\n<li class=\"left\">S\u0131zd\u0131rmazl\u0131k Tipi: <span style=\"color: var(--wpex-text-2);\">V\u0130DA KAPA\u011eI\/Mantar<\/span><\/li>\n<li class=\"left\">Men\u015fe Yeri: <span style=\"color: var(--wpex-text-2);\">Shandong, \u00c7in<\/span><\/li>\n<li class=\"left\">Taban Malzemesi: S<span style=\"color: var(--wpex-text-2);\">uper \u00e7akmakta\u015f\u0131 cam<\/span><\/li>\n<li class=\"left\">G\u00f6vde Malzemesi: <span style=\"color: var(--wpex-text-2);\">S\u00fcper \u00e7akmakta\u015f\u0131 cam<\/span><\/li>\n<li class=\"left\">Model Numaras\u0131: <span style=\"color: var(--wpex-text-2);\">RS-160<\/span><\/li>\n<li class=\"left\">Marka ad\u0131: <span style=\"color: var(--wpex-text-2);\">RUISHENG<\/span><\/li>\n<li class=\"left\">Kullan\u0131m: <span style=\"color: var(--wpex-text-2);\">Alkol\/lik\u00f6r\/i\u00e7ki\/votka\/viski\/brendi\/rum\/gin<\/span><\/li>\n<li class=\"left\">Paketleme: <span style=\"color: var(--wpex-text-2);\">\u00d6zel Ambalaj Kabul Edilebilir<\/span><\/li>\n<li class=\"left\">Kapasite: <span style=\"color: var(--wpex-text-2);\">200ml\/300ml\/500ml\/700\/750ml\/1000ml<\/span><\/li>\n<li class=\"left\">\u015eekil: <span style=\"color: var(--wpex-text-2);\">\u00d6zelle\u015ftirilmi\u015f \u015eekil<\/span><\/li>\n<li class=\"left\">Logo: <span style=\"color: var(--wpex-text-2);\">Kabul Edilebilir M\u00fc\u015fteri Logosu<\/span><\/li>\n<li class=\"left\">Servis: <span style=\"color: var(--wpex-text-2);\">OEM \/ ODM<\/span><\/li>\n<li class=\"left\">\u00d6rnek: <span style=\"color: var(--wpex-text-2);\">Serbest\u00e7e Sa\u011flan\u0131r<\/span><\/li>\n<li class=\"left\">Logo bask\u0131s\u0131: <span style=\"color: var(--wpex-text-2);\">M\u00fc\u015fteri Logo Bask\u0131s\u0131n\u0131 Kabul Et<\/span><\/li>\n<li class=\"left\">Teslimat s\u00fcresi: <span style=\"color: var(--wpex-text-2);\">30-45 G\u00fcn<\/span><\/li>\n<li class=\"left\">Paketleme: <span style=\"font-family: var(--wpex-heading-font-family); font-style: var(--wpex-heading-font-style); letter-spacing: var(--wpex-heading-letter-spacing); text-transform: var(--wpex-heading-text-transform); color: var(--wpex-text-2);\" data-spm-anchor-id=\"a2700.details.0.i77.67a53c122iOfKz\">Standart ihracat kartonu\/<\/span><span style=\"color: var(--wpex-text-2);\">Palet\/<\/span><span style=\"color: var(--wpex-text-2);\">\u00d6zel paketleme<\/span><\/li>\n<li class=\"left\">Liman: <span style=\"color: var(--wpex-text-2);\">Qingdao<\/span><\/li>\n<\/ul>\n<\/div>\n<\/div>\n<div class=\"attribute-list\">\n<div class=\"attribute-item\">\n<div class=\"right\">\n<div class=\"vc_row wpb_row vc_row-fluid\"><div class=\"wpb_column vc_column_container vc_col-sm-6\"><div class=\"vc_column-inner\"><div class=\"wpb_wrapper\">\n\t<div  class=\"wpb_single_image wpb_content_element vc_align_ wpb_content_element\">\n\t\t\n\t\t<figure class=\"wpb_wrapper vc_figure\">\n\t\t\t<div class=\"vc_single_image-wrapper   vc_box_border_grey\"><img width=\"741\" height=\"417\" src=\"https:\/\/glassbottlewholesale.com\/wp-content\/uploads\/2021\/07\/ruisheng-glass-bottle-1.jpeg\" class=\"vc_single_image-img attachment-full\" alt=\"ruisheng cam \u015fi\u015fe\" title=\"ruisheng cam \u015fi\u015fe (1)\" srcset=\"https:\/\/glassbottlewholesale.com\/wp-content\/uploads\/2021\/07\/ruisheng-glass-bottle-1.jpeg 741w, https:\/\/glassbottlewholesale.com\/wp-content\/uploads\/2021\/07\/ruisheng-glass-bottle-1-300x169.jpeg 300w, https:\/\/glassbottlewholesale.com\/wp-content\/uploads\/2021\/07\/ruisheng-glass-bottle-1-600x338.jpeg 600w\" sizes=\"(max-width: 741px) 100vw, 741px\" \/><\/div>\n\t\t<\/figure>\n\t<\/div>\n<\/div><\/div><\/div><div class=\"wpb_column vc_column_container vc_col-sm-6\"><div class=\"vc_column-inner\"><div class=\"wpb_wrapper\"><h2 class=\"vcex-heading vcex-heading-plain vcex-module wpex-heading wpex-text-2xl\"><span class=\"vcex-heading-inner wpex-inline-block\">Shandong, \u00c7in'deki Ruisheng Cam Fabrikas\u0131<\/span><\/h2><div class=\"vc_separator wpb_content_element vc_separator_align_center vc_sep_width_30 vc_sep_border_width_2 vc_sep_pos_align_left vc_separator_no_text vc_custom_1626068292507 wpb_content_element  vc_custom_1626068292507 wpb_content_element\" ><span class=\"vc_sep_holder vc_sep_holder_l\"><span style=\"border-color:#c6b20a;\" class=\"vc_sep_line\"><\/span><\/span><span class=\"vc_sep_holder vc_sep_holder_r\"><span style=\"border-color:#c6b20a;\" class=\"vc_sep_line\"><\/span><\/span>\n<\/div><div class=\"vcex-spacing wpex-w-100 wpex-clear\" style=\"height:20px;\"><\/div>\n\t<div class=\"wpb_text_column wpb_content_element\" >\n\t\t<div class=\"wpb_wrapper\">\n\t\t\t<p>2009 y\u0131l\u0131ndan bu yana, modern cam \u015fi\u015fe \u00fcretim tesisimiz ve iyi donan\u0131ml\u0131 Ar-Ge merkezimiz 5.000.000 fit karelik bir alanda faaliyet g\u00f6stermektedir. Fabrika, lik\u00f6r, ispirto, viski, votka, brendi ve di\u011fer alkoll\u00fc i\u00e7ecekler i\u00e7in y\u00fcksek kaliteli cam \u015fi\u015fe \u00fcretimine odaklanmaktad\u0131r.<\/p>\n\n\t\t<\/div>\n\t<\/div>\n<\/div><\/div><\/div><\/div><div class=\"vc_row wpb_row vc_row-fluid\"><div class=\"wpb_column vc_column_container vc_col-sm-12\"><div class=\"vc_column-inner\"><div class=\"wpb_wrapper\">\n\t<div class=\"wpb_text_column wpb_content_element\" >\n\t\t<div class=\"wpb_wrapper\">\n\t\t\t<h3>Lik\u00f6r Cam \u015ei\u015fe \u00dcretim Fabrikam\u0131zda Tam Kapasite:<\/h3>\n\n\t\t<\/div>\n\t<\/div>\n<div class=\"vcex-spacing wpex-w-100 wpex-clear\" style=\"height:20px;\"><\/div><div class=\"vc_row wpb_row vc_inner vc_row-fluid\"><div class=\"wpb_column vc_column_container vc_col-sm-3\"><div class=\"vc_column-inner\"><div class=\"wpb_wrapper\"><style>.vcex-heading.vcex_69f2898f4a28c{color:#c6b20a;font-size:50px;font-weight:900;text-transform:capitalize;}<\/style><h2 class=\"vcex-heading vcex-heading-plain vcex-module wpex-heading wpex-text-2xl wpex-text-center vcex_69f2898f4a28c\"><span class=\"vcex-heading-inner wpex-inline-block\">12<\/span><\/h2>\n\t<div class=\"wpb_text_column wpb_content_element\" >\n\t\t<div class=\"wpb_wrapper\">\n\t\t\t<p style=\"text-align: center;\"><strong>-\u00dcretim Hatt\u0131-<\/strong><\/p>\n\n\t\t<\/div>\n\t<\/div>\n\n\t<div class=\"wpb_text_column wpb_content_element\" >\n\t\t<div class=\"wpb_wrapper\">\n\t\t\t<p>Yar\u0131 otomatik y\u00fcksek verimli cam \u015fi\u015fe \u00fcretim hatt\u0131. Ayn\u0131 anda farkl\u0131 i\u015flem s\u00fcre\u00e7lerine sahip cam \u015fi\u015feler \u00fcretebilir.<\/p>\n\n\t\t<\/div>\n\t<\/div>\n<\/div><\/div><\/div><div class=\"wpb_column vc_column_container vc_col-sm-3\"><div class=\"vc_column-inner\"><div class=\"wpb_wrapper\"><style>.vcex-heading.vcex_69f2898f4ac0a{color:#c6b20a;font-size:50px;font-weight:900;text-transform:capitalize;}<\/style><h2 class=\"vcex-heading vcex-heading-plain vcex-module wpex-heading wpex-text-2xl wpex-text-center vcex_69f2898f4ac0a\"><span class=\"vcex-heading-inner wpex-inline-block\">500+<\/span><\/h2>\n\t<div class=\"wpb_text_column wpb_content_element\" >\n\t\t<div class=\"wpb_wrapper\">\n\t\t\t<p style=\"text-align: center;\"><strong>-\u00c7al\u0131\u015fan \u015eeyler-<\/strong><\/p>\n\n\t\t<\/div>\n\t<\/div>\n\n\t<div class=\"wpb_text_column wpb_content_element\" >\n\t\t<div class=\"wpb_wrapper\">\n\t\t\t<p style=\"text-align: center;\">\u015eirketimizin 15 end\u00fcstriyel tasar\u0131mc\u0131, 35 \u00fcr\u00fcn kalite denet\u00e7isi ve di\u011fer \u00fcretim \u00e7al\u0131\u015fanlar\u0131, sat\u0131\u015f ve pazarlama personeli vb. dahil olmak \u00fczere 500'den fazla \u00e7al\u0131\u015fan\u0131 bulunmaktad\u0131r.<\/p>\n\n\t\t<\/div>\n\t<\/div>\n<\/div><\/div><\/div><div class=\"wpb_column vc_column_container vc_col-sm-3\"><div class=\"vc_column-inner\"><div class=\"wpb_wrapper\"><style>.vcex-heading.vcex_69f2898f4b473{color:#c6b20a;font-size:50px;font-weight:900;text-transform:capitalize;}<\/style><h2 class=\"vcex-heading vcex-heading-plain vcex-module wpex-heading wpex-text-2xl wpex-text-center vcex_69f2898f4b473\"><span class=\"vcex-heading-inner wpex-inline-block\">8000+<\/span><\/h2>\n\t<div class=\"wpb_text_column wpb_content_element\" >\n\t\t<div class=\"wpb_wrapper\">\n\t\t\t<p style=\"text-align: center;\"><strong>-Tasar\u0131m Kal\u0131b\u0131-<\/strong><\/p>\n\n\t\t<\/div>\n\t<\/div>\n\n\t<div class=\"wpb_text_column wpb_content_element\" >\n\t\t<div class=\"wpb_wrapper\">\n\t\t\t<p style=\"text-align: center;\">\u00c7ok say\u0131da kal\u0131b\u0131 \u015firket i\u00e7inde stoklaman\u0131n en \u00f6nemli avantaj\u0131 esnekliktir. Tek bir fabrika t\u00fcm ihtiya\u00e7lar\u0131n\u0131z\u0131 kar\u015f\u0131layamaz.<\/p>\n\n\t\t<\/div>\n\t<\/div>\n<\/div><\/div><\/div><div class=\"wpb_column vc_column_container vc_col-sm-3\"><div class=\"vc_column-inner\"><div class=\"wpb_wrapper\"><style>.vcex-heading.vcex_69f2898f4bc7c{color:#c6b20a;font-size:50px;font-weight:900;text-transform:capitalize;}<\/style><h2 class=\"vcex-heading vcex-heading-plain vcex-module wpex-heading wpex-text-2xl wpex-text-center vcex_69f2898f4bc7c\"><span class=\"vcex-heading-inner wpex-inline-block\">120,000+<\/span><\/h2>\n\t<div class=\"wpb_text_column wpb_content_element\" >\n\t\t<div class=\"wpb_wrapper\">\n\t\t\t<p style=\"text-align: center;\"><strong>-G\u00fcnl\u00fck \u00c7\u0131kt\u0131-<\/strong><\/p>\n\n\t\t<\/div>\n\t<\/div>\n\n\t<div class=\"wpb_text_column wpb_content_element\" >\n\t\t<div class=\"wpb_wrapper\">\n\t\t\t<p style=\"text-align: center;\">Pazara h\u0131zl\u0131 bir \u015fekilde tepki verin. Toplu \u00fcretimimiz, i\u015fletmelerin \u00fcretim a\u015famalar\u0131ndan h\u0131zl\u0131 ve kolay bir \u015fekilde ge\u00e7mesini sa\u011flar.<\/p>\n\n\t\t<\/div>\n\t<\/div>\n<\/div><\/div><\/div><\/div><\/div><\/div><\/div><\/div><div class=\"vc_row wpb_row vc_row-fluid\"><div class=\"wpb_column vc_column_container vc_col-sm-12\"><div class=\"vc_column-inner\"><div class=\"wpb_wrapper\"><h2 class=\"vcex-heading vcex-heading-plain vcex-module wpex-heading wpex-text-2xl\"><span class=\"vcex-heading-inner wpex-inline-block\">Ruisheng Cam Nas\u0131l Sipari\u015f Edilir<\/span><\/h2><div class=\"vcex-spacing wpex-w-100 wpex-clear\" style=\"height:20px;\"><\/div>\n\t<div  class=\"wpb_single_image wpb_content_element vc_align_center wpb_content_element\">\n\t\t\n\t\t<figure class=\"wpb_wrapper vc_figure\">\n\t\t\t<div class=\"vc_single_image-wrapper   vc_box_border_grey\"><img width=\"564\" height=\"795\" src=\"https:\/\/glassbottlewholesale.com\/wp-content\/uploads\/2021\/07\/WX20210712-153708.png\" class=\"vc_single_image-img attachment-full\" alt=\"Ruisheng&#039;den cam \u015fi\u015fe nas\u0131l sipari\u015f edilir\" title=\"Ruisheng&#039;den cam \u015fi\u015fe nas\u0131l sipari\u015f edilir\" srcset=\"https:\/\/glassbottlewholesale.com\/wp-content\/uploads\/2021\/07\/WX20210712-153708.png 564w, https:\/\/glassbottlewholesale.com\/wp-content\/uploads\/2021\/07\/WX20210712-153708-213x300.png 213w\" sizes=\"(max-width: 564px) 100vw, 564px\" \/><\/div>\n\t\t<\/figure>\n\t<\/div>\n<\/div><\/div><\/div><\/div>\n<\/div>\n<\/div>\n<\/div>\n<\/div>","protected":false},"excerpt":{"rendered":"<p>Teknik \u00d6zellikler Y\u00fczey \u0130\u015fleme: \u0130\u00e7 Grav\u00fcr End\u00fcstriyel Kullan\u0131m: \u0130\u00e7ecek S\u0131zd\u0131rmazl\u0131k Tipi: V\u0130DALI KAPAK\/MANTAR Men\u015fe Yeri: Shandong, \u00c7in Ana Malzeme: S\u00fcper \u00e7akmakta\u015f\u0131 cam G\u00f6vde Malzemesi: S\u00fcper \u00e7akmakta\u015f\u0131 cam Model Numaras\u0131: RS-160 Marka Ad\u0131: RUISHENG Kullan\u0131m: Alkol \/ lik\u00f6r \/ alkoll\u00fc i\u00e7kiler \/ votka \/ viski \/ brendi \/ rom \/ cin Ambalaj: \u00d6zel Ambalaj Kabul Edilebilir Kapasite: 200ml\/300ml\/500ml\/700\/750ml\/1000ml \u015eekil: \u00d6zelle\u015ftirilmi\u015f \u015eekil Logo: Kabul Edilebilir M\u00fc\u015fteri Logosu Hizmeti: OEM \/ ODM \u00d6rne\u011fi: Serbest\u00e7e Sa\u011flan\u0131r Logo ...<\/p>","protected":false},"featured_media":4573,"comment_status":"open","ping_status":"closed","template":"","meta":[],"product_brand":[],"product_cat":[68],"product_tag":[],"class_list":{"0":"post-4584","1":"product","2":"type-product","3":"status-publish","4":"has-post-thumbnail","6":"product_cat-whiskey-bottle","7":"entry","8":"has-media","10":"first","11":"instock","12":"shipping-taxable","13":"product-type-simple"},"yoast_head":"<!-- This site is optimized with the Yoast SEO plugin v27.3 - https:\/\/yoast.com\/product\/yoast-seo-wordpress\/ -->\n<title>RS155 Wholesale 700ml Crystal Whiskey Bottle Production - Glass Bottle Wholesale<\/title>\n<meta name=\"robots\" content=\"index, follow, max-snippet:-1, max-image-preview:large, max-video-preview:-1\" \/>\n<link rel=\"canonical\" href=\"https:\/\/ruishengglassco.com\/rs155-wholesale-700ml-crystal-whiskey-bottle-production\" \/>\n<meta property=\"og:locale\" content=\"tr_TR\" \/>\n<meta property=\"og:type\" content=\"article\" \/>\n<meta property=\"og:title\" content=\"RS155 Wholesale 700ml Crystal Whiskey Bottle Production - Glass Bottle Wholesale\" \/>\n<meta property=\"og:description\" content=\"Specifications Surface Handling: Inside Engraving Industrial Use: Beverage Sealing Type: SCREW CAP\/Cork Place of Origin: Shandong, China Base Material: Super flint glass Body Material: Super flint glass Model Number: RS-160 Brand Name: RUISHENG Usage: Alcohol\/liquor\/spirits\/vodka\/whisky\/brandy\/rum\/gin Packing: Custom Packing Acceptable Capacity: 200ml\/300ml\/500ml\/700\/750ml\/1000ml Shape: Customized Shape Logo: Acceptable Customer&#8217;s Logo Service: OEM \/ODM Sample: Provided Freely Logo&hellip;\" \/>\n<meta property=\"og:url\" content=\"https:\/\/ruishengglassco.com\/rs155-wholesale-700ml-crystal-whiskey-bottle-production\" \/>\n<meta property=\"og:site_name\" content=\"Glass Bottle Wholesale\" \/>\n<meta property=\"article:modified_time\" content=\"2026-01-26T05:16:44+00:00\" \/>\n<meta property=\"og:image\" content=\"https:\/\/glassbottlewholesale.com\/wp-content\/uploads\/2024\/03\/wholesale-whiskey-bottle-manufacturer5.png\" \/>\n\t<meta property=\"og:image:width\" content=\"800\" \/>\n\t<meta property=\"og:image:height\" content=\"800\" \/>\n\t<meta property=\"og:image:type\" content=\"image\/png\" \/>\n<meta name=\"twitter:card\" content=\"summary_large_image\" \/>\n<meta name=\"twitter:label1\" content=\"Tahmini okuma s\u00fcresi\" \/>\n\t<meta name=\"twitter:data1\" content=\"2 dakika\" \/>\n<script type=\"application\/ld+json\" class=\"yoast-schema-graph\">{\"@context\":\"https:\\\/\\\/schema.org\",\"@graph\":[{\"@type\":\"WebPage\",\"@id\":\"https:\\\/\\\/glassbottlewholesale.com\\\/rs154-wholesale-700ml-crystal-whiskey-bottle-production\\\/\",\"url\":\"https:\\\/\\\/ruishengglassco.com\\\/rs155-wholesale-700ml-crystal-whiskey-bottle-production\",\"name\":\"RS155 Wholesale 700ml Crystal Whiskey Bottle Production - Glass Bottle Wholesale\",\"isPartOf\":{\"@id\":\"https:\\\/\\\/glassbottlewholesale.com\\\/#website\"},\"primaryImageOfPage\":{\"@id\":\"https:\\\/\\\/ruishengglassco.com\\\/rs155-wholesale-700ml-crystal-whiskey-bottle-production#primaryimage\"},\"image\":{\"@id\":\"https:\\\/\\\/ruishengglassco.com\\\/rs155-wholesale-700ml-crystal-whiskey-bottle-production#primaryimage\"},\"thumbnailUrl\":\"https:\\\/\\\/glassbottlewholesale.com\\\/wp-content\\\/uploads\\\/2024\\\/03\\\/wholesale-whiskey-bottle-manufacturer5.png\",\"datePublished\":\"2024-03-12T08:45:14+00:00\",\"dateModified\":\"2026-01-26T05:16:44+00:00\",\"breadcrumb\":{\"@id\":\"https:\\\/\\\/ruishengglassco.com\\\/rs155-wholesale-700ml-crystal-whiskey-bottle-production#breadcrumb\"},\"inLanguage\":\"tr\",\"potentialAction\":[{\"@type\":\"ReadAction\",\"target\":[\"https:\\\/\\\/ruishengglassco.com\\\/rs155-wholesale-700ml-crystal-whiskey-bottle-production\"]}]},{\"@type\":\"ImageObject\",\"inLanguage\":\"tr\",\"@id\":\"https:\\\/\\\/ruishengglassco.com\\\/rs155-wholesale-700ml-crystal-whiskey-bottle-production#primaryimage\",\"url\":\"https:\\\/\\\/glassbottlewholesale.com\\\/wp-content\\\/uploads\\\/2024\\\/03\\\/wholesale-whiskey-bottle-manufacturer5.png\",\"contentUrl\":\"https:\\\/\\\/glassbottlewholesale.com\\\/wp-content\\\/uploads\\\/2024\\\/03\\\/wholesale-whiskey-bottle-manufacturer5.png\",\"width\":800,\"height\":800,\"caption\":\"wholesale 700ml crystal whiskey bottle\"},{\"@type\":\"BreadcrumbList\",\"@id\":\"https:\\\/\\\/ruishengglassco.com\\\/rs155-wholesale-700ml-crystal-whiskey-bottle-production#breadcrumb\",\"itemListElement\":[{\"@type\":\"ListItem\",\"position\":1,\"name\":\"Home\",\"item\":\"https:\\\/\\\/glassbottlewholesale.com\\\/\"},{\"@type\":\"ListItem\",\"position\":2,\"name\":\"Products\",\"item\":\"https:\\\/\\\/glassbottlewholesale.com\\\/shop\\\/\"},{\"@type\":\"ListItem\",\"position\":3,\"name\":\"RS155 Wholesale 700ml Crystal Whiskey Bottle Production\"}]},{\"@type\":\"WebSite\",\"@id\":\"https:\\\/\\\/glassbottlewholesale.com\\\/#website\",\"url\":\"https:\\\/\\\/glassbottlewholesale.com\\\/\",\"name\":\"Glass Bottle Wholesale\",\"description\":\"\",\"publisher\":{\"@id\":\"https:\\\/\\\/glassbottlewholesale.com\\\/#organization\"},\"potentialAction\":[{\"@type\":\"SearchAction\",\"target\":{\"@type\":\"EntryPoint\",\"urlTemplate\":\"https:\\\/\\\/glassbottlewholesale.com\\\/?s={search_term_string}\"},\"query-input\":{\"@type\":\"PropertyValueSpecification\",\"valueRequired\":true,\"valueName\":\"search_term_string\"}}],\"inLanguage\":\"tr\"},{\"@type\":\"Organization\",\"@id\":\"https:\\\/\\\/glassbottlewholesale.com\\\/#organization\",\"name\":\"Glass Bottle Wholesale\",\"url\":\"https:\\\/\\\/glassbottlewholesale.com\\\/\",\"logo\":{\"@type\":\"ImageObject\",\"inLanguage\":\"tr\",\"@id\":\"https:\\\/\\\/glassbottlewholesale.com\\\/#\\\/schema\\\/logo\\\/image\\\/\",\"url\":\"https:\\\/\\\/glassbottlewholesale.com\\\/wp-content\\\/uploads\\\/2023\\\/12\\\/ruisheng-logo.webp\",\"contentUrl\":\"https:\\\/\\\/glassbottlewholesale.com\\\/wp-content\\\/uploads\\\/2023\\\/12\\\/ruisheng-logo.webp\",\"width\":400,\"height\":233,\"caption\":\"Glass Bottle Wholesale\"},\"image\":{\"@id\":\"https:\\\/\\\/glassbottlewholesale.com\\\/#\\\/schema\\\/logo\\\/image\\\/\"}}]}<\/script>\n<!-- \/ Yoast SEO plugin. -->","yoast_head_json":{"title":"RS155 Wholesale 700ml Crystal Whiskey Bottle Production - Glass Bottle Wholesale","robots":{"index":"index","follow":"follow","max-snippet":"max-snippet:-1","max-image-preview":"max-image-preview:large","max-video-preview":"max-video-preview:-1"},"canonical":"https:\/\/ruishengglassco.com\/rs155-wholesale-700ml-crystal-whiskey-bottle-production","og_locale":"tr_TR","og_type":"article","og_title":"RS155 Wholesale 700ml Crystal Whiskey Bottle Production - Glass Bottle Wholesale","og_description":"Specifications Surface Handling: Inside Engraving Industrial Use: Beverage Sealing Type: SCREW CAP\/Cork Place of Origin: Shandong, China Base Material: Super flint glass Body Material: Super flint glass Model Number: RS-160 Brand Name: RUISHENG Usage: Alcohol\/liquor\/spirits\/vodka\/whisky\/brandy\/rum\/gin Packing: Custom Packing Acceptable Capacity: 200ml\/300ml\/500ml\/700\/750ml\/1000ml Shape: Customized Shape Logo: Acceptable Customer&#8217;s Logo Service: OEM \/ODM Sample: Provided Freely Logo&hellip;","og_url":"https:\/\/ruishengglassco.com\/rs155-wholesale-700ml-crystal-whiskey-bottle-production","og_site_name":"Glass Bottle Wholesale","article_modified_time":"2026-01-26T05:16:44+00:00","og_image":[{"width":800,"height":800,"url":"https:\/\/glassbottlewholesale.com\/wp-content\/uploads\/2024\/03\/wholesale-whiskey-bottle-manufacturer5.png","type":"image\/png"}],"twitter_card":"summary_large_image","twitter_misc":{"Tahmini okuma s\u00fcresi":"2 dakika"},"schema":{"@context":"https:\/\/schema.org","@graph":[{"@type":"WebPage","@id":"https:\/\/glassbottlewholesale.com\/rs154-wholesale-700ml-crystal-whiskey-bottle-production\/","url":"https:\/\/ruishengglassco.com\/rs155-wholesale-700ml-crystal-whiskey-bottle-production","name":"RS155 Wholesale 700ml Crystal Whiskey Bottle Production - Glass Bottle Wholesale","isPartOf":{"@id":"https:\/\/glassbottlewholesale.com\/#website"},"primaryImageOfPage":{"@id":"https:\/\/ruishengglassco.com\/rs155-wholesale-700ml-crystal-whiskey-bottle-production#primaryimage"},"image":{"@id":"https:\/\/ruishengglassco.com\/rs155-wholesale-700ml-crystal-whiskey-bottle-production#primaryimage"},"thumbnailUrl":"https:\/\/glassbottlewholesale.com\/wp-content\/uploads\/2024\/03\/wholesale-whiskey-bottle-manufacturer5.png","datePublished":"2024-03-12T08:45:14+00:00","dateModified":"2026-01-26T05:16:44+00:00","breadcrumb":{"@id":"https:\/\/ruishengglassco.com\/rs155-wholesale-700ml-crystal-whiskey-bottle-production#breadcrumb"},"inLanguage":"tr","potentialAction":[{"@type":"ReadAction","target":["https:\/\/ruishengglassco.com\/rs155-wholesale-700ml-crystal-whiskey-bottle-production"]}]},{"@type":"ImageObject","inLanguage":"tr","@id":"https:\/\/ruishengglassco.com\/rs155-wholesale-700ml-crystal-whiskey-bottle-production#primaryimage","url":"https:\/\/glassbottlewholesale.com\/wp-content\/uploads\/2024\/03\/wholesale-whiskey-bottle-manufacturer5.png","contentUrl":"https:\/\/glassbottlewholesale.com\/wp-content\/uploads\/2024\/03\/wholesale-whiskey-bottle-manufacturer5.png","width":800,"height":800,"caption":"wholesale 700ml crystal whiskey bottle"},{"@type":"BreadcrumbList","@id":"https:\/\/ruishengglassco.com\/rs155-wholesale-700ml-crystal-whiskey-bottle-production#breadcrumb","itemListElement":[{"@type":"ListItem","position":1,"name":"Home","item":"https:\/\/glassbottlewholesale.com\/"},{"@type":"ListItem","position":2,"name":"Products","item":"https:\/\/glassbottlewholesale.com\/shop\/"},{"@type":"ListItem","position":3,"name":"RS155 Wholesale 700ml Crystal Whiskey Bottle Production"}]},{"@type":"WebSite","@id":"https:\/\/glassbottlewholesale.com\/#website","url":"https:\/\/glassbottlewholesale.com\/","name":"Glass Bottle Wholesale","description":"","publisher":{"@id":"https:\/\/glassbottlewholesale.com\/#organization"},"potentialAction":[{"@type":"SearchAction","target":{"@type":"EntryPoint","urlTemplate":"https:\/\/glassbottlewholesale.com\/?s={search_term_string}"},"query-input":{"@type":"PropertyValueSpecification","valueRequired":true,"valueName":"search_term_string"}}],"inLanguage":"tr"},{"@type":"Organization","@id":"https:\/\/glassbottlewholesale.com\/#organization","name":"Glass Bottle Wholesale","url":"https:\/\/glassbottlewholesale.com\/","logo":{"@type":"ImageObject","inLanguage":"tr","@id":"https:\/\/glassbottlewholesale.com\/#\/schema\/logo\/image\/","url":"https:\/\/glassbottlewholesale.com\/wp-content\/uploads\/2023\/12\/ruisheng-logo.webp","contentUrl":"https:\/\/glassbottlewholesale.com\/wp-content\/uploads\/2023\/12\/ruisheng-logo.webp","width":400,"height":233,"caption":"Glass Bottle Wholesale"},"image":{"@id":"https:\/\/glassbottlewholesale.com\/#\/schema\/logo\/image\/"}}]}},"_links":{"self":[{"href":"https:\/\/glassbottlewholesale.com\/tr\/wp-json\/wp\/v2\/product\/4584","targetHints":{"allow":["GET"]}}],"collection":[{"href":"https:\/\/glassbottlewholesale.com\/tr\/wp-json\/wp\/v2\/product"}],"about":[{"href":"https:\/\/glassbottlewholesale.com\/tr\/wp-json\/wp\/v2\/types\/product"}],"replies":[{"embeddable":true,"href":"https:\/\/glassbottlewholesale.com\/tr\/wp-json\/wp\/v2\/comments?post=4584"}],"wp:featuredmedia":[{"embeddable":true,"href":"https:\/\/glassbottlewholesale.com\/tr\/wp-json\/wp\/v2\/media\/4573"}],"wp:attachment":[{"href":"https:\/\/glassbottlewholesale.com\/tr\/wp-json\/wp\/v2\/media?parent=4584"}],"wp:term":[{"taxonomy":"product_brand","embeddable":true,"href":"https:\/\/glassbottlewholesale.com\/tr\/wp-json\/wp\/v2\/product_brand?post=4584"},{"taxonomy":"product_cat","embeddable":true,"href":"https:\/\/glassbottlewholesale.com\/tr\/wp-json\/wp\/v2\/product_cat?post=4584"},{"taxonomy":"product_tag","embeddable":true,"href":"https:\/\/glassbottlewholesale.com\/tr\/wp-json\/wp\/v2\/product_tag?post=4584"}],"curies":[{"name":"wp","href":"https:\/\/api.w.org\/{rel}","templated":true}]}}