{"id":466,"date":"2019-10-14T13:53:43","date_gmt":"2019-10-14T13:53:43","guid":{"rendered":"https:\/\/queenchingglass.com\/?post_type=product&#038;p=466"},"modified":"2025-07-10T03:08:31","modified_gmt":"2025-07-10T03:08:31","slug":"toptan-seffaf-750ml-vidali-kapakli-cam-siseler","status":"publish","type":"product","link":"https:\/\/glassbottlewholesale.com\/tr\/toptan-seffaf-750ml-vidali-kapakli-cam-siseler\/","title":{"rendered":"RS120:Vidal\u0131 Kapakl\u0131 \u015eeffaf 750ml Cam \u015ei\u015feler Toptan Sat\u0131\u015f"},"content":{"rendered":"<div class=\"wpb-content-wrapper\"><div class=\"vc_row wpb_row vc_row-fluid\"><div class=\"wpb_column vc_column_container vc_col-sm-12\"><div class=\"vc_column-inner\"><div class=\"wpb_wrapper\">\n\t<div class=\"wpb_text_column wpb_content_element\" >\n\t\t<div class=\"wpb_wrapper\">\n\t\t\t<p>&nbsp;<\/p>\n<p>Vidal\u0131 kapakl\u0131 750ml \u015feffaf cam \u015fi\u015feler Shandong Yuncheng Ruisheng Glass Co, Ltd'de \u00fcretilmi\u015ftir. Firmam\u0131z d\u00fcnyan\u0131n en b\u00fcy\u00fck s\u00fcper \u00e7akmakta\u015f\u0131<a href=\"https:\/\/ruishengglassco.com\/glass-liquor-spirit-bottles\"> lik\u00f6r cam \u015fi\u015fe \u00fcreticileri<\/a>\u00a0\u00c7in'de. \u015eirketimizin 500'den fazla \u00e7al\u0131\u015fan\u0131 ve bir grup yetenekli m\u00fchendisi vard\u0131r. Zengin deneyimimizle, t\u00fcm d\u00fcnyada iyi bir \u00fcne sahibiz.<\/p>\n<p>Mantarl\u0131 750ml toptan ispirto \u015fi\u015fesi, cam \u015fi\u015feyi daha net, daha dayan\u0131kl\u0131 ve daha p\u00fcr\u00fczs\u00fcz hale getiren y\u00fcksek \u00e7akmakta\u015f\u0131 cam malzemeden yap\u0131lm\u0131\u015ft\u0131r.  Lik\u00f6r, votka, brendi, viski, re\u00e7el ve benzeri ambalajlar i\u00e7in uygundur.<\/p>\n<p>Mantar \u00fcreticisi ile en iyi toptan ruh \u015fi\u015fesi olarak Ruisheng, votka \u015fi\u015fesi, brendi \u015fi\u015fesi, viski \u015fi\u015fesi, lik\u00f6r \u015fi\u015fesi, re\u00e7el \u015fi\u015fesi ve benzeri gibi \u00fcst s\u0131n\u0131f cam \u015fi\u015fe \u00fcretimine odaklanmaktad\u0131r. Ayr\u0131ca kehribar cam \u015fi\u015feler, ye\u015fil \u015fi\u015feler, beyaz cam \u015fi\u015feler, \u015feffaf cam \u015fi\u015feler gibi farkl\u0131 renk ruhu \u015fi\u015feleri toptan sunabiliriz. \u0130ngiltere, ABD, Avustralya, Kanada ve di\u011fer bir\u00e7ok \u00fclkedeki ana pazar\u0131m\u0131z. Ve t\u00fcm \u00fcr\u00fcnler yenilik ve i\u015flevsellik a\u00e7\u0131s\u0131ndan y\u00fcksek bir \u00fcne sahiptir.<\/p>\n<p>Ve e-likit cam \u015fi\u015feleri nas\u0131l se\u00e7ilir? Lik\u00f6r i\u00e7in do\u011fru \u015eeffaf Cam \u015ei\u015feyi se\u00e7in, ilki likit \u015fi\u015felerinin kalitesidir,\u00a0<a href=\"https:\/\/ruishengglassco.com\/glass-liquor-spirit-bottles\">y\u00fcksek kaliteli cam \u015fi\u015fe<\/a>\u00a0lik\u00f6r kalitesini sa\u011flayabilir ve de\u011ferlerini art\u0131rabilir. Buna ek olarak, m\u00fc\u015fterilerin e s\u0131v\u0131 cam \u015fi\u015fe se\u00e7mek i\u00e7in lik\u00f6r \u00fcr\u00fcnlerinin kalitesine, lik\u00f6r aromas\u0131na ve k\u00fclt\u00fcrel propagandaya da dikkat etmeleri gerekir. Ek olarak, alkol \u015fi\u015felerinin kalitesini ve fiyat\u0131n\u0131 sa\u011flamak i\u00e7in lik\u00f6r \u015fi\u015fesi \u00fcr\u00fcn\u00fcn\u00fc se\u00e7ip sat\u0131n almak i\u00e7in d\u00fczenli bir lik\u00f6r \u015fi\u015fesi \u00fcreticisi se\u00e7meniz gerekir.<\/p>\n<p>Vidal\u0131 kapakl\u0131 bu 750ml \u015feffaf cam \u015fi\u015felerimizle ilgileniyorsan\u0131z, l\u00fctfen bizimle ileti\u015fime ge\u00e7in. Size 24 saat i\u00e7inde cevap verece\u011fiz.<\/p>\n\n\t\t<\/div>\n\t<\/div>\n<\/div><\/div><\/div><\/div>\n<\/div>","protected":false},"excerpt":{"rendered":"<p>Cam yuvarlak \u015fekilli 750ml vidal\u0131 kapakl\u0131 \u015feffaf cam \u015fi\u015feler. Viski, Brendi, Votka vb. i\u00e7in s\u00fcper \u00e7akmakta\u015f\u0131 cam i\u015f\u00e7ili\u011fi sayesinde i\u00e7kinin g\u00fczel rengi ortaya \u00e7\u0131kar. Mantar\/Vidal\u0131 kapak mevcuttur.<\/p>\n<p>\u00d6zel 750ml \u0130spirto Cam \u015ei\u015fe Toptan Sat\u0131\u015f Detaylar\u0131:<\/p>\n<ul>\n<li>Referans: RS120<\/li>\n<li><strong>OEM \/ ODM Hizmeti sunulmaktad\u0131r. Adedi: 10000 adet (10000 ADET)<\/strong><\/li>\n<li>Kapak: Vidal\u0131 kapak\/Mantar<\/li>\n<li>Malzeme Y\u00fcksek Flint Cam<\/li>\n<li>Teslimat 3-7 G\u00fcn \u0130\u00e7inde \u00dccretsiz Numune Sunulur. 30 G\u00fcn \u0130\u00e7inde Toplu Sipari\u015f.<\/li>\n<li>\u00d6zellik: \u00c7evre dostu<\/li>\n<\/ul>","protected":false},"featured_media":4747,"comment_status":"open","ping_status":"closed","template":"","meta":[],"product_brand":[],"product_cat":[51,52,63],"product_tag":[],"class_list":{"0":"post-466","1":"product","2":"type-product","3":"status-publish","4":"has-post-thumbnail","6":"product_cat-700ml-glass-bottle","7":"product_cat-750ml-glass-bottle","8":"product_cat-liquor-bottle","9":"entry","10":"has-media","12":"first","13":"instock","14":"shipping-taxable","15":"product-type-simple"},"yoast_head":"<!-- This site is optimized with the Yoast SEO plugin v27.3 - https:\/\/yoast.com\/product\/yoast-seo-wordpress\/ -->\n<title>Clear Glass Bottles With Screw Caps | Wholesale Glass Liquor Bottle<\/title>\n<meta name=\"description\" content=\"Buy Clear Glass Bottles With Screw Caps From China Liquor Bottle Factory. 750ML Glass Liquot Bottle Wholesale In Cheap Price.\" \/>\n<meta name=\"robots\" content=\"index, follow, max-snippet:-1, max-image-preview:large, max-video-preview:-1\" \/>\n<link rel=\"canonical\" href=\"https:\/\/ruishengglassco.com\/product\/rs120clear-750ml-glass-bottles-with-screw-caps-wholesale\" \/>\n<meta property=\"og:locale\" content=\"tr_TR\" \/>\n<meta property=\"og:type\" content=\"article\" \/>\n<meta property=\"og:title\" content=\"Clear Glass Bottles With Screw Caps | Wholesale Glass Liquor Bottle\" \/>\n<meta property=\"og:description\" content=\"Buy Clear Glass Bottles With Screw Caps From China Liquor Bottle Factory. 750ML Glass Liquot Bottle Wholesale In Cheap Price.\" \/>\n<meta property=\"og:url\" content=\"https:\/\/ruishengglassco.com\/product\/rs120clear-750ml-glass-bottles-with-screw-caps-wholesale\" \/>\n<meta property=\"og:site_name\" content=\"Glass Bottle Wholesale\" \/>\n<meta property=\"article:modified_time\" content=\"2025-07-10T03:08:31+00:00\" \/>\n<meta property=\"og:image\" content=\"https:\/\/glassbottlewholesale.com\/wp-content\/uploads\/2024\/04\/glass-bottle-manufacturing11-1.png\" \/>\n\t<meta property=\"og:image:width\" content=\"800\" \/>\n\t<meta property=\"og:image:height\" content=\"800\" \/>\n\t<meta property=\"og:image:type\" content=\"image\/png\" \/>\n<meta name=\"twitter:card\" content=\"summary_large_image\" \/>\n<meta name=\"twitter:label1\" content=\"Tahmini okuma s\u00fcresi\" \/>\n\t<meta name=\"twitter:data1\" content=\"2 dakika\" \/>\n<script type=\"application\/ld+json\" class=\"yoast-schema-graph\">{\"@context\":\"https:\\\/\\\/schema.org\",\"@graph\":[{\"@type\":\"WebPage\",\"@id\":\"https:\\\/\\\/glassbottlewholesale.com\\\/wholesale-clear-750ml-glass-bottles-with-screw-caps\\\/\",\"url\":\"https:\\\/\\\/ruishengglassco.com\\\/product\\\/rs120clear-750ml-glass-bottles-with-screw-caps-wholesale\",\"name\":\"Clear Glass Bottles With Screw Caps | Wholesale Glass Liquor Bottle\",\"isPartOf\":{\"@id\":\"https:\\\/\\\/glassbottlewholesale.com\\\/#website\"},\"primaryImageOfPage\":{\"@id\":\"https:\\\/\\\/ruishengglassco.com\\\/product\\\/rs120clear-750ml-glass-bottles-with-screw-caps-wholesale#primaryimage\"},\"image\":{\"@id\":\"https:\\\/\\\/ruishengglassco.com\\\/product\\\/rs120clear-750ml-glass-bottles-with-screw-caps-wholesale#primaryimage\"},\"thumbnailUrl\":\"https:\\\/\\\/glassbottlewholesale.com\\\/wp-content\\\/uploads\\\/2024\\\/04\\\/glass-bottle-manufacturing11-1.png\",\"datePublished\":\"2019-10-14T13:53:43+00:00\",\"dateModified\":\"2025-07-10T03:08:31+00:00\",\"description\":\"Buy Clear Glass Bottles With Screw Caps From China Liquor Bottle Factory. 750ML Glass Liquot Bottle Wholesale In Cheap Price.\",\"breadcrumb\":{\"@id\":\"https:\\\/\\\/ruishengglassco.com\\\/product\\\/rs120clear-750ml-glass-bottles-with-screw-caps-wholesale#breadcrumb\"},\"inLanguage\":\"tr\",\"potentialAction\":[{\"@type\":\"ReadAction\",\"target\":[\"https:\\\/\\\/ruishengglassco.com\\\/product\\\/rs120clear-750ml-glass-bottles-with-screw-caps-wholesale\"]}]},{\"@type\":\"ImageObject\",\"inLanguage\":\"tr\",\"@id\":\"https:\\\/\\\/ruishengglassco.com\\\/product\\\/rs120clear-750ml-glass-bottles-with-screw-caps-wholesale#primaryimage\",\"url\":\"https:\\\/\\\/glassbottlewholesale.com\\\/wp-content\\\/uploads\\\/2024\\\/04\\\/glass-bottle-manufacturing11-1.png\",\"contentUrl\":\"https:\\\/\\\/glassbottlewholesale.com\\\/wp-content\\\/uploads\\\/2024\\\/04\\\/glass-bottle-manufacturing11-1.png\",\"width\":800,\"height\":800,\"caption\":\"RS120:Clear 750ml Glass Bottles With Screw Caps Wholesale\"},{\"@type\":\"BreadcrumbList\",\"@id\":\"https:\\\/\\\/ruishengglassco.com\\\/product\\\/rs120clear-750ml-glass-bottles-with-screw-caps-wholesale#breadcrumb\",\"itemListElement\":[{\"@type\":\"ListItem\",\"position\":1,\"name\":\"Home\",\"item\":\"https:\\\/\\\/glassbottlewholesale.com\\\/\"},{\"@type\":\"ListItem\",\"position\":2,\"name\":\"Products\",\"item\":\"https:\\\/\\\/glassbottlewholesale.com\\\/shop\\\/\"},{\"@type\":\"ListItem\",\"position\":3,\"name\":\"RS120:Clear 750ml Glass Bottles With Screw Caps Wholesale\"}]},{\"@type\":\"WebSite\",\"@id\":\"https:\\\/\\\/glassbottlewholesale.com\\\/#website\",\"url\":\"https:\\\/\\\/glassbottlewholesale.com\\\/\",\"name\":\"Glass Bottle Wholesale\",\"description\":\"\",\"publisher\":{\"@id\":\"https:\\\/\\\/glassbottlewholesale.com\\\/#organization\"},\"potentialAction\":[{\"@type\":\"SearchAction\",\"target\":{\"@type\":\"EntryPoint\",\"urlTemplate\":\"https:\\\/\\\/glassbottlewholesale.com\\\/?s={search_term_string}\"},\"query-input\":{\"@type\":\"PropertyValueSpecification\",\"valueRequired\":true,\"valueName\":\"search_term_string\"}}],\"inLanguage\":\"tr\"},{\"@type\":\"Organization\",\"@id\":\"https:\\\/\\\/glassbottlewholesale.com\\\/#organization\",\"name\":\"Glass Bottle Wholesale\",\"url\":\"https:\\\/\\\/glassbottlewholesale.com\\\/\",\"logo\":{\"@type\":\"ImageObject\",\"inLanguage\":\"tr\",\"@id\":\"https:\\\/\\\/glassbottlewholesale.com\\\/#\\\/schema\\\/logo\\\/image\\\/\",\"url\":\"https:\\\/\\\/glassbottlewholesale.com\\\/wp-content\\\/uploads\\\/2023\\\/12\\\/ruisheng-logo.webp\",\"contentUrl\":\"https:\\\/\\\/glassbottlewholesale.com\\\/wp-content\\\/uploads\\\/2023\\\/12\\\/ruisheng-logo.webp\",\"width\":400,\"height\":233,\"caption\":\"Glass Bottle Wholesale\"},\"image\":{\"@id\":\"https:\\\/\\\/glassbottlewholesale.com\\\/#\\\/schema\\\/logo\\\/image\\\/\"}}]}<\/script>\n<!-- \/ Yoast SEO plugin. -->","yoast_head_json":{"title":"Vidal\u0131 Kapakl\u0131 \u015eeffaf Cam \u015ei\u015feler | Toptan Cam Lik\u00f6r \u015ei\u015fesi","description":"\u00c7in Lik\u00f6r \u015ei\u015fesi Fabrikas\u0131ndan Vidal\u0131 Kapakl\u0131 \u015eeffaf Cam \u015ei\u015feler Sat\u0131n Al\u0131n. 750ML Cam Lik\u00f6r \u015ei\u015fesi Ucuz Fiyata Toptan Sat\u0131\u015f.","robots":{"index":"index","follow":"follow","max-snippet":"max-snippet:-1","max-image-preview":"max-image-preview:large","max-video-preview":"max-video-preview:-1"},"canonical":"https:\/\/ruishengglassco.com\/product\/rs120clear-750ml-glass-bottles-with-screw-caps-wholesale","og_locale":"tr_TR","og_type":"article","og_title":"Clear Glass Bottles With Screw Caps | Wholesale Glass Liquor Bottle","og_description":"Buy Clear Glass Bottles With Screw Caps From China Liquor Bottle Factory. 750ML Glass Liquot Bottle Wholesale In Cheap Price.","og_url":"https:\/\/ruishengglassco.com\/product\/rs120clear-750ml-glass-bottles-with-screw-caps-wholesale","og_site_name":"Glass Bottle Wholesale","article_modified_time":"2025-07-10T03:08:31+00:00","og_image":[{"width":800,"height":800,"url":"https:\/\/glassbottlewholesale.com\/wp-content\/uploads\/2024\/04\/glass-bottle-manufacturing11-1.png","type":"image\/png"}],"twitter_card":"summary_large_image","twitter_misc":{"Tahmini okuma s\u00fcresi":"2 dakika"},"schema":{"@context":"https:\/\/schema.org","@graph":[{"@type":"WebPage","@id":"https:\/\/glassbottlewholesale.com\/wholesale-clear-750ml-glass-bottles-with-screw-caps\/","url":"https:\/\/ruishengglassco.com\/product\/rs120clear-750ml-glass-bottles-with-screw-caps-wholesale","name":"Vidal\u0131 Kapakl\u0131 \u015eeffaf Cam \u015ei\u015feler | Toptan Cam Lik\u00f6r \u015ei\u015fesi","isPartOf":{"@id":"https:\/\/glassbottlewholesale.com\/#website"},"primaryImageOfPage":{"@id":"https:\/\/ruishengglassco.com\/product\/rs120clear-750ml-glass-bottles-with-screw-caps-wholesale#primaryimage"},"image":{"@id":"https:\/\/ruishengglassco.com\/product\/rs120clear-750ml-glass-bottles-with-screw-caps-wholesale#primaryimage"},"thumbnailUrl":"https:\/\/glassbottlewholesale.com\/wp-content\/uploads\/2024\/04\/glass-bottle-manufacturing11-1.png","datePublished":"2019-10-14T13:53:43+00:00","dateModified":"2025-07-10T03:08:31+00:00","description":"\u00c7in Lik\u00f6r \u015ei\u015fesi Fabrikas\u0131ndan Vidal\u0131 Kapakl\u0131 \u015eeffaf Cam \u015ei\u015feler Sat\u0131n Al\u0131n. 750ML Cam Lik\u00f6r \u015ei\u015fesi Ucuz Fiyata Toptan Sat\u0131\u015f.","breadcrumb":{"@id":"https:\/\/ruishengglassco.com\/product\/rs120clear-750ml-glass-bottles-with-screw-caps-wholesale#breadcrumb"},"inLanguage":"tr","potentialAction":[{"@type":"ReadAction","target":["https:\/\/ruishengglassco.com\/product\/rs120clear-750ml-glass-bottles-with-screw-caps-wholesale"]}]},{"@type":"ImageObject","inLanguage":"tr","@id":"https:\/\/ruishengglassco.com\/product\/rs120clear-750ml-glass-bottles-with-screw-caps-wholesale#primaryimage","url":"https:\/\/glassbottlewholesale.com\/wp-content\/uploads\/2024\/04\/glass-bottle-manufacturing11-1.png","contentUrl":"https:\/\/glassbottlewholesale.com\/wp-content\/uploads\/2024\/04\/glass-bottle-manufacturing11-1.png","width":800,"height":800,"caption":"RS120:Clear 750ml Glass Bottles With Screw Caps Wholesale"},{"@type":"BreadcrumbList","@id":"https:\/\/ruishengglassco.com\/product\/rs120clear-750ml-glass-bottles-with-screw-caps-wholesale#breadcrumb","itemListElement":[{"@type":"ListItem","position":1,"name":"Home","item":"https:\/\/glassbottlewholesale.com\/"},{"@type":"ListItem","position":2,"name":"Products","item":"https:\/\/glassbottlewholesale.com\/shop\/"},{"@type":"ListItem","position":3,"name":"RS120:Clear 750ml Glass Bottles With Screw Caps Wholesale"}]},{"@type":"WebSite","@id":"https:\/\/glassbottlewholesale.com\/#website","url":"https:\/\/glassbottlewholesale.com\/","name":"Glass Bottle Wholesale","description":"","publisher":{"@id":"https:\/\/glassbottlewholesale.com\/#organization"},"potentialAction":[{"@type":"SearchAction","target":{"@type":"EntryPoint","urlTemplate":"https:\/\/glassbottlewholesale.com\/?s={search_term_string}"},"query-input":{"@type":"PropertyValueSpecification","valueRequired":true,"valueName":"search_term_string"}}],"inLanguage":"tr"},{"@type":"Organization","@id":"https:\/\/glassbottlewholesale.com\/#organization","name":"Glass Bottle Wholesale","url":"https:\/\/glassbottlewholesale.com\/","logo":{"@type":"ImageObject","inLanguage":"tr","@id":"https:\/\/glassbottlewholesale.com\/#\/schema\/logo\/image\/","url":"https:\/\/glassbottlewholesale.com\/wp-content\/uploads\/2023\/12\/ruisheng-logo.webp","contentUrl":"https:\/\/glassbottlewholesale.com\/wp-content\/uploads\/2023\/12\/ruisheng-logo.webp","width":400,"height":233,"caption":"Glass Bottle Wholesale"},"image":{"@id":"https:\/\/glassbottlewholesale.com\/#\/schema\/logo\/image\/"}}]}},"_links":{"self":[{"href":"https:\/\/glassbottlewholesale.com\/tr\/wp-json\/wp\/v2\/product\/466","targetHints":{"allow":["GET"]}}],"collection":[{"href":"https:\/\/glassbottlewholesale.com\/tr\/wp-json\/wp\/v2\/product"}],"about":[{"href":"https:\/\/glassbottlewholesale.com\/tr\/wp-json\/wp\/v2\/types\/product"}],"replies":[{"embeddable":true,"href":"https:\/\/glassbottlewholesale.com\/tr\/wp-json\/wp\/v2\/comments?post=466"}],"wp:featuredmedia":[{"embeddable":true,"href":"https:\/\/glassbottlewholesale.com\/tr\/wp-json\/wp\/v2\/media\/4747"}],"wp:attachment":[{"href":"https:\/\/glassbottlewholesale.com\/tr\/wp-json\/wp\/v2\/media?parent=466"}],"wp:term":[{"taxonomy":"product_brand","embeddable":true,"href":"https:\/\/glassbottlewholesale.com\/tr\/wp-json\/wp\/v2\/product_brand?post=466"},{"taxonomy":"product_cat","embeddable":true,"href":"https:\/\/glassbottlewholesale.com\/tr\/wp-json\/wp\/v2\/product_cat?post=466"},{"taxonomy":"product_tag","embeddable":true,"href":"https:\/\/glassbottlewholesale.com\/tr\/wp-json\/wp\/v2\/product_tag?post=466"}],"curies":[{"name":"wp","href":"https:\/\/api.w.org\/{rel}","templated":true}]}}