{"id":468,"date":"2019-10-14T14:13:41","date_gmt":"2019-10-14T14:13:41","guid":{"rendered":"https:\/\/queenchingglass.com\/?post_type=product&#038;p=468"},"modified":"2025-07-10T00:58:17","modified_gmt":"2025-07-10T00:58:17","slug":"ozel-750ml-kare-cam-siseler-toptan","status":"publish","type":"product","link":"https:\/\/glassbottlewholesale.com\/tr\/ozel-750ml-kare-cam-siseler-toptan\/","title":{"rendered":"RS115: \u00d6zel 750ml Kare Cam \u015ei\u015feler Toptan Sat\u0131\u015f"},"content":{"rendered":"<div class=\"wpb-content-wrapper\"><div class=\"vc_row wpb_row vc_row-fluid\"><div class=\"wpb_column vc_column_container vc_col-sm-12\"><div class=\"vc_column-inner\"><div class=\"wpb_wrapper\">\n\t<div class=\"wpb_text_column wpb_content_element\" >\n\t\t<div class=\"wpb_wrapper\">\n\t\t\t<h4>\u00d6zel Yap\u0131lm\u0131\u015f 750ml Kare Cam \u015ei\u015feler Toptan Sat\u0131\u015f<\/h4>\n<p>Fabrikam\u0131z Shandong, \u00c7in'de bulunmaktad\u0131r. Geni\u015f bir alan\u0131 kaplamaktad\u0131r, bu y\u00fczden 500'den fazla i\u015f\u00e7imiz var. Firmam\u0131z geli\u015fmi\u015f ekipmanlara sahiptir, \u00f6zelle\u015ftirilmi\u015f lik\u00f6r \u015fi\u015fesinin kalitesini garanti edebiliriz.<\/p>\n<p>\u00d6zelle\u015ftirilmi\u015f lik\u00f6r \u015fi\u015fesi, \u015firketimizdeki y\u00fcksek kaliteli projelerden biridir. Ba\u015fl\u0131ca \u00fcr\u00fcnlerimiz votka \u015fi\u015feleri, brendi \u015fi\u015feleri, viski \u015fi\u015feleri, lik\u00f6r \u015fi\u015feleri, re\u00e7el \u015fi\u015fesi ve benzeri gibi \u00fcst s\u0131n\u0131f cam \u015fi\u015felerdir. Ayr\u0131ca kehribar cam \u015fi\u015feler, ye\u015fil \u015fi\u015feler ve su \u015fi\u015feleri de sunabiliriz.<\/p>\n<p>Firmam\u0131z her zaman \u00f6nce kalite konusunda \u0131srar ediyor ve 750ml kare lik\u00f6r \u015fi\u015feleri toptan sat\u0131\u015f s\u00fcrecinde kurallara kesinlikle uyuyoruz. m\u00fckemmel \u015farap cam \u015fi\u015fesini yapabilece\u011fimizi garanti edebiliriz.<\/p>\n<p><span class=\"tran\" data-group=\"0_0\">Bizim<\/span> \u00f6zelle\u015ftirilmi\u015f lik\u00f6r \u015fi\u015fesi <span class=\"tran\" data-group=\"2_2\">sat\u0131yor<\/span>\u00a0iyi\u00a0<span class=\"tran\" data-group=\"3_3\">yurti\u00e7inde ve yurtd\u0131\u015f\u0131nda<\/span>. \u0130\u00e7tenlikle bekliyoruz\u00a0<span class=\"tran\" data-group=\"6_7_4\">ile i\u015fbirli\u011fi<\/span>\u00a0<span class=\"tran\" data-group=\"4_5\">sen<\/span>. Ayr\u0131ca birinci s\u0131n\u0131f sat\u0131\u015f sonras\u0131 hizmetimiz var, kargo probleminizi \u00e7\u00f6zece\u011fiz.<\/p>\n<h4>Details About \u00d6zel 750ml Cam \u015ei\u015fe Toptan Sat\u0131\u015f<\/h4>\n<ul>\n<li>Ana malzeme: y\u00fcksek \u00e7akmakta\u015f\u0131 cam<\/li>\n<li>Kapak: vidal\u0131 kapak<\/li>\n<li>Referans: RS115<\/li>\n<li>ADEDI: 10000 ADET<\/li>\n<li>Kapasite: 750ml<\/li>\n<li>Adet\/Ctn: 24 adet<\/li>\n<li>Yerin k\u00f6keni: Shandong, \u00c7in<\/li>\n<li>\u00d6zellik: \u00c7evre dostu<\/li>\n<\/ul>\n<p>Bu 750ml kare lik\u00f6r \u015fi\u015fesini be\u011fenmediyseniz di\u011fer \u00fcr\u00fcnlerimize bakabilirsiniz, geni\u015f bir \u00fcr\u00fcn yelpazemiz var, be\u011fendi\u011finizi se\u00e7ebilirsiniz.<\/p>\n<p>\u015eirketimiz s\u0131k s\u0131k yurti\u00e7i ve yurtd\u0131\u015f\u0131ndaki fuarlara kat\u0131lmaktad\u0131r, bu nedenle pazar\u0131m\u0131z geni\u015ftir. Bu <span class=\"tran\" data-group=\"1_0\">olur<\/span>\u00a0olmak\u00a0<span class=\"tran\" data-group=\"0_1\">bizim<\/span>\u00a0<span class=\"tran\" data-group=\"2_2\">zevk<\/span>\u00a0<span class=\"tran\" data-group=\"3_3\">i\u00e7in<\/span>\u00a0koy\u00a0<span class=\"tran\" data-group=\"4_4\">bizim<\/span>\u00a0<span class=\"tran\" data-group=\"5_5\">kapsaml\u0131<\/span>\u00a0<span class=\"tran\" data-group=\"6_6\">deneyim<\/span>\u00a0i\u00e7in\u00a0<span class=\"tran\" data-group=\"9_7\">i\u015f<\/span>\u00a0<span class=\"tran\" data-group=\"7_8\">i\u00e7in<\/span>\u00a0<span class=\"tran\" data-group=\"8_9\">sen<\/span>. <span class=\"tran\" data-group=\"0_0\">Biz<\/span>\u00a0<span class=\"tran\" data-group=\"1_1\">i\u00e7tenlikle<\/span>\u00a0<span class=\"tran\" data-group=\"2_2\">Ho\u015f geldiniz<\/span>\u00a0<span class=\"tran\" data-group=\"6_3\">m\u00fc\u015fteriler<\/span>\u00a0<span class=\"tran\" data-group=\"3_4\">itibaren<\/span>\u00a0<span class=\"tran\" data-group=\"5_5\">her yerde<\/span>\u00a0<span class=\"tran\" data-group=\"4_6\">d\u00fcnya<\/span>\u00a0i\u00e7in\u00a0<span class=\"tran\" data-group=\"7_7\">gel<\/span>\u00a0i\u00e7in\u00a0<span class=\"tran\" data-group=\"8_8\">bizim<\/span>\u00a0<span class=\"tran\" data-group=\"9_9\">Fabrika<\/span>\u00a0i\u00e7in\u00a0<span class=\"tran\" data-group=\"10_10\">ziyaret<\/span>\u00a0ve\u00a0<span class=\"tran\" data-group=\"11_11\">i\u015fbirli\u011fi<\/span>.<\/p>\n<p>Umar\u0131m cam \u015fi\u015felerimizi be\u011fenirsiniz, \u00f6zel cam \u015fi\u015feleri de kabul ediyoruz.<\/p>\n<p>Bu \u00d6zel yap\u0131m \u015fi\u015felerimizle ilgileniyorsan\u0131z 750ml kare lik\u00f6r \u015fi\u015fesi, l\u00fctfen <a href=\"https:\/\/ruishengglassco.com\/contact\">Bize ula\u015f\u0131n<\/a>. Size 24 saat i\u00e7inde cevap verece\u011fiz.<\/p>\n\n\t\t<\/div>\n\t<\/div>\n<\/div><\/div><\/div><\/div>\n<\/div>","protected":false},"excerpt":{"rendered":"<table class=\"tg\">\n<tbody>\n<tr>\n<th class=\"tg-24i8\" colspan=\"2\">\u00d6zel Yap\u0131m \u015ei\u015feler 750ml Kare Lik\u00f6r \u015ei\u015fesi<\/th>\n<\/tr>\n<tr>\n<td class=\"tg-b7b8\">Referans:<\/td>\n<td class=\"tg-b7b8\">RS115<\/td>\n<\/tr>\n<tr>\n<td class=\"tg-yw4l\">Ana malzeme:<\/td>\n<td class=\"tg-yw4l\">Y\u00fcksek \u00e7akmakta\u015f\u0131 cam<\/td>\n<\/tr>\n<tr>\n<td class=\"tg-b7b8\">Kaptan:<\/td>\n<td class=\"tg-b7b8\">Vidal\u0131 Kapak<\/td>\n<\/tr>\n<tr>\n<td class=\"tg-yw4l\">Kapasite:<\/td>\n<td class=\"tg-yw4l\">750ml<\/td>\n<\/tr>\n<tr>\n<td class=\"tg-b7b8\">\u00d6zellik:<\/td>\n<td class=\"tg-b7b8\">\u00c7evre dostu<\/td>\n<\/tr>\n<tr>\n<td class=\"tg-yw4l\">ADEDI:<\/td>\n<td class=\"tg-yw4l\">10000 ADET<\/td>\n<\/tr>\n<tr>\n<td class=\"tg-b7b8\">Nakliye yolu:<\/td>\n<td class=\"tg-b7b8\">Gemi, Ekspres<\/td>\n<\/tr>\n<tr>\n<td class=\"tg-yw4l\">OEM\/ODM:<\/td>\n<td class=\"tg-yw4l\">Ho\u015f geldiniz<\/td>\n<\/tr>\n<tr>\n<td class=\"tg-b7b8\">Yerin k\u00f6keni:<\/td>\n<td class=\"tg-b7b8\">Shandong, \u00c7in<\/td>\n<\/tr>\n<tr>\n<td class=\"tg-yw4l\">Adet\/Ktn:<\/td>\n<td class=\"tg-yw4l\">24 adet veya 20 adet<\/td>\n<\/tr>\n<\/tbody>\n<\/table>","protected":false},"featured_media":4770,"comment_status":"open","ping_status":"closed","template":"","meta":[],"product_brand":[],"product_cat":[52,55,63],"product_tag":[],"class_list":{"0":"post-468","1":"product","2":"type-product","3":"status-publish","4":"has-post-thumbnail","6":"product_cat-750ml-glass-bottle","7":"product_cat-custom-glass-bottle","8":"product_cat-liquor-bottle","9":"entry","10":"has-media","12":"first","13":"instock","14":"shipping-taxable","15":"product-type-simple"},"yoast_head":"<!-- This site is optimized with the Yoast SEO plugin v27.3 - https:\/\/yoast.com\/product\/yoast-seo-wordpress\/ -->\n<title>750ml Square Glass Bottles Wholesale|Customized Liquor Bottle Company<\/title>\n<meta name=\"description\" content=\"Buy 750ml Square Glass Bottles Wholesale From China Liquor Bottle Company. Factory Outlet&amp;Customized Service Offered. Free Sample Here.\" \/>\n<meta name=\"robots\" content=\"index, follow, max-snippet:-1, max-image-preview:large, max-video-preview:-1\" \/>\n<link rel=\"canonical\" href=\"https:\/\/ruishengglassco.com\/product\/rs115-custom-750ml-square-glass-bottles-manufacturers\" \/>\n<meta property=\"og:locale\" content=\"tr_TR\" \/>\n<meta property=\"og:type\" content=\"article\" \/>\n<meta property=\"og:title\" content=\"750ml Square Glass Bottles Wholesale|Customized Liquor Bottle Company\" \/>\n<meta property=\"og:description\" content=\"Buy 750ml Square Glass Bottles Wholesale From China Liquor Bottle Company. Factory Outlet&amp;Customized Service Offered. Free Sample Here.\" \/>\n<meta property=\"og:url\" content=\"https:\/\/ruishengglassco.com\/product\/rs115-custom-750ml-square-glass-bottles-manufacturers\" \/>\n<meta property=\"og:site_name\" content=\"Glass Bottle Wholesale\" \/>\n<meta property=\"article:modified_time\" content=\"2025-07-10T00:58:17+00:00\" \/>\n<meta property=\"og:image\" content=\"https:\/\/glassbottlewholesale.com\/wp-content\/uploads\/2024\/04\/glass-bottle-manufacturing20-1.png\" \/>\n\t<meta property=\"og:image:width\" content=\"800\" \/>\n\t<meta property=\"og:image:height\" content=\"800\" \/>\n\t<meta property=\"og:image:type\" content=\"image\/png\" \/>\n<meta name=\"twitter:card\" content=\"summary_large_image\" \/>\n<meta name=\"twitter:label1\" content=\"Tahmini okuma s\u00fcresi\" \/>\n\t<meta name=\"twitter:data1\" content=\"2 dakika\" \/>\n<script type=\"application\/ld+json\" class=\"yoast-schema-graph\">{\"@context\":\"https:\\\/\\\/schema.org\",\"@graph\":[{\"@type\":\"WebPage\",\"@id\":\"https:\\\/\\\/glassbottlewholesale.com\\\/custom-750ml-square-glass-bottles-wholesale\\\/\",\"url\":\"https:\\\/\\\/ruishengglassco.com\\\/product\\\/rs115-custom-750ml-square-glass-bottles-manufacturers\",\"name\":\"750ml Square Glass Bottles Wholesale|Customized Liquor Bottle Company\",\"isPartOf\":{\"@id\":\"https:\\\/\\\/glassbottlewholesale.com\\\/#website\"},\"primaryImageOfPage\":{\"@id\":\"https:\\\/\\\/ruishengglassco.com\\\/product\\\/rs115-custom-750ml-square-glass-bottles-manufacturers#primaryimage\"},\"image\":{\"@id\":\"https:\\\/\\\/ruishengglassco.com\\\/product\\\/rs115-custom-750ml-square-glass-bottles-manufacturers#primaryimage\"},\"thumbnailUrl\":\"https:\\\/\\\/glassbottlewholesale.com\\\/wp-content\\\/uploads\\\/2024\\\/04\\\/glass-bottle-manufacturing20-1.png\",\"datePublished\":\"2019-10-14T14:13:41+00:00\",\"dateModified\":\"2025-07-10T00:58:17+00:00\",\"description\":\"Buy 750ml Square Glass Bottles Wholesale From China Liquor Bottle Company. Factory Outlet&Customized Service Offered. Free Sample Here.\",\"breadcrumb\":{\"@id\":\"https:\\\/\\\/ruishengglassco.com\\\/product\\\/rs115-custom-750ml-square-glass-bottles-manufacturers#breadcrumb\"},\"inLanguage\":\"tr\",\"potentialAction\":[{\"@type\":\"ReadAction\",\"target\":[\"https:\\\/\\\/ruishengglassco.com\\\/product\\\/rs115-custom-750ml-square-glass-bottles-manufacturers\"]}]},{\"@type\":\"ImageObject\",\"inLanguage\":\"tr\",\"@id\":\"https:\\\/\\\/ruishengglassco.com\\\/product\\\/rs115-custom-750ml-square-glass-bottles-manufacturers#primaryimage\",\"url\":\"https:\\\/\\\/glassbottlewholesale.com\\\/wp-content\\\/uploads\\\/2024\\\/04\\\/glass-bottle-manufacturing20-1.png\",\"contentUrl\":\"https:\\\/\\\/glassbottlewholesale.com\\\/wp-content\\\/uploads\\\/2024\\\/04\\\/glass-bottle-manufacturing20-1.png\",\"width\":800,\"height\":800,\"caption\":\"RS115: Custom 750ml Square Glass Bottles Wholesale\"},{\"@type\":\"BreadcrumbList\",\"@id\":\"https:\\\/\\\/ruishengglassco.com\\\/product\\\/rs115-custom-750ml-square-glass-bottles-manufacturers#breadcrumb\",\"itemListElement\":[{\"@type\":\"ListItem\",\"position\":1,\"name\":\"Home\",\"item\":\"https:\\\/\\\/glassbottlewholesale.com\\\/\"},{\"@type\":\"ListItem\",\"position\":2,\"name\":\"Products\",\"item\":\"https:\\\/\\\/glassbottlewholesale.com\\\/shop\\\/\"},{\"@type\":\"ListItem\",\"position\":3,\"name\":\"RS115: Custom 750ml Square Glass Bottles Wholesale\"}]},{\"@type\":\"WebSite\",\"@id\":\"https:\\\/\\\/glassbottlewholesale.com\\\/#website\",\"url\":\"https:\\\/\\\/glassbottlewholesale.com\\\/\",\"name\":\"Glass Bottle Wholesale\",\"description\":\"\",\"publisher\":{\"@id\":\"https:\\\/\\\/glassbottlewholesale.com\\\/#organization\"},\"potentialAction\":[{\"@type\":\"SearchAction\",\"target\":{\"@type\":\"EntryPoint\",\"urlTemplate\":\"https:\\\/\\\/glassbottlewholesale.com\\\/?s={search_term_string}\"},\"query-input\":{\"@type\":\"PropertyValueSpecification\",\"valueRequired\":true,\"valueName\":\"search_term_string\"}}],\"inLanguage\":\"tr\"},{\"@type\":\"Organization\",\"@id\":\"https:\\\/\\\/glassbottlewholesale.com\\\/#organization\",\"name\":\"Glass Bottle Wholesale\",\"url\":\"https:\\\/\\\/glassbottlewholesale.com\\\/\",\"logo\":{\"@type\":\"ImageObject\",\"inLanguage\":\"tr\",\"@id\":\"https:\\\/\\\/glassbottlewholesale.com\\\/#\\\/schema\\\/logo\\\/image\\\/\",\"url\":\"https:\\\/\\\/glassbottlewholesale.com\\\/wp-content\\\/uploads\\\/2023\\\/12\\\/ruisheng-logo.webp\",\"contentUrl\":\"https:\\\/\\\/glassbottlewholesale.com\\\/wp-content\\\/uploads\\\/2023\\\/12\\\/ruisheng-logo.webp\",\"width\":400,\"height\":233,\"caption\":\"Glass Bottle Wholesale\"},\"image\":{\"@id\":\"https:\\\/\\\/glassbottlewholesale.com\\\/#\\\/schema\\\/logo\\\/image\\\/\"}}]}<\/script>\n<!-- \/ Yoast SEO plugin. -->","yoast_head_json":{"title":"750ml Kare Cam \u015ei\u015feler Toptan Sat\u0131\u015f | \u00d6zelle\u015ftirilmi\u015f Lik\u00f6r \u015ei\u015fesi \u015eirketi","description":"\u00c7in Lik\u00f6r \u015ei\u015fesi \u015eirketinden Toptan 750ml Kare Cam \u015ei\u015feler Sat\u0131n Al\u0131n. Fabrika Sat\u0131\u015f Ma\u011fazas\u0131 ve \u00d6zelle\u015ftirilmi\u015f Hizmet Sunuldu. Burada \u00dccretsiz \u00d6rnek.","robots":{"index":"index","follow":"follow","max-snippet":"max-snippet:-1","max-image-preview":"max-image-preview:large","max-video-preview":"max-video-preview:-1"},"canonical":"https:\/\/ruishengglassco.com\/product\/rs115-custom-750ml-square-glass-bottles-manufacturers","og_locale":"tr_TR","og_type":"article","og_title":"750ml Square Glass Bottles Wholesale|Customized Liquor Bottle Company","og_description":"Buy 750ml Square Glass Bottles Wholesale From China Liquor Bottle Company. Factory Outlet&Customized Service Offered. Free Sample Here.","og_url":"https:\/\/ruishengglassco.com\/product\/rs115-custom-750ml-square-glass-bottles-manufacturers","og_site_name":"Glass Bottle Wholesale","article_modified_time":"2025-07-10T00:58:17+00:00","og_image":[{"width":800,"height":800,"url":"https:\/\/glassbottlewholesale.com\/wp-content\/uploads\/2024\/04\/glass-bottle-manufacturing20-1.png","type":"image\/png"}],"twitter_card":"summary_large_image","twitter_misc":{"Tahmini okuma s\u00fcresi":"2 dakika"},"schema":{"@context":"https:\/\/schema.org","@graph":[{"@type":"WebPage","@id":"https:\/\/glassbottlewholesale.com\/custom-750ml-square-glass-bottles-wholesale\/","url":"https:\/\/ruishengglassco.com\/product\/rs115-custom-750ml-square-glass-bottles-manufacturers","name":"750ml Kare Cam \u015ei\u015feler Toptan Sat\u0131\u015f | \u00d6zelle\u015ftirilmi\u015f Lik\u00f6r \u015ei\u015fesi \u015eirketi","isPartOf":{"@id":"https:\/\/glassbottlewholesale.com\/#website"},"primaryImageOfPage":{"@id":"https:\/\/ruishengglassco.com\/product\/rs115-custom-750ml-square-glass-bottles-manufacturers#primaryimage"},"image":{"@id":"https:\/\/ruishengglassco.com\/product\/rs115-custom-750ml-square-glass-bottles-manufacturers#primaryimage"},"thumbnailUrl":"https:\/\/glassbottlewholesale.com\/wp-content\/uploads\/2024\/04\/glass-bottle-manufacturing20-1.png","datePublished":"2019-10-14T14:13:41+00:00","dateModified":"2025-07-10T00:58:17+00:00","description":"\u00c7in Lik\u00f6r \u015ei\u015fesi \u015eirketinden Toptan 750ml Kare Cam \u015ei\u015feler Sat\u0131n Al\u0131n. Fabrika Sat\u0131\u015f Ma\u011fazas\u0131 ve \u00d6zelle\u015ftirilmi\u015f Hizmet Sunuldu. Burada \u00dccretsiz \u00d6rnek.","breadcrumb":{"@id":"https:\/\/ruishengglassco.com\/product\/rs115-custom-750ml-square-glass-bottles-manufacturers#breadcrumb"},"inLanguage":"tr","potentialAction":[{"@type":"ReadAction","target":["https:\/\/ruishengglassco.com\/product\/rs115-custom-750ml-square-glass-bottles-manufacturers"]}]},{"@type":"ImageObject","inLanguage":"tr","@id":"https:\/\/ruishengglassco.com\/product\/rs115-custom-750ml-square-glass-bottles-manufacturers#primaryimage","url":"https:\/\/glassbottlewholesale.com\/wp-content\/uploads\/2024\/04\/glass-bottle-manufacturing20-1.png","contentUrl":"https:\/\/glassbottlewholesale.com\/wp-content\/uploads\/2024\/04\/glass-bottle-manufacturing20-1.png","width":800,"height":800,"caption":"RS115: Custom 750ml Square Glass Bottles Wholesale"},{"@type":"BreadcrumbList","@id":"https:\/\/ruishengglassco.com\/product\/rs115-custom-750ml-square-glass-bottles-manufacturers#breadcrumb","itemListElement":[{"@type":"ListItem","position":1,"name":"Home","item":"https:\/\/glassbottlewholesale.com\/"},{"@type":"ListItem","position":2,"name":"Products","item":"https:\/\/glassbottlewholesale.com\/shop\/"},{"@type":"ListItem","position":3,"name":"RS115: Custom 750ml Square Glass Bottles Wholesale"}]},{"@type":"WebSite","@id":"https:\/\/glassbottlewholesale.com\/#website","url":"https:\/\/glassbottlewholesale.com\/","name":"Glass Bottle Wholesale","description":"","publisher":{"@id":"https:\/\/glassbottlewholesale.com\/#organization"},"potentialAction":[{"@type":"SearchAction","target":{"@type":"EntryPoint","urlTemplate":"https:\/\/glassbottlewholesale.com\/?s={search_term_string}"},"query-input":{"@type":"PropertyValueSpecification","valueRequired":true,"valueName":"search_term_string"}}],"inLanguage":"tr"},{"@type":"Organization","@id":"https:\/\/glassbottlewholesale.com\/#organization","name":"Glass Bottle Wholesale","url":"https:\/\/glassbottlewholesale.com\/","logo":{"@type":"ImageObject","inLanguage":"tr","@id":"https:\/\/glassbottlewholesale.com\/#\/schema\/logo\/image\/","url":"https:\/\/glassbottlewholesale.com\/wp-content\/uploads\/2023\/12\/ruisheng-logo.webp","contentUrl":"https:\/\/glassbottlewholesale.com\/wp-content\/uploads\/2023\/12\/ruisheng-logo.webp","width":400,"height":233,"caption":"Glass Bottle Wholesale"},"image":{"@id":"https:\/\/glassbottlewholesale.com\/#\/schema\/logo\/image\/"}}]}},"_links":{"self":[{"href":"https:\/\/glassbottlewholesale.com\/tr\/wp-json\/wp\/v2\/product\/468","targetHints":{"allow":["GET"]}}],"collection":[{"href":"https:\/\/glassbottlewholesale.com\/tr\/wp-json\/wp\/v2\/product"}],"about":[{"href":"https:\/\/glassbottlewholesale.com\/tr\/wp-json\/wp\/v2\/types\/product"}],"replies":[{"embeddable":true,"href":"https:\/\/glassbottlewholesale.com\/tr\/wp-json\/wp\/v2\/comments?post=468"}],"wp:featuredmedia":[{"embeddable":true,"href":"https:\/\/glassbottlewholesale.com\/tr\/wp-json\/wp\/v2\/media\/4770"}],"wp:attachment":[{"href":"https:\/\/glassbottlewholesale.com\/tr\/wp-json\/wp\/v2\/media?parent=468"}],"wp:term":[{"taxonomy":"product_brand","embeddable":true,"href":"https:\/\/glassbottlewholesale.com\/tr\/wp-json\/wp\/v2\/product_brand?post=468"},{"taxonomy":"product_cat","embeddable":true,"href":"https:\/\/glassbottlewholesale.com\/tr\/wp-json\/wp\/v2\/product_cat?post=468"},{"taxonomy":"product_tag","embeddable":true,"href":"https:\/\/glassbottlewholesale.com\/tr\/wp-json\/wp\/v2\/product_tag?post=468"}],"curies":[{"name":"wp","href":"https:\/\/api.w.org\/{rel}","templated":true}]}}