{"id":483,"date":"2019-10-15T12:29:40","date_gmt":"2019-10-15T12:29:40","guid":{"rendered":"https:\/\/queenchingglass.com\/?post_type=product&#038;p=483"},"modified":"2025-07-10T03:12:02","modified_gmt":"2025-07-10T03:12:02","slug":"cam-si%cc%87se-ureti%cc%87ci%cc%87leri%cc%87nden-ozel-i%cc%87cki%cc%87-si%cc%87sesi%cc%87","status":"publish","type":"product","link":"https:\/\/glassbottlewholesale.com\/tr\/cam-si%cc%87se-ureti%cc%87ci%cc%87leri%cc%87nden-ozel-i%cc%87cki%cc%87-si%cc%87sesi%cc%87\/","title":{"rendered":"RS108: Cam \u015ei\u015fe \u00dcreticilerinden \u00d6zel Lik\u00f6r \u015ei\u015fesi"},"content":{"rendered":"<div class=\"wpb-content-wrapper\"><div class=\"vc_row wpb_row vc_row-fluid\"><div class=\"wpb_column vc_column_container vc_col-sm-12\"><div class=\"vc_column-inner\"><div class=\"wpb_wrapper\">\n\t<div class=\"wpb_text_column wpb_content_element\" >\n\t\t<div class=\"wpb_wrapper\">\n\t\t\t<p>Shandong - Shandong Yuncheng Ruisheng Glass Co, Ltd'den en b\u00fcy\u00fck lik\u00f6r \u015fi\u015fesi \u00fcreticilerinden birinden toptan kapakl\u0131 bu 250ml \u00f6zel cam \u015fi\u015feler. Firmam\u0131z sanayi ve ticaret \u015firketidir. <a href=\"https:\/\/ruishengglassco.com\/glass-liquor-spirit-bottles\">lik\u00f6r cam \u015fi\u015fesi<\/a>Farkl\u0131 ruhlu cam \u015fi\u015feler yapabilir ve m\u00fc\u015fteriler i\u00e7in tek elden hizmet sunabiliriz.<\/p>\n<p>Mantarl\u0131 250ml \u00f6zel cam \u015fi\u015felerimiz kare \u015feklindedir.  Bu s\u0131v\u0131 cam \u015fi\u015feler votka, viski, su, ya\u011f ve di\u011fer lik\u00f6rler i\u00e7in kullan\u0131labilir. Bu s\u0131zd\u0131rmazl\u0131k tipi bir vidal\u0131 kapak oldu\u011fundan, \u015fi\u015felerin \u00fczerine yar\u0131m lik\u00f6r b\u0131rakt\u0131\u011f\u0131n\u0131zda \u015fi\u015feyi kapatabilirsiniz. Bu \u015fi\u015feler i\u00e7in vidal\u0131 kapa\u011f\u0131 sevmiyorsan\u0131z, mantar i\u00e7in de de\u011fi\u015ftirebiliriz.<\/p>\n<p>Bunlar\u0131n malzemesi <a href=\"https:\/\/ruishengglassco.com\/250ml-liquor-glass-bottle-manufacturer\">k\u00fc\u00e7\u00fck cam \u015fi\u015feler<\/a> y\u00fcksek \u00e7akmakta\u015f\u0131 camd\u0131r. Bu cam \u015fi\u015feler \u00e7ok berrak, p\u00fcr\u00fczs\u00fcz ve dayan\u0131kl\u0131d\u0131r. \u0130kinci kez kullanabilirsiniz. Bu cam \u015fi\u015fe \u00e7ok nettir, ayr\u0131ca DIY cam dekorasyon yapmak i\u00e7in de kullanabilirsiniz.<\/p>\n<p>Logonuzu bu mini \u015fi\u015feler \u00fczerinde yapmak istiyorsan\u0131z, cam \u015fi\u015feler \u00fczerinde \u00e7\u0131kartma logosu, ipek bask\u0131 logosu, kabartma logosu sunabiliriz. \u0130htiyac\u0131n\u0131z olursa bu \u015fi\u015felerin \u00fczerine herhangi bir renk de boyayabiliriz.<\/p>\n<p>Fabrikam\u0131zda 30'dan fazla QC ve bir grup yetenekli m\u00fchendis de dahil olmak \u00fczere 500'den fazla \u00e7al\u0131\u015fan bulunmaktad\u0131r. T\u00fcm \u00f6zel cam \u015fi\u015felerin bir\u00e7ok kez kontrol edilmesi i\u00e7in QC'ye ihtiyac\u0131 vard\u0131r. Fabrikam\u0131za g\u00f6ndermeden \u00f6nce t\u00fcm cam \u015fi\u015felerin QC'yi ge\u00e7ece\u011finden emin olabiliriz.<\/p>\n<h4>Bu 250 ml'lik \u00f6zel cam \u015fi\u015fenin detaylar\u0131<\/h4>\n<ul>\n<li>Ana malzeme: y\u00fcksek \u00e7akmakta\u015f\u0131 cam<\/li>\n<li>Kapak: vidal\u0131 kapak<\/li>\n<li>Referans:RS108<\/li>\n<li>ADEDI: 10000 ADET<\/li>\n<li>Kapasite:250ml<\/li>\n<li>Boyut: 5\u00d723 cm<\/li>\n<li>Yerin k\u00f6keni: Shandong, \u00c7in<\/li>\n<li>\u00d6zellik: \u00c7evre dostu<\/li>\n<li>Paketleme \u015fekli:<br \/>\n1. Standart ihracat kartonu<br \/>\n2. Plastik sar\u0131l\u0131 palet<br \/>\n3. Standart ihracat kartonu ve paleti<\/li>\n<\/ul>\n<p>Kapakl\u0131 250ml \u00f6zel cam \u015fi\u015felerin yan\u0131 s\u0131ra, Shandong Yuncheng Ruisheng ayr\u0131ca k\u00fc\u00e7\u00fck 100 ml s\u0131v\u0131 \u015fi\u015feleri, 375ml cam \u015fi\u015feler, 700ml b\u00fcy\u00fck cam \u015fi\u015feler, 750ml cam lik\u00f6r \u015fi\u015feleri, t\u0131pal\u0131 1000ml cam \u015fi\u015feler, 1.5 litrelik b\u00fcy\u00fck cam \u015fi\u015fe vb. Elbette, profesyonel bir cam \u015fi\u015fe \u00fcreticisi olarak, kapasiteyi ihtiyac\u0131n\u0131za g\u00f6re tasarlayabiliriz.<\/p>\n\n\t\t<\/div>\n\t<\/div>\n<\/div><\/div><\/div><\/div>\n<\/div>","protected":false},"excerpt":{"rendered":"<table class=\"tg\">\n<tbody>\n<tr>\n<th class=\"tg-24i8\" colspan=\"2\">\u00dcreticilerden Kapakl\u0131 250ml \u00d6zel Cam \u015ei\u015feler<\/th>\n<\/tr>\n<tr>\n<td class=\"tg-b7b8\">Referans:<\/td>\n<td class=\"tg-b7b8\">RS108<\/td>\n<\/tr>\n<tr>\n<td class=\"tg-yw4l\">Ana malzeme:<\/td>\n<td class=\"tg-yw4l\">Y\u00fcksek Flint Cam<\/td>\n<\/tr>\n<tr>\n<td class=\"tg-b7b8\">Kaptan:<\/td>\n<td class=\"tg-b7b8\">Vidal\u0131 Kapak<\/td>\n<\/tr>\n<tr>\n<td class=\"tg-yw4l\">Kapasite:<\/td>\n<td class=\"tg-yw4l\">250ml<\/td>\n<\/tr>\n<tr>\n<td class=\"tg-b7b8\">\u00d6zellik:<\/td>\n<td class=\"tg-b7b8\">\u00c7evre dostu<\/td>\n<\/tr>\n<tr>\n<td class=\"tg-yw4l\">ADEDI:<\/td>\n<td class=\"tg-yw4l\">10000 ADET<\/td>\n<\/tr>\n<tr>\n<td class=\"tg-b7b8\">Nakliye yolu:<\/td>\n<td class=\"tg-b7b8\">Gemi, Ekspres<\/td>\n<\/tr>\n<tr>\n<td class=\"tg-yw4l\">OEM\/ODM:<\/td>\n<td class=\"tg-yw4l\">Ho\u015f geldiniz<\/td>\n<\/tr>\n<tr>\n<td class=\"tg-b7b8\">Yerin k\u00f6keni:<\/td>\n<td class=\"tg-b7b8\">Shandong, \u00c7in<\/td>\n<\/tr>\n<tr>\n<td class=\"tg-yw4l\">Adet\/Ktn:<\/td>\n<td class=\"tg-yw4l\">24 adet \/ 20 adet \/ 15 adet<\/td>\n<\/tr>\n<\/tbody>\n<\/table>","protected":false},"featured_media":484,"comment_status":"open","ping_status":"closed","template":"","meta":[],"product_brand":[],"product_cat":[55],"product_tag":[],"class_list":{"0":"post-483","1":"product","2":"type-product","3":"status-publish","4":"has-post-thumbnail","6":"product_cat-custom-glass-bottle","7":"entry","8":"has-media","10":"first","11":"instock","12":"shipping-taxable","13":"product-type-simple"},"yoast_head":"<!-- This site is optimized with the Yoast SEO plugin v27.3 - https:\/\/yoast.com\/product\/yoast-seo-wordpress\/ -->\n<title>Custom Glass Bottles With Lids | Personalized Liquor Bottle Manufacturers<\/title>\n<meta name=\"description\" content=\"Buy Custom Glass Bottles With Lids From China Liquor Bottle Manufacturer. Unique Design Glass Bottle With Qaulity Assurance.\" \/>\n<meta name=\"robots\" content=\"index, follow, max-snippet:-1, max-image-preview:large, max-video-preview:-1\" \/>\n<link rel=\"canonical\" href=\"http:\/\/ruishengglassco.com\/product\/rs108-custom-liquor-bottle-from-glass-bottle-manufacturers\" \/>\n<meta property=\"og:locale\" content=\"tr_TR\" \/>\n<meta property=\"og:type\" content=\"article\" \/>\n<meta property=\"og:title\" content=\"Custom Glass Bottles With Lids | Personalized Liquor Bottle Manufacturers\" \/>\n<meta property=\"og:description\" content=\"Buy Custom Glass Bottles With Lids From China Liquor Bottle Manufacturer. Unique Design Glass Bottle With Qaulity Assurance.\" \/>\n<meta property=\"og:url\" content=\"http:\/\/ruishengglassco.com\/product\/rs108-custom-liquor-bottle-from-glass-bottle-manufacturers\" \/>\n<meta property=\"og:site_name\" content=\"Glass Bottle Wholesale\" \/>\n<meta property=\"article:modified_time\" content=\"2025-07-10T03:12:02+00:00\" \/>\n<meta property=\"og:image\" content=\"https:\/\/glassbottlewholesale.com\/wp-content\/uploads\/2019\/10\/\u767d\u915210.jpg\" \/>\n\t<meta property=\"og:image:width\" content=\"400\" \/>\n\t<meta property=\"og:image:height\" content=\"400\" \/>\n\t<meta property=\"og:image:type\" content=\"image\/jpeg\" \/>\n<meta name=\"twitter:card\" content=\"summary_large_image\" \/>\n<meta name=\"twitter:label1\" content=\"Tahmini okuma s\u00fcresi\" \/>\n\t<meta name=\"twitter:data1\" content=\"2 dakika\" \/>\n<script type=\"application\/ld+json\" class=\"yoast-schema-graph\">{\"@context\":\"https:\\\/\\\/schema.org\",\"@graph\":[{\"@type\":\"WebPage\",\"@id\":\"https:\\\/\\\/glassbottlewholesale.com\\\/custom-liquor-bottle-from-glass-bottle-manufacturers\\\/\",\"url\":\"http:\\\/\\\/ruishengglassco.com\\\/product\\\/rs108-custom-liquor-bottle-from-glass-bottle-manufacturers\",\"name\":\"Custom Glass Bottles With Lids | Personalized Liquor Bottle Manufacturers\",\"isPartOf\":{\"@id\":\"https:\\\/\\\/glassbottlewholesale.com\\\/#website\"},\"primaryImageOfPage\":{\"@id\":\"http:\\\/\\\/ruishengglassco.com\\\/product\\\/rs108-custom-liquor-bottle-from-glass-bottle-manufacturers#primaryimage\"},\"image\":{\"@id\":\"http:\\\/\\\/ruishengglassco.com\\\/product\\\/rs108-custom-liquor-bottle-from-glass-bottle-manufacturers#primaryimage\"},\"thumbnailUrl\":\"https:\\\/\\\/glassbottlewholesale.com\\\/wp-content\\\/uploads\\\/2019\\\/10\\\/\u767d\u915210.jpg\",\"datePublished\":\"2019-10-15T12:29:40+00:00\",\"dateModified\":\"2025-07-10T03:12:02+00:00\",\"description\":\"Buy Custom Glass Bottles With Lids From China Liquor Bottle Manufacturer. Unique Design Glass Bottle With Qaulity Assurance.\",\"breadcrumb\":{\"@id\":\"http:\\\/\\\/ruishengglassco.com\\\/product\\\/rs108-custom-liquor-bottle-from-glass-bottle-manufacturers#breadcrumb\"},\"inLanguage\":\"tr\",\"potentialAction\":[{\"@type\":\"ReadAction\",\"target\":[\"http:\\\/\\\/ruishengglassco.com\\\/product\\\/rs108-custom-liquor-bottle-from-glass-bottle-manufacturers\"]}]},{\"@type\":\"ImageObject\",\"inLanguage\":\"tr\",\"@id\":\"http:\\\/\\\/ruishengglassco.com\\\/product\\\/rs108-custom-liquor-bottle-from-glass-bottle-manufacturers#primaryimage\",\"url\":\"https:\\\/\\\/glassbottlewholesale.com\\\/wp-content\\\/uploads\\\/2019\\\/10\\\/\u767d\u915210.jpg\",\"contentUrl\":\"https:\\\/\\\/glassbottlewholesale.com\\\/wp-content\\\/uploads\\\/2019\\\/10\\\/\u767d\u915210.jpg\",\"width\":400,\"height\":400},{\"@type\":\"BreadcrumbList\",\"@id\":\"http:\\\/\\\/ruishengglassco.com\\\/product\\\/rs108-custom-liquor-bottle-from-glass-bottle-manufacturers#breadcrumb\",\"itemListElement\":[{\"@type\":\"ListItem\",\"position\":1,\"name\":\"Home\",\"item\":\"https:\\\/\\\/glassbottlewholesale.com\\\/\"},{\"@type\":\"ListItem\",\"position\":2,\"name\":\"Products\",\"item\":\"https:\\\/\\\/glassbottlewholesale.com\\\/shop\\\/\"},{\"@type\":\"ListItem\",\"position\":3,\"name\":\"RS108: Custom Liquor Bottle From Glass Bottle Manufacturers\"}]},{\"@type\":\"WebSite\",\"@id\":\"https:\\\/\\\/glassbottlewholesale.com\\\/#website\",\"url\":\"https:\\\/\\\/glassbottlewholesale.com\\\/\",\"name\":\"Glass Bottle Wholesale\",\"description\":\"\",\"publisher\":{\"@id\":\"https:\\\/\\\/glassbottlewholesale.com\\\/#organization\"},\"potentialAction\":[{\"@type\":\"SearchAction\",\"target\":{\"@type\":\"EntryPoint\",\"urlTemplate\":\"https:\\\/\\\/glassbottlewholesale.com\\\/?s={search_term_string}\"},\"query-input\":{\"@type\":\"PropertyValueSpecification\",\"valueRequired\":true,\"valueName\":\"search_term_string\"}}],\"inLanguage\":\"tr\"},{\"@type\":\"Organization\",\"@id\":\"https:\\\/\\\/glassbottlewholesale.com\\\/#organization\",\"name\":\"Glass Bottle Wholesale\",\"url\":\"https:\\\/\\\/glassbottlewholesale.com\\\/\",\"logo\":{\"@type\":\"ImageObject\",\"inLanguage\":\"tr\",\"@id\":\"https:\\\/\\\/glassbottlewholesale.com\\\/#\\\/schema\\\/logo\\\/image\\\/\",\"url\":\"https:\\\/\\\/glassbottlewholesale.com\\\/wp-content\\\/uploads\\\/2023\\\/12\\\/ruisheng-logo.webp\",\"contentUrl\":\"https:\\\/\\\/glassbottlewholesale.com\\\/wp-content\\\/uploads\\\/2023\\\/12\\\/ruisheng-logo.webp\",\"width\":400,\"height\":233,\"caption\":\"Glass Bottle Wholesale\"},\"image\":{\"@id\":\"https:\\\/\\\/glassbottlewholesale.com\\\/#\\\/schema\\\/logo\\\/image\\\/\"}}]}<\/script>\n<!-- \/ Yoast SEO plugin. -->","yoast_head_json":{"title":"Kapakl\u0131 \u00d6zel Cam \u015ei\u015feler | Ki\u015fiselle\u015ftirilmi\u015f Lik\u00f6r \u015ei\u015fesi \u00dcreticileri","description":"\u00c7in Lik\u00f6r \u015ei\u015fesi \u00dcreticisinden Kapakl\u0131 \u00d6zel Cam \u015ei\u015feler Sat\u0131n Al\u0131n. Kalite G\u00fcvencesi ile Benzersiz Tasar\u0131m Cam \u015ei\u015fe.","robots":{"index":"index","follow":"follow","max-snippet":"max-snippet:-1","max-image-preview":"max-image-preview:large","max-video-preview":"max-video-preview:-1"},"canonical":"http:\/\/ruishengglassco.com\/product\/rs108-custom-liquor-bottle-from-glass-bottle-manufacturers","og_locale":"tr_TR","og_type":"article","og_title":"Custom Glass Bottles With Lids | Personalized Liquor Bottle Manufacturers","og_description":"Buy Custom Glass Bottles With Lids From China Liquor Bottle Manufacturer. Unique Design Glass Bottle With Qaulity Assurance.","og_url":"http:\/\/ruishengglassco.com\/product\/rs108-custom-liquor-bottle-from-glass-bottle-manufacturers","og_site_name":"Glass Bottle Wholesale","article_modified_time":"2025-07-10T03:12:02+00:00","og_image":[{"width":400,"height":400,"url":"https:\/\/glassbottlewholesale.com\/wp-content\/uploads\/2019\/10\/\u767d\u915210.jpg","type":"image\/jpeg"}],"twitter_card":"summary_large_image","twitter_misc":{"Tahmini okuma s\u00fcresi":"2 dakika"},"schema":{"@context":"https:\/\/schema.org","@graph":[{"@type":"WebPage","@id":"https:\/\/glassbottlewholesale.com\/custom-liquor-bottle-from-glass-bottle-manufacturers\/","url":"http:\/\/ruishengglassco.com\/product\/rs108-custom-liquor-bottle-from-glass-bottle-manufacturers","name":"Kapakl\u0131 \u00d6zel Cam \u015ei\u015feler | Ki\u015fiselle\u015ftirilmi\u015f Lik\u00f6r \u015ei\u015fesi \u00dcreticileri","isPartOf":{"@id":"https:\/\/glassbottlewholesale.com\/#website"},"primaryImageOfPage":{"@id":"http:\/\/ruishengglassco.com\/product\/rs108-custom-liquor-bottle-from-glass-bottle-manufacturers#primaryimage"},"image":{"@id":"http:\/\/ruishengglassco.com\/product\/rs108-custom-liquor-bottle-from-glass-bottle-manufacturers#primaryimage"},"thumbnailUrl":"https:\/\/glassbottlewholesale.com\/wp-content\/uploads\/2019\/10\/\u767d\u915210.jpg","datePublished":"2019-10-15T12:29:40+00:00","dateModified":"2025-07-10T03:12:02+00:00","description":"\u00c7in Lik\u00f6r \u015ei\u015fesi \u00dcreticisinden Kapakl\u0131 \u00d6zel Cam \u015ei\u015feler Sat\u0131n Al\u0131n. Kalite G\u00fcvencesi ile Benzersiz Tasar\u0131m Cam \u015ei\u015fe.","breadcrumb":{"@id":"http:\/\/ruishengglassco.com\/product\/rs108-custom-liquor-bottle-from-glass-bottle-manufacturers#breadcrumb"},"inLanguage":"tr","potentialAction":[{"@type":"ReadAction","target":["http:\/\/ruishengglassco.com\/product\/rs108-custom-liquor-bottle-from-glass-bottle-manufacturers"]}]},{"@type":"ImageObject","inLanguage":"tr","@id":"http:\/\/ruishengglassco.com\/product\/rs108-custom-liquor-bottle-from-glass-bottle-manufacturers#primaryimage","url":"https:\/\/glassbottlewholesale.com\/wp-content\/uploads\/2019\/10\/\u767d\u915210.jpg","contentUrl":"https:\/\/glassbottlewholesale.com\/wp-content\/uploads\/2019\/10\/\u767d\u915210.jpg","width":400,"height":400},{"@type":"BreadcrumbList","@id":"http:\/\/ruishengglassco.com\/product\/rs108-custom-liquor-bottle-from-glass-bottle-manufacturers#breadcrumb","itemListElement":[{"@type":"ListItem","position":1,"name":"Home","item":"https:\/\/glassbottlewholesale.com\/"},{"@type":"ListItem","position":2,"name":"Products","item":"https:\/\/glassbottlewholesale.com\/shop\/"},{"@type":"ListItem","position":3,"name":"RS108: Custom Liquor Bottle From Glass Bottle Manufacturers"}]},{"@type":"WebSite","@id":"https:\/\/glassbottlewholesale.com\/#website","url":"https:\/\/glassbottlewholesale.com\/","name":"Glass Bottle Wholesale","description":"","publisher":{"@id":"https:\/\/glassbottlewholesale.com\/#organization"},"potentialAction":[{"@type":"SearchAction","target":{"@type":"EntryPoint","urlTemplate":"https:\/\/glassbottlewholesale.com\/?s={search_term_string}"},"query-input":{"@type":"PropertyValueSpecification","valueRequired":true,"valueName":"search_term_string"}}],"inLanguage":"tr"},{"@type":"Organization","@id":"https:\/\/glassbottlewholesale.com\/#organization","name":"Glass Bottle Wholesale","url":"https:\/\/glassbottlewholesale.com\/","logo":{"@type":"ImageObject","inLanguage":"tr","@id":"https:\/\/glassbottlewholesale.com\/#\/schema\/logo\/image\/","url":"https:\/\/glassbottlewholesale.com\/wp-content\/uploads\/2023\/12\/ruisheng-logo.webp","contentUrl":"https:\/\/glassbottlewholesale.com\/wp-content\/uploads\/2023\/12\/ruisheng-logo.webp","width":400,"height":233,"caption":"Glass Bottle Wholesale"},"image":{"@id":"https:\/\/glassbottlewholesale.com\/#\/schema\/logo\/image\/"}}]}},"_links":{"self":[{"href":"https:\/\/glassbottlewholesale.com\/tr\/wp-json\/wp\/v2\/product\/483","targetHints":{"allow":["GET"]}}],"collection":[{"href":"https:\/\/glassbottlewholesale.com\/tr\/wp-json\/wp\/v2\/product"}],"about":[{"href":"https:\/\/glassbottlewholesale.com\/tr\/wp-json\/wp\/v2\/types\/product"}],"replies":[{"embeddable":true,"href":"https:\/\/glassbottlewholesale.com\/tr\/wp-json\/wp\/v2\/comments?post=483"}],"wp:featuredmedia":[{"embeddable":true,"href":"https:\/\/glassbottlewholesale.com\/tr\/wp-json\/wp\/v2\/media\/484"}],"wp:attachment":[{"href":"https:\/\/glassbottlewholesale.com\/tr\/wp-json\/wp\/v2\/media?parent=483"}],"wp:term":[{"taxonomy":"product_brand","embeddable":true,"href":"https:\/\/glassbottlewholesale.com\/tr\/wp-json\/wp\/v2\/product_brand?post=483"},{"taxonomy":"product_cat","embeddable":true,"href":"https:\/\/glassbottlewholesale.com\/tr\/wp-json\/wp\/v2\/product_cat?post=483"},{"taxonomy":"product_tag","embeddable":true,"href":"https:\/\/glassbottlewholesale.com\/tr\/wp-json\/wp\/v2\/product_tag?post=483"}],"curies":[{"name":"wp","href":"https:\/\/api.w.org\/{rel}","templated":true}]}}