{"id":485,"date":"2019-10-15T12:31:02","date_gmt":"2019-10-15T12:31:02","guid":{"rendered":"https:\/\/queenchingglass.com\/?post_type=product&#038;p=485"},"modified":"2025-07-10T00:48:54","modified_gmt":"2025-07-10T00:48:54","slug":"toptan-kapakli-dokme-cam-siseler","status":"publish","type":"product","link":"https:\/\/glassbottlewholesale.com\/tr\/toptan-kapakli-dokme-cam-siseler\/","title":{"rendered":"RS107: Toptan Kapakl\u0131 D\u00f6kme Cam \u015ei\u015feler"},"content":{"rendered":"<div class=\"wpb-content-wrapper\"><div class=\"vc_row wpb_row vc_row-fluid\"><div class=\"wpb_column vc_column_container vc_col-sm-12\"><div class=\"vc_column-inner\"><div class=\"wpb_wrapper\">\n\t<div class=\"wpb_text_column wpb_content_element\" >\n\t\t<div class=\"wpb_wrapper\">\n\t\t\t<p>Sat\u0131l\u0131k toplu bo\u015f lik\u00f6r \u015fi\u015feleri mi istiyorsunuz? En iyi mantarl\u0131 cam \u015fi\u015fe \u00fcreticisi Ruisheng, Boston yuvarlak cam \u015fi\u015fe, kare cam \u015fi\u015fe ve \u00f6zel \u015fekilli cam \u015fi\u015fe gibi kapakl\u0131 toptan cam \u015fi\u015feler ve ruh, viski, brendi, rom, votka vb. i\u00e7in \u00f6zel mantarl\u0131 cam \u015fi\u015feler sunmaktad\u0131r.<\/p>\n<div>Bir zanaat yap\u0131n veya bir \u00fcr\u00fcn se\u00e7erek m\u00fc\u015fterilere e\u011filmi\u015f \u00fcr\u00fcnler g\u00f6nderin<a href=\"https:\/\/ruishengglassco.com\/375ml-liquor-glass-bottle-manufacturer\">\u00a0daha k\u00fc\u00e7\u00fck cam \u015fi\u015fe<\/a> veya daha b\u00fcy\u00fck toptan cam \u015fi\u015fe. Boyut 50ml'den 1500ml'ye kadar mevcuttur. \u00d6zel sipari\u015fler kabul edilebilir.  Sat\u0131l\u0131k cam \u015fi\u015felerin \u00e7o\u011fu, lik\u00f6r \u015fi\u015fesinin g\u00f6vdesini daha g\u00fc\u00e7l\u00fc ve g\u00fczel k\u0131lan y\u00fcksek ak\u0131c\u0131 cam malzemeden yap\u0131lm\u0131\u015ft\u0131r. Kapakl\u0131 t\u00fcm \u015feffaf cam \u015fi\u015felerin toksik olmad\u0131\u011f\u0131n\u0131, 100% geri kazan\u0131labilir, yeniden kullan\u0131labilir ve d\u00fcnya i\u00e7in g\u00fcvenli oldu\u011funu garanti ediyoruz.<\/div>\n<p>Bu 750ml cam \u015fi\u015fe toptan benzersiz bir \u015fekle sahiptir, \u00fcst k\u0131sm\u0131 geni\u015f ve alt k\u0131sm\u0131 incedir ve yan taraf\u0131nda bir desen vard\u0131r. \u015ei\u015feleri sa\u011flad\u0131\u011f\u0131n\u0131z \u00e7izimlere g\u00f6re de \u00f6zelle\u015ftirebiliriz, istedi\u011finiz herhangi bir \u015fi\u015feyi yapabiliriz.<\/p>\n<h4>Sat\u0131l\u0131k D\u00f6kme Bo\u015f Lik\u00f6r \u015ei\u015felerinin Bilgileri:<\/h4>\n<ul>\n<li>Ana malzeme: y\u00fcksek \u00e7akmakta\u015f\u0131 cam<\/li>\n<li>Kapak: vidal\u0131 kapak<\/li>\n<li>Referans: RS107<\/li>\n<li>ADEDI: 10000 ADET<\/li>\n<li>Kapasite: 700ml 750ml<\/li>\n<li>Adet\/Ctn: 24 adet<\/li>\n<li>Yerin k\u00f6keni: Shandong, \u00c7in<\/li>\n<li>\u00d6zellik: \u00c7evre dostu<\/li>\n<\/ul>\n<p>Ruisheng cam \u015fi\u015fe 700ml'lik uzun bir \u00fcretim ge\u00e7mi\u015fine sahiptir\u00a0<a href=\"https:\/\/ruishengglassco.com\/glass-liquor-spirit-bottles\">s\u0131v\u0131 cam \u015fi\u015fe imalat\u0131<\/a>\u0130lgili t\u00fcm insanlar \u00e7ok deneyimli, memnun oldu\u011funuz \u00fcr\u00fcn\u00fc yapabilece\u011fimizden \u00e7ok eminiz. Ruisheng \u015feffaf cam \u015fi\u015fe Avrupa, ABD, Avustralya, Amerika vb. \u00fclkelerde memnuniyetle kar\u015f\u0131lanm\u0131\u015ft\u0131r. Ve t\u00fcm \u00fcr\u00fcnler yenilik ve i\u015flevsellik a\u00e7\u0131s\u0131ndan y\u00fcksek bir \u00fcne sahiptir.<\/p>\n<p>Ruisheng cam \u015fi\u015fe \u015fimdi yeni bir siteyi geni\u015fletti ve geli\u015fmi\u015f makineleri tan\u0131tt\u0131, \u00fcretim h\u0131z\u0131m\u0131z eskisinden \u00e7ok daha y\u00fcksek. B\u00f6ylece belirlenen tarihte iyi \u015fi\u015feler yapaca\u011f\u0131z ve mallar\u0131 size teslim edece\u011fiz.<\/p>\n<p>Sat\u0131l\u0131k d\u00f6kme bo\u015f i\u00e7ki \u015fi\u015feleri sat\u0131n almak istiyorsan\u0131z, l\u00fctfen\u00a0<a href=\"https:\/\/glassbottlewholesale.com\/tr\/contact-us\/\">Bize ula\u015f\u0131n<\/a>. Size 24 saat i\u00e7inde cevap verece\u011fiz.<\/p>\n<p>Umar\u0131m sipari\u015f verebilirsiniz.<\/p>\n\n\t\t<\/div>\n\t<\/div>\n<\/div><\/div><\/div><\/div>\n<\/div>","protected":false},"excerpt":{"rendered":"<table class=\"tg\">\n<tbody>\n<tr>\n<th class=\"tg-24i8\" colspan=\"2\">700ml Cam \u015ei\u015feler ve 750ml \u015eeffaf Cam \u015ei\u015feler<\/th>\n<\/tr>\n<tr>\n<td class=\"tg-b7b8\">Ana malzeme:<\/td>\n<td class=\"tg-b7b8\">Y\u00fcksek \u00e7akmakta\u015f\u0131 cam<\/td>\n<\/tr>\n<tr>\n<td class=\"tg-yw4l\">Kaptan:<\/td>\n<td class=\"tg-yw4l\">Vidal\u0131 kapak<\/td>\n<\/tr>\n<tr>\n<td class=\"tg-b7b8\">Kapasite:<\/td>\n<td class=\"tg-b7b8\">700ml 750ml<\/td>\n<\/tr>\n<tr>\n<td class=\"tg-yw4l\">\u00d6zellik:<\/td>\n<td class=\"tg-yw4l\">\u00c7evre dostu<\/td>\n<\/tr>\n<tr>\n<td class=\"tg-b7b8\">ADEDI:<\/td>\n<td class=\"tg-b7b8\">10000 ADET<\/td>\n<\/tr>\n<tr>\n<td class=\"tg-yw4l\">Yerin k\u00f6keni:<\/td>\n<td class=\"tg-yw4l\">Shandong, \u00c7in<\/td>\n<\/tr>\n<tr>\n<td class=\"tg-b7b8\">Adet\/Ktn:<\/td>\n<td class=\"tg-b7b8\">24 adet<\/td>\n<\/tr>\n<tr>\n<td class=\"tg-yw4l\">Referans:<\/td>\n<td class=\"tg-yw4l\">RS107<\/td>\n<\/tr>\n<tr>\n<td class=\"tg-b7b8\">Nakliye yolu:<\/td>\n<td class=\"tg-b7b8\">Gemi, Ekspres<\/td>\n<\/tr>\n<tr>\n<td class=\"tg-yw4l\">OEM\/ODM:<\/td>\n<td class=\"tg-yw4l\">T\u00fcm\u00fc<\/td>\n<\/tr>\n<\/tbody>\n<\/table>","protected":false},"featured_media":4386,"comment_status":"open","ping_status":"closed","template":"","meta":[],"product_brand":[],"product_cat":[51,52,63],"product_tag":[],"class_list":{"0":"post-485","1":"product","2":"type-product","3":"status-publish","4":"has-post-thumbnail","6":"product_cat-700ml-glass-bottle","7":"product_cat-750ml-glass-bottle","8":"product_cat-liquor-bottle","9":"entry","10":"has-media","12":"first","13":"instock","14":"shipping-taxable","15":"product-type-simple"},"yoast_head":"<!-- This site is optimized with the Yoast SEO plugin v27.3 - https:\/\/yoast.com\/product\/yoast-seo-wordpress\/ -->\n<title>Bulk Empty Liquor Bottles For Sale | Wholesale Glass Bottles With Lids<\/title>\n<meta name=\"description\" content=\"Do you want to bulk empty liquor ottles for sale? Click here to wholesale glass bottles with lids for spirit. Factory Outlet Price&amp;Free Sample.\" \/>\n<meta name=\"robots\" content=\"index, follow, max-snippet:-1, max-image-preview:large, max-video-preview:-1\" \/>\n<link rel=\"canonical\" href=\"https:\/\/ruishengglassco.com\/product\/rs107-bulk-glass-bottles-with-lids-manufacturers\" \/>\n<meta property=\"og:locale\" content=\"tr_TR\" \/>\n<meta property=\"og:type\" content=\"article\" \/>\n<meta property=\"og:title\" content=\"Bulk Empty Liquor Bottles For Sale | Wholesale Glass Bottles With Lids\" \/>\n<meta property=\"og:description\" content=\"Do you want to bulk empty liquor ottles for sale? Click here to wholesale glass bottles with lids for spirit. Factory Outlet Price&amp;Free Sample.\" \/>\n<meta property=\"og:url\" content=\"https:\/\/ruishengglassco.com\/product\/rs107-bulk-glass-bottles-with-lids-manufacturers\" \/>\n<meta property=\"og:site_name\" content=\"Glass Bottle Wholesale\" \/>\n<meta property=\"article:modified_time\" content=\"2025-07-10T00:48:54+00:00\" \/>\n<meta property=\"og:image\" content=\"https:\/\/glassbottlewholesale.com\/wp-content\/uploads\/2023\/12\/Bulk-Glass-Bottles-With-Lids-Wholesale.jpg\" \/>\n\t<meta property=\"og:image:width\" content=\"800\" \/>\n\t<meta property=\"og:image:height\" content=\"800\" \/>\n\t<meta property=\"og:image:type\" content=\"image\/jpeg\" \/>\n<meta name=\"twitter:card\" content=\"summary_large_image\" \/>\n<meta name=\"twitter:label1\" content=\"Tahmini okuma s\u00fcresi\" \/>\n\t<meta name=\"twitter:data1\" content=\"2 dakika\" \/>\n<script type=\"application\/ld+json\" class=\"yoast-schema-graph\">{\"@context\":\"https:\\\/\\\/schema.org\",\"@graph\":[{\"@type\":\"WebPage\",\"@id\":\"https:\\\/\\\/glassbottlewholesale.com\\\/bulk-glass-bottles-with-lids-wholesale\\\/\",\"url\":\"https:\\\/\\\/ruishengglassco.com\\\/product\\\/rs107-bulk-glass-bottles-with-lids-manufacturers\",\"name\":\"Bulk Empty Liquor Bottles For Sale | Wholesale Glass Bottles With Lids\",\"isPartOf\":{\"@id\":\"https:\\\/\\\/glassbottlewholesale.com\\\/#website\"},\"primaryImageOfPage\":{\"@id\":\"https:\\\/\\\/ruishengglassco.com\\\/product\\\/rs107-bulk-glass-bottles-with-lids-manufacturers#primaryimage\"},\"image\":{\"@id\":\"https:\\\/\\\/ruishengglassco.com\\\/product\\\/rs107-bulk-glass-bottles-with-lids-manufacturers#primaryimage\"},\"thumbnailUrl\":\"https:\\\/\\\/glassbottlewholesale.com\\\/wp-content\\\/uploads\\\/2023\\\/12\\\/Bulk-Glass-Bottles-With-Lids-Wholesale.jpg\",\"datePublished\":\"2019-10-15T12:31:02+00:00\",\"dateModified\":\"2025-07-10T00:48:54+00:00\",\"description\":\"Do you want to bulk empty liquor ottles for sale? Click here to wholesale glass bottles with lids for spirit. Factory Outlet Price&Free Sample.\",\"breadcrumb\":{\"@id\":\"https:\\\/\\\/ruishengglassco.com\\\/product\\\/rs107-bulk-glass-bottles-with-lids-manufacturers#breadcrumb\"},\"inLanguage\":\"tr\",\"potentialAction\":[{\"@type\":\"ReadAction\",\"target\":[\"https:\\\/\\\/ruishengglassco.com\\\/product\\\/rs107-bulk-glass-bottles-with-lids-manufacturers\"]}]},{\"@type\":\"ImageObject\",\"inLanguage\":\"tr\",\"@id\":\"https:\\\/\\\/ruishengglassco.com\\\/product\\\/rs107-bulk-glass-bottles-with-lids-manufacturers#primaryimage\",\"url\":\"https:\\\/\\\/glassbottlewholesale.com\\\/wp-content\\\/uploads\\\/2023\\\/12\\\/Bulk-Glass-Bottles-With-Lids-Wholesale.jpg\",\"contentUrl\":\"https:\\\/\\\/glassbottlewholesale.com\\\/wp-content\\\/uploads\\\/2023\\\/12\\\/Bulk-Glass-Bottles-With-Lids-Wholesale.jpg\",\"width\":800,\"height\":800,\"caption\":\"Bulk Glass Bottles With Lids Wholesale\"},{\"@type\":\"BreadcrumbList\",\"@id\":\"https:\\\/\\\/ruishengglassco.com\\\/product\\\/rs107-bulk-glass-bottles-with-lids-manufacturers#breadcrumb\",\"itemListElement\":[{\"@type\":\"ListItem\",\"position\":1,\"name\":\"Home\",\"item\":\"https:\\\/\\\/glassbottlewholesale.com\\\/\"},{\"@type\":\"ListItem\",\"position\":2,\"name\":\"Products\",\"item\":\"https:\\\/\\\/glassbottlewholesale.com\\\/shop\\\/\"},{\"@type\":\"ListItem\",\"position\":3,\"name\":\"RS107: Bulk Glass Bottles With Lids Wholesale\"}]},{\"@type\":\"WebSite\",\"@id\":\"https:\\\/\\\/glassbottlewholesale.com\\\/#website\",\"url\":\"https:\\\/\\\/glassbottlewholesale.com\\\/\",\"name\":\"Glass Bottle Wholesale\",\"description\":\"\",\"publisher\":{\"@id\":\"https:\\\/\\\/glassbottlewholesale.com\\\/#organization\"},\"potentialAction\":[{\"@type\":\"SearchAction\",\"target\":{\"@type\":\"EntryPoint\",\"urlTemplate\":\"https:\\\/\\\/glassbottlewholesale.com\\\/?s={search_term_string}\"},\"query-input\":{\"@type\":\"PropertyValueSpecification\",\"valueRequired\":true,\"valueName\":\"search_term_string\"}}],\"inLanguage\":\"tr\"},{\"@type\":\"Organization\",\"@id\":\"https:\\\/\\\/glassbottlewholesale.com\\\/#organization\",\"name\":\"Glass Bottle Wholesale\",\"url\":\"https:\\\/\\\/glassbottlewholesale.com\\\/\",\"logo\":{\"@type\":\"ImageObject\",\"inLanguage\":\"tr\",\"@id\":\"https:\\\/\\\/glassbottlewholesale.com\\\/#\\\/schema\\\/logo\\\/image\\\/\",\"url\":\"https:\\\/\\\/glassbottlewholesale.com\\\/wp-content\\\/uploads\\\/2023\\\/12\\\/ruisheng-logo.webp\",\"contentUrl\":\"https:\\\/\\\/glassbottlewholesale.com\\\/wp-content\\\/uploads\\\/2023\\\/12\\\/ruisheng-logo.webp\",\"width\":400,\"height\":233,\"caption\":\"Glass Bottle Wholesale\"},\"image\":{\"@id\":\"https:\\\/\\\/glassbottlewholesale.com\\\/#\\\/schema\\\/logo\\\/image\\\/\"}}]}<\/script>\n<!-- \/ Yoast SEO plugin. -->","yoast_head_json":{"title":"Sat\u0131l\u0131k Toplu Bo\u015f Lik\u00f6r \u015ei\u015feleri | Kapakl\u0131 Toptan Cam \u015ei\u015feler","description":"Sat\u0131l\u0131k toplu bo\u015f lik\u00f6r \u015fi\u015feleri mi istiyorsunuz? \u0130\u00e7ki i\u00e7in toptan kapakl\u0131 cam \u015fi\u015feler i\u00e7in buraya t\u0131klay\u0131n. Fabrika \u00c7\u0131k\u0131\u015f Fiyat\u0131 ve \u00dccretsiz \u00d6rnek.","robots":{"index":"index","follow":"follow","max-snippet":"max-snippet:-1","max-image-preview":"max-image-preview:large","max-video-preview":"max-video-preview:-1"},"canonical":"https:\/\/ruishengglassco.com\/product\/rs107-bulk-glass-bottles-with-lids-manufacturers","og_locale":"tr_TR","og_type":"article","og_title":"Bulk Empty Liquor Bottles For Sale | Wholesale Glass Bottles With Lids","og_description":"Do you want to bulk empty liquor ottles for sale? Click here to wholesale glass bottles with lids for spirit. Factory Outlet Price&Free Sample.","og_url":"https:\/\/ruishengglassco.com\/product\/rs107-bulk-glass-bottles-with-lids-manufacturers","og_site_name":"Glass Bottle Wholesale","article_modified_time":"2025-07-10T00:48:54+00:00","og_image":[{"width":800,"height":800,"url":"https:\/\/glassbottlewholesale.com\/wp-content\/uploads\/2023\/12\/Bulk-Glass-Bottles-With-Lids-Wholesale.jpg","type":"image\/jpeg"}],"twitter_card":"summary_large_image","twitter_misc":{"Tahmini okuma s\u00fcresi":"2 dakika"},"schema":{"@context":"https:\/\/schema.org","@graph":[{"@type":"WebPage","@id":"https:\/\/glassbottlewholesale.com\/bulk-glass-bottles-with-lids-wholesale\/","url":"https:\/\/ruishengglassco.com\/product\/rs107-bulk-glass-bottles-with-lids-manufacturers","name":"Sat\u0131l\u0131k Toplu Bo\u015f Lik\u00f6r \u015ei\u015feleri | Kapakl\u0131 Toptan Cam \u015ei\u015feler","isPartOf":{"@id":"https:\/\/glassbottlewholesale.com\/#website"},"primaryImageOfPage":{"@id":"https:\/\/ruishengglassco.com\/product\/rs107-bulk-glass-bottles-with-lids-manufacturers#primaryimage"},"image":{"@id":"https:\/\/ruishengglassco.com\/product\/rs107-bulk-glass-bottles-with-lids-manufacturers#primaryimage"},"thumbnailUrl":"https:\/\/glassbottlewholesale.com\/wp-content\/uploads\/2023\/12\/Bulk-Glass-Bottles-With-Lids-Wholesale.jpg","datePublished":"2019-10-15T12:31:02+00:00","dateModified":"2025-07-10T00:48:54+00:00","description":"Sat\u0131l\u0131k toplu bo\u015f lik\u00f6r \u015fi\u015feleri mi istiyorsunuz? \u0130\u00e7ki i\u00e7in toptan kapakl\u0131 cam \u015fi\u015feler i\u00e7in buraya t\u0131klay\u0131n. Fabrika \u00c7\u0131k\u0131\u015f Fiyat\u0131 ve \u00dccretsiz \u00d6rnek.","breadcrumb":{"@id":"https:\/\/ruishengglassco.com\/product\/rs107-bulk-glass-bottles-with-lids-manufacturers#breadcrumb"},"inLanguage":"tr","potentialAction":[{"@type":"ReadAction","target":["https:\/\/ruishengglassco.com\/product\/rs107-bulk-glass-bottles-with-lids-manufacturers"]}]},{"@type":"ImageObject","inLanguage":"tr","@id":"https:\/\/ruishengglassco.com\/product\/rs107-bulk-glass-bottles-with-lids-manufacturers#primaryimage","url":"https:\/\/glassbottlewholesale.com\/wp-content\/uploads\/2023\/12\/Bulk-Glass-Bottles-With-Lids-Wholesale.jpg","contentUrl":"https:\/\/glassbottlewholesale.com\/wp-content\/uploads\/2023\/12\/Bulk-Glass-Bottles-With-Lids-Wholesale.jpg","width":800,"height":800,"caption":"Bulk Glass Bottles With Lids Wholesale"},{"@type":"BreadcrumbList","@id":"https:\/\/ruishengglassco.com\/product\/rs107-bulk-glass-bottles-with-lids-manufacturers#breadcrumb","itemListElement":[{"@type":"ListItem","position":1,"name":"Home","item":"https:\/\/glassbottlewholesale.com\/"},{"@type":"ListItem","position":2,"name":"Products","item":"https:\/\/glassbottlewholesale.com\/shop\/"},{"@type":"ListItem","position":3,"name":"RS107: Bulk Glass Bottles With Lids Wholesale"}]},{"@type":"WebSite","@id":"https:\/\/glassbottlewholesale.com\/#website","url":"https:\/\/glassbottlewholesale.com\/","name":"Glass Bottle Wholesale","description":"","publisher":{"@id":"https:\/\/glassbottlewholesale.com\/#organization"},"potentialAction":[{"@type":"SearchAction","target":{"@type":"EntryPoint","urlTemplate":"https:\/\/glassbottlewholesale.com\/?s={search_term_string}"},"query-input":{"@type":"PropertyValueSpecification","valueRequired":true,"valueName":"search_term_string"}}],"inLanguage":"tr"},{"@type":"Organization","@id":"https:\/\/glassbottlewholesale.com\/#organization","name":"Glass Bottle Wholesale","url":"https:\/\/glassbottlewholesale.com\/","logo":{"@type":"ImageObject","inLanguage":"tr","@id":"https:\/\/glassbottlewholesale.com\/#\/schema\/logo\/image\/","url":"https:\/\/glassbottlewholesale.com\/wp-content\/uploads\/2023\/12\/ruisheng-logo.webp","contentUrl":"https:\/\/glassbottlewholesale.com\/wp-content\/uploads\/2023\/12\/ruisheng-logo.webp","width":400,"height":233,"caption":"Glass Bottle Wholesale"},"image":{"@id":"https:\/\/glassbottlewholesale.com\/#\/schema\/logo\/image\/"}}]}},"_links":{"self":[{"href":"https:\/\/glassbottlewholesale.com\/tr\/wp-json\/wp\/v2\/product\/485","targetHints":{"allow":["GET"]}}],"collection":[{"href":"https:\/\/glassbottlewholesale.com\/tr\/wp-json\/wp\/v2\/product"}],"about":[{"href":"https:\/\/glassbottlewholesale.com\/tr\/wp-json\/wp\/v2\/types\/product"}],"replies":[{"embeddable":true,"href":"https:\/\/glassbottlewholesale.com\/tr\/wp-json\/wp\/v2\/comments?post=485"}],"wp:featuredmedia":[{"embeddable":true,"href":"https:\/\/glassbottlewholesale.com\/tr\/wp-json\/wp\/v2\/media\/4386"}],"wp:attachment":[{"href":"https:\/\/glassbottlewholesale.com\/tr\/wp-json\/wp\/v2\/media?parent=485"}],"wp:term":[{"taxonomy":"product_brand","embeddable":true,"href":"https:\/\/glassbottlewholesale.com\/tr\/wp-json\/wp\/v2\/product_brand?post=485"},{"taxonomy":"product_cat","embeddable":true,"href":"https:\/\/glassbottlewholesale.com\/tr\/wp-json\/wp\/v2\/product_cat?post=485"},{"taxonomy":"product_tag","embeddable":true,"href":"https:\/\/glassbottlewholesale.com\/tr\/wp-json\/wp\/v2\/product_tag?post=485"}],"curies":[{"name":"wp","href":"https:\/\/api.w.org\/{rel}","templated":true}]}}