{"id":491,"date":"2019-10-15T12:35:05","date_gmt":"2019-10-15T12:35:05","guid":{"rendered":"https:\/\/queenchingglass.com\/?post_type=product&#038;p=491"},"modified":"2025-07-10T00:46:25","modified_gmt":"2025-07-10T00:46:25","slug":"toptan-mantarli-ispirto-cam-siseleri","status":"publish","type":"product","link":"https:\/\/glassbottlewholesale.com\/tr\/toptan-mantarli-ispirto-cam-siseleri\/","title":{"rendered":"RS104: Toptan Mantarl\u0131 D\u00f6kme Cam Lik\u00f6r \u015ei\u015feleri"},"content":{"rendered":"<div class=\"wpb-content-wrapper\"><div class=\"vc_row wpb_row vc_row-fluid\"><div class=\"wpb_column vc_column_container vc_col-sm-12\"><div class=\"vc_column-inner\"><div class=\"wpb_wrapper\">\n\t<div class=\"wpb_text_column wpb_content_element\" >\n\t\t<div class=\"wpb_wrapper\">\n\t\t\t<p>Bu mantarl\u0131 d\u00f6kme cam \u015fi\u015fe serisi, s\u0131cak sat\u0131\u015f \u00fcr\u00fcnlerimizden biridir. Bu \u015feffaf yuvarlak lik\u00f6r \u015fi\u015fesinin malzemesi kristal beyaz malzeme son derece beyaz malzemedir. Y\u00fcksek \u015feffaf renge sahip bo\u015f cam lik\u00f6r \u015fi\u015fesi, lik\u00f6r kalitenizi net bir \u015fekilde g\u00f6sterebilir ve daha fazla insan\u0131n lik\u00f6r\u00fcn\u00fcz\u00fc sat\u0131n almas\u0131n\u0131 sa\u011flayabilir.<\/p>\n<p>Firmam\u0131z bu y\u00fcksek kaliteli cam \u015fi\u015felerde iyidir, bu nedenle cam \u015fi\u015fenin kalitesini \u00fcretebilece\u011fimizi garanti ediyoruz. Bu \u015fi\u015fenin tasar\u0131m\u0131n\u0131 be\u011fendiyseniz, ancak kapasitesinden memnun de\u011filseniz, kapasiteyi de\u011fi\u015ftirebiliriz.<\/p>\n<p>Ba\u015fl\u0131ca \u00fcr\u00fcnlerimiz votka \u015fi\u015feleri, brendi \u015fi\u015feleri, viski \u015fi\u015feleri, lik\u00f6r \u015fi\u015feleri, re\u00e7el \u015fi\u015feleri ve benzeri gibi mantarl\u0131 \u00fcst s\u0131n\u0131f cam \u015fi\u015felerdir. Ayr\u0131ca kehribar cam \u015fi\u015feler, ye\u015fil \u015fi\u015feler ve su \u015fi\u015feleri de sunabiliriz. Ana pazar\u0131m\u0131z Avrupa, ABD, Avustralya, Amerika vb. Ve t\u00fcm \u00fcr\u00fcnler yenilik ve i\u015flevsellik a\u00e7\u0131s\u0131ndan y\u00fcksek bir \u00fcne sahiptir.<\/p>\n<p>750ml bo\u015f cam \u015fi\u015felerin \u00fcretimi kesinlikle malzemelerden se\u00e7ilmi\u015ftir, malzemeleri men\u015fe \u00fclkeden getiriyoruz, ayr\u0131ca cam \u015fi\u015feleri i\u015flemek ve yapmak i\u00e7in geli\u015fmi\u015f makineler kullan\u0131yoruz.<\/p>\n<h4>Mantarl\u0131 D\u00f6kme Cam \u015ei\u015feler hakk\u0131nda bilgi<\/h4>\n<ul>\n<li>Ana malzeme: kristal beyaz malzeme son derece beyaz malzeme<\/li>\n<li>Kapak: Mantar<\/li>\n<li>Referans: RS104<\/li>\n<li>ADEDI: 10000 ADET<\/li>\n<li>Kapasite: 750ml<\/li>\n<li>Adet\/Ctn: 24 adet<\/li>\n<li>Yerin k\u00f6keni: Shandong, \u00c7in<\/li>\n<li>\u00d6zellik: \u00c7evre dostu<\/li>\n<\/ul>\n<p>Bu \u015fi\u015fe stoklar\u0131m\u0131zda mevcuttur, sipari\u015f verirseniz \u00e7ok yak\u0131nda alabilirsiniz. Ayr\u0131ca logonuzu bu \u015fi\u015feye yap\u0131\u015ft\u0131rabiliriz. Bu \u015fi\u015fede bask\u0131, buzlanma, boyama ve di\u011ferleri gibi i\u015flemler yapabiliriz, <span class=\"tran\" data-group=\"0_0\">ho\u015f geldiniz diyoruz<\/span>\u00a0<span class=\"tran\" data-group=\"2_1\">arkada\u015flar<\/span>\u00a0her yerinden\u00a0<span class=\"tran\" data-group=\"1_2\">D\u00fcnya<\/span>\u00a0<span class=\"tran\" data-group=\"3_3\">i\u00e7in<\/span>\u00a0<span class=\"tran\" data-group=\"5_4\">ziyaret<\/span>\u00a0<span class=\"tran\" data-group=\"4_5\">Biz<\/span>! Sizin i\u00e7in bir resepsiyon ayarlayaca\u011f\u0131z.<\/p>\n<p>Bu e\u015fsiz kapakl\u0131 cam \u015fi\u015fenin a\u011fz\u0131n\u0131 de\u011fi\u015ftirebilir, ba\u015fka bir \u015feye d\u00f6n\u00fc\u015ft\u00fcrebiliriz.<\/p>\n<p>\u00dczerine desen oymak isterseniz yapabiliriz, istedi\u011finiz deseni oyabiliriz.<\/p>\n<p>Bu yuvarlak \u015feffaf lik\u00f6r \u015fi\u015fesinden memnunsan\u0131z, l\u00fctfen zaman\u0131nda benimle ileti\u015fime ge\u00e7in. E\u011fer be\u011fenmediyseniz, di\u011fer \u015fi\u015felerimize bakabilirsiniz. Ya da size katalo\u011fu verece\u011fim, istedi\u011finizi se\u00e7ebilirsiniz. Mantarl\u0131 d\u00f6kme cam \u015fi\u015felerle ilgileniyorsan\u0131z, l\u00fctfen <a href=\"https:\/\/ruishengglassco.com\/contact\">Bize ula\u015f\u0131n<\/a>. Size 24 saat i\u00e7inde cevap verece\u011fiz.<\/p>\n\n\t\t<\/div>\n\t<\/div>\n<\/div><\/div><\/div><\/div>\n<\/div>","protected":false},"excerpt":{"rendered":"<p>Biz profesyonel bir cam \u015fi\u015fe \u00fcreticisi ve fabrikas\u0131 10 y\u0131l\u0131 a\u015fk\u0131n \u00fcretim tecr\u00fcbesi ve mantarl\u0131 toplu cam \u015fi\u015fe sat\u0131\u015f\u0131. Ana \u00fcr\u00fcn\u00fcm\u00fcz y\u00fcksek kaliteli lik\u00f6r \u015fi\u015feleridir. Lik\u00f6r \u015fi\u015femiz viski, votka, brendi, XO, tekila ambalaj\u0131 olarak kullan\u0131labilir.<\/p>\n<p>Bu seri yuvarlak cam \u015fi\u015fe toptan ABD, \u0130ngiltere, Kanada, Rusya, \u0130talya, Almanya vb. \u00fclkelere ihra\u00e7 edilen en pop\u00fcler \u00fcr\u00fcnlerden biridir.<\/p>\n<p>Toptan yuvarlak cam \u015fi\u015fe fiyat\u0131 ile ilgileniyorsan\u0131z, l\u00fctfen bizimle ileti\u015fime ge\u00e7mekten \u00e7ekinmeyin.<\/p>","protected":false},"featured_media":4489,"comment_status":"open","ping_status":"closed","template":"","meta":[],"product_brand":[],"product_cat":[52,63],"product_tag":[],"class_list":{"0":"post-491","1":"product","2":"type-product","3":"status-publish","4":"has-post-thumbnail","6":"product_cat-750ml-glass-bottle","7":"product_cat-liquor-bottle","8":"entry","9":"has-media","11":"first","12":"instock","13":"shipping-taxable","14":"product-type-simple"},"yoast_head":"<!-- This site is optimized with the Yoast SEO plugin v27.3 - https:\/\/yoast.com\/product\/yoast-seo-wordpress\/ -->\n<title>Bulk Glass Bottles With Corks | Round Clear Liquor Bottle Supplier<\/title>\n<meta name=\"description\" content=\"Are you searching for to buy round clear liquor bottles? Click here to bulk glass bottles with corks for liquor. Factory outlet&amp;Quality Assurance.\" \/>\n<meta name=\"robots\" content=\"index, follow, max-snippet:-1, max-image-preview:large, max-video-preview:-1\" \/>\n<link rel=\"canonical\" href=\"https:\/\/ruishengglassco.com\/product\/rs104-bulk-glass-liquor-bottles-with-corks-wholesale\" \/>\n<meta property=\"og:locale\" content=\"tr_TR\" \/>\n<meta property=\"og:type\" content=\"article\" \/>\n<meta property=\"og:title\" content=\"Bulk Glass Bottles With Corks | Round Clear Liquor Bottle Supplier\" \/>\n<meta property=\"og:description\" content=\"Are you searching for to buy round clear liquor bottles? Click here to bulk glass bottles with corks for liquor. Factory outlet&amp;Quality Assurance.\" \/>\n<meta property=\"og:url\" content=\"https:\/\/ruishengglassco.com\/product\/rs104-bulk-glass-liquor-bottles-with-corks-wholesale\" \/>\n<meta property=\"og:site_name\" content=\"Glass Bottle Wholesale\" \/>\n<meta property=\"article:modified_time\" content=\"2025-07-10T00:46:25+00:00\" \/>\n<meta property=\"og:image\" content=\"https:\/\/glassbottlewholesale.com\/wp-content\/uploads\/2024\/01\/rs104-1.jpg\" \/>\n\t<meta property=\"og:image:width\" content=\"800\" \/>\n\t<meta property=\"og:image:height\" content=\"800\" \/>\n\t<meta property=\"og:image:type\" content=\"image\/jpeg\" \/>\n<meta name=\"twitter:card\" content=\"summary_large_image\" \/>\n<meta name=\"twitter:label1\" content=\"Tahmini okuma s\u00fcresi\" \/>\n\t<meta name=\"twitter:data1\" content=\"2 dakika\" \/>\n<script type=\"application\/ld+json\" class=\"yoast-schema-graph\">{\"@context\":\"https:\\\/\\\/schema.org\",\"@graph\":[{\"@type\":\"WebPage\",\"@id\":\"https:\\\/\\\/glassbottlewholesale.com\\\/spirit-glass-bottles-with-corks-wholesale\\\/\",\"url\":\"https:\\\/\\\/ruishengglassco.com\\\/product\\\/rs104-bulk-glass-liquor-bottles-with-corks-wholesale\",\"name\":\"Bulk Glass Bottles With Corks | Round Clear Liquor Bottle Supplier\",\"isPartOf\":{\"@id\":\"https:\\\/\\\/glassbottlewholesale.com\\\/#website\"},\"primaryImageOfPage\":{\"@id\":\"https:\\\/\\\/ruishengglassco.com\\\/product\\\/rs104-bulk-glass-liquor-bottles-with-corks-wholesale#primaryimage\"},\"image\":{\"@id\":\"https:\\\/\\\/ruishengglassco.com\\\/product\\\/rs104-bulk-glass-liquor-bottles-with-corks-wholesale#primaryimage\"},\"thumbnailUrl\":\"https:\\\/\\\/glassbottlewholesale.com\\\/wp-content\\\/uploads\\\/2024\\\/01\\\/rs104-1.jpg\",\"datePublished\":\"2019-10-15T12:35:05+00:00\",\"dateModified\":\"2025-07-10T00:46:25+00:00\",\"description\":\"Are you searching for to buy round clear liquor bottles? Click here to bulk glass bottles with corks for liquor. Factory outlet&Quality Assurance.\",\"breadcrumb\":{\"@id\":\"https:\\\/\\\/ruishengglassco.com\\\/product\\\/rs104-bulk-glass-liquor-bottles-with-corks-wholesale#breadcrumb\"},\"inLanguage\":\"tr\",\"potentialAction\":[{\"@type\":\"ReadAction\",\"target\":[\"https:\\\/\\\/ruishengglassco.com\\\/product\\\/rs104-bulk-glass-liquor-bottles-with-corks-wholesale\"]}]},{\"@type\":\"ImageObject\",\"inLanguage\":\"tr\",\"@id\":\"https:\\\/\\\/ruishengglassco.com\\\/product\\\/rs104-bulk-glass-liquor-bottles-with-corks-wholesale#primaryimage\",\"url\":\"https:\\\/\\\/glassbottlewholesale.com\\\/wp-content\\\/uploads\\\/2024\\\/01\\\/rs104-1.jpg\",\"contentUrl\":\"https:\\\/\\\/glassbottlewholesale.com\\\/wp-content\\\/uploads\\\/2024\\\/01\\\/rs104-1.jpg\",\"width\":800,\"height\":800,\"caption\":\"RS104: Bulk Glass Liquor Bottles With Corks Wholesale\"},{\"@type\":\"BreadcrumbList\",\"@id\":\"https:\\\/\\\/ruishengglassco.com\\\/product\\\/rs104-bulk-glass-liquor-bottles-with-corks-wholesale#breadcrumb\",\"itemListElement\":[{\"@type\":\"ListItem\",\"position\":1,\"name\":\"Home\",\"item\":\"https:\\\/\\\/glassbottlewholesale.com\\\/\"},{\"@type\":\"ListItem\",\"position\":2,\"name\":\"Products\",\"item\":\"https:\\\/\\\/glassbottlewholesale.com\\\/shop\\\/\"},{\"@type\":\"ListItem\",\"position\":3,\"name\":\"RS104: Bulk Glass Liquor Bottles With Corks Wholesale\"}]},{\"@type\":\"WebSite\",\"@id\":\"https:\\\/\\\/glassbottlewholesale.com\\\/#website\",\"url\":\"https:\\\/\\\/glassbottlewholesale.com\\\/\",\"name\":\"Glass Bottle Wholesale\",\"description\":\"\",\"publisher\":{\"@id\":\"https:\\\/\\\/glassbottlewholesale.com\\\/#organization\"},\"potentialAction\":[{\"@type\":\"SearchAction\",\"target\":{\"@type\":\"EntryPoint\",\"urlTemplate\":\"https:\\\/\\\/glassbottlewholesale.com\\\/?s={search_term_string}\"},\"query-input\":{\"@type\":\"PropertyValueSpecification\",\"valueRequired\":true,\"valueName\":\"search_term_string\"}}],\"inLanguage\":\"tr\"},{\"@type\":\"Organization\",\"@id\":\"https:\\\/\\\/glassbottlewholesale.com\\\/#organization\",\"name\":\"Glass Bottle Wholesale\",\"url\":\"https:\\\/\\\/glassbottlewholesale.com\\\/\",\"logo\":{\"@type\":\"ImageObject\",\"inLanguage\":\"tr\",\"@id\":\"https:\\\/\\\/glassbottlewholesale.com\\\/#\\\/schema\\\/logo\\\/image\\\/\",\"url\":\"https:\\\/\\\/glassbottlewholesale.com\\\/wp-content\\\/uploads\\\/2023\\\/12\\\/ruisheng-logo.webp\",\"contentUrl\":\"https:\\\/\\\/glassbottlewholesale.com\\\/wp-content\\\/uploads\\\/2023\\\/12\\\/ruisheng-logo.webp\",\"width\":400,\"height\":233,\"caption\":\"Glass Bottle Wholesale\"},\"image\":{\"@id\":\"https:\\\/\\\/glassbottlewholesale.com\\\/#\\\/schema\\\/logo\\\/image\\\/\"}}]}<\/script>\n<!-- \/ Yoast SEO plugin. -->","yoast_head_json":{"title":"Mantarl\u0131 D\u00f6kme Cam \u015ei\u015feler | Yuvarlak \u015eeffaf Lik\u00f6r \u015ei\u015fesi Tedarik\u00e7isi","description":"Yuvarlak \u015feffaf lik\u00f6r \u015fi\u015feleri sat\u0131n almak m\u0131 istiyorsunuz? Lik\u00f6r i\u00e7in mantarl\u0131 toplu cam \u015fi\u015feler i\u00e7in buraya t\u0131klay\u0131n. Fabrika \u00e7\u0131k\u0131\u015f\u0131&amp;Kalite G\u00fcvencesi.","robots":{"index":"index","follow":"follow","max-snippet":"max-snippet:-1","max-image-preview":"max-image-preview:large","max-video-preview":"max-video-preview:-1"},"canonical":"https:\/\/ruishengglassco.com\/product\/rs104-bulk-glass-liquor-bottles-with-corks-wholesale","og_locale":"tr_TR","og_type":"article","og_title":"Bulk Glass Bottles With Corks | Round Clear Liquor Bottle Supplier","og_description":"Are you searching for to buy round clear liquor bottles? Click here to bulk glass bottles with corks for liquor. Factory outlet&Quality Assurance.","og_url":"https:\/\/ruishengglassco.com\/product\/rs104-bulk-glass-liquor-bottles-with-corks-wholesale","og_site_name":"Glass Bottle Wholesale","article_modified_time":"2025-07-10T00:46:25+00:00","og_image":[{"width":800,"height":800,"url":"https:\/\/glassbottlewholesale.com\/wp-content\/uploads\/2024\/01\/rs104-1.jpg","type":"image\/jpeg"}],"twitter_card":"summary_large_image","twitter_misc":{"Tahmini okuma s\u00fcresi":"2 dakika"},"schema":{"@context":"https:\/\/schema.org","@graph":[{"@type":"WebPage","@id":"https:\/\/glassbottlewholesale.com\/spirit-glass-bottles-with-corks-wholesale\/","url":"https:\/\/ruishengglassco.com\/product\/rs104-bulk-glass-liquor-bottles-with-corks-wholesale","name":"Mantarl\u0131 D\u00f6kme Cam \u015ei\u015feler | Yuvarlak \u015eeffaf Lik\u00f6r \u015ei\u015fesi Tedarik\u00e7isi","isPartOf":{"@id":"https:\/\/glassbottlewholesale.com\/#website"},"primaryImageOfPage":{"@id":"https:\/\/ruishengglassco.com\/product\/rs104-bulk-glass-liquor-bottles-with-corks-wholesale#primaryimage"},"image":{"@id":"https:\/\/ruishengglassco.com\/product\/rs104-bulk-glass-liquor-bottles-with-corks-wholesale#primaryimage"},"thumbnailUrl":"https:\/\/glassbottlewholesale.com\/wp-content\/uploads\/2024\/01\/rs104-1.jpg","datePublished":"2019-10-15T12:35:05+00:00","dateModified":"2025-07-10T00:46:25+00:00","description":"Yuvarlak \u015feffaf lik\u00f6r \u015fi\u015feleri sat\u0131n almak m\u0131 istiyorsunuz? Lik\u00f6r i\u00e7in mantarl\u0131 toplu cam \u015fi\u015feler i\u00e7in buraya t\u0131klay\u0131n. Fabrika \u00e7\u0131k\u0131\u015f\u0131&amp;Kalite G\u00fcvencesi.","breadcrumb":{"@id":"https:\/\/ruishengglassco.com\/product\/rs104-bulk-glass-liquor-bottles-with-corks-wholesale#breadcrumb"},"inLanguage":"tr","potentialAction":[{"@type":"ReadAction","target":["https:\/\/ruishengglassco.com\/product\/rs104-bulk-glass-liquor-bottles-with-corks-wholesale"]}]},{"@type":"ImageObject","inLanguage":"tr","@id":"https:\/\/ruishengglassco.com\/product\/rs104-bulk-glass-liquor-bottles-with-corks-wholesale#primaryimage","url":"https:\/\/glassbottlewholesale.com\/wp-content\/uploads\/2024\/01\/rs104-1.jpg","contentUrl":"https:\/\/glassbottlewholesale.com\/wp-content\/uploads\/2024\/01\/rs104-1.jpg","width":800,"height":800,"caption":"RS104: Bulk Glass Liquor Bottles With Corks Wholesale"},{"@type":"BreadcrumbList","@id":"https:\/\/ruishengglassco.com\/product\/rs104-bulk-glass-liquor-bottles-with-corks-wholesale#breadcrumb","itemListElement":[{"@type":"ListItem","position":1,"name":"Home","item":"https:\/\/glassbottlewholesale.com\/"},{"@type":"ListItem","position":2,"name":"Products","item":"https:\/\/glassbottlewholesale.com\/shop\/"},{"@type":"ListItem","position":3,"name":"RS104: Bulk Glass Liquor Bottles With Corks Wholesale"}]},{"@type":"WebSite","@id":"https:\/\/glassbottlewholesale.com\/#website","url":"https:\/\/glassbottlewholesale.com\/","name":"Glass Bottle Wholesale","description":"","publisher":{"@id":"https:\/\/glassbottlewholesale.com\/#organization"},"potentialAction":[{"@type":"SearchAction","target":{"@type":"EntryPoint","urlTemplate":"https:\/\/glassbottlewholesale.com\/?s={search_term_string}"},"query-input":{"@type":"PropertyValueSpecification","valueRequired":true,"valueName":"search_term_string"}}],"inLanguage":"tr"},{"@type":"Organization","@id":"https:\/\/glassbottlewholesale.com\/#organization","name":"Glass Bottle Wholesale","url":"https:\/\/glassbottlewholesale.com\/","logo":{"@type":"ImageObject","inLanguage":"tr","@id":"https:\/\/glassbottlewholesale.com\/#\/schema\/logo\/image\/","url":"https:\/\/glassbottlewholesale.com\/wp-content\/uploads\/2023\/12\/ruisheng-logo.webp","contentUrl":"https:\/\/glassbottlewholesale.com\/wp-content\/uploads\/2023\/12\/ruisheng-logo.webp","width":400,"height":233,"caption":"Glass Bottle Wholesale"},"image":{"@id":"https:\/\/glassbottlewholesale.com\/#\/schema\/logo\/image\/"}}]}},"_links":{"self":[{"href":"https:\/\/glassbottlewholesale.com\/tr\/wp-json\/wp\/v2\/product\/491","targetHints":{"allow":["GET"]}}],"collection":[{"href":"https:\/\/glassbottlewholesale.com\/tr\/wp-json\/wp\/v2\/product"}],"about":[{"href":"https:\/\/glassbottlewholesale.com\/tr\/wp-json\/wp\/v2\/types\/product"}],"replies":[{"embeddable":true,"href":"https:\/\/glassbottlewholesale.com\/tr\/wp-json\/wp\/v2\/comments?post=491"}],"wp:featuredmedia":[{"embeddable":true,"href":"https:\/\/glassbottlewholesale.com\/tr\/wp-json\/wp\/v2\/media\/4489"}],"wp:attachment":[{"href":"https:\/\/glassbottlewholesale.com\/tr\/wp-json\/wp\/v2\/media?parent=491"}],"wp:term":[{"taxonomy":"product_brand","embeddable":true,"href":"https:\/\/glassbottlewholesale.com\/tr\/wp-json\/wp\/v2\/product_brand?post=491"},{"taxonomy":"product_cat","embeddable":true,"href":"https:\/\/glassbottlewholesale.com\/tr\/wp-json\/wp\/v2\/product_cat?post=491"},{"taxonomy":"product_tag","embeddable":true,"href":"https:\/\/glassbottlewholesale.com\/tr\/wp-json\/wp\/v2\/product_tag?post=491"}],"curies":[{"name":"wp","href":"https:\/\/api.w.org\/{rel}","templated":true}]}}