{"id":497,"date":"2019-10-15T12:38:52","date_gmt":"2019-10-15T12:38:52","guid":{"rendered":"https:\/\/queenchingglass.com\/?post_type=product&#038;p=497"},"modified":"2023-12-06T01:20:02","modified_gmt":"2023-12-06T01:20:02","slug":"buy-bulk-mini-glass-bottles","status":"publish","type":"product","link":"https:\/\/glassbottlewholesale.com\/tr\/buy-bulk-mini-glass-bottles\/","title":{"rendered":"RS102:Toplu Mini Lik\u00f6r \u015ei\u015feleri Sat\u0131n Al\u0131n"},"content":{"rendered":"<p>G\u00fcvenilir bir \u00c7in lik\u00f6r \u015fi\u015fesi \u00fcreticisinden lik\u00f6r i\u00e7in toplu mini cam \u015fi\u015feler sat\u0131n almak ister misiniz? Ruisheng Glass Ltd. \u00c7in'deki en b\u00fcy\u00fck lik\u00f6r \u015fi\u015fesi \u00fcreticilerinden biridir. Fabrikam\u0131z a\u011f\u0131rl\u0131kl\u0131 olarak kristal beyaz cam \u015fi\u015feler ve y\u00fcksek beyaz cam \u015fi\u015feler gibi \u00fcst s\u0131n\u0131f ve orta s\u0131n\u0131f alkoll\u00fc cam \u015fi\u015feler \u00fcretmektedir.<\/p>\n<p>Bu \u015feffaf yuvarlak cam \u015fi\u015fe toptan fabrikam\u0131zdaki cam \u015fi\u015felerin ana hacimlerinden biridir. Silindir cam \u015fi\u015feler, kare cam \u015fi\u015feler, plaka cam \u015fi\u015feler ve \u00f6zel \u015fekilli cam \u015fi\u015feler gibi farkl\u0131 \u015fekillerde bo\u015f cam \u015fi\u015feler sunabiliriz. Ve 100ml, 125ml, 250ml, 375ml, 500ml gibi farkl\u0131 hacimli lik\u00f6r cam \u015fi\u015feleri yapabiliriz. 700ml, 750ml, 1000ml, 1750ml, 3000ml ve di\u011fer \u00f6zel hacimli cam \u015fi\u015feler.<\/p>\n<h4>Toplu Mini Lik\u00f6r \u015ei\u015feleri Sat\u0131n Al Hakk\u0131nda Bilgi<\/h4>\n<ul>\n<li>Kapasite: 50ml<\/li>\n<li>\u015eekil: Yuvarlak<\/li>\n<li>Geni\u015flik: 80mm<\/li>\n<li>Uzunluk: 190mm<\/li>\n<li>T\u0131pa: Vidal\u0131 \u00dcst<\/li>\n<li>Renk: A\u00e7\u0131k, \u015eeffaf<\/li>\n<li>Hizmet OEM\/ODM<\/li>\n<\/ul>\n<p>\u015eeffaf yuvarlak cam \u015fi\u015feleri toptan paketlemenin \u00fc\u00e7 yolu var ve ayr\u0131ca cam \u015fi\u015feleri m\u00fc\u015fterinin talebine g\u00f6re paketleyebiliriz.<\/p>\n<p>Cam \u015fi\u015felerin ilk paketleme \u015fekli karton paketlemedir. Karton standart bir ihracat kartonudur. \u00d6zel ambalaj kutunuzu yapmak istiyorsan\u0131z, bunu sizin i\u00e7in de yapabiliriz.<\/p>\n<p>Cam ispirto \u015fi\u015felerinin ikinci paketleme \u015fekli paletli paketlemedir. Palet f\u00fcmigasyonsuzdur. Ve palet boyutu 100 x 120 cm'dir.<\/p>\n<p>\u00dc\u00e7\u00fcnc\u00fc paketleme yolu karton ve palet paketlemedir. Karton standart bir ihracat kartonu veya \u00f6zel renkli kutudur ve palet f\u00fcmigasyonsuzdur.<\/p>\n<p>Bu \u015feffaf cam \u015fi\u015feden memnun kald\u0131ysan\u0131z, l\u00fctfen zaman\u0131nda benimle ileti\u015fime ge\u00e7in. E\u011fer be\u011fenmediyseniz, di\u011fer \u015fi\u015felerimize bakabilirsiniz. Ya da size katalog verece\u011fim, istedi\u011finizi se\u00e7ebilirsiniz. Hermetik alkol \u015fi\u015felerimizle ilgileniyorsan\u0131z, l\u00fctfen bizimle ileti\u015fime ge\u00e7in. Size 24 saat i\u00e7inde cevap verece\u011fiz.<\/p>","protected":false},"excerpt":{"rendered":"<div class=\"col col-sm-6 col-xs-12\">\n<div id=\"slider-4582-product-image-carosel\" class=\"rt-carousel carousel-holder clearfix product-image-carosel rt-image-carousel\" data-item-width=\"1\" data-nav=\"true\" data-dots=\"false\" data-margin=\"15\" data-autoplay=\"true\" data-timeout=\"7500\" data-loop=\"false\" data-tablet-item-width=\"\" data-mobile-item-width=\"1\">\n<div class=\"owl-carousel owl-loaded owl-drag\">\n<div class=\"owl-nav\">\n<div class=\"owl-next disabled\">\u00dcst S\u0131n\u0131f 50ml \u015feffaf cam \u015fi\u015feler, fabrikam\u0131zdaki ana hacimli cam \u015fi\u015felerden biridir. Silindir cam \u015fi\u015feler, kare cam \u015fi\u015feler, plaka cam \u015fi\u015feler ve \u00f6zel \u015fekilli cam \u015fi\u015feler gibi farkl\u0131 \u015fekillerde bo\u015f cam \u015fi\u015feler sunabiliriz. Ve 100ml, 125ml, 250ml, 375ml, 500ml gibi farkl\u0131 hacimli lik\u00f6r cam \u015fi\u015feleri yapabiliriz. 700ml, 750ml, 1000ml, 1750ml, 3000ml ve di\u011fer \u00f6zel hacimli cam \u015fi\u015feler.<\/div>\n<\/div>\n<\/div>\n<\/div>\n<\/div>","protected":false},"featured_media":2120,"comment_status":"open","ping_status":"closed","template":"","meta":[],"product_brand":[],"product_cat":[58,63],"product_tag":[],"class_list":{"0":"post-497","1":"product","2":"type-product","3":"status-publish","4":"has-post-thumbnail","6":"product_cat-50ml-glass-bottle","7":"product_cat-liquor-bottle","8":"entry","9":"has-media","11":"first","12":"instock","13":"shipping-taxable","14":"product-type-simple"},"yoast_head":"<!-- This site is optimized with the Yoast SEO plugin v27.3 - https:\/\/yoast.com\/product\/yoast-seo-wordpress\/ -->\n<title>Buy Bulk Mini Liquor Bottles | Clear Round Glass Bottle Wholesale<\/title>\n<meta name=\"description\" content=\"Buy Bulk Mini Liquor Bottles Bulk From China Spirit Bottle Manufacturer. Factory Outlet&amp;Cheap Clear Round Glass Bottle Wholesale. Get Quote Now.\" \/>\n<meta name=\"robots\" content=\"index, follow, max-snippet:-1, max-image-preview:large, max-video-preview:-1\" \/>\n<link rel=\"canonical\" href=\"https:\/\/ruishengglassco.com\/product\/rs102buy-bulk-mini-liquor-bottles\" \/>\n<meta property=\"og:locale\" content=\"tr_TR\" \/>\n<meta property=\"og:type\" content=\"article\" \/>\n<meta property=\"og:title\" content=\"Buy Bulk Mini Liquor Bottles | Clear Round Glass Bottle Wholesale\" \/>\n<meta property=\"og:description\" content=\"Buy Bulk Mini Liquor Bottles Bulk From China Spirit Bottle Manufacturer. Factory Outlet&amp;Cheap Clear Round Glass Bottle Wholesale. Get Quote Now.\" \/>\n<meta property=\"og:url\" content=\"https:\/\/ruishengglassco.com\/product\/rs102buy-bulk-mini-liquor-bottles\" \/>\n<meta property=\"og:site_name\" content=\"Glass Bottle Wholesale\" \/>\n<meta property=\"article:modified_time\" content=\"2023-12-06T01:20:02+00:00\" \/>\n<meta property=\"og:image\" content=\"https:\/\/glassbottlewholesale.com\/wp-content\/uploads\/2019\/10\/E7_99_BD_E9_85_9217_c79fbe74210dfca01a387fdec5bd86e5.jpg\" \/>\n\t<meta property=\"og:image:width\" content=\"640\" \/>\n\t<meta property=\"og:image:height\" content=\"640\" \/>\n\t<meta property=\"og:image:type\" content=\"image\/jpeg\" \/>\n<meta name=\"twitter:card\" content=\"summary_large_image\" \/>\n<meta name=\"twitter:label1\" content=\"Tahmini okuma s\u00fcresi\" \/>\n\t<meta name=\"twitter:data1\" content=\"2 dakika\" \/>\n<script type=\"application\/ld+json\" class=\"yoast-schema-graph\">{\"@context\":\"https:\\\/\\\/schema.org\",\"@graph\":[{\"@type\":\"WebPage\",\"@id\":\"https:\\\/\\\/glassbottlewholesale.com\\\/buy-bulk-mini-glass-bottles\\\/\",\"url\":\"https:\\\/\\\/ruishengglassco.com\\\/product\\\/rs102buy-bulk-mini-liquor-bottles\",\"name\":\"Buy Bulk Mini Liquor Bottles | Clear Round Glass Bottle Wholesale\",\"isPartOf\":{\"@id\":\"https:\\\/\\\/glassbottlewholesale.com\\\/#website\"},\"primaryImageOfPage\":{\"@id\":\"https:\\\/\\\/ruishengglassco.com\\\/product\\\/rs102buy-bulk-mini-liquor-bottles#primaryimage\"},\"image\":{\"@id\":\"https:\\\/\\\/ruishengglassco.com\\\/product\\\/rs102buy-bulk-mini-liquor-bottles#primaryimage\"},\"thumbnailUrl\":\"https:\\\/\\\/glassbottlewholesale.com\\\/wp-content\\\/uploads\\\/2019\\\/10\\\/E7_99_BD_E9_85_9217_c79fbe74210dfca01a387fdec5bd86e5.jpg\",\"datePublished\":\"2019-10-15T12:38:52+00:00\",\"dateModified\":\"2023-12-06T01:20:02+00:00\",\"description\":\"Buy Bulk Mini Liquor Bottles Bulk From China Spirit Bottle Manufacturer. Factory Outlet&Cheap Clear Round Glass Bottle Wholesale. Get Quote Now.\",\"breadcrumb\":{\"@id\":\"https:\\\/\\\/ruishengglassco.com\\\/product\\\/rs102buy-bulk-mini-liquor-bottles#breadcrumb\"},\"inLanguage\":\"tr\",\"potentialAction\":[{\"@type\":\"ReadAction\",\"target\":[\"https:\\\/\\\/ruishengglassco.com\\\/product\\\/rs102buy-bulk-mini-liquor-bottles\"]}]},{\"@type\":\"ImageObject\",\"inLanguage\":\"tr\",\"@id\":\"https:\\\/\\\/ruishengglassco.com\\\/product\\\/rs102buy-bulk-mini-liquor-bottles#primaryimage\",\"url\":\"https:\\\/\\\/glassbottlewholesale.com\\\/wp-content\\\/uploads\\\/2019\\\/10\\\/E7_99_BD_E9_85_9217_c79fbe74210dfca01a387fdec5bd86e5.jpg\",\"contentUrl\":\"https:\\\/\\\/glassbottlewholesale.com\\\/wp-content\\\/uploads\\\/2019\\\/10\\\/E7_99_BD_E9_85_9217_c79fbe74210dfca01a387fdec5bd86e5.jpg\",\"width\":640,\"height\":640,\"caption\":\"Buy Bulk Mini Glass Bottles\"},{\"@type\":\"BreadcrumbList\",\"@id\":\"https:\\\/\\\/ruishengglassco.com\\\/product\\\/rs102buy-bulk-mini-liquor-bottles#breadcrumb\",\"itemListElement\":[{\"@type\":\"ListItem\",\"position\":1,\"name\":\"Home\",\"item\":\"https:\\\/\\\/glassbottlewholesale.com\\\/\"},{\"@type\":\"ListItem\",\"position\":2,\"name\":\"Products\",\"item\":\"https:\\\/\\\/glassbottlewholesale.com\\\/shop\\\/\"},{\"@type\":\"ListItem\",\"position\":3,\"name\":\"RS102:Buy Bulk Mini Liquor Bottles\"}]},{\"@type\":\"WebSite\",\"@id\":\"https:\\\/\\\/glassbottlewholesale.com\\\/#website\",\"url\":\"https:\\\/\\\/glassbottlewholesale.com\\\/\",\"name\":\"Glass Bottle Wholesale\",\"description\":\"\",\"publisher\":{\"@id\":\"https:\\\/\\\/glassbottlewholesale.com\\\/#organization\"},\"potentialAction\":[{\"@type\":\"SearchAction\",\"target\":{\"@type\":\"EntryPoint\",\"urlTemplate\":\"https:\\\/\\\/glassbottlewholesale.com\\\/?s={search_term_string}\"},\"query-input\":{\"@type\":\"PropertyValueSpecification\",\"valueRequired\":true,\"valueName\":\"search_term_string\"}}],\"inLanguage\":\"tr\"},{\"@type\":\"Organization\",\"@id\":\"https:\\\/\\\/glassbottlewholesale.com\\\/#organization\",\"name\":\"Glass Bottle Wholesale\",\"url\":\"https:\\\/\\\/glassbottlewholesale.com\\\/\",\"logo\":{\"@type\":\"ImageObject\",\"inLanguage\":\"tr\",\"@id\":\"https:\\\/\\\/glassbottlewholesale.com\\\/#\\\/schema\\\/logo\\\/image\\\/\",\"url\":\"https:\\\/\\\/glassbottlewholesale.com\\\/wp-content\\\/uploads\\\/2023\\\/12\\\/ruisheng-logo.webp\",\"contentUrl\":\"https:\\\/\\\/glassbottlewholesale.com\\\/wp-content\\\/uploads\\\/2023\\\/12\\\/ruisheng-logo.webp\",\"width\":400,\"height\":233,\"caption\":\"Glass Bottle Wholesale\"},\"image\":{\"@id\":\"https:\\\/\\\/glassbottlewholesale.com\\\/#\\\/schema\\\/logo\\\/image\\\/\"}}]}<\/script>\n<!-- \/ Yoast SEO plugin. -->","yoast_head_json":{"title":"Buy Bulk Mini Liquor Bottles | Clear Round Glass Bottle Wholesale","description":"Buy Bulk Mini Liquor Bottles Bulk From China Spirit Bottle Manufacturer. Factory Outlet&Cheap Clear Round Glass Bottle Wholesale. Get Quote Now.","robots":{"index":"index","follow":"follow","max-snippet":"max-snippet:-1","max-image-preview":"max-image-preview:large","max-video-preview":"max-video-preview:-1"},"canonical":"https:\/\/ruishengglassco.com\/product\/rs102buy-bulk-mini-liquor-bottles","og_locale":"tr_TR","og_type":"article","og_title":"Buy Bulk Mini Liquor Bottles | Clear Round Glass Bottle Wholesale","og_description":"Buy Bulk Mini Liquor Bottles Bulk From China Spirit Bottle Manufacturer. Factory Outlet&Cheap Clear Round Glass Bottle Wholesale. Get Quote Now.","og_url":"https:\/\/ruishengglassco.com\/product\/rs102buy-bulk-mini-liquor-bottles","og_site_name":"Glass Bottle Wholesale","article_modified_time":"2023-12-06T01:20:02+00:00","og_image":[{"width":640,"height":640,"url":"https:\/\/glassbottlewholesale.com\/wp-content\/uploads\/2019\/10\/E7_99_BD_E9_85_9217_c79fbe74210dfca01a387fdec5bd86e5.jpg","type":"image\/jpeg"}],"twitter_card":"summary_large_image","twitter_misc":{"Tahmini okuma s\u00fcresi":"2 dakika"},"schema":{"@context":"https:\/\/schema.org","@graph":[{"@type":"WebPage","@id":"https:\/\/glassbottlewholesale.com\/buy-bulk-mini-glass-bottles\/","url":"https:\/\/ruishengglassco.com\/product\/rs102buy-bulk-mini-liquor-bottles","name":"Buy Bulk Mini Liquor Bottles | Clear Round Glass Bottle Wholesale","isPartOf":{"@id":"https:\/\/glassbottlewholesale.com\/#website"},"primaryImageOfPage":{"@id":"https:\/\/ruishengglassco.com\/product\/rs102buy-bulk-mini-liquor-bottles#primaryimage"},"image":{"@id":"https:\/\/ruishengglassco.com\/product\/rs102buy-bulk-mini-liquor-bottles#primaryimage"},"thumbnailUrl":"https:\/\/glassbottlewholesale.com\/wp-content\/uploads\/2019\/10\/E7_99_BD_E9_85_9217_c79fbe74210dfca01a387fdec5bd86e5.jpg","datePublished":"2019-10-15T12:38:52+00:00","dateModified":"2023-12-06T01:20:02+00:00","description":"Buy Bulk Mini Liquor Bottles Bulk From China Spirit Bottle Manufacturer. Factory Outlet&Cheap Clear Round Glass Bottle Wholesale. Get Quote Now.","breadcrumb":{"@id":"https:\/\/ruishengglassco.com\/product\/rs102buy-bulk-mini-liquor-bottles#breadcrumb"},"inLanguage":"tr","potentialAction":[{"@type":"ReadAction","target":["https:\/\/ruishengglassco.com\/product\/rs102buy-bulk-mini-liquor-bottles"]}]},{"@type":"ImageObject","inLanguage":"tr","@id":"https:\/\/ruishengglassco.com\/product\/rs102buy-bulk-mini-liquor-bottles#primaryimage","url":"https:\/\/glassbottlewholesale.com\/wp-content\/uploads\/2019\/10\/E7_99_BD_E9_85_9217_c79fbe74210dfca01a387fdec5bd86e5.jpg","contentUrl":"https:\/\/glassbottlewholesale.com\/wp-content\/uploads\/2019\/10\/E7_99_BD_E9_85_9217_c79fbe74210dfca01a387fdec5bd86e5.jpg","width":640,"height":640,"caption":"Buy Bulk Mini Glass Bottles"},{"@type":"BreadcrumbList","@id":"https:\/\/ruishengglassco.com\/product\/rs102buy-bulk-mini-liquor-bottles#breadcrumb","itemListElement":[{"@type":"ListItem","position":1,"name":"Home","item":"https:\/\/glassbottlewholesale.com\/"},{"@type":"ListItem","position":2,"name":"Products","item":"https:\/\/glassbottlewholesale.com\/shop\/"},{"@type":"ListItem","position":3,"name":"RS102:Buy Bulk Mini Liquor Bottles"}]},{"@type":"WebSite","@id":"https:\/\/glassbottlewholesale.com\/#website","url":"https:\/\/glassbottlewholesale.com\/","name":"Glass Bottle Wholesale","description":"","publisher":{"@id":"https:\/\/glassbottlewholesale.com\/#organization"},"potentialAction":[{"@type":"SearchAction","target":{"@type":"EntryPoint","urlTemplate":"https:\/\/glassbottlewholesale.com\/?s={search_term_string}"},"query-input":{"@type":"PropertyValueSpecification","valueRequired":true,"valueName":"search_term_string"}}],"inLanguage":"tr"},{"@type":"Organization","@id":"https:\/\/glassbottlewholesale.com\/#organization","name":"Glass Bottle Wholesale","url":"https:\/\/glassbottlewholesale.com\/","logo":{"@type":"ImageObject","inLanguage":"tr","@id":"https:\/\/glassbottlewholesale.com\/#\/schema\/logo\/image\/","url":"https:\/\/glassbottlewholesale.com\/wp-content\/uploads\/2023\/12\/ruisheng-logo.webp","contentUrl":"https:\/\/glassbottlewholesale.com\/wp-content\/uploads\/2023\/12\/ruisheng-logo.webp","width":400,"height":233,"caption":"Glass Bottle Wholesale"},"image":{"@id":"https:\/\/glassbottlewholesale.com\/#\/schema\/logo\/image\/"}}]}},"_links":{"self":[{"href":"https:\/\/glassbottlewholesale.com\/tr\/wp-json\/wp\/v2\/product\/497","targetHints":{"allow":["GET"]}}],"collection":[{"href":"https:\/\/glassbottlewholesale.com\/tr\/wp-json\/wp\/v2\/product"}],"about":[{"href":"https:\/\/glassbottlewholesale.com\/tr\/wp-json\/wp\/v2\/types\/product"}],"replies":[{"embeddable":true,"href":"https:\/\/glassbottlewholesale.com\/tr\/wp-json\/wp\/v2\/comments?post=497"}],"wp:featuredmedia":[{"embeddable":true,"href":"https:\/\/glassbottlewholesale.com\/tr\/wp-json\/wp\/v2\/media\/2120"}],"wp:attachment":[{"href":"https:\/\/glassbottlewholesale.com\/tr\/wp-json\/wp\/v2\/media?parent=497"}],"wp:term":[{"taxonomy":"product_brand","embeddable":true,"href":"https:\/\/glassbottlewholesale.com\/tr\/wp-json\/wp\/v2\/product_brand?post=497"},{"taxonomy":"product_cat","embeddable":true,"href":"https:\/\/glassbottlewholesale.com\/tr\/wp-json\/wp\/v2\/product_cat?post=497"},{"taxonomy":"product_tag","embeddable":true,"href":"https:\/\/glassbottlewholesale.com\/tr\/wp-json\/wp\/v2\/product_tag?post=497"}],"curies":[{"name":"wp","href":"https:\/\/api.w.org\/{rel}","templated":true}]}}