{"id":525,"date":"2019-10-15T13:03:43","date_gmt":"2019-10-15T13:03:43","guid":{"rendered":"https:\/\/queenchingglass.com\/?post_type=product&#038;p=525"},"modified":"2025-07-10T03:20:10","modified_gmt":"2025-07-10T03:20:10","slug":"1000ml-boston-yuvarlak-votka-cam-siseleri-toptan","status":"publish","type":"product","link":"https:\/\/glassbottlewholesale.com\/tr\/1000ml-boston-yuvarlak-votka-cam-siseleri-toptan\/","title":{"rendered":"RS093: 1000ml Boston Yuvarlak Cam \u015ei\u015feler Toptan Votka"},"content":{"rendered":"<div class=\"wpb-content-wrapper\"><div class=\"vc_row wpb_row vc_row-fluid\"><div class=\"wpb_column vc_column_container vc_col-sm-12\"><div class=\"vc_column-inner\"><div class=\"wpb_wrapper\">\n\t<div class=\"wpb_text_column wpb_content_element\" >\n\t\t<div class=\"wpb_wrapper\">\n\t\t\t<h2>Boston Yuvarlak Cam \u015ei\u015feler Toptan Sat\u0131\u015f Hakk\u0131nda Detayl\u0131 Bilgi<\/h2>\n<p>Bu 1000ml Boston yuvarlak cam \u015fi\u015feler toptan 1000ml, 750ml, 700ml ve 500ml i\u00e7in cam \u015fi\u015felerden olu\u015fan bir settir. Ayr\u0131ca 375ml i\u00e7in benzer \u015fekilli votka \u015fi\u015felerimiz de mevcuttur. Bu <a href=\"https:\/\/ruishengglassco.com\/vodka-bottle\">cam votka \u015fi\u015fesi<\/a> s\u0131cak sat\u0131\u015f \u00fcr\u00fcnlerimizden biridir. \u015eeffaf Boston yuvarlak cam \u015fi\u015felerimiz ABD, \u0130ngiltere Avustralya, Yeni Zelanda, Kanada ve di\u011fer bir\u00e7ok Avrupa ve Amerika \u00fclkesi gibi bir\u00e7ok \u00fclke ve b\u00f6lgeye sat\u0131lmakta ve yenilik ve i\u015flevsellik a\u00e7\u0131s\u0131ndan y\u00fcksek bir \u00fcne sahiptir.<\/p>\n<p>\u00c7in'deki en b\u00fcy\u00fck votka \u015fi\u015fesi \u00fcreticilerinden biri olan Ruisheng, yakla\u015f\u0131k 10 y\u0131ld\u0131r lik\u00f6r \u015fi\u015fesi \u00fcretimine odaklanm\u0131\u015ft\u0131r. Boston \u015fi\u015felerimiz toptan CNC manuel makineler taraf\u0131ndan yap\u0131lmaktad\u0131r. Bu makine \u00fcr\u00fcn\u00fcn\u00fc \u00fcst s\u0131n\u0131f cam \u015fi\u015feler - kristal beyaz cam \u015fi\u015feler kullan\u0131yoruz. Bu, cam \u015fi\u015feleri m\u00fckemmel kalitede, y\u00fcksek \u015feffafl\u0131kta ve p\u00fcr\u00fczs\u00fcz y\u00fczeyli hale getirir.<\/p>\n<p>Bu 1000ml Boston yuvarlak cam \u015fi\u015feler toptan sat\u0131\u015f i\u00e7in mantar ile tamamlanm\u0131\u015ft\u0131r. \u0130htiyac\u0131n\u0131z olursa, a\u011fz\u0131n\u0131 vidal\u0131 kapak olarak da de\u011fi\u015ftirebiliriz. Fabrikam\u0131zda y\u00fcksek polimer mantar, do\u011fal ah\u015fap mantar, karma\u015f\u0131k mantar, cam mantar ve farkl\u0131 boyutlarda vidal\u0131 kapak bulunmaktad\u0131r. \u0130htiyac\u0131n\u0131z olursa cam \u015fi\u015feler i\u00e7in uyumlu kapak sunabiliriz.<\/p>\n<p><img decoding=\"async\" class=\"aligncenter wp-image-2429 size-full\" src=\"https:\/\/glassbottlewholesale.com\/wp-content\/uploads\/2020\/12\/WX20201229-154422-1.png\" alt=\"cam \u015fi\u0307\u015fe kapaklari toptan sati\u015fi\" width=\"752\" height=\"452\" srcset=\"https:\/\/glassbottlewholesale.com\/wp-content\/uploads\/2020\/12\/WX20201229-154422-1.png 752w, https:\/\/glassbottlewholesale.com\/wp-content\/uploads\/2020\/12\/WX20201229-154422-1-300x180.png 300w, https:\/\/glassbottlewholesale.com\/wp-content\/uploads\/2020\/12\/WX20201229-154422-1-600x361.png 600w\" sizes=\"(max-width: 752px) 100vw, 752px\" \/><\/p>\n<p>Fabrikam\u0131zda 500'den fazla \u00e7al\u0131\u015fan var ve yakla\u015f\u0131k 30 QC ve bir grup yetenekli m\u00fchendis dahil. OEM ve ODM sipari\u015flerini kabul edebiliriz. Sadece bir foto\u011fraf sunabilir veya bize istedi\u011finiz votka \u015fi\u015fesi tasar\u0131m\u0131 ile ilgili talepleri s\u00f6yleyebilirsiniz, sizin i\u00e7in ki\u015fiselle\u015ftirilmi\u015f votka \u015fi\u015fesi hizmeti sa\u011flayabiliriz. Cam \u015fi\u015feleri QC testini ge\u00e7ene kadar fabrikam\u0131zdan g\u00f6nderemeyiz.<\/p>\n<h4>Bu 1 litrelik Boston yuvarlak cam \u015fi\u015fe toptan sat\u0131\u015f\u0131m\u0131z\u0131n detaylar\u0131<\/h4>\n<p>Cam \u015fi\u015fe ile ilgili bilgiler a\u015fa\u011f\u0131daki gibidir:<\/p>\n<ul>\n<li>\u00dcr\u00fcn: 1000ml Bostom yuvarlak \u015fi\u015feler toptan<\/li>\n<li>Ana malzeme: y\u00fcksek \u00e7akmakta\u015f\u0131 cam (kristal beyaz cam)<\/li>\n<li>Kapak: Mantar (Y\u00fcksek Polimer mantar, kompleks mantar, do\u011fal ah\u015fap mantar)<\/li>\n<li>Referans: RS093<\/li>\n<li>ADEDI: 10000 ADET<\/li>\n<li>Kapasite: 500ml \/ 700ml \/ 750ml \/ 1000ml<\/li>\n<li>Paketleme \u015fekli: Karton \/ Palet \/ Palet ve karton<\/li>\n<li>Adet\/Ctn: 24 adet \/ 20 adet \/ 15 adet<\/li>\n<li>Yerin k\u00f6keni: Shandong, \u00c7in<\/li>\n<li>\u00d6zellik: \u00c7evre dostu<\/li>\n<\/ul>\n<p>Bu 1000ml Boston yuvarlak cam \u015fi\u015feler hakk\u0131nda daha fazla bilgi edinmek veya toptan sat\u0131\u015f yapmak istiyorsan\u0131z <a href=\"https:\/\/ruishengglassco.com\/custom-glass-bottle\">\u00f6zel cam \u015fi\u015feler<\/a>l\u00fctfen bizimle ileti\u015fime ge\u00e7in. Sizin i\u00e7in elimizden geleni yapaca\u011f\u0131z.<\/p>\n\n\t\t<\/div>\n\t<\/div>\n<\/div><\/div><\/div><\/div>\n<\/div>","protected":false},"excerpt":{"rendered":"<p>Ruisheng Marka a\u011f\u0131r hizmet tipi, \u015feffaf <strong>Boston yuvarlak cam \u015fi\u015feler toptan<\/strong>y\u00fcksek \u00e7akmakta\u015f\u0131 kristal beyaz camdan yap\u0131lm\u0131\u015f, Votka ve di\u011fer alkoll\u00fc i\u00e7eceklerle doldurmak i\u00e7in m\u00fckemmeldir. Kalite g\u00fcvencesi ve Toplu Fiyat ile fabrika \u00e7\u0131k\u0131\u015f cam \u015fi\u015fe toptan<\/p>\n<h4>Boston Yuvarlak Cam \u015ei\u015feler Toptan Sat\u0131\u015f Hakk\u0131nda Sipari\u015f Bilgileri<\/h4>\n<ul>\n<li>Referans: RS093<\/li>\n<li><strong>OEM \/ ODM Hizmeti sunulmaktad\u0131r. Adedi: 10000 adet (10000 ADET)<\/strong><\/li>\n<li>Capacity: 500ml\/700ml\/750ml\/1000ml\/custom<\/li>\n<li>Kapak: Mantar veya \u00f6zel<\/li>\n<li>Malzeme Kristal Beyaz Cam<\/li>\n<\/ul>\n<p>Votka i\u00e7in Boston Yuvarlak Cam \u015ei\u015fe almak istiyorsan\u0131z, l\u00fctfen \u00e7ekinmeyin <a href=\"https:\/\/glassbottlewholesale.com\/tr\/contact\/\">Bize ula\u015f\u0131n.<\/a><\/p>","protected":false},"featured_media":4485,"comment_status":"open","ping_status":"closed","template":"","meta":[],"product_brand":[],"product_cat":[53,67],"product_tag":[],"class_list":{"0":"post-525","1":"product","2":"type-product","3":"status-publish","4":"has-post-thumbnail","6":"product_cat-1000ml-glass-bottle","7":"product_cat-vodka-bottle","8":"entry","9":"has-media","11":"first","12":"instock","13":"shipping-taxable","14":"product-type-simple"},"yoast_head":"<!-- This site is optimized with the Yoast SEO plugin v27.3 - https:\/\/yoast.com\/product\/yoast-seo-wordpress\/ -->\n<title>Boston Round Glass Bottles Wholesale | Vodka Bottle Manufacturers<\/title>\n<meta name=\"description\" content=\"This boston round glass bottles wholesale are a set of glass bottles for 1000ml, 750ml, 700ml and 500ml. Factory Outlet From Vodka Bottle Manufacturers.\" \/>\n<meta name=\"robots\" content=\"index, follow, max-snippet:-1, max-image-preview:large, max-video-preview:-1\" \/>\n<link rel=\"canonical\" href=\"https:\/\/ruishengglassco.com\/product\/rs093-1000ml-boston-round-glass-bottles-wholesale-vodka\" \/>\n<meta property=\"og:locale\" content=\"tr_TR\" \/>\n<meta property=\"og:type\" content=\"article\" \/>\n<meta property=\"og:title\" content=\"Boston Round Glass Bottles Wholesale | Vodka Bottle Manufacturers\" \/>\n<meta property=\"og:description\" content=\"This boston round glass bottles wholesale are a set of glass bottles for 1000ml, 750ml, 700ml and 500ml. Factory Outlet From Vodka Bottle Manufacturers.\" \/>\n<meta property=\"og:url\" content=\"https:\/\/ruishengglassco.com\/product\/rs093-1000ml-boston-round-glass-bottles-wholesale-vodka\" \/>\n<meta property=\"og:site_name\" content=\"Glass Bottle Wholesale\" \/>\n<meta property=\"article:modified_time\" content=\"2025-07-10T03:20:10+00:00\" \/>\n<meta property=\"og:image\" content=\"https:\/\/glassbottlewholesale.com\/wp-content\/uploads\/2024\/01\/1000ml850g-glass-bottle9.jpg\" \/>\n\t<meta property=\"og:image:width\" content=\"800\" \/>\n\t<meta property=\"og:image:height\" content=\"800\" \/>\n\t<meta property=\"og:image:type\" content=\"image\/jpeg\" \/>\n<meta name=\"twitter:card\" content=\"summary_large_image\" \/>\n<meta name=\"twitter:label1\" content=\"Tahmini okuma s\u00fcresi\" \/>\n\t<meta name=\"twitter:data1\" content=\"2 dakika\" \/>\n<script type=\"application\/ld+json\" class=\"yoast-schema-graph\">{\"@context\":\"https:\\\/\\\/schema.org\",\"@graph\":[{\"@type\":\"WebPage\",\"@id\":\"https:\\\/\\\/glassbottlewholesale.com\\\/1000ml-boston-round-vodka-glass-bottles-wholesale\\\/\",\"url\":\"https:\\\/\\\/ruishengglassco.com\\\/product\\\/rs093-1000ml-boston-round-glass-bottles-wholesale-vodka\",\"name\":\"Boston Round Glass Bottles Wholesale | Vodka Bottle Manufacturers\",\"isPartOf\":{\"@id\":\"https:\\\/\\\/glassbottlewholesale.com\\\/#website\"},\"primaryImageOfPage\":{\"@id\":\"https:\\\/\\\/ruishengglassco.com\\\/product\\\/rs093-1000ml-boston-round-glass-bottles-wholesale-vodka#primaryimage\"},\"image\":{\"@id\":\"https:\\\/\\\/ruishengglassco.com\\\/product\\\/rs093-1000ml-boston-round-glass-bottles-wholesale-vodka#primaryimage\"},\"thumbnailUrl\":\"https:\\\/\\\/glassbottlewholesale.com\\\/wp-content\\\/uploads\\\/2024\\\/01\\\/1000ml850g-glass-bottle9.jpg\",\"datePublished\":\"2019-10-15T13:03:43+00:00\",\"dateModified\":\"2025-07-10T03:20:10+00:00\",\"description\":\"This boston round glass bottles wholesale are a set of glass bottles for 1000ml, 750ml, 700ml and 500ml. Factory Outlet From Vodka Bottle Manufacturers.\",\"breadcrumb\":{\"@id\":\"https:\\\/\\\/ruishengglassco.com\\\/product\\\/rs093-1000ml-boston-round-glass-bottles-wholesale-vodka#breadcrumb\"},\"inLanguage\":\"tr\",\"potentialAction\":[{\"@type\":\"ReadAction\",\"target\":[\"https:\\\/\\\/ruishengglassco.com\\\/product\\\/rs093-1000ml-boston-round-glass-bottles-wholesale-vodka\"]}]},{\"@type\":\"ImageObject\",\"inLanguage\":\"tr\",\"@id\":\"https:\\\/\\\/ruishengglassco.com\\\/product\\\/rs093-1000ml-boston-round-glass-bottles-wholesale-vodka#primaryimage\",\"url\":\"https:\\\/\\\/glassbottlewholesale.com\\\/wp-content\\\/uploads\\\/2024\\\/01\\\/1000ml850g-glass-bottle9.jpg\",\"contentUrl\":\"https:\\\/\\\/glassbottlewholesale.com\\\/wp-content\\\/uploads\\\/2024\\\/01\\\/1000ml850g-glass-bottle9.jpg\",\"width\":800,\"height\":800,\"caption\":\"1000ml Boston Round Glass Bottles Wholesale Vodka\"},{\"@type\":\"BreadcrumbList\",\"@id\":\"https:\\\/\\\/ruishengglassco.com\\\/product\\\/rs093-1000ml-boston-round-glass-bottles-wholesale-vodka#breadcrumb\",\"itemListElement\":[{\"@type\":\"ListItem\",\"position\":1,\"name\":\"Home\",\"item\":\"https:\\\/\\\/glassbottlewholesale.com\\\/\"},{\"@type\":\"ListItem\",\"position\":2,\"name\":\"Products\",\"item\":\"https:\\\/\\\/glassbottlewholesale.com\\\/shop\\\/\"},{\"@type\":\"ListItem\",\"position\":3,\"name\":\"RS093: 1000ml Boston Round Glass Bottles Wholesale Vodka\"}]},{\"@type\":\"WebSite\",\"@id\":\"https:\\\/\\\/glassbottlewholesale.com\\\/#website\",\"url\":\"https:\\\/\\\/glassbottlewholesale.com\\\/\",\"name\":\"Glass Bottle Wholesale\",\"description\":\"\",\"publisher\":{\"@id\":\"https:\\\/\\\/glassbottlewholesale.com\\\/#organization\"},\"potentialAction\":[{\"@type\":\"SearchAction\",\"target\":{\"@type\":\"EntryPoint\",\"urlTemplate\":\"https:\\\/\\\/glassbottlewholesale.com\\\/?s={search_term_string}\"},\"query-input\":{\"@type\":\"PropertyValueSpecification\",\"valueRequired\":true,\"valueName\":\"search_term_string\"}}],\"inLanguage\":\"tr\"},{\"@type\":\"Organization\",\"@id\":\"https:\\\/\\\/glassbottlewholesale.com\\\/#organization\",\"name\":\"Glass Bottle Wholesale\",\"url\":\"https:\\\/\\\/glassbottlewholesale.com\\\/\",\"logo\":{\"@type\":\"ImageObject\",\"inLanguage\":\"tr\",\"@id\":\"https:\\\/\\\/glassbottlewholesale.com\\\/#\\\/schema\\\/logo\\\/image\\\/\",\"url\":\"https:\\\/\\\/glassbottlewholesale.com\\\/wp-content\\\/uploads\\\/2023\\\/12\\\/ruisheng-logo.webp\",\"contentUrl\":\"https:\\\/\\\/glassbottlewholesale.com\\\/wp-content\\\/uploads\\\/2023\\\/12\\\/ruisheng-logo.webp\",\"width\":400,\"height\":233,\"caption\":\"Glass Bottle Wholesale\"},\"image\":{\"@id\":\"https:\\\/\\\/glassbottlewholesale.com\\\/#\\\/schema\\\/logo\\\/image\\\/\"}}]}<\/script>\n<!-- \/ Yoast SEO plugin. -->","yoast_head_json":{"title":"Boston Yuvarlak Cam \u015ei\u015feler Toptan Sat\u0131\u015f | Votka \u015ei\u015fesi \u00dcreticileri","description":"Bu boston yuvarlak cam \u015fi\u015feler toptan 1000ml, 750ml, 700ml ve 500ml i\u00e7in bir dizi cam \u015fi\u015fedir. Votka \u015ei\u015fesi \u00dcreticilerinden Fabrika \u00c7\u0131k\u0131\u015f\u0131.","robots":{"index":"index","follow":"follow","max-snippet":"max-snippet:-1","max-image-preview":"max-image-preview:large","max-video-preview":"max-video-preview:-1"},"canonical":"https:\/\/ruishengglassco.com\/product\/rs093-1000ml-boston-round-glass-bottles-wholesale-vodka","og_locale":"tr_TR","og_type":"article","og_title":"Boston Round Glass Bottles Wholesale | Vodka Bottle Manufacturers","og_description":"This boston round glass bottles wholesale are a set of glass bottles for 1000ml, 750ml, 700ml and 500ml. Factory Outlet From Vodka Bottle Manufacturers.","og_url":"https:\/\/ruishengglassco.com\/product\/rs093-1000ml-boston-round-glass-bottles-wholesale-vodka","og_site_name":"Glass Bottle Wholesale","article_modified_time":"2025-07-10T03:20:10+00:00","og_image":[{"width":800,"height":800,"url":"https:\/\/glassbottlewholesale.com\/wp-content\/uploads\/2024\/01\/1000ml850g-glass-bottle9.jpg","type":"image\/jpeg"}],"twitter_card":"summary_large_image","twitter_misc":{"Tahmini okuma s\u00fcresi":"2 dakika"},"schema":{"@context":"https:\/\/schema.org","@graph":[{"@type":"WebPage","@id":"https:\/\/glassbottlewholesale.com\/1000ml-boston-round-vodka-glass-bottles-wholesale\/","url":"https:\/\/ruishengglassco.com\/product\/rs093-1000ml-boston-round-glass-bottles-wholesale-vodka","name":"Boston Yuvarlak Cam \u015ei\u015feler Toptan Sat\u0131\u015f | Votka \u015ei\u015fesi \u00dcreticileri","isPartOf":{"@id":"https:\/\/glassbottlewholesale.com\/#website"},"primaryImageOfPage":{"@id":"https:\/\/ruishengglassco.com\/product\/rs093-1000ml-boston-round-glass-bottles-wholesale-vodka#primaryimage"},"image":{"@id":"https:\/\/ruishengglassco.com\/product\/rs093-1000ml-boston-round-glass-bottles-wholesale-vodka#primaryimage"},"thumbnailUrl":"https:\/\/glassbottlewholesale.com\/wp-content\/uploads\/2024\/01\/1000ml850g-glass-bottle9.jpg","datePublished":"2019-10-15T13:03:43+00:00","dateModified":"2025-07-10T03:20:10+00:00","description":"Bu boston yuvarlak cam \u015fi\u015feler toptan 1000ml, 750ml, 700ml ve 500ml i\u00e7in bir dizi cam \u015fi\u015fedir. Votka \u015ei\u015fesi \u00dcreticilerinden Fabrika \u00c7\u0131k\u0131\u015f\u0131.","breadcrumb":{"@id":"https:\/\/ruishengglassco.com\/product\/rs093-1000ml-boston-round-glass-bottles-wholesale-vodka#breadcrumb"},"inLanguage":"tr","potentialAction":[{"@type":"ReadAction","target":["https:\/\/ruishengglassco.com\/product\/rs093-1000ml-boston-round-glass-bottles-wholesale-vodka"]}]},{"@type":"ImageObject","inLanguage":"tr","@id":"https:\/\/ruishengglassco.com\/product\/rs093-1000ml-boston-round-glass-bottles-wholesale-vodka#primaryimage","url":"https:\/\/glassbottlewholesale.com\/wp-content\/uploads\/2024\/01\/1000ml850g-glass-bottle9.jpg","contentUrl":"https:\/\/glassbottlewholesale.com\/wp-content\/uploads\/2024\/01\/1000ml850g-glass-bottle9.jpg","width":800,"height":800,"caption":"1000ml Boston Round Glass Bottles Wholesale Vodka"},{"@type":"BreadcrumbList","@id":"https:\/\/ruishengglassco.com\/product\/rs093-1000ml-boston-round-glass-bottles-wholesale-vodka#breadcrumb","itemListElement":[{"@type":"ListItem","position":1,"name":"Home","item":"https:\/\/glassbottlewholesale.com\/"},{"@type":"ListItem","position":2,"name":"Products","item":"https:\/\/glassbottlewholesale.com\/shop\/"},{"@type":"ListItem","position":3,"name":"RS093: 1000ml Boston Round Glass Bottles Wholesale Vodka"}]},{"@type":"WebSite","@id":"https:\/\/glassbottlewholesale.com\/#website","url":"https:\/\/glassbottlewholesale.com\/","name":"Glass Bottle Wholesale","description":"","publisher":{"@id":"https:\/\/glassbottlewholesale.com\/#organization"},"potentialAction":[{"@type":"SearchAction","target":{"@type":"EntryPoint","urlTemplate":"https:\/\/glassbottlewholesale.com\/?s={search_term_string}"},"query-input":{"@type":"PropertyValueSpecification","valueRequired":true,"valueName":"search_term_string"}}],"inLanguage":"tr"},{"@type":"Organization","@id":"https:\/\/glassbottlewholesale.com\/#organization","name":"Glass Bottle Wholesale","url":"https:\/\/glassbottlewholesale.com\/","logo":{"@type":"ImageObject","inLanguage":"tr","@id":"https:\/\/glassbottlewholesale.com\/#\/schema\/logo\/image\/","url":"https:\/\/glassbottlewholesale.com\/wp-content\/uploads\/2023\/12\/ruisheng-logo.webp","contentUrl":"https:\/\/glassbottlewholesale.com\/wp-content\/uploads\/2023\/12\/ruisheng-logo.webp","width":400,"height":233,"caption":"Glass Bottle Wholesale"},"image":{"@id":"https:\/\/glassbottlewholesale.com\/#\/schema\/logo\/image\/"}}]}},"_links":{"self":[{"href":"https:\/\/glassbottlewholesale.com\/tr\/wp-json\/wp\/v2\/product\/525","targetHints":{"allow":["GET"]}}],"collection":[{"href":"https:\/\/glassbottlewholesale.com\/tr\/wp-json\/wp\/v2\/product"}],"about":[{"href":"https:\/\/glassbottlewholesale.com\/tr\/wp-json\/wp\/v2\/types\/product"}],"replies":[{"embeddable":true,"href":"https:\/\/glassbottlewholesale.com\/tr\/wp-json\/wp\/v2\/comments?post=525"}],"wp:featuredmedia":[{"embeddable":true,"href":"https:\/\/glassbottlewholesale.com\/tr\/wp-json\/wp\/v2\/media\/4485"}],"wp:attachment":[{"href":"https:\/\/glassbottlewholesale.com\/tr\/wp-json\/wp\/v2\/media?parent=525"}],"wp:term":[{"taxonomy":"product_brand","embeddable":true,"href":"https:\/\/glassbottlewholesale.com\/tr\/wp-json\/wp\/v2\/product_brand?post=525"},{"taxonomy":"product_cat","embeddable":true,"href":"https:\/\/glassbottlewholesale.com\/tr\/wp-json\/wp\/v2\/product_cat?post=525"},{"taxonomy":"product_tag","embeddable":true,"href":"https:\/\/glassbottlewholesale.com\/tr\/wp-json\/wp\/v2\/product_tag?post=525"}],"curies":[{"name":"wp","href":"https:\/\/api.w.org\/{rel}","templated":true}]}}