{"id":529,"date":"2019-10-15T13:06:08","date_gmt":"2019-10-15T13:06:08","guid":{"rendered":"https:\/\/queenchingglass.com\/?post_type=product&#038;p=529"},"modified":"2025-07-10T01:27:35","modified_gmt":"2025-07-10T01:27:35","slug":"250ml-empty-vodka-glass-bottle","status":"publish","type":"product","link":"https:\/\/glassbottlewholesale.com\/tr\/250ml-empty-vodka-glass-bottle\/","title":{"rendered":"RS091: 250ml Bo\u015f Votka Cam \u015ei\u015fe"},"content":{"rendered":"<div class=\"wpb-content-wrapper\"><div class=\"vc_row wpb_row vc_row-fluid\"><div class=\"wpb_column vc_column_container vc_col-sm-12\"><div class=\"vc_column-inner\"><div class=\"wpb_wrapper\">\n\t<div class=\"wpb_text_column wpb_content_element\" >\n\t\t<div class=\"wpb_wrapper\">\n\t\t\t<p>This 250ml empty vodka glass bottle wholesale is one of our mainly clear glass bottles. The empty glass bottle is finished with cork. It&#8217;s elegant, round shape makes the 250ml empty vodka bottles a good choice for a beverage.<\/p>\n<p>Bu\u00a0<a href=\"https:\/\/ruishengglassco.com\/250ml-liquor-glass-bottle-manufacturer\">mini glass bottle\u00a0with stoppers<\/a> is very clear, its easy to see the liquid in it. You can appreciate the liquid while enjoying the vodka. This liquor bottle wholesale is very durable after you drink the liquid, you can use this glass bottle to make a DIY decoration.<\/p>\n<p>Our sealing type of this 250ml empty vodka glass bottle is cork. You can choose the high polymer cork, wooden cork, complex cork. If you need glass cork for this bottle, we also can offer it to you.<\/p>\n<h4>The details of the 250ml Empty Vodka Glass Bottle<\/h4>\n<p>The information of the glass bottles as bellowing:<\/p>\n<ul>\n<li>Main material: High flint glass<\/li>\n<li>Kapak: Mantar<\/li>\n<li>Reference: RS091<\/li>\n<li>ADEDI: 10000 ADET<\/li>\n<li>Capacity: 250ml<\/li>\n<li>Packing way: Carton, Pallet, Carton and Pallet<\/li>\n<li>Yerin k\u00f6keni: Shandong, \u00c7in<\/li>\n<li>\u00d6zellik: \u00c7evre dostu<\/li>\n<\/ul>\n<p>If you need deep processing on this 250 ml glass liquor bottle, please tell us, you can get whatever you want, decal, silk screen printing, frosting, painting, etc. We can make this bottle painting green, brown, and another color you want.<\/p>\n<p>There are about 500 employees and a group of skilled QC, we can make sure that all the empty spirit bottles will send out the factory after pass the QC checking. Our wholesale liquor bottles are export to many places and countries, such as Europe, Australia, America, New Zealand, and so on. Many customers <span class=\"tran\" data-group=\"3_1\">give<\/span>\u00a0<span class=\"tran\" data-group=\"4_2\">high<\/span>\u00a0<span class=\"tran\" data-group=\"5_3\">praise of our wine glass bottles.<\/span><\/p>\n<p>If you are interested in buy 250ml vodka glass bottle wholesale in bulk price, welcome to contact us. We will do our best for you, what we want to do is provide a one-stop service to every friend all around the world.<\/p>\n\n\t\t<\/div>\n\t<\/div>\n<\/div><\/div><\/div><\/div>\n<\/div>","protected":false},"excerpt":{"rendered":"<table class=\"tg\">\n<tbody>\n<tr>\n<th class=\"tg-24i8\" colspan=\"2\">250ml Empty Vodka Glass Bottle<\/th>\n<\/tr>\n<tr>\n<td class=\"tg-b7b8\">Ana malzeme:<\/td>\n<td class=\"tg-b7b8\">Y\u00fcksek \u00e7akmakta\u015f\u0131 cam<\/td>\n<\/tr>\n<tr>\n<td class=\"tg-yw4l\">Kaptan:<\/td>\n<td class=\"tg-yw4l\">Vidal\u0131 kapak<\/td>\n<\/tr>\n<tr>\n<td class=\"tg-b7b8\">Paketleme yolu<\/td>\n<td class=\"tg-b7b8\">Karton, Palet, Karton ve Palet<\/td>\n<\/tr>\n<tr>\n<td class=\"tg-yw4l\">\u00d6zellik:<\/td>\n<td class=\"tg-yw4l\">\u00c7evre dostu<\/td>\n<\/tr>\n<tr>\n<td class=\"tg-b7b8\">ADEDI:<\/td>\n<td class=\"tg-b7b8\">10000 ADET<\/td>\n<\/tr>\n<tr>\n<td class=\"tg-yw4l\">Yerin k\u00f6keni:<\/td>\n<td class=\"tg-yw4l\">Shandong, \u00c7in<\/td>\n<\/tr>\n<tr>\n<td class=\"tg-b7b8\">Adet\/Ktn:<\/td>\n<td class=\"tg-b7b8\">24 adet<\/td>\n<\/tr>\n<tr>\n<td class=\"tg-yw4l\">Referans:<\/td>\n<td class=\"tg-yw4l\">RS091<\/td>\n<\/tr>\n<tr>\n<td class=\"tg-b7b8\">Nakliye yolu:<\/td>\n<td class=\"tg-b7b8\">Gemi, Ekspres<\/td>\n<\/tr>\n<tr>\n<td class=\"tg-yw4l\">OEM\/ODM:<\/td>\n<td class=\"tg-yw4l\">Ho\u015f geldiniz<\/td>\n<\/tr>\n<\/tbody>\n<\/table>","protected":false},"featured_media":2794,"comment_status":"open","ping_status":"closed","template":"","meta":[],"product_brand":[],"product_cat":[48,67],"product_tag":[],"class_list":{"0":"post-529","1":"product","2":"type-product","3":"status-publish","4":"has-post-thumbnail","6":"product_cat-250ml-glass-bottle","7":"product_cat-vodka-bottle","8":"entry","9":"has-media","11":"first","12":"instock","13":"shipping-taxable","14":"product-type-simple"},"yoast_head":"<!-- This site is optimized with the Yoast SEO plugin v27.3 - https:\/\/yoast.com\/product\/yoast-seo-wordpress\/ -->\n<title>Buy 250ml Empty Vodka Glass Bottles In Bulk Wholesale Price<\/title>\n<meta name=\"description\" content=\"Buy 250ml Empty Vodka Glass Bottle In Bulk Wholesale Price From China Liquor Bottle Mnaufacturing Factory. Elegant, Round Shape, And High Quality.\" \/>\n<meta name=\"robots\" content=\"index, follow, max-snippet:-1, max-image-preview:large, max-video-preview:-1\" \/>\n<link rel=\"canonical\" href=\"https:\/\/ruishengglassco.com\/product\/rs091-250ml-empty-vodka-glass-bottle\" \/>\n<meta property=\"og:locale\" content=\"tr_TR\" \/>\n<meta property=\"og:type\" content=\"article\" \/>\n<meta property=\"og:title\" content=\"Buy 250ml Empty Vodka Glass Bottles In Bulk Wholesale Price\" \/>\n<meta property=\"og:description\" content=\"Buy 250ml Empty Vodka Glass Bottle In Bulk Wholesale Price From China Liquor Bottle Mnaufacturing Factory. Elegant, Round Shape, And High Quality.\" \/>\n<meta property=\"og:url\" content=\"https:\/\/ruishengglassco.com\/product\/rs091-250ml-empty-vodka-glass-bottle\" \/>\n<meta property=\"og:site_name\" content=\"Glass Bottle Wholesale\" \/>\n<meta property=\"article:modified_time\" content=\"2025-07-10T01:27:35+00:00\" \/>\n<meta property=\"og:image\" content=\"https:\/\/glassbottlewholesale.com\/wp-content\/uploads\/2021\/05\/R75-glassbottle.jpg\" \/>\n\t<meta property=\"og:image:width\" content=\"800\" \/>\n\t<meta property=\"og:image:height\" content=\"800\" \/>\n\t<meta property=\"og:image:type\" content=\"image\/jpeg\" \/>\n<meta name=\"twitter:card\" content=\"summary_large_image\" \/>\n<meta name=\"twitter:label1\" content=\"Tahmini okuma s\u00fcresi\" \/>\n\t<meta name=\"twitter:data1\" content=\"2 dakika\" \/>\n<script type=\"application\/ld+json\" class=\"yoast-schema-graph\">{\"@context\":\"https:\\\/\\\/schema.org\",\"@graph\":[{\"@type\":\"WebPage\",\"@id\":\"https:\\\/\\\/glassbottlewholesale.com\\\/250ml-empty-vodka-glass-bottle\\\/\",\"url\":\"https:\\\/\\\/ruishengglassco.com\\\/product\\\/rs091-250ml-empty-vodka-glass-bottle\",\"name\":\"Buy 250ml Empty Vodka Glass Bottles In Bulk Wholesale Price\",\"isPartOf\":{\"@id\":\"https:\\\/\\\/glassbottlewholesale.com\\\/#website\"},\"primaryImageOfPage\":{\"@id\":\"https:\\\/\\\/ruishengglassco.com\\\/product\\\/rs091-250ml-empty-vodka-glass-bottle#primaryimage\"},\"image\":{\"@id\":\"https:\\\/\\\/ruishengglassco.com\\\/product\\\/rs091-250ml-empty-vodka-glass-bottle#primaryimage\"},\"thumbnailUrl\":\"https:\\\/\\\/glassbottlewholesale.com\\\/wp-content\\\/uploads\\\/2021\\\/05\\\/R75-glassbottle.jpg\",\"datePublished\":\"2019-10-15T13:06:08+00:00\",\"dateModified\":\"2025-07-10T01:27:35+00:00\",\"description\":\"Buy 250ml Empty Vodka Glass Bottle In Bulk Wholesale Price From China Liquor Bottle Mnaufacturing Factory. Elegant, Round Shape, And High Quality.\",\"breadcrumb\":{\"@id\":\"https:\\\/\\\/ruishengglassco.com\\\/product\\\/rs091-250ml-empty-vodka-glass-bottle#breadcrumb\"},\"inLanguage\":\"tr\",\"potentialAction\":[{\"@type\":\"ReadAction\",\"target\":[\"https:\\\/\\\/ruishengglassco.com\\\/product\\\/rs091-250ml-empty-vodka-glass-bottle\"]}]},{\"@type\":\"ImageObject\",\"inLanguage\":\"tr\",\"@id\":\"https:\\\/\\\/ruishengglassco.com\\\/product\\\/rs091-250ml-empty-vodka-glass-bottle#primaryimage\",\"url\":\"https:\\\/\\\/glassbottlewholesale.com\\\/wp-content\\\/uploads\\\/2021\\\/05\\\/R75-glassbottle.jpg\",\"contentUrl\":\"https:\\\/\\\/glassbottlewholesale.com\\\/wp-content\\\/uploads\\\/2021\\\/05\\\/R75-glassbottle.jpg\",\"width\":800,\"height\":800,\"caption\":\"250ml Empty Vodka Glass Bottle\"},{\"@type\":\"BreadcrumbList\",\"@id\":\"https:\\\/\\\/ruishengglassco.com\\\/product\\\/rs091-250ml-empty-vodka-glass-bottle#breadcrumb\",\"itemListElement\":[{\"@type\":\"ListItem\",\"position\":1,\"name\":\"Home\",\"item\":\"https:\\\/\\\/glassbottlewholesale.com\\\/\"},{\"@type\":\"ListItem\",\"position\":2,\"name\":\"Products\",\"item\":\"https:\\\/\\\/glassbottlewholesale.com\\\/shop\\\/\"},{\"@type\":\"ListItem\",\"position\":3,\"name\":\"RS091: 250ml Empty Vodka Glass Bottle\"}]},{\"@type\":\"WebSite\",\"@id\":\"https:\\\/\\\/glassbottlewholesale.com\\\/#website\",\"url\":\"https:\\\/\\\/glassbottlewholesale.com\\\/\",\"name\":\"Glass Bottle Wholesale\",\"description\":\"\",\"publisher\":{\"@id\":\"https:\\\/\\\/glassbottlewholesale.com\\\/#organization\"},\"potentialAction\":[{\"@type\":\"SearchAction\",\"target\":{\"@type\":\"EntryPoint\",\"urlTemplate\":\"https:\\\/\\\/glassbottlewholesale.com\\\/?s={search_term_string}\"},\"query-input\":{\"@type\":\"PropertyValueSpecification\",\"valueRequired\":true,\"valueName\":\"search_term_string\"}}],\"inLanguage\":\"tr\"},{\"@type\":\"Organization\",\"@id\":\"https:\\\/\\\/glassbottlewholesale.com\\\/#organization\",\"name\":\"Glass Bottle Wholesale\",\"url\":\"https:\\\/\\\/glassbottlewholesale.com\\\/\",\"logo\":{\"@type\":\"ImageObject\",\"inLanguage\":\"tr\",\"@id\":\"https:\\\/\\\/glassbottlewholesale.com\\\/#\\\/schema\\\/logo\\\/image\\\/\",\"url\":\"https:\\\/\\\/glassbottlewholesale.com\\\/wp-content\\\/uploads\\\/2023\\\/12\\\/ruisheng-logo.webp\",\"contentUrl\":\"https:\\\/\\\/glassbottlewholesale.com\\\/wp-content\\\/uploads\\\/2023\\\/12\\\/ruisheng-logo.webp\",\"width\":400,\"height\":233,\"caption\":\"Glass Bottle Wholesale\"},\"image\":{\"@id\":\"https:\\\/\\\/glassbottlewholesale.com\\\/#\\\/schema\\\/logo\\\/image\\\/\"}}]}<\/script>\n<!-- \/ Yoast SEO plugin. -->","yoast_head_json":{"title":"Buy 250ml Empty Vodka Glass Bottles In Bulk Wholesale Price","description":"Buy 250ml Empty Vodka Glass Bottle In Bulk Wholesale Price From China Liquor Bottle Mnaufacturing Factory. Elegant, Round Shape, And High Quality.","robots":{"index":"index","follow":"follow","max-snippet":"max-snippet:-1","max-image-preview":"max-image-preview:large","max-video-preview":"max-video-preview:-1"},"canonical":"https:\/\/ruishengglassco.com\/product\/rs091-250ml-empty-vodka-glass-bottle","og_locale":"tr_TR","og_type":"article","og_title":"Buy 250ml Empty Vodka Glass Bottles In Bulk Wholesale Price","og_description":"Buy 250ml Empty Vodka Glass Bottle In Bulk Wholesale Price From China Liquor Bottle Mnaufacturing Factory. Elegant, Round Shape, And High Quality.","og_url":"https:\/\/ruishengglassco.com\/product\/rs091-250ml-empty-vodka-glass-bottle","og_site_name":"Glass Bottle Wholesale","article_modified_time":"2025-07-10T01:27:35+00:00","og_image":[{"width":800,"height":800,"url":"https:\/\/glassbottlewholesale.com\/wp-content\/uploads\/2021\/05\/R75-glassbottle.jpg","type":"image\/jpeg"}],"twitter_card":"summary_large_image","twitter_misc":{"Tahmini okuma s\u00fcresi":"2 dakika"},"schema":{"@context":"https:\/\/schema.org","@graph":[{"@type":"WebPage","@id":"https:\/\/glassbottlewholesale.com\/250ml-empty-vodka-glass-bottle\/","url":"https:\/\/ruishengglassco.com\/product\/rs091-250ml-empty-vodka-glass-bottle","name":"Buy 250ml Empty Vodka Glass Bottles In Bulk Wholesale Price","isPartOf":{"@id":"https:\/\/glassbottlewholesale.com\/#website"},"primaryImageOfPage":{"@id":"https:\/\/ruishengglassco.com\/product\/rs091-250ml-empty-vodka-glass-bottle#primaryimage"},"image":{"@id":"https:\/\/ruishengglassco.com\/product\/rs091-250ml-empty-vodka-glass-bottle#primaryimage"},"thumbnailUrl":"https:\/\/glassbottlewholesale.com\/wp-content\/uploads\/2021\/05\/R75-glassbottle.jpg","datePublished":"2019-10-15T13:06:08+00:00","dateModified":"2025-07-10T01:27:35+00:00","description":"Buy 250ml Empty Vodka Glass Bottle In Bulk Wholesale Price From China Liquor Bottle Mnaufacturing Factory. Elegant, Round Shape, And High Quality.","breadcrumb":{"@id":"https:\/\/ruishengglassco.com\/product\/rs091-250ml-empty-vodka-glass-bottle#breadcrumb"},"inLanguage":"tr","potentialAction":[{"@type":"ReadAction","target":["https:\/\/ruishengglassco.com\/product\/rs091-250ml-empty-vodka-glass-bottle"]}]},{"@type":"ImageObject","inLanguage":"tr","@id":"https:\/\/ruishengglassco.com\/product\/rs091-250ml-empty-vodka-glass-bottle#primaryimage","url":"https:\/\/glassbottlewholesale.com\/wp-content\/uploads\/2021\/05\/R75-glassbottle.jpg","contentUrl":"https:\/\/glassbottlewholesale.com\/wp-content\/uploads\/2021\/05\/R75-glassbottle.jpg","width":800,"height":800,"caption":"250ml Empty Vodka Glass Bottle"},{"@type":"BreadcrumbList","@id":"https:\/\/ruishengglassco.com\/product\/rs091-250ml-empty-vodka-glass-bottle#breadcrumb","itemListElement":[{"@type":"ListItem","position":1,"name":"Home","item":"https:\/\/glassbottlewholesale.com\/"},{"@type":"ListItem","position":2,"name":"Products","item":"https:\/\/glassbottlewholesale.com\/shop\/"},{"@type":"ListItem","position":3,"name":"RS091: 250ml Empty Vodka Glass Bottle"}]},{"@type":"WebSite","@id":"https:\/\/glassbottlewholesale.com\/#website","url":"https:\/\/glassbottlewholesale.com\/","name":"Glass Bottle Wholesale","description":"","publisher":{"@id":"https:\/\/glassbottlewholesale.com\/#organization"},"potentialAction":[{"@type":"SearchAction","target":{"@type":"EntryPoint","urlTemplate":"https:\/\/glassbottlewholesale.com\/?s={search_term_string}"},"query-input":{"@type":"PropertyValueSpecification","valueRequired":true,"valueName":"search_term_string"}}],"inLanguage":"tr"},{"@type":"Organization","@id":"https:\/\/glassbottlewholesale.com\/#organization","name":"Glass Bottle Wholesale","url":"https:\/\/glassbottlewholesale.com\/","logo":{"@type":"ImageObject","inLanguage":"tr","@id":"https:\/\/glassbottlewholesale.com\/#\/schema\/logo\/image\/","url":"https:\/\/glassbottlewholesale.com\/wp-content\/uploads\/2023\/12\/ruisheng-logo.webp","contentUrl":"https:\/\/glassbottlewholesale.com\/wp-content\/uploads\/2023\/12\/ruisheng-logo.webp","width":400,"height":233,"caption":"Glass Bottle Wholesale"},"image":{"@id":"https:\/\/glassbottlewholesale.com\/#\/schema\/logo\/image\/"}}]}},"_links":{"self":[{"href":"https:\/\/glassbottlewholesale.com\/tr\/wp-json\/wp\/v2\/product\/529","targetHints":{"allow":["GET"]}}],"collection":[{"href":"https:\/\/glassbottlewholesale.com\/tr\/wp-json\/wp\/v2\/product"}],"about":[{"href":"https:\/\/glassbottlewholesale.com\/tr\/wp-json\/wp\/v2\/types\/product"}],"replies":[{"embeddable":true,"href":"https:\/\/glassbottlewholesale.com\/tr\/wp-json\/wp\/v2\/comments?post=529"}],"wp:featuredmedia":[{"embeddable":true,"href":"https:\/\/glassbottlewholesale.com\/tr\/wp-json\/wp\/v2\/media\/2794"}],"wp:attachment":[{"href":"https:\/\/glassbottlewholesale.com\/tr\/wp-json\/wp\/v2\/media?parent=529"}],"wp:term":[{"taxonomy":"product_brand","embeddable":true,"href":"https:\/\/glassbottlewholesale.com\/tr\/wp-json\/wp\/v2\/product_brand?post=529"},{"taxonomy":"product_cat","embeddable":true,"href":"https:\/\/glassbottlewholesale.com\/tr\/wp-json\/wp\/v2\/product_cat?post=529"},{"taxonomy":"product_tag","embeddable":true,"href":"https:\/\/glassbottlewholesale.com\/tr\/wp-json\/wp\/v2\/product_tag?post=529"}],"curies":[{"name":"wp","href":"https:\/\/api.w.org\/{rel}","templated":true}]}}