{"id":533,"date":"2019-10-15T13:08:52","date_gmt":"2019-10-15T13:08:52","guid":{"rendered":"https:\/\/queenchingglass.com\/?post_type=product&#038;p=533"},"modified":"2023-12-06T01:20:42","modified_gmt":"2023-12-06T01:20:42","slug":"1500ml-buyuk-sise-votka","status":"publish","type":"product","link":"https:\/\/glassbottlewholesale.com\/tr\/1500ml-buyuk-sise-votka\/","title":{"rendered":"RS089: 1500ml B\u00fcy\u00fck \u015ei\u015fe Votka"},"content":{"rendered":"<p>Ruisheng, profesyonel bir cam \u015fi\u015fe \u00fcreticisi, 2009 y\u0131l\u0131ndan bu yana b\u00fcy\u00fck cam \u015fi\u015fe tasar\u0131m ve \u00fcretim hizmeti vermektedir. Ana \u00fcr\u00fcn\u00fcm\u00fcz Alkol, Viski, Votka, Brendi, Rom, Cin vb. i\u00e7in bo\u015f ruh \u015fi\u015feleridir. Ayr\u0131ca OEM \/ ODM Hizmetini de kabul ediyoruz.<\/p>\n<p>Bu\u00a0<strong>1500ml B\u00fcy\u00fck \u015ei\u015fe Votka Toptan Sat\u0131\u015f,<\/strong>\u00a0Cam \u015fi\u015feyi daha \u015feffaf, p\u00fcr\u00fczs\u00fcz ve net hale getiren s\u00fcper \u00e7akmakta\u015f\u0131 cam malzemeyi benimser.  Kapakl\u0131 bu b\u00fcy\u00fck cam \u015fi\u015feleri \u015earaphanelere, Al\u0131\u015fveri\u015f merkezlerine, S\u00fcpermarketlere, \u015ei\u015fe toptanc\u0131lar\u0131na vb. sunuyoruz. \u0130\u015fte bu ekstra b\u00fcy\u00fck cam \u015fi\u015feler hakk\u0131nda baz\u0131 detaylar.<\/p>\n<h4>1500ml B\u00fcy\u00fck \u015ei\u015fe Votka Toptan Sat\u0131\u015f Hakk\u0131nda<\/h4>\n<ul>\n<li><strong>\u00dcr\u00fcn ad\u0131:<\/strong>\u00a01500ml B\u00fcy\u00fck \u015ei\u015fe Votka<\/li>\n<li><strong>Marka:<\/strong>\u00a0Ruisheng<\/li>\n<li><strong>Kapasite:<\/strong>\u00a01.5L (ayr\u0131ca 100ml, 25oml, 350ml, 700ml, 1000ml, vb.)<\/li>\n<li><strong>Malzeme:<\/strong>\u00a0S\u00fcper \u00e7akmakta\u015f\u0131 cam malzemeler<\/li>\n<li><strong>S\u0131zd\u0131rmazl\u0131k Tipi:<\/strong>\u00a0Mantar, guala \u015fapka, m\u00fcrettebat \u015fapkas\u0131<\/li>\n<li><strong>Y\u00fczey:<\/strong>\u00a0Frostdecal, boyama, s\u0131cak damgalama, kabartma, bask\u0131, alt\u0131n, serigrafi<\/li>\n<li><strong>\u00d6rnek:<\/strong>\u00a0Mevcut kal\u0131b\u0131m\u0131z\u0131 kullanarak \u00fccretsiz<\/li>\n<li><strong>Teslim s\u00fcresi:<\/strong>\u00a0Kitlesel \u00fcr\u00fcnler i\u00e7in 20-30 g\u00fcn<\/li>\n<li><strong>Liman\uff1a<\/strong>\u00a0Qingdao, \u00c7in<\/li>\n<li><strong>\u00d6deme\uff1a<\/strong>\u00a0T \/ T, Paypal, Ticaret g\u00fcvencesi<\/li>\n<\/ul>\n<p>Mantarl\u0131 b\u00fcy\u00fck cam \u015fi\u015felere ihtiyac\u0131n\u0131z varsa, l\u00fctfen bizimle ileti\u015fime ge\u00e7mekten \u00e7ekinmeyin! Sat\u0131\u015flar\u0131m\u0131z size en k\u0131sa s\u00fcrede cevap verecektir.<\/p>","protected":false},"excerpt":{"rendered":"<table class=\"tg\">\n<colgroup>\n<col \/>\n<col \/><\/colgroup>\n<tbody>\n<tr>\n<th class=\"tg-wrg0\" colspan=\"2\">1500ml B\u00fcy\u00fck \u015ei\u015fe Votka Toptan Sat\u0131\u015f<\/th>\n<\/tr>\n<tr>\n<td class=\"tg-b7b8\">Ana malzeme:<\/td>\n<td class=\"tg-b7b8\">S\u00fcper \u00e7akmakta\u015f\u0131 cam<\/td>\n<\/tr>\n<tr>\n<td class=\"tg-yw4l\">Kaptan:<\/td>\n<td class=\"tg-yw4l\">Mantar<\/td>\n<\/tr>\n<tr>\n<td class=\"tg-b7b8\">Kapasite:<\/td>\n<td class=\"tg-b7b8\">1500ml<\/td>\n<\/tr>\n<tr>\n<td class=\"tg-yw4l\">\u00d6zellik:<\/td>\n<td class=\"tg-yw4l\">\u00c7evre dostu<\/td>\n<\/tr>\n<tr>\n<td class=\"tg-b7b8\">ADEDI:<\/td>\n<td class=\"tg-b7b8\">10000 ADET<\/td>\n<\/tr>\n<tr>\n<td class=\"tg-yw4l\">Yerin k\u00f6keni:<\/td>\n<td class=\"tg-yw4l\">Shandong, \u00c7in<\/td>\n<\/tr>\n<tr>\n<td class=\"tg-b7b8\">Adet\/Ktn:<\/td>\n<td class=\"tg-b7b8\">24 adet<\/td>\n<\/tr>\n<tr>\n<td class=\"tg-yw4l\">Referans:<\/td>\n<td class=\"tg-yw4l\">RS089<\/td>\n<\/tr>\n<\/tbody>\n<\/table>","protected":false},"featured_media":535,"comment_status":"open","ping_status":"closed","template":"","meta":[],"product_brand":[],"product_cat":[54,67],"product_tag":[],"class_list":{"0":"post-533","1":"product","2":"type-product","3":"status-publish","4":"has-post-thumbnail","6":"product_cat-1500ml-glass-bottle","7":"product_cat-vodka-bottle","8":"entry","9":"has-media","11":"first","12":"instock","13":"shipping-taxable","14":"product-type-simple"},"yoast_head":"<!-- This site is optimized with the Yoast SEO plugin v27.3 - https:\/\/yoast.com\/product\/yoast-seo-wordpress\/ -->\n<title>1500ml Big Bottle of Vodka Wholesale | Large Glass Bottle Manufacturer<\/title>\n<meta name=\"description\" content=\"1500ml Big Bottle of Vodka Wholesale Alway in Loweast Price! High Quality Large Glass Bottle from China Glass Botttle Manufacturers Here!\" \/>\n<meta name=\"robots\" content=\"index, follow, max-snippet:-1, max-image-preview:large, max-video-preview:-1\" \/>\n<link rel=\"canonical\" href=\"https:\/\/ruishengglassco.com\/product\/rs089-1500ml-big-bottle-of-vodka\" \/>\n<meta property=\"og:locale\" content=\"tr_TR\" \/>\n<meta property=\"og:type\" content=\"article\" \/>\n<meta property=\"og:title\" content=\"1500ml Big Bottle of Vodka Wholesale | Large Glass Bottle Manufacturer\" \/>\n<meta property=\"og:description\" content=\"1500ml Big Bottle of Vodka Wholesale Alway in Loweast Price! High Quality Large Glass Bottle from China Glass Botttle Manufacturers Here!\" \/>\n<meta property=\"og:url\" content=\"https:\/\/ruishengglassco.com\/product\/rs089-1500ml-big-bottle-of-vodka\" \/>\n<meta property=\"og:site_name\" content=\"Glass Bottle Wholesale\" \/>\n<meta property=\"article:modified_time\" content=\"2023-12-06T01:20:42+00:00\" \/>\n<meta property=\"og:image\" content=\"https:\/\/glassbottlewholesale.com\/wp-content\/uploads\/2019\/10\/\u4f0f\u7279\u52a05.jpg\" \/>\n\t<meta property=\"og:image:width\" content=\"640\" \/>\n\t<meta property=\"og:image:height\" content=\"640\" \/>\n\t<meta property=\"og:image:type\" content=\"image\/jpeg\" \/>\n<meta name=\"twitter:card\" content=\"summary_large_image\" \/>\n<meta name=\"twitter:label1\" content=\"Tahmini okuma s\u00fcresi\" \/>\n\t<meta name=\"twitter:data1\" content=\"1 dakika\" \/>\n<script type=\"application\/ld+json\" class=\"yoast-schema-graph\">{\"@context\":\"https:\\\/\\\/schema.org\",\"@graph\":[{\"@type\":\"WebPage\",\"@id\":\"https:\\\/\\\/glassbottlewholesale.com\\\/1500ml-big-bottle-of-vodka\\\/\",\"url\":\"https:\\\/\\\/ruishengglassco.com\\\/product\\\/rs089-1500ml-big-bottle-of-vodka\",\"name\":\"1500ml Big Bottle of Vodka Wholesale | Large Glass Bottle Manufacturer\",\"isPartOf\":{\"@id\":\"https:\\\/\\\/glassbottlewholesale.com\\\/#website\"},\"primaryImageOfPage\":{\"@id\":\"https:\\\/\\\/ruishengglassco.com\\\/product\\\/rs089-1500ml-big-bottle-of-vodka#primaryimage\"},\"image\":{\"@id\":\"https:\\\/\\\/ruishengglassco.com\\\/product\\\/rs089-1500ml-big-bottle-of-vodka#primaryimage\"},\"thumbnailUrl\":\"https:\\\/\\\/glassbottlewholesale.com\\\/wp-content\\\/uploads\\\/2019\\\/10\\\/\u4f0f\u7279\u52a05.jpg\",\"datePublished\":\"2019-10-15T13:08:52+00:00\",\"dateModified\":\"2023-12-06T01:20:42+00:00\",\"description\":\"1500ml Big Bottle of Vodka Wholesale Alway in Loweast Price! High Quality Large Glass Bottle from China Glass Botttle Manufacturers Here!\",\"breadcrumb\":{\"@id\":\"https:\\\/\\\/ruishengglassco.com\\\/product\\\/rs089-1500ml-big-bottle-of-vodka#breadcrumb\"},\"inLanguage\":\"tr\",\"potentialAction\":[{\"@type\":\"ReadAction\",\"target\":[\"https:\\\/\\\/ruishengglassco.com\\\/product\\\/rs089-1500ml-big-bottle-of-vodka\"]}]},{\"@type\":\"ImageObject\",\"inLanguage\":\"tr\",\"@id\":\"https:\\\/\\\/ruishengglassco.com\\\/product\\\/rs089-1500ml-big-bottle-of-vodka#primaryimage\",\"url\":\"https:\\\/\\\/glassbottlewholesale.com\\\/wp-content\\\/uploads\\\/2019\\\/10\\\/\u4f0f\u7279\u52a05.jpg\",\"contentUrl\":\"https:\\\/\\\/glassbottlewholesale.com\\\/wp-content\\\/uploads\\\/2019\\\/10\\\/\u4f0f\u7279\u52a05.jpg\",\"width\":640,\"height\":640,\"caption\":\"1500ml Big Bottle of Vodka Wholesale\"},{\"@type\":\"BreadcrumbList\",\"@id\":\"https:\\\/\\\/ruishengglassco.com\\\/product\\\/rs089-1500ml-big-bottle-of-vodka#breadcrumb\",\"itemListElement\":[{\"@type\":\"ListItem\",\"position\":1,\"name\":\"Home\",\"item\":\"https:\\\/\\\/glassbottlewholesale.com\\\/\"},{\"@type\":\"ListItem\",\"position\":2,\"name\":\"Products\",\"item\":\"https:\\\/\\\/glassbottlewholesale.com\\\/shop\\\/\"},{\"@type\":\"ListItem\",\"position\":3,\"name\":\"RS089: 1500ml Big Bottle of Vodka\"}]},{\"@type\":\"WebSite\",\"@id\":\"https:\\\/\\\/glassbottlewholesale.com\\\/#website\",\"url\":\"https:\\\/\\\/glassbottlewholesale.com\\\/\",\"name\":\"Glass Bottle Wholesale\",\"description\":\"\",\"publisher\":{\"@id\":\"https:\\\/\\\/glassbottlewholesale.com\\\/#organization\"},\"potentialAction\":[{\"@type\":\"SearchAction\",\"target\":{\"@type\":\"EntryPoint\",\"urlTemplate\":\"https:\\\/\\\/glassbottlewholesale.com\\\/?s={search_term_string}\"},\"query-input\":{\"@type\":\"PropertyValueSpecification\",\"valueRequired\":true,\"valueName\":\"search_term_string\"}}],\"inLanguage\":\"tr\"},{\"@type\":\"Organization\",\"@id\":\"https:\\\/\\\/glassbottlewholesale.com\\\/#organization\",\"name\":\"Glass Bottle Wholesale\",\"url\":\"https:\\\/\\\/glassbottlewholesale.com\\\/\",\"logo\":{\"@type\":\"ImageObject\",\"inLanguage\":\"tr\",\"@id\":\"https:\\\/\\\/glassbottlewholesale.com\\\/#\\\/schema\\\/logo\\\/image\\\/\",\"url\":\"https:\\\/\\\/glassbottlewholesale.com\\\/wp-content\\\/uploads\\\/2023\\\/12\\\/ruisheng-logo.webp\",\"contentUrl\":\"https:\\\/\\\/glassbottlewholesale.com\\\/wp-content\\\/uploads\\\/2023\\\/12\\\/ruisheng-logo.webp\",\"width\":400,\"height\":233,\"caption\":\"Glass Bottle Wholesale\"},\"image\":{\"@id\":\"https:\\\/\\\/glassbottlewholesale.com\\\/#\\\/schema\\\/logo\\\/image\\\/\"}}]}<\/script>\n<!-- \/ Yoast SEO plugin. -->","yoast_head_json":{"title":"1500ml B\u00fcy\u00fck \u015ei\u015fe Votka Toptan Sat\u0131\u015f | B\u00fcy\u00fck Cam \u015ei\u015fe \u00dcreticisi","description":"1500ml B\u00fcy\u00fck \u015ei\u015fe Votka Toptan Alway D\u00fc\u015f\u00fck Fiyatta! \u00c7in Cam \u015ei\u015fe \u00dcreticilerinden Y\u00fcksek Kaliteli B\u00fcy\u00fck Cam \u015ei\u015fe Burada!","robots":{"index":"index","follow":"follow","max-snippet":"max-snippet:-1","max-image-preview":"max-image-preview:large","max-video-preview":"max-video-preview:-1"},"canonical":"https:\/\/ruishengglassco.com\/product\/rs089-1500ml-big-bottle-of-vodka","og_locale":"tr_TR","og_type":"article","og_title":"1500ml Big Bottle of Vodka Wholesale | Large Glass Bottle Manufacturer","og_description":"1500ml Big Bottle of Vodka Wholesale Alway in Loweast Price! High Quality Large Glass Bottle from China Glass Botttle Manufacturers Here!","og_url":"https:\/\/ruishengglassco.com\/product\/rs089-1500ml-big-bottle-of-vodka","og_site_name":"Glass Bottle Wholesale","article_modified_time":"2023-12-06T01:20:42+00:00","og_image":[{"width":640,"height":640,"url":"https:\/\/glassbottlewholesale.com\/wp-content\/uploads\/2019\/10\/\u4f0f\u7279\u52a05.jpg","type":"image\/jpeg"}],"twitter_card":"summary_large_image","twitter_misc":{"Tahmini okuma s\u00fcresi":"1 dakika"},"schema":{"@context":"https:\/\/schema.org","@graph":[{"@type":"WebPage","@id":"https:\/\/glassbottlewholesale.com\/1500ml-big-bottle-of-vodka\/","url":"https:\/\/ruishengglassco.com\/product\/rs089-1500ml-big-bottle-of-vodka","name":"1500ml B\u00fcy\u00fck \u015ei\u015fe Votka Toptan Sat\u0131\u015f | B\u00fcy\u00fck Cam \u015ei\u015fe \u00dcreticisi","isPartOf":{"@id":"https:\/\/glassbottlewholesale.com\/#website"},"primaryImageOfPage":{"@id":"https:\/\/ruishengglassco.com\/product\/rs089-1500ml-big-bottle-of-vodka#primaryimage"},"image":{"@id":"https:\/\/ruishengglassco.com\/product\/rs089-1500ml-big-bottle-of-vodka#primaryimage"},"thumbnailUrl":"https:\/\/glassbottlewholesale.com\/wp-content\/uploads\/2019\/10\/\u4f0f\u7279\u52a05.jpg","datePublished":"2019-10-15T13:08:52+00:00","dateModified":"2023-12-06T01:20:42+00:00","description":"1500ml B\u00fcy\u00fck \u015ei\u015fe Votka Toptan Alway D\u00fc\u015f\u00fck Fiyatta! \u00c7in Cam \u015ei\u015fe \u00dcreticilerinden Y\u00fcksek Kaliteli B\u00fcy\u00fck Cam \u015ei\u015fe Burada!","breadcrumb":{"@id":"https:\/\/ruishengglassco.com\/product\/rs089-1500ml-big-bottle-of-vodka#breadcrumb"},"inLanguage":"tr","potentialAction":[{"@type":"ReadAction","target":["https:\/\/ruishengglassco.com\/product\/rs089-1500ml-big-bottle-of-vodka"]}]},{"@type":"ImageObject","inLanguage":"tr","@id":"https:\/\/ruishengglassco.com\/product\/rs089-1500ml-big-bottle-of-vodka#primaryimage","url":"https:\/\/glassbottlewholesale.com\/wp-content\/uploads\/2019\/10\/\u4f0f\u7279\u52a05.jpg","contentUrl":"https:\/\/glassbottlewholesale.com\/wp-content\/uploads\/2019\/10\/\u4f0f\u7279\u52a05.jpg","width":640,"height":640,"caption":"1500ml Big Bottle of Vodka Wholesale"},{"@type":"BreadcrumbList","@id":"https:\/\/ruishengglassco.com\/product\/rs089-1500ml-big-bottle-of-vodka#breadcrumb","itemListElement":[{"@type":"ListItem","position":1,"name":"Home","item":"https:\/\/glassbottlewholesale.com\/"},{"@type":"ListItem","position":2,"name":"Products","item":"https:\/\/glassbottlewholesale.com\/shop\/"},{"@type":"ListItem","position":3,"name":"RS089: 1500ml Big Bottle of Vodka"}]},{"@type":"WebSite","@id":"https:\/\/glassbottlewholesale.com\/#website","url":"https:\/\/glassbottlewholesale.com\/","name":"Glass Bottle Wholesale","description":"","publisher":{"@id":"https:\/\/glassbottlewholesale.com\/#organization"},"potentialAction":[{"@type":"SearchAction","target":{"@type":"EntryPoint","urlTemplate":"https:\/\/glassbottlewholesale.com\/?s={search_term_string}"},"query-input":{"@type":"PropertyValueSpecification","valueRequired":true,"valueName":"search_term_string"}}],"inLanguage":"tr"},{"@type":"Organization","@id":"https:\/\/glassbottlewholesale.com\/#organization","name":"Glass Bottle Wholesale","url":"https:\/\/glassbottlewholesale.com\/","logo":{"@type":"ImageObject","inLanguage":"tr","@id":"https:\/\/glassbottlewholesale.com\/#\/schema\/logo\/image\/","url":"https:\/\/glassbottlewholesale.com\/wp-content\/uploads\/2023\/12\/ruisheng-logo.webp","contentUrl":"https:\/\/glassbottlewholesale.com\/wp-content\/uploads\/2023\/12\/ruisheng-logo.webp","width":400,"height":233,"caption":"Glass Bottle Wholesale"},"image":{"@id":"https:\/\/glassbottlewholesale.com\/#\/schema\/logo\/image\/"}}]}},"_links":{"self":[{"href":"https:\/\/glassbottlewholesale.com\/tr\/wp-json\/wp\/v2\/product\/533","targetHints":{"allow":["GET"]}}],"collection":[{"href":"https:\/\/glassbottlewholesale.com\/tr\/wp-json\/wp\/v2\/product"}],"about":[{"href":"https:\/\/glassbottlewholesale.com\/tr\/wp-json\/wp\/v2\/types\/product"}],"replies":[{"embeddable":true,"href":"https:\/\/glassbottlewholesale.com\/tr\/wp-json\/wp\/v2\/comments?post=533"}],"wp:featuredmedia":[{"embeddable":true,"href":"https:\/\/glassbottlewholesale.com\/tr\/wp-json\/wp\/v2\/media\/535"}],"wp:attachment":[{"href":"https:\/\/glassbottlewholesale.com\/tr\/wp-json\/wp\/v2\/media?parent=533"}],"wp:term":[{"taxonomy":"product_brand","embeddable":true,"href":"https:\/\/glassbottlewholesale.com\/tr\/wp-json\/wp\/v2\/product_brand?post=533"},{"taxonomy":"product_cat","embeddable":true,"href":"https:\/\/glassbottlewholesale.com\/tr\/wp-json\/wp\/v2\/product_cat?post=533"},{"taxonomy":"product_tag","embeddable":true,"href":"https:\/\/glassbottlewholesale.com\/tr\/wp-json\/wp\/v2\/product_tag?post=533"}],"curies":[{"name":"wp","href":"https:\/\/api.w.org\/{rel}","templated":true}]}}