{"id":536,"date":"2019-10-15T13:12:55","date_gmt":"2019-10-15T13:12:55","guid":{"rendered":"https:\/\/queenchingglass.com\/?post_type=product&#038;p=536"},"modified":"2025-07-10T01:26:48","modified_gmt":"2025-07-10T01:26:48","slug":"750ml-viski-cam-sise-ureticileri","status":"publish","type":"product","link":"https:\/\/glassbottlewholesale.com\/tr\/750ml-viski-cam-sise-ureticileri\/","title":{"rendered":"RS088: 750ml Viski Cam \u015ei\u015fe \u00dcreticileri"},"content":{"rendered":"<div class=\"wpb-content-wrapper\"><div class=\"vc_row wpb_row vc_row-fluid\"><div class=\"wpb_column vc_column_container vc_col-sm-12\"><div class=\"vc_column-inner\"><div class=\"wpb_wrapper\">\n\t<div class=\"wpb_text_column wpb_content_element\" >\n\t\t<div class=\"wpb_wrapper\">\n\t\t\t<p>Bu\u00a0<strong>750ml whiskey glass bottle wholesale<\/strong> for sale is made in Shandong Yuncheng Ruisheng Glass Co., Ltd. Our company is one of the biggest 750ml Whiskey Bottle Manufacturers in China.<\/p>\n<p>The 750ml empty whiskey bottles for sale is made by high flint glass material which makes the glass bottle more clear, more durable and more smooth.<\/p>\n<p>Bir profesyonel olarak\u00a0<em><strong>glass whiskey bottles suppliers<\/strong><\/em>, Our company has more than 500 employees and a group of skilled engineers. With rich experience, we have got a good reputation all over the world.<\/p>\n<p>Our main products are top grade\u00a0<a href=\"https:\/\/ruishengglassco.com\/\">beverage glass bottle<\/a>\u00a0such as vodka bottle, brandy bottle, glass whiskey bottles wholesale, liquor bottle, jam bottle and so on. We also can offer amber glass bottle, green bottle and water bottle. Our main market in Europe, USA, Australia, America etc. And all products enjoy a high reputation for innovation and functionality.<\/p>\n<h4>750ml Whiskey Glass Bottle Wholesale<\/h4>\n<p>The information on the 750ml glass bottles for sale as below:<\/p>\n<ul>\n<li>Ana malzeme: y\u00fcksek \u00e7akmakta\u015f\u0131 cam<\/li>\n<li>Kapak: vidal\u0131 kapak<\/li>\n<li>Reference: RS088<\/li>\n<li>ADEDI: 10000 ADET<\/li>\n<li>Kapasite: 750ml<\/li>\n<li>Adet\/Ctn: 24 adet<\/li>\n<li>Yerin k\u00f6keni: Shandong, \u00c7in<\/li>\n<li>\u00d6zellik: \u00c7evre dostu<\/li>\n<\/ul>\n<p>Besides 750ml Whiskey Glass Bottle, we also have\u00a0100ml whiskey glass bottles wholesale,\u00a0250ml glass whiskey bottles with stoppers,\u00a0clear whiskey glass bottles 375\u00a0ml,\u00a0<a href=\"https:\/\/ruishengglassco.com\/1000ml-liquor-glass-bottle-manufacturer\" data-slimstat=\"5\">\u00a01000ml whiskey spirit bottles<\/a>, and etc.\u00a0If you want to a personalized whiskey decanter, we accept custom whiskey bottle sizes, custom whiskey glass types, and custom whiskey bottle labels service. Our\u00a0aim is to make the best whiskey decanter of whiskey and offer the best service for the customer from all over the world.<\/p>\n<p>If you want to know more about\u00a0 750ml whiskey glass bottle, please contact us. We will reply you within 24hours.<\/p>\n\n\t\t<\/div>\n\t<\/div>\n<\/div><\/div><\/div><\/div>\n<\/div>","protected":false},"excerpt":{"rendered":"<p>750ml(25oz)Whiskey glass bottle wholesale, with leak proof design, screw cap top lids, and high flint durable glass material, is perfect for storing superior quality Whskey.<\/p>\n<p>Custom order for Whiskey Glass Bottle:<\/p>\n<ul>\n<li>Reference: RS088<\/li>\n<li><strong>OEM \/ ODM Hizmeti sunulmaktad\u0131r. Adedi: 10000 adet (10000 ADET)<\/strong><\/li>\n<li>Kapak: Vidal\u0131 kapak veya \u00f6zel<\/li>\n<li>Malzeme Y\u00fcksek Flint Cam<\/li>\n<li>Bottle Height:220mm<\/li>\n<li>Bottle Diameter: 90mm<\/li>\n<\/ul>","protected":false},"featured_media":4593,"comment_status":"open","ping_status":"closed","template":"","meta":[],"product_brand":[],"product_cat":[52,63,68],"product_tag":[],"class_list":{"0":"post-536","1":"product","2":"type-product","3":"status-publish","4":"has-post-thumbnail","6":"product_cat-750ml-glass-bottle","7":"product_cat-liquor-bottle","8":"product_cat-whiskey-bottle","9":"entry","10":"has-media","12":"first","13":"instock","14":"shipping-taxable","15":"product-type-simple"},"yoast_head":"<!-- This site is optimized with the Yoast SEO plugin v27.3 - https:\/\/yoast.com\/product\/yoast-seo-wordpress\/ -->\n<title>Whiskey Glass Bottle Wholesale | Empty Whsikey Bottle Manufacturers<\/title>\n<meta name=\"description\" content=\"Buy Whiskey Glass Bottle Wholesale From China Empty Whsikey Bottle Manufacturers. Factory Outlet&amp;Bulk Price\" \/>\n<meta name=\"robots\" content=\"index, follow, max-snippet:-1, max-image-preview:large, max-video-preview:-1\" \/>\n<link rel=\"canonical\" href=\"https:\/\/ruishengglassco.com\/product\/rs088-750ml-whiskey-glass-bottle-manufacturers\" \/>\n<meta property=\"og:locale\" content=\"tr_TR\" \/>\n<meta property=\"og:type\" content=\"article\" \/>\n<meta property=\"og:title\" content=\"Whiskey Glass Bottle Wholesale | Empty Whsikey Bottle Manufacturers\" \/>\n<meta property=\"og:description\" content=\"Buy Whiskey Glass Bottle Wholesale From China Empty Whsikey Bottle Manufacturers. Factory Outlet&amp;Bulk Price\" \/>\n<meta property=\"og:url\" content=\"https:\/\/ruishengglassco.com\/product\/rs088-750ml-whiskey-glass-bottle-manufacturers\" \/>\n<meta property=\"og:site_name\" content=\"Glass Bottle Wholesale\" \/>\n<meta property=\"article:modified_time\" content=\"2025-07-10T01:26:48+00:00\" \/>\n<meta property=\"og:image\" content=\"https:\/\/glassbottlewholesale.com\/wp-content\/uploads\/2024\/03\/wholesale-whiskey-bottle-manufacturer14-1.png\" \/>\n\t<meta property=\"og:image:width\" content=\"800\" \/>\n\t<meta property=\"og:image:height\" content=\"800\" \/>\n\t<meta property=\"og:image:type\" content=\"image\/png\" \/>\n<meta name=\"twitter:card\" content=\"summary_large_image\" \/>\n<meta name=\"twitter:label1\" content=\"Tahmini okuma s\u00fcresi\" \/>\n\t<meta name=\"twitter:data1\" content=\"2 dakika\" \/>\n<script type=\"application\/ld+json\" class=\"yoast-schema-graph\">{\"@context\":\"https:\\\/\\\/schema.org\",\"@graph\":[{\"@type\":\"WebPage\",\"@id\":\"https:\\\/\\\/glassbottlewholesale.com\\\/750ml-whiskey-glass-bottle-manufacturers\\\/\",\"url\":\"https:\\\/\\\/ruishengglassco.com\\\/product\\\/rs088-750ml-whiskey-glass-bottle-manufacturers\",\"name\":\"Whiskey Glass Bottle Wholesale | Empty Whsikey Bottle Manufacturers\",\"isPartOf\":{\"@id\":\"https:\\\/\\\/glassbottlewholesale.com\\\/#website\"},\"primaryImageOfPage\":{\"@id\":\"https:\\\/\\\/ruishengglassco.com\\\/product\\\/rs088-750ml-whiskey-glass-bottle-manufacturers#primaryimage\"},\"image\":{\"@id\":\"https:\\\/\\\/ruishengglassco.com\\\/product\\\/rs088-750ml-whiskey-glass-bottle-manufacturers#primaryimage\"},\"thumbnailUrl\":\"https:\\\/\\\/glassbottlewholesale.com\\\/wp-content\\\/uploads\\\/2024\\\/03\\\/wholesale-whiskey-bottle-manufacturer14-1.png\",\"datePublished\":\"2019-10-15T13:12:55+00:00\",\"dateModified\":\"2025-07-10T01:26:48+00:00\",\"description\":\"Buy Whiskey Glass Bottle Wholesale From China Empty Whsikey Bottle Manufacturers. Factory Outlet&Bulk Price\",\"breadcrumb\":{\"@id\":\"https:\\\/\\\/ruishengglassco.com\\\/product\\\/rs088-750ml-whiskey-glass-bottle-manufacturers#breadcrumb\"},\"inLanguage\":\"tr\",\"potentialAction\":[{\"@type\":\"ReadAction\",\"target\":[\"https:\\\/\\\/ruishengglassco.com\\\/product\\\/rs088-750ml-whiskey-glass-bottle-manufacturers\"]}]},{\"@type\":\"ImageObject\",\"inLanguage\":\"tr\",\"@id\":\"https:\\\/\\\/ruishengglassco.com\\\/product\\\/rs088-750ml-whiskey-glass-bottle-manufacturers#primaryimage\",\"url\":\"https:\\\/\\\/glassbottlewholesale.com\\\/wp-content\\\/uploads\\\/2024\\\/03\\\/wholesale-whiskey-bottle-manufacturer14-1.png\",\"contentUrl\":\"https:\\\/\\\/glassbottlewholesale.com\\\/wp-content\\\/uploads\\\/2024\\\/03\\\/wholesale-whiskey-bottle-manufacturer14-1.png\",\"width\":800,\"height\":800,\"caption\":\"750ml WhIskey bottle Wholesale\"},{\"@type\":\"BreadcrumbList\",\"@id\":\"https:\\\/\\\/ruishengglassco.com\\\/product\\\/rs088-750ml-whiskey-glass-bottle-manufacturers#breadcrumb\",\"itemListElement\":[{\"@type\":\"ListItem\",\"position\":1,\"name\":\"Home\",\"item\":\"https:\\\/\\\/glassbottlewholesale.com\\\/\"},{\"@type\":\"ListItem\",\"position\":2,\"name\":\"Products\",\"item\":\"https:\\\/\\\/glassbottlewholesale.com\\\/shop\\\/\"},{\"@type\":\"ListItem\",\"position\":3,\"name\":\"RS088: 750ml Whiskey Glass Bottle Manufacturers\"}]},{\"@type\":\"WebSite\",\"@id\":\"https:\\\/\\\/glassbottlewholesale.com\\\/#website\",\"url\":\"https:\\\/\\\/glassbottlewholesale.com\\\/\",\"name\":\"Glass Bottle Wholesale\",\"description\":\"\",\"publisher\":{\"@id\":\"https:\\\/\\\/glassbottlewholesale.com\\\/#organization\"},\"potentialAction\":[{\"@type\":\"SearchAction\",\"target\":{\"@type\":\"EntryPoint\",\"urlTemplate\":\"https:\\\/\\\/glassbottlewholesale.com\\\/?s={search_term_string}\"},\"query-input\":{\"@type\":\"PropertyValueSpecification\",\"valueRequired\":true,\"valueName\":\"search_term_string\"}}],\"inLanguage\":\"tr\"},{\"@type\":\"Organization\",\"@id\":\"https:\\\/\\\/glassbottlewholesale.com\\\/#organization\",\"name\":\"Glass Bottle Wholesale\",\"url\":\"https:\\\/\\\/glassbottlewholesale.com\\\/\",\"logo\":{\"@type\":\"ImageObject\",\"inLanguage\":\"tr\",\"@id\":\"https:\\\/\\\/glassbottlewholesale.com\\\/#\\\/schema\\\/logo\\\/image\\\/\",\"url\":\"https:\\\/\\\/glassbottlewholesale.com\\\/wp-content\\\/uploads\\\/2023\\\/12\\\/ruisheng-logo.webp\",\"contentUrl\":\"https:\\\/\\\/glassbottlewholesale.com\\\/wp-content\\\/uploads\\\/2023\\\/12\\\/ruisheng-logo.webp\",\"width\":400,\"height\":233,\"caption\":\"Glass Bottle Wholesale\"},\"image\":{\"@id\":\"https:\\\/\\\/glassbottlewholesale.com\\\/#\\\/schema\\\/logo\\\/image\\\/\"}}]}<\/script>\n<!-- \/ Yoast SEO plugin. -->","yoast_head_json":{"title":"Whiskey Glass Bottle Wholesale | Empty Whsikey Bottle Manufacturers","description":"Buy Whiskey Glass Bottle Wholesale From China Empty Whsikey Bottle Manufacturers. Factory Outlet&Bulk Price","robots":{"index":"index","follow":"follow","max-snippet":"max-snippet:-1","max-image-preview":"max-image-preview:large","max-video-preview":"max-video-preview:-1"},"canonical":"https:\/\/ruishengglassco.com\/product\/rs088-750ml-whiskey-glass-bottle-manufacturers","og_locale":"tr_TR","og_type":"article","og_title":"Whiskey Glass Bottle Wholesale | Empty Whsikey Bottle Manufacturers","og_description":"Buy Whiskey Glass Bottle Wholesale From China Empty Whsikey Bottle Manufacturers. Factory Outlet&Bulk Price","og_url":"https:\/\/ruishengglassco.com\/product\/rs088-750ml-whiskey-glass-bottle-manufacturers","og_site_name":"Glass Bottle Wholesale","article_modified_time":"2025-07-10T01:26:48+00:00","og_image":[{"width":800,"height":800,"url":"https:\/\/glassbottlewholesale.com\/wp-content\/uploads\/2024\/03\/wholesale-whiskey-bottle-manufacturer14-1.png","type":"image\/png"}],"twitter_card":"summary_large_image","twitter_misc":{"Tahmini okuma s\u00fcresi":"2 dakika"},"schema":{"@context":"https:\/\/schema.org","@graph":[{"@type":"WebPage","@id":"https:\/\/glassbottlewholesale.com\/750ml-whiskey-glass-bottle-manufacturers\/","url":"https:\/\/ruishengglassco.com\/product\/rs088-750ml-whiskey-glass-bottle-manufacturers","name":"Whiskey Glass Bottle Wholesale | Empty Whsikey Bottle Manufacturers","isPartOf":{"@id":"https:\/\/glassbottlewholesale.com\/#website"},"primaryImageOfPage":{"@id":"https:\/\/ruishengglassco.com\/product\/rs088-750ml-whiskey-glass-bottle-manufacturers#primaryimage"},"image":{"@id":"https:\/\/ruishengglassco.com\/product\/rs088-750ml-whiskey-glass-bottle-manufacturers#primaryimage"},"thumbnailUrl":"https:\/\/glassbottlewholesale.com\/wp-content\/uploads\/2024\/03\/wholesale-whiskey-bottle-manufacturer14-1.png","datePublished":"2019-10-15T13:12:55+00:00","dateModified":"2025-07-10T01:26:48+00:00","description":"Buy Whiskey Glass Bottle Wholesale From China Empty Whsikey Bottle Manufacturers. Factory Outlet&Bulk Price","breadcrumb":{"@id":"https:\/\/ruishengglassco.com\/product\/rs088-750ml-whiskey-glass-bottle-manufacturers#breadcrumb"},"inLanguage":"tr","potentialAction":[{"@type":"ReadAction","target":["https:\/\/ruishengglassco.com\/product\/rs088-750ml-whiskey-glass-bottle-manufacturers"]}]},{"@type":"ImageObject","inLanguage":"tr","@id":"https:\/\/ruishengglassco.com\/product\/rs088-750ml-whiskey-glass-bottle-manufacturers#primaryimage","url":"https:\/\/glassbottlewholesale.com\/wp-content\/uploads\/2024\/03\/wholesale-whiskey-bottle-manufacturer14-1.png","contentUrl":"https:\/\/glassbottlewholesale.com\/wp-content\/uploads\/2024\/03\/wholesale-whiskey-bottle-manufacturer14-1.png","width":800,"height":800,"caption":"750ml WhIskey bottle Wholesale"},{"@type":"BreadcrumbList","@id":"https:\/\/ruishengglassco.com\/product\/rs088-750ml-whiskey-glass-bottle-manufacturers#breadcrumb","itemListElement":[{"@type":"ListItem","position":1,"name":"Home","item":"https:\/\/glassbottlewholesale.com\/"},{"@type":"ListItem","position":2,"name":"Products","item":"https:\/\/glassbottlewholesale.com\/shop\/"},{"@type":"ListItem","position":3,"name":"RS088: 750ml Whiskey Glass Bottle Manufacturers"}]},{"@type":"WebSite","@id":"https:\/\/glassbottlewholesale.com\/#website","url":"https:\/\/glassbottlewholesale.com\/","name":"Glass Bottle Wholesale","description":"","publisher":{"@id":"https:\/\/glassbottlewholesale.com\/#organization"},"potentialAction":[{"@type":"SearchAction","target":{"@type":"EntryPoint","urlTemplate":"https:\/\/glassbottlewholesale.com\/?s={search_term_string}"},"query-input":{"@type":"PropertyValueSpecification","valueRequired":true,"valueName":"search_term_string"}}],"inLanguage":"tr"},{"@type":"Organization","@id":"https:\/\/glassbottlewholesale.com\/#organization","name":"Glass Bottle Wholesale","url":"https:\/\/glassbottlewholesale.com\/","logo":{"@type":"ImageObject","inLanguage":"tr","@id":"https:\/\/glassbottlewholesale.com\/#\/schema\/logo\/image\/","url":"https:\/\/glassbottlewholesale.com\/wp-content\/uploads\/2023\/12\/ruisheng-logo.webp","contentUrl":"https:\/\/glassbottlewholesale.com\/wp-content\/uploads\/2023\/12\/ruisheng-logo.webp","width":400,"height":233,"caption":"Glass Bottle Wholesale"},"image":{"@id":"https:\/\/glassbottlewholesale.com\/#\/schema\/logo\/image\/"}}]}},"_links":{"self":[{"href":"https:\/\/glassbottlewholesale.com\/tr\/wp-json\/wp\/v2\/product\/536","targetHints":{"allow":["GET"]}}],"collection":[{"href":"https:\/\/glassbottlewholesale.com\/tr\/wp-json\/wp\/v2\/product"}],"about":[{"href":"https:\/\/glassbottlewholesale.com\/tr\/wp-json\/wp\/v2\/types\/product"}],"replies":[{"embeddable":true,"href":"https:\/\/glassbottlewholesale.com\/tr\/wp-json\/wp\/v2\/comments?post=536"}],"wp:featuredmedia":[{"embeddable":true,"href":"https:\/\/glassbottlewholesale.com\/tr\/wp-json\/wp\/v2\/media\/4593"}],"wp:attachment":[{"href":"https:\/\/glassbottlewholesale.com\/tr\/wp-json\/wp\/v2\/media?parent=536"}],"wp:term":[{"taxonomy":"product_brand","embeddable":true,"href":"https:\/\/glassbottlewholesale.com\/tr\/wp-json\/wp\/v2\/product_brand?post=536"},{"taxonomy":"product_cat","embeddable":true,"href":"https:\/\/glassbottlewholesale.com\/tr\/wp-json\/wp\/v2\/product_cat?post=536"},{"taxonomy":"product_tag","embeddable":true,"href":"https:\/\/glassbottlewholesale.com\/tr\/wp-json\/wp\/v2\/product_tag?post=536"}],"curies":[{"name":"wp","href":"https:\/\/api.w.org\/{rel}","templated":true}]}}