{"id":540,"date":"2019-10-15T13:15:38","date_gmt":"2019-10-15T13:15:38","guid":{"rendered":"https:\/\/queenchingglass.com\/?post_type=product&#038;p=540"},"modified":"2025-07-10T01:25:09","modified_gmt":"2025-07-10T01:25:09","slug":"wholesale-70cl-long-neck-round-whiskey-bottle-corked","status":"publish","type":"product","link":"https:\/\/glassbottlewholesale.com\/tr\/wholesale-70cl-long-neck-round-whiskey-bottle-corked\/","title":{"rendered":"RS086: Toptan 70cl Uzun Boyunlu Yuvarlak Viski \u015ei\u015fesi Mantarl\u0131"},"content":{"rendered":"<div class=\"wpb-content-wrapper\"><div class=\"vc_row wpb_row vc_row-fluid\"><div class=\"wpb_column vc_column_container vc_col-sm-12\"><div class=\"vc_column-inner\"><div class=\"wpb_wrapper\">\n\t<div class=\"wpb_text_column wpb_content_element\" >\n\t\t<div class=\"wpb_wrapper\">\n\t\t\t<p><strong>RS bulk whiskey bottles 70cl,\u00a0<\/strong>adopting high flint glass raw material which makes the glass whiskey bottle wholesale more clear, more durable and more smooth than other glass bottles, mainly used in liquor, whiskey, vodka, beverage, water, and other liquid packages.<\/p>\n<p>This 70cl round whiskey bottles with a long neck. We also accept custom whiskey glass bottle service. In this customized glass bottle service,\u00a0 you can custom different glass bottle shapes, such as round shape, square shape, streamlines shape, skull shape and etc. Different glass bottle capacity is available 50ml, 100ml, 250ml, 350ml, 500ml, 700ml, 750ml, 1000ml, 1.5 L and others. And we also accept custom private label and Logo Service. What you need is what we can offer!<\/p>\n<h4>Get Information About Bulk Whiskey Bottles Price<\/h4>\n<ul>\n<li>Name: Glass Whiskey Bottles Wholesale<\/li>\n<li>Men\u015fe \u00fclke\uff1a\u00c7in<\/li>\n<li>Ana malzeme: y\u00fcksek \u00e7akmakta\u015f\u0131 cam<\/li>\n<li>Kapak: Mantar (\u0130htiyac\u0131n\u0131z olursa kapa\u011f\u0131n\u0131 vidal\u0131 kapak olarak de\u011fi\u015ftirebiliriz)<\/li>\n<li>Reference: RS086<\/li>\n<li>MOQ: 1x 40\u2033 GP<\/li>\n<li>Kapasite: 700ml<\/li>\n<li>Paketleme \u015fekli: \u0130hracat standart karton \/ Palet \/ ihracat standart karton ve palet<\/li>\n<li>Yerin k\u00f6keni: Shandong, \u00c7in<\/li>\n<li>\u00d6zellik: \u00c7evre dostu<\/li>\n<\/ul>\n<p>There are about more than 500 employees in our factory, and about 30 QC to check the glass drinking bottles wholesale quality. All of the empty whiskey bottles will be export after it passes the QC.<\/p>\n<p>And there are also have a group of skilled engineers, and they will do the work for bottle drawing, label design, and solve the questions between the sales and customers. With rich experience, we have got a good reputation all over the world.<\/p>\n<p>Our main products are top grade glass bottles such as vodka bottles, brandy bottles, whiskey bottles, liquor bottles, rum bottles, and so on. We also can offer amber glass bottles, green bottles, and transparent bottles<\/p>\n<p>If you are interested in our 70cl long neck round whiskey bottles with lids, please<a href=\"https:\/\/ruishengglassco.com\/contact\"> Bize ula\u015f\u0131n.<\/a> If you want to make custom glass bottles, please contact us too. We are very glad to get your inquiry for the best whiskey glass bottles.<\/p>\n\n\t\t<\/div>\n\t<\/div>\n<\/div><\/div><\/div><\/div>\n<\/div>","protected":false},"excerpt":{"rendered":"<p>Ruisheng, a professional whiskey bottle manufacturer, has been involved in whiskey glass bottle manufacturing over 10 years. We produce a variety of high-quality glass bottles for liquor, whiskey, brandy, vodka, etc. We set an independent factory dedicated to the production of whiskey bottles. Our whiskey bottle mainly exports to the US, UK, Russia, Australia, etc. If you&#8217;re interested in bulk whiskey bottles price, please feel free to contact me.<\/p>","protected":false},"featured_media":541,"comment_status":"open","ping_status":"closed","template":"","meta":[],"product_brand":[],"product_cat":[55,63,68],"product_tag":[],"class_list":{"0":"post-540","1":"product","2":"type-product","3":"status-publish","4":"has-post-thumbnail","6":"product_cat-custom-glass-bottle","7":"product_cat-liquor-bottle","8":"product_cat-whiskey-bottle","9":"entry","10":"has-media","12":"first","13":"instock","14":"shipping-taxable","15":"product-type-simple"},"yoast_head":"<!-- This site is optimized with the Yoast SEO plugin v27.3 - https:\/\/yoast.com\/product\/yoast-seo-wordpress\/ -->\n<title>Bulk Whiskey Bottles Price | Custom Long Neck Glass Bottles-RS<\/title>\n<meta name=\"description\" content=\"Ruisheng, top liquor bottle manufacturer, custom long neck glass bottles for Whsikey, Brandy, Vodka, and other liquor. Get Bulk Whiskey Bottles Price Here.\" \/>\n<meta name=\"robots\" content=\"index, follow, max-snippet:-1, max-image-preview:large, max-video-preview:-1\" \/>\n<link rel=\"canonical\" href=\"https:\/\/ruishengglassco.com\/product\/rs086-wholesale-70cl-long-neck-round-whiskey-bottle-corked\" \/>\n<meta property=\"og:locale\" content=\"tr_TR\" \/>\n<meta property=\"og:type\" content=\"article\" \/>\n<meta property=\"og:title\" content=\"Bulk Whiskey Bottles Price | Custom Long Neck Glass Bottles-RS\" \/>\n<meta property=\"og:description\" content=\"Ruisheng, top liquor bottle manufacturer, custom long neck glass bottles for Whsikey, Brandy, Vodka, and other liquor. Get Bulk Whiskey Bottles Price Here.\" \/>\n<meta property=\"og:url\" content=\"https:\/\/ruishengglassco.com\/product\/rs086-wholesale-70cl-long-neck-round-whiskey-bottle-corked\" \/>\n<meta property=\"og:site_name\" content=\"Glass Bottle Wholesale\" \/>\n<meta property=\"article:modified_time\" content=\"2025-07-10T01:25:09+00:00\" \/>\n<meta property=\"og:image\" content=\"https:\/\/glassbottlewholesale.com\/wp-content\/uploads\/2019\/10\/\u5a01\u58eb\u5fcc3.jpg\" \/>\n\t<meta property=\"og:image:width\" content=\"400\" \/>\n\t<meta property=\"og:image:height\" content=\"400\" \/>\n\t<meta property=\"og:image:type\" content=\"image\/jpeg\" \/>\n<meta name=\"twitter:card\" content=\"summary_large_image\" \/>\n<meta name=\"twitter:label1\" content=\"Tahmini okuma s\u00fcresi\" \/>\n\t<meta name=\"twitter:data1\" content=\"2 dakika\" \/>\n<script type=\"application\/ld+json\" class=\"yoast-schema-graph\">{\"@context\":\"https:\\\/\\\/schema.org\",\"@graph\":[{\"@type\":\"WebPage\",\"@id\":\"https:\\\/\\\/glassbottlewholesale.com\\\/wholesale-70cl-long-neck-round-whiskey-bottle-corked\\\/\",\"url\":\"https:\\\/\\\/ruishengglassco.com\\\/product\\\/rs086-wholesale-70cl-long-neck-round-whiskey-bottle-corked\",\"name\":\"Bulk Whiskey Bottles Price | Custom Long Neck Glass Bottles-RS\",\"isPartOf\":{\"@id\":\"https:\\\/\\\/glassbottlewholesale.com\\\/#website\"},\"primaryImageOfPage\":{\"@id\":\"https:\\\/\\\/ruishengglassco.com\\\/product\\\/rs086-wholesale-70cl-long-neck-round-whiskey-bottle-corked#primaryimage\"},\"image\":{\"@id\":\"https:\\\/\\\/ruishengglassco.com\\\/product\\\/rs086-wholesale-70cl-long-neck-round-whiskey-bottle-corked#primaryimage\"},\"thumbnailUrl\":\"https:\\\/\\\/glassbottlewholesale.com\\\/wp-content\\\/uploads\\\/2019\\\/10\\\/\u5a01\u58eb\u5fcc3.jpg\",\"datePublished\":\"2019-10-15T13:15:38+00:00\",\"dateModified\":\"2025-07-10T01:25:09+00:00\",\"description\":\"Ruisheng, top liquor bottle manufacturer, custom long neck glass bottles for Whsikey, Brandy, Vodka, and other liquor. Get Bulk Whiskey Bottles Price Here.\",\"breadcrumb\":{\"@id\":\"https:\\\/\\\/ruishengglassco.com\\\/product\\\/rs086-wholesale-70cl-long-neck-round-whiskey-bottle-corked#breadcrumb\"},\"inLanguage\":\"tr\",\"potentialAction\":[{\"@type\":\"ReadAction\",\"target\":[\"https:\\\/\\\/ruishengglassco.com\\\/product\\\/rs086-wholesale-70cl-long-neck-round-whiskey-bottle-corked\"]}]},{\"@type\":\"ImageObject\",\"inLanguage\":\"tr\",\"@id\":\"https:\\\/\\\/ruishengglassco.com\\\/product\\\/rs086-wholesale-70cl-long-neck-round-whiskey-bottle-corked#primaryimage\",\"url\":\"https:\\\/\\\/glassbottlewholesale.com\\\/wp-content\\\/uploads\\\/2019\\\/10\\\/\u5a01\u58eb\u5fcc3.jpg\",\"contentUrl\":\"https:\\\/\\\/glassbottlewholesale.com\\\/wp-content\\\/uploads\\\/2019\\\/10\\\/\u5a01\u58eb\u5fcc3.jpg\",\"width\":400,\"height\":400,\"caption\":\"Wholesale 70cl Long Neck Round Whiskey Bottle Corked\"},{\"@type\":\"BreadcrumbList\",\"@id\":\"https:\\\/\\\/ruishengglassco.com\\\/product\\\/rs086-wholesale-70cl-long-neck-round-whiskey-bottle-corked#breadcrumb\",\"itemListElement\":[{\"@type\":\"ListItem\",\"position\":1,\"name\":\"Home\",\"item\":\"https:\\\/\\\/glassbottlewholesale.com\\\/\"},{\"@type\":\"ListItem\",\"position\":2,\"name\":\"Products\",\"item\":\"https:\\\/\\\/glassbottlewholesale.com\\\/shop\\\/\"},{\"@type\":\"ListItem\",\"position\":3,\"name\":\"RS086: Wholesale 70cl Long Neck Round Whiskey Bottle Corked\"}]},{\"@type\":\"WebSite\",\"@id\":\"https:\\\/\\\/glassbottlewholesale.com\\\/#website\",\"url\":\"https:\\\/\\\/glassbottlewholesale.com\\\/\",\"name\":\"Glass Bottle Wholesale\",\"description\":\"\",\"publisher\":{\"@id\":\"https:\\\/\\\/glassbottlewholesale.com\\\/#organization\"},\"potentialAction\":[{\"@type\":\"SearchAction\",\"target\":{\"@type\":\"EntryPoint\",\"urlTemplate\":\"https:\\\/\\\/glassbottlewholesale.com\\\/?s={search_term_string}\"},\"query-input\":{\"@type\":\"PropertyValueSpecification\",\"valueRequired\":true,\"valueName\":\"search_term_string\"}}],\"inLanguage\":\"tr\"},{\"@type\":\"Organization\",\"@id\":\"https:\\\/\\\/glassbottlewholesale.com\\\/#organization\",\"name\":\"Glass Bottle Wholesale\",\"url\":\"https:\\\/\\\/glassbottlewholesale.com\\\/\",\"logo\":{\"@type\":\"ImageObject\",\"inLanguage\":\"tr\",\"@id\":\"https:\\\/\\\/glassbottlewholesale.com\\\/#\\\/schema\\\/logo\\\/image\\\/\",\"url\":\"https:\\\/\\\/glassbottlewholesale.com\\\/wp-content\\\/uploads\\\/2023\\\/12\\\/ruisheng-logo.webp\",\"contentUrl\":\"https:\\\/\\\/glassbottlewholesale.com\\\/wp-content\\\/uploads\\\/2023\\\/12\\\/ruisheng-logo.webp\",\"width\":400,\"height\":233,\"caption\":\"Glass Bottle Wholesale\"},\"image\":{\"@id\":\"https:\\\/\\\/glassbottlewholesale.com\\\/#\\\/schema\\\/logo\\\/image\\\/\"}}]}<\/script>\n<!-- \/ Yoast SEO plugin. -->","yoast_head_json":{"title":"Bulk Whiskey Bottles Price | Custom Long Neck Glass Bottles-RS","description":"Ruisheng, top liquor bottle manufacturer, custom long neck glass bottles for Whsikey, Brandy, Vodka, and other liquor. Get Bulk Whiskey Bottles Price Here.","robots":{"index":"index","follow":"follow","max-snippet":"max-snippet:-1","max-image-preview":"max-image-preview:large","max-video-preview":"max-video-preview:-1"},"canonical":"https:\/\/ruishengglassco.com\/product\/rs086-wholesale-70cl-long-neck-round-whiskey-bottle-corked","og_locale":"tr_TR","og_type":"article","og_title":"Bulk Whiskey Bottles Price | Custom Long Neck Glass Bottles-RS","og_description":"Ruisheng, top liquor bottle manufacturer, custom long neck glass bottles for Whsikey, Brandy, Vodka, and other liquor. Get Bulk Whiskey Bottles Price Here.","og_url":"https:\/\/ruishengglassco.com\/product\/rs086-wholesale-70cl-long-neck-round-whiskey-bottle-corked","og_site_name":"Glass Bottle Wholesale","article_modified_time":"2025-07-10T01:25:09+00:00","og_image":[{"width":400,"height":400,"url":"https:\/\/glassbottlewholesale.com\/wp-content\/uploads\/2019\/10\/\u5a01\u58eb\u5fcc3.jpg","type":"image\/jpeg"}],"twitter_card":"summary_large_image","twitter_misc":{"Tahmini okuma s\u00fcresi":"2 dakika"},"schema":{"@context":"https:\/\/schema.org","@graph":[{"@type":"WebPage","@id":"https:\/\/glassbottlewholesale.com\/wholesale-70cl-long-neck-round-whiskey-bottle-corked\/","url":"https:\/\/ruishengglassco.com\/product\/rs086-wholesale-70cl-long-neck-round-whiskey-bottle-corked","name":"Bulk Whiskey Bottles Price | Custom Long Neck Glass Bottles-RS","isPartOf":{"@id":"https:\/\/glassbottlewholesale.com\/#website"},"primaryImageOfPage":{"@id":"https:\/\/ruishengglassco.com\/product\/rs086-wholesale-70cl-long-neck-round-whiskey-bottle-corked#primaryimage"},"image":{"@id":"https:\/\/ruishengglassco.com\/product\/rs086-wholesale-70cl-long-neck-round-whiskey-bottle-corked#primaryimage"},"thumbnailUrl":"https:\/\/glassbottlewholesale.com\/wp-content\/uploads\/2019\/10\/\u5a01\u58eb\u5fcc3.jpg","datePublished":"2019-10-15T13:15:38+00:00","dateModified":"2025-07-10T01:25:09+00:00","description":"Ruisheng, top liquor bottle manufacturer, custom long neck glass bottles for Whsikey, Brandy, Vodka, and other liquor. Get Bulk Whiskey Bottles Price Here.","breadcrumb":{"@id":"https:\/\/ruishengglassco.com\/product\/rs086-wholesale-70cl-long-neck-round-whiskey-bottle-corked#breadcrumb"},"inLanguage":"tr","potentialAction":[{"@type":"ReadAction","target":["https:\/\/ruishengglassco.com\/product\/rs086-wholesale-70cl-long-neck-round-whiskey-bottle-corked"]}]},{"@type":"ImageObject","inLanguage":"tr","@id":"https:\/\/ruishengglassco.com\/product\/rs086-wholesale-70cl-long-neck-round-whiskey-bottle-corked#primaryimage","url":"https:\/\/glassbottlewholesale.com\/wp-content\/uploads\/2019\/10\/\u5a01\u58eb\u5fcc3.jpg","contentUrl":"https:\/\/glassbottlewholesale.com\/wp-content\/uploads\/2019\/10\/\u5a01\u58eb\u5fcc3.jpg","width":400,"height":400,"caption":"Wholesale 70cl Long Neck Round Whiskey Bottle Corked"},{"@type":"BreadcrumbList","@id":"https:\/\/ruishengglassco.com\/product\/rs086-wholesale-70cl-long-neck-round-whiskey-bottle-corked#breadcrumb","itemListElement":[{"@type":"ListItem","position":1,"name":"Home","item":"https:\/\/glassbottlewholesale.com\/"},{"@type":"ListItem","position":2,"name":"Products","item":"https:\/\/glassbottlewholesale.com\/shop\/"},{"@type":"ListItem","position":3,"name":"RS086: Wholesale 70cl Long Neck Round Whiskey Bottle Corked"}]},{"@type":"WebSite","@id":"https:\/\/glassbottlewholesale.com\/#website","url":"https:\/\/glassbottlewholesale.com\/","name":"Glass Bottle Wholesale","description":"","publisher":{"@id":"https:\/\/glassbottlewholesale.com\/#organization"},"potentialAction":[{"@type":"SearchAction","target":{"@type":"EntryPoint","urlTemplate":"https:\/\/glassbottlewholesale.com\/?s={search_term_string}"},"query-input":{"@type":"PropertyValueSpecification","valueRequired":true,"valueName":"search_term_string"}}],"inLanguage":"tr"},{"@type":"Organization","@id":"https:\/\/glassbottlewholesale.com\/#organization","name":"Glass Bottle Wholesale","url":"https:\/\/glassbottlewholesale.com\/","logo":{"@type":"ImageObject","inLanguage":"tr","@id":"https:\/\/glassbottlewholesale.com\/#\/schema\/logo\/image\/","url":"https:\/\/glassbottlewholesale.com\/wp-content\/uploads\/2023\/12\/ruisheng-logo.webp","contentUrl":"https:\/\/glassbottlewholesale.com\/wp-content\/uploads\/2023\/12\/ruisheng-logo.webp","width":400,"height":233,"caption":"Glass Bottle Wholesale"},"image":{"@id":"https:\/\/glassbottlewholesale.com\/#\/schema\/logo\/image\/"}}]}},"_links":{"self":[{"href":"https:\/\/glassbottlewholesale.com\/tr\/wp-json\/wp\/v2\/product\/540","targetHints":{"allow":["GET"]}}],"collection":[{"href":"https:\/\/glassbottlewholesale.com\/tr\/wp-json\/wp\/v2\/product"}],"about":[{"href":"https:\/\/glassbottlewholesale.com\/tr\/wp-json\/wp\/v2\/types\/product"}],"replies":[{"embeddable":true,"href":"https:\/\/glassbottlewholesale.com\/tr\/wp-json\/wp\/v2\/comments?post=540"}],"wp:featuredmedia":[{"embeddable":true,"href":"https:\/\/glassbottlewholesale.com\/tr\/wp-json\/wp\/v2\/media\/541"}],"wp:attachment":[{"href":"https:\/\/glassbottlewholesale.com\/tr\/wp-json\/wp\/v2\/media?parent=540"}],"wp:term":[{"taxonomy":"product_brand","embeddable":true,"href":"https:\/\/glassbottlewholesale.com\/tr\/wp-json\/wp\/v2\/product_brand?post=540"},{"taxonomy":"product_cat","embeddable":true,"href":"https:\/\/glassbottlewholesale.com\/tr\/wp-json\/wp\/v2\/product_cat?post=540"},{"taxonomy":"product_tag","embeddable":true,"href":"https:\/\/glassbottlewholesale.com\/tr\/wp-json\/wp\/v2\/product_tag?post=540"}],"curies":[{"name":"wp","href":"https:\/\/api.w.org\/{rel}","templated":true}]}}