{"id":632,"date":"2019-10-18T03:05:37","date_gmt":"2019-10-18T03:05:37","guid":{"rendered":"https:\/\/queenchingglass.com\/?post_type=product&#038;p=632"},"modified":"2024-01-08T03:54:55","modified_gmt":"2024-01-08T03:54:55","slug":"wholesale-375ml-glass-bottles-with-screw-top-lids","status":"publish","type":"product","link":"https:\/\/glassbottlewholesale.com\/tr\/wholesale-375ml-glass-bottles-with-screw-top-lids\/","title":{"rendered":"RS085: Toptan 375ml Vidal\u0131 Kapakl\u0131 Cam \u015ei\u015feler"},"content":{"rendered":"<p>Bu <a href=\"https:\/\/rsglassbottle.com\/product-detail\/375ml-boston-round-glass-bottles\/\">375ml cam \u015fi\u015feler<\/a> Shandong Yuncheng Ruisheng Glass Co, Ltd'de vidal\u0131 \u00fcst toptan \u00fcretilmektedir. Bu k\u00fc\u00e7\u00fck cam \u015fi\u015feler lik\u00f6r, viski, votka, brendi, rom, cin ve di\u011fer i\u00e7ecekler gibi bir\u00e7ok s\u0131v\u0131 t\u00fcr\u00fcn\u00fc tutabilir. Bu k\u00fc\u00e7\u00fck cam \u015fi\u015fenin vidal\u0131 kapakl\u0131 cam \u015fi\u015fe oldu\u011funu belirtmek gerekir.<\/p>\n<p>Bu 375 ml'lik toptan \u015fi\u015feler silindir \u015feklindedir ve s\u0131zd\u0131rmazl\u0131k tipi vidal\u0131 kapakt\u0131r. Bu k\u00fc\u00e7\u00fck s\u0131v\u0131 \u015fi\u015feler i\u00e7in iki \u00e7e\u015fit kapak sunabiliriz. Biri sahte olmayan k\u0131sa vidal\u0131 kapak, di\u011feri ise yayg\u0131n bir k\u0131sa vidal\u0131 kapakt\u0131r. Bu kapa\u011f\u0131 istemiyorsan\u0131z, mantar i\u00e7in kaplama tak\u0131m\u0131n\u0131 da de\u011fi\u015ftirebiliriz.<\/p>\n<p>Bu 375ml cam lik\u00f6r \u015fi\u015feleri \u00fczerinde vidal\u0131 \u00fcst toptan sat\u0131\u015f ile derin s\u00fcslemeler yapabiliriz. Fabrikam\u0131zdan tek elden toptan cam \u015fi\u015fe hizmeti isterseniz, buzlu cam \u015fi\u015fe \u00fczerine bask\u0131 logosu, \u015feffaf y\u00fczeye renk p\u00fcsk\u00fcrtme ve ruh \u015fi\u015feleri \u00fczerinde UV elektrokaplama renkleri sunabiliriz.<\/p>\n<h4>Bu 375 ml'lik vidal\u0131 kapakl\u0131 cam \u015fi\u015fenin detaylar\u0131<\/h4>\n<ul>\n<li>Ana malzeme: y\u00fcksek \u00e7akmakta\u015f\u0131 cam<\/li>\n<li>Kapak: vidal\u0131 kapak<\/li>\n<li>Referans: RS085<\/li>\n<li>ADEDI: 10000 ADET<\/li>\n<li>Kapasite:375ml<\/li>\n<li>Adet\/Ctn:24 adet \/20 adet\/ 12 adet \/6 adet<\/li>\n<li>Yerin k\u00f6keni: Shandong, \u00c7in<\/li>\n<li>\u00d6zellik: \u00c7evre dostu<\/li>\n<\/ul>\n<h4>Cam \u015ei\u015fe Ambalaj\u0131 Hakk\u0131nda<\/h4>\n<p>Fabrikam\u0131zda 375 ml'lik bir \u015fi\u015fe ambalaj\u0131 i\u00e7in \u00fc\u00e7 yol vard\u0131r:<\/p>\n<p>\u0130lk yol karton ambalajd\u0131r. Sat\u0131l\u0131k bu 375ml lik\u00f6r \u015fi\u015fesi i\u00e7in standart karton ambalaj yapabiliriz ve genellikle karton ba\u015f\u0131na yakla\u015f\u0131k 15\/20\/24 adet \u015fi\u015fe vard\u0131r. Bu karton sadece nakliye ambalaj\u0131 olarak. Bo\u015f cam \u015fi\u015feleri kulland\u0131ktan sonra kartonu de\u011fi\u015ftirmek istemiyorsan\u0131z, sizin i\u00e7in \u00f6zel renkli kutu da sunabiliriz. \u0130\u00e7ki fabrikas\u0131 genellikle kutu ba\u015f\u0131na 6 adet cam \u015fi\u015fe veya kutu ba\u015f\u0131na 12 adet cam \u015fi\u015fe kullan\u0131r.<\/p>\n<p>\u0130kinci yol ise paletli paketlemedir. Paletimiz f\u00fcmigasyonsuzdur. Ka\u011f\u0131t tepsiyi palete koyaca\u011f\u0131z ve paletlerin \u00fczerine vintage 375ml \u015feffaf cam \u015fi\u015fe ambalaj\u0131ndan sonra paletleri saraca\u011f\u0131z.<\/p>\n<p>\u00dc\u00e7\u00fcnc\u00fc yol ise karton ve palet paketlemedir. Bu \u015fekilde, vidal\u0131 kapakl\u0131 cam \u015fi\u015feleri paketlemek i\u00e7in karton ve palet sunuyoruz. Bu \u015fekilde, daha g\u00fcvenli ve ta\u015f\u0131mas\u0131 kolayd\u0131r.<\/p>\n<p>En b\u00fcy\u00fck cam lik\u00f6r \u015fi\u015fesi tedarik\u00e7isi olarak, cam \u015fi\u015femiz Avrupa, ABD, Avustralya vb. \u00fclkelere ihra\u00e7 edilmi\u015ftir. T\u00fcm \u00fcr\u00fcnler yenilik i\u00e7in y\u00fcksek bir \u00fcne sahiptir<br \/>\nve i\u015flevsellik.<\/p>\n<p><em><strong>Bu 375ml cam lik\u00f6r \u015fi\u015fesi ile ilgileniyorsan\u0131z, l\u00fctfen \u015fimdi bizimle ileti\u015fime ge\u00e7in.<\/strong><\/em><\/p>\n<p>&nbsp;<\/p>\n<p>&nbsp;<\/p>","protected":false},"excerpt":{"rendered":"<style type=\"text\/css\">\n.tg {border-collapse:collapse;border-spacing:0;border-color:#ccc;}<br \/>.tg td{font-family:Arial, sans-serif;font-size:14px;padding:10px 5px;border-style:solid;border-width:1px;overflow:hidden;word-break:normal;border-color:#ccc;color:#333;background-color:#fff;}<br \/>.tg th{font-family:Arial, sans-serif;font-size:14px;font-weight:normal;padding:10px 5px;border-style:solid;border-width:1px;overflow:hidden;word-break:normal;border-color:#ccc;color:#333;background-color:#f0f0f0;}<br \/>.tg .tg-24i8{font-size:24px;vertical-align:top}<br \/>.tg .tg-b7b8{background-color:#f9f9f9;vertical-align:top}<br \/>.tg .tg-yw4l{vertical-align:top}<br \/><\/style>\n<table class=\"tg\">\n<tbody>\n<tr>\n<th class=\"tg-24i8\" colspan=\"2\">Vidal\u0131 Kapakl\u0131 Toptan 375ml Cam \u015ei\u015feler<\/th>\n<\/tr>\n<tr>\n<td class=\"tg-b7b8\">Referans:<\/td>\n<td class=\"tg-b7b8\">RS085<\/td>\n<\/tr>\n<tr>\n<td class=\"tg-yw4l\">Ana malzeme:<\/td>\n<td class=\"tg-yw4l\">Y\u00fcksek \u00e7akmakta\u015f\u0131 cam (bu malzeme kristal beyaz cam olarak da adland\u0131r\u0131l\u0131r)<\/td>\n<\/tr>\n<tr>\n<td class=\"tg-b7b8\">Kaptan:<\/td>\n<td class=\"tg-b7b8\">Scrow \u015eapka<\/td>\n<\/tr>\n<tr>\n<td class=\"tg-yw4l\">Kapasite:<\/td>\n<td class=\"tg-yw4l\">375ml<\/td>\n<\/tr>\n<tr>\n<td class=\"tg-b7b8\">\u00d6zellik:<\/td>\n<td class=\"tg-b7b8\">\u00c7evre dostu<\/td>\n<\/tr>\n<tr>\n<td class=\"tg-yw4l\">ADEDI:<\/td>\n<td class=\"tg-yw4l\">10000 ADET<\/td>\n<\/tr>\n<tr>\n<td class=\"tg-b7b8\">Paketleme \u015eekli:<\/td>\n<td class=\"tg-b7b8\">\u0130hracat standart karton \/ Palet \/ ihracat standart karton ve palet<\/td>\n<\/tr>\n<tr>\n<td class=\"tg-yw4l\">OEM\/ODM:<\/td>\n<td class=\"tg-yw4l\">Ho\u015f geldiniz<\/td>\n<\/tr>\n<tr>\n<td class=\"tg-b7b8\">Yerin k\u00f6keni:<\/td>\n<td class=\"tg-b7b8\">Shandong, \u00c7in<\/td>\n<\/tr>\n<tr>\n<td class=\"tg-yw4l\">Adet\/Ktn:<\/td>\n<td class=\"tg-yw4l\">24 adet veya m\u00fc\u015fteri taleplerine g\u00f6re<\/td>\n<\/tr>\n<\/tbody>\n<\/table>","protected":false},"featured_media":2668,"comment_status":"open","ping_status":"closed","template":"","meta":[],"product_brand":[],"product_cat":[49,63],"product_tag":[],"class_list":{"0":"post-632","1":"product","2":"type-product","3":"status-publish","4":"has-post-thumbnail","6":"product_cat-375ml-glass-bottle","7":"product_cat-liquor-bottle","8":"entry","9":"has-media","11":"first","12":"instock","13":"shipping-taxable","14":"product-type-simple"},"yoast_head":"<!-- This site is optimized with the Yoast SEO plugin v27.3 - https:\/\/yoast.com\/product\/yoast-seo-wordpress\/ -->\n<title>375ml Glass Liquor Bottles With Screw Top Wholesale In Bulk Price<\/title>\n<meta name=\"description\" content=\"Ruisheng, one of China glass bottle manufacturer, provide 375ml glass liquor bottles with screw top wholesale in factory price. OEM Order Offered.\" \/>\n<meta name=\"robots\" content=\"index, follow, max-snippet:-1, max-image-preview:large, max-video-preview:-1\" \/>\n<link rel=\"canonical\" href=\"https:\/\/ruishengglassco.com\/product\/rs085-wholesale-375ml-glass-bottles-with-screw-top-lids\" \/>\n<meta property=\"og:locale\" content=\"tr_TR\" \/>\n<meta property=\"og:type\" content=\"article\" \/>\n<meta property=\"og:title\" content=\"375ml Glass Liquor Bottles With Screw Top Wholesale In Bulk Price\" \/>\n<meta property=\"og:description\" content=\"Ruisheng, one of China glass bottle manufacturer, provide 375ml glass liquor bottles with screw top wholesale in factory price. OEM Order Offered.\" \/>\n<meta property=\"og:url\" content=\"https:\/\/ruishengglassco.com\/product\/rs085-wholesale-375ml-glass-bottles-with-screw-top-lids\" \/>\n<meta property=\"og:site_name\" content=\"Glass Bottle Wholesale\" \/>\n<meta property=\"article:modified_time\" content=\"2024-01-08T03:54:55+00:00\" \/>\n<meta property=\"og:image\" content=\"https:\/\/glassbottlewholesale.com\/wp-content\/uploads\/2019\/10\/13.jpg\" \/>\n\t<meta property=\"og:image:width\" content=\"800\" \/>\n\t<meta property=\"og:image:height\" content=\"800\" \/>\n\t<meta property=\"og:image:type\" content=\"image\/jpeg\" \/>\n<meta name=\"twitter:card\" content=\"summary_large_image\" \/>\n<meta name=\"twitter:label1\" content=\"Tahmini okuma s\u00fcresi\" \/>\n\t<meta name=\"twitter:data1\" content=\"2 dakika\" \/>\n<script type=\"application\/ld+json\" class=\"yoast-schema-graph\">{\"@context\":\"https:\\\/\\\/schema.org\",\"@graph\":[{\"@type\":\"WebPage\",\"@id\":\"https:\\\/\\\/glassbottlewholesale.com\\\/wholesale-375ml-glass-bottles-with-screw-top-lids\\\/\",\"url\":\"https:\\\/\\\/ruishengglassco.com\\\/product\\\/rs085-wholesale-375ml-glass-bottles-with-screw-top-lids\",\"name\":\"375ml Glass Liquor Bottles With Screw Top Wholesale In Bulk Price\",\"isPartOf\":{\"@id\":\"https:\\\/\\\/glassbottlewholesale.com\\\/#website\"},\"primaryImageOfPage\":{\"@id\":\"https:\\\/\\\/ruishengglassco.com\\\/product\\\/rs085-wholesale-375ml-glass-bottles-with-screw-top-lids#primaryimage\"},\"image\":{\"@id\":\"https:\\\/\\\/ruishengglassco.com\\\/product\\\/rs085-wholesale-375ml-glass-bottles-with-screw-top-lids#primaryimage\"},\"thumbnailUrl\":\"https:\\\/\\\/glassbottlewholesale.com\\\/wp-content\\\/uploads\\\/2019\\\/10\\\/13.jpg\",\"datePublished\":\"2019-10-18T03:05:37+00:00\",\"dateModified\":\"2024-01-08T03:54:55+00:00\",\"description\":\"Ruisheng, one of China glass bottle manufacturer, provide 375ml glass liquor bottles with screw top wholesale in factory price. OEM Order Offered.\",\"breadcrumb\":{\"@id\":\"https:\\\/\\\/ruishengglassco.com\\\/product\\\/rs085-wholesale-375ml-glass-bottles-with-screw-top-lids#breadcrumb\"},\"inLanguage\":\"tr\",\"potentialAction\":[{\"@type\":\"ReadAction\",\"target\":[\"https:\\\/\\\/ruishengglassco.com\\\/product\\\/rs085-wholesale-375ml-glass-bottles-with-screw-top-lids\"]}]},{\"@type\":\"ImageObject\",\"inLanguage\":\"tr\",\"@id\":\"https:\\\/\\\/ruishengglassco.com\\\/product\\\/rs085-wholesale-375ml-glass-bottles-with-screw-top-lids#primaryimage\",\"url\":\"https:\\\/\\\/glassbottlewholesale.com\\\/wp-content\\\/uploads\\\/2019\\\/10\\\/13.jpg\",\"contentUrl\":\"https:\\\/\\\/glassbottlewholesale.com\\\/wp-content\\\/uploads\\\/2019\\\/10\\\/13.jpg\",\"width\":800,\"height\":800,\"caption\":\"Wholesale 375ml Glass Bottles With Screw Top Lids\"},{\"@type\":\"BreadcrumbList\",\"@id\":\"https:\\\/\\\/ruishengglassco.com\\\/product\\\/rs085-wholesale-375ml-glass-bottles-with-screw-top-lids#breadcrumb\",\"itemListElement\":[{\"@type\":\"ListItem\",\"position\":1,\"name\":\"Home\",\"item\":\"https:\\\/\\\/glassbottlewholesale.com\\\/\"},{\"@type\":\"ListItem\",\"position\":2,\"name\":\"Products\",\"item\":\"https:\\\/\\\/glassbottlewholesale.com\\\/shop\\\/\"},{\"@type\":\"ListItem\",\"position\":3,\"name\":\"RS085: Wholesale 375ml Glass Bottles With Screw Top Lids\"}]},{\"@type\":\"WebSite\",\"@id\":\"https:\\\/\\\/glassbottlewholesale.com\\\/#website\",\"url\":\"https:\\\/\\\/glassbottlewholesale.com\\\/\",\"name\":\"Glass Bottle Wholesale\",\"description\":\"\",\"publisher\":{\"@id\":\"https:\\\/\\\/glassbottlewholesale.com\\\/#organization\"},\"potentialAction\":[{\"@type\":\"SearchAction\",\"target\":{\"@type\":\"EntryPoint\",\"urlTemplate\":\"https:\\\/\\\/glassbottlewholesale.com\\\/?s={search_term_string}\"},\"query-input\":{\"@type\":\"PropertyValueSpecification\",\"valueRequired\":true,\"valueName\":\"search_term_string\"}}],\"inLanguage\":\"tr\"},{\"@type\":\"Organization\",\"@id\":\"https:\\\/\\\/glassbottlewholesale.com\\\/#organization\",\"name\":\"Glass Bottle Wholesale\",\"url\":\"https:\\\/\\\/glassbottlewholesale.com\\\/\",\"logo\":{\"@type\":\"ImageObject\",\"inLanguage\":\"tr\",\"@id\":\"https:\\\/\\\/glassbottlewholesale.com\\\/#\\\/schema\\\/logo\\\/image\\\/\",\"url\":\"https:\\\/\\\/glassbottlewholesale.com\\\/wp-content\\\/uploads\\\/2023\\\/12\\\/ruisheng-logo.webp\",\"contentUrl\":\"https:\\\/\\\/glassbottlewholesale.com\\\/wp-content\\\/uploads\\\/2023\\\/12\\\/ruisheng-logo.webp\",\"width\":400,\"height\":233,\"caption\":\"Glass Bottle Wholesale\"},\"image\":{\"@id\":\"https:\\\/\\\/glassbottlewholesale.com\\\/#\\\/schema\\\/logo\\\/image\\\/\"}}]}<\/script>\n<!-- \/ Yoast SEO plugin. -->","yoast_head_json":{"title":"375ml Glass Liquor Bottles With Screw Top Wholesale In Bulk Price","description":"Ruisheng, one of China glass bottle manufacturer, provide 375ml glass liquor bottles with screw top wholesale in factory price. OEM Order Offered.","robots":{"index":"index","follow":"follow","max-snippet":"max-snippet:-1","max-image-preview":"max-image-preview:large","max-video-preview":"max-video-preview:-1"},"canonical":"https:\/\/ruishengglassco.com\/product\/rs085-wholesale-375ml-glass-bottles-with-screw-top-lids","og_locale":"tr_TR","og_type":"article","og_title":"375ml Glass Liquor Bottles With Screw Top Wholesale In Bulk Price","og_description":"Ruisheng, one of China glass bottle manufacturer, provide 375ml glass liquor bottles with screw top wholesale in factory price. OEM Order Offered.","og_url":"https:\/\/ruishengglassco.com\/product\/rs085-wholesale-375ml-glass-bottles-with-screw-top-lids","og_site_name":"Glass Bottle Wholesale","article_modified_time":"2024-01-08T03:54:55+00:00","og_image":[{"width":800,"height":800,"url":"https:\/\/glassbottlewholesale.com\/wp-content\/uploads\/2019\/10\/13.jpg","type":"image\/jpeg"}],"twitter_card":"summary_large_image","twitter_misc":{"Tahmini okuma s\u00fcresi":"2 dakika"},"schema":{"@context":"https:\/\/schema.org","@graph":[{"@type":"WebPage","@id":"https:\/\/glassbottlewholesale.com\/wholesale-375ml-glass-bottles-with-screw-top-lids\/","url":"https:\/\/ruishengglassco.com\/product\/rs085-wholesale-375ml-glass-bottles-with-screw-top-lids","name":"375ml Glass Liquor Bottles With Screw Top Wholesale In Bulk Price","isPartOf":{"@id":"https:\/\/glassbottlewholesale.com\/#website"},"primaryImageOfPage":{"@id":"https:\/\/ruishengglassco.com\/product\/rs085-wholesale-375ml-glass-bottles-with-screw-top-lids#primaryimage"},"image":{"@id":"https:\/\/ruishengglassco.com\/product\/rs085-wholesale-375ml-glass-bottles-with-screw-top-lids#primaryimage"},"thumbnailUrl":"https:\/\/glassbottlewholesale.com\/wp-content\/uploads\/2019\/10\/13.jpg","datePublished":"2019-10-18T03:05:37+00:00","dateModified":"2024-01-08T03:54:55+00:00","description":"Ruisheng, one of China glass bottle manufacturer, provide 375ml glass liquor bottles with screw top wholesale in factory price. OEM Order Offered.","breadcrumb":{"@id":"https:\/\/ruishengglassco.com\/product\/rs085-wholesale-375ml-glass-bottles-with-screw-top-lids#breadcrumb"},"inLanguage":"tr","potentialAction":[{"@type":"ReadAction","target":["https:\/\/ruishengglassco.com\/product\/rs085-wholesale-375ml-glass-bottles-with-screw-top-lids"]}]},{"@type":"ImageObject","inLanguage":"tr","@id":"https:\/\/ruishengglassco.com\/product\/rs085-wholesale-375ml-glass-bottles-with-screw-top-lids#primaryimage","url":"https:\/\/glassbottlewholesale.com\/wp-content\/uploads\/2019\/10\/13.jpg","contentUrl":"https:\/\/glassbottlewholesale.com\/wp-content\/uploads\/2019\/10\/13.jpg","width":800,"height":800,"caption":"Wholesale 375ml Glass Bottles With Screw Top Lids"},{"@type":"BreadcrumbList","@id":"https:\/\/ruishengglassco.com\/product\/rs085-wholesale-375ml-glass-bottles-with-screw-top-lids#breadcrumb","itemListElement":[{"@type":"ListItem","position":1,"name":"Home","item":"https:\/\/glassbottlewholesale.com\/"},{"@type":"ListItem","position":2,"name":"Products","item":"https:\/\/glassbottlewholesale.com\/shop\/"},{"@type":"ListItem","position":3,"name":"RS085: Wholesale 375ml Glass Bottles With Screw Top Lids"}]},{"@type":"WebSite","@id":"https:\/\/glassbottlewholesale.com\/#website","url":"https:\/\/glassbottlewholesale.com\/","name":"Glass Bottle Wholesale","description":"","publisher":{"@id":"https:\/\/glassbottlewholesale.com\/#organization"},"potentialAction":[{"@type":"SearchAction","target":{"@type":"EntryPoint","urlTemplate":"https:\/\/glassbottlewholesale.com\/?s={search_term_string}"},"query-input":{"@type":"PropertyValueSpecification","valueRequired":true,"valueName":"search_term_string"}}],"inLanguage":"tr"},{"@type":"Organization","@id":"https:\/\/glassbottlewholesale.com\/#organization","name":"Glass Bottle Wholesale","url":"https:\/\/glassbottlewholesale.com\/","logo":{"@type":"ImageObject","inLanguage":"tr","@id":"https:\/\/glassbottlewholesale.com\/#\/schema\/logo\/image\/","url":"https:\/\/glassbottlewholesale.com\/wp-content\/uploads\/2023\/12\/ruisheng-logo.webp","contentUrl":"https:\/\/glassbottlewholesale.com\/wp-content\/uploads\/2023\/12\/ruisheng-logo.webp","width":400,"height":233,"caption":"Glass Bottle Wholesale"},"image":{"@id":"https:\/\/glassbottlewholesale.com\/#\/schema\/logo\/image\/"}}]}},"_links":{"self":[{"href":"https:\/\/glassbottlewholesale.com\/tr\/wp-json\/wp\/v2\/product\/632","targetHints":{"allow":["GET"]}}],"collection":[{"href":"https:\/\/glassbottlewholesale.com\/tr\/wp-json\/wp\/v2\/product"}],"about":[{"href":"https:\/\/glassbottlewholesale.com\/tr\/wp-json\/wp\/v2\/types\/product"}],"replies":[{"embeddable":true,"href":"https:\/\/glassbottlewholesale.com\/tr\/wp-json\/wp\/v2\/comments?post=632"}],"wp:featuredmedia":[{"embeddable":true,"href":"https:\/\/glassbottlewholesale.com\/tr\/wp-json\/wp\/v2\/media\/2668"}],"wp:attachment":[{"href":"https:\/\/glassbottlewholesale.com\/tr\/wp-json\/wp\/v2\/media?parent=632"}],"wp:term":[{"taxonomy":"product_brand","embeddable":true,"href":"https:\/\/glassbottlewholesale.com\/tr\/wp-json\/wp\/v2\/product_brand?post=632"},{"taxonomy":"product_cat","embeddable":true,"href":"https:\/\/glassbottlewholesale.com\/tr\/wp-json\/wp\/v2\/product_cat?post=632"},{"taxonomy":"product_tag","embeddable":true,"href":"https:\/\/glassbottlewholesale.com\/tr\/wp-json\/wp\/v2\/product_tag?post=632"}],"curies":[{"name":"wp","href":"https:\/\/api.w.org\/{rel}","templated":true}]}}