{"id":684,"date":"2019-10-18T06:34:18","date_gmt":"2019-10-18T06:34:18","guid":{"rendered":"https:\/\/queenchingglass.com\/?post_type=product&#038;p=684"},"modified":"2025-07-10T03:14:09","modified_gmt":"2025-07-10T03:14:09","slug":"boston-round-glass-bottles-wholesale","status":"publish","type":"product","link":"https:\/\/glassbottlewholesale.com\/tr\/boston-round-glass-bottles-wholesale\/","title":{"rendered":"RS081: Boston Yuvarlak Cam \u015ei\u015feler Toptan Sat\u0131\u015f"},"content":{"rendered":"<div class=\"wpb-content-wrapper\"><div class=\"vc_row wpb_row vc_row-fluid\"><div class=\"wpb_column vc_column_container vc_col-sm-12\"><div class=\"vc_column-inner\"><div class=\"wpb_wrapper\">\n\t<div class=\"wpb_text_column wpb_content_element\" >\n\t\t<div class=\"wpb_wrapper\">\n\t\t\t<h3 style=\"text-align: center\">Welcome your Bulk Order for\u00a0Boston Round Glass Bottles Wholesale<\/h3>\n<p>RS-069 series <strong>Boston Round Glass Bottles<\/strong>\uff08also known as <strong>glass flask bottles<\/strong>), is made from Shandong Yuncheng Ruisheng Glass Co., Ltd, one of the largest glass bottle manufacturers in China. These Boston round glass bottles wholesale are made by high flint glass material, which makes our glass bottle more clear, transparent, and not easy to break.<\/p>\n<p>Our glass Boston\u00a0bottles are widely used as glass\u00a0liquor bottles, <a href=\"https:\/\/ruishengglassco.com\/whiskey-bottle#\">Whiskey glass bottles<\/a>, <a href=\"https:\/\/ruishengglassco.com\/brandy-bottle\">Brandy bottles<\/a>, <a href=\"https:\/\/ruishengglassco.com\/vodka-bottle\">Vodka bottles<\/a>, rum bottles, Gin bottles, etc. and they are welcomed by the chateau, spirit companies, glass bottle wholesaler, Supermarket, and online shops.<\/p>\n<h4>Details About\u00a0Boston Round Glass Bottles Wholesale<\/h4>\n<p>The size of this 375ml round glass bottles is 75mm diameter and 175mm height.\u00a0 Its main material is high flint glass. And its weight is 420g. The sealing type of this bottle is cork. There are three packing ways for this bottle. The first way is packed by the standard export carton.\u00a0 The second way is packed by the pallet. And the last way is packed by carton and pallet.<\/p>\n<p>There are many advantages to our round glass bottles wholesale. For example, it is easy to carry because of the right volume and size. And we have different capacity of this liquor glass bottles such as 375ml, 500ml, 700ml,\u00a0 750ml, and 1000ml(2 oz, 4 oz, 6oz, 8oz,16oz, 32oz, etc). We can offer all of them which you can choose according to your needs. And our this unique glass bottle wholesale are Eco-friendly, we know the importance of environmental protection, we use environmentally friendly material. What&#8217;s more, the round glass liquor bottles with corks have a beautiful appearance, which is popular with many wineries.<\/p>\n<p>Firmam\u0131z en geli\u015fmi\u015f 8S tam otomatik makinenin 2 \u00fcretim hatt\u0131na, CNC manuel makinelerin 3 \u00fcretim hatt\u0131na, CNC Yar\u0131 otomatik makinelerin 4 \u00fcretim hatt\u0131na yat\u0131r\u0131m yapm\u0131\u015ft\u0131r. Fabrikam\u0131zda ayr\u0131ca 2 set IS makinesi bulunmaktad\u0131r. 8S makinesi ve CNC makineleri, birinci s\u0131n\u0131f cam \u015fi\u015feler - ak\u015fam yeme\u011fi \u00e7akmakta\u015f\u0131 cam \u015fi\u015feler \u00fcretmek i\u00e7in kullan\u0131l\u0131r. G\u00fcnl\u00fck \u00e7\u0131kt\u0131 120.000 adettir. IS makineleri orta dereceli cam \u015fi\u015feler \u00fcretmek i\u00e7in kullan\u0131l\u0131r ve g\u00fcnl\u00fck \u00e7\u0131kt\u0131lar\u0131 200.000 adettir.<\/p>\n<p>If you are interested in our Boston Round Glass Bottles Wholesale or buy empty alcohol bottles bulk, please contact us.<\/p>\n\n\t\t<\/div>\n\t<\/div>\n<\/div><\/div><\/div><\/div>\n<\/div>","protected":false},"excerpt":{"rendered":"<p>.tg {border-collapse:collapse;border-spacing:0;border-color:#ccc;}<br \/>.tg td{font-family:Arial, sans-serif;font-size:14px;padding:10px 5px;border-style:solid;border-width:1px;overflow:hidden;word-break:normal;border-color:#ccc;color:#333;background-color:#fff;}<br \/>.tg th{font-family:Arial, sans-serif;font-size:14px;font-weight:normal;padding:10px 5px;border-style:solid;border-width:1px;overflow:hidden;word-break:normal;border-color:#ccc;color:#333;background-color:#f0f0f0;}<br \/>.tg .tg-24i8{font-size:24px;vertical-align:top}<br \/>.tg .tg-b7b8{background-color:#f9f9f9;vertical-align:top}<br \/>.tg .tg-yw4l{dikey hizalama:\u00fcst}<\/p>\n<table class=\"tg\">\n<tbody>\n<tr>\n<th class=\"tg-24i8\" colspan=\"2\">Boston Round Glass Bottles Wholesale<\/th>\n<\/tr>\n<tr>\n<td class=\"tg-b7b8\">Referans:<\/td>\n<td class=\"tg-b7b8\">RS081<\/td>\n<\/tr>\n<tr>\n<td class=\"tg-yw4l\">Ana malzeme:<\/td>\n<td class=\"tg-yw4l\">High flint glass (this material is also called crystal white glass )<\/td>\n<\/tr>\n<tr>\n<td class=\"tg-b7b8\">Kaptan:<\/td>\n<td class=\"tg-b7b8\">Mantar<\/td>\n<\/tr>\n<tr>\n<td class=\"tg-yw4l\">Kapasite:<\/td>\n<td class=\"tg-yw4l\">50ml, 375ml\uff0c500ml, 750ml,etc<\/td>\n<\/tr>\n<tr>\n<td class=\"tg-b7b8\">Weight<\/td>\n<td class=\"tg-b7b8\">420g<\/td>\n<\/tr>\n<tr>\n<td class=\"tg-yw4l\">ADEDI:<\/td>\n<td class=\"tg-yw4l\">10000 ADET<\/td>\n<\/tr>\n<tr>\n<td class=\"tg-b7b8\">Height<\/td>\n<td class=\"tg-b7b8\">175mm<\/td>\n<\/tr>\n<tr>\n<td class=\"tg-yw4l\">Diameter<\/td>\n<td class=\"tg-yw4l\">75mm<\/td>\n<\/tr>\n<tr>\n<td class=\"tg-b7b8\">Yerin k\u00f6keni:<\/td>\n<td class=\"tg-b7b8\">Shandong, \u00c7in<\/td>\n<\/tr>\n<tr>\n<td class=\"tg-yw4l\">Adet\/Ktn:<\/td>\n<td class=\"tg-yw4l\">24pcs or according to customer demands<\/td>\n<\/tr>\n<\/tbody>\n<\/table>","protected":false},"featured_media":4761,"comment_status":"open","ping_status":"closed","template":"","meta":[],"product_brand":[],"product_cat":[51,52,60,55,64],"product_tag":[],"class_list":{"0":"post-684","1":"product","2":"type-product","3":"status-publish","4":"has-post-thumbnail","6":"product_cat-700ml-glass-bottle","7":"product_cat-750ml-glass-bottle","8":"product_cat-brandy-bottle","9":"product_cat-custom-glass-bottle","10":"product_cat-gin-bottle","11":"entry","12":"has-media","14":"first","15":"instock","16":"shipping-taxable","17":"product-type-simple"},"yoast_head":"<!-- This site is optimized with the Yoast SEO plugin v27.3 - https:\/\/yoast.com\/product\/yoast-seo-wordpress\/ -->\n<title>Boston Round Glass Bottles Wholesale | Empty Alcohol Bottles Bulk<\/title>\n<meta name=\"description\" content=\"Factory Outlet Boston Round Glass Bottles Wholesale From China Empty Alcohol Bottles Manufacturer. Quality Assurance&amp;Bulk Price.\" \/>\n<meta name=\"robots\" content=\"index, follow, max-snippet:-1, max-image-preview:large, max-video-preview:-1\" \/>\n<link rel=\"canonical\" href=\"https:\/\/ruishengglassco.com\/product\/rs081-boston-round-glass-bottles-supplier\" \/>\n<meta property=\"og:locale\" content=\"tr_TR\" \/>\n<meta property=\"og:type\" content=\"article\" \/>\n<meta property=\"og:title\" content=\"Boston Round Glass Bottles Wholesale | Empty Alcohol Bottles Bulk\" \/>\n<meta property=\"og:description\" content=\"Factory Outlet Boston Round Glass Bottles Wholesale From China Empty Alcohol Bottles Manufacturer. Quality Assurance&amp;Bulk Price.\" \/>\n<meta property=\"og:url\" content=\"https:\/\/ruishengglassco.com\/product\/rs081-boston-round-glass-bottles-supplier\" \/>\n<meta property=\"og:site_name\" content=\"Glass Bottle Wholesale\" \/>\n<meta property=\"article:modified_time\" content=\"2025-07-10T03:14:09+00:00\" \/>\n<meta property=\"og:image\" content=\"https:\/\/glassbottlewholesale.com\/wp-content\/uploads\/2024\/04\/glass-bottle-manufacturing13.png\" \/>\n\t<meta property=\"og:image:width\" content=\"800\" \/>\n\t<meta property=\"og:image:height\" content=\"800\" \/>\n\t<meta property=\"og:image:type\" content=\"image\/png\" \/>\n<meta name=\"twitter:card\" content=\"summary_large_image\" \/>\n<meta name=\"twitter:label1\" content=\"Tahmini okuma s\u00fcresi\" \/>\n\t<meta name=\"twitter:data1\" content=\"2 dakika\" \/>\n<script type=\"application\/ld+json\" class=\"yoast-schema-graph\">{\"@context\":\"https:\\\/\\\/schema.org\",\"@graph\":[{\"@type\":\"WebPage\",\"@id\":\"https:\\\/\\\/glassbottlewholesale.com\\\/boston-round-glass-bottles-wholesale\\\/\",\"url\":\"https:\\\/\\\/ruishengglassco.com\\\/product\\\/rs081-boston-round-glass-bottles-supplier\",\"name\":\"Boston Round Glass Bottles Wholesale | Empty Alcohol Bottles Bulk\",\"isPartOf\":{\"@id\":\"https:\\\/\\\/glassbottlewholesale.com\\\/#website\"},\"primaryImageOfPage\":{\"@id\":\"https:\\\/\\\/ruishengglassco.com\\\/product\\\/rs081-boston-round-glass-bottles-supplier#primaryimage\"},\"image\":{\"@id\":\"https:\\\/\\\/ruishengglassco.com\\\/product\\\/rs081-boston-round-glass-bottles-supplier#primaryimage\"},\"thumbnailUrl\":\"https:\\\/\\\/glassbottlewholesale.com\\\/wp-content\\\/uploads\\\/2024\\\/04\\\/glass-bottle-manufacturing13.png\",\"datePublished\":\"2019-10-18T06:34:18+00:00\",\"dateModified\":\"2025-07-10T03:14:09+00:00\",\"description\":\"Factory Outlet Boston Round Glass Bottles Wholesale From China Empty Alcohol Bottles Manufacturer. Quality Assurance&Bulk Price.\",\"breadcrumb\":{\"@id\":\"https:\\\/\\\/ruishengglassco.com\\\/product\\\/rs081-boston-round-glass-bottles-supplier#breadcrumb\"},\"inLanguage\":\"tr\",\"potentialAction\":[{\"@type\":\"ReadAction\",\"target\":[\"https:\\\/\\\/ruishengglassco.com\\\/product\\\/rs081-boston-round-glass-bottles-supplier\"]}]},{\"@type\":\"ImageObject\",\"inLanguage\":\"tr\",\"@id\":\"https:\\\/\\\/ruishengglassco.com\\\/product\\\/rs081-boston-round-glass-bottles-supplier#primaryimage\",\"url\":\"https:\\\/\\\/glassbottlewholesale.com\\\/wp-content\\\/uploads\\\/2024\\\/04\\\/glass-bottle-manufacturing13.png\",\"contentUrl\":\"https:\\\/\\\/glassbottlewholesale.com\\\/wp-content\\\/uploads\\\/2024\\\/04\\\/glass-bottle-manufacturing13.png\",\"width\":800,\"height\":800,\"caption\":\"RS081: Boston Round Glass Bottles Wholesale\"},{\"@type\":\"BreadcrumbList\",\"@id\":\"https:\\\/\\\/ruishengglassco.com\\\/product\\\/rs081-boston-round-glass-bottles-supplier#breadcrumb\",\"itemListElement\":[{\"@type\":\"ListItem\",\"position\":1,\"name\":\"Home\",\"item\":\"https:\\\/\\\/glassbottlewholesale.com\\\/\"},{\"@type\":\"ListItem\",\"position\":2,\"name\":\"Products\",\"item\":\"https:\\\/\\\/glassbottlewholesale.com\\\/shop\\\/\"},{\"@type\":\"ListItem\",\"position\":3,\"name\":\"RS081: Boston Round Glass Bottles Wholesale\"}]},{\"@type\":\"WebSite\",\"@id\":\"https:\\\/\\\/glassbottlewholesale.com\\\/#website\",\"url\":\"https:\\\/\\\/glassbottlewholesale.com\\\/\",\"name\":\"Glass Bottle Wholesale\",\"description\":\"\",\"publisher\":{\"@id\":\"https:\\\/\\\/glassbottlewholesale.com\\\/#organization\"},\"potentialAction\":[{\"@type\":\"SearchAction\",\"target\":{\"@type\":\"EntryPoint\",\"urlTemplate\":\"https:\\\/\\\/glassbottlewholesale.com\\\/?s={search_term_string}\"},\"query-input\":{\"@type\":\"PropertyValueSpecification\",\"valueRequired\":true,\"valueName\":\"search_term_string\"}}],\"inLanguage\":\"tr\"},{\"@type\":\"Organization\",\"@id\":\"https:\\\/\\\/glassbottlewholesale.com\\\/#organization\",\"name\":\"Glass Bottle Wholesale\",\"url\":\"https:\\\/\\\/glassbottlewholesale.com\\\/\",\"logo\":{\"@type\":\"ImageObject\",\"inLanguage\":\"tr\",\"@id\":\"https:\\\/\\\/glassbottlewholesale.com\\\/#\\\/schema\\\/logo\\\/image\\\/\",\"url\":\"https:\\\/\\\/glassbottlewholesale.com\\\/wp-content\\\/uploads\\\/2023\\\/12\\\/ruisheng-logo.webp\",\"contentUrl\":\"https:\\\/\\\/glassbottlewholesale.com\\\/wp-content\\\/uploads\\\/2023\\\/12\\\/ruisheng-logo.webp\",\"width\":400,\"height\":233,\"caption\":\"Glass Bottle Wholesale\"},\"image\":{\"@id\":\"https:\\\/\\\/glassbottlewholesale.com\\\/#\\\/schema\\\/logo\\\/image\\\/\"}}]}<\/script>\n<!-- \/ Yoast SEO plugin. -->","yoast_head_json":{"title":"Boston Round Glass Bottles Wholesale | Empty Alcohol Bottles Bulk","description":"Factory Outlet Boston Round Glass Bottles Wholesale From China Empty Alcohol Bottles Manufacturer. Quality Assurance&Bulk Price.","robots":{"index":"index","follow":"follow","max-snippet":"max-snippet:-1","max-image-preview":"max-image-preview:large","max-video-preview":"max-video-preview:-1"},"canonical":"https:\/\/ruishengglassco.com\/product\/rs081-boston-round-glass-bottles-supplier","og_locale":"tr_TR","og_type":"article","og_title":"Boston Round Glass Bottles Wholesale | Empty Alcohol Bottles Bulk","og_description":"Factory Outlet Boston Round Glass Bottles Wholesale From China Empty Alcohol Bottles Manufacturer. Quality Assurance&Bulk Price.","og_url":"https:\/\/ruishengglassco.com\/product\/rs081-boston-round-glass-bottles-supplier","og_site_name":"Glass Bottle Wholesale","article_modified_time":"2025-07-10T03:14:09+00:00","og_image":[{"width":800,"height":800,"url":"https:\/\/glassbottlewholesale.com\/wp-content\/uploads\/2024\/04\/glass-bottle-manufacturing13.png","type":"image\/png"}],"twitter_card":"summary_large_image","twitter_misc":{"Tahmini okuma s\u00fcresi":"2 dakika"},"schema":{"@context":"https:\/\/schema.org","@graph":[{"@type":"WebPage","@id":"https:\/\/glassbottlewholesale.com\/boston-round-glass-bottles-wholesale\/","url":"https:\/\/ruishengglassco.com\/product\/rs081-boston-round-glass-bottles-supplier","name":"Boston Round Glass Bottles Wholesale | Empty Alcohol Bottles Bulk","isPartOf":{"@id":"https:\/\/glassbottlewholesale.com\/#website"},"primaryImageOfPage":{"@id":"https:\/\/ruishengglassco.com\/product\/rs081-boston-round-glass-bottles-supplier#primaryimage"},"image":{"@id":"https:\/\/ruishengglassco.com\/product\/rs081-boston-round-glass-bottles-supplier#primaryimage"},"thumbnailUrl":"https:\/\/glassbottlewholesale.com\/wp-content\/uploads\/2024\/04\/glass-bottle-manufacturing13.png","datePublished":"2019-10-18T06:34:18+00:00","dateModified":"2025-07-10T03:14:09+00:00","description":"Factory Outlet Boston Round Glass Bottles Wholesale From China Empty Alcohol Bottles Manufacturer. Quality Assurance&Bulk Price.","breadcrumb":{"@id":"https:\/\/ruishengglassco.com\/product\/rs081-boston-round-glass-bottles-supplier#breadcrumb"},"inLanguage":"tr","potentialAction":[{"@type":"ReadAction","target":["https:\/\/ruishengglassco.com\/product\/rs081-boston-round-glass-bottles-supplier"]}]},{"@type":"ImageObject","inLanguage":"tr","@id":"https:\/\/ruishengglassco.com\/product\/rs081-boston-round-glass-bottles-supplier#primaryimage","url":"https:\/\/glassbottlewholesale.com\/wp-content\/uploads\/2024\/04\/glass-bottle-manufacturing13.png","contentUrl":"https:\/\/glassbottlewholesale.com\/wp-content\/uploads\/2024\/04\/glass-bottle-manufacturing13.png","width":800,"height":800,"caption":"RS081: Boston Round Glass Bottles Wholesale"},{"@type":"BreadcrumbList","@id":"https:\/\/ruishengglassco.com\/product\/rs081-boston-round-glass-bottles-supplier#breadcrumb","itemListElement":[{"@type":"ListItem","position":1,"name":"Home","item":"https:\/\/glassbottlewholesale.com\/"},{"@type":"ListItem","position":2,"name":"Products","item":"https:\/\/glassbottlewholesale.com\/shop\/"},{"@type":"ListItem","position":3,"name":"RS081: Boston Round Glass Bottles Wholesale"}]},{"@type":"WebSite","@id":"https:\/\/glassbottlewholesale.com\/#website","url":"https:\/\/glassbottlewholesale.com\/","name":"Glass Bottle Wholesale","description":"","publisher":{"@id":"https:\/\/glassbottlewholesale.com\/#organization"},"potentialAction":[{"@type":"SearchAction","target":{"@type":"EntryPoint","urlTemplate":"https:\/\/glassbottlewholesale.com\/?s={search_term_string}"},"query-input":{"@type":"PropertyValueSpecification","valueRequired":true,"valueName":"search_term_string"}}],"inLanguage":"tr"},{"@type":"Organization","@id":"https:\/\/glassbottlewholesale.com\/#organization","name":"Glass Bottle Wholesale","url":"https:\/\/glassbottlewholesale.com\/","logo":{"@type":"ImageObject","inLanguage":"tr","@id":"https:\/\/glassbottlewholesale.com\/#\/schema\/logo\/image\/","url":"https:\/\/glassbottlewholesale.com\/wp-content\/uploads\/2023\/12\/ruisheng-logo.webp","contentUrl":"https:\/\/glassbottlewholesale.com\/wp-content\/uploads\/2023\/12\/ruisheng-logo.webp","width":400,"height":233,"caption":"Glass Bottle Wholesale"},"image":{"@id":"https:\/\/glassbottlewholesale.com\/#\/schema\/logo\/image\/"}}]}},"_links":{"self":[{"href":"https:\/\/glassbottlewholesale.com\/tr\/wp-json\/wp\/v2\/product\/684","targetHints":{"allow":["GET"]}}],"collection":[{"href":"https:\/\/glassbottlewholesale.com\/tr\/wp-json\/wp\/v2\/product"}],"about":[{"href":"https:\/\/glassbottlewholesale.com\/tr\/wp-json\/wp\/v2\/types\/product"}],"replies":[{"embeddable":true,"href":"https:\/\/glassbottlewholesale.com\/tr\/wp-json\/wp\/v2\/comments?post=684"}],"wp:featuredmedia":[{"embeddable":true,"href":"https:\/\/glassbottlewholesale.com\/tr\/wp-json\/wp\/v2\/media\/4761"}],"wp:attachment":[{"href":"https:\/\/glassbottlewholesale.com\/tr\/wp-json\/wp\/v2\/media?parent=684"}],"wp:term":[{"taxonomy":"product_brand","embeddable":true,"href":"https:\/\/glassbottlewholesale.com\/tr\/wp-json\/wp\/v2\/product_brand?post=684"},{"taxonomy":"product_cat","embeddable":true,"href":"https:\/\/glassbottlewholesale.com\/tr\/wp-json\/wp\/v2\/product_cat?post=684"},{"taxonomy":"product_tag","embeddable":true,"href":"https:\/\/glassbottlewholesale.com\/tr\/wp-json\/wp\/v2\/product_tag?post=684"}],"curies":[{"name":"wp","href":"https:\/\/api.w.org\/{rel}","templated":true}]}}