{"id":688,"date":"2019-10-18T06:39:54","date_gmt":"2019-10-18T06:39:54","guid":{"rendered":"https:\/\/queenchingglass.com\/?post_type=product&#038;p=688"},"modified":"2025-07-10T01:57:17","modified_gmt":"2025-07-10T01:57:17","slug":"375ml-frosted-glass-bottle-wholesale","status":"publish","type":"product","link":"https:\/\/glassbottlewholesale.com\/tr\/375ml-frosted-glass-bottle-wholesale\/","title":{"rendered":"RS080: 375ml Buzlu Cam \u015ei\u015fe Toptan Sat\u0131\u015f"},"content":{"rendered":"<div class=\"wpb-content-wrapper\"><div class=\"vc_row wpb_row vc_row-fluid\"><div class=\"wpb_column vc_column_container vc_col-sm-12\"><div class=\"vc_column-inner\"><div class=\"wpb_wrapper\">\n\t<div class=\"wpb_text_column wpb_content_element\" >\n\t\t<div class=\"wpb_wrapper\">\n\t\t\t<h4>375ml Buzlu Cam \u015ei\u015fe Toptan Sat\u0131\u015f i\u00e7in Toplu Sipari\u015finize Ho\u015f Geldiniz<\/h4>\n<div class=\"tab_content\">\n<p>Bu seri 375ml buzlu cam \u015fi\u015fe toptan \u00c7in'in en b\u00fcy\u00fck cam \u015fi\u015fe \u00fcreticilerinden biri olan Shandong Yuncheng Ruisheng Glass Co, Ltd'den yap\u0131lm\u0131\u015ft\u0131r. Bu yuvarlak cam \u015fi\u015feler, cam \u015fi\u015femizi daha net, \u015feffaf ve k\u0131r\u0131lmas\u0131 kolay olmayan y\u00fcksek \u00e7akmakta\u015f\u0131 cam malzemeden yap\u0131lm\u0131\u015ft\u0131r.<\/p>\n<p>Toptan mantarl\u0131 375ml cam \u015fi\u015felerimiz, cam lik\u00f6r \u015fi\u015feleri olarak yayg\u0131n \u015fekilde kullan\u0131lmaktad\u0131r, <a href=\"https:\/\/ruishengglassco.com\/whiskey-bottle\" data-slimstat=\"5\">Viski cam \u015fi\u015fesi<\/a>, <a href=\"https:\/\/ruishengglassco.com\/brandy-bottle\" data-slimstat=\"5\">Konyak \u015fi\u015fesi<\/a>, <a href=\"https:\/\/ruishengglassco.com\/vodka-bottle\" data-slimstat=\"5\">Votka \u015fi\u015fesi<\/a>Rom \u015fi\u015fesi, Cin \u015fi\u015fesi, vb. ve \u015fato, ruh \u015firketleri, cam \u015fi\u015fe toptanc\u0131s\u0131, S\u00fcpermarket ve \u00e7evrimi\u00e7i ma\u011fazalar taraf\u0131ndan memnuniyetle kar\u015f\u0131lanmaktad\u0131r.<\/p>\n<h4>Details About 375ml Buzlu Cam \u015ei\u015fe Toptan Sat\u0131\u015f<\/h4>\n<p>Bu 375ml yuvarlak cam \u015fi\u015felerin boyutu 57mm \u00e7ap ve 330mm y\u00fcksekliktir.  Ana malzemesi y\u00fcksek \u00e7akmakta\u015f\u0131 camd\u0131r. Ve a\u011f\u0131rl\u0131\u011f\u0131 550g'd\u0131r. Bu \u015fi\u015fenin s\u0131zd\u0131rmazl\u0131k tipi mantard\u0131r. Bu \u015fi\u015fe i\u00e7in \u00fc\u00e7 paketleme yolu vard\u0131r. \u0130lk yol standart ihracat kartonu ile paketlenir.  \u0130kinci yol palet taraf\u0131ndan paketlenir. Ve son yol karton ve palet ile paketlenir.<\/p>\n<p>375ml mantarl\u0131 cam \u015fi\u015felerimizin bir\u00e7ok avantaj\u0131 vard\u0131r. \u00d6rne\u011fin, do\u011fru hacim ve boyut nedeniyle ta\u015f\u0131mas\u0131 kolayd\u0131r. Ve bu ucuz cam \u015fi\u015felerin 375ml, 500ml, 700ml, 750ml ve 1000ml (2 oz, 4 oz, 6oz, 8oz, 16oz, 32oz, vb.) Gibi farkl\u0131 kapasitelerine sahibiz. \u0130htiya\u00e7lar\u0131n\u0131za g\u00f6re se\u00e7ebilece\u011finiz hepsini sunabiliriz. Ve bu e\u015fsiz cam \u015fi\u015fe toptan sat\u0131\u015f\u0131m\u0131z \u00c7evre Dostudur, \u00e7evre koruman\u0131n \u00f6nemini biliyoruz, \u00e7evre dostu malzeme kullan\u0131yoruz. Dahas\u0131, mantarl\u0131 yuvarlak cam lik\u00f6r \u015fi\u015feleri, bir\u00e7ok \u015farap imalathanesi aras\u0131nda pop\u00fcler olan g\u00fczel bir g\u00f6r\u00fcn\u00fcme sahiptir.<\/p>\n<p>Firmam\u0131z en geli\u015fmi\u015f 8S tam otomatik makinenin 2 \u00fcretim hatt\u0131na, CNC manuel makinelerin 3 \u00fcretim hatt\u0131na, CNC Yar\u0131 otomatik makinelerin 4 \u00fcretim hatt\u0131na yat\u0131r\u0131m yapm\u0131\u015ft\u0131r. Fabrikam\u0131zda ayr\u0131ca 2 set IS makinesi bulunmaktad\u0131r. 8S makinesi ve CNC makineleri, birinci s\u0131n\u0131f cam \u015fi\u015feler - ak\u015fam yeme\u011fi \u00e7akmakta\u015f\u0131 cam \u015fi\u015feler \u00fcretmek i\u00e7in kullan\u0131l\u0131r. G\u00fcnl\u00fck \u00e7\u0131kt\u0131 120.000 adettir. IS makineleri orta dereceli cam \u015fi\u015feler \u00fcretmek i\u00e7in kullan\u0131l\u0131r ve g\u00fcnl\u00fck \u00e7\u0131kt\u0131lar\u0131 200.000 adettir.<\/p>\n<p>Buzlu cam \u015fi\u015fe toptan sat\u0131\u015f\u0131m\u0131zla ilgileniyorsan\u0131z veya toplu olarak mantarl\u0131 lik\u00f6r \u015fi\u015feleri sat\u0131n almak istiyorsan\u0131z, l\u00fctfen bizimle ileti\u015fime ge\u00e7in.<\/p>\n<\/div>\n\n\t\t<\/div>\n\t<\/div>\n<\/div><\/div><\/div><\/div>\n<\/div>","protected":false},"excerpt":{"rendered":"Welcome your Bulk Order for the 375ml Frosted Glass Bottle Wholesale This series 375ml frosted glass bottle wholesale\u00a0is made from Shandong Yuncheng Ruisheng Glass Co., Ltd, one of the largest glass bottle manufacturer in China. These round glass bottles are made by\u00a0high flint glass material, which makes our glass bottle more clear, transparent, and not&hellip;","protected":false},"featured_media":2677,"comment_status":"open","ping_status":"closed","template":"","meta":[],"product_brand":[],"product_cat":[49],"product_tag":[],"class_list":{"0":"post-688","1":"product","2":"type-product","3":"status-publish","4":"has-post-thumbnail","6":"product_cat-375ml-glass-bottle","7":"entry","8":"has-media","10":"first","11":"instock","12":"shipping-taxable","13":"product-type-simple"},"yoast_head":"<!-- This site is optimized with the Yoast SEO plugin v27.3 - https:\/\/yoast.com\/product\/yoast-seo-wordpress\/ -->\n<title>375ml Frosted Glass Bottle Wholesale | Liquor Bottles With Corks In Bulk<\/title>\n<meta name=\"description\" content=\"Ruisheng, a famous China glass liquor bottles manufacturer, sales 375ml Frosted Glass Bottle Wholesale. If you want to buy liquor bottles with corks in bulk, click here!\" \/>\n<meta name=\"robots\" content=\"index, follow, max-snippet:-1, max-image-preview:large, max-video-preview:-1\" \/>\n<link rel=\"canonical\" href=\"https:\/\/ruishengglassco.com\/product\/rs080-375ml-frosted-glass-bottle-wholesale\" \/>\n<meta property=\"og:locale\" content=\"tr_TR\" \/>\n<meta property=\"og:type\" content=\"article\" \/>\n<meta property=\"og:title\" content=\"375ml Frosted Glass Bottle Wholesale | Liquor Bottles With Corks In Bulk\" \/>\n<meta property=\"og:description\" content=\"Ruisheng, a famous China glass liquor bottles manufacturer, sales 375ml Frosted Glass Bottle Wholesale. If you want to buy liquor bottles with corks in bulk, click here!\" \/>\n<meta property=\"og:url\" content=\"https:\/\/ruishengglassco.com\/product\/rs080-375ml-frosted-glass-bottle-wholesale\" \/>\n<meta property=\"og:site_name\" content=\"Glass Bottle Wholesale\" \/>\n<meta property=\"article:modified_time\" content=\"2025-07-10T01:57:17+00:00\" \/>\n<meta property=\"og:image\" content=\"https:\/\/glassbottlewholesale.com\/wp-content\/uploads\/2019\/10\/R17-glassbottle.jpg\" \/>\n\t<meta property=\"og:image:width\" content=\"800\" \/>\n\t<meta property=\"og:image:height\" content=\"800\" \/>\n\t<meta property=\"og:image:type\" content=\"image\/jpeg\" \/>\n<meta name=\"twitter:card\" content=\"summary_large_image\" \/>\n<meta name=\"twitter:label1\" content=\"Tahmini okuma s\u00fcresi\" \/>\n\t<meta name=\"twitter:data1\" content=\"2 dakika\" \/>\n<script type=\"application\/ld+json\" class=\"yoast-schema-graph\">{\"@context\":\"https:\\\/\\\/schema.org\",\"@graph\":[{\"@type\":\"WebPage\",\"@id\":\"https:\\\/\\\/glassbottlewholesale.com\\\/375ml-frosted-glass-bottle-wholesale\\\/\",\"url\":\"https:\\\/\\\/ruishengglassco.com\\\/product\\\/rs080-375ml-frosted-glass-bottle-wholesale\",\"name\":\"375ml Frosted Glass Bottle Wholesale | Liquor Bottles With Corks In Bulk\",\"isPartOf\":{\"@id\":\"https:\\\/\\\/glassbottlewholesale.com\\\/#website\"},\"primaryImageOfPage\":{\"@id\":\"https:\\\/\\\/ruishengglassco.com\\\/product\\\/rs080-375ml-frosted-glass-bottle-wholesale#primaryimage\"},\"image\":{\"@id\":\"https:\\\/\\\/ruishengglassco.com\\\/product\\\/rs080-375ml-frosted-glass-bottle-wholesale#primaryimage\"},\"thumbnailUrl\":\"https:\\\/\\\/glassbottlewholesale.com\\\/wp-content\\\/uploads\\\/2019\\\/10\\\/R17-glassbottle.jpg\",\"datePublished\":\"2019-10-18T06:39:54+00:00\",\"dateModified\":\"2025-07-10T01:57:17+00:00\",\"description\":\"Ruisheng, a famous China glass liquor bottles manufacturer, sales 375ml Frosted Glass Bottle Wholesale. If you want to buy liquor bottles with corks in bulk, click here!\",\"breadcrumb\":{\"@id\":\"https:\\\/\\\/ruishengglassco.com\\\/product\\\/rs080-375ml-frosted-glass-bottle-wholesale#breadcrumb\"},\"inLanguage\":\"tr\",\"potentialAction\":[{\"@type\":\"ReadAction\",\"target\":[\"https:\\\/\\\/ruishengglassco.com\\\/product\\\/rs080-375ml-frosted-glass-bottle-wholesale\"]}]},{\"@type\":\"ImageObject\",\"inLanguage\":\"tr\",\"@id\":\"https:\\\/\\\/ruishengglassco.com\\\/product\\\/rs080-375ml-frosted-glass-bottle-wholesale#primaryimage\",\"url\":\"https:\\\/\\\/glassbottlewholesale.com\\\/wp-content\\\/uploads\\\/2019\\\/10\\\/R17-glassbottle.jpg\",\"contentUrl\":\"https:\\\/\\\/glassbottlewholesale.com\\\/wp-content\\\/uploads\\\/2019\\\/10\\\/R17-glassbottle.jpg\",\"width\":800,\"height\":800,\"caption\":\"375ml Frosted Glass Bottle Wholesale\"},{\"@type\":\"BreadcrumbList\",\"@id\":\"https:\\\/\\\/ruishengglassco.com\\\/product\\\/rs080-375ml-frosted-glass-bottle-wholesale#breadcrumb\",\"itemListElement\":[{\"@type\":\"ListItem\",\"position\":1,\"name\":\"Home\",\"item\":\"https:\\\/\\\/glassbottlewholesale.com\\\/\"},{\"@type\":\"ListItem\",\"position\":2,\"name\":\"Products\",\"item\":\"https:\\\/\\\/glassbottlewholesale.com\\\/shop\\\/\"},{\"@type\":\"ListItem\",\"position\":3,\"name\":\"RS080: 375ml Frosted Glass Bottle Wholesale\"}]},{\"@type\":\"WebSite\",\"@id\":\"https:\\\/\\\/glassbottlewholesale.com\\\/#website\",\"url\":\"https:\\\/\\\/glassbottlewholesale.com\\\/\",\"name\":\"Glass Bottle Wholesale\",\"description\":\"\",\"publisher\":{\"@id\":\"https:\\\/\\\/glassbottlewholesale.com\\\/#organization\"},\"potentialAction\":[{\"@type\":\"SearchAction\",\"target\":{\"@type\":\"EntryPoint\",\"urlTemplate\":\"https:\\\/\\\/glassbottlewholesale.com\\\/?s={search_term_string}\"},\"query-input\":{\"@type\":\"PropertyValueSpecification\",\"valueRequired\":true,\"valueName\":\"search_term_string\"}}],\"inLanguage\":\"tr\"},{\"@type\":\"Organization\",\"@id\":\"https:\\\/\\\/glassbottlewholesale.com\\\/#organization\",\"name\":\"Glass Bottle Wholesale\",\"url\":\"https:\\\/\\\/glassbottlewholesale.com\\\/\",\"logo\":{\"@type\":\"ImageObject\",\"inLanguage\":\"tr\",\"@id\":\"https:\\\/\\\/glassbottlewholesale.com\\\/#\\\/schema\\\/logo\\\/image\\\/\",\"url\":\"https:\\\/\\\/glassbottlewholesale.com\\\/wp-content\\\/uploads\\\/2023\\\/12\\\/ruisheng-logo.webp\",\"contentUrl\":\"https:\\\/\\\/glassbottlewholesale.com\\\/wp-content\\\/uploads\\\/2023\\\/12\\\/ruisheng-logo.webp\",\"width\":400,\"height\":233,\"caption\":\"Glass Bottle Wholesale\"},\"image\":{\"@id\":\"https:\\\/\\\/glassbottlewholesale.com\\\/#\\\/schema\\\/logo\\\/image\\\/\"}}]}<\/script>\n<!-- \/ Yoast SEO plugin. -->","yoast_head_json":{"title":"375ml Frosted Glass Bottle Wholesale | Liquor Bottles With Corks In Bulk","description":"Ruisheng, a famous China glass liquor bottles manufacturer, sales 375ml Frosted Glass Bottle Wholesale. If you want to buy liquor bottles with corks in bulk, click here!","robots":{"index":"index","follow":"follow","max-snippet":"max-snippet:-1","max-image-preview":"max-image-preview:large","max-video-preview":"max-video-preview:-1"},"canonical":"https:\/\/ruishengglassco.com\/product\/rs080-375ml-frosted-glass-bottle-wholesale","og_locale":"tr_TR","og_type":"article","og_title":"375ml Frosted Glass Bottle Wholesale | Liquor Bottles With Corks In Bulk","og_description":"Ruisheng, a famous China glass liquor bottles manufacturer, sales 375ml Frosted Glass Bottle Wholesale. If you want to buy liquor bottles with corks in bulk, click here!","og_url":"https:\/\/ruishengglassco.com\/product\/rs080-375ml-frosted-glass-bottle-wholesale","og_site_name":"Glass Bottle Wholesale","article_modified_time":"2025-07-10T01:57:17+00:00","og_image":[{"width":800,"height":800,"url":"https:\/\/glassbottlewholesale.com\/wp-content\/uploads\/2019\/10\/R17-glassbottle.jpg","type":"image\/jpeg"}],"twitter_card":"summary_large_image","twitter_misc":{"Tahmini okuma s\u00fcresi":"2 dakika"},"schema":{"@context":"https:\/\/schema.org","@graph":[{"@type":"WebPage","@id":"https:\/\/glassbottlewholesale.com\/375ml-frosted-glass-bottle-wholesale\/","url":"https:\/\/ruishengglassco.com\/product\/rs080-375ml-frosted-glass-bottle-wholesale","name":"375ml Frosted Glass Bottle Wholesale | Liquor Bottles With Corks In Bulk","isPartOf":{"@id":"https:\/\/glassbottlewholesale.com\/#website"},"primaryImageOfPage":{"@id":"https:\/\/ruishengglassco.com\/product\/rs080-375ml-frosted-glass-bottle-wholesale#primaryimage"},"image":{"@id":"https:\/\/ruishengglassco.com\/product\/rs080-375ml-frosted-glass-bottle-wholesale#primaryimage"},"thumbnailUrl":"https:\/\/glassbottlewholesale.com\/wp-content\/uploads\/2019\/10\/R17-glassbottle.jpg","datePublished":"2019-10-18T06:39:54+00:00","dateModified":"2025-07-10T01:57:17+00:00","description":"Ruisheng, a famous China glass liquor bottles manufacturer, sales 375ml Frosted Glass Bottle Wholesale. If you want to buy liquor bottles with corks in bulk, click here!","breadcrumb":{"@id":"https:\/\/ruishengglassco.com\/product\/rs080-375ml-frosted-glass-bottle-wholesale#breadcrumb"},"inLanguage":"tr","potentialAction":[{"@type":"ReadAction","target":["https:\/\/ruishengglassco.com\/product\/rs080-375ml-frosted-glass-bottle-wholesale"]}]},{"@type":"ImageObject","inLanguage":"tr","@id":"https:\/\/ruishengglassco.com\/product\/rs080-375ml-frosted-glass-bottle-wholesale#primaryimage","url":"https:\/\/glassbottlewholesale.com\/wp-content\/uploads\/2019\/10\/R17-glassbottle.jpg","contentUrl":"https:\/\/glassbottlewholesale.com\/wp-content\/uploads\/2019\/10\/R17-glassbottle.jpg","width":800,"height":800,"caption":"375ml Frosted Glass Bottle Wholesale"},{"@type":"BreadcrumbList","@id":"https:\/\/ruishengglassco.com\/product\/rs080-375ml-frosted-glass-bottle-wholesale#breadcrumb","itemListElement":[{"@type":"ListItem","position":1,"name":"Home","item":"https:\/\/glassbottlewholesale.com\/"},{"@type":"ListItem","position":2,"name":"Products","item":"https:\/\/glassbottlewholesale.com\/shop\/"},{"@type":"ListItem","position":3,"name":"RS080: 375ml Frosted Glass Bottle Wholesale"}]},{"@type":"WebSite","@id":"https:\/\/glassbottlewholesale.com\/#website","url":"https:\/\/glassbottlewholesale.com\/","name":"Glass Bottle Wholesale","description":"","publisher":{"@id":"https:\/\/glassbottlewholesale.com\/#organization"},"potentialAction":[{"@type":"SearchAction","target":{"@type":"EntryPoint","urlTemplate":"https:\/\/glassbottlewholesale.com\/?s={search_term_string}"},"query-input":{"@type":"PropertyValueSpecification","valueRequired":true,"valueName":"search_term_string"}}],"inLanguage":"tr"},{"@type":"Organization","@id":"https:\/\/glassbottlewholesale.com\/#organization","name":"Glass Bottle Wholesale","url":"https:\/\/glassbottlewholesale.com\/","logo":{"@type":"ImageObject","inLanguage":"tr","@id":"https:\/\/glassbottlewholesale.com\/#\/schema\/logo\/image\/","url":"https:\/\/glassbottlewholesale.com\/wp-content\/uploads\/2023\/12\/ruisheng-logo.webp","contentUrl":"https:\/\/glassbottlewholesale.com\/wp-content\/uploads\/2023\/12\/ruisheng-logo.webp","width":400,"height":233,"caption":"Glass Bottle Wholesale"},"image":{"@id":"https:\/\/glassbottlewholesale.com\/#\/schema\/logo\/image\/"}}]}},"_links":{"self":[{"href":"https:\/\/glassbottlewholesale.com\/tr\/wp-json\/wp\/v2\/product\/688","targetHints":{"allow":["GET"]}}],"collection":[{"href":"https:\/\/glassbottlewholesale.com\/tr\/wp-json\/wp\/v2\/product"}],"about":[{"href":"https:\/\/glassbottlewholesale.com\/tr\/wp-json\/wp\/v2\/types\/product"}],"replies":[{"embeddable":true,"href":"https:\/\/glassbottlewholesale.com\/tr\/wp-json\/wp\/v2\/comments?post=688"}],"wp:featuredmedia":[{"embeddable":true,"href":"https:\/\/glassbottlewholesale.com\/tr\/wp-json\/wp\/v2\/media\/2677"}],"wp:attachment":[{"href":"https:\/\/glassbottlewholesale.com\/tr\/wp-json\/wp\/v2\/media?parent=688"}],"wp:term":[{"taxonomy":"product_brand","embeddable":true,"href":"https:\/\/glassbottlewholesale.com\/tr\/wp-json\/wp\/v2\/product_brand?post=688"},{"taxonomy":"product_cat","embeddable":true,"href":"https:\/\/glassbottlewholesale.com\/tr\/wp-json\/wp\/v2\/product_cat?post=688"},{"taxonomy":"product_tag","embeddable":true,"href":"https:\/\/glassbottlewholesale.com\/tr\/wp-json\/wp\/v2\/product_tag?post=688"}],"curies":[{"name":"wp","href":"https:\/\/api.w.org\/{rel}","templated":true}]}}