{"id":726,"date":"2019-10-18T07:49:54","date_gmt":"2019-10-18T07:49:54","guid":{"rendered":"https:\/\/queenchingglass.com\/?post_type=product&#038;p=726"},"modified":"2025-07-10T01:44:37","modified_gmt":"2025-07-10T01:44:37","slug":"750ml-frosted-glass-bottles-wholesale","status":"publish","type":"product","link":"https:\/\/glassbottlewholesale.com\/tr\/750ml-frosted-glass-bottles-wholesale\/","title":{"rendered":"RS070: 750ml Buzlu Cam \u015ei\u015feler Toptan Sat\u0131\u015f"},"content":{"rendered":"<div class=\"wpb-content-wrapper\"><div class=\"vc_row wpb_row vc_row-fluid\"><div class=\"wpb_column vc_column_container vc_col-sm-12\"><div class=\"vc_column-inner\"><div class=\"wpb_wrapper\">\n\t<div class=\"wpb_text_column wpb_content_element\" >\n\t\t<div class=\"wpb_wrapper\">\n\t\t\t<p>This series 750ml Frosted glass bottles wholesale with corks is one of our hot sale products in the world. It&#8217;s a common shape in the 750ml vodka glass bottles. But we have one smaller size for this shape glass bottle, its capacity is 500ml.<\/p>\n<p>Our frosted glass bottle is made in the top grade raw material. The liquor glass bottles will very clear, smooth, and not so fragile as other glass bottles. Without frosted, you will see it&#8217;s very clear.<\/p>\n<p>Bu <a href=\"https:\/\/ruishengglassco.com\/750ml-liquor-glass-bottle-manufacturer\">750ml glass bottle wholesale<\/a> is not a lightweight glass bottle, you will know its texture when you get it in hand.<\/p>\n<h4>The Details of 750ml Frosted Glass Bottles Wholesale with Corks<\/h4>\n<p>The information of the glass bottle as bellowing:<\/p>\n<ul>\n<li>Main material: High flint glass<\/li>\n<li>Kapak: Mantar<\/li>\n<li>Reference: RS070<\/li>\n<li>ADEDI: 10000 ADET<\/li>\n<li>Capacity: 500ml 750ml<\/li>\n<li>Adet\/Ctn: 24 adet<\/li>\n<li>Yerin k\u00f6keni: Shandong, \u00c7in<\/li>\n<li>\u00d6zellik: \u00c7evre dostu<\/li>\n<\/ul>\n<h4>The Corks for This 750ML Frosted Glass Bottles Wholesale<\/h4>\n<p>About the cork for this 750ml glass bottles, there are different corks in our factory. Different material cork such as high polymer cork, complex cork, and wooden cork. Different color cork such as golden cork, silver cork, black cork, and other color cork.<\/p>\n<p>This glass bottle can be used for many countries, such as America, Europe, Australia, Russia and so on. And we have cooperation with many customers all over the world and get a good reputation from them.<\/p>\n<p>Firmam\u0131z en geli\u015fmi\u015f 8S tam otomatik makinenin 2 \u00fcretim hatt\u0131na, CNC manuel makinelerin 3 \u00fcretim hatt\u0131na, CNC Yar\u0131 otomatik makinelerin 4 \u00fcretim hatt\u0131na yat\u0131r\u0131m yapm\u0131\u015ft\u0131r. Fabrikam\u0131zda ayr\u0131ca 2 set IS makinesi bulunmaktad\u0131r. 8S makinesi ve CNC makineleri, birinci s\u0131n\u0131f cam \u015fi\u015feler - ak\u015fam yeme\u011fi \u00e7akmakta\u015f\u0131 cam \u015fi\u015feler \u00fcretmek i\u00e7in kullan\u0131l\u0131r. G\u00fcnl\u00fck \u00e7\u0131kt\u0131 120.000 adettir. IS makineleri orta dereceli cam \u015fi\u015feler \u00fcretmek i\u00e7in kullan\u0131l\u0131r ve g\u00fcnl\u00fck \u00e7\u0131kt\u0131lar\u0131 200.000 adettir.<\/p>\n<p>As a professional glass alcohol bottle manufacturer&amp;supplier,\u00a0we can also produce custom glass bottles according to the customer&#8217;s demands. If you want, you can tell us which you want, we would arrange for our designer to design it for you.<\/p>\n<p>If you want to order our this 750ml frosted glass bottles wholesale or want to inquire about the custom glass bottle, contact us, and we will make the bottle you need.<\/p>\n<p>Besides 750ml frosted glass bottles, we also have 100ml glass bottles wholesale, 250ml glass bottles with stoppers, <a href=\"https:\/\/ruishengglassco.com\/375ml-liquor-glass-bottle-manufacturer\">clear glass bottles 375<\/a><a href=\"https:\/\/glassbottlewholesale.com\/tr\/urun-detaylari\/375ml-glass-liquor-bottles-manufacturers\/\"> ml<\/a>, small glass bottles 50cl,<a href=\"https:\/\/ruishengglassco.com\/1000ml-liquor-glass-bottle-manufacturer\"> 1000ml spirit bottles<\/a>, and etc. If you want to inquire about our glass bottles wholesale, please contact us. We will reply to you asap. Our aim is to make a high-quality glass bottle and offer the best service for the customer from all over the world.<\/p>\n\n\t\t<\/div>\n\t<\/div>\n<\/div><\/div><\/div><\/div>\n<\/div>","protected":false},"excerpt":{"rendered":"<p>.tg {border-collapse:collapse;border-spacing:0;border-color:#ccc;}<br \/>.tg td{font-family:Arial, sans-serif;font-size:14px;padding:10px 5px;border-style:solid;border-width:1px;overflow:hidden;word-break:normal;border-color:#ccc;color:#333;background-color:#fff;}<br \/>.tg th{font-family:Arial, sans-serif;font-size:14px;font-weight:normal;padding:10px 5px;border-style:solid;border-width:1px;overflow:hidden;word-break:normal;border-color:#ccc;color:#333;background-color:#f0f0f0;}<br \/>.tg .tg-wrg0{font-size:22px;text-align:center;vertical-align:top}<br \/>.tg .tg-b7b8{background-color:#f9f9f9;vertical-align:top}<br \/>.tg .tg-yw4l{dikey hizalama:\u00fcst}<\/p>\n<table class=\"tg\" style=\"undefined;width: 365px\">\n<colgroup>\n<col style=\"width: 156px\" \/>\n<col style=\"width: 209px\" \/> <\/colgroup>\n<tbody>\n<tr>\n<th class=\"tg-wrg0\" colspan=\"2\">Frosted Glass Bottles Wholesale With Corks 750ml<\/th>\n<\/tr>\n<tr>\n<td class=\"tg-b7b8\">Ana malzeme:<\/td>\n<td class=\"tg-b7b8\">Y\u00fcksek \u00e7akmakta\u015f\u0131 cam<\/td>\n<\/tr>\n<tr>\n<td class=\"tg-yw4l\">Kaptan:<\/td>\n<td class=\"tg-yw4l\">Mantar<\/td>\n<\/tr>\n<tr>\n<td class=\"tg-b7b8\">Kapasite:<\/td>\n<td class=\"tg-b7b8\">500ml 750ml<\/td>\n<\/tr>\n<tr>\n<td class=\"tg-yw4l\">\u00d6zellik:<\/td>\n<td class=\"tg-yw4l\">\u00c7evre dostu<\/td>\n<\/tr>\n<tr>\n<td class=\"tg-b7b8\">ADEDI:<\/td>\n<td class=\"tg-b7b8\">10000 ADET<\/td>\n<\/tr>\n<tr>\n<td class=\"tg-yw4l\">Yerin k\u00f6keni:<\/td>\n<td class=\"tg-yw4l\">Shandong, \u00c7in<\/td>\n<\/tr>\n<tr>\n<td class=\"tg-b7b8\">Adet\/Ktn:<\/td>\n<td class=\"tg-b7b8\">24 adet<\/td>\n<\/tr>\n<tr>\n<td class=\"tg-yw4l\">Referans:<\/td>\n<td class=\"tg-yw4l\">RS070<\/td>\n<\/tr>\n<\/tbody>\n<\/table>","protected":false},"featured_media":2653,"comment_status":"open","ping_status":"closed","template":"","meta":[],"product_brand":[],"product_cat":[52,63,67],"product_tag":[],"class_list":{"0":"post-726","1":"product","2":"type-product","3":"status-publish","4":"has-post-thumbnail","6":"product_cat-750ml-glass-bottle","7":"product_cat-liquor-bottle","8":"product_cat-vodka-bottle","9":"entry","10":"has-media","12":"first","13":"instock","14":"shipping-taxable","15":"product-type-simple"},"yoast_head":"<!-- This site is optimized with the Yoast SEO plugin v27.3 - https:\/\/yoast.com\/product\/yoast-seo-wordpress\/ -->\n<title>750ml Frosted Glass Bottles Wholesale | Glass Alcohol Bottles Supplier<\/title>\n<meta name=\"description\" content=\"Do you want to buy 750ml frosted glass bottles wholesale from China glass alcohol bottles suppliers? Factory Outlet&amp;Cheap Price Here.\" \/>\n<meta name=\"robots\" content=\"index, follow, max-snippet:-1, max-image-preview:large, max-video-preview:-1\" \/>\n<link rel=\"canonical\" href=\"https:\/\/ruishengglassco.com\/product\/rs070-750ml-frosted-glass-bottles-factory\" \/>\n<meta property=\"og:locale\" content=\"tr_TR\" \/>\n<meta property=\"og:type\" content=\"article\" \/>\n<meta property=\"og:title\" content=\"750ml Frosted Glass Bottles Wholesale | Glass Alcohol Bottles Supplier\" \/>\n<meta property=\"og:description\" content=\"Do you want to buy 750ml frosted glass bottles wholesale from China glass alcohol bottles suppliers? Factory Outlet&amp;Cheap Price Here.\" \/>\n<meta property=\"og:url\" content=\"https:\/\/ruishengglassco.com\/product\/rs070-750ml-frosted-glass-bottles-factory\" \/>\n<meta property=\"og:site_name\" content=\"Glass Bottle Wholesale\" \/>\n<meta property=\"article:modified_time\" content=\"2025-07-10T01:44:37+00:00\" \/>\n<meta property=\"og:image\" content=\"https:\/\/glassbottlewholesale.com\/wp-content\/uploads\/2019\/10\/DSC_1618.jpg\" \/>\n\t<meta property=\"og:image:width\" content=\"800\" \/>\n\t<meta property=\"og:image:height\" content=\"800\" \/>\n\t<meta property=\"og:image:type\" content=\"image\/jpeg\" \/>\n<meta name=\"twitter:card\" content=\"summary_large_image\" \/>\n<meta name=\"twitter:label1\" content=\"Tahmini okuma s\u00fcresi\" \/>\n\t<meta name=\"twitter:data1\" content=\"2 dakika\" \/>\n<script type=\"application\/ld+json\" class=\"yoast-schema-graph\">{\"@context\":\"https:\\\/\\\/schema.org\",\"@graph\":[{\"@type\":\"WebPage\",\"@id\":\"https:\\\/\\\/glassbottlewholesale.com\\\/750ml-frosted-glass-bottles-wholesale\\\/\",\"url\":\"https:\\\/\\\/ruishengglassco.com\\\/product\\\/rs070-750ml-frosted-glass-bottles-factory\",\"name\":\"750ml Frosted Glass Bottles Wholesale | Glass Alcohol Bottles Supplier\",\"isPartOf\":{\"@id\":\"https:\\\/\\\/glassbottlewholesale.com\\\/#website\"},\"primaryImageOfPage\":{\"@id\":\"https:\\\/\\\/ruishengglassco.com\\\/product\\\/rs070-750ml-frosted-glass-bottles-factory#primaryimage\"},\"image\":{\"@id\":\"https:\\\/\\\/ruishengglassco.com\\\/product\\\/rs070-750ml-frosted-glass-bottles-factory#primaryimage\"},\"thumbnailUrl\":\"https:\\\/\\\/glassbottlewholesale.com\\\/wp-content\\\/uploads\\\/2019\\\/10\\\/DSC_1618.jpg\",\"datePublished\":\"2019-10-18T07:49:54+00:00\",\"dateModified\":\"2025-07-10T01:44:37+00:00\",\"description\":\"Do you want to buy 750ml frosted glass bottles wholesale from China glass alcohol bottles suppliers? Factory Outlet&Cheap Price Here.\",\"breadcrumb\":{\"@id\":\"https:\\\/\\\/ruishengglassco.com\\\/product\\\/rs070-750ml-frosted-glass-bottles-factory#breadcrumb\"},\"inLanguage\":\"tr\",\"potentialAction\":[{\"@type\":\"ReadAction\",\"target\":[\"https:\\\/\\\/ruishengglassco.com\\\/product\\\/rs070-750ml-frosted-glass-bottles-factory\"]}]},{\"@type\":\"ImageObject\",\"inLanguage\":\"tr\",\"@id\":\"https:\\\/\\\/ruishengglassco.com\\\/product\\\/rs070-750ml-frosted-glass-bottles-factory#primaryimage\",\"url\":\"https:\\\/\\\/glassbottlewholesale.com\\\/wp-content\\\/uploads\\\/2019\\\/10\\\/DSC_1618.jpg\",\"contentUrl\":\"https:\\\/\\\/glassbottlewholesale.com\\\/wp-content\\\/uploads\\\/2019\\\/10\\\/DSC_1618.jpg\",\"width\":800,\"height\":800,\"caption\":\"750ml Frosted Glass Bottles Wholesale\"},{\"@type\":\"BreadcrumbList\",\"@id\":\"https:\\\/\\\/ruishengglassco.com\\\/product\\\/rs070-750ml-frosted-glass-bottles-factory#breadcrumb\",\"itemListElement\":[{\"@type\":\"ListItem\",\"position\":1,\"name\":\"Home\",\"item\":\"https:\\\/\\\/glassbottlewholesale.com\\\/\"},{\"@type\":\"ListItem\",\"position\":2,\"name\":\"Products\",\"item\":\"https:\\\/\\\/glassbottlewholesale.com\\\/shop\\\/\"},{\"@type\":\"ListItem\",\"position\":3,\"name\":\"RS070: 750ml Frosted Glass Bottles Wholesale\"}]},{\"@type\":\"WebSite\",\"@id\":\"https:\\\/\\\/glassbottlewholesale.com\\\/#website\",\"url\":\"https:\\\/\\\/glassbottlewholesale.com\\\/\",\"name\":\"Glass Bottle Wholesale\",\"description\":\"\",\"publisher\":{\"@id\":\"https:\\\/\\\/glassbottlewholesale.com\\\/#organization\"},\"potentialAction\":[{\"@type\":\"SearchAction\",\"target\":{\"@type\":\"EntryPoint\",\"urlTemplate\":\"https:\\\/\\\/glassbottlewholesale.com\\\/?s={search_term_string}\"},\"query-input\":{\"@type\":\"PropertyValueSpecification\",\"valueRequired\":true,\"valueName\":\"search_term_string\"}}],\"inLanguage\":\"tr\"},{\"@type\":\"Organization\",\"@id\":\"https:\\\/\\\/glassbottlewholesale.com\\\/#organization\",\"name\":\"Glass Bottle Wholesale\",\"url\":\"https:\\\/\\\/glassbottlewholesale.com\\\/\",\"logo\":{\"@type\":\"ImageObject\",\"inLanguage\":\"tr\",\"@id\":\"https:\\\/\\\/glassbottlewholesale.com\\\/#\\\/schema\\\/logo\\\/image\\\/\",\"url\":\"https:\\\/\\\/glassbottlewholesale.com\\\/wp-content\\\/uploads\\\/2023\\\/12\\\/ruisheng-logo.webp\",\"contentUrl\":\"https:\\\/\\\/glassbottlewholesale.com\\\/wp-content\\\/uploads\\\/2023\\\/12\\\/ruisheng-logo.webp\",\"width\":400,\"height\":233,\"caption\":\"Glass Bottle Wholesale\"},\"image\":{\"@id\":\"https:\\\/\\\/glassbottlewholesale.com\\\/#\\\/schema\\\/logo\\\/image\\\/\"}}]}<\/script>\n<!-- \/ Yoast SEO plugin. -->","yoast_head_json":{"title":"750ml Frosted Glass Bottles Wholesale | Glass Alcohol Bottles Supplier","description":"Do you want to buy 750ml frosted glass bottles wholesale from China glass alcohol bottles suppliers? Factory Outlet&Cheap Price Here.","robots":{"index":"index","follow":"follow","max-snippet":"max-snippet:-1","max-image-preview":"max-image-preview:large","max-video-preview":"max-video-preview:-1"},"canonical":"https:\/\/ruishengglassco.com\/product\/rs070-750ml-frosted-glass-bottles-factory","og_locale":"tr_TR","og_type":"article","og_title":"750ml Frosted Glass Bottles Wholesale | Glass Alcohol Bottles Supplier","og_description":"Do you want to buy 750ml frosted glass bottles wholesale from China glass alcohol bottles suppliers? Factory Outlet&Cheap Price Here.","og_url":"https:\/\/ruishengglassco.com\/product\/rs070-750ml-frosted-glass-bottles-factory","og_site_name":"Glass Bottle Wholesale","article_modified_time":"2025-07-10T01:44:37+00:00","og_image":[{"width":800,"height":800,"url":"https:\/\/glassbottlewholesale.com\/wp-content\/uploads\/2019\/10\/DSC_1618.jpg","type":"image\/jpeg"}],"twitter_card":"summary_large_image","twitter_misc":{"Tahmini okuma s\u00fcresi":"2 dakika"},"schema":{"@context":"https:\/\/schema.org","@graph":[{"@type":"WebPage","@id":"https:\/\/glassbottlewholesale.com\/750ml-frosted-glass-bottles-wholesale\/","url":"https:\/\/ruishengglassco.com\/product\/rs070-750ml-frosted-glass-bottles-factory","name":"750ml Frosted Glass Bottles Wholesale | Glass Alcohol Bottles Supplier","isPartOf":{"@id":"https:\/\/glassbottlewholesale.com\/#website"},"primaryImageOfPage":{"@id":"https:\/\/ruishengglassco.com\/product\/rs070-750ml-frosted-glass-bottles-factory#primaryimage"},"image":{"@id":"https:\/\/ruishengglassco.com\/product\/rs070-750ml-frosted-glass-bottles-factory#primaryimage"},"thumbnailUrl":"https:\/\/glassbottlewholesale.com\/wp-content\/uploads\/2019\/10\/DSC_1618.jpg","datePublished":"2019-10-18T07:49:54+00:00","dateModified":"2025-07-10T01:44:37+00:00","description":"Do you want to buy 750ml frosted glass bottles wholesale from China glass alcohol bottles suppliers? Factory Outlet&Cheap Price Here.","breadcrumb":{"@id":"https:\/\/ruishengglassco.com\/product\/rs070-750ml-frosted-glass-bottles-factory#breadcrumb"},"inLanguage":"tr","potentialAction":[{"@type":"ReadAction","target":["https:\/\/ruishengglassco.com\/product\/rs070-750ml-frosted-glass-bottles-factory"]}]},{"@type":"ImageObject","inLanguage":"tr","@id":"https:\/\/ruishengglassco.com\/product\/rs070-750ml-frosted-glass-bottles-factory#primaryimage","url":"https:\/\/glassbottlewholesale.com\/wp-content\/uploads\/2019\/10\/DSC_1618.jpg","contentUrl":"https:\/\/glassbottlewholesale.com\/wp-content\/uploads\/2019\/10\/DSC_1618.jpg","width":800,"height":800,"caption":"750ml Frosted Glass Bottles Wholesale"},{"@type":"BreadcrumbList","@id":"https:\/\/ruishengglassco.com\/product\/rs070-750ml-frosted-glass-bottles-factory#breadcrumb","itemListElement":[{"@type":"ListItem","position":1,"name":"Home","item":"https:\/\/glassbottlewholesale.com\/"},{"@type":"ListItem","position":2,"name":"Products","item":"https:\/\/glassbottlewholesale.com\/shop\/"},{"@type":"ListItem","position":3,"name":"RS070: 750ml Frosted Glass Bottles Wholesale"}]},{"@type":"WebSite","@id":"https:\/\/glassbottlewholesale.com\/#website","url":"https:\/\/glassbottlewholesale.com\/","name":"Glass Bottle Wholesale","description":"","publisher":{"@id":"https:\/\/glassbottlewholesale.com\/#organization"},"potentialAction":[{"@type":"SearchAction","target":{"@type":"EntryPoint","urlTemplate":"https:\/\/glassbottlewholesale.com\/?s={search_term_string}"},"query-input":{"@type":"PropertyValueSpecification","valueRequired":true,"valueName":"search_term_string"}}],"inLanguage":"tr"},{"@type":"Organization","@id":"https:\/\/glassbottlewholesale.com\/#organization","name":"Glass Bottle Wholesale","url":"https:\/\/glassbottlewholesale.com\/","logo":{"@type":"ImageObject","inLanguage":"tr","@id":"https:\/\/glassbottlewholesale.com\/#\/schema\/logo\/image\/","url":"https:\/\/glassbottlewholesale.com\/wp-content\/uploads\/2023\/12\/ruisheng-logo.webp","contentUrl":"https:\/\/glassbottlewholesale.com\/wp-content\/uploads\/2023\/12\/ruisheng-logo.webp","width":400,"height":233,"caption":"Glass Bottle Wholesale"},"image":{"@id":"https:\/\/glassbottlewholesale.com\/#\/schema\/logo\/image\/"}}]}},"_links":{"self":[{"href":"https:\/\/glassbottlewholesale.com\/tr\/wp-json\/wp\/v2\/product\/726","targetHints":{"allow":["GET"]}}],"collection":[{"href":"https:\/\/glassbottlewholesale.com\/tr\/wp-json\/wp\/v2\/product"}],"about":[{"href":"https:\/\/glassbottlewholesale.com\/tr\/wp-json\/wp\/v2\/types\/product"}],"replies":[{"embeddable":true,"href":"https:\/\/glassbottlewholesale.com\/tr\/wp-json\/wp\/v2\/comments?post=726"}],"wp:featuredmedia":[{"embeddable":true,"href":"https:\/\/glassbottlewholesale.com\/tr\/wp-json\/wp\/v2\/media\/2653"}],"wp:attachment":[{"href":"https:\/\/glassbottlewholesale.com\/tr\/wp-json\/wp\/v2\/media?parent=726"}],"wp:term":[{"taxonomy":"product_brand","embeddable":true,"href":"https:\/\/glassbottlewholesale.com\/tr\/wp-json\/wp\/v2\/product_brand?post=726"},{"taxonomy":"product_cat","embeddable":true,"href":"https:\/\/glassbottlewholesale.com\/tr\/wp-json\/wp\/v2\/product_cat?post=726"},{"taxonomy":"product_tag","embeddable":true,"href":"https:\/\/glassbottlewholesale.com\/tr\/wp-json\/wp\/v2\/product_tag?post=726"}],"curies":[{"name":"wp","href":"https:\/\/api.w.org\/{rel}","templated":true}]}}