{"id":737,"date":"2019-12-18T08:09:39","date_gmt":"2019-12-18T08:09:39","guid":{"rendered":"https:\/\/queenchingglass.com\/?post_type=product&#038;p=737"},"modified":"2025-07-10T03:35:59","modified_gmt":"2025-07-10T03:35:59","slug":"500ml-700ml-750ml-fancy-glass-bottle-wholesale","status":"publish","type":"product","link":"https:\/\/glassbottlewholesale.com\/tr\/500ml-700ml-750ml-fancy-glass-bottle-wholesale\/","title":{"rendered":"RS046: 500ml 700ml 750ml Fantezi Cam \u015ei\u015feler Toptan Sat\u0131\u015f"},"content":{"rendered":"<div class=\"wpb-content-wrapper\"><div class=\"vc_row wpb_row vc_row-fluid\"><div class=\"wpb_column vc_column_container vc_col-sm-12\"><div class=\"vc_column-inner\"><div class=\"wpb_wrapper\">\n\t<div class=\"wpb_text_column wpb_content_element\" >\n\t\t<div class=\"wpb_wrapper\">\n\t\t\t<p>Bu <strong>Fancy glass bottle wholesale <\/strong>is an important project in Ruisheng. Ruisheng, the top corked glass bottles manufacturer, offers wide series of glass bottles wholesale such as Boston round glass bottle, square glass bottle, and custom shaped glass bottle, and special corked glass bottles for spirit, whiskey, brandy, rum, vodka, and etc.<\/p>\n<div>Bir zanaat yap\u0131n veya bir \u00fcr\u00fcn se\u00e7erek m\u00fc\u015fterilere e\u011filmi\u015f \u00fcr\u00fcnler g\u00f6nderin<a href=\"https:\/\/ruishengglassco.com\/375ml-liquor-glass-bottle-manufacturer\"> daha k\u00fc\u00e7\u00fck cam \u015fi\u015fe<\/a> or larger wholesale glass bottle. Size is available from 50ml up to 1500ml. Custom orders can be accepted. Most glass bottles for sale are made by high fluent glass material that makes the body of liquor bottle more strong and beautiful. We guarantee that all of the clear glass bottles with caps are non-toxic, 100% recoverable, reusable, and safe for the earth.<\/div>\n<p>This Fancy design 500ml diamond glass bottles can also customize the bottles according to the drawings you provided, we can make any bottle you want.<\/p>\n<h4>The Information of The Fancy design 500ml diamond glass bottles as below:<\/h4>\n<ul>\n<li>Main material: super flint glass<\/li>\n<li>Kapak: mantar<\/li>\n<li>Reference: RS046<\/li>\n<li>ADEDI: 10000 ADET<\/li>\n<li>Kapasite: 500ml<\/li>\n<li>Adet\/Ctn: 24 adet<\/li>\n<li>Yerin k\u00f6keni: Shandong, \u00c7in<\/li>\n<li>\u00d6zellik: \u00c7evre dostu<\/li>\n<\/ul>\n<p>Ruisheng glass bottle has a long production history of 500ml <a href=\"https:\/\/ruishengglassco.com\/glass-liquor-spirit-bottles\">s\u0131v\u0131 cam \u015fi\u015fe imalat\u0131<\/a>, all of the people involved are very experienced, we are very confident that we can make the product that you are satisfied. Ruisheng transparent glass bottle has been welcomed in Europe, the USA, Australia, America, etc. And all products enjoy a high reputation for innovation and functionality.<\/p>\n<p>Ruisheng cam \u015fi\u015fe \u015fimdi yeni bir siteyi geni\u015fletti ve geli\u015fmi\u015f makineleri tan\u0131tt\u0131, \u00fcretim h\u0131z\u0131m\u0131z eskisinden \u00e7ok daha y\u00fcksek. B\u00f6ylece belirlenen tarihte iyi \u015fi\u015feler yapaca\u011f\u0131z ve mallar\u0131 size teslim edece\u011fiz.<\/p>\n<p>If you are satisfied with this clear glass bottle, please contact me in time. If you don\u2019t like it, you can look at our other bottles. Or I\u2019ll give you the catalog, you can choose what you like. If you are interested in our hermetic bottles of alcohol, please contact us. We will reply to you within 24 hours.<\/p>\n\n\t\t<\/div>\n\t<\/div>\n<\/div><\/div><\/div><\/div>\n<\/div>","protected":false},"excerpt":{"rendered":"<p><a href=\"https:\/\/glassbottlewholesale.com\/tr\/\">Ruisheng<\/a>, a professional glass bottle manufacturer with over 10 years of manufacturing experience, provide fancy glass bottle wholesale for the liquor brand, company, glass bottle suppliers, wholesalers, etc. Factory outlet glass bottle with a cheap bulk price. This Fancy design 500ml diamond glass bottles can also customize the bottles according to the drawings you provided, we can make any bottle you want.<\/p>\n<p>Please feel free to contact us to get a diamond liquor bottle price.<\/p>","protected":false},"featured_media":4365,"comment_status":"open","ping_status":"closed","template":"","meta":[],"product_brand":[],"product_cat":[50,51,52,63,65,66],"product_tag":[],"class_list":{"0":"post-737","1":"product","2":"type-product","3":"status-publish","4":"has-post-thumbnail","6":"product_cat-500ml-glass-bottle","7":"product_cat-700ml-glass-bottle","8":"product_cat-750ml-glass-bottle","9":"product_cat-liquor-bottle","10":"product_cat-rum-bottle","11":"product_cat-tequila-bottle","12":"entry","13":"has-media","15":"first","16":"instock","17":"shipping-taxable","18":"product-type-simple"},"yoast_head":"<!-- This site is optimized with the Yoast SEO plugin v27.3 - https:\/\/yoast.com\/product\/yoast-seo-wordpress\/ -->\n<title>750ml Fancy Glass Bottle Wholesale | Diamond Liquor Bottle Suppliers<\/title>\n<meta name=\"description\" content=\"Ruisheng, one of the largest China glass liquor bottle supplirs&amp;factory, sales 750ml fancy glass bottle wholesale in bulk price.\" \/>\n<meta name=\"robots\" content=\"index, follow, max-snippet:-1, max-image-preview:large, max-video-preview:-1\" \/>\n<link rel=\"canonical\" href=\"https:\/\/ruishengglassco.com\/product\/rs046-500ml-700ml-750ml-fancy-glass-bottles-manufacturers\" \/>\n<meta property=\"og:locale\" content=\"tr_TR\" \/>\n<meta property=\"og:type\" content=\"article\" \/>\n<meta property=\"og:title\" content=\"750ml Fancy Glass Bottle Wholesale | Diamond Liquor Bottle Suppliers\" \/>\n<meta property=\"og:description\" content=\"Ruisheng, one of the largest China glass liquor bottle supplirs&amp;factory, sales 750ml fancy glass bottle wholesale in bulk price.\" \/>\n<meta property=\"og:url\" content=\"https:\/\/ruishengglassco.com\/product\/rs046-500ml-700ml-750ml-fancy-glass-bottles-manufacturers\" \/>\n<meta property=\"og:site_name\" content=\"Glass Bottle Wholesale\" \/>\n<meta property=\"article:modified_time\" content=\"2025-07-10T03:35:59+00:00\" \/>\n<meta property=\"og:image\" content=\"https:\/\/glassbottlewholesale.com\/wp-content\/uploads\/2023\/12\/700ml-6.png\" \/>\n\t<meta property=\"og:image:width\" content=\"602\" \/>\n\t<meta property=\"og:image:height\" content=\"608\" \/>\n\t<meta property=\"og:image:type\" content=\"image\/png\" \/>\n<meta name=\"twitter:card\" content=\"summary_large_image\" \/>\n<meta name=\"twitter:label1\" content=\"Tahmini okuma s\u00fcresi\" \/>\n\t<meta name=\"twitter:data1\" content=\"2 dakika\" \/>\n<script type=\"application\/ld+json\" class=\"yoast-schema-graph\">{\"@context\":\"https:\\\/\\\/schema.org\",\"@graph\":[{\"@type\":\"WebPage\",\"@id\":\"https:\\\/\\\/glassbottlewholesale.com\\\/500ml-700ml-750ml-fancy-glass-bottle-wholesale\\\/\",\"url\":\"https:\\\/\\\/ruishengglassco.com\\\/product\\\/rs046-500ml-700ml-750ml-fancy-glass-bottles-manufacturers\",\"name\":\"750ml Fancy Glass Bottle Wholesale | Diamond Liquor Bottle Suppliers\",\"isPartOf\":{\"@id\":\"https:\\\/\\\/glassbottlewholesale.com\\\/#website\"},\"primaryImageOfPage\":{\"@id\":\"https:\\\/\\\/ruishengglassco.com\\\/product\\\/rs046-500ml-700ml-750ml-fancy-glass-bottles-manufacturers#primaryimage\"},\"image\":{\"@id\":\"https:\\\/\\\/ruishengglassco.com\\\/product\\\/rs046-500ml-700ml-750ml-fancy-glass-bottles-manufacturers#primaryimage\"},\"thumbnailUrl\":\"https:\\\/\\\/glassbottlewholesale.com\\\/wp-content\\\/uploads\\\/2023\\\/12\\\/700ml-6.png\",\"datePublished\":\"2019-12-18T08:09:39+00:00\",\"dateModified\":\"2025-07-10T03:35:59+00:00\",\"description\":\"Ruisheng, one of the largest China glass liquor bottle supplirs&factory, sales 750ml fancy glass bottle wholesale in bulk price.\",\"breadcrumb\":{\"@id\":\"https:\\\/\\\/ruishengglassco.com\\\/product\\\/rs046-500ml-700ml-750ml-fancy-glass-bottles-manufacturers#breadcrumb\"},\"inLanguage\":\"tr\",\"potentialAction\":[{\"@type\":\"ReadAction\",\"target\":[\"https:\\\/\\\/ruishengglassco.com\\\/product\\\/rs046-500ml-700ml-750ml-fancy-glass-bottles-manufacturers\"]}]},{\"@type\":\"ImageObject\",\"inLanguage\":\"tr\",\"@id\":\"https:\\\/\\\/ruishengglassco.com\\\/product\\\/rs046-500ml-700ml-750ml-fancy-glass-bottles-manufacturers#primaryimage\",\"url\":\"https:\\\/\\\/glassbottlewholesale.com\\\/wp-content\\\/uploads\\\/2023\\\/12\\\/700ml-6.png\",\"contentUrl\":\"https:\\\/\\\/glassbottlewholesale.com\\\/wp-content\\\/uploads\\\/2023\\\/12\\\/700ml-6.png\",\"width\":602,\"height\":608,\"caption\":\"700ml glass bottle wholesale\"},{\"@type\":\"BreadcrumbList\",\"@id\":\"https:\\\/\\\/ruishengglassco.com\\\/product\\\/rs046-500ml-700ml-750ml-fancy-glass-bottles-manufacturers#breadcrumb\",\"itemListElement\":[{\"@type\":\"ListItem\",\"position\":1,\"name\":\"Home\",\"item\":\"https:\\\/\\\/glassbottlewholesale.com\\\/\"},{\"@type\":\"ListItem\",\"position\":2,\"name\":\"Products\",\"item\":\"https:\\\/\\\/glassbottlewholesale.com\\\/shop\\\/\"},{\"@type\":\"ListItem\",\"position\":3,\"name\":\"RS046: 500ml 700ml 750ml Fancy Glass Bottles Wholesale\"}]},{\"@type\":\"WebSite\",\"@id\":\"https:\\\/\\\/glassbottlewholesale.com\\\/#website\",\"url\":\"https:\\\/\\\/glassbottlewholesale.com\\\/\",\"name\":\"Glass Bottle Wholesale\",\"description\":\"\",\"publisher\":{\"@id\":\"https:\\\/\\\/glassbottlewholesale.com\\\/#organization\"},\"potentialAction\":[{\"@type\":\"SearchAction\",\"target\":{\"@type\":\"EntryPoint\",\"urlTemplate\":\"https:\\\/\\\/glassbottlewholesale.com\\\/?s={search_term_string}\"},\"query-input\":{\"@type\":\"PropertyValueSpecification\",\"valueRequired\":true,\"valueName\":\"search_term_string\"}}],\"inLanguage\":\"tr\"},{\"@type\":\"Organization\",\"@id\":\"https:\\\/\\\/glassbottlewholesale.com\\\/#organization\",\"name\":\"Glass Bottle Wholesale\",\"url\":\"https:\\\/\\\/glassbottlewholesale.com\\\/\",\"logo\":{\"@type\":\"ImageObject\",\"inLanguage\":\"tr\",\"@id\":\"https:\\\/\\\/glassbottlewholesale.com\\\/#\\\/schema\\\/logo\\\/image\\\/\",\"url\":\"https:\\\/\\\/glassbottlewholesale.com\\\/wp-content\\\/uploads\\\/2023\\\/12\\\/ruisheng-logo.webp\",\"contentUrl\":\"https:\\\/\\\/glassbottlewholesale.com\\\/wp-content\\\/uploads\\\/2023\\\/12\\\/ruisheng-logo.webp\",\"width\":400,\"height\":233,\"caption\":\"Glass Bottle Wholesale\"},\"image\":{\"@id\":\"https:\\\/\\\/glassbottlewholesale.com\\\/#\\\/schema\\\/logo\\\/image\\\/\"}}]}<\/script>\n<!-- \/ Yoast SEO plugin. -->","yoast_head_json":{"title":"750ml Fancy Glass Bottle Wholesale | Diamond Liquor Bottle Suppliers","description":"Ruisheng, one of the largest China glass liquor bottle supplirs&factory, sales 750ml fancy glass bottle wholesale in bulk price.","robots":{"index":"index","follow":"follow","max-snippet":"max-snippet:-1","max-image-preview":"max-image-preview:large","max-video-preview":"max-video-preview:-1"},"canonical":"https:\/\/ruishengglassco.com\/product\/rs046-500ml-700ml-750ml-fancy-glass-bottles-manufacturers","og_locale":"tr_TR","og_type":"article","og_title":"750ml Fancy Glass Bottle Wholesale | Diamond Liquor Bottle Suppliers","og_description":"Ruisheng, one of the largest China glass liquor bottle supplirs&factory, sales 750ml fancy glass bottle wholesale in bulk price.","og_url":"https:\/\/ruishengglassco.com\/product\/rs046-500ml-700ml-750ml-fancy-glass-bottles-manufacturers","og_site_name":"Glass Bottle Wholesale","article_modified_time":"2025-07-10T03:35:59+00:00","og_image":[{"width":602,"height":608,"url":"https:\/\/glassbottlewholesale.com\/wp-content\/uploads\/2023\/12\/700ml-6.png","type":"image\/png"}],"twitter_card":"summary_large_image","twitter_misc":{"Tahmini okuma s\u00fcresi":"2 dakika"},"schema":{"@context":"https:\/\/schema.org","@graph":[{"@type":"WebPage","@id":"https:\/\/glassbottlewholesale.com\/500ml-700ml-750ml-fancy-glass-bottle-wholesale\/","url":"https:\/\/ruishengglassco.com\/product\/rs046-500ml-700ml-750ml-fancy-glass-bottles-manufacturers","name":"750ml Fancy Glass Bottle Wholesale | Diamond Liquor Bottle Suppliers","isPartOf":{"@id":"https:\/\/glassbottlewholesale.com\/#website"},"primaryImageOfPage":{"@id":"https:\/\/ruishengglassco.com\/product\/rs046-500ml-700ml-750ml-fancy-glass-bottles-manufacturers#primaryimage"},"image":{"@id":"https:\/\/ruishengglassco.com\/product\/rs046-500ml-700ml-750ml-fancy-glass-bottles-manufacturers#primaryimage"},"thumbnailUrl":"https:\/\/glassbottlewholesale.com\/wp-content\/uploads\/2023\/12\/700ml-6.png","datePublished":"2019-12-18T08:09:39+00:00","dateModified":"2025-07-10T03:35:59+00:00","description":"Ruisheng, one of the largest China glass liquor bottle supplirs&factory, sales 750ml fancy glass bottle wholesale in bulk price.","breadcrumb":{"@id":"https:\/\/ruishengglassco.com\/product\/rs046-500ml-700ml-750ml-fancy-glass-bottles-manufacturers#breadcrumb"},"inLanguage":"tr","potentialAction":[{"@type":"ReadAction","target":["https:\/\/ruishengglassco.com\/product\/rs046-500ml-700ml-750ml-fancy-glass-bottles-manufacturers"]}]},{"@type":"ImageObject","inLanguage":"tr","@id":"https:\/\/ruishengglassco.com\/product\/rs046-500ml-700ml-750ml-fancy-glass-bottles-manufacturers#primaryimage","url":"https:\/\/glassbottlewholesale.com\/wp-content\/uploads\/2023\/12\/700ml-6.png","contentUrl":"https:\/\/glassbottlewholesale.com\/wp-content\/uploads\/2023\/12\/700ml-6.png","width":602,"height":608,"caption":"700ml glass bottle wholesale"},{"@type":"BreadcrumbList","@id":"https:\/\/ruishengglassco.com\/product\/rs046-500ml-700ml-750ml-fancy-glass-bottles-manufacturers#breadcrumb","itemListElement":[{"@type":"ListItem","position":1,"name":"Home","item":"https:\/\/glassbottlewholesale.com\/"},{"@type":"ListItem","position":2,"name":"Products","item":"https:\/\/glassbottlewholesale.com\/shop\/"},{"@type":"ListItem","position":3,"name":"RS046: 500ml 700ml 750ml Fancy Glass Bottles Wholesale"}]},{"@type":"WebSite","@id":"https:\/\/glassbottlewholesale.com\/#website","url":"https:\/\/glassbottlewholesale.com\/","name":"Glass Bottle Wholesale","description":"","publisher":{"@id":"https:\/\/glassbottlewholesale.com\/#organization"},"potentialAction":[{"@type":"SearchAction","target":{"@type":"EntryPoint","urlTemplate":"https:\/\/glassbottlewholesale.com\/?s={search_term_string}"},"query-input":{"@type":"PropertyValueSpecification","valueRequired":true,"valueName":"search_term_string"}}],"inLanguage":"tr"},{"@type":"Organization","@id":"https:\/\/glassbottlewholesale.com\/#organization","name":"Glass Bottle Wholesale","url":"https:\/\/glassbottlewholesale.com\/","logo":{"@type":"ImageObject","inLanguage":"tr","@id":"https:\/\/glassbottlewholesale.com\/#\/schema\/logo\/image\/","url":"https:\/\/glassbottlewholesale.com\/wp-content\/uploads\/2023\/12\/ruisheng-logo.webp","contentUrl":"https:\/\/glassbottlewholesale.com\/wp-content\/uploads\/2023\/12\/ruisheng-logo.webp","width":400,"height":233,"caption":"Glass Bottle Wholesale"},"image":{"@id":"https:\/\/glassbottlewholesale.com\/#\/schema\/logo\/image\/"}}]}},"_links":{"self":[{"href":"https:\/\/glassbottlewholesale.com\/tr\/wp-json\/wp\/v2\/product\/737","targetHints":{"allow":["GET"]}}],"collection":[{"href":"https:\/\/glassbottlewholesale.com\/tr\/wp-json\/wp\/v2\/product"}],"about":[{"href":"https:\/\/glassbottlewholesale.com\/tr\/wp-json\/wp\/v2\/types\/product"}],"replies":[{"embeddable":true,"href":"https:\/\/glassbottlewholesale.com\/tr\/wp-json\/wp\/v2\/comments?post=737"}],"wp:featuredmedia":[{"embeddable":true,"href":"https:\/\/glassbottlewholesale.com\/tr\/wp-json\/wp\/v2\/media\/4365"}],"wp:attachment":[{"href":"https:\/\/glassbottlewholesale.com\/tr\/wp-json\/wp\/v2\/media?parent=737"}],"wp:term":[{"taxonomy":"product_brand","embeddable":true,"href":"https:\/\/glassbottlewholesale.com\/tr\/wp-json\/wp\/v2\/product_brand?post=737"},{"taxonomy":"product_cat","embeddable":true,"href":"https:\/\/glassbottlewholesale.com\/tr\/wp-json\/wp\/v2\/product_cat?post=737"},{"taxonomy":"product_tag","embeddable":true,"href":"https:\/\/glassbottlewholesale.com\/tr\/wp-json\/wp\/v2\/product_tag?post=737"}],"curies":[{"name":"wp","href":"https:\/\/api.w.org\/{rel}","templated":true}]}}