{"id":779,"date":"2019-10-18T09:15:15","date_gmt":"2019-10-18T09:15:15","guid":{"rendered":"https:\/\/queenchingglass.com\/?post_type=product&#038;p=779"},"modified":"2025-07-10T01:37:39","modified_gmt":"2025-07-10T01:37:39","slug":"wholesale-spirit-bottle-750ml-700ml-500ml","status":"publish","type":"product","link":"https:\/\/glassbottlewholesale.com\/tr\/wholesale-spirit-bottle-750ml-700ml-500ml\/","title":{"rendered":"RS058: Toptan \u0130\u00e7ki \u015ei\u015fesi 750ml 700ml 500ml"},"content":{"rendered":"<div class=\"wpb-content-wrapper\"><div class=\"vc_row wpb_row vc_row-fluid\"><div class=\"wpb_column vc_column_container vc_col-sm-12\"><div class=\"vc_column-inner\"><div class=\"wpb_wrapper\">\n\t<div class=\"wpb_text_column wpb_content_element\" >\n\t\t<div class=\"wpb_wrapper\">\n\t\t\t<p>The wholesale spirit bottles bulk 750ml 700ml 500ml is an important project in Ruisheng. Ruisheng, the top corked glass bottles manufacturer, offers wide series of glass bottles wholesale such as Boston round glass bottle, square glass bottle, and custom shaped glass bottle, and special corked glass bottles for spirit, whiskey, brandy, rum, vodka, and etc.<\/p>\n<div>Bir zanaat yap\u0131n veya bir \u00fcr\u00fcn se\u00e7erek m\u00fc\u015fterilere e\u011filmi\u015f \u00fcr\u00fcnler g\u00f6nderin<a href=\"https:\/\/ruishengglassco.com\/375ml-liquor-glass-bottle-manufacturer\"> daha k\u00fc\u00e7\u00fck cam \u015fi\u015fe<\/a> or larger wholesale glass bottle. Size is available from 50ml up to 1500ml. Custom order can be accepted. Most glass bottles for sale are made by high fluent glass material that makes the body of liquor bottle more strong and beautiful. We guarantee that all of the clear glass bottles with caps are non-toxic, 100% recoverable, reusable, and safe for the earth.<\/div>\n<p>This glass bottle wholesale is mainly designed for top-grade XO Brandy packaging to display the excellent quality of your liquor.<\/p>\n<h4>Information About Wholesale Spirit Bottles Bulk For XO Brandy<\/h4>\n<ul>\n<li>Ana malzeme: y\u00fcksek \u00e7akmakta\u015f\u0131 cam<\/li>\n<li>Kapak: vidal\u0131 kapak<\/li>\n<li>Reference: RS058<\/li>\n<li>ADEDI: 10000 ADET<\/li>\n<li>Kapasite: 700ml<\/li>\n<li>Adet\/Ctn: 24 adet<\/li>\n<li>Yerin k\u00f6keni: Shandong, \u00c7in<\/li>\n<li>\u00d6zellik: \u00c7evre dostu<\/li>\n<\/ul>\n<p>Ruisheng cam \u015fi\u015fe 700ml'lik uzun bir \u00fcretim ge\u00e7mi\u015fine sahiptir <a href=\"https:\/\/ruishengglassco.com\/700ml-liquor-glass-bottle-manufacturer\">s\u0131v\u0131 cam \u015fi\u015fe imalat\u0131<\/a>, all of the people involved are very experienced, we are very confident that we can make the product that you are satisfied. Ruisheng transparent glass bottle has been welcomed in Europe, the USA, Australia, America, etc. And all products enjoy a high reputation for innovation and functionality.<\/p>\n<p>Ruisheng cam \u015fi\u015fe \u015fimdi yeni bir siteyi geni\u015fletti ve geli\u015fmi\u015f makineleri tan\u0131tt\u0131, \u00fcretim h\u0131z\u0131m\u0131z eskisinden \u00e7ok daha y\u00fcksek. B\u00f6ylece belirlenen tarihte iyi \u015fi\u015feler yapaca\u011f\u0131z ve mallar\u0131 size teslim edece\u011fiz.<\/p>\n<p>If you want to buy wholesale spirit bottles bulk for XO, Brandy, please <a href=\"https:\/\/ruishengglassco.com\/contact\">Bize ula\u015f\u0131n<\/a>. Size 24 saat i\u00e7inde cevap verece\u011fiz.<\/p>\n<p>Umar\u0131m sipari\u015f verebilirsiniz.<\/p>\n\n\t\t<\/div>\n\t<\/div>\n<\/div><\/div><\/div><\/div>\n<\/div>","protected":false},"excerpt":{"rendered":"<table style=\"undefined;width: 367px\">\n<colgroup>\n<col style=\"width: 133px\" \/>\n<col style=\"width: 234px\" \/> <\/colgroup>\n<tbody>\n<tr>\n<th colspan=\"2\">Wholesale Spirit Bottles For XO Brandy<\/th>\n<\/tr>\n<tr>\n<td>Ana malzeme:<\/td>\n<td>crystal white material<\/td>\n<\/tr>\n<tr>\n<td>Kaptan:<\/td>\n<td>Vidal\u0131 kapak<\/td>\n<\/tr>\n<tr>\n<td>Kapasite:<\/td>\n<td>750ml<\/td>\n<\/tr>\n<tr>\n<td>\u00d6zellik:<\/td>\n<td>\u00c7evre dostu<\/td>\n<\/tr>\n<tr>\n<td>ADEDI:<\/td>\n<td>10000 ADET<\/td>\n<\/tr>\n<tr>\n<td>Nakliye yolu:<\/td>\n<td>Ship, Express<\/td>\n<\/tr>\n<tr>\n<td>OEM\/ODM:<\/td>\n<td>Ho\u015f geldiniz<\/td>\n<\/tr>\n<tr>\n<td>Yerin k\u00f6keni:<\/td>\n<td>Shandong, \u00c7in<\/td>\n<\/tr>\n<tr>\n<td>Adet\/Ktn:<\/td>\n<td>24 adet<\/td>\n<\/tr>\n<\/tbody>\n<\/table>","protected":false},"featured_media":4385,"comment_status":"open","ping_status":"closed","template":"","meta":[],"product_brand":[],"product_cat":[50,51,52,63,61],"product_tag":[],"class_list":{"0":"post-779","1":"product","2":"type-product","3":"status-publish","4":"has-post-thumbnail","6":"product_cat-500ml-glass-bottle","7":"product_cat-700ml-glass-bottle","8":"product_cat-750ml-glass-bottle","9":"product_cat-liquor-bottle","10":"product_cat-xo-brandy-bottle","11":"entry","12":"has-media","14":"first","15":"instock","16":"shipping-taxable","17":"product-type-simple"},"yoast_head":"<!-- This site is optimized with the Yoast SEO plugin v27.3 - https:\/\/yoast.com\/product\/yoast-seo-wordpress\/ -->\n<title>Wholesale Spirit Bottles Bulk | XO Brandy Bottle Supplier<\/title>\n<meta name=\"description\" content=\"Buy Wholesale Spirit Bottles Bulk From China Glass Bottle Mnaufacturer. Professional Xo Brandy Bottle Supplier, Sales In High Quality&amp;Cheap Price\" \/>\n<meta name=\"robots\" content=\"index, follow, max-snippet:-1, max-image-preview:large, max-video-preview:-1\" \/>\n<link rel=\"canonical\" href=\"https:\/\/ruishengglassco.com\/product\/rs058-spirit-bottle-750ml-700ml-500ml\" \/>\n<meta property=\"og:locale\" content=\"tr_TR\" \/>\n<meta property=\"og:type\" content=\"article\" \/>\n<meta property=\"og:title\" content=\"Wholesale Spirit Bottles Bulk | XO Brandy Bottle Supplier\" \/>\n<meta property=\"og:description\" content=\"Buy Wholesale Spirit Bottles Bulk From China Glass Bottle Mnaufacturer. Professional Xo Brandy Bottle Supplier, Sales In High Quality&amp;Cheap Price\" \/>\n<meta property=\"og:url\" content=\"https:\/\/ruishengglassco.com\/product\/rs058-spirit-bottle-750ml-700ml-500ml\" \/>\n<meta property=\"og:site_name\" content=\"Glass Bottle Wholesale\" \/>\n<meta property=\"article:modified_time\" content=\"2025-07-10T01:37:39+00:00\" \/>\n<meta property=\"og:image\" content=\"https:\/\/glassbottlewholesale.com\/wp-content\/uploads\/2023\/12\/Wholesale-Spirit-Bottle-750ml-700ml-500ml-1.jpg\" \/>\n\t<meta property=\"og:image:width\" content=\"800\" \/>\n\t<meta property=\"og:image:height\" content=\"800\" \/>\n\t<meta property=\"og:image:type\" content=\"image\/jpeg\" \/>\n<meta name=\"twitter:card\" content=\"summary_large_image\" \/>\n<meta name=\"twitter:label1\" content=\"Tahmini okuma s\u00fcresi\" \/>\n\t<meta name=\"twitter:data1\" content=\"2 dakika\" \/>\n<script type=\"application\/ld+json\" class=\"yoast-schema-graph\">{\"@context\":\"https:\\\/\\\/schema.org\",\"@graph\":[{\"@type\":\"WebPage\",\"@id\":\"https:\\\/\\\/glassbottlewholesale.com\\\/wholesale-spirit-bottle-750ml-700ml-500ml\\\/\",\"url\":\"https:\\\/\\\/ruishengglassco.com\\\/product\\\/rs058-spirit-bottle-750ml-700ml-500ml\",\"name\":\"Wholesale Spirit Bottles Bulk | XO Brandy Bottle Supplier\",\"isPartOf\":{\"@id\":\"https:\\\/\\\/glassbottlewholesale.com\\\/#website\"},\"primaryImageOfPage\":{\"@id\":\"https:\\\/\\\/ruishengglassco.com\\\/product\\\/rs058-spirit-bottle-750ml-700ml-500ml#primaryimage\"},\"image\":{\"@id\":\"https:\\\/\\\/ruishengglassco.com\\\/product\\\/rs058-spirit-bottle-750ml-700ml-500ml#primaryimage\"},\"thumbnailUrl\":\"https:\\\/\\\/glassbottlewholesale.com\\\/wp-content\\\/uploads\\\/2023\\\/12\\\/Wholesale-Spirit-Bottle-750ml-700ml-500ml-1.jpg\",\"datePublished\":\"2019-10-18T09:15:15+00:00\",\"dateModified\":\"2025-07-10T01:37:39+00:00\",\"description\":\"Buy Wholesale Spirit Bottles Bulk From China Glass Bottle Mnaufacturer. Professional Xo Brandy Bottle Supplier, Sales In High Quality&Cheap Price\",\"breadcrumb\":{\"@id\":\"https:\\\/\\\/ruishengglassco.com\\\/product\\\/rs058-spirit-bottle-750ml-700ml-500ml#breadcrumb\"},\"inLanguage\":\"tr\",\"potentialAction\":[{\"@type\":\"ReadAction\",\"target\":[\"https:\\\/\\\/ruishengglassco.com\\\/product\\\/rs058-spirit-bottle-750ml-700ml-500ml\"]}]},{\"@type\":\"ImageObject\",\"inLanguage\":\"tr\",\"@id\":\"https:\\\/\\\/ruishengglassco.com\\\/product\\\/rs058-spirit-bottle-750ml-700ml-500ml#primaryimage\",\"url\":\"https:\\\/\\\/glassbottlewholesale.com\\\/wp-content\\\/uploads\\\/2023\\\/12\\\/Wholesale-Spirit-Bottle-750ml-700ml-500ml-1.jpg\",\"contentUrl\":\"https:\\\/\\\/glassbottlewholesale.com\\\/wp-content\\\/uploads\\\/2023\\\/12\\\/Wholesale-Spirit-Bottle-750ml-700ml-500ml-1.jpg\",\"width\":800,\"height\":800,\"caption\":\"Wholesale Spirit Bottle 750ml 700ml 500ml (1)\"},{\"@type\":\"BreadcrumbList\",\"@id\":\"https:\\\/\\\/ruishengglassco.com\\\/product\\\/rs058-spirit-bottle-750ml-700ml-500ml#breadcrumb\",\"itemListElement\":[{\"@type\":\"ListItem\",\"position\":1,\"name\":\"Home\",\"item\":\"https:\\\/\\\/glassbottlewholesale.com\\\/\"},{\"@type\":\"ListItem\",\"position\":2,\"name\":\"Products\",\"item\":\"https:\\\/\\\/glassbottlewholesale.com\\\/shop\\\/\"},{\"@type\":\"ListItem\",\"position\":3,\"name\":\"RS058: Wholesale Spirit Bottle 750ml 700ml 500ml\"}]},{\"@type\":\"WebSite\",\"@id\":\"https:\\\/\\\/glassbottlewholesale.com\\\/#website\",\"url\":\"https:\\\/\\\/glassbottlewholesale.com\\\/\",\"name\":\"Glass Bottle Wholesale\",\"description\":\"\",\"publisher\":{\"@id\":\"https:\\\/\\\/glassbottlewholesale.com\\\/#organization\"},\"potentialAction\":[{\"@type\":\"SearchAction\",\"target\":{\"@type\":\"EntryPoint\",\"urlTemplate\":\"https:\\\/\\\/glassbottlewholesale.com\\\/?s={search_term_string}\"},\"query-input\":{\"@type\":\"PropertyValueSpecification\",\"valueRequired\":true,\"valueName\":\"search_term_string\"}}],\"inLanguage\":\"tr\"},{\"@type\":\"Organization\",\"@id\":\"https:\\\/\\\/glassbottlewholesale.com\\\/#organization\",\"name\":\"Glass Bottle Wholesale\",\"url\":\"https:\\\/\\\/glassbottlewholesale.com\\\/\",\"logo\":{\"@type\":\"ImageObject\",\"inLanguage\":\"tr\",\"@id\":\"https:\\\/\\\/glassbottlewholesale.com\\\/#\\\/schema\\\/logo\\\/image\\\/\",\"url\":\"https:\\\/\\\/glassbottlewholesale.com\\\/wp-content\\\/uploads\\\/2023\\\/12\\\/ruisheng-logo.webp\",\"contentUrl\":\"https:\\\/\\\/glassbottlewholesale.com\\\/wp-content\\\/uploads\\\/2023\\\/12\\\/ruisheng-logo.webp\",\"width\":400,\"height\":233,\"caption\":\"Glass Bottle Wholesale\"},\"image\":{\"@id\":\"https:\\\/\\\/glassbottlewholesale.com\\\/#\\\/schema\\\/logo\\\/image\\\/\"}}]}<\/script>\n<!-- \/ Yoast SEO plugin. -->","yoast_head_json":{"title":"Wholesale Spirit Bottles Bulk | XO Brandy Bottle Supplier","description":"Buy Wholesale Spirit Bottles Bulk From China Glass Bottle Mnaufacturer. Professional Xo Brandy Bottle Supplier, Sales In High Quality&Cheap Price","robots":{"index":"index","follow":"follow","max-snippet":"max-snippet:-1","max-image-preview":"max-image-preview:large","max-video-preview":"max-video-preview:-1"},"canonical":"https:\/\/ruishengglassco.com\/product\/rs058-spirit-bottle-750ml-700ml-500ml","og_locale":"tr_TR","og_type":"article","og_title":"Wholesale Spirit Bottles Bulk | XO Brandy Bottle Supplier","og_description":"Buy Wholesale Spirit Bottles Bulk From China Glass Bottle Mnaufacturer. Professional Xo Brandy Bottle Supplier, Sales In High Quality&Cheap Price","og_url":"https:\/\/ruishengglassco.com\/product\/rs058-spirit-bottle-750ml-700ml-500ml","og_site_name":"Glass Bottle Wholesale","article_modified_time":"2025-07-10T01:37:39+00:00","og_image":[{"width":800,"height":800,"url":"https:\/\/glassbottlewholesale.com\/wp-content\/uploads\/2023\/12\/Wholesale-Spirit-Bottle-750ml-700ml-500ml-1.jpg","type":"image\/jpeg"}],"twitter_card":"summary_large_image","twitter_misc":{"Tahmini okuma s\u00fcresi":"2 dakika"},"schema":{"@context":"https:\/\/schema.org","@graph":[{"@type":"WebPage","@id":"https:\/\/glassbottlewholesale.com\/wholesale-spirit-bottle-750ml-700ml-500ml\/","url":"https:\/\/ruishengglassco.com\/product\/rs058-spirit-bottle-750ml-700ml-500ml","name":"Wholesale Spirit Bottles Bulk | XO Brandy Bottle Supplier","isPartOf":{"@id":"https:\/\/glassbottlewholesale.com\/#website"},"primaryImageOfPage":{"@id":"https:\/\/ruishengglassco.com\/product\/rs058-spirit-bottle-750ml-700ml-500ml#primaryimage"},"image":{"@id":"https:\/\/ruishengglassco.com\/product\/rs058-spirit-bottle-750ml-700ml-500ml#primaryimage"},"thumbnailUrl":"https:\/\/glassbottlewholesale.com\/wp-content\/uploads\/2023\/12\/Wholesale-Spirit-Bottle-750ml-700ml-500ml-1.jpg","datePublished":"2019-10-18T09:15:15+00:00","dateModified":"2025-07-10T01:37:39+00:00","description":"Buy Wholesale Spirit Bottles Bulk From China Glass Bottle Mnaufacturer. Professional Xo Brandy Bottle Supplier, Sales In High Quality&Cheap Price","breadcrumb":{"@id":"https:\/\/ruishengglassco.com\/product\/rs058-spirit-bottle-750ml-700ml-500ml#breadcrumb"},"inLanguage":"tr","potentialAction":[{"@type":"ReadAction","target":["https:\/\/ruishengglassco.com\/product\/rs058-spirit-bottle-750ml-700ml-500ml"]}]},{"@type":"ImageObject","inLanguage":"tr","@id":"https:\/\/ruishengglassco.com\/product\/rs058-spirit-bottle-750ml-700ml-500ml#primaryimage","url":"https:\/\/glassbottlewholesale.com\/wp-content\/uploads\/2023\/12\/Wholesale-Spirit-Bottle-750ml-700ml-500ml-1.jpg","contentUrl":"https:\/\/glassbottlewholesale.com\/wp-content\/uploads\/2023\/12\/Wholesale-Spirit-Bottle-750ml-700ml-500ml-1.jpg","width":800,"height":800,"caption":"Wholesale Spirit Bottle 750ml 700ml 500ml (1)"},{"@type":"BreadcrumbList","@id":"https:\/\/ruishengglassco.com\/product\/rs058-spirit-bottle-750ml-700ml-500ml#breadcrumb","itemListElement":[{"@type":"ListItem","position":1,"name":"Home","item":"https:\/\/glassbottlewholesale.com\/"},{"@type":"ListItem","position":2,"name":"Products","item":"https:\/\/glassbottlewholesale.com\/shop\/"},{"@type":"ListItem","position":3,"name":"RS058: Wholesale Spirit Bottle 750ml 700ml 500ml"}]},{"@type":"WebSite","@id":"https:\/\/glassbottlewholesale.com\/#website","url":"https:\/\/glassbottlewholesale.com\/","name":"Glass Bottle Wholesale","description":"","publisher":{"@id":"https:\/\/glassbottlewholesale.com\/#organization"},"potentialAction":[{"@type":"SearchAction","target":{"@type":"EntryPoint","urlTemplate":"https:\/\/glassbottlewholesale.com\/?s={search_term_string}"},"query-input":{"@type":"PropertyValueSpecification","valueRequired":true,"valueName":"search_term_string"}}],"inLanguage":"tr"},{"@type":"Organization","@id":"https:\/\/glassbottlewholesale.com\/#organization","name":"Glass Bottle Wholesale","url":"https:\/\/glassbottlewholesale.com\/","logo":{"@type":"ImageObject","inLanguage":"tr","@id":"https:\/\/glassbottlewholesale.com\/#\/schema\/logo\/image\/","url":"https:\/\/glassbottlewholesale.com\/wp-content\/uploads\/2023\/12\/ruisheng-logo.webp","contentUrl":"https:\/\/glassbottlewholesale.com\/wp-content\/uploads\/2023\/12\/ruisheng-logo.webp","width":400,"height":233,"caption":"Glass Bottle Wholesale"},"image":{"@id":"https:\/\/glassbottlewholesale.com\/#\/schema\/logo\/image\/"}}]}},"_links":{"self":[{"href":"https:\/\/glassbottlewholesale.com\/tr\/wp-json\/wp\/v2\/product\/779","targetHints":{"allow":["GET"]}}],"collection":[{"href":"https:\/\/glassbottlewholesale.com\/tr\/wp-json\/wp\/v2\/product"}],"about":[{"href":"https:\/\/glassbottlewholesale.com\/tr\/wp-json\/wp\/v2\/types\/product"}],"replies":[{"embeddable":true,"href":"https:\/\/glassbottlewholesale.com\/tr\/wp-json\/wp\/v2\/comments?post=779"}],"wp:featuredmedia":[{"embeddable":true,"href":"https:\/\/glassbottlewholesale.com\/tr\/wp-json\/wp\/v2\/media\/4385"}],"wp:attachment":[{"href":"https:\/\/glassbottlewholesale.com\/tr\/wp-json\/wp\/v2\/media?parent=779"}],"wp:term":[{"taxonomy":"product_brand","embeddable":true,"href":"https:\/\/glassbottlewholesale.com\/tr\/wp-json\/wp\/v2\/product_brand?post=779"},{"taxonomy":"product_cat","embeddable":true,"href":"https:\/\/glassbottlewholesale.com\/tr\/wp-json\/wp\/v2\/product_cat?post=779"},{"taxonomy":"product_tag","embeddable":true,"href":"https:\/\/glassbottlewholesale.com\/tr\/wp-json\/wp\/v2\/product_tag?post=779"}],"curies":[{"name":"wp","href":"https:\/\/api.w.org\/{rel}","templated":true}]}}