{"id":791,"date":"2019-10-18T09:27:45","date_gmt":"2019-10-18T09:27:45","guid":{"rendered":"https:\/\/queenchingglass.com\/?post_type=product&#038;p=791"},"modified":"2025-07-10T01:36:28","modified_gmt":"2025-07-10T01:36:28","slug":"750ml-ozel-cam-sise-toptan-satis-sirketi","status":"publish","type":"product","link":"https:\/\/glassbottlewholesale.com\/tr\/750ml-ozel-cam-sise-toptan-satis-sirketi\/","title":{"rendered":"RS056: 750ml \u00d6zel Cam \u015ei\u015fe Toptan Sat\u0131\u015f \u015eirketi"},"content":{"rendered":"<div class=\"wpb-content-wrapper\"><div class=\"vc_row wpb_row vc_row-fluid\"><div class=\"wpb_column vc_column_container vc_col-sm-12\"><div class=\"vc_column-inner\"><div class=\"wpb_wrapper\">\n\t<div class=\"wpb_text_column wpb_content_element\" >\n\t\t<div class=\"wpb_wrapper\">\n\t\t\t<p>Bu 750ml \u00f6zel cam \u015fi\u015fe toptan sat\u0131\u015f\u0131 en son \u00f6zel \u015fi\u015femizdir. Ve \u00fczerine logonuzu basabilir veya istedi\u011finiz rengi kar\u0131\u015ft\u0131rabiliriz. Bu <a href=\"https:\/\/glassbottlewholesale.com\/tr\/urun-detaylari\/700ml-1000ml-glass-liquor-bottle-suppliers\/\">750ml lik\u00f6rl\u00fc cam \u015fi\u015fe<\/a>'nin y\u00fczeyi oymal\u0131 bir desene sahiptir. Bu y\u00fczden t\u00fcketiciler aras\u0131nda \u00e7ok pop\u00fcler.<\/p>\n<p>Fabrikam\u0131z\u0131n \u00e7ok eksiksiz bir operasyon ekibi var, birbirleriyle i\u015fbirli\u011fi yap\u0131yorlar, bu y\u00fczden i\u00e7ecek cam \u015fi\u015felerini \u00e7ok h\u0131zl\u0131 bir \u015fekilde yapabiliyoruz. Ayr\u0131ca birinci s\u0131n\u0131f sat\u0131\u015f sonras\u0131 hizmetimiz var, bilmek istedi\u011finiz sorular\u0131 cevaplayabiliriz.<\/p>\n<p>Sat\u0131l\u0131k bu 750ml \u00f6zel cam \u015fi\u015feler bir t\u0131pad\u0131r, ah\u015fap tapalar ve di\u011fer malzeme tapalar\u0131 kullanabilir. Ba\u015fka bir darbo\u011faz istiyorsan\u0131z, onu da de\u011fi\u015ftirebiliriz.<\/p>\n<h4>750ml \u00d6zel Cam \u015ei\u015feler Toptan Sat\u0131\u015f<\/h4>\n<p>Cam \u015fi\u015fe ile ilgili bilgiler a\u015fa\u011f\u0131daki gibidir:<\/p>\n<ul>\n<li>Ana malzeme: y\u00fcksek \u00e7akmakta\u015f\u0131 cam<\/li>\n<li>Kapak: vidal\u0131 kapak<\/li>\n<li>Referans: RS056<\/li>\n<li>ADEDI: 10000 ADET<\/li>\n<li>Kapasite: 750ml<\/li>\n<li>Adet\/Ctn: 24 adet<\/li>\n<li>Yerin k\u00f6keni: Shandong, \u00c7in<\/li>\n<li>\u00d6zellik: \u00c7evre dostu<\/li>\n<\/ul>\n<p>Bu lik\u00f6r \u00f6zel cam \u015fi\u015fe i\u00e7in 500ml, 550ml, 700ml ve 1000ml gibi ba\u015fka bir kapasite yapabiliriz, yapabiliriz. \u015ei\u015feyi ihtiya\u00e7lar\u0131n\u0131za g\u00f6re de\u011fi\u015ftirebiliriz.<\/p>\n<p>Firmam\u0131z bu \u015fi\u015fe \u00fczerinde \u00e7\u0131kartma, bask\u0131 ve buzlanma gibi derin i\u015flemler yapabilir. Bizim\u00a0<a href=\"https:\/\/ruishengglassco.com\/700ml-liquor-glass-bottle-manufacturer\">Sat\u0131l\u0131k 750ml lik\u00f6r cam \u015fi\u015feleri<\/a>\u00a0standart \u015fekilde paketlenmi\u015ftir. Ve \u015fi\u015felerimiz sevkiyattan \u00f6nce \u00f6l\u00e7\u00fcld\u00fc\u011f\u00fc i\u00e7in nakliye s\u0131ras\u0131nda kolayca k\u0131r\u0131lmaz. Firmam\u0131z her zaman \u00f6nce kalite konusunda \u0131srar ediyor. \u015ei\u015fe end\u00fcstrisinde iyi bir \u00fcne sahibiz, bir\u00e7ok m\u00fc\u015fteri \u015fi\u015feler i\u00e7in bize geliyor.<\/p>\n<p>\u00d6zel \u015fi\u015feleri de kabul edebiliriz, bize cam \u015fi\u015fe hakk\u0131nda \u00e7izim verebilirseniz, ayn\u0131s\u0131n\u0131 yapabiliriz.<\/p>\n<p>Bize g\u00fcvenebilirler ve kendimize \u00e7ok g\u00fcveniyoruz. Buraya gelip \u015fi\u015fe yapmak isterseniz, kap\u0131m\u0131z her zaman a\u00e7\u0131k.<\/p>\n<p><span class=\"tran\" data-group=\"0_0\">Biz<\/span>\u00a0<span class=\"tran\" data-group=\"1_1\">i\u00e7tenlikle<\/span>\u00a0<span class=\"tran\" data-group=\"2_2\">Ho\u015f geldiniz<\/span>\u00a0<span class=\"tran\" data-group=\"6_3\">m\u00fc\u015fteriler<\/span>\u00a0<span class=\"tran\" data-group=\"3_4\">itibaren<\/span>\u00a0<span class=\"tran\" data-group=\"5_5\">her yerde<\/span>\u00a0<span class=\"tran\" data-group=\"4_6\">d\u00fcnya<\/span>\u00a0i\u00e7in\u00a0<span class=\"tran\" data-group=\"7_7\">gel<\/span>\u00a0i\u00e7in\u00a0<span class=\"tran\" data-group=\"8_8\">bizim<\/span>\u00a0<span class=\"tran\" data-group=\"9_9\">Fabrika<\/span>\u00a0i\u00e7in\u00a0<span class=\"tran\" data-group=\"10_10\">ziyaret<\/span>\u00a0ve\u00a0<span class=\"tran\" data-group=\"11_11\">i\u015fbirli\u011fi<\/span>.<\/p>\n<p><span class=\"tran\" data-group=\"0_0\">E\u011fer<\/span>\u00a0<span class=\"tran\" data-group=\"1_1\">sen<\/span>\u00a0<span class=\"tran\" data-group=\"2_2\">ilgileniyor<\/span>\u00a0herhangi bir\u00a0<span class=\"tran\" data-group=\"5_4\">.<\/span>\u00a0<span class=\"tran\" data-group=\"4_5\">bizim<\/span>\u00a0<span class=\"tran\" data-group=\"6_6\">\u00fcr\u00fcnler<\/span>,\u00a0<span class=\"tran\" data-group=\"7_7\">L\u00fctfen<\/span>\u00a0<span class=\"tran\" data-group=\"8_8\">hissetmek<\/span>\u00a0\u00fccretsiz\u00a0<span class=\"tran\" data-group=\"9_9\">\u0130leti\u015fim<\/span>\u00a0<span class=\"tran\" data-group=\"10_10\">Biz<\/span>\u00a0<span class=\"tran\" data-group=\"11_11\">i\u00e7in<\/span>\u00a0<span class=\"tran\" data-group=\"12_12\">daha fazla<\/span> Detaylar. Bilmek istedi\u011finiz detaylar\u0131 cevaplayaca\u011f\u0131z. Umar\u0131m bu cam \u015fi\u015feyi be\u011fenir ve sipari\u015f verirsiniz.<\/p>\n<p>&nbsp;<\/p>\n\n\t\t<\/div>\n\t<\/div>\n<\/div><\/div><\/div><\/div>\n<\/div>","protected":false},"excerpt":{"rendered":"<p>Rs-019 Serisi 750ml cam \u015fi\u015fe, s\u00fcslemek ve el ile \u015fi\u015fe aras\u0131ndaki s\u00fcrt\u00fcnmeyi art\u0131rmak i\u00e7in y\u00fczey \u00e7\u0131k\u0131nt\u0131 tasar\u0131m\u0131na sahip olup viski, Votka, Brendi ve di\u011fer alkoll\u00fc i\u00e7ecek ambalajlar\u0131 i\u00e7in \u00f6zel olarak tasarlanm\u0131\u015ft\u0131r. Kristal g\u00f6r\u00fcn\u00fcml\u00fc, \u0131\u015f\u0131\u011f\u0131 yans\u0131tan desenli, \u00e7arp\u0131c\u0131 bir \u015fekilde kesilmi\u015f \u015feffaf cam.<\/p>\n<p>\u0130\u00e7ki Ambalaj\u0131 \u0130\u00e7in \u00d6zel Cam \u015ei\u015fe:<\/p>\n<ul>\n<li>\u00dcr\u00fcn: RS056<\/li>\n<li>750ml Cam Lik\u00f6r \u015ei\u015fesi Toptan Sat\u0131\u015f \u0130\u00e7in OEM \/ ODM Hizmeti<\/li>\n<li>Kapak: Vidal\u0131 kapak veya \u00f6zel<\/li>\n<li>A\u011f\u0131rl\u0131k: 680g<\/li>\n<li>\u015ei\u015fe Y\u00fcksekli\u011fi: 225mm<\/li>\n<li>\u015ei\u015fe Geni\u015fli\u011fi: 100mm<\/li>\n<\/ul>","protected":false},"featured_media":4767,"comment_status":"open","ping_status":"closed","template":"","meta":[],"product_brand":[],"product_cat":[52,55,63],"product_tag":[],"class_list":{"0":"post-791","1":"product","2":"type-product","3":"status-publish","4":"has-post-thumbnail","6":"product_cat-750ml-glass-bottle","7":"product_cat-custom-glass-bottle","8":"product_cat-liquor-bottle","9":"entry","10":"has-media","12":"first","13":"instock","14":"shipping-taxable","15":"product-type-simple"},"yoast_head":"<!-- This site is optimized with the Yoast SEO plugin v27.3 - https:\/\/yoast.com\/product\/yoast-seo-wordpress\/ -->\n<title>Custom Glass Bottles Wholesale | Bulk Alcohol Bottles Factory Outlet<\/title>\n<meta name=\"description\" content=\"Want to buy bulk alcohol bottles factory outlet? Top China Liquor Bottle Manufacturers, Provide Custom Glass Bottles Wholesale Service Here.\" \/>\n<meta name=\"robots\" content=\"index, follow, max-snippet:-1, max-image-preview:large, max-video-preview:-1\" \/>\n<link rel=\"canonical\" href=\"https:\/\/ruishengglassco.com\/product\/rs056-750ml-custom-glass-bottle-manufacturers\" \/>\n<meta property=\"og:locale\" content=\"tr_TR\" \/>\n<meta property=\"og:type\" content=\"article\" \/>\n<meta property=\"og:title\" content=\"Custom Glass Bottles Wholesale | Bulk Alcohol Bottles Factory Outlet\" \/>\n<meta property=\"og:description\" content=\"Want to buy bulk alcohol bottles factory outlet? Top China Liquor Bottle Manufacturers, Provide Custom Glass Bottles Wholesale Service Here.\" \/>\n<meta property=\"og:url\" content=\"https:\/\/ruishengglassco.com\/product\/rs056-750ml-custom-glass-bottle-manufacturers\" \/>\n<meta property=\"og:site_name\" content=\"Glass Bottle Wholesale\" \/>\n<meta property=\"article:modified_time\" content=\"2025-07-10T01:36:28+00:00\" \/>\n<meta property=\"og:image\" content=\"https:\/\/glassbottlewholesale.com\/wp-content\/uploads\/2024\/04\/glass-bottle-manufacturing19-1.png\" \/>\n\t<meta property=\"og:image:width\" content=\"800\" \/>\n\t<meta property=\"og:image:height\" content=\"800\" \/>\n\t<meta property=\"og:image:type\" content=\"image\/png\" \/>\n<meta name=\"twitter:card\" content=\"summary_large_image\" \/>\n<meta name=\"twitter:label1\" content=\"Tahmini okuma s\u00fcresi\" \/>\n\t<meta name=\"twitter:data1\" content=\"2 dakika\" \/>\n<script type=\"application\/ld+json\" class=\"yoast-schema-graph\">{\"@context\":\"https:\\\/\\\/schema.org\",\"@graph\":[{\"@type\":\"WebPage\",\"@id\":\"https:\\\/\\\/glassbottlewholesale.com\\\/750ml-custom-glass-bottle-wholesale-company\\\/\",\"url\":\"https:\\\/\\\/ruishengglassco.com\\\/product\\\/rs056-750ml-custom-glass-bottle-manufacturers\",\"name\":\"Custom Glass Bottles Wholesale | Bulk Alcohol Bottles Factory Outlet\",\"isPartOf\":{\"@id\":\"https:\\\/\\\/glassbottlewholesale.com\\\/#website\"},\"primaryImageOfPage\":{\"@id\":\"https:\\\/\\\/ruishengglassco.com\\\/product\\\/rs056-750ml-custom-glass-bottle-manufacturers#primaryimage\"},\"image\":{\"@id\":\"https:\\\/\\\/ruishengglassco.com\\\/product\\\/rs056-750ml-custom-glass-bottle-manufacturers#primaryimage\"},\"thumbnailUrl\":\"https:\\\/\\\/glassbottlewholesale.com\\\/wp-content\\\/uploads\\\/2024\\\/04\\\/glass-bottle-manufacturing19-1.png\",\"datePublished\":\"2019-10-18T09:27:45+00:00\",\"dateModified\":\"2025-07-10T01:36:28+00:00\",\"description\":\"Want to buy bulk alcohol bottles factory outlet? Top China Liquor Bottle Manufacturers, Provide Custom Glass Bottles Wholesale Service Here.\",\"breadcrumb\":{\"@id\":\"https:\\\/\\\/ruishengglassco.com\\\/product\\\/rs056-750ml-custom-glass-bottle-manufacturers#breadcrumb\"},\"inLanguage\":\"tr\",\"potentialAction\":[{\"@type\":\"ReadAction\",\"target\":[\"https:\\\/\\\/ruishengglassco.com\\\/product\\\/rs056-750ml-custom-glass-bottle-manufacturers\"]}]},{\"@type\":\"ImageObject\",\"inLanguage\":\"tr\",\"@id\":\"https:\\\/\\\/ruishengglassco.com\\\/product\\\/rs056-750ml-custom-glass-bottle-manufacturers#primaryimage\",\"url\":\"https:\\\/\\\/glassbottlewholesale.com\\\/wp-content\\\/uploads\\\/2024\\\/04\\\/glass-bottle-manufacturing19-1.png\",\"contentUrl\":\"https:\\\/\\\/glassbottlewholesale.com\\\/wp-content\\\/uploads\\\/2024\\\/04\\\/glass-bottle-manufacturing19-1.png\",\"width\":800,\"height\":800,\"caption\":\"RS045: Wholesale 750ml Glass Bottle With Cork For Spirit\"},{\"@type\":\"BreadcrumbList\",\"@id\":\"https:\\\/\\\/ruishengglassco.com\\\/product\\\/rs056-750ml-custom-glass-bottle-manufacturers#breadcrumb\",\"itemListElement\":[{\"@type\":\"ListItem\",\"position\":1,\"name\":\"Home\",\"item\":\"https:\\\/\\\/glassbottlewholesale.com\\\/\"},{\"@type\":\"ListItem\",\"position\":2,\"name\":\"Products\",\"item\":\"https:\\\/\\\/glassbottlewholesale.com\\\/shop\\\/\"},{\"@type\":\"ListItem\",\"position\":3,\"name\":\"RS056: 750ml Custom Glass Bottle Wholesale Company\"}]},{\"@type\":\"WebSite\",\"@id\":\"https:\\\/\\\/glassbottlewholesale.com\\\/#website\",\"url\":\"https:\\\/\\\/glassbottlewholesale.com\\\/\",\"name\":\"Glass Bottle Wholesale\",\"description\":\"\",\"publisher\":{\"@id\":\"https:\\\/\\\/glassbottlewholesale.com\\\/#organization\"},\"potentialAction\":[{\"@type\":\"SearchAction\",\"target\":{\"@type\":\"EntryPoint\",\"urlTemplate\":\"https:\\\/\\\/glassbottlewholesale.com\\\/?s={search_term_string}\"},\"query-input\":{\"@type\":\"PropertyValueSpecification\",\"valueRequired\":true,\"valueName\":\"search_term_string\"}}],\"inLanguage\":\"tr\"},{\"@type\":\"Organization\",\"@id\":\"https:\\\/\\\/glassbottlewholesale.com\\\/#organization\",\"name\":\"Glass Bottle Wholesale\",\"url\":\"https:\\\/\\\/glassbottlewholesale.com\\\/\",\"logo\":{\"@type\":\"ImageObject\",\"inLanguage\":\"tr\",\"@id\":\"https:\\\/\\\/glassbottlewholesale.com\\\/#\\\/schema\\\/logo\\\/image\\\/\",\"url\":\"https:\\\/\\\/glassbottlewholesale.com\\\/wp-content\\\/uploads\\\/2023\\\/12\\\/ruisheng-logo.webp\",\"contentUrl\":\"https:\\\/\\\/glassbottlewholesale.com\\\/wp-content\\\/uploads\\\/2023\\\/12\\\/ruisheng-logo.webp\",\"width\":400,\"height\":233,\"caption\":\"Glass Bottle Wholesale\"},\"image\":{\"@id\":\"https:\\\/\\\/glassbottlewholesale.com\\\/#\\\/schema\\\/logo\\\/image\\\/\"}}]}<\/script>\n<!-- \/ Yoast SEO plugin. -->","yoast_head_json":{"title":"\u00d6zel Cam \u015ei\u015feler Toptan Sat\u0131\u015f | Toplu Alkol \u015ei\u015feleri Fabrika \u00c7\u0131k\u0131\u015f\u0131","description":"Toplu alkol \u015fi\u015feleri fabrika \u00e7\u0131k\u0131\u015f\u0131 sat\u0131n almak ister misiniz? En \u0130yi \u00c7in Lik\u00f6r \u015ei\u015fesi \u00dcreticileri, Burada \u00d6zel Cam \u015ei\u015feler Toptan Sat\u0131\u015f Hizmeti Sa\u011flay\u0131n.","robots":{"index":"index","follow":"follow","max-snippet":"max-snippet:-1","max-image-preview":"max-image-preview:large","max-video-preview":"max-video-preview:-1"},"canonical":"https:\/\/ruishengglassco.com\/product\/rs056-750ml-custom-glass-bottle-manufacturers","og_locale":"tr_TR","og_type":"article","og_title":"Custom Glass Bottles Wholesale | Bulk Alcohol Bottles Factory Outlet","og_description":"Want to buy bulk alcohol bottles factory outlet? Top China Liquor Bottle Manufacturers, Provide Custom Glass Bottles Wholesale Service Here.","og_url":"https:\/\/ruishengglassco.com\/product\/rs056-750ml-custom-glass-bottle-manufacturers","og_site_name":"Glass Bottle Wholesale","article_modified_time":"2025-07-10T01:36:28+00:00","og_image":[{"width":800,"height":800,"url":"https:\/\/glassbottlewholesale.com\/wp-content\/uploads\/2024\/04\/glass-bottle-manufacturing19-1.png","type":"image\/png"}],"twitter_card":"summary_large_image","twitter_misc":{"Tahmini okuma s\u00fcresi":"2 dakika"},"schema":{"@context":"https:\/\/schema.org","@graph":[{"@type":"WebPage","@id":"https:\/\/glassbottlewholesale.com\/750ml-custom-glass-bottle-wholesale-company\/","url":"https:\/\/ruishengglassco.com\/product\/rs056-750ml-custom-glass-bottle-manufacturers","name":"\u00d6zel Cam \u015ei\u015feler Toptan Sat\u0131\u015f | Toplu Alkol \u015ei\u015feleri Fabrika \u00c7\u0131k\u0131\u015f\u0131","isPartOf":{"@id":"https:\/\/glassbottlewholesale.com\/#website"},"primaryImageOfPage":{"@id":"https:\/\/ruishengglassco.com\/product\/rs056-750ml-custom-glass-bottle-manufacturers#primaryimage"},"image":{"@id":"https:\/\/ruishengglassco.com\/product\/rs056-750ml-custom-glass-bottle-manufacturers#primaryimage"},"thumbnailUrl":"https:\/\/glassbottlewholesale.com\/wp-content\/uploads\/2024\/04\/glass-bottle-manufacturing19-1.png","datePublished":"2019-10-18T09:27:45+00:00","dateModified":"2025-07-10T01:36:28+00:00","description":"Toplu alkol \u015fi\u015feleri fabrika \u00e7\u0131k\u0131\u015f\u0131 sat\u0131n almak ister misiniz? En \u0130yi \u00c7in Lik\u00f6r \u015ei\u015fesi \u00dcreticileri, Burada \u00d6zel Cam \u015ei\u015feler Toptan Sat\u0131\u015f Hizmeti Sa\u011flay\u0131n.","breadcrumb":{"@id":"https:\/\/ruishengglassco.com\/product\/rs056-750ml-custom-glass-bottle-manufacturers#breadcrumb"},"inLanguage":"tr","potentialAction":[{"@type":"ReadAction","target":["https:\/\/ruishengglassco.com\/product\/rs056-750ml-custom-glass-bottle-manufacturers"]}]},{"@type":"ImageObject","inLanguage":"tr","@id":"https:\/\/ruishengglassco.com\/product\/rs056-750ml-custom-glass-bottle-manufacturers#primaryimage","url":"https:\/\/glassbottlewholesale.com\/wp-content\/uploads\/2024\/04\/glass-bottle-manufacturing19-1.png","contentUrl":"https:\/\/glassbottlewholesale.com\/wp-content\/uploads\/2024\/04\/glass-bottle-manufacturing19-1.png","width":800,"height":800,"caption":"RS045: Wholesale 750ml Glass Bottle With Cork For Spirit"},{"@type":"BreadcrumbList","@id":"https:\/\/ruishengglassco.com\/product\/rs056-750ml-custom-glass-bottle-manufacturers#breadcrumb","itemListElement":[{"@type":"ListItem","position":1,"name":"Home","item":"https:\/\/glassbottlewholesale.com\/"},{"@type":"ListItem","position":2,"name":"Products","item":"https:\/\/glassbottlewholesale.com\/shop\/"},{"@type":"ListItem","position":3,"name":"RS056: 750ml Custom Glass Bottle Wholesale Company"}]},{"@type":"WebSite","@id":"https:\/\/glassbottlewholesale.com\/#website","url":"https:\/\/glassbottlewholesale.com\/","name":"Glass Bottle Wholesale","description":"","publisher":{"@id":"https:\/\/glassbottlewholesale.com\/#organization"},"potentialAction":[{"@type":"SearchAction","target":{"@type":"EntryPoint","urlTemplate":"https:\/\/glassbottlewholesale.com\/?s={search_term_string}"},"query-input":{"@type":"PropertyValueSpecification","valueRequired":true,"valueName":"search_term_string"}}],"inLanguage":"tr"},{"@type":"Organization","@id":"https:\/\/glassbottlewholesale.com\/#organization","name":"Glass Bottle Wholesale","url":"https:\/\/glassbottlewholesale.com\/","logo":{"@type":"ImageObject","inLanguage":"tr","@id":"https:\/\/glassbottlewholesale.com\/#\/schema\/logo\/image\/","url":"https:\/\/glassbottlewholesale.com\/wp-content\/uploads\/2023\/12\/ruisheng-logo.webp","contentUrl":"https:\/\/glassbottlewholesale.com\/wp-content\/uploads\/2023\/12\/ruisheng-logo.webp","width":400,"height":233,"caption":"Glass Bottle Wholesale"},"image":{"@id":"https:\/\/glassbottlewholesale.com\/#\/schema\/logo\/image\/"}}]}},"_links":{"self":[{"href":"https:\/\/glassbottlewholesale.com\/tr\/wp-json\/wp\/v2\/product\/791","targetHints":{"allow":["GET"]}}],"collection":[{"href":"https:\/\/glassbottlewholesale.com\/tr\/wp-json\/wp\/v2\/product"}],"about":[{"href":"https:\/\/glassbottlewholesale.com\/tr\/wp-json\/wp\/v2\/types\/product"}],"replies":[{"embeddable":true,"href":"https:\/\/glassbottlewholesale.com\/tr\/wp-json\/wp\/v2\/comments?post=791"}],"wp:featuredmedia":[{"embeddable":true,"href":"https:\/\/glassbottlewholesale.com\/tr\/wp-json\/wp\/v2\/media\/4767"}],"wp:attachment":[{"href":"https:\/\/glassbottlewholesale.com\/tr\/wp-json\/wp\/v2\/media?parent=791"}],"wp:term":[{"taxonomy":"product_brand","embeddable":true,"href":"https:\/\/glassbottlewholesale.com\/tr\/wp-json\/wp\/v2\/product_brand?post=791"},{"taxonomy":"product_cat","embeddable":true,"href":"https:\/\/glassbottlewholesale.com\/tr\/wp-json\/wp\/v2\/product_cat?post=791"},{"taxonomy":"product_tag","embeddable":true,"href":"https:\/\/glassbottlewholesale.com\/tr\/wp-json\/wp\/v2\/product_tag?post=791"}],"curies":[{"name":"wp","href":"https:\/\/api.w.org\/{rel}","templated":true}]}}